{"id":52924,"date":"2022-10-13T10:07:46","date_gmt":"2022-10-13T07:07:46","guid":{"rendered":"https:\/\/rodoaed.ee\/toode\/kuoritut-auringonkukansiemenet-3kg-jatteeton\/"},"modified":"2026-04-13T10:57:20","modified_gmt":"2026-04-13T07:57:20","slug":"kuoritut-auringonkukansiemenet-3kg-jatteeton","status":"publish","type":"product","link":"https:\/\/rodoaed.ee\/fi\/tuote\/kuoritut-auringonkukansiemenet-3kg-jatteeton\/","title":{"rendered":"Kuoritut auringonkukansiemenet 3kg- j\u00e4tteet\u00f6n"},"content":{"rendered":"<p><strong>Puhdistetut ja lajitellut korkealaatuiset auringonkukansiemenet. Niit\u00e4 voidaan k\u00e4ytt\u00e4\u00e4 my\u00f6s leivonnaisissa ja lis\u00e4t\u00e4 salaatteihin kotona. Niin puhtaita ne ovat.  <\/strong><\/p>\n<p><strong>J\u00e4tteet\u00f6n ateriakokonaisuus. Koska siemenet on kuorittu ja lajiteltu, linnut eiv\u00e4t j\u00e4t\u00e4 j\u00e4tett\u00e4 j\u00e4lkeens\u00e4. K\u00e4tev\u00e4 energiarikas lintuateria.  <\/strong><\/p>\n<p>Kuoritut auringonkukansiemenet tarjoavat moninkertaisesti enemm\u00e4n ravintoarvoa tilavuutta kohti kuin kuoritut auringonkukansiemenet tai auringonkukansiemenseokset esimerkiksi kauran kanssa. Lis\u00e4arvona on se, ett\u00e4 kev\u00e4\u00e4ll\u00e4 ei tarvitse siivota roskia ruokasalin alta. <\/p>\n<p>Syksyn ja talven kylm\u00e4t s\u00e4\u00e4t merkitsev\u00e4t sit\u00e4, ett\u00e4 lintujen energiantarve on huomattavasti suurempi. Pit\u00e4\u00e4kseen yll\u00e4 ruumiinl\u00e4mp\u00f6ns\u00e4, lintujen on sy\u00f6t\u00e4v\u00e4 enemm\u00e4n kuin kes\u00e4ll\u00e4, ja jos ne eiv\u00e4t pysty sy\u00f6m\u00e4\u00e4n, ne alkavat k\u00e4ytt\u00e4\u00e4 kehon rasvavarastojaan. Kun rasvavarastot ovat kuitenkin pienet, linnun keho ei pysy yht\u00e4 hyvin l\u00e4mpim\u00e4n\u00e4, ja linnut voivat helposti kuolla. Ei suoraan n\u00e4lk\u00e4\u00e4n, vaan yksinkertaisesti kylmyyteen ja uupumukseen.   <\/p>\n<p>Siksi on t\u00e4rke\u00e4\u00e4, ett\u00e4 linnut saavat nopeasti suuren m\u00e4\u00e4r\u00e4n energiaa ravinnostaan lyhyin\u00e4 talvip\u00e4ivin\u00e4.<\/p>\n<p>Tavallisten ruokasekoitusten lis\u00e4ksi linnuille on t\u00e4rke\u00e4\u00e4 laittaa korkea-energisi\u00e4 ruokasekoituksia. My\u00f6s ruokakakut ovat hyvi\u00e4. <\/p>\n<p>Ihanteellinen k\u00e4ytett\u00e4v\u00e4ksi kaikissa linnan ravintoloissa.<\/p>\n<p><strong>Paino: 3 kg<\/strong><\/p>\n<p>K\u00e4tev\u00e4 koko ja k\u00e4tev\u00e4 pakkaus<\/p>\n","protected":false},"excerpt":{"rendered":"<p>Puhdistetut ja lajitellut korkealaatuiset auringonkukansiemenet. Niit\u00e4 voidaan k\u00e4ytt\u00e4\u00e4 my\u00f6s leivonnaisissa ja lis\u00e4t\u00e4 salaatteihin kotona. Niin puhtaita ne ovat. J\u00e4tteet\u00f6n ateriakokonaisuus. Koska siemenet on kuorittu ja lajiteltu, linnut eiv\u00e4t j\u00e4t\u00e4 j\u00e4tett\u00e4 j\u00e4lkeens\u00e4. K\u00e4tev\u00e4 energiarikas lintuateria. Kuoritut auringonkukansiemenet tarjoavat moninkertaisesti enemm\u00e4n ravintoarvoa tilavuutta kohti kuin kuoritut auringonkukansiemenet tai auringonkukansiemenseokset esimerkiksi kauran kanssa. Lis\u00e4arvona on se, ett\u00e4 kev\u00e4\u00e4ll\u00e4 ei tarvitse siivota roskia ruokasalin alta. Syksyn ja talven kylm\u00e4t&#8230;<\/p>\n","protected":false},"featured_media":49098,"template":"","meta":{"_acf_changed":false},"product_brand":[],"product_cat":[1767,1844],"product_tag":[],"class_list":{"0":"post-52924","1":"product","2":"type-product","3":"status-publish","4":"has-post-thumbnail","6":"product_cat-linnaillalliset-ja-linnan-ravintolat","7":"product_cat-siemenseokset-linnuille","8":"product_shipping_class-toimitus-1-3-tyopaivan-kuluessa","9":"pa_variatsioon-kuoritut-auringonkukansiemenet-2kg","11":"first","12":"instock","13":"sale","14":"taxable","15":"shipping-taxable","16":"purchasable","17":"product-type-simple"},"acf":[],"yoast_head":"<!-- This site is optimized with the Yoast SEO Premium plugin v27.3 (Yoast SEO v27.3) - https:\/\/yoast.com\/product\/yoast-seo-premium-wordpress\/ -->\n<title>Kuoritut auringonkukansiemenet 3kg- j\u00e4tteet\u00f6n - Rodoaed<\/title>\n<meta name=\"robots\" content=\"index, follow, max-snippet:-1, max-image-preview:large, max-video-preview:-1\" \/>\n<link rel=\"canonical\" href=\"https:\/\/rodoaed.ee\/fi\/toode\/kuoritut-auringonkukansiemenet-3kg-jatteeton\/\" \/>\n<meta property=\"og:locale\" content=\"fi_FI\" \/>\n<meta property=\"og:type\" content=\"article\" \/>\n<meta property=\"og:title\" content=\"Kuoritut auringonkukansiemenet 3kg- j\u00e4tteet\u00f6n\" \/>\n<meta property=\"og:description\" content=\"Puhdistetut ja lajitellut korkealaatuiset auringonkukansiemenet. Niit\u00e4 voidaan k\u00e4ytt\u00e4\u00e4 my\u00f6s leivonnaisissa ja lis\u00e4t\u00e4 salaatteihin kotona. Niin puhtaita ne\" \/>\n<meta property=\"og:url\" content=\"https:\/\/rodoaed.ee\/fi\/toode\/kuoritut-auringonkukansiemenet-3kg-jatteeton\/\" \/>\n<meta property=\"og:site_name\" content=\"Rodoaed\" \/>\n<meta property=\"article:publisher\" content=\"https:\/\/www.facebook.com\/kasvuhooned\/\" \/>\n<meta property=\"article:modified_time\" content=\"2026-04-13T07:57:20+00:00\" \/>\n<meta property=\"og:image\" content=\"https:\/\/rodoaed.ee\/wp-content\/uploads\/2021\/10\/kooritud-paevalilleseemned_2.jpeg\" \/>\n\t<meta property=\"og:image:width\" content=\"1000\" \/>\n\t<meta property=\"og:image:height\" content=\"1000\" \/>\n\t<meta property=\"og:image:type\" content=\"image\/jpeg\" \/>\n<meta name=\"twitter:card\" content=\"summary_large_image\" \/>\n<meta name=\"twitter:label1\" content=\"Arvioitu lukuaika\" \/>\n\t<meta name=\"twitter:data1\" content=\"1 minuutti\" \/>\n<script type=\"application\/ld+json\" class=\"yoast-schema-graph\">{\"@context\":\"https:\\\/\\\/schema.org\",\"@graph\":[{\"@type\":\"WebPage\",\"@id\":\"https:\\\/\\\/rodoaed.ee\\\/fi\\\/toode\\\/kuoritut-auringonkukansiemenet-3kg-jatteeton\\\/\",\"url\":\"https:\\\/\\\/rodoaed.ee\\\/fi\\\/toode\\\/kuoritut-auringonkukansiemenet-3kg-jatteeton\\\/\",\"name\":\"Kuoritut auringonkukansiemenet 3kg- j\u00e4tteet\u00f6n - Rodoaed\",\"isPartOf\":{\"@id\":\"https:\\\/\\\/rodoaed.ee\\\/#website\"},\"primaryImageOfPage\":{\"@id\":\"https:\\\/\\\/rodoaed.ee\\\/fi\\\/toode\\\/kuoritut-auringonkukansiemenet-3kg-jatteeton\\\/#primaryimage\"},\"image\":{\"@id\":\"https:\\\/\\\/rodoaed.ee\\\/fi\\\/toode\\\/kuoritut-auringonkukansiemenet-3kg-jatteeton\\\/#primaryimage\"},\"thumbnailUrl\":\"https:\\\/\\\/rodoaed.ee\\\/wp-content\\\/uploads\\\/2021\\\/10\\\/kooritud-paevalilleseemned_2.jpeg\",\"datePublished\":\"2022-10-13T07:07:46+00:00\",\"dateModified\":\"2026-04-13T07:57:20+00:00\",\"breadcrumb\":{\"@id\":\"https:\\\/\\\/rodoaed.ee\\\/fi\\\/toode\\\/kuoritut-auringonkukansiemenet-3kg-jatteeton\\\/#breadcrumb\"},\"inLanguage\":\"fi\",\"potentialAction\":[{\"@type\":\"ReadAction\",\"target\":[\"https:\\\/\\\/rodoaed.ee\\\/fi\\\/toode\\\/kuoritut-auringonkukansiemenet-3kg-jatteeton\\\/\"]}]},{\"@type\":\"ImageObject\",\"inLanguage\":\"fi\",\"@id\":\"https:\\\/\\\/rodoaed.ee\\\/fi\\\/toode\\\/kuoritut-auringonkukansiemenet-3kg-jatteeton\\\/#primaryimage\",\"url\":\"https:\\\/\\\/rodoaed.ee\\\/wp-content\\\/uploads\\\/2021\\\/10\\\/kooritud-paevalilleseemned_2.jpeg\",\"contentUrl\":\"https:\\\/\\\/rodoaed.ee\\\/wp-content\\\/uploads\\\/2021\\\/10\\\/kooritud-paevalilleseemned_2.jpeg\",\"width\":1000,\"height\":1000},{\"@type\":\"BreadcrumbList\",\"@id\":\"https:\\\/\\\/rodoaed.ee\\\/fi\\\/toode\\\/kuoritut-auringonkukansiemenet-3kg-jatteeton\\\/#breadcrumb\",\"itemListElement\":[{\"@type\":\"ListItem\",\"position\":1,\"name\":\"Home\",\"item\":\"https:\\\/\\\/rodoaed.ee\\\/fi\\\/\"},{\"@type\":\"ListItem\",\"position\":2,\"name\":\"Osta osoitteessa\",\"item\":\"https:\\\/\\\/rodoaed.ee\\\/osta-osoitteessa\\\/\"},{\"@type\":\"ListItem\",\"position\":3,\"name\":\"Kuoritut auringonkukansiemenet 3kg- j\u00e4tteet\u00f6n\"}]},{\"@type\":\"WebSite\",\"@id\":\"https:\\\/\\\/rodoaed.ee\\\/#website\",\"url\":\"https:\\\/\\\/rodoaed.ee\\\/\",\"name\":\"Rodoaed\",\"description\":\"\",\"publisher\":{\"@id\":\"https:\\\/\\\/rodoaed.ee\\\/#organization\"},\"potentialAction\":[{\"@type\":\"SearchAction\",\"target\":{\"@type\":\"EntryPoint\",\"urlTemplate\":\"https:\\\/\\\/rodoaed.ee\\\/?s={search_term_string}\"},\"query-input\":{\"@type\":\"PropertyValueSpecification\",\"valueRequired\":true,\"valueName\":\"search_term_string\"}}],\"inLanguage\":\"fi\"},{\"@type\":\"Organization\",\"@id\":\"https:\\\/\\\/rodoaed.ee\\\/#organization\",\"name\":\"Rodoaed\",\"url\":\"https:\\\/\\\/rodoaed.ee\\\/\",\"logo\":{\"@type\":\"ImageObject\",\"inLanguage\":\"fi\",\"@id\":\"https:\\\/\\\/rodoaed.ee\\\/#\\\/schema\\\/logo\\\/image\\\/\",\"url\":\"https:\\\/\\\/rodoaed.ee\\\/wp-content\\\/uploads\\\/2019\\\/11\\\/rodoaed-logo-ilma-taustata.jpg\",\"contentUrl\":\"https:\\\/\\\/rodoaed.ee\\\/wp-content\\\/uploads\\\/2019\\\/11\\\/rodoaed-logo-ilma-taustata.jpg\",\"width\":769,\"height\":268,\"caption\":\"Rodoaed\"},\"image\":{\"@id\":\"https:\\\/\\\/rodoaed.ee\\\/#\\\/schema\\\/logo\\\/image\\\/\"},\"sameAs\":[\"https:\\\/\\\/www.facebook.com\\\/kasvuhooned\\\/\",\"https:\\\/\\\/rodoaed.ee\"]}]}<\/script>\n<!-- \/ Yoast SEO Premium plugin. -->","yoast_head_json":{"title":"Kuoritut auringonkukansiemenet 3kg- j\u00e4tteet\u00f6n - Rodoaed","robots":{"index":"index","follow":"follow","max-snippet":"max-snippet:-1","max-image-preview":"max-image-preview:large","max-video-preview":"max-video-preview:-1"},"canonical":"https:\/\/rodoaed.ee\/fi\/toode\/kuoritut-auringonkukansiemenet-3kg-jatteeton\/","og_locale":"fi_FI","og_type":"article","og_title":"Kuoritut auringonkukansiemenet 3kg- j\u00e4tteet\u00f6n","og_description":"Puhdistetut ja lajitellut korkealaatuiset auringonkukansiemenet. Niit\u00e4 voidaan k\u00e4ytt\u00e4\u00e4 my\u00f6s leivonnaisissa ja lis\u00e4t\u00e4 salaatteihin kotona. Niin puhtaita ne","og_url":"https:\/\/rodoaed.ee\/fi\/toode\/kuoritut-auringonkukansiemenet-3kg-jatteeton\/","og_site_name":"Rodoaed","article_publisher":"https:\/\/www.facebook.com\/kasvuhooned\/","article_modified_time":"2026-04-13T07:57:20+00:00","og_image":[{"width":1000,"height":1000,"url":"https:\/\/rodoaed.ee\/wp-content\/uploads\/2021\/10\/kooritud-paevalilleseemned_2.jpeg","type":"image\/jpeg"}],"twitter_card":"summary_large_image","twitter_misc":{"Arvioitu lukuaika":"1 minuutti"},"schema":{"@context":"https:\/\/schema.org","@graph":[{"@type":"WebPage","@id":"https:\/\/rodoaed.ee\/fi\/toode\/kuoritut-auringonkukansiemenet-3kg-jatteeton\/","url":"https:\/\/rodoaed.ee\/fi\/toode\/kuoritut-auringonkukansiemenet-3kg-jatteeton\/","name":"Kuoritut auringonkukansiemenet 3kg- j\u00e4tteet\u00f6n - Rodoaed","isPartOf":{"@id":"https:\/\/rodoaed.ee\/#website"},"primaryImageOfPage":{"@id":"https:\/\/rodoaed.ee\/fi\/toode\/kuoritut-auringonkukansiemenet-3kg-jatteeton\/#primaryimage"},"image":{"@id":"https:\/\/rodoaed.ee\/fi\/toode\/kuoritut-auringonkukansiemenet-3kg-jatteeton\/#primaryimage"},"thumbnailUrl":"https:\/\/rodoaed.ee\/wp-content\/uploads\/2021\/10\/kooritud-paevalilleseemned_2.jpeg","datePublished":"2022-10-13T07:07:46+00:00","dateModified":"2026-04-13T07:57:20+00:00","breadcrumb":{"@id":"https:\/\/rodoaed.ee\/fi\/toode\/kuoritut-auringonkukansiemenet-3kg-jatteeton\/#breadcrumb"},"inLanguage":"fi","potentialAction":[{"@type":"ReadAction","target":["https:\/\/rodoaed.ee\/fi\/toode\/kuoritut-auringonkukansiemenet-3kg-jatteeton\/"]}]},{"@type":"ImageObject","inLanguage":"fi","@id":"https:\/\/rodoaed.ee\/fi\/toode\/kuoritut-auringonkukansiemenet-3kg-jatteeton\/#primaryimage","url":"https:\/\/rodoaed.ee\/wp-content\/uploads\/2021\/10\/kooritud-paevalilleseemned_2.jpeg","contentUrl":"https:\/\/rodoaed.ee\/wp-content\/uploads\/2021\/10\/kooritud-paevalilleseemned_2.jpeg","width":1000,"height":1000},{"@type":"BreadcrumbList","@id":"https:\/\/rodoaed.ee\/fi\/toode\/kuoritut-auringonkukansiemenet-3kg-jatteeton\/#breadcrumb","itemListElement":[{"@type":"ListItem","position":1,"name":"Home","item":"https:\/\/rodoaed.ee\/fi\/"},{"@type":"ListItem","position":2,"name":"Osta osoitteessa","item":"https:\/\/rodoaed.ee\/osta-osoitteessa\/"},{"@type":"ListItem","position":3,"name":"Kuoritut auringonkukansiemenet 3kg- j\u00e4tteet\u00f6n"}]},{"@type":"WebSite","@id":"https:\/\/rodoaed.ee\/#website","url":"https:\/\/rodoaed.ee\/","name":"Rodoaed","description":"","publisher":{"@id":"https:\/\/rodoaed.ee\/#organization"},"potentialAction":[{"@type":"SearchAction","target":{"@type":"EntryPoint","urlTemplate":"https:\/\/rodoaed.ee\/?s={search_term_string}"},"query-input":{"@type":"PropertyValueSpecification","valueRequired":true,"valueName":"search_term_string"}}],"inLanguage":"fi"},{"@type":"Organization","@id":"https:\/\/rodoaed.ee\/#organization","name":"Rodoaed","url":"https:\/\/rodoaed.ee\/","logo":{"@type":"ImageObject","inLanguage":"fi","@id":"https:\/\/rodoaed.ee\/#\/schema\/logo\/image\/","url":"https:\/\/rodoaed.ee\/wp-content\/uploads\/2019\/11\/rodoaed-logo-ilma-taustata.jpg","contentUrl":"https:\/\/rodoaed.ee\/wp-content\/uploads\/2019\/11\/rodoaed-logo-ilma-taustata.jpg","width":769,"height":268,"caption":"Rodoaed"},"image":{"@id":"https:\/\/rodoaed.ee\/#\/schema\/logo\/image\/"},"sameAs":["https:\/\/www.facebook.com\/kasvuhooned\/","https:\/\/rodoaed.ee"]}]}},"_links":{"self":[{"href":"https:\/\/rodoaed.ee\/fi\/wp-json\/wp\/v2\/product\/52924","targetHints":{"allow":["GET"]}}],"collection":[{"href":"https:\/\/rodoaed.ee\/fi\/wp-json\/wp\/v2\/product"}],"about":[{"href":"https:\/\/rodoaed.ee\/fi\/wp-json\/wp\/v2\/types\/product"}],"wp:featuredmedia":[{"embeddable":true,"href":"https:\/\/rodoaed.ee\/fi\/wp-json\/wp\/v2\/media\/49098"}],"wp:attachment":[{"href":"https:\/\/rodoaed.ee\/fi\/wp-json\/wp\/v2\/media?parent=52924"}],"wp:term":[{"taxonomy":"product_brand","embeddable":true,"href":"https:\/\/rodoaed.ee\/fi\/wp-json\/wp\/v2\/product_brand?post=52924"},{"taxonomy":"product_cat","embeddable":true,"href":"https:\/\/rodoaed.ee\/fi\/wp-json\/wp\/v2\/product_cat?post=52924"},{"taxonomy":"product_tag","embeddable":true,"href":"https:\/\/rodoaed.ee\/fi\/wp-json\/wp\/v2\/product_tag?post=52924"}],"curies":[{"name":"wp","href":"https:\/\/api.w.org\/{rel}","templated":true}]}}