{"id":52926,"date":"2022-10-18T14:49:26","date_gmt":"2022-10-18T11:49:26","guid":{"rendered":"https:\/\/rodoaed.ee\/toode\/sailorehu-ymparivuotiseen-kayttoon-820g-075l\/"},"modified":"2026-04-13T10:57:25","modified_gmt":"2026-04-13T07:57:25","slug":"sailorehu-ymparivuotiseen-kayttoon-820g-075l","status":"publish","type":"product","link":"https:\/\/rodoaed.ee\/fi\/tuote\/sailorehu-ymparivuotiseen-kayttoon-820g-075l\/","title":{"rendered":"S\u00e4il\u00f6rehu ymp\u00e4rivuotiseen k\u00e4ytt\u00f6\u00f6n 820g\/ 0,75L"},"content":{"rendered":"<h2>Erityisesti siileille suunniteltu yleisruokavalio sek\u00e4 kes\u00e4ksi ett\u00e4 talveksi.<\/h2>\n<p>Siilin ruoka on my\u00f6s muiden suosiossa. Varoita, ett\u00e4 my\u00f6s koirat, ketut ja m\u00e4yr\u00e4t rakastavat t\u00e4t\u00e4 siiliruokaa &#8211; joten t\u00e4t\u00e4 arvokasta siiliruokaa ei kannata j\u00e4tt\u00e4\u00e4 koiran silm\u00e4n alle. Paitsi jos sinulla on eritt\u00e4in kallis koira, joka ei viitsisi ostaa sit\u00e4.  <\/p>\n<p>Siilien t\u00e4ysravintoruokinta on k\u00e4yt\u00e4nn\u00f6ss\u00e4 osoittautunut eritt\u00e4in onnistuneeksi siilien kannalta. Siilit pit\u00e4v\u00e4t siit\u00e4. Se on pitk\u00e4lti sama kuin siilin ruokavalio luonnossa, ja se sis\u00e4lt\u00e4\u00e4 luonnonmarjoja, p\u00e4hkin\u00f6it\u00e4, hedelmi\u00e4, lihaa, hy\u00f6nteisi\u00e4 ja hunajaa sek\u00e4 vitamiineja ja hivenaineita. Kaikki ne ainesosat, joita siilit tarvitsevat kipe\u00e4sti aktiiviseen el\u00e4m\u00e4\u00e4n.   <\/p>\n<p>Sama seos sopii sek\u00e4 kes\u00e4- ett\u00e4 talviruokintaan, jos siilit her\u00e4ilev\u00e4t silloin t\u00e4ll\u00f6in. Talvella ja erityisesti kev\u00e4\u00e4ll\u00e4 ruokavaliota voidaan t\u00e4ydent\u00e4\u00e4 tuoreella jauhelihalla, t\u00e4hteill\u00e4, kalalla ja hedelmill\u00e4. <\/p>\n<p><strong>Huom.<\/strong> \u00c4l\u00e4 anna siilillesi makeaa, suolaista ja mausteista ruokaa \u00e4l\u00e4k\u00e4 maitoa (paitsi jos se on kahvikermaa), sill\u00e4 se voi olla hengenvaarallista.<\/p>\n<p><strong>Pakkauksen tilavuus 0,75L \/ ruokaseoksen nettopaino 820g<\/strong><\/p>\n<p><strong>Pakkauksen mitat:<\/strong> l 12,5 x s 6,5 x k 20,4 cm.<\/p>\n","protected":false},"excerpt":{"rendered":"<p>Erityisesti siileille suunniteltu yleisruokavalio sek\u00e4 kes\u00e4ksi ett\u00e4 talveksi. Siilin ruoka on my\u00f6s muiden suosiossa. Varoita, ett\u00e4 my\u00f6s koirat, ketut ja m\u00e4yr\u00e4t rakastavat t\u00e4t\u00e4 siiliruokaa &#8211; joten t\u00e4t\u00e4 arvokasta siiliruokaa ei kannata j\u00e4tt\u00e4\u00e4 koiran silm\u00e4n alle. Paitsi jos sinulla on eritt\u00e4in kallis koira, joka ei viitsisi ostaa sit\u00e4. Siilien t\u00e4ysravintoruokinta on k\u00e4yt\u00e4nn\u00f6ss\u00e4 osoittautunut eritt\u00e4in onnistuneeksi siilien kannalta. Siilit pit\u00e4v\u00e4t siit\u00e4. Se on pitk\u00e4lti sama kuin siilin&#8230;<\/p>\n","protected":false},"featured_media":42645,"template":"","meta":{"_acf_changed":false},"product_brand":[],"product_cat":[1851,1933],"product_tag":[],"class_list":{"0":"post-52926","1":"product","2":"type-product","3":"status-publish","4":"has-post-thumbnail","6":"product_cat-pesakotelot","7":"product_cat-siili-house","8":"product_shipping_class-toimitus-1-3-tyopaivan-kuluessa","9":"pa_variatsioon-23-siilien-paivallinen","11":"first","12":"outofstock","13":"taxable","14":"shipping-taxable","15":"purchasable","16":"product-type-simple"},"acf":[],"yoast_head":"<!-- This site is optimized with the Yoast SEO Premium plugin v27.3 (Yoast SEO v27.3) - https:\/\/yoast.com\/product\/yoast-seo-premium-wordpress\/ -->\n<title>S\u00e4il\u00f6rehu ymp\u00e4rivuotiseen k\u00e4ytt\u00f6\u00f6n 820g\/ 0,75L% % -% Rodoaed% t\u00e4ysi ateria siileille<\/title>\n<meta name=\"description\" content=\"Siiliateriat ovat erityisesti siileille valmistettuja yleisi\u00e4 aterioita sek\u00e4 kes\u00e4ll\u00e4 ett\u00e4 talvella. Siiliateria koostuu vain tarvittavista raaka-aineista.\" \/>\n<meta name=\"robots\" content=\"index, follow, max-snippet:-1, max-image-preview:large, max-video-preview:-1\" \/>\n<link rel=\"canonical\" href=\"https:\/\/rodoaed.ee\/fi\/toode\/sailorehu-ymparivuotiseen-kayttoon-820g-075l\/\" \/>\n<meta property=\"og:locale\" content=\"fi_FI\" \/>\n<meta property=\"og:type\" content=\"article\" \/>\n<meta property=\"og:title\" content=\"S\u00e4il\u00f6rehu ymp\u00e4rivuotiseen k\u00e4ytt\u00f6\u00f6n 820g\/ 0,75L\" \/>\n<meta property=\"og:description\" content=\"Erityisesti siileille suunniteltu yleisruokavalio sek\u00e4 kes\u00e4ksi ett\u00e4 talveksi. Siilin ruoka on my\u00f6s muiden suosiossa. Varoita, ett\u00e4 my\u00f6s koirat, ketut ja\" \/>\n<meta property=\"og:url\" content=\"https:\/\/rodoaed.ee\/fi\/toode\/sailorehu-ymparivuotiseen-kayttoon-820g-075l\/\" \/>\n<meta property=\"og:site_name\" content=\"Rodoaed\" \/>\n<meta property=\"article:publisher\" content=\"https:\/\/www.facebook.com\/kasvuhooned\/\" \/>\n<meta property=\"article:modified_time\" content=\"2026-04-13T07:57:25+00:00\" \/>\n<meta property=\"og:image\" content=\"https:\/\/rodoaed.ee\/wp-content\/uploads\/2022\/10\/siilisook_WA66_03.png\" \/>\n\t<meta property=\"og:image:width\" content=\"1240\" \/>\n\t<meta property=\"og:image:height\" content=\"1240\" \/>\n\t<meta property=\"og:image:type\" content=\"image\/png\" \/>\n<meta name=\"twitter:card\" content=\"summary_large_image\" \/>\n<meta name=\"twitter:label1\" content=\"Arvioitu lukuaika\" \/>\n\t<meta name=\"twitter:data1\" content=\"1 minuutti\" \/>\n<script type=\"application\/ld+json\" class=\"yoast-schema-graph\">{\"@context\":\"https:\\\/\\\/schema.org\",\"@graph\":[{\"@type\":\"WebPage\",\"@id\":\"https:\\\/\\\/rodoaed.ee\\\/fi\\\/toode\\\/sailorehu-ymparivuotiseen-kayttoon-820g-075l\\\/\",\"url\":\"https:\\\/\\\/rodoaed.ee\\\/fi\\\/toode\\\/sailorehu-ymparivuotiseen-kayttoon-820g-075l\\\/\",\"name\":\"S\u00e4il\u00f6rehu ymp\u00e4rivuotiseen k\u00e4ytt\u00f6\u00f6n 820g\\\/ 0,75L% % -% Rodoaed% t\u00e4ysi ateria siileille\",\"isPartOf\":{\"@id\":\"https:\\\/\\\/rodoaed.ee\\\/#website\"},\"primaryImageOfPage\":{\"@id\":\"https:\\\/\\\/rodoaed.ee\\\/fi\\\/toode\\\/sailorehu-ymparivuotiseen-kayttoon-820g-075l\\\/#primaryimage\"},\"image\":{\"@id\":\"https:\\\/\\\/rodoaed.ee\\\/fi\\\/toode\\\/sailorehu-ymparivuotiseen-kayttoon-820g-075l\\\/#primaryimage\"},\"thumbnailUrl\":\"https:\\\/\\\/rodoaed.ee\\\/wp-content\\\/uploads\\\/2022\\\/10\\\/siilisook_WA66_03.png\",\"datePublished\":\"2022-10-18T11:49:26+00:00\",\"dateModified\":\"2026-04-13T07:57:25+00:00\",\"description\":\"Siiliateriat ovat erityisesti siileille valmistettuja yleisi\u00e4 aterioita sek\u00e4 kes\u00e4ll\u00e4 ett\u00e4 talvella. Siiliateria koostuu vain tarvittavista raaka-aineista.\",\"breadcrumb\":{\"@id\":\"https:\\\/\\\/rodoaed.ee\\\/fi\\\/toode\\\/sailorehu-ymparivuotiseen-kayttoon-820g-075l\\\/#breadcrumb\"},\"inLanguage\":\"fi\",\"potentialAction\":[{\"@type\":\"ReadAction\",\"target\":[\"https:\\\/\\\/rodoaed.ee\\\/fi\\\/toode\\\/sailorehu-ymparivuotiseen-kayttoon-820g-075l\\\/\"]}]},{\"@type\":\"ImageObject\",\"inLanguage\":\"fi\",\"@id\":\"https:\\\/\\\/rodoaed.ee\\\/fi\\\/toode\\\/sailorehu-ymparivuotiseen-kayttoon-820g-075l\\\/#primaryimage\",\"url\":\"https:\\\/\\\/rodoaed.ee\\\/wp-content\\\/uploads\\\/2022\\\/10\\\/siilisook_WA66_03.png\",\"contentUrl\":\"https:\\\/\\\/rodoaed.ee\\\/wp-content\\\/uploads\\\/2022\\\/10\\\/siilisook_WA66_03.png\",\"width\":1240,\"height\":1240},{\"@type\":\"BreadcrumbList\",\"@id\":\"https:\\\/\\\/rodoaed.ee\\\/fi\\\/toode\\\/sailorehu-ymparivuotiseen-kayttoon-820g-075l\\\/#breadcrumb\",\"itemListElement\":[{\"@type\":\"ListItem\",\"position\":1,\"name\":\"Home\",\"item\":\"https:\\\/\\\/rodoaed.ee\\\/fi\\\/\"},{\"@type\":\"ListItem\",\"position\":2,\"name\":\"Osta osoitteessa\",\"item\":\"https:\\\/\\\/rodoaed.ee\\\/osta-osoitteessa\\\/\"},{\"@type\":\"ListItem\",\"position\":3,\"name\":\"S\u00e4il\u00f6rehu ymp\u00e4rivuotiseen k\u00e4ytt\u00f6\u00f6n 820g\\\/ 0,75L\"}]},{\"@type\":\"WebSite\",\"@id\":\"https:\\\/\\\/rodoaed.ee\\\/#website\",\"url\":\"https:\\\/\\\/rodoaed.ee\\\/\",\"name\":\"Rodoaed\",\"description\":\"\",\"publisher\":{\"@id\":\"https:\\\/\\\/rodoaed.ee\\\/#organization\"},\"potentialAction\":[{\"@type\":\"SearchAction\",\"target\":{\"@type\":\"EntryPoint\",\"urlTemplate\":\"https:\\\/\\\/rodoaed.ee\\\/?s={search_term_string}\"},\"query-input\":{\"@type\":\"PropertyValueSpecification\",\"valueRequired\":true,\"valueName\":\"search_term_string\"}}],\"inLanguage\":\"fi\"},{\"@type\":\"Organization\",\"@id\":\"https:\\\/\\\/rodoaed.ee\\\/#organization\",\"name\":\"Rodoaed\",\"url\":\"https:\\\/\\\/rodoaed.ee\\\/\",\"logo\":{\"@type\":\"ImageObject\",\"inLanguage\":\"fi\",\"@id\":\"https:\\\/\\\/rodoaed.ee\\\/#\\\/schema\\\/logo\\\/image\\\/\",\"url\":\"https:\\\/\\\/rodoaed.ee\\\/wp-content\\\/uploads\\\/2019\\\/11\\\/rodoaed-logo-ilma-taustata.jpg\",\"contentUrl\":\"https:\\\/\\\/rodoaed.ee\\\/wp-content\\\/uploads\\\/2019\\\/11\\\/rodoaed-logo-ilma-taustata.jpg\",\"width\":769,\"height\":268,\"caption\":\"Rodoaed\"},\"image\":{\"@id\":\"https:\\\/\\\/rodoaed.ee\\\/#\\\/schema\\\/logo\\\/image\\\/\"},\"sameAs\":[\"https:\\\/\\\/www.facebook.com\\\/kasvuhooned\\\/\",\"https:\\\/\\\/rodoaed.ee\"]}]}<\/script>\n<!-- \/ Yoast SEO Premium plugin. -->","yoast_head_json":{"title":"S\u00e4il\u00f6rehu ymp\u00e4rivuotiseen k\u00e4ytt\u00f6\u00f6n 820g\/ 0,75L% % -% Rodoaed% t\u00e4ysi ateria siileille","description":"Siiliateriat ovat erityisesti siileille valmistettuja yleisi\u00e4 aterioita sek\u00e4 kes\u00e4ll\u00e4 ett\u00e4 talvella. Siiliateria koostuu vain tarvittavista raaka-aineista.","robots":{"index":"index","follow":"follow","max-snippet":"max-snippet:-1","max-image-preview":"max-image-preview:large","max-video-preview":"max-video-preview:-1"},"canonical":"https:\/\/rodoaed.ee\/fi\/toode\/sailorehu-ymparivuotiseen-kayttoon-820g-075l\/","og_locale":"fi_FI","og_type":"article","og_title":"S\u00e4il\u00f6rehu ymp\u00e4rivuotiseen k\u00e4ytt\u00f6\u00f6n 820g\/ 0,75L","og_description":"Erityisesti siileille suunniteltu yleisruokavalio sek\u00e4 kes\u00e4ksi ett\u00e4 talveksi. Siilin ruoka on my\u00f6s muiden suosiossa. Varoita, ett\u00e4 my\u00f6s koirat, ketut ja","og_url":"https:\/\/rodoaed.ee\/fi\/toode\/sailorehu-ymparivuotiseen-kayttoon-820g-075l\/","og_site_name":"Rodoaed","article_publisher":"https:\/\/www.facebook.com\/kasvuhooned\/","article_modified_time":"2026-04-13T07:57:25+00:00","og_image":[{"width":1240,"height":1240,"url":"https:\/\/rodoaed.ee\/wp-content\/uploads\/2022\/10\/siilisook_WA66_03.png","type":"image\/png"}],"twitter_card":"summary_large_image","twitter_misc":{"Arvioitu lukuaika":"1 minuutti"},"schema":{"@context":"https:\/\/schema.org","@graph":[{"@type":"WebPage","@id":"https:\/\/rodoaed.ee\/fi\/toode\/sailorehu-ymparivuotiseen-kayttoon-820g-075l\/","url":"https:\/\/rodoaed.ee\/fi\/toode\/sailorehu-ymparivuotiseen-kayttoon-820g-075l\/","name":"S\u00e4il\u00f6rehu ymp\u00e4rivuotiseen k\u00e4ytt\u00f6\u00f6n 820g\/ 0,75L% % -% Rodoaed% t\u00e4ysi ateria siileille","isPartOf":{"@id":"https:\/\/rodoaed.ee\/#website"},"primaryImageOfPage":{"@id":"https:\/\/rodoaed.ee\/fi\/toode\/sailorehu-ymparivuotiseen-kayttoon-820g-075l\/#primaryimage"},"image":{"@id":"https:\/\/rodoaed.ee\/fi\/toode\/sailorehu-ymparivuotiseen-kayttoon-820g-075l\/#primaryimage"},"thumbnailUrl":"https:\/\/rodoaed.ee\/wp-content\/uploads\/2022\/10\/siilisook_WA66_03.png","datePublished":"2022-10-18T11:49:26+00:00","dateModified":"2026-04-13T07:57:25+00:00","description":"Siiliateriat ovat erityisesti siileille valmistettuja yleisi\u00e4 aterioita sek\u00e4 kes\u00e4ll\u00e4 ett\u00e4 talvella. Siiliateria koostuu vain tarvittavista raaka-aineista.","breadcrumb":{"@id":"https:\/\/rodoaed.ee\/fi\/toode\/sailorehu-ymparivuotiseen-kayttoon-820g-075l\/#breadcrumb"},"inLanguage":"fi","potentialAction":[{"@type":"ReadAction","target":["https:\/\/rodoaed.ee\/fi\/toode\/sailorehu-ymparivuotiseen-kayttoon-820g-075l\/"]}]},{"@type":"ImageObject","inLanguage":"fi","@id":"https:\/\/rodoaed.ee\/fi\/toode\/sailorehu-ymparivuotiseen-kayttoon-820g-075l\/#primaryimage","url":"https:\/\/rodoaed.ee\/wp-content\/uploads\/2022\/10\/siilisook_WA66_03.png","contentUrl":"https:\/\/rodoaed.ee\/wp-content\/uploads\/2022\/10\/siilisook_WA66_03.png","width":1240,"height":1240},{"@type":"BreadcrumbList","@id":"https:\/\/rodoaed.ee\/fi\/toode\/sailorehu-ymparivuotiseen-kayttoon-820g-075l\/#breadcrumb","itemListElement":[{"@type":"ListItem","position":1,"name":"Home","item":"https:\/\/rodoaed.ee\/fi\/"},{"@type":"ListItem","position":2,"name":"Osta osoitteessa","item":"https:\/\/rodoaed.ee\/osta-osoitteessa\/"},{"@type":"ListItem","position":3,"name":"S\u00e4il\u00f6rehu ymp\u00e4rivuotiseen k\u00e4ytt\u00f6\u00f6n 820g\/ 0,75L"}]},{"@type":"WebSite","@id":"https:\/\/rodoaed.ee\/#website","url":"https:\/\/rodoaed.ee\/","name":"Rodoaed","description":"","publisher":{"@id":"https:\/\/rodoaed.ee\/#organization"},"potentialAction":[{"@type":"SearchAction","target":{"@type":"EntryPoint","urlTemplate":"https:\/\/rodoaed.ee\/?s={search_term_string}"},"query-input":{"@type":"PropertyValueSpecification","valueRequired":true,"valueName":"search_term_string"}}],"inLanguage":"fi"},{"@type":"Organization","@id":"https:\/\/rodoaed.ee\/#organization","name":"Rodoaed","url":"https:\/\/rodoaed.ee\/","logo":{"@type":"ImageObject","inLanguage":"fi","@id":"https:\/\/rodoaed.ee\/#\/schema\/logo\/image\/","url":"https:\/\/rodoaed.ee\/wp-content\/uploads\/2019\/11\/rodoaed-logo-ilma-taustata.jpg","contentUrl":"https:\/\/rodoaed.ee\/wp-content\/uploads\/2019\/11\/rodoaed-logo-ilma-taustata.jpg","width":769,"height":268,"caption":"Rodoaed"},"image":{"@id":"https:\/\/rodoaed.ee\/#\/schema\/logo\/image\/"},"sameAs":["https:\/\/www.facebook.com\/kasvuhooned\/","https:\/\/rodoaed.ee"]}]}},"_links":{"self":[{"href":"https:\/\/rodoaed.ee\/fi\/wp-json\/wp\/v2\/product\/52926","targetHints":{"allow":["GET"]}}],"collection":[{"href":"https:\/\/rodoaed.ee\/fi\/wp-json\/wp\/v2\/product"}],"about":[{"href":"https:\/\/rodoaed.ee\/fi\/wp-json\/wp\/v2\/types\/product"}],"wp:featuredmedia":[{"embeddable":true,"href":"https:\/\/rodoaed.ee\/fi\/wp-json\/wp\/v2\/media\/42645"}],"wp:attachment":[{"href":"https:\/\/rodoaed.ee\/fi\/wp-json\/wp\/v2\/media?parent=52926"}],"wp:term":[{"taxonomy":"product_brand","embeddable":true,"href":"https:\/\/rodoaed.ee\/fi\/wp-json\/wp\/v2\/product_brand?post=52926"},{"taxonomy":"product_cat","embeddable":true,"href":"https:\/\/rodoaed.ee\/fi\/wp-json\/wp\/v2\/product_cat?post=52926"},{"taxonomy":"product_tag","embeddable":true,"href":"https:\/\/rodoaed.ee\/fi\/wp-json\/wp\/v2\/product_tag?post=52926"}],"curies":[{"name":"wp","href":"https:\/\/api.w.org\/{rel}","templated":true}]}}