{"id":52928,"date":"2022-10-18T15:07:08","date_gmt":"2022-10-18T12:07:08","guid":{"rendered":"https:\/\/rodoaed.ee\/toode\/kuivatut-madot-linnuille-proteiiniruokaa\/"},"modified":"2026-04-13T10:57:26","modified_gmt":"2026-04-13T07:57:26","slug":"kuivatut-madot-linnuille-proteiiniruokaa","status":"publish","type":"product","link":"https:\/\/rodoaed.ee\/fi\/tuote\/kuivatut-madot-linnuille-proteiiniruokaa\/","title":{"rendered":"Kuivatut madot linnuille &#8211; proteiiniruokaa"},"content":{"rendered":"<p><strong>Nopea energian ja proteiinin lis\u00e4ys. Sopii linnuille, kanoille sek\u00e4 oraville ja liito-oraville. Tuo lis\u00e4\u00e4 el\u00e4m\u00e4\u00e4 ja elinvoimaa puutarhaan.  <\/strong><\/p>\n<p>Kev\u00e4t on linnuille kiireist\u00e4 aikaa. Niiden on l\u00f6ydett\u00e4v\u00e4 kumppani, sopiva reviiri, munittava ja kasvatettava suuri pesue. Kes\u00e4ll\u00e4 pesinn\u00e4n j\u00e4lkeen linnut sulkevat eli kasvattavat kokonaan uuden pes\u00e4n. Syksyll\u00e4 linnut valmistautuvat talveen ja ker\u00e4\u00e4v\u00e4t energiavarastojaan, ja talvella ne tarvitsevat kaiken mahdollisen ruoan pit\u00e4\u00e4kseen yll\u00e4 ruumiinl\u00e4mp\u00f6ns\u00e4 ja energiatasonsa. Linnut voivat menett\u00e4\u00e4 jopa 10 prosenttia ruumiinpainostaan yhden kylm\u00e4n y\u00f6n aikana. Kuvittele, jos ihminen menett\u00e4isi 7 kg yhdess\u00e4 y\u00f6ss\u00e4 kylm\u00e4n takia&#8230;.     <\/p>\n<p><strong>Linnut tarvitsevat paljon energiaa selviyty\u00e4kseen.<\/strong>  T\u00e4m\u00e4 linnuille suunniteltu energiapitoinen ateria sis\u00e4lt\u00e4\u00e4 runsaasti rasvaa ja proteiinia, ja se soveltuu ymp\u00e4rivuotiseen k\u00e4ytt\u00f6\u00f6n.<\/p>\n<p><strong>Huomaa Linnut tarvitsevat lis\u00e4ruokaa my\u00f6s kev\u00e4\u00e4ll\u00e4 poikasia kasvattaessaan ja my\u00f6hemmin, kun ne sulkevat. Lintujen pilaantumisesta ei tarvitse olla huolissaan &#8211; ne eiv\u00e4t sy\u00f6 enemp\u00e4\u00e4 kuin tarvitsevat. <\/strong><\/p>\n<ul>\n<li>soveltuu k\u00e4ytett\u00e4v\u00e4ksi kaikissa ruokaloissa, my\u00f6s maanp\u00e4\u00e4llisiss\u00e4.<\/li>\n<li>voidaan my\u00f6s ravistella suoraan maahan ruokailutalon alle.<\/li>\n<\/ul>\n<h2>T\u00e4rkeimm\u00e4t ominaisuudet:<\/h2>\n<p><b>Mitat: <\/b>l 14 x s 3,1 x k 22 cm.<\/p>\n<p><strong>Paino:<\/strong> 125 g<\/p>\n<p>&nbsp;<\/p>\n<p><a href=\"https:\/\/rodoaed.ee\/fi\/tootekategooria\/linnaillalliset-ja-linnan-ravintolat\/\">aloita<\/a><\/p>\n","protected":false},"excerpt":{"rendered":"<p>Nopea energian ja proteiinin lis\u00e4ys. Sopii linnuille, kanoille sek\u00e4 oraville ja liito-oraville. Tuo lis\u00e4\u00e4 el\u00e4m\u00e4\u00e4 ja elinvoimaa puutarhaan. Kev\u00e4t on linnuille kiireist\u00e4 aikaa. Niiden on l\u00f6ydett\u00e4v\u00e4 kumppani, sopiva reviiri, munittava ja kasvatettava suuri pesue. Kes\u00e4ll\u00e4 pesinn\u00e4n j\u00e4lkeen linnut sulkevat eli kasvattavat kokonaan uuden pes\u00e4n. Syksyll\u00e4 linnut valmistautuvat talveen ja ker\u00e4\u00e4v\u00e4t energiavarastojaan, ja talvella ne tarvitsevat kaiken mahdollisen ruoan pit\u00e4\u00e4kseen yll\u00e4 ruumiinl\u00e4mp\u00f6ns\u00e4 ja energiatasonsa. Linnut voivat&#8230;<\/p>\n","protected":false},"featured_media":42652,"template":"","meta":{"_acf_changed":false},"product_brand":[],"product_cat":[1767,1844],"product_tag":[],"class_list":{"0":"post-52928","1":"product","2":"type-product","3":"status-publish","4":"has-post-thumbnail","6":"product_cat-linnaillalliset-ja-linnan-ravintolat","7":"product_cat-siemenseokset-linnuille","8":"product_shipping_class-toimitus-1-3-tyopaivan-kuluessa","9":"pa_variatsioon-20-dining-house-latern-1l","11":"first","12":"instock","13":"sale","14":"taxable","15":"shipping-taxable","16":"purchasable","17":"product-type-simple"},"acf":[],"yoast_head":"<!-- This site is optimized with the Yoast SEO Premium plugin v27.3 (Yoast SEO v27.3) - https:\/\/yoast.com\/product\/yoast-seo-premium-wordpress\/ -->\n<title>Kuivatut madot linnuille - proteiiniruokaa - Rodoaed<\/title>\n<meta name=\"robots\" content=\"index, follow, max-snippet:-1, max-image-preview:large, max-video-preview:-1\" \/>\n<link rel=\"canonical\" href=\"https:\/\/rodoaed.ee\/fi\/toode\/kuivatut-madot-linnuille-proteiiniruokaa\/\" \/>\n<meta property=\"og:locale\" content=\"fi_FI\" \/>\n<meta property=\"og:type\" content=\"article\" \/>\n<meta property=\"og:title\" content=\"Kuivatut madot linnuille - proteiiniruokaa\" \/>\n<meta property=\"og:description\" content=\"Nopea energian ja proteiinin lis\u00e4ys. Sopii linnuille, kanoille sek\u00e4 oraville ja liito-oraville. Tuo lis\u00e4\u00e4 el\u00e4m\u00e4\u00e4 ja elinvoimaa puutarhaan. Kev\u00e4t on\" \/>\n<meta property=\"og:url\" content=\"https:\/\/rodoaed.ee\/fi\/toode\/kuivatut-madot-linnuille-proteiiniruokaa\/\" \/>\n<meta property=\"og:site_name\" content=\"Rodoaed\" \/>\n<meta property=\"article:publisher\" content=\"https:\/\/www.facebook.com\/kasvuhooned\/\" \/>\n<meta property=\"article:modified_time\" content=\"2026-04-13T07:57:26+00:00\" \/>\n<meta property=\"og:image\" content=\"https:\/\/rodoaed.ee\/wp-content\/uploads\/2022\/10\/kuivatatud-jahuussid_FB916_01.png\" \/>\n\t<meta property=\"og:image:width\" content=\"1240\" \/>\n\t<meta property=\"og:image:height\" content=\"1240\" \/>\n\t<meta property=\"og:image:type\" content=\"image\/png\" \/>\n<meta name=\"twitter:card\" content=\"summary_large_image\" \/>\n<meta name=\"twitter:label1\" content=\"Arvioitu lukuaika\" \/>\n\t<meta name=\"twitter:data1\" content=\"1 minuutti\" \/>\n<script type=\"application\/ld+json\" class=\"yoast-schema-graph\">{\"@context\":\"https:\\\/\\\/schema.org\",\"@graph\":[{\"@type\":\"WebPage\",\"@id\":\"https:\\\/\\\/rodoaed.ee\\\/fi\\\/toode\\\/kuivatut-madot-linnuille-proteiiniruokaa\\\/\",\"url\":\"https:\\\/\\\/rodoaed.ee\\\/fi\\\/toode\\\/kuivatut-madot-linnuille-proteiiniruokaa\\\/\",\"name\":\"Kuivatut madot linnuille - proteiiniruokaa - Rodoaed\",\"isPartOf\":{\"@id\":\"https:\\\/\\\/rodoaed.ee\\\/#website\"},\"primaryImageOfPage\":{\"@id\":\"https:\\\/\\\/rodoaed.ee\\\/fi\\\/toode\\\/kuivatut-madot-linnuille-proteiiniruokaa\\\/#primaryimage\"},\"image\":{\"@id\":\"https:\\\/\\\/rodoaed.ee\\\/fi\\\/toode\\\/kuivatut-madot-linnuille-proteiiniruokaa\\\/#primaryimage\"},\"thumbnailUrl\":\"https:\\\/\\\/rodoaed.ee\\\/wp-content\\\/uploads\\\/2022\\\/10\\\/kuivatatud-jahuussid_FB916_01.png\",\"datePublished\":\"2022-10-18T12:07:08+00:00\",\"dateModified\":\"2026-04-13T07:57:26+00:00\",\"breadcrumb\":{\"@id\":\"https:\\\/\\\/rodoaed.ee\\\/fi\\\/toode\\\/kuivatut-madot-linnuille-proteiiniruokaa\\\/#breadcrumb\"},\"inLanguage\":\"fi\",\"potentialAction\":[{\"@type\":\"ReadAction\",\"target\":[\"https:\\\/\\\/rodoaed.ee\\\/fi\\\/toode\\\/kuivatut-madot-linnuille-proteiiniruokaa\\\/\"]}]},{\"@type\":\"ImageObject\",\"inLanguage\":\"fi\",\"@id\":\"https:\\\/\\\/rodoaed.ee\\\/fi\\\/toode\\\/kuivatut-madot-linnuille-proteiiniruokaa\\\/#primaryimage\",\"url\":\"https:\\\/\\\/rodoaed.ee\\\/wp-content\\\/uploads\\\/2022\\\/10\\\/kuivatatud-jahuussid_FB916_01.png\",\"contentUrl\":\"https:\\\/\\\/rodoaed.ee\\\/wp-content\\\/uploads\\\/2022\\\/10\\\/kuivatatud-jahuussid_FB916_01.png\",\"width\":1240,\"height\":1240},{\"@type\":\"BreadcrumbList\",\"@id\":\"https:\\\/\\\/rodoaed.ee\\\/fi\\\/toode\\\/kuivatut-madot-linnuille-proteiiniruokaa\\\/#breadcrumb\",\"itemListElement\":[{\"@type\":\"ListItem\",\"position\":1,\"name\":\"Home\",\"item\":\"https:\\\/\\\/rodoaed.ee\\\/fi\\\/\"},{\"@type\":\"ListItem\",\"position\":2,\"name\":\"Osta osoitteessa\",\"item\":\"https:\\\/\\\/rodoaed.ee\\\/osta-osoitteessa\\\/\"},{\"@type\":\"ListItem\",\"position\":3,\"name\":\"Kuivatut madot linnuille &#8211; proteiiniruokaa\"}]},{\"@type\":\"WebSite\",\"@id\":\"https:\\\/\\\/rodoaed.ee\\\/#website\",\"url\":\"https:\\\/\\\/rodoaed.ee\\\/\",\"name\":\"Rodoaed\",\"description\":\"\",\"publisher\":{\"@id\":\"https:\\\/\\\/rodoaed.ee\\\/#organization\"},\"potentialAction\":[{\"@type\":\"SearchAction\",\"target\":{\"@type\":\"EntryPoint\",\"urlTemplate\":\"https:\\\/\\\/rodoaed.ee\\\/?s={search_term_string}\"},\"query-input\":{\"@type\":\"PropertyValueSpecification\",\"valueRequired\":true,\"valueName\":\"search_term_string\"}}],\"inLanguage\":\"fi\"},{\"@type\":\"Organization\",\"@id\":\"https:\\\/\\\/rodoaed.ee\\\/#organization\",\"name\":\"Rodoaed\",\"url\":\"https:\\\/\\\/rodoaed.ee\\\/\",\"logo\":{\"@type\":\"ImageObject\",\"inLanguage\":\"fi\",\"@id\":\"https:\\\/\\\/rodoaed.ee\\\/#\\\/schema\\\/logo\\\/image\\\/\",\"url\":\"https:\\\/\\\/rodoaed.ee\\\/wp-content\\\/uploads\\\/2019\\\/11\\\/rodoaed-logo-ilma-taustata.jpg\",\"contentUrl\":\"https:\\\/\\\/rodoaed.ee\\\/wp-content\\\/uploads\\\/2019\\\/11\\\/rodoaed-logo-ilma-taustata.jpg\",\"width\":769,\"height\":268,\"caption\":\"Rodoaed\"},\"image\":{\"@id\":\"https:\\\/\\\/rodoaed.ee\\\/#\\\/schema\\\/logo\\\/image\\\/\"},\"sameAs\":[\"https:\\\/\\\/www.facebook.com\\\/kasvuhooned\\\/\",\"https:\\\/\\\/rodoaed.ee\"]}]}<\/script>\n<!-- \/ Yoast SEO Premium plugin. -->","yoast_head_json":{"title":"Kuivatut madot linnuille - proteiiniruokaa - Rodoaed","robots":{"index":"index","follow":"follow","max-snippet":"max-snippet:-1","max-image-preview":"max-image-preview:large","max-video-preview":"max-video-preview:-1"},"canonical":"https:\/\/rodoaed.ee\/fi\/toode\/kuivatut-madot-linnuille-proteiiniruokaa\/","og_locale":"fi_FI","og_type":"article","og_title":"Kuivatut madot linnuille - proteiiniruokaa","og_description":"Nopea energian ja proteiinin lis\u00e4ys. Sopii linnuille, kanoille sek\u00e4 oraville ja liito-oraville. Tuo lis\u00e4\u00e4 el\u00e4m\u00e4\u00e4 ja elinvoimaa puutarhaan. Kev\u00e4t on","og_url":"https:\/\/rodoaed.ee\/fi\/toode\/kuivatut-madot-linnuille-proteiiniruokaa\/","og_site_name":"Rodoaed","article_publisher":"https:\/\/www.facebook.com\/kasvuhooned\/","article_modified_time":"2026-04-13T07:57:26+00:00","og_image":[{"width":1240,"height":1240,"url":"https:\/\/rodoaed.ee\/wp-content\/uploads\/2022\/10\/kuivatatud-jahuussid_FB916_01.png","type":"image\/png"}],"twitter_card":"summary_large_image","twitter_misc":{"Arvioitu lukuaika":"1 minuutti"},"schema":{"@context":"https:\/\/schema.org","@graph":[{"@type":"WebPage","@id":"https:\/\/rodoaed.ee\/fi\/toode\/kuivatut-madot-linnuille-proteiiniruokaa\/","url":"https:\/\/rodoaed.ee\/fi\/toode\/kuivatut-madot-linnuille-proteiiniruokaa\/","name":"Kuivatut madot linnuille - proteiiniruokaa - Rodoaed","isPartOf":{"@id":"https:\/\/rodoaed.ee\/#website"},"primaryImageOfPage":{"@id":"https:\/\/rodoaed.ee\/fi\/toode\/kuivatut-madot-linnuille-proteiiniruokaa\/#primaryimage"},"image":{"@id":"https:\/\/rodoaed.ee\/fi\/toode\/kuivatut-madot-linnuille-proteiiniruokaa\/#primaryimage"},"thumbnailUrl":"https:\/\/rodoaed.ee\/wp-content\/uploads\/2022\/10\/kuivatatud-jahuussid_FB916_01.png","datePublished":"2022-10-18T12:07:08+00:00","dateModified":"2026-04-13T07:57:26+00:00","breadcrumb":{"@id":"https:\/\/rodoaed.ee\/fi\/toode\/kuivatut-madot-linnuille-proteiiniruokaa\/#breadcrumb"},"inLanguage":"fi","potentialAction":[{"@type":"ReadAction","target":["https:\/\/rodoaed.ee\/fi\/toode\/kuivatut-madot-linnuille-proteiiniruokaa\/"]}]},{"@type":"ImageObject","inLanguage":"fi","@id":"https:\/\/rodoaed.ee\/fi\/toode\/kuivatut-madot-linnuille-proteiiniruokaa\/#primaryimage","url":"https:\/\/rodoaed.ee\/wp-content\/uploads\/2022\/10\/kuivatatud-jahuussid_FB916_01.png","contentUrl":"https:\/\/rodoaed.ee\/wp-content\/uploads\/2022\/10\/kuivatatud-jahuussid_FB916_01.png","width":1240,"height":1240},{"@type":"BreadcrumbList","@id":"https:\/\/rodoaed.ee\/fi\/toode\/kuivatut-madot-linnuille-proteiiniruokaa\/#breadcrumb","itemListElement":[{"@type":"ListItem","position":1,"name":"Home","item":"https:\/\/rodoaed.ee\/fi\/"},{"@type":"ListItem","position":2,"name":"Osta osoitteessa","item":"https:\/\/rodoaed.ee\/osta-osoitteessa\/"},{"@type":"ListItem","position":3,"name":"Kuivatut madot linnuille &#8211; proteiiniruokaa"}]},{"@type":"WebSite","@id":"https:\/\/rodoaed.ee\/#website","url":"https:\/\/rodoaed.ee\/","name":"Rodoaed","description":"","publisher":{"@id":"https:\/\/rodoaed.ee\/#organization"},"potentialAction":[{"@type":"SearchAction","target":{"@type":"EntryPoint","urlTemplate":"https:\/\/rodoaed.ee\/?s={search_term_string}"},"query-input":{"@type":"PropertyValueSpecification","valueRequired":true,"valueName":"search_term_string"}}],"inLanguage":"fi"},{"@type":"Organization","@id":"https:\/\/rodoaed.ee\/#organization","name":"Rodoaed","url":"https:\/\/rodoaed.ee\/","logo":{"@type":"ImageObject","inLanguage":"fi","@id":"https:\/\/rodoaed.ee\/#\/schema\/logo\/image\/","url":"https:\/\/rodoaed.ee\/wp-content\/uploads\/2019\/11\/rodoaed-logo-ilma-taustata.jpg","contentUrl":"https:\/\/rodoaed.ee\/wp-content\/uploads\/2019\/11\/rodoaed-logo-ilma-taustata.jpg","width":769,"height":268,"caption":"Rodoaed"},"image":{"@id":"https:\/\/rodoaed.ee\/#\/schema\/logo\/image\/"},"sameAs":["https:\/\/www.facebook.com\/kasvuhooned\/","https:\/\/rodoaed.ee"]}]}},"_links":{"self":[{"href":"https:\/\/rodoaed.ee\/fi\/wp-json\/wp\/v2\/product\/52928","targetHints":{"allow":["GET"]}}],"collection":[{"href":"https:\/\/rodoaed.ee\/fi\/wp-json\/wp\/v2\/product"}],"about":[{"href":"https:\/\/rodoaed.ee\/fi\/wp-json\/wp\/v2\/types\/product"}],"wp:featuredmedia":[{"embeddable":true,"href":"https:\/\/rodoaed.ee\/fi\/wp-json\/wp\/v2\/media\/42652"}],"wp:attachment":[{"href":"https:\/\/rodoaed.ee\/fi\/wp-json\/wp\/v2\/media?parent=52928"}],"wp:term":[{"taxonomy":"product_brand","embeddable":true,"href":"https:\/\/rodoaed.ee\/fi\/wp-json\/wp\/v2\/product_brand?post=52928"},{"taxonomy":"product_cat","embeddable":true,"href":"https:\/\/rodoaed.ee\/fi\/wp-json\/wp\/v2\/product_cat?post=52928"},{"taxonomy":"product_tag","embeddable":true,"href":"https:\/\/rodoaed.ee\/fi\/wp-json\/wp\/v2\/product_tag?post=52928"}],"curies":[{"name":"wp","href":"https:\/\/api.w.org\/{rel}","templated":true}]}}