{"id":52930,"date":"2022-10-13T19:49:09","date_gmt":"2022-10-13T16:49:09","guid":{"rendered":"https:\/\/rodoaed.ee\/toode\/complete-mix-ruokaseos-jossa-on-runsaasti-hyonteisrasvaa-5kg\/"},"modified":"2026-04-13T10:57:28","modified_gmt":"2026-04-13T07:57:28","slug":"complete-mix-ruokaseos-jossa-on-runsaasti-hyonteisrasvaa-5kg","status":"publish","type":"product","link":"https:\/\/rodoaed.ee\/fi\/tuote\/complete-mix-ruokaseos-jossa-on-runsaasti-hyonteisrasvaa-5kg\/","title":{"rendered":"Complete Mix- ruokaseos, jossa on runsaasti hy\u00f6nteisrasvaa 5kg"},"content":{"rendered":"<p>Energiarikas ateria, jossa on erityisen runsaasti hy\u00f6nteisrasvaa, k\u00e4tev\u00e4ss\u00e4 kahvallisessa \u00e4mp\u00e4riss\u00e4.<\/p>\n<p>Sopii ymp\u00e4rivuotiseen k\u00e4ytt\u00f6\u00f6n. Sopii sijoitettavaksi maahan tai k\u00e4ytett\u00e4v\u00e4ksi kaikentyyppisiss\u00e4 ruokakasseissa. <\/p>\n<p><strong>Paino: 5<\/strong> <strong>kg<\/strong><\/p>\n<ul class=\"a-unordered-list a-vertical a-spacing-none\">\n<li class=\"a-spacing-small\"><span class=\"a-list-item a-size-base\">T\u00e4m\u00e4 ruokalaji on erityisen suosittu kaikkien kettujen, mustarastasien ja viitasammakoiden keskuudessa. Se on my\u00f6s kaikkien tiaisten ja muiden puutarha- ja mets\u00e4lintujen suosiossa. <\/span><\/li>\n<li>Sis\u00e4lt\u00e4\u00e4 terveellist\u00e4 karkearakeista kaurahiutaletta, vitamiini- ja \u00f6ljypitoisia kuorittuja auringonkukansiemeni\u00e4. Herkullisia rusinoita ja mineraalirikkaita hampunsiemeni\u00e4. Korkealaatuisia maap\u00e4hkin\u00f6it\u00e4 ja valikoituja kivenn\u00e4isaineita.   Tehtaalla on my\u00f6s lis\u00e4tty paljon rakkautta ja tietoa lintujen tarpeista.<\/li>\n<li>T\u00e4ss\u00e4 seoksessa on erityisen paljon rasvaa, noin 3000 hy\u00f6nteist\u00e4 jauhokiloa kohti. Hy\u00f6nteisrasva tekee t\u00e4st\u00e4 rehuseoksesta lintujen suuren suosikin. <\/li>\n<li>Puhdasta, tautivapaata, monesti testattua ja ennen pakkaamista tarkastettua &#8211; paras valinta puutarhasi linnuille.<\/li>\n<li class=\"a-spacing-small\">Ruokkimalla lintuja otamme vastuun. Luonnonvaraiset elinymp\u00e4rist\u00f6mme ehtyv\u00e4t nopeasti, ja luonnonvaraisten lintujen on jo nyt vaikea saada kaikkia tarvitsemiaan vitamiineja, kivenn\u00e4isaineita ja alkuaineita riitt\u00e4v\u00e4sti. T\u00e4ydent\u00e4m\u00e4ll\u00e4 ruokavaliotamme voimme antaa tarpeellisen panoksen luonnonvaraisten el\u00e4inten ja lintujen auttamiseksi.  <\/li>\n<li>Parhaiden tulosten saavuttamiseksi lintuja kannattaa ruokkia ymp\u00e4ri vuoden.<\/li>\n<\/ul>\n<p>&nbsp;<\/p>\n","protected":false},"excerpt":{"rendered":"<p>Energiarikas ateria, jossa on erityisen runsaasti hy\u00f6nteisrasvaa, k\u00e4tev\u00e4ss\u00e4 kahvallisessa \u00e4mp\u00e4riss\u00e4. Sopii ymp\u00e4rivuotiseen k\u00e4ytt\u00f6\u00f6n. Sopii sijoitettavaksi maahan tai k\u00e4ytett\u00e4v\u00e4ksi kaikentyyppisiss\u00e4 ruokakasseissa. Paino: 5 kg T\u00e4m\u00e4 ruokalaji on erityisen suosittu kaikkien kettujen, mustarastasien ja viitasammakoiden keskuudessa. Se on my\u00f6s kaikkien tiaisten ja muiden puutarha- ja mets\u00e4lintujen suosiossa. Sis\u00e4lt\u00e4\u00e4 terveellist\u00e4 karkearakeista kaurahiutaletta, vitamiini- ja \u00f6ljypitoisia kuorittuja auringonkukansiemeni\u00e4. Herkullisia rusinoita ja mineraalirikkaita hampunsiemeni\u00e4. Korkealaatuisia maap\u00e4hkin\u00f6it\u00e4 ja valikoituja kivenn\u00e4isaineita. Tehtaalla&#8230;<\/p>\n","protected":false},"featured_media":42517,"template":"","meta":{"_acf_changed":false},"product_brand":[],"product_cat":[1767,1974],"product_tag":[],"class_list":{"0":"post-52930","1":"product","2":"type-product","3":"status-publish","4":"has-post-thumbnail","6":"product_cat-linnaillalliset-ja-linnan-ravintolat","7":"product_cat-lintujen-ruokaa","8":"product_shipping_class-toimitus-1-3-tyopaivan-kuluessa","9":"pa_variatsioon-premium-rehuseos-siipikarjalle-2kg","11":"first","12":"outofstock","13":"sale","14":"taxable","15":"shipping-taxable","16":"purchasable","17":"product-type-simple"},"acf":[],"yoast_head":"<!-- This site is optimized with the Yoast SEO Premium plugin v27.3 (Yoast SEO v27.3) - https:\/\/yoast.com\/product\/yoast-seo-premium-wordpress\/ -->\n<title>Complete Mix- ruokaseos, jossa on runsaasti hy\u00f6nteisrasvaa 5kg - Rodoaed<\/title>\n<meta name=\"robots\" content=\"index, follow, max-snippet:-1, max-image-preview:large, max-video-preview:-1\" \/>\n<link rel=\"canonical\" href=\"https:\/\/rodoaed.ee\/toode\/complete-mix-ruokaseos-jossa-on-runsaasti-hyonteisrasvaa-5kg\/\" \/>\n<meta property=\"og:locale\" content=\"fi_FI\" \/>\n<meta property=\"og:type\" content=\"article\" \/>\n<meta property=\"og:title\" content=\"Complete Mix- ruokaseos, jossa on runsaasti hy\u00f6nteisrasvaa 5kg\" \/>\n<meta property=\"og:description\" content=\"Energiarikas ateria, jossa on erityisen runsaasti hy\u00f6nteisrasvaa, k\u00e4tev\u00e4ss\u00e4 kahvallisessa \u00e4mp\u00e4riss\u00e4. Sopii ymp\u00e4rivuotiseen k\u00e4ytt\u00f6\u00f6n. Sopii sijoitettavaksi\" \/>\n<meta property=\"og:url\" content=\"https:\/\/rodoaed.ee\/toode\/complete-mix-ruokaseos-jossa-on-runsaasti-hyonteisrasvaa-5kg\/\" \/>\n<meta property=\"og:site_name\" content=\"Rodoaed\" \/>\n<meta property=\"article:publisher\" content=\"https:\/\/www.facebook.com\/kasvuhooned\/\" \/>\n<meta property=\"article:modified_time\" content=\"2026-04-13T07:57:28+00:00\" \/>\n<meta name=\"twitter:card\" content=\"summary_large_image\" \/>\n<meta name=\"twitter:label1\" content=\"Arvioitu lukuaika\" \/>\n\t<meta name=\"twitter:data1\" content=\"1 minuutti\" \/>\n<script type=\"application\/ld+json\" class=\"yoast-schema-graph\">{\"@context\":\"https:\\\/\\\/schema.org\",\"@graph\":[{\"@type\":\"WebPage\",\"@id\":\"https:\\\/\\\/rodoaed.ee\\\/toode\\\/complete-mix-ruokaseos-jossa-on-runsaasti-hyonteisrasvaa-5kg\\\/\",\"url\":\"https:\\\/\\\/rodoaed.ee\\\/toode\\\/complete-mix-ruokaseos-jossa-on-runsaasti-hyonteisrasvaa-5kg\\\/\",\"name\":\"Complete Mix- ruokaseos, jossa on runsaasti hy\u00f6nteisrasvaa 5kg - Rodoaed\",\"isPartOf\":{\"@id\":\"https:\\\/\\\/rodoaed.ee\\\/#website\"},\"primaryImageOfPage\":{\"@id\":\"https:\\\/\\\/rodoaed.ee\\\/toode\\\/complete-mix-ruokaseos-jossa-on-runsaasti-hyonteisrasvaa-5kg\\\/#primaryimage\"},\"image\":{\"@id\":\"https:\\\/\\\/rodoaed.ee\\\/toode\\\/complete-mix-ruokaseos-jossa-on-runsaasti-hyonteisrasvaa-5kg\\\/#primaryimage\"},\"thumbnailUrl\":\"https:\\\/\\\/rodoaed.ee\\\/wp-content\\\/uploads\\\/2022\\\/10\\\/complete-mix_Soogisegu-rikkaliku-putukarasvaga_5kg_1.jpeg\",\"datePublished\":\"2022-10-13T16:49:09+00:00\",\"dateModified\":\"2026-04-13T07:57:28+00:00\",\"breadcrumb\":{\"@id\":\"https:\\\/\\\/rodoaed.ee\\\/toode\\\/complete-mix-ruokaseos-jossa-on-runsaasti-hyonteisrasvaa-5kg\\\/#breadcrumb\"},\"inLanguage\":\"fi\",\"potentialAction\":[{\"@type\":\"ReadAction\",\"target\":[\"https:\\\/\\\/rodoaed.ee\\\/toode\\\/complete-mix-ruokaseos-jossa-on-runsaasti-hyonteisrasvaa-5kg\\\/\"]}]},{\"@type\":\"ImageObject\",\"inLanguage\":\"fi\",\"@id\":\"https:\\\/\\\/rodoaed.ee\\\/toode\\\/complete-mix-ruokaseos-jossa-on-runsaasti-hyonteisrasvaa-5kg\\\/#primaryimage\",\"url\":\"https:\\\/\\\/rodoaed.ee\\\/wp-content\\\/uploads\\\/2022\\\/10\\\/complete-mix_Soogisegu-rikkaliku-putukarasvaga_5kg_1.jpeg\",\"contentUrl\":\"https:\\\/\\\/rodoaed.ee\\\/wp-content\\\/uploads\\\/2022\\\/10\\\/complete-mix_Soogisegu-rikkaliku-putukarasvaga_5kg_1.jpeg\",\"width\":940,\"height\":764},{\"@type\":\"BreadcrumbList\",\"@id\":\"https:\\\/\\\/rodoaed.ee\\\/toode\\\/complete-mix-ruokaseos-jossa-on-runsaasti-hyonteisrasvaa-5kg\\\/#breadcrumb\",\"itemListElement\":[{\"@type\":\"ListItem\",\"position\":1,\"name\":\"Home\",\"item\":\"https:\\\/\\\/rodoaed.ee\\\/fi\\\/\"},{\"@type\":\"ListItem\",\"position\":2,\"name\":\"Osta osoitteessa\",\"item\":\"https:\\\/\\\/rodoaed.ee\\\/osta-osoitteessa\\\/\"},{\"@type\":\"ListItem\",\"position\":3,\"name\":\"Complete Mix- ruokaseos, jossa on runsaasti hy\u00f6nteisrasvaa 5kg\"}]},{\"@type\":\"WebSite\",\"@id\":\"https:\\\/\\\/rodoaed.ee\\\/#website\",\"url\":\"https:\\\/\\\/rodoaed.ee\\\/\",\"name\":\"Rodoaed\",\"description\":\"\",\"publisher\":{\"@id\":\"https:\\\/\\\/rodoaed.ee\\\/#organization\"},\"potentialAction\":[{\"@type\":\"SearchAction\",\"target\":{\"@type\":\"EntryPoint\",\"urlTemplate\":\"https:\\\/\\\/rodoaed.ee\\\/?s={search_term_string}\"},\"query-input\":{\"@type\":\"PropertyValueSpecification\",\"valueRequired\":true,\"valueName\":\"search_term_string\"}}],\"inLanguage\":\"fi\"},{\"@type\":\"Organization\",\"@id\":\"https:\\\/\\\/rodoaed.ee\\\/#organization\",\"name\":\"Rodoaed\",\"url\":\"https:\\\/\\\/rodoaed.ee\\\/\",\"logo\":{\"@type\":\"ImageObject\",\"inLanguage\":\"fi\",\"@id\":\"https:\\\/\\\/rodoaed.ee\\\/#\\\/schema\\\/logo\\\/image\\\/\",\"url\":\"https:\\\/\\\/rodoaed.ee\\\/wp-content\\\/uploads\\\/2019\\\/11\\\/rodoaed-logo-ilma-taustata.jpg\",\"contentUrl\":\"https:\\\/\\\/rodoaed.ee\\\/wp-content\\\/uploads\\\/2019\\\/11\\\/rodoaed-logo-ilma-taustata.jpg\",\"width\":769,\"height\":268,\"caption\":\"Rodoaed\"},\"image\":{\"@id\":\"https:\\\/\\\/rodoaed.ee\\\/#\\\/schema\\\/logo\\\/image\\\/\"},\"sameAs\":[\"https:\\\/\\\/www.facebook.com\\\/kasvuhooned\\\/\",\"https:\\\/\\\/rodoaed.ee\"]}]}<\/script>\n<!-- \/ Yoast SEO Premium plugin. -->","yoast_head_json":{"title":"Complete Mix- ruokaseos, jossa on runsaasti hy\u00f6nteisrasvaa 5kg - Rodoaed","robots":{"index":"index","follow":"follow","max-snippet":"max-snippet:-1","max-image-preview":"max-image-preview:large","max-video-preview":"max-video-preview:-1"},"canonical":"https:\/\/rodoaed.ee\/toode\/complete-mix-ruokaseos-jossa-on-runsaasti-hyonteisrasvaa-5kg\/","og_locale":"fi_FI","og_type":"article","og_title":"Complete Mix- ruokaseos, jossa on runsaasti hy\u00f6nteisrasvaa 5kg","og_description":"Energiarikas ateria, jossa on erityisen runsaasti hy\u00f6nteisrasvaa, k\u00e4tev\u00e4ss\u00e4 kahvallisessa \u00e4mp\u00e4riss\u00e4. Sopii ymp\u00e4rivuotiseen k\u00e4ytt\u00f6\u00f6n. Sopii sijoitettavaksi","og_url":"https:\/\/rodoaed.ee\/toode\/complete-mix-ruokaseos-jossa-on-runsaasti-hyonteisrasvaa-5kg\/","og_site_name":"Rodoaed","article_publisher":"https:\/\/www.facebook.com\/kasvuhooned\/","article_modified_time":"2026-04-13T07:57:28+00:00","twitter_card":"summary_large_image","twitter_misc":{"Arvioitu lukuaika":"1 minuutti"},"schema":{"@context":"https:\/\/schema.org","@graph":[{"@type":"WebPage","@id":"https:\/\/rodoaed.ee\/toode\/complete-mix-ruokaseos-jossa-on-runsaasti-hyonteisrasvaa-5kg\/","url":"https:\/\/rodoaed.ee\/toode\/complete-mix-ruokaseos-jossa-on-runsaasti-hyonteisrasvaa-5kg\/","name":"Complete Mix- ruokaseos, jossa on runsaasti hy\u00f6nteisrasvaa 5kg - Rodoaed","isPartOf":{"@id":"https:\/\/rodoaed.ee\/#website"},"primaryImageOfPage":{"@id":"https:\/\/rodoaed.ee\/toode\/complete-mix-ruokaseos-jossa-on-runsaasti-hyonteisrasvaa-5kg\/#primaryimage"},"image":{"@id":"https:\/\/rodoaed.ee\/toode\/complete-mix-ruokaseos-jossa-on-runsaasti-hyonteisrasvaa-5kg\/#primaryimage"},"thumbnailUrl":"https:\/\/rodoaed.ee\/wp-content\/uploads\/2022\/10\/complete-mix_Soogisegu-rikkaliku-putukarasvaga_5kg_1.jpeg","datePublished":"2022-10-13T16:49:09+00:00","dateModified":"2026-04-13T07:57:28+00:00","breadcrumb":{"@id":"https:\/\/rodoaed.ee\/toode\/complete-mix-ruokaseos-jossa-on-runsaasti-hyonteisrasvaa-5kg\/#breadcrumb"},"inLanguage":"fi","potentialAction":[{"@type":"ReadAction","target":["https:\/\/rodoaed.ee\/toode\/complete-mix-ruokaseos-jossa-on-runsaasti-hyonteisrasvaa-5kg\/"]}]},{"@type":"ImageObject","inLanguage":"fi","@id":"https:\/\/rodoaed.ee\/toode\/complete-mix-ruokaseos-jossa-on-runsaasti-hyonteisrasvaa-5kg\/#primaryimage","url":"https:\/\/rodoaed.ee\/wp-content\/uploads\/2022\/10\/complete-mix_Soogisegu-rikkaliku-putukarasvaga_5kg_1.jpeg","contentUrl":"https:\/\/rodoaed.ee\/wp-content\/uploads\/2022\/10\/complete-mix_Soogisegu-rikkaliku-putukarasvaga_5kg_1.jpeg","width":940,"height":764},{"@type":"BreadcrumbList","@id":"https:\/\/rodoaed.ee\/toode\/complete-mix-ruokaseos-jossa-on-runsaasti-hyonteisrasvaa-5kg\/#breadcrumb","itemListElement":[{"@type":"ListItem","position":1,"name":"Home","item":"https:\/\/rodoaed.ee\/fi\/"},{"@type":"ListItem","position":2,"name":"Osta osoitteessa","item":"https:\/\/rodoaed.ee\/osta-osoitteessa\/"},{"@type":"ListItem","position":3,"name":"Complete Mix- ruokaseos, jossa on runsaasti hy\u00f6nteisrasvaa 5kg"}]},{"@type":"WebSite","@id":"https:\/\/rodoaed.ee\/#website","url":"https:\/\/rodoaed.ee\/","name":"Rodoaed","description":"","publisher":{"@id":"https:\/\/rodoaed.ee\/#organization"},"potentialAction":[{"@type":"SearchAction","target":{"@type":"EntryPoint","urlTemplate":"https:\/\/rodoaed.ee\/?s={search_term_string}"},"query-input":{"@type":"PropertyValueSpecification","valueRequired":true,"valueName":"search_term_string"}}],"inLanguage":"fi"},{"@type":"Organization","@id":"https:\/\/rodoaed.ee\/#organization","name":"Rodoaed","url":"https:\/\/rodoaed.ee\/","logo":{"@type":"ImageObject","inLanguage":"fi","@id":"https:\/\/rodoaed.ee\/#\/schema\/logo\/image\/","url":"https:\/\/rodoaed.ee\/wp-content\/uploads\/2019\/11\/rodoaed-logo-ilma-taustata.jpg","contentUrl":"https:\/\/rodoaed.ee\/wp-content\/uploads\/2019\/11\/rodoaed-logo-ilma-taustata.jpg","width":769,"height":268,"caption":"Rodoaed"},"image":{"@id":"https:\/\/rodoaed.ee\/#\/schema\/logo\/image\/"},"sameAs":["https:\/\/www.facebook.com\/kasvuhooned\/","https:\/\/rodoaed.ee"]}]}},"_links":{"self":[{"href":"https:\/\/rodoaed.ee\/fi\/wp-json\/wp\/v2\/product\/52930","targetHints":{"allow":["GET"]}}],"collection":[{"href":"https:\/\/rodoaed.ee\/fi\/wp-json\/wp\/v2\/product"}],"about":[{"href":"https:\/\/rodoaed.ee\/fi\/wp-json\/wp\/v2\/types\/product"}],"wp:featuredmedia":[{"embeddable":true,"href":"https:\/\/rodoaed.ee\/fi\/wp-json\/wp\/v2\/media\/42517"}],"wp:attachment":[{"href":"https:\/\/rodoaed.ee\/fi\/wp-json\/wp\/v2\/media?parent=52930"}],"wp:term":[{"taxonomy":"product_brand","embeddable":true,"href":"https:\/\/rodoaed.ee\/fi\/wp-json\/wp\/v2\/product_brand?post=52930"},{"taxonomy":"product_cat","embeddable":true,"href":"https:\/\/rodoaed.ee\/fi\/wp-json\/wp\/v2\/product_cat?post=52930"},{"taxonomy":"product_tag","embeddable":true,"href":"https:\/\/rodoaed.ee\/fi\/wp-json\/wp\/v2\/product_tag?post=52930"}],"curies":[{"name":"wp","href":"https:\/\/api.w.org\/{rel}","templated":true}]}}