{"id":52932,"date":"2022-10-17T21:33:47","date_gmt":"2022-10-17T18:33:47","guid":{"rendered":"https:\/\/rodoaed.ee\/toode\/rehuseos-karjan-ruokintaan-vilja-ja-pehmea-ruoka-25kg\/"},"modified":"2026-04-13T10:57:28","modified_gmt":"2026-04-13T07:57:28","slug":"rehuseos-karjan-ruokintaan-vilja-ja-pehmea-ruoka-25kg","status":"publish","type":"product","link":"https:\/\/rodoaed.ee\/fi\/tuote\/rehuseos-karjan-ruokintaan-vilja-ja-pehmea-ruoka-25kg\/","title":{"rendered":"Rehuseos karjan ruokintaan &#8211; Vilja ja pehme\u00e4 ruoka 2,5kg."},"content":{"rendered":"<p><strong>Sis\u00e4lt\u00e4\u00e4 sek\u00e4 viljaa ett\u00e4 pehmeit\u00e4 ainesosia<\/strong><\/p>\n<ul>\n<li>Sopii ymp\u00e4rivuotiseen k\u00e4ytt\u00f6\u00f6n<\/li>\n<li>Sis\u00e4lt\u00e4\u00e4 paljon maukkaita ainesosia, joita linnut rakastavat sy\u00f6d\u00e4.<\/li>\n<li>Energiapitoiset ateriat<\/li>\n<li>Sopii sek\u00e4 siemeni\u00e4 ett\u00e4 pehme\u00e4\u00e4 ruokaa sy\u00f6ville linnuille.<\/li>\n<\/ul>\n<p><strong>Paino: 2,5<\/strong> <strong>kg<\/strong><\/p>\n<p>&nbsp;<\/p>\n","protected":false},"excerpt":{"rendered":"<p>Sis\u00e4lt\u00e4\u00e4 sek\u00e4 viljaa ett\u00e4 pehmeit\u00e4 ainesosia Sopii ymp\u00e4rivuotiseen k\u00e4ytt\u00f6\u00f6n Sis\u00e4lt\u00e4\u00e4 paljon maukkaita ainesosia, joita linnut rakastavat sy\u00f6d\u00e4. Energiapitoiset ateriat Sopii sek\u00e4 siemeni\u00e4 ett\u00e4 pehme\u00e4\u00e4 ruokaa sy\u00f6ville linnuille. Paino: 2,5 kg &nbsp;<\/p>\n","protected":false},"featured_media":42576,"template":"","meta":{"_acf_changed":false},"product_brand":[],"product_cat":[1767,1974],"product_tag":[],"class_list":{"0":"post-52932","1":"product","2":"type-product","3":"status-publish","4":"has-post-thumbnail","6":"product_cat-linnaillalliset-ja-linnan-ravintolat","7":"product_cat-lintujen-ruokaa","8":"product_shipping_class-toimitus-1-3-tyopaivan-kuluessa","9":"pa_variatsioon-premium-rehuseos-siipikarjalle-2kg","11":"first","12":"outofstock","13":"sale","14":"taxable","15":"shipping-taxable","16":"purchasable","17":"product-type-simple"},"acf":[],"yoast_head":"<!-- This site is optimized with the Yoast SEO Premium plugin v27.3 (Yoast SEO v27.3) - https:\/\/yoast.com\/product\/yoast-seo-premium-wordpress\/ -->\n<title>Rehuseos karjan ruokintaan - Vilja ja pehme\u00e4 ruoka 2,5kg. - Rodoaed<\/title>\n<meta name=\"robots\" content=\"index, follow, max-snippet:-1, max-image-preview:large, max-video-preview:-1\" \/>\n<link rel=\"canonical\" href=\"https:\/\/rodoaed.ee\/fi\/toode\/rehuseos-karjan-ruokintaan-vilja-ja-pehmea-ruoka-25kg\/\" \/>\n<meta property=\"og:locale\" content=\"fi_FI\" \/>\n<meta property=\"og:type\" content=\"article\" \/>\n<meta property=\"og:title\" content=\"Rehuseos karjan ruokintaan - Vilja ja pehme\u00e4 ruoka 2,5kg.\" \/>\n<meta property=\"og:description\" content=\"Sis\u00e4lt\u00e4\u00e4 sek\u00e4 viljaa ett\u00e4 pehmeit\u00e4 ainesosia Sopii ymp\u00e4rivuotiseen k\u00e4ytt\u00f6\u00f6n Sis\u00e4lt\u00e4\u00e4 paljon maukkaita ainesosia, joita linnut rakastavat sy\u00f6d\u00e4.\" \/>\n<meta property=\"og:url\" content=\"https:\/\/rodoaed.ee\/fi\/toode\/rehuseos-karjan-ruokintaan-vilja-ja-pehmea-ruoka-25kg\/\" \/>\n<meta property=\"og:site_name\" content=\"Rodoaed\" \/>\n<meta property=\"article:publisher\" content=\"https:\/\/www.facebook.com\/kasvuhooned\/\" \/>\n<meta property=\"article:modified_time\" content=\"2026-04-13T07:57:28+00:00\" \/>\n<meta property=\"og:image\" content=\"https:\/\/rodoaed.ee\/wp-content\/uploads\/2022\/10\/Soogisegu-lindudele_Grain-and-Soft-food_25kg_2.jpeg\" \/>\n\t<meta property=\"og:image:width\" content=\"670\" \/>\n\t<meta property=\"og:image:height\" content=\"1257\" \/>\n\t<meta property=\"og:image:type\" content=\"image\/jpeg\" \/>\n<meta name=\"twitter:card\" content=\"summary_large_image\" \/>\n<script type=\"application\/ld+json\" class=\"yoast-schema-graph\">{\"@context\":\"https:\\\/\\\/schema.org\",\"@graph\":[{\"@type\":\"WebPage\",\"@id\":\"https:\\\/\\\/rodoaed.ee\\\/fi\\\/toode\\\/rehuseos-karjan-ruokintaan-vilja-ja-pehmea-ruoka-25kg\\\/\",\"url\":\"https:\\\/\\\/rodoaed.ee\\\/fi\\\/toode\\\/rehuseos-karjan-ruokintaan-vilja-ja-pehmea-ruoka-25kg\\\/\",\"name\":\"Rehuseos karjan ruokintaan - Vilja ja pehme\u00e4 ruoka 2,5kg. - Rodoaed\",\"isPartOf\":{\"@id\":\"https:\\\/\\\/rodoaed.ee\\\/#website\"},\"primaryImageOfPage\":{\"@id\":\"https:\\\/\\\/rodoaed.ee\\\/fi\\\/toode\\\/rehuseos-karjan-ruokintaan-vilja-ja-pehmea-ruoka-25kg\\\/#primaryimage\"},\"image\":{\"@id\":\"https:\\\/\\\/rodoaed.ee\\\/fi\\\/toode\\\/rehuseos-karjan-ruokintaan-vilja-ja-pehmea-ruoka-25kg\\\/#primaryimage\"},\"thumbnailUrl\":\"https:\\\/\\\/rodoaed.ee\\\/wp-content\\\/uploads\\\/2022\\\/10\\\/Soogisegu-lindudele_Grain-and-Soft-food_25kg_2.jpeg\",\"datePublished\":\"2022-10-17T18:33:47+00:00\",\"dateModified\":\"2026-04-13T07:57:28+00:00\",\"breadcrumb\":{\"@id\":\"https:\\\/\\\/rodoaed.ee\\\/fi\\\/toode\\\/rehuseos-karjan-ruokintaan-vilja-ja-pehmea-ruoka-25kg\\\/#breadcrumb\"},\"inLanguage\":\"fi\",\"potentialAction\":[{\"@type\":\"ReadAction\",\"target\":[\"https:\\\/\\\/rodoaed.ee\\\/fi\\\/toode\\\/rehuseos-karjan-ruokintaan-vilja-ja-pehmea-ruoka-25kg\\\/\"]}]},{\"@type\":\"ImageObject\",\"inLanguage\":\"fi\",\"@id\":\"https:\\\/\\\/rodoaed.ee\\\/fi\\\/toode\\\/rehuseos-karjan-ruokintaan-vilja-ja-pehmea-ruoka-25kg\\\/#primaryimage\",\"url\":\"https:\\\/\\\/rodoaed.ee\\\/wp-content\\\/uploads\\\/2022\\\/10\\\/Soogisegu-lindudele_Grain-and-Soft-food_25kg_2.jpeg\",\"contentUrl\":\"https:\\\/\\\/rodoaed.ee\\\/wp-content\\\/uploads\\\/2022\\\/10\\\/Soogisegu-lindudele_Grain-and-Soft-food_25kg_2.jpeg\",\"width\":670,\"height\":1257},{\"@type\":\"BreadcrumbList\",\"@id\":\"https:\\\/\\\/rodoaed.ee\\\/fi\\\/toode\\\/rehuseos-karjan-ruokintaan-vilja-ja-pehmea-ruoka-25kg\\\/#breadcrumb\",\"itemListElement\":[{\"@type\":\"ListItem\",\"position\":1,\"name\":\"Home\",\"item\":\"https:\\\/\\\/rodoaed.ee\\\/fi\\\/\"},{\"@type\":\"ListItem\",\"position\":2,\"name\":\"Osta osoitteessa\",\"item\":\"https:\\\/\\\/rodoaed.ee\\\/osta-osoitteessa\\\/\"},{\"@type\":\"ListItem\",\"position\":3,\"name\":\"Rehuseos karjan ruokintaan &#8211; Vilja ja pehme\u00e4 ruoka 2,5kg.\"}]},{\"@type\":\"WebSite\",\"@id\":\"https:\\\/\\\/rodoaed.ee\\\/#website\",\"url\":\"https:\\\/\\\/rodoaed.ee\\\/\",\"name\":\"Rodoaed\",\"description\":\"\",\"publisher\":{\"@id\":\"https:\\\/\\\/rodoaed.ee\\\/#organization\"},\"potentialAction\":[{\"@type\":\"SearchAction\",\"target\":{\"@type\":\"EntryPoint\",\"urlTemplate\":\"https:\\\/\\\/rodoaed.ee\\\/?s={search_term_string}\"},\"query-input\":{\"@type\":\"PropertyValueSpecification\",\"valueRequired\":true,\"valueName\":\"search_term_string\"}}],\"inLanguage\":\"fi\"},{\"@type\":\"Organization\",\"@id\":\"https:\\\/\\\/rodoaed.ee\\\/#organization\",\"name\":\"Rodoaed\",\"url\":\"https:\\\/\\\/rodoaed.ee\\\/\",\"logo\":{\"@type\":\"ImageObject\",\"inLanguage\":\"fi\",\"@id\":\"https:\\\/\\\/rodoaed.ee\\\/#\\\/schema\\\/logo\\\/image\\\/\",\"url\":\"https:\\\/\\\/rodoaed.ee\\\/wp-content\\\/uploads\\\/2019\\\/11\\\/rodoaed-logo-ilma-taustata.jpg\",\"contentUrl\":\"https:\\\/\\\/rodoaed.ee\\\/wp-content\\\/uploads\\\/2019\\\/11\\\/rodoaed-logo-ilma-taustata.jpg\",\"width\":769,\"height\":268,\"caption\":\"Rodoaed\"},\"image\":{\"@id\":\"https:\\\/\\\/rodoaed.ee\\\/#\\\/schema\\\/logo\\\/image\\\/\"},\"sameAs\":[\"https:\\\/\\\/www.facebook.com\\\/kasvuhooned\\\/\",\"https:\\\/\\\/rodoaed.ee\"]}]}<\/script>\n<!-- \/ Yoast SEO Premium plugin. -->","yoast_head_json":{"title":"Rehuseos karjan ruokintaan - Vilja ja pehme\u00e4 ruoka 2,5kg. - Rodoaed","robots":{"index":"index","follow":"follow","max-snippet":"max-snippet:-1","max-image-preview":"max-image-preview:large","max-video-preview":"max-video-preview:-1"},"canonical":"https:\/\/rodoaed.ee\/fi\/toode\/rehuseos-karjan-ruokintaan-vilja-ja-pehmea-ruoka-25kg\/","og_locale":"fi_FI","og_type":"article","og_title":"Rehuseos karjan ruokintaan - Vilja ja pehme\u00e4 ruoka 2,5kg.","og_description":"Sis\u00e4lt\u00e4\u00e4 sek\u00e4 viljaa ett\u00e4 pehmeit\u00e4 ainesosia Sopii ymp\u00e4rivuotiseen k\u00e4ytt\u00f6\u00f6n Sis\u00e4lt\u00e4\u00e4 paljon maukkaita ainesosia, joita linnut rakastavat sy\u00f6d\u00e4.","og_url":"https:\/\/rodoaed.ee\/fi\/toode\/rehuseos-karjan-ruokintaan-vilja-ja-pehmea-ruoka-25kg\/","og_site_name":"Rodoaed","article_publisher":"https:\/\/www.facebook.com\/kasvuhooned\/","article_modified_time":"2026-04-13T07:57:28+00:00","og_image":[{"width":670,"height":1257,"url":"https:\/\/rodoaed.ee\/wp-content\/uploads\/2022\/10\/Soogisegu-lindudele_Grain-and-Soft-food_25kg_2.jpeg","type":"image\/jpeg"}],"twitter_card":"summary_large_image","schema":{"@context":"https:\/\/schema.org","@graph":[{"@type":"WebPage","@id":"https:\/\/rodoaed.ee\/fi\/toode\/rehuseos-karjan-ruokintaan-vilja-ja-pehmea-ruoka-25kg\/","url":"https:\/\/rodoaed.ee\/fi\/toode\/rehuseos-karjan-ruokintaan-vilja-ja-pehmea-ruoka-25kg\/","name":"Rehuseos karjan ruokintaan - Vilja ja pehme\u00e4 ruoka 2,5kg. - Rodoaed","isPartOf":{"@id":"https:\/\/rodoaed.ee\/#website"},"primaryImageOfPage":{"@id":"https:\/\/rodoaed.ee\/fi\/toode\/rehuseos-karjan-ruokintaan-vilja-ja-pehmea-ruoka-25kg\/#primaryimage"},"image":{"@id":"https:\/\/rodoaed.ee\/fi\/toode\/rehuseos-karjan-ruokintaan-vilja-ja-pehmea-ruoka-25kg\/#primaryimage"},"thumbnailUrl":"https:\/\/rodoaed.ee\/wp-content\/uploads\/2022\/10\/Soogisegu-lindudele_Grain-and-Soft-food_25kg_2.jpeg","datePublished":"2022-10-17T18:33:47+00:00","dateModified":"2026-04-13T07:57:28+00:00","breadcrumb":{"@id":"https:\/\/rodoaed.ee\/fi\/toode\/rehuseos-karjan-ruokintaan-vilja-ja-pehmea-ruoka-25kg\/#breadcrumb"},"inLanguage":"fi","potentialAction":[{"@type":"ReadAction","target":["https:\/\/rodoaed.ee\/fi\/toode\/rehuseos-karjan-ruokintaan-vilja-ja-pehmea-ruoka-25kg\/"]}]},{"@type":"ImageObject","inLanguage":"fi","@id":"https:\/\/rodoaed.ee\/fi\/toode\/rehuseos-karjan-ruokintaan-vilja-ja-pehmea-ruoka-25kg\/#primaryimage","url":"https:\/\/rodoaed.ee\/wp-content\/uploads\/2022\/10\/Soogisegu-lindudele_Grain-and-Soft-food_25kg_2.jpeg","contentUrl":"https:\/\/rodoaed.ee\/wp-content\/uploads\/2022\/10\/Soogisegu-lindudele_Grain-and-Soft-food_25kg_2.jpeg","width":670,"height":1257},{"@type":"BreadcrumbList","@id":"https:\/\/rodoaed.ee\/fi\/toode\/rehuseos-karjan-ruokintaan-vilja-ja-pehmea-ruoka-25kg\/#breadcrumb","itemListElement":[{"@type":"ListItem","position":1,"name":"Home","item":"https:\/\/rodoaed.ee\/fi\/"},{"@type":"ListItem","position":2,"name":"Osta osoitteessa","item":"https:\/\/rodoaed.ee\/osta-osoitteessa\/"},{"@type":"ListItem","position":3,"name":"Rehuseos karjan ruokintaan &#8211; Vilja ja pehme\u00e4 ruoka 2,5kg."}]},{"@type":"WebSite","@id":"https:\/\/rodoaed.ee\/#website","url":"https:\/\/rodoaed.ee\/","name":"Rodoaed","description":"","publisher":{"@id":"https:\/\/rodoaed.ee\/#organization"},"potentialAction":[{"@type":"SearchAction","target":{"@type":"EntryPoint","urlTemplate":"https:\/\/rodoaed.ee\/?s={search_term_string}"},"query-input":{"@type":"PropertyValueSpecification","valueRequired":true,"valueName":"search_term_string"}}],"inLanguage":"fi"},{"@type":"Organization","@id":"https:\/\/rodoaed.ee\/#organization","name":"Rodoaed","url":"https:\/\/rodoaed.ee\/","logo":{"@type":"ImageObject","inLanguage":"fi","@id":"https:\/\/rodoaed.ee\/#\/schema\/logo\/image\/","url":"https:\/\/rodoaed.ee\/wp-content\/uploads\/2019\/11\/rodoaed-logo-ilma-taustata.jpg","contentUrl":"https:\/\/rodoaed.ee\/wp-content\/uploads\/2019\/11\/rodoaed-logo-ilma-taustata.jpg","width":769,"height":268,"caption":"Rodoaed"},"image":{"@id":"https:\/\/rodoaed.ee\/#\/schema\/logo\/image\/"},"sameAs":["https:\/\/www.facebook.com\/kasvuhooned\/","https:\/\/rodoaed.ee"]}]}},"_links":{"self":[{"href":"https:\/\/rodoaed.ee\/fi\/wp-json\/wp\/v2\/product\/52932","targetHints":{"allow":["GET"]}}],"collection":[{"href":"https:\/\/rodoaed.ee\/fi\/wp-json\/wp\/v2\/product"}],"about":[{"href":"https:\/\/rodoaed.ee\/fi\/wp-json\/wp\/v2\/types\/product"}],"wp:featuredmedia":[{"embeddable":true,"href":"https:\/\/rodoaed.ee\/fi\/wp-json\/wp\/v2\/media\/42576"}],"wp:attachment":[{"href":"https:\/\/rodoaed.ee\/fi\/wp-json\/wp\/v2\/media?parent=52932"}],"wp:term":[{"taxonomy":"product_brand","embeddable":true,"href":"https:\/\/rodoaed.ee\/fi\/wp-json\/wp\/v2\/product_brand?post=52932"},{"taxonomy":"product_cat","embeddable":true,"href":"https:\/\/rodoaed.ee\/fi\/wp-json\/wp\/v2\/product_cat?post=52932"},{"taxonomy":"product_tag","embeddable":true,"href":"https:\/\/rodoaed.ee\/fi\/wp-json\/wp\/v2\/product_tag?post=52932"}],"curies":[{"name":"wp","href":"https:\/\/api.w.org\/{rel}","templated":true}]}}