{"id":52933,"date":"2023-01-23T12:03:02","date_gmt":"2023-01-23T10:03:02","guid":{"rendered":"https:\/\/rodoaed.ee\/toode\/perliitti-2l\/"},"modified":"2026-04-13T10:57:28","modified_gmt":"2026-04-13T07:57:28","slug":"perliitti-2l","status":"publish","type":"product","link":"https:\/\/rodoaed.ee\/fi\/tuote\/perliitti-2l\/","title":{"rendered":"Perliitti 2L"},"content":{"rendered":"<h2>Vulkaaninen perliitti maanparannusaineena<\/h2>\n<p>Perliitti on luonnollinen vulkaaninen kivi. Perliitti soveltuu k\u00e4ytett\u00e4v\u00e4ksi ruukkumullana, siemenkorvien peitt\u00e4miseen, pistokkaiden juurruttamiseen sek\u00e4 vihannesten ja kukkasipuleiden talvis\u00e4ilytykseen. Se on my\u00f6s erinomaista salaojitusta varten kukkaruukuissa.  <\/p>\n<p>Perliitin vedenpid\u00e4tyskyky 97,1 %. Perliitti parantaa kasvualustan rakennetta ja lis\u00e4\u00e4 vedenpid\u00e4tyskyky\u00e4. Se v\u00e4hent\u00e4\u00e4 ali- ja ylil\u00e4jityksen riski\u00e4 luomalla maaper\u00e4\u00e4n hyv\u00e4n yhdyskuntarakenteen. Peitt\u00e4m\u00e4ll\u00e4 multa perliitill\u00e4 kukkaruukuissa voidaan kompensoida valon puutetta talvella, sill\u00e4 valo heijastuu takaisin lumivalkoisesta perliitist\u00e4 ja vahvistaa sen todellista vahvuutta. Soveltuu k\u00e4ytett\u00e4v\u00e4ksi luonnonmukaisessa viljelyss\u00e4.    <\/p>\n<p><strong>K\u00e4ytt\u00f6<\/strong><\/p>\n<p>On suositeltavaa sekoittaa kasvualustaan suhteessa 1:4.<\/p>\n<div id=\"article-specifications\" class=\"tab-links__content is-active col-md-6 mb-4\">\n<div><\/div>\n<div>\n<p>&nbsp;<\/p>\n<\/div>\n<\/div>\n","protected":false},"excerpt":{"rendered":"<p>Vulkaaninen perliitti maanparannusaineena Perliitti on luonnollinen vulkaaninen kivi. Perliitti soveltuu k\u00e4ytett\u00e4v\u00e4ksi ruukkumullana, siemenkorvien peitt\u00e4miseen, pistokkaiden juurruttamiseen sek\u00e4 vihannesten ja kukkasipuleiden talvis\u00e4ilytykseen. Se on my\u00f6s erinomaista salaojitusta varten kukkaruukuissa. Perliitin vedenpid\u00e4tyskyky 97,1 %. Perliitti parantaa kasvualustan rakennetta ja lis\u00e4\u00e4 vedenpid\u00e4tyskyky\u00e4. Se v\u00e4hent\u00e4\u00e4 ali- ja ylil\u00e4jityksen riski\u00e4 luomalla maaper\u00e4\u00e4n hyv\u00e4n yhdyskuntarakenteen. Peitt\u00e4m\u00e4ll\u00e4 multa perliitill\u00e4 kukkaruukuissa voidaan kompensoida valon puutetta talvella, sill\u00e4 valo heijastuu takaisin lumivalkoisesta perliitist\u00e4 ja&#8230;<\/p>\n","protected":false},"featured_media":43286,"template":"","meta":{"_acf_changed":false},"product_brand":[],"product_cat":[1825],"product_tag":[],"class_list":{"0":"post-52933","1":"product","2":"type-product","3":"status-publish","4":"has-post-thumbnail","6":"product_cat-kasvualusta-ja-ruukkumulta","7":"product_shipping_class-toimitus-1-3-tyopaivan-kuluessa","8":"pa_variatsioon-superseeder-kylvokone-21","10":"first","11":"outofstock","12":"taxable","13":"shipping-taxable","14":"purchasable","15":"product-type-simple"},"acf":[],"yoast_head":"<!-- This site is optimized with the Yoast SEO Premium plugin v27.3 (Yoast SEO v27.3) - https:\/\/yoast.com\/product\/yoast-seo-premium-wordpress\/ -->\n<title>Perliitti 2L - Rodoaed<\/title>\n<meta name=\"robots\" content=\"index, follow, max-snippet:-1, max-image-preview:large, max-video-preview:-1\" \/>\n<link rel=\"canonical\" href=\"https:\/\/rodoaed.ee\/fi\/toode\/perliitti-2l\/\" \/>\n<meta property=\"og:locale\" content=\"fi_FI\" \/>\n<meta property=\"og:type\" content=\"article\" \/>\n<meta property=\"og:title\" content=\"Perliitti 2L\" \/>\n<meta property=\"og:description\" content=\"Vulkaaninen perliitti maanparannusaineena Perliitti on luonnollinen vulkaaninen kivi. Perliitti soveltuu k\u00e4ytett\u00e4v\u00e4ksi ruukkumullana, siemenkorvien\" \/>\n<meta property=\"og:url\" content=\"https:\/\/rodoaed.ee\/fi\/toode\/perliitti-2l\/\" \/>\n<meta property=\"og:site_name\" content=\"Rodoaed\" \/>\n<meta property=\"article:publisher\" content=\"https:\/\/www.facebook.com\/kasvuhooned\/\" \/>\n<meta property=\"article:modified_time\" content=\"2026-04-13T07:57:28+00:00\" \/>\n<meta property=\"og:image\" content=\"https:\/\/rodoaed.ee\/wp-content\/uploads\/2023\/01\/mullaparandaja_perliit_2L.jpeg\" \/>\n\t<meta property=\"og:image:width\" content=\"1035\" \/>\n\t<meta property=\"og:image:height\" content=\"1080\" \/>\n\t<meta property=\"og:image:type\" content=\"image\/jpeg\" \/>\n<meta name=\"twitter:card\" content=\"summary_large_image\" \/>\n<script type=\"application\/ld+json\" class=\"yoast-schema-graph\">{\"@context\":\"https:\\\/\\\/schema.org\",\"@graph\":[{\"@type\":\"WebPage\",\"@id\":\"https:\\\/\\\/rodoaed.ee\\\/fi\\\/toode\\\/perliitti-2l\\\/\",\"url\":\"https:\\\/\\\/rodoaed.ee\\\/fi\\\/toode\\\/perliitti-2l\\\/\",\"name\":\"Perliitti 2L - Rodoaed\",\"isPartOf\":{\"@id\":\"https:\\\/\\\/rodoaed.ee\\\/#website\"},\"primaryImageOfPage\":{\"@id\":\"https:\\\/\\\/rodoaed.ee\\\/fi\\\/toode\\\/perliitti-2l\\\/#primaryimage\"},\"image\":{\"@id\":\"https:\\\/\\\/rodoaed.ee\\\/fi\\\/toode\\\/perliitti-2l\\\/#primaryimage\"},\"thumbnailUrl\":\"https:\\\/\\\/rodoaed.ee\\\/wp-content\\\/uploads\\\/2023\\\/01\\\/mullaparandaja_perliit_2L.jpeg\",\"datePublished\":\"2023-01-23T10:03:02+00:00\",\"dateModified\":\"2026-04-13T07:57:28+00:00\",\"breadcrumb\":{\"@id\":\"https:\\\/\\\/rodoaed.ee\\\/fi\\\/toode\\\/perliitti-2l\\\/#breadcrumb\"},\"inLanguage\":\"fi\",\"potentialAction\":[{\"@type\":\"ReadAction\",\"target\":[\"https:\\\/\\\/rodoaed.ee\\\/fi\\\/toode\\\/perliitti-2l\\\/\"]}]},{\"@type\":\"ImageObject\",\"inLanguage\":\"fi\",\"@id\":\"https:\\\/\\\/rodoaed.ee\\\/fi\\\/toode\\\/perliitti-2l\\\/#primaryimage\",\"url\":\"https:\\\/\\\/rodoaed.ee\\\/wp-content\\\/uploads\\\/2023\\\/01\\\/mullaparandaja_perliit_2L.jpeg\",\"contentUrl\":\"https:\\\/\\\/rodoaed.ee\\\/wp-content\\\/uploads\\\/2023\\\/01\\\/mullaparandaja_perliit_2L.jpeg\",\"width\":1035,\"height\":1080},{\"@type\":\"BreadcrumbList\",\"@id\":\"https:\\\/\\\/rodoaed.ee\\\/fi\\\/toode\\\/perliitti-2l\\\/#breadcrumb\",\"itemListElement\":[{\"@type\":\"ListItem\",\"position\":1,\"name\":\"Home\",\"item\":\"https:\\\/\\\/rodoaed.ee\\\/fi\\\/\"},{\"@type\":\"ListItem\",\"position\":2,\"name\":\"Osta osoitteessa\",\"item\":\"https:\\\/\\\/rodoaed.ee\\\/osta-osoitteessa\\\/\"},{\"@type\":\"ListItem\",\"position\":3,\"name\":\"Perliitti 2L\"}]},{\"@type\":\"WebSite\",\"@id\":\"https:\\\/\\\/rodoaed.ee\\\/#website\",\"url\":\"https:\\\/\\\/rodoaed.ee\\\/\",\"name\":\"Rodoaed\",\"description\":\"\",\"publisher\":{\"@id\":\"https:\\\/\\\/rodoaed.ee\\\/#organization\"},\"potentialAction\":[{\"@type\":\"SearchAction\",\"target\":{\"@type\":\"EntryPoint\",\"urlTemplate\":\"https:\\\/\\\/rodoaed.ee\\\/?s={search_term_string}\"},\"query-input\":{\"@type\":\"PropertyValueSpecification\",\"valueRequired\":true,\"valueName\":\"search_term_string\"}}],\"inLanguage\":\"fi\"},{\"@type\":\"Organization\",\"@id\":\"https:\\\/\\\/rodoaed.ee\\\/#organization\",\"name\":\"Rodoaed\",\"url\":\"https:\\\/\\\/rodoaed.ee\\\/\",\"logo\":{\"@type\":\"ImageObject\",\"inLanguage\":\"fi\",\"@id\":\"https:\\\/\\\/rodoaed.ee\\\/#\\\/schema\\\/logo\\\/image\\\/\",\"url\":\"https:\\\/\\\/rodoaed.ee\\\/wp-content\\\/uploads\\\/2019\\\/11\\\/rodoaed-logo-ilma-taustata.jpg\",\"contentUrl\":\"https:\\\/\\\/rodoaed.ee\\\/wp-content\\\/uploads\\\/2019\\\/11\\\/rodoaed-logo-ilma-taustata.jpg\",\"width\":769,\"height\":268,\"caption\":\"Rodoaed\"},\"image\":{\"@id\":\"https:\\\/\\\/rodoaed.ee\\\/#\\\/schema\\\/logo\\\/image\\\/\"},\"sameAs\":[\"https:\\\/\\\/www.facebook.com\\\/kasvuhooned\\\/\",\"https:\\\/\\\/rodoaed.ee\"]}]}<\/script>\n<!-- \/ Yoast SEO Premium plugin. -->","yoast_head_json":{"title":"Perliitti 2L - Rodoaed","robots":{"index":"index","follow":"follow","max-snippet":"max-snippet:-1","max-image-preview":"max-image-preview:large","max-video-preview":"max-video-preview:-1"},"canonical":"https:\/\/rodoaed.ee\/fi\/toode\/perliitti-2l\/","og_locale":"fi_FI","og_type":"article","og_title":"Perliitti 2L","og_description":"Vulkaaninen perliitti maanparannusaineena Perliitti on luonnollinen vulkaaninen kivi. Perliitti soveltuu k\u00e4ytett\u00e4v\u00e4ksi ruukkumullana, siemenkorvien","og_url":"https:\/\/rodoaed.ee\/fi\/toode\/perliitti-2l\/","og_site_name":"Rodoaed","article_publisher":"https:\/\/www.facebook.com\/kasvuhooned\/","article_modified_time":"2026-04-13T07:57:28+00:00","og_image":[{"width":1035,"height":1080,"url":"https:\/\/rodoaed.ee\/wp-content\/uploads\/2023\/01\/mullaparandaja_perliit_2L.jpeg","type":"image\/jpeg"}],"twitter_card":"summary_large_image","schema":{"@context":"https:\/\/schema.org","@graph":[{"@type":"WebPage","@id":"https:\/\/rodoaed.ee\/fi\/toode\/perliitti-2l\/","url":"https:\/\/rodoaed.ee\/fi\/toode\/perliitti-2l\/","name":"Perliitti 2L - Rodoaed","isPartOf":{"@id":"https:\/\/rodoaed.ee\/#website"},"primaryImageOfPage":{"@id":"https:\/\/rodoaed.ee\/fi\/toode\/perliitti-2l\/#primaryimage"},"image":{"@id":"https:\/\/rodoaed.ee\/fi\/toode\/perliitti-2l\/#primaryimage"},"thumbnailUrl":"https:\/\/rodoaed.ee\/wp-content\/uploads\/2023\/01\/mullaparandaja_perliit_2L.jpeg","datePublished":"2023-01-23T10:03:02+00:00","dateModified":"2026-04-13T07:57:28+00:00","breadcrumb":{"@id":"https:\/\/rodoaed.ee\/fi\/toode\/perliitti-2l\/#breadcrumb"},"inLanguage":"fi","potentialAction":[{"@type":"ReadAction","target":["https:\/\/rodoaed.ee\/fi\/toode\/perliitti-2l\/"]}]},{"@type":"ImageObject","inLanguage":"fi","@id":"https:\/\/rodoaed.ee\/fi\/toode\/perliitti-2l\/#primaryimage","url":"https:\/\/rodoaed.ee\/wp-content\/uploads\/2023\/01\/mullaparandaja_perliit_2L.jpeg","contentUrl":"https:\/\/rodoaed.ee\/wp-content\/uploads\/2023\/01\/mullaparandaja_perliit_2L.jpeg","width":1035,"height":1080},{"@type":"BreadcrumbList","@id":"https:\/\/rodoaed.ee\/fi\/toode\/perliitti-2l\/#breadcrumb","itemListElement":[{"@type":"ListItem","position":1,"name":"Home","item":"https:\/\/rodoaed.ee\/fi\/"},{"@type":"ListItem","position":2,"name":"Osta osoitteessa","item":"https:\/\/rodoaed.ee\/osta-osoitteessa\/"},{"@type":"ListItem","position":3,"name":"Perliitti 2L"}]},{"@type":"WebSite","@id":"https:\/\/rodoaed.ee\/#website","url":"https:\/\/rodoaed.ee\/","name":"Rodoaed","description":"","publisher":{"@id":"https:\/\/rodoaed.ee\/#organization"},"potentialAction":[{"@type":"SearchAction","target":{"@type":"EntryPoint","urlTemplate":"https:\/\/rodoaed.ee\/?s={search_term_string}"},"query-input":{"@type":"PropertyValueSpecification","valueRequired":true,"valueName":"search_term_string"}}],"inLanguage":"fi"},{"@type":"Organization","@id":"https:\/\/rodoaed.ee\/#organization","name":"Rodoaed","url":"https:\/\/rodoaed.ee\/","logo":{"@type":"ImageObject","inLanguage":"fi","@id":"https:\/\/rodoaed.ee\/#\/schema\/logo\/image\/","url":"https:\/\/rodoaed.ee\/wp-content\/uploads\/2019\/11\/rodoaed-logo-ilma-taustata.jpg","contentUrl":"https:\/\/rodoaed.ee\/wp-content\/uploads\/2019\/11\/rodoaed-logo-ilma-taustata.jpg","width":769,"height":268,"caption":"Rodoaed"},"image":{"@id":"https:\/\/rodoaed.ee\/#\/schema\/logo\/image\/"},"sameAs":["https:\/\/www.facebook.com\/kasvuhooned\/","https:\/\/rodoaed.ee"]}]}},"_links":{"self":[{"href":"https:\/\/rodoaed.ee\/fi\/wp-json\/wp\/v2\/product\/52933","targetHints":{"allow":["GET"]}}],"collection":[{"href":"https:\/\/rodoaed.ee\/fi\/wp-json\/wp\/v2\/product"}],"about":[{"href":"https:\/\/rodoaed.ee\/fi\/wp-json\/wp\/v2\/types\/product"}],"wp:featuredmedia":[{"embeddable":true,"href":"https:\/\/rodoaed.ee\/fi\/wp-json\/wp\/v2\/media\/43286"}],"wp:attachment":[{"href":"https:\/\/rodoaed.ee\/fi\/wp-json\/wp\/v2\/media?parent=52933"}],"wp:term":[{"taxonomy":"product_brand","embeddable":true,"href":"https:\/\/rodoaed.ee\/fi\/wp-json\/wp\/v2\/product_brand?post=52933"},{"taxonomy":"product_cat","embeddable":true,"href":"https:\/\/rodoaed.ee\/fi\/wp-json\/wp\/v2\/product_cat?post=52933"},{"taxonomy":"product_tag","embeddable":true,"href":"https:\/\/rodoaed.ee\/fi\/wp-json\/wp\/v2\/product_tag?post=52933"}],"curies":[{"name":"wp","href":"https:\/\/api.w.org\/{rel}","templated":true}]}}