{"id":52937,"date":"2023-01-26T20:23:09","date_gmt":"2023-01-26T18:23:09","guid":{"rendered":"https:\/\/rodoaed.ee\/toode\/monivarinen-kangas-16x-5m\/"},"modified":"2026-04-13T10:57:33","modified_gmt":"2026-04-13T07:57:33","slug":"monivarinen-kangas-16x-5m","status":"publish","type":"product","link":"https:\/\/rodoaed.ee\/fi\/tuote\/monivarinen-kangas-16x-5m\/","title":{"rendered":"Moniv\u00e4rinen kangas 1,6x 5m"},"content":{"rendered":"<p><strong>Moniv\u00e4rinen puuvilla k\u00e4tev\u00e4ss\u00e4 pakkauksessa<\/strong><\/p>\n<p>Tekstiilimulta on erityisesti puutarhaviljelyss\u00e4 ja maisemoinnissa k\u00e4ytett\u00e4v\u00e4ksi kehitetty kevyt p\u00e4\u00e4llystemateriaali. Mustakuituinen polypropeenimateriaali kest\u00e4\u00e4 ultraviolettis\u00e4teit\u00e4 ja maaper\u00e4n yhdisteit\u00e4. Kangas est\u00e4\u00e4 rikkaruohojen kasvua ja nopeuttaa my\u00f6s taimien taimettumista pit\u00e4m\u00e4ll\u00e4 maaper\u00e4n kosteana ja l\u00e4mpim\u00e4n\u00e4. Tekstiiliverkkoa voidaan k\u00e4ytt\u00e4\u00e4 my\u00f6s eri maakerrosten erottamiseen, esimerkiksi salaojituksen ja kasvualustan v\u00e4liss\u00e4 kukkapenkiss\u00e4. Tekstiilimullan peitt\u00e4m\u00e4 istutusalue pit\u00e4\u00e4 maan kuohkeampana kuin hienolla verkolla tai geotekstiilill\u00e4 peitetty s\u00e4nky. Tekstiilimullan karhea pinta est\u00e4\u00e4 etanoita ja n\u00e4lk\u00e4\u00e4 kasvien v\u00e4liss\u00e4. Se kest\u00e4\u00e4 5-6 vuotta riippuen siit\u00e4, miss\u00e4 sit\u00e4 k\u00e4ytet\u00e4\u00e4n.      <\/p>\n<p><strong>K\u00e4ytt\u00f6<\/strong><\/p>\n<p>Kangas levitet\u00e4\u00e4n valmistellulle maaper\u00e4lle ja istutusrei\u00e4t leikataan ter\u00e4v\u00e4ll\u00e4 veitsell\u00e4, reunat kiinnitet\u00e4\u00e4n joko mullalla tai erityisell\u00e4 ankkurointiharavalla. Maisemoinnissa kasvien ymp\u00e4rys voidaan peitt\u00e4\u00e4 kuorihakkeella tai koristelaatoilla. <\/p>\n<div id=\"article-specifications\" class=\"tab-links__content is-active col-md-6 mb-4\">\n<div><a href=\"https:\/\/rodoaed.ee\/fi\/\">aloita<\/a> <a href=\"https:\/\/rodoaed.ee\/fi\/tootekategooria\/puutarha-ja-piha\/\">puutarha ja piha<\/a> <a href=\"https:\/\/rodoaed.ee\/fi\/tootekategooria\/puutarha-ja-piha\/multsikangas\/\">puuvilla<\/a><\/div>\n<div><\/div>\n<\/div>\n","protected":false},"excerpt":{"rendered":"<p>Moniv\u00e4rinen puuvilla k\u00e4tev\u00e4ss\u00e4 pakkauksessa Tekstiilimulta on erityisesti puutarhaviljelyss\u00e4 ja maisemoinnissa k\u00e4ytett\u00e4v\u00e4ksi kehitetty kevyt p\u00e4\u00e4llystemateriaali. Mustakuituinen polypropeenimateriaali kest\u00e4\u00e4 ultraviolettis\u00e4teit\u00e4 ja maaper\u00e4n yhdisteit\u00e4. Kangas est\u00e4\u00e4 rikkaruohojen kasvua ja nopeuttaa my\u00f6s taimien taimettumista pit\u00e4m\u00e4ll\u00e4 maaper\u00e4n kosteana ja l\u00e4mpim\u00e4n\u00e4. Tekstiiliverkkoa voidaan k\u00e4ytt\u00e4\u00e4 my\u00f6s eri maakerrosten erottamiseen, esimerkiksi salaojituksen ja kasvualustan v\u00e4liss\u00e4 kukkapenkiss\u00e4. Tekstiilimullan peitt\u00e4m\u00e4 istutusalue pit\u00e4\u00e4 maan kuohkeampana kuin hienolla verkolla tai geotekstiilill\u00e4 peitetty s\u00e4nky. Tekstiilimullan karhea pinta est\u00e4\u00e4&#8230;<\/p>\n","protected":false},"featured_media":43335,"template":"","meta":{"_acf_changed":false},"product_brand":[],"product_cat":[1744],"product_tag":[],"class_list":{"0":"post-52937","1":"product","2":"type-product","3":"status-publish","4":"has-post-thumbnail","6":"product_cat-multsikangas","7":"product_shipping_class-toimitus-1-3-tyopaivan-kuluessa","8":"pa_variatsioon-superseeder-kylvokone-21","10":"first","11":"instock","12":"taxable","13":"shipping-taxable","14":"purchasable","15":"product-type-simple"},"acf":[],"yoast_head":"<!-- This site is optimized with the Yoast SEO Premium plugin v27.3 (Yoast SEO v27.3) - https:\/\/yoast.com\/product\/yoast-seo-premium-wordpress\/ -->\n<title>Moniv\u00e4rinen kangas 1,6x 5m - Rodoaed<\/title>\n<meta name=\"robots\" content=\"index, follow, max-snippet:-1, max-image-preview:large, max-video-preview:-1\" \/>\n<link rel=\"canonical\" href=\"https:\/\/rodoaed.ee\/fi\/toode\/monivarinen-kangas-16x-5m\/\" \/>\n<meta property=\"og:locale\" content=\"fi_FI\" \/>\n<meta property=\"og:type\" content=\"article\" \/>\n<meta property=\"og:title\" content=\"Moniv\u00e4rinen kangas 1,6x 5m\" \/>\n<meta property=\"og:description\" content=\"Moniv\u00e4rinen puuvilla k\u00e4tev\u00e4ss\u00e4 pakkauksessa Tekstiilimulta on erityisesti puutarhaviljelyss\u00e4 ja maisemoinnissa k\u00e4ytett\u00e4v\u00e4ksi kehitetty kevyt\" \/>\n<meta property=\"og:url\" content=\"https:\/\/rodoaed.ee\/fi\/toode\/monivarinen-kangas-16x-5m\/\" \/>\n<meta property=\"og:site_name\" content=\"Rodoaed\" \/>\n<meta property=\"article:publisher\" content=\"https:\/\/www.facebook.com\/kasvuhooned\/\" \/>\n<meta property=\"article:modified_time\" content=\"2026-04-13T07:57:33+00:00\" \/>\n<meta property=\"og:image\" content=\"https:\/\/rodoaed.ee\/wp-content\/uploads\/2023\/01\/multsikangas-16x5m.jpeg\" \/>\n\t<meta property=\"og:image:width\" content=\"1203\" \/>\n\t<meta property=\"og:image:height\" content=\"1080\" \/>\n\t<meta property=\"og:image:type\" content=\"image\/jpeg\" \/>\n<meta name=\"twitter:card\" content=\"summary_large_image\" \/>\n<meta name=\"twitter:label1\" content=\"Arvioitu lukuaika\" \/>\n\t<meta name=\"twitter:data1\" content=\"1 minuutti\" \/>\n<script type=\"application\/ld+json\" class=\"yoast-schema-graph\">{\"@context\":\"https:\\\/\\\/schema.org\",\"@graph\":[{\"@type\":\"WebPage\",\"@id\":\"https:\\\/\\\/rodoaed.ee\\\/fi\\\/toode\\\/monivarinen-kangas-16x-5m\\\/\",\"url\":\"https:\\\/\\\/rodoaed.ee\\\/fi\\\/toode\\\/monivarinen-kangas-16x-5m\\\/\",\"name\":\"Moniv\u00e4rinen kangas 1,6x 5m - Rodoaed\",\"isPartOf\":{\"@id\":\"https:\\\/\\\/rodoaed.ee\\\/#website\"},\"primaryImageOfPage\":{\"@id\":\"https:\\\/\\\/rodoaed.ee\\\/fi\\\/toode\\\/monivarinen-kangas-16x-5m\\\/#primaryimage\"},\"image\":{\"@id\":\"https:\\\/\\\/rodoaed.ee\\\/fi\\\/toode\\\/monivarinen-kangas-16x-5m\\\/#primaryimage\"},\"thumbnailUrl\":\"https:\\\/\\\/rodoaed.ee\\\/wp-content\\\/uploads\\\/2023\\\/01\\\/multsikangas-16x5m.jpeg\",\"datePublished\":\"2023-01-26T18:23:09+00:00\",\"dateModified\":\"2026-04-13T07:57:33+00:00\",\"breadcrumb\":{\"@id\":\"https:\\\/\\\/rodoaed.ee\\\/fi\\\/toode\\\/monivarinen-kangas-16x-5m\\\/#breadcrumb\"},\"inLanguage\":\"fi\",\"potentialAction\":[{\"@type\":\"ReadAction\",\"target\":[\"https:\\\/\\\/rodoaed.ee\\\/fi\\\/toode\\\/monivarinen-kangas-16x-5m\\\/\"]}]},{\"@type\":\"ImageObject\",\"inLanguage\":\"fi\",\"@id\":\"https:\\\/\\\/rodoaed.ee\\\/fi\\\/toode\\\/monivarinen-kangas-16x-5m\\\/#primaryimage\",\"url\":\"https:\\\/\\\/rodoaed.ee\\\/wp-content\\\/uploads\\\/2023\\\/01\\\/multsikangas-16x5m.jpeg\",\"contentUrl\":\"https:\\\/\\\/rodoaed.ee\\\/wp-content\\\/uploads\\\/2023\\\/01\\\/multsikangas-16x5m.jpeg\",\"width\":1203,\"height\":1080},{\"@type\":\"BreadcrumbList\",\"@id\":\"https:\\\/\\\/rodoaed.ee\\\/fi\\\/toode\\\/monivarinen-kangas-16x-5m\\\/#breadcrumb\",\"itemListElement\":[{\"@type\":\"ListItem\",\"position\":1,\"name\":\"Home\",\"item\":\"https:\\\/\\\/rodoaed.ee\\\/fi\\\/\"},{\"@type\":\"ListItem\",\"position\":2,\"name\":\"Osta osoitteessa\",\"item\":\"https:\\\/\\\/rodoaed.ee\\\/osta-osoitteessa\\\/\"},{\"@type\":\"ListItem\",\"position\":3,\"name\":\"Moniv\u00e4rinen kangas 1,6x 5m\"}]},{\"@type\":\"WebSite\",\"@id\":\"https:\\\/\\\/rodoaed.ee\\\/#website\",\"url\":\"https:\\\/\\\/rodoaed.ee\\\/\",\"name\":\"Rodoaed\",\"description\":\"\",\"publisher\":{\"@id\":\"https:\\\/\\\/rodoaed.ee\\\/#organization\"},\"potentialAction\":[{\"@type\":\"SearchAction\",\"target\":{\"@type\":\"EntryPoint\",\"urlTemplate\":\"https:\\\/\\\/rodoaed.ee\\\/?s={search_term_string}\"},\"query-input\":{\"@type\":\"PropertyValueSpecification\",\"valueRequired\":true,\"valueName\":\"search_term_string\"}}],\"inLanguage\":\"fi\"},{\"@type\":\"Organization\",\"@id\":\"https:\\\/\\\/rodoaed.ee\\\/#organization\",\"name\":\"Rodoaed\",\"url\":\"https:\\\/\\\/rodoaed.ee\\\/\",\"logo\":{\"@type\":\"ImageObject\",\"inLanguage\":\"fi\",\"@id\":\"https:\\\/\\\/rodoaed.ee\\\/#\\\/schema\\\/logo\\\/image\\\/\",\"url\":\"https:\\\/\\\/rodoaed.ee\\\/wp-content\\\/uploads\\\/2019\\\/11\\\/rodoaed-logo-ilma-taustata.jpg\",\"contentUrl\":\"https:\\\/\\\/rodoaed.ee\\\/wp-content\\\/uploads\\\/2019\\\/11\\\/rodoaed-logo-ilma-taustata.jpg\",\"width\":769,\"height\":268,\"caption\":\"Rodoaed\"},\"image\":{\"@id\":\"https:\\\/\\\/rodoaed.ee\\\/#\\\/schema\\\/logo\\\/image\\\/\"},\"sameAs\":[\"https:\\\/\\\/www.facebook.com\\\/kasvuhooned\\\/\",\"https:\\\/\\\/rodoaed.ee\"]}]}<\/script>\n<!-- \/ Yoast SEO Premium plugin. -->","yoast_head_json":{"title":"Moniv\u00e4rinen kangas 1,6x 5m - Rodoaed","robots":{"index":"index","follow":"follow","max-snippet":"max-snippet:-1","max-image-preview":"max-image-preview:large","max-video-preview":"max-video-preview:-1"},"canonical":"https:\/\/rodoaed.ee\/fi\/toode\/monivarinen-kangas-16x-5m\/","og_locale":"fi_FI","og_type":"article","og_title":"Moniv\u00e4rinen kangas 1,6x 5m","og_description":"Moniv\u00e4rinen puuvilla k\u00e4tev\u00e4ss\u00e4 pakkauksessa Tekstiilimulta on erityisesti puutarhaviljelyss\u00e4 ja maisemoinnissa k\u00e4ytett\u00e4v\u00e4ksi kehitetty kevyt","og_url":"https:\/\/rodoaed.ee\/fi\/toode\/monivarinen-kangas-16x-5m\/","og_site_name":"Rodoaed","article_publisher":"https:\/\/www.facebook.com\/kasvuhooned\/","article_modified_time":"2026-04-13T07:57:33+00:00","og_image":[{"width":1203,"height":1080,"url":"https:\/\/rodoaed.ee\/wp-content\/uploads\/2023\/01\/multsikangas-16x5m.jpeg","type":"image\/jpeg"}],"twitter_card":"summary_large_image","twitter_misc":{"Arvioitu lukuaika":"1 minuutti"},"schema":{"@context":"https:\/\/schema.org","@graph":[{"@type":"WebPage","@id":"https:\/\/rodoaed.ee\/fi\/toode\/monivarinen-kangas-16x-5m\/","url":"https:\/\/rodoaed.ee\/fi\/toode\/monivarinen-kangas-16x-5m\/","name":"Moniv\u00e4rinen kangas 1,6x 5m - Rodoaed","isPartOf":{"@id":"https:\/\/rodoaed.ee\/#website"},"primaryImageOfPage":{"@id":"https:\/\/rodoaed.ee\/fi\/toode\/monivarinen-kangas-16x-5m\/#primaryimage"},"image":{"@id":"https:\/\/rodoaed.ee\/fi\/toode\/monivarinen-kangas-16x-5m\/#primaryimage"},"thumbnailUrl":"https:\/\/rodoaed.ee\/wp-content\/uploads\/2023\/01\/multsikangas-16x5m.jpeg","datePublished":"2023-01-26T18:23:09+00:00","dateModified":"2026-04-13T07:57:33+00:00","breadcrumb":{"@id":"https:\/\/rodoaed.ee\/fi\/toode\/monivarinen-kangas-16x-5m\/#breadcrumb"},"inLanguage":"fi","potentialAction":[{"@type":"ReadAction","target":["https:\/\/rodoaed.ee\/fi\/toode\/monivarinen-kangas-16x-5m\/"]}]},{"@type":"ImageObject","inLanguage":"fi","@id":"https:\/\/rodoaed.ee\/fi\/toode\/monivarinen-kangas-16x-5m\/#primaryimage","url":"https:\/\/rodoaed.ee\/wp-content\/uploads\/2023\/01\/multsikangas-16x5m.jpeg","contentUrl":"https:\/\/rodoaed.ee\/wp-content\/uploads\/2023\/01\/multsikangas-16x5m.jpeg","width":1203,"height":1080},{"@type":"BreadcrumbList","@id":"https:\/\/rodoaed.ee\/fi\/toode\/monivarinen-kangas-16x-5m\/#breadcrumb","itemListElement":[{"@type":"ListItem","position":1,"name":"Home","item":"https:\/\/rodoaed.ee\/fi\/"},{"@type":"ListItem","position":2,"name":"Osta osoitteessa","item":"https:\/\/rodoaed.ee\/osta-osoitteessa\/"},{"@type":"ListItem","position":3,"name":"Moniv\u00e4rinen kangas 1,6x 5m"}]},{"@type":"WebSite","@id":"https:\/\/rodoaed.ee\/#website","url":"https:\/\/rodoaed.ee\/","name":"Rodoaed","description":"","publisher":{"@id":"https:\/\/rodoaed.ee\/#organization"},"potentialAction":[{"@type":"SearchAction","target":{"@type":"EntryPoint","urlTemplate":"https:\/\/rodoaed.ee\/?s={search_term_string}"},"query-input":{"@type":"PropertyValueSpecification","valueRequired":true,"valueName":"search_term_string"}}],"inLanguage":"fi"},{"@type":"Organization","@id":"https:\/\/rodoaed.ee\/#organization","name":"Rodoaed","url":"https:\/\/rodoaed.ee\/","logo":{"@type":"ImageObject","inLanguage":"fi","@id":"https:\/\/rodoaed.ee\/#\/schema\/logo\/image\/","url":"https:\/\/rodoaed.ee\/wp-content\/uploads\/2019\/11\/rodoaed-logo-ilma-taustata.jpg","contentUrl":"https:\/\/rodoaed.ee\/wp-content\/uploads\/2019\/11\/rodoaed-logo-ilma-taustata.jpg","width":769,"height":268,"caption":"Rodoaed"},"image":{"@id":"https:\/\/rodoaed.ee\/#\/schema\/logo\/image\/"},"sameAs":["https:\/\/www.facebook.com\/kasvuhooned\/","https:\/\/rodoaed.ee"]}]}},"_links":{"self":[{"href":"https:\/\/rodoaed.ee\/fi\/wp-json\/wp\/v2\/product\/52937","targetHints":{"allow":["GET"]}}],"collection":[{"href":"https:\/\/rodoaed.ee\/fi\/wp-json\/wp\/v2\/product"}],"about":[{"href":"https:\/\/rodoaed.ee\/fi\/wp-json\/wp\/v2\/types\/product"}],"wp:featuredmedia":[{"embeddable":true,"href":"https:\/\/rodoaed.ee\/fi\/wp-json\/wp\/v2\/media\/43335"}],"wp:attachment":[{"href":"https:\/\/rodoaed.ee\/fi\/wp-json\/wp\/v2\/media?parent=52937"}],"wp:term":[{"taxonomy":"product_brand","embeddable":true,"href":"https:\/\/rodoaed.ee\/fi\/wp-json\/wp\/v2\/product_brand?post=52937"},{"taxonomy":"product_cat","embeddable":true,"href":"https:\/\/rodoaed.ee\/fi\/wp-json\/wp\/v2\/product_cat?post=52937"},{"taxonomy":"product_tag","embeddable":true,"href":"https:\/\/rodoaed.ee\/fi\/wp-json\/wp\/v2\/product_tag?post=52937"}],"curies":[{"name":"wp","href":"https:\/\/api.w.org\/{rel}","templated":true}]}}