{"id":52938,"date":"2023-01-23T12:14:23","date_gmt":"2023-01-23T10:14:23","guid":{"rendered":"https:\/\/rodoaed.ee\/toode\/kergkruus-2l\/"},"modified":"2026-04-13T10:57:33","modified_gmt":"2026-04-13T07:57:33","slug":"kergkruus-2l","status":"publish","type":"product","link":"https:\/\/rodoaed.ee\/fi\/tuote\/kergkruus-2l\/","title":{"rendered":"Kergkruus 2L"},"content":{"rendered":"<h2>Sora maanparannusaineena<\/h2>\n<p>Kevytsora on poltetusta savesta valmistettua luonnonmateriaalia, joka sopii erinomaisesti kukkaruukun pohjan t\u00e4ytt\u00e4miseen, jotta juuristo saa tarvitsemansa hapen. Siit\u00e4 saa my\u00f6s koristeellisen pintak\u00e4sittelyn. Se tasapainottaa maan kosteutta ja pit\u00e4\u00e4 maan pinnan puhtaana. Se est\u00e4\u00e4 hy\u00f6nteisi\u00e4, ei sis\u00e4ll\u00e4 haitallisia yhdisteit\u00e4, ei hallitse eik\u00e4 m\u00e4t\u00e4ne.   <\/p>\n<p>Jos kyseess\u00e4 ovat esimerkiksi ruokakasvit, sekoita suoraan maaseokseen. Erityisen k\u00e4tev\u00e4 suurissa ruukuissa, kuten palmujen jne. kohdalla, koska se on hyvin kevytt\u00e4 eik\u00e4 ruukku painu liikaa. <\/p>\n<p><strong>K\u00e4ytt\u00f6<\/strong><\/p>\n<p>Laita kukkaruukun, astian tai ikkunalaatikon pohjalle 2,3 cm:n kerros kevytsoraa ja t\u00e4yt\u00e4 ruukkumullalla. Jotta sora ja multa eiv\u00e4t sekoittuisi kesken\u00e4\u00e4n, niiden v\u00e4liin voidaan laittaa pala multaa. Vaihtoehtoisesti voit sekoittaa kevytsoran sopivaan m\u00e4\u00e4r\u00e4\u00e4n ruukkumultaa ja istuttaa suoraan ruukkuun tai astiaan ilman kasvualustan lis\u00e4\u00e4mist\u00e4.  <\/p>\n<div id=\"article-specifications\" class=\"tab-links__content is-active col-md-6 mb-4\">\n<div><\/div>\n<div>\n<p>&nbsp;<\/p>\n<\/div>\n<\/div>\n","protected":false},"excerpt":{"rendered":"<p>Sora maanparannusaineena Kevytsora on poltetusta savesta valmistettua luonnonmateriaalia, joka sopii erinomaisesti kukkaruukun pohjan t\u00e4ytt\u00e4miseen, jotta juuristo saa tarvitsemansa hapen. Siit\u00e4 saa my\u00f6s koristeellisen pintak\u00e4sittelyn. Se tasapainottaa maan kosteutta ja pit\u00e4\u00e4 maan pinnan puhtaana. Se est\u00e4\u00e4 hy\u00f6nteisi\u00e4, ei sis\u00e4ll\u00e4 haitallisia yhdisteit\u00e4, ei hallitse eik\u00e4 m\u00e4t\u00e4ne. Jos kyseess\u00e4 ovat esimerkiksi ruokakasvit, sekoita suoraan maaseokseen. Erityisen k\u00e4tev\u00e4 suurissa ruukuissa, kuten palmujen jne. kohdalla, koska se on hyvin kevytt\u00e4&#8230;<\/p>\n","protected":false},"featured_media":43294,"template":"","meta":{"_acf_changed":false},"product_brand":[],"product_cat":[1825],"product_tag":[],"class_list":{"0":"post-52938","1":"product","2":"type-product","3":"status-publish","4":"has-post-thumbnail","6":"product_cat-kasvualusta-ja-ruukkumulta","7":"product_shipping_class-toimitus-1-3-tyopaivan-kuluessa","8":"pa_variatsioon-superseeder-kylvokone-21","10":"first","11":"instock","12":"taxable","13":"shipping-taxable","14":"purchasable","15":"product-type-simple"},"acf":[],"yoast_head":"<!-- This site is optimized with the Yoast SEO Premium plugin v27.3 (Yoast SEO v27.3) - https:\/\/yoast.com\/product\/yoast-seo-premium-wordpress\/ -->\n<title>Kergkruus 2L - Rodoaed<\/title>\n<meta name=\"robots\" content=\"index, follow, max-snippet:-1, max-image-preview:large, max-video-preview:-1\" \/>\n<link rel=\"canonical\" href=\"https:\/\/rodoaed.ee\/fi\/toode\/kergkruus-2l\/\" \/>\n<meta property=\"og:locale\" content=\"fi_FI\" \/>\n<meta property=\"og:type\" content=\"article\" \/>\n<meta property=\"og:title\" content=\"Kergkruus 2L\" \/>\n<meta property=\"og:description\" content=\"Sora maanparannusaineena Kevytsora on poltetusta savesta valmistettua luonnonmateriaalia, joka sopii erinomaisesti kukkaruukun pohjan t\u00e4ytt\u00e4miseen, jotta\" \/>\n<meta property=\"og:url\" content=\"https:\/\/rodoaed.ee\/fi\/toode\/kergkruus-2l\/\" \/>\n<meta property=\"og:site_name\" content=\"Rodoaed\" \/>\n<meta property=\"article:publisher\" content=\"https:\/\/www.facebook.com\/kasvuhooned\/\" \/>\n<meta property=\"article:modified_time\" content=\"2026-04-13T07:57:33+00:00\" \/>\n<meta property=\"og:image\" content=\"https:\/\/rodoaed.ee\/wp-content\/uploads\/2023\/01\/mullaparandaja_kergkruus_2L.jpeg\" \/>\n\t<meta property=\"og:image:width\" content=\"819\" \/>\n\t<meta property=\"og:image:height\" content=\"1080\" \/>\n\t<meta property=\"og:image:type\" content=\"image\/jpeg\" \/>\n<meta name=\"twitter:card\" content=\"summary_large_image\" \/>\n<meta name=\"twitter:label1\" content=\"Arvioitu lukuaika\" \/>\n\t<meta name=\"twitter:data1\" content=\"1 minuutti\" \/>\n<script type=\"application\/ld+json\" class=\"yoast-schema-graph\">{\"@context\":\"https:\\\/\\\/schema.org\",\"@graph\":[{\"@type\":\"WebPage\",\"@id\":\"https:\\\/\\\/rodoaed.ee\\\/fi\\\/toode\\\/kergkruus-2l\\\/\",\"url\":\"https:\\\/\\\/rodoaed.ee\\\/fi\\\/toode\\\/kergkruus-2l\\\/\",\"name\":\"Kergkruus 2L - Rodoaed\",\"isPartOf\":{\"@id\":\"https:\\\/\\\/rodoaed.ee\\\/#website\"},\"primaryImageOfPage\":{\"@id\":\"https:\\\/\\\/rodoaed.ee\\\/fi\\\/toode\\\/kergkruus-2l\\\/#primaryimage\"},\"image\":{\"@id\":\"https:\\\/\\\/rodoaed.ee\\\/fi\\\/toode\\\/kergkruus-2l\\\/#primaryimage\"},\"thumbnailUrl\":\"https:\\\/\\\/rodoaed.ee\\\/wp-content\\\/uploads\\\/2023\\\/01\\\/mullaparandaja_kergkruus_2L.jpeg\",\"datePublished\":\"2023-01-23T10:14:23+00:00\",\"dateModified\":\"2026-04-13T07:57:33+00:00\",\"breadcrumb\":{\"@id\":\"https:\\\/\\\/rodoaed.ee\\\/fi\\\/toode\\\/kergkruus-2l\\\/#breadcrumb\"},\"inLanguage\":\"fi\",\"potentialAction\":[{\"@type\":\"ReadAction\",\"target\":[\"https:\\\/\\\/rodoaed.ee\\\/fi\\\/toode\\\/kergkruus-2l\\\/\"]}]},{\"@type\":\"ImageObject\",\"inLanguage\":\"fi\",\"@id\":\"https:\\\/\\\/rodoaed.ee\\\/fi\\\/toode\\\/kergkruus-2l\\\/#primaryimage\",\"url\":\"https:\\\/\\\/rodoaed.ee\\\/wp-content\\\/uploads\\\/2023\\\/01\\\/mullaparandaja_kergkruus_2L.jpeg\",\"contentUrl\":\"https:\\\/\\\/rodoaed.ee\\\/wp-content\\\/uploads\\\/2023\\\/01\\\/mullaparandaja_kergkruus_2L.jpeg\",\"width\":819,\"height\":1080},{\"@type\":\"BreadcrumbList\",\"@id\":\"https:\\\/\\\/rodoaed.ee\\\/fi\\\/toode\\\/kergkruus-2l\\\/#breadcrumb\",\"itemListElement\":[{\"@type\":\"ListItem\",\"position\":1,\"name\":\"Home\",\"item\":\"https:\\\/\\\/rodoaed.ee\\\/fi\\\/\"},{\"@type\":\"ListItem\",\"position\":2,\"name\":\"Osta osoitteessa\",\"item\":\"https:\\\/\\\/rodoaed.ee\\\/osta-osoitteessa\\\/\"},{\"@type\":\"ListItem\",\"position\":3,\"name\":\"Kergkruus 2L\"}]},{\"@type\":\"WebSite\",\"@id\":\"https:\\\/\\\/rodoaed.ee\\\/#website\",\"url\":\"https:\\\/\\\/rodoaed.ee\\\/\",\"name\":\"Rodoaed\",\"description\":\"\",\"publisher\":{\"@id\":\"https:\\\/\\\/rodoaed.ee\\\/#organization\"},\"potentialAction\":[{\"@type\":\"SearchAction\",\"target\":{\"@type\":\"EntryPoint\",\"urlTemplate\":\"https:\\\/\\\/rodoaed.ee\\\/?s={search_term_string}\"},\"query-input\":{\"@type\":\"PropertyValueSpecification\",\"valueRequired\":true,\"valueName\":\"search_term_string\"}}],\"inLanguage\":\"fi\"},{\"@type\":\"Organization\",\"@id\":\"https:\\\/\\\/rodoaed.ee\\\/#organization\",\"name\":\"Rodoaed\",\"url\":\"https:\\\/\\\/rodoaed.ee\\\/\",\"logo\":{\"@type\":\"ImageObject\",\"inLanguage\":\"fi\",\"@id\":\"https:\\\/\\\/rodoaed.ee\\\/#\\\/schema\\\/logo\\\/image\\\/\",\"url\":\"https:\\\/\\\/rodoaed.ee\\\/wp-content\\\/uploads\\\/2019\\\/11\\\/rodoaed-logo-ilma-taustata.jpg\",\"contentUrl\":\"https:\\\/\\\/rodoaed.ee\\\/wp-content\\\/uploads\\\/2019\\\/11\\\/rodoaed-logo-ilma-taustata.jpg\",\"width\":769,\"height\":268,\"caption\":\"Rodoaed\"},\"image\":{\"@id\":\"https:\\\/\\\/rodoaed.ee\\\/#\\\/schema\\\/logo\\\/image\\\/\"},\"sameAs\":[\"https:\\\/\\\/www.facebook.com\\\/kasvuhooned\\\/\",\"https:\\\/\\\/rodoaed.ee\"]}]}<\/script>\n<!-- \/ Yoast SEO Premium plugin. -->","yoast_head_json":{"title":"Kergkruus 2L - Rodoaed","robots":{"index":"index","follow":"follow","max-snippet":"max-snippet:-1","max-image-preview":"max-image-preview:large","max-video-preview":"max-video-preview:-1"},"canonical":"https:\/\/rodoaed.ee\/fi\/toode\/kergkruus-2l\/","og_locale":"fi_FI","og_type":"article","og_title":"Kergkruus 2L","og_description":"Sora maanparannusaineena Kevytsora on poltetusta savesta valmistettua luonnonmateriaalia, joka sopii erinomaisesti kukkaruukun pohjan t\u00e4ytt\u00e4miseen, jotta","og_url":"https:\/\/rodoaed.ee\/fi\/toode\/kergkruus-2l\/","og_site_name":"Rodoaed","article_publisher":"https:\/\/www.facebook.com\/kasvuhooned\/","article_modified_time":"2026-04-13T07:57:33+00:00","og_image":[{"width":819,"height":1080,"url":"https:\/\/rodoaed.ee\/wp-content\/uploads\/2023\/01\/mullaparandaja_kergkruus_2L.jpeg","type":"image\/jpeg"}],"twitter_card":"summary_large_image","twitter_misc":{"Arvioitu lukuaika":"1 minuutti"},"schema":{"@context":"https:\/\/schema.org","@graph":[{"@type":"WebPage","@id":"https:\/\/rodoaed.ee\/fi\/toode\/kergkruus-2l\/","url":"https:\/\/rodoaed.ee\/fi\/toode\/kergkruus-2l\/","name":"Kergkruus 2L - Rodoaed","isPartOf":{"@id":"https:\/\/rodoaed.ee\/#website"},"primaryImageOfPage":{"@id":"https:\/\/rodoaed.ee\/fi\/toode\/kergkruus-2l\/#primaryimage"},"image":{"@id":"https:\/\/rodoaed.ee\/fi\/toode\/kergkruus-2l\/#primaryimage"},"thumbnailUrl":"https:\/\/rodoaed.ee\/wp-content\/uploads\/2023\/01\/mullaparandaja_kergkruus_2L.jpeg","datePublished":"2023-01-23T10:14:23+00:00","dateModified":"2026-04-13T07:57:33+00:00","breadcrumb":{"@id":"https:\/\/rodoaed.ee\/fi\/toode\/kergkruus-2l\/#breadcrumb"},"inLanguage":"fi","potentialAction":[{"@type":"ReadAction","target":["https:\/\/rodoaed.ee\/fi\/toode\/kergkruus-2l\/"]}]},{"@type":"ImageObject","inLanguage":"fi","@id":"https:\/\/rodoaed.ee\/fi\/toode\/kergkruus-2l\/#primaryimage","url":"https:\/\/rodoaed.ee\/wp-content\/uploads\/2023\/01\/mullaparandaja_kergkruus_2L.jpeg","contentUrl":"https:\/\/rodoaed.ee\/wp-content\/uploads\/2023\/01\/mullaparandaja_kergkruus_2L.jpeg","width":819,"height":1080},{"@type":"BreadcrumbList","@id":"https:\/\/rodoaed.ee\/fi\/toode\/kergkruus-2l\/#breadcrumb","itemListElement":[{"@type":"ListItem","position":1,"name":"Home","item":"https:\/\/rodoaed.ee\/fi\/"},{"@type":"ListItem","position":2,"name":"Osta osoitteessa","item":"https:\/\/rodoaed.ee\/osta-osoitteessa\/"},{"@type":"ListItem","position":3,"name":"Kergkruus 2L"}]},{"@type":"WebSite","@id":"https:\/\/rodoaed.ee\/#website","url":"https:\/\/rodoaed.ee\/","name":"Rodoaed","description":"","publisher":{"@id":"https:\/\/rodoaed.ee\/#organization"},"potentialAction":[{"@type":"SearchAction","target":{"@type":"EntryPoint","urlTemplate":"https:\/\/rodoaed.ee\/?s={search_term_string}"},"query-input":{"@type":"PropertyValueSpecification","valueRequired":true,"valueName":"search_term_string"}}],"inLanguage":"fi"},{"@type":"Organization","@id":"https:\/\/rodoaed.ee\/#organization","name":"Rodoaed","url":"https:\/\/rodoaed.ee\/","logo":{"@type":"ImageObject","inLanguage":"fi","@id":"https:\/\/rodoaed.ee\/#\/schema\/logo\/image\/","url":"https:\/\/rodoaed.ee\/wp-content\/uploads\/2019\/11\/rodoaed-logo-ilma-taustata.jpg","contentUrl":"https:\/\/rodoaed.ee\/wp-content\/uploads\/2019\/11\/rodoaed-logo-ilma-taustata.jpg","width":769,"height":268,"caption":"Rodoaed"},"image":{"@id":"https:\/\/rodoaed.ee\/#\/schema\/logo\/image\/"},"sameAs":["https:\/\/www.facebook.com\/kasvuhooned\/","https:\/\/rodoaed.ee"]}]}},"_links":{"self":[{"href":"https:\/\/rodoaed.ee\/fi\/wp-json\/wp\/v2\/product\/52938","targetHints":{"allow":["GET"]}}],"collection":[{"href":"https:\/\/rodoaed.ee\/fi\/wp-json\/wp\/v2\/product"}],"about":[{"href":"https:\/\/rodoaed.ee\/fi\/wp-json\/wp\/v2\/types\/product"}],"wp:featuredmedia":[{"embeddable":true,"href":"https:\/\/rodoaed.ee\/fi\/wp-json\/wp\/v2\/media\/43294"}],"wp:attachment":[{"href":"https:\/\/rodoaed.ee\/fi\/wp-json\/wp\/v2\/media?parent=52938"}],"wp:term":[{"taxonomy":"product_brand","embeddable":true,"href":"https:\/\/rodoaed.ee\/fi\/wp-json\/wp\/v2\/product_brand?post=52938"},{"taxonomy":"product_cat","embeddable":true,"href":"https:\/\/rodoaed.ee\/fi\/wp-json\/wp\/v2\/product_cat?post=52938"},{"taxonomy":"product_tag","embeddable":true,"href":"https:\/\/rodoaed.ee\/fi\/wp-json\/wp\/v2\/product_tag?post=52938"}],"curies":[{"name":"wp","href":"https:\/\/api.w.org\/{rel}","templated":true}]}}