{"id":52944,"date":"2023-01-26T19:29:53","date_gmt":"2023-01-26T17:29:53","guid":{"rendered":"https:\/\/rodoaed.ee\/toode\/kattoparvi-16x-5m\/"},"modified":"2026-04-13T10:57:36","modified_gmt":"2026-04-13T07:57:36","slug":"kattoparvi-16x-5m","status":"publish","type":"product","link":"https:\/\/rodoaed.ee\/fi\/tuote\/kattoparvi-16x-5m\/","title":{"rendered":"Kattoparvi 1,6x 5m"},"content":{"rendered":"<p><strong>Kattokuorta kasveille k\u00e4tev\u00e4ss\u00e4 pakkauksessa<\/strong><\/p>\n<p>Kattoloreja k\u00e4ytet\u00e4\u00e4n sadonkorjuun nopeuttamiseen, y\u00f6pakkasilta suojaamiseen ja tuholaisilta suojaamiseen. Se suojaa y\u00f6pakkasilta, nostaa maan ja ilman l\u00e4mp\u00f6tilaa, v\u00e4hent\u00e4\u00e4 tuulituhoja ja suojaa linnuilta ja riistalta. Kattoloreilla on erinomainen valonl\u00e4p\u00e4isykyky, sill\u00e4 90 prosenttia valosta p\u00e4\u00e4see kasveihin. Se on eritt\u00e4in kevyt ja antaa hell\u00e4varaisen suojan vahingoittamatta nuoria versoja ja juurten kasvua. Materiaalin ultraviolettis\u00e4teilyn kannalta vakaa rakenne antaa pitk\u00e4aikaisen suojan. Kuori on kosteutta l\u00e4p\u00e4isev\u00e4\u00e4 ja hengitt\u00e4v\u00e4\u00e4. Helppo asentaa k\u00e4sin.      <\/p>\n<p><strong>K\u00e4ytt\u00f6<\/strong><\/p>\n<p>Peittokasvit ovat eritt\u00e4in kevyit\u00e4 polypropeenikuiduista valmistettuja kankaita, joita k\u00e4ytet\u00e4\u00e4n porkkanoiden, kaalien, sipulien, mansikoiden, varhaisperunoiden ja pakkaskasvien peitt\u00e4miseen. Se levitet\u00e4\u00e4n suoraan kasvavalle kasvustolle, eik\u00e4 se vaadi tukirakenteita. Reunat kiinnitet\u00e4\u00e4n p\u00e4\u00e4asiassa mullalla, mutta my\u00f6s hiekkas\u00e4keill\u00e4, vedell\u00e4 t\u00e4ytetyill\u00e4 letkuilla, armatuurirullilla jne. Penkereet on asennettava l\u00f6yh\u00e4sti, jolloin kasveille j\u00e4\u00e4 riitt\u00e4v\u00e4sti tilaa kasvaa. My\u00f6s reunojen kiinnitt\u00e4miseen tarvittava kaistale on otettava huomioon. Mansikoiden ja kurkkujen kuori on poistettava kukinnan aikana.     <\/p>\n<div id=\"article-specifications\" class=\"tab-links__content is-active col-md-6 mb-4\">\n<div><a href=\"https:\/\/rodoaed.ee\/fi\/\">k\u00e4ynnist\u00e4<\/a> <a href=\"https:\/\/rodoaed.ee\/fi\/tootekategooria\/puutarha-ja-piha\/\">puutarha ja piha<\/a> <a href=\"https:\/\/rodoaed.ee\/fi\/tootekategooria\/puutarha-ja-piha\/kattovalaisimet\/\">kattotuolit<\/a><\/div>\n<div><\/div>\n<\/div>\n","protected":false},"excerpt":{"rendered":"<p>Kattokuorta kasveille k\u00e4tev\u00e4ss\u00e4 pakkauksessa Kattoloreja k\u00e4ytet\u00e4\u00e4n sadonkorjuun nopeuttamiseen, y\u00f6pakkasilta suojaamiseen ja tuholaisilta suojaamiseen. Se suojaa y\u00f6pakkasilta, nostaa maan ja ilman l\u00e4mp\u00f6tilaa, v\u00e4hent\u00e4\u00e4 tuulituhoja ja suojaa linnuilta ja riistalta. Kattoloreilla on erinomainen valonl\u00e4p\u00e4isykyky, sill\u00e4 90 prosenttia valosta p\u00e4\u00e4see kasveihin. Se on eritt\u00e4in kevyt ja antaa hell\u00e4varaisen suojan vahingoittamatta nuoria versoja ja juurten kasvua. Materiaalin ultraviolettis\u00e4teilyn kannalta vakaa rakenne antaa pitk\u00e4aikaisen suojan. Kuori on kosteutta l\u00e4p\u00e4isev\u00e4\u00e4 ja&#8230;<\/p>\n","protected":false},"featured_media":43327,"template":"","meta":{"_acf_changed":false},"product_brand":[],"product_cat":[1976],"product_tag":[],"class_list":{"0":"post-52944","1":"product","2":"type-product","3":"status-publish","4":"has-post-thumbnail","6":"product_cat-kattovalaisimet","7":"product_shipping_class-toimitus-1-3-tyopaivan-kuluessa","8":"pa_variatsioon-superseeder-kylvokone-21","10":"first","11":"instock","12":"taxable","13":"shipping-taxable","14":"purchasable","15":"product-type-simple"},"acf":[],"yoast_head":"<!-- This site is optimized with the Yoast SEO Premium plugin v27.3 (Yoast SEO v27.3) - https:\/\/yoast.com\/product\/yoast-seo-premium-wordpress\/ -->\n<title>Kattoparvi 1,6x 5m - Rodoaed<\/title>\n<meta name=\"robots\" content=\"index, follow, max-snippet:-1, max-image-preview:large, max-video-preview:-1\" \/>\n<link rel=\"canonical\" href=\"https:\/\/rodoaed.ee\/fi\/toode\/kattoparvi-16x-5m\/\" \/>\n<meta property=\"og:locale\" content=\"fi_FI\" \/>\n<meta property=\"og:type\" content=\"article\" \/>\n<meta property=\"og:title\" content=\"Kattoparvi 1,6x 5m\" \/>\n<meta property=\"og:description\" content=\"Kattokuorta kasveille k\u00e4tev\u00e4ss\u00e4 pakkauksessa Kattoloreja k\u00e4ytet\u00e4\u00e4n sadonkorjuun nopeuttamiseen, y\u00f6pakkasilta suojaamiseen ja tuholaisilta suojaamiseen. Se\" \/>\n<meta property=\"og:url\" content=\"https:\/\/rodoaed.ee\/fi\/toode\/kattoparvi-16x-5m\/\" \/>\n<meta property=\"og:site_name\" content=\"Rodoaed\" \/>\n<meta property=\"article:publisher\" content=\"https:\/\/www.facebook.com\/kasvuhooned\/\" \/>\n<meta property=\"article:modified_time\" content=\"2026-04-13T07:57:36+00:00\" \/>\n<meta property=\"og:image\" content=\"https:\/\/rodoaed.ee\/wp-content\/uploads\/2023\/01\/katteloor-16x5m.jpeg\" \/>\n\t<meta property=\"og:image:width\" content=\"1073\" \/>\n\t<meta property=\"og:image:height\" content=\"1080\" \/>\n\t<meta property=\"og:image:type\" content=\"image\/jpeg\" \/>\n<meta name=\"twitter:card\" content=\"summary_large_image\" \/>\n<meta name=\"twitter:label1\" content=\"Arvioitu lukuaika\" \/>\n\t<meta name=\"twitter:data1\" content=\"1 minuutti\" \/>\n<script type=\"application\/ld+json\" class=\"yoast-schema-graph\">{\"@context\":\"https:\\\/\\\/schema.org\",\"@graph\":[{\"@type\":\"WebPage\",\"@id\":\"https:\\\/\\\/rodoaed.ee\\\/fi\\\/toode\\\/kattoparvi-16x-5m\\\/\",\"url\":\"https:\\\/\\\/rodoaed.ee\\\/fi\\\/toode\\\/kattoparvi-16x-5m\\\/\",\"name\":\"Kattoparvi 1,6x 5m - Rodoaed\",\"isPartOf\":{\"@id\":\"https:\\\/\\\/rodoaed.ee\\\/#website\"},\"primaryImageOfPage\":{\"@id\":\"https:\\\/\\\/rodoaed.ee\\\/fi\\\/toode\\\/kattoparvi-16x-5m\\\/#primaryimage\"},\"image\":{\"@id\":\"https:\\\/\\\/rodoaed.ee\\\/fi\\\/toode\\\/kattoparvi-16x-5m\\\/#primaryimage\"},\"thumbnailUrl\":\"https:\\\/\\\/rodoaed.ee\\\/wp-content\\\/uploads\\\/2023\\\/01\\\/katteloor-16x5m.jpeg\",\"datePublished\":\"2023-01-26T17:29:53+00:00\",\"dateModified\":\"2026-04-13T07:57:36+00:00\",\"breadcrumb\":{\"@id\":\"https:\\\/\\\/rodoaed.ee\\\/fi\\\/toode\\\/kattoparvi-16x-5m\\\/#breadcrumb\"},\"inLanguage\":\"fi\",\"potentialAction\":[{\"@type\":\"ReadAction\",\"target\":[\"https:\\\/\\\/rodoaed.ee\\\/fi\\\/toode\\\/kattoparvi-16x-5m\\\/\"]}]},{\"@type\":\"ImageObject\",\"inLanguage\":\"fi\",\"@id\":\"https:\\\/\\\/rodoaed.ee\\\/fi\\\/toode\\\/kattoparvi-16x-5m\\\/#primaryimage\",\"url\":\"https:\\\/\\\/rodoaed.ee\\\/wp-content\\\/uploads\\\/2023\\\/01\\\/katteloor-16x5m.jpeg\",\"contentUrl\":\"https:\\\/\\\/rodoaed.ee\\\/wp-content\\\/uploads\\\/2023\\\/01\\\/katteloor-16x5m.jpeg\",\"width\":1073,\"height\":1080},{\"@type\":\"BreadcrumbList\",\"@id\":\"https:\\\/\\\/rodoaed.ee\\\/fi\\\/toode\\\/kattoparvi-16x-5m\\\/#breadcrumb\",\"itemListElement\":[{\"@type\":\"ListItem\",\"position\":1,\"name\":\"Home\",\"item\":\"https:\\\/\\\/rodoaed.ee\\\/fi\\\/\"},{\"@type\":\"ListItem\",\"position\":2,\"name\":\"Osta osoitteessa\",\"item\":\"https:\\\/\\\/rodoaed.ee\\\/osta-osoitteessa\\\/\"},{\"@type\":\"ListItem\",\"position\":3,\"name\":\"Kattoparvi 1,6x 5m\"}]},{\"@type\":\"WebSite\",\"@id\":\"https:\\\/\\\/rodoaed.ee\\\/#website\",\"url\":\"https:\\\/\\\/rodoaed.ee\\\/\",\"name\":\"Rodoaed\",\"description\":\"\",\"publisher\":{\"@id\":\"https:\\\/\\\/rodoaed.ee\\\/#organization\"},\"potentialAction\":[{\"@type\":\"SearchAction\",\"target\":{\"@type\":\"EntryPoint\",\"urlTemplate\":\"https:\\\/\\\/rodoaed.ee\\\/?s={search_term_string}\"},\"query-input\":{\"@type\":\"PropertyValueSpecification\",\"valueRequired\":true,\"valueName\":\"search_term_string\"}}],\"inLanguage\":\"fi\"},{\"@type\":\"Organization\",\"@id\":\"https:\\\/\\\/rodoaed.ee\\\/#organization\",\"name\":\"Rodoaed\",\"url\":\"https:\\\/\\\/rodoaed.ee\\\/\",\"logo\":{\"@type\":\"ImageObject\",\"inLanguage\":\"fi\",\"@id\":\"https:\\\/\\\/rodoaed.ee\\\/#\\\/schema\\\/logo\\\/image\\\/\",\"url\":\"https:\\\/\\\/rodoaed.ee\\\/wp-content\\\/uploads\\\/2019\\\/11\\\/rodoaed-logo-ilma-taustata.jpg\",\"contentUrl\":\"https:\\\/\\\/rodoaed.ee\\\/wp-content\\\/uploads\\\/2019\\\/11\\\/rodoaed-logo-ilma-taustata.jpg\",\"width\":769,\"height\":268,\"caption\":\"Rodoaed\"},\"image\":{\"@id\":\"https:\\\/\\\/rodoaed.ee\\\/#\\\/schema\\\/logo\\\/image\\\/\"},\"sameAs\":[\"https:\\\/\\\/www.facebook.com\\\/kasvuhooned\\\/\",\"https:\\\/\\\/rodoaed.ee\"]}]}<\/script>\n<!-- \/ Yoast SEO Premium plugin. -->","yoast_head_json":{"title":"Kattoparvi 1,6x 5m - Rodoaed","robots":{"index":"index","follow":"follow","max-snippet":"max-snippet:-1","max-image-preview":"max-image-preview:large","max-video-preview":"max-video-preview:-1"},"canonical":"https:\/\/rodoaed.ee\/fi\/toode\/kattoparvi-16x-5m\/","og_locale":"fi_FI","og_type":"article","og_title":"Kattoparvi 1,6x 5m","og_description":"Kattokuorta kasveille k\u00e4tev\u00e4ss\u00e4 pakkauksessa Kattoloreja k\u00e4ytet\u00e4\u00e4n sadonkorjuun nopeuttamiseen, y\u00f6pakkasilta suojaamiseen ja tuholaisilta suojaamiseen. Se","og_url":"https:\/\/rodoaed.ee\/fi\/toode\/kattoparvi-16x-5m\/","og_site_name":"Rodoaed","article_publisher":"https:\/\/www.facebook.com\/kasvuhooned\/","article_modified_time":"2026-04-13T07:57:36+00:00","og_image":[{"width":1073,"height":1080,"url":"https:\/\/rodoaed.ee\/wp-content\/uploads\/2023\/01\/katteloor-16x5m.jpeg","type":"image\/jpeg"}],"twitter_card":"summary_large_image","twitter_misc":{"Arvioitu lukuaika":"1 minuutti"},"schema":{"@context":"https:\/\/schema.org","@graph":[{"@type":"WebPage","@id":"https:\/\/rodoaed.ee\/fi\/toode\/kattoparvi-16x-5m\/","url":"https:\/\/rodoaed.ee\/fi\/toode\/kattoparvi-16x-5m\/","name":"Kattoparvi 1,6x 5m - Rodoaed","isPartOf":{"@id":"https:\/\/rodoaed.ee\/#website"},"primaryImageOfPage":{"@id":"https:\/\/rodoaed.ee\/fi\/toode\/kattoparvi-16x-5m\/#primaryimage"},"image":{"@id":"https:\/\/rodoaed.ee\/fi\/toode\/kattoparvi-16x-5m\/#primaryimage"},"thumbnailUrl":"https:\/\/rodoaed.ee\/wp-content\/uploads\/2023\/01\/katteloor-16x5m.jpeg","datePublished":"2023-01-26T17:29:53+00:00","dateModified":"2026-04-13T07:57:36+00:00","breadcrumb":{"@id":"https:\/\/rodoaed.ee\/fi\/toode\/kattoparvi-16x-5m\/#breadcrumb"},"inLanguage":"fi","potentialAction":[{"@type":"ReadAction","target":["https:\/\/rodoaed.ee\/fi\/toode\/kattoparvi-16x-5m\/"]}]},{"@type":"ImageObject","inLanguage":"fi","@id":"https:\/\/rodoaed.ee\/fi\/toode\/kattoparvi-16x-5m\/#primaryimage","url":"https:\/\/rodoaed.ee\/wp-content\/uploads\/2023\/01\/katteloor-16x5m.jpeg","contentUrl":"https:\/\/rodoaed.ee\/wp-content\/uploads\/2023\/01\/katteloor-16x5m.jpeg","width":1073,"height":1080},{"@type":"BreadcrumbList","@id":"https:\/\/rodoaed.ee\/fi\/toode\/kattoparvi-16x-5m\/#breadcrumb","itemListElement":[{"@type":"ListItem","position":1,"name":"Home","item":"https:\/\/rodoaed.ee\/fi\/"},{"@type":"ListItem","position":2,"name":"Osta osoitteessa","item":"https:\/\/rodoaed.ee\/osta-osoitteessa\/"},{"@type":"ListItem","position":3,"name":"Kattoparvi 1,6x 5m"}]},{"@type":"WebSite","@id":"https:\/\/rodoaed.ee\/#website","url":"https:\/\/rodoaed.ee\/","name":"Rodoaed","description":"","publisher":{"@id":"https:\/\/rodoaed.ee\/#organization"},"potentialAction":[{"@type":"SearchAction","target":{"@type":"EntryPoint","urlTemplate":"https:\/\/rodoaed.ee\/?s={search_term_string}"},"query-input":{"@type":"PropertyValueSpecification","valueRequired":true,"valueName":"search_term_string"}}],"inLanguage":"fi"},{"@type":"Organization","@id":"https:\/\/rodoaed.ee\/#organization","name":"Rodoaed","url":"https:\/\/rodoaed.ee\/","logo":{"@type":"ImageObject","inLanguage":"fi","@id":"https:\/\/rodoaed.ee\/#\/schema\/logo\/image\/","url":"https:\/\/rodoaed.ee\/wp-content\/uploads\/2019\/11\/rodoaed-logo-ilma-taustata.jpg","contentUrl":"https:\/\/rodoaed.ee\/wp-content\/uploads\/2019\/11\/rodoaed-logo-ilma-taustata.jpg","width":769,"height":268,"caption":"Rodoaed"},"image":{"@id":"https:\/\/rodoaed.ee\/#\/schema\/logo\/image\/"},"sameAs":["https:\/\/www.facebook.com\/kasvuhooned\/","https:\/\/rodoaed.ee"]}]}},"_links":{"self":[{"href":"https:\/\/rodoaed.ee\/fi\/wp-json\/wp\/v2\/product\/52944","targetHints":{"allow":["GET"]}}],"collection":[{"href":"https:\/\/rodoaed.ee\/fi\/wp-json\/wp\/v2\/product"}],"about":[{"href":"https:\/\/rodoaed.ee\/fi\/wp-json\/wp\/v2\/types\/product"}],"wp:featuredmedia":[{"embeddable":true,"href":"https:\/\/rodoaed.ee\/fi\/wp-json\/wp\/v2\/media\/43327"}],"wp:attachment":[{"href":"https:\/\/rodoaed.ee\/fi\/wp-json\/wp\/v2\/media?parent=52944"}],"wp:term":[{"taxonomy":"product_brand","embeddable":true,"href":"https:\/\/rodoaed.ee\/fi\/wp-json\/wp\/v2\/product_brand?post=52944"},{"taxonomy":"product_cat","embeddable":true,"href":"https:\/\/rodoaed.ee\/fi\/wp-json\/wp\/v2\/product_cat?post=52944"},{"taxonomy":"product_tag","embeddable":true,"href":"https:\/\/rodoaed.ee\/fi\/wp-json\/wp\/v2\/product_tag?post=52944"}],"curies":[{"name":"wp","href":"https:\/\/api.w.org\/{rel}","templated":true}]}}