{"id":52952,"date":"2023-01-27T18:38:13","date_gmt":"2023-01-27T16:38:13","guid":{"rendered":"https:\/\/rodoaed.ee\/toode\/mansikan-ja-marjojen-orgaaninen-lannoite-1kg\/"},"modified":"2026-04-13T10:57:44","modified_gmt":"2026-04-13T07:57:44","slug":"mansikan-ja-marjojen-orgaaninen-lannoite-1kg","status":"publish","type":"product","link":"https:\/\/rodoaed.ee\/fi\/tuote\/mansikan-ja-marjojen-orgaaninen-lannoite-1kg\/","title":{"rendered":"Mansikan ja marjojen orgaaninen lannoite 1kg"},"content":{"rendered":"<p><strong>Orgaaninen mansikka- ja marjalannoite k\u00e4tev\u00e4ss\u00e4 pieness\u00e4 pakkauksessa.<\/strong><\/p>\n<div class=\"woocommerce-product-details__short-description\">\n<p>Ymp\u00e4rist\u00f6yst\u00e4v\u00e4llinen lannoite, jolla on tasainen ja pitk\u00e4aikainen vaikutus. Tasapainoinen lannoitus edist\u00e4\u00e4 kukintaa, hedelm\u00f6ittymist\u00e4, lis\u00e4\u00e4 satoa ja pident\u00e4\u00e4 hedelm\u00e4kautta. Kalium nopeuttaa hedelmien kypsymist\u00e4, lis\u00e4\u00e4 kasvien vastustuskyky\u00e4 pakkasta ja tauteja vastaan. Orgaaninen aines parantaa maaper\u00e4n hedelm\u00e4llisyytt\u00e4 ja stimuloi maaper\u00e4n eli\u00f6iden toimintaa. Ei sis\u00e4ll\u00e4 kemiallisia lis\u00e4aineita.    <\/p>\n<\/div>\n<p><strong>K\u00e4ytt\u00f6<\/strong><\/p>\n<p>Mansikkakasveja istutettaessa 80 g\/m\u00b2 tai 2-3 kourallista \u2248 13 kasvia. Herukat, vadelmat, karviaiset, tyrnit, aroonia &#8211; 90-160 g\/m\u00b2 tai 2-5 kourallista \u2248 7-12 kasvia. 30 g \u2248 1 kourallinen.  <\/p>\n<div id=\"article-specifications\" class=\"tab-links__content is-active col-md-6 mb-4\">\n<div><a href=\"https:\/\/rodoaed.ee\/fi\/\">k\u00e4ynnist\u00e4<\/a> <a href=\"https:\/\/rodoaed.ee\/fi\/tootekategooria\/puutarha-ja-piha\/\">puutarha ja piha<\/a> <a href=\"https:\/\/rodoaed.ee\/fi\/tootekategooria\/puutarha-ja-piha\/lannoitteet\/\">lannoitteet<\/a><\/div>\n<div><\/div>\n<\/div>\n","protected":false},"excerpt":{"rendered":"<p>Orgaaninen mansikka- ja marjalannoite k\u00e4tev\u00e4ss\u00e4 pieness\u00e4 pakkauksessa. Ymp\u00e4rist\u00f6yst\u00e4v\u00e4llinen lannoite, jolla on tasainen ja pitk\u00e4aikainen vaikutus. Tasapainoinen lannoitus edist\u00e4\u00e4 kukintaa, hedelm\u00f6ittymist\u00e4, lis\u00e4\u00e4 satoa ja pident\u00e4\u00e4 hedelm\u00e4kautta. Kalium nopeuttaa hedelmien kypsymist\u00e4, lis\u00e4\u00e4 kasvien vastustuskyky\u00e4 pakkasta ja tauteja vastaan. Orgaaninen aines parantaa maaper\u00e4n hedelm\u00e4llisyytt\u00e4 ja stimuloi maaper\u00e4n eli\u00f6iden toimintaa. Ei sis\u00e4ll\u00e4 kemiallisia lis\u00e4aineita. K\u00e4ytt\u00f6 Mansikkakasveja istutettaessa 80 g\/m\u00b2 tai 2-3 kourallista \u2248 13 kasvia. Herukat, vadelmat, karviaiset, tyrnit,&#8230;<\/p>\n","protected":false},"featured_media":43434,"template":"","meta":{"_acf_changed":false},"product_brand":[],"product_cat":[1977],"product_tag":[],"class_list":{"0":"post-52952","1":"product","2":"type-product","3":"status-publish","4":"has-post-thumbnail","6":"product_cat-lannoitteet","7":"product_shipping_class-toimitus-1-3-tyopaivan-kuluessa","8":"pa_variatsioon-superseeder-kylvokone-21","10":"first","11":"instock","12":"sale","13":"taxable","14":"shipping-taxable","15":"purchasable","16":"product-type-simple"},"acf":[],"yoast_head":"<!-- This site is optimized with the Yoast SEO Premium plugin v27.3 (Yoast SEO v27.3) - https:\/\/yoast.com\/product\/yoast-seo-premium-wordpress\/ -->\n<title>Mansikan ja marjojen orgaaninen lannoite 1kg - Rodoaed<\/title>\n<meta name=\"robots\" content=\"index, follow, max-snippet:-1, max-image-preview:large, max-video-preview:-1\" \/>\n<link rel=\"canonical\" href=\"https:\/\/rodoaed.ee\/fi\/toode\/mansikan-ja-marjojen-orgaaninen-lannoite-1kg\/\" \/>\n<meta property=\"og:locale\" content=\"fi_FI\" \/>\n<meta property=\"og:type\" content=\"article\" \/>\n<meta property=\"og:title\" content=\"Mansikan ja marjojen orgaaninen lannoite 1kg\" \/>\n<meta property=\"og:description\" content=\"Orgaaninen mansikka- ja marjalannoite k\u00e4tev\u00e4ss\u00e4 pieness\u00e4 pakkauksessa. Ymp\u00e4rist\u00f6yst\u00e4v\u00e4llinen lannoite, jolla on tasainen ja pitk\u00e4aikainen vaikutus.\" \/>\n<meta property=\"og:url\" content=\"https:\/\/rodoaed.ee\/fi\/toode\/mansikan-ja-marjojen-orgaaninen-lannoite-1kg\/\" \/>\n<meta property=\"og:site_name\" content=\"Rodoaed\" \/>\n<meta property=\"article:publisher\" content=\"https:\/\/www.facebook.com\/kasvuhooned\/\" \/>\n<meta property=\"article:modified_time\" content=\"2026-04-13T07:57:44+00:00\" \/>\n<meta property=\"og:image\" content=\"https:\/\/rodoaed.ee\/wp-content\/uploads\/2023\/01\/maasika-ja-marja-mahevaetis_1kg.jpeg\" \/>\n\t<meta property=\"og:image:width\" content=\"1620\" \/>\n\t<meta property=\"og:image:height\" content=\"1080\" \/>\n\t<meta property=\"og:image:type\" content=\"image\/jpeg\" \/>\n<meta name=\"twitter:card\" content=\"summary_large_image\" \/>\n<script type=\"application\/ld+json\" class=\"yoast-schema-graph\">{\"@context\":\"https:\\\/\\\/schema.org\",\"@graph\":[{\"@type\":\"WebPage\",\"@id\":\"https:\\\/\\\/rodoaed.ee\\\/fi\\\/toode\\\/mansikan-ja-marjojen-orgaaninen-lannoite-1kg\\\/\",\"url\":\"https:\\\/\\\/rodoaed.ee\\\/fi\\\/toode\\\/mansikan-ja-marjojen-orgaaninen-lannoite-1kg\\\/\",\"name\":\"Mansikan ja marjojen orgaaninen lannoite 1kg - Rodoaed\",\"isPartOf\":{\"@id\":\"https:\\\/\\\/rodoaed.ee\\\/#website\"},\"primaryImageOfPage\":{\"@id\":\"https:\\\/\\\/rodoaed.ee\\\/fi\\\/toode\\\/mansikan-ja-marjojen-orgaaninen-lannoite-1kg\\\/#primaryimage\"},\"image\":{\"@id\":\"https:\\\/\\\/rodoaed.ee\\\/fi\\\/toode\\\/mansikan-ja-marjojen-orgaaninen-lannoite-1kg\\\/#primaryimage\"},\"thumbnailUrl\":\"https:\\\/\\\/rodoaed.ee\\\/wp-content\\\/uploads\\\/2023\\\/01\\\/maasika-ja-marja-mahevaetis_1kg.jpeg\",\"datePublished\":\"2023-01-27T16:38:13+00:00\",\"dateModified\":\"2026-04-13T07:57:44+00:00\",\"breadcrumb\":{\"@id\":\"https:\\\/\\\/rodoaed.ee\\\/fi\\\/toode\\\/mansikan-ja-marjojen-orgaaninen-lannoite-1kg\\\/#breadcrumb\"},\"inLanguage\":\"fi\",\"potentialAction\":[{\"@type\":\"ReadAction\",\"target\":[\"https:\\\/\\\/rodoaed.ee\\\/fi\\\/toode\\\/mansikan-ja-marjojen-orgaaninen-lannoite-1kg\\\/\"]}]},{\"@type\":\"ImageObject\",\"inLanguage\":\"fi\",\"@id\":\"https:\\\/\\\/rodoaed.ee\\\/fi\\\/toode\\\/mansikan-ja-marjojen-orgaaninen-lannoite-1kg\\\/#primaryimage\",\"url\":\"https:\\\/\\\/rodoaed.ee\\\/wp-content\\\/uploads\\\/2023\\\/01\\\/maasika-ja-marja-mahevaetis_1kg.jpeg\",\"contentUrl\":\"https:\\\/\\\/rodoaed.ee\\\/wp-content\\\/uploads\\\/2023\\\/01\\\/maasika-ja-marja-mahevaetis_1kg.jpeg\",\"width\":1620,\"height\":1080},{\"@type\":\"BreadcrumbList\",\"@id\":\"https:\\\/\\\/rodoaed.ee\\\/fi\\\/toode\\\/mansikan-ja-marjojen-orgaaninen-lannoite-1kg\\\/#breadcrumb\",\"itemListElement\":[{\"@type\":\"ListItem\",\"position\":1,\"name\":\"Home\",\"item\":\"https:\\\/\\\/rodoaed.ee\\\/fi\\\/\"},{\"@type\":\"ListItem\",\"position\":2,\"name\":\"Osta osoitteessa\",\"item\":\"https:\\\/\\\/rodoaed.ee\\\/osta-osoitteessa\\\/\"},{\"@type\":\"ListItem\",\"position\":3,\"name\":\"Mansikan ja marjojen orgaaninen lannoite 1kg\"}]},{\"@type\":\"WebSite\",\"@id\":\"https:\\\/\\\/rodoaed.ee\\\/#website\",\"url\":\"https:\\\/\\\/rodoaed.ee\\\/\",\"name\":\"Rodoaed\",\"description\":\"\",\"publisher\":{\"@id\":\"https:\\\/\\\/rodoaed.ee\\\/#organization\"},\"potentialAction\":[{\"@type\":\"SearchAction\",\"target\":{\"@type\":\"EntryPoint\",\"urlTemplate\":\"https:\\\/\\\/rodoaed.ee\\\/?s={search_term_string}\"},\"query-input\":{\"@type\":\"PropertyValueSpecification\",\"valueRequired\":true,\"valueName\":\"search_term_string\"}}],\"inLanguage\":\"fi\"},{\"@type\":\"Organization\",\"@id\":\"https:\\\/\\\/rodoaed.ee\\\/#organization\",\"name\":\"Rodoaed\",\"url\":\"https:\\\/\\\/rodoaed.ee\\\/\",\"logo\":{\"@type\":\"ImageObject\",\"inLanguage\":\"fi\",\"@id\":\"https:\\\/\\\/rodoaed.ee\\\/#\\\/schema\\\/logo\\\/image\\\/\",\"url\":\"https:\\\/\\\/rodoaed.ee\\\/wp-content\\\/uploads\\\/2019\\\/11\\\/rodoaed-logo-ilma-taustata.jpg\",\"contentUrl\":\"https:\\\/\\\/rodoaed.ee\\\/wp-content\\\/uploads\\\/2019\\\/11\\\/rodoaed-logo-ilma-taustata.jpg\",\"width\":769,\"height\":268,\"caption\":\"Rodoaed\"},\"image\":{\"@id\":\"https:\\\/\\\/rodoaed.ee\\\/#\\\/schema\\\/logo\\\/image\\\/\"},\"sameAs\":[\"https:\\\/\\\/www.facebook.com\\\/kasvuhooned\\\/\",\"https:\\\/\\\/rodoaed.ee\"]}]}<\/script>\n<!-- \/ Yoast SEO Premium plugin. -->","yoast_head_json":{"title":"Mansikan ja marjojen orgaaninen lannoite 1kg - Rodoaed","robots":{"index":"index","follow":"follow","max-snippet":"max-snippet:-1","max-image-preview":"max-image-preview:large","max-video-preview":"max-video-preview:-1"},"canonical":"https:\/\/rodoaed.ee\/fi\/toode\/mansikan-ja-marjojen-orgaaninen-lannoite-1kg\/","og_locale":"fi_FI","og_type":"article","og_title":"Mansikan ja marjojen orgaaninen lannoite 1kg","og_description":"Orgaaninen mansikka- ja marjalannoite k\u00e4tev\u00e4ss\u00e4 pieness\u00e4 pakkauksessa. Ymp\u00e4rist\u00f6yst\u00e4v\u00e4llinen lannoite, jolla on tasainen ja pitk\u00e4aikainen vaikutus.","og_url":"https:\/\/rodoaed.ee\/fi\/toode\/mansikan-ja-marjojen-orgaaninen-lannoite-1kg\/","og_site_name":"Rodoaed","article_publisher":"https:\/\/www.facebook.com\/kasvuhooned\/","article_modified_time":"2026-04-13T07:57:44+00:00","og_image":[{"width":1620,"height":1080,"url":"https:\/\/rodoaed.ee\/wp-content\/uploads\/2023\/01\/maasika-ja-marja-mahevaetis_1kg.jpeg","type":"image\/jpeg"}],"twitter_card":"summary_large_image","schema":{"@context":"https:\/\/schema.org","@graph":[{"@type":"WebPage","@id":"https:\/\/rodoaed.ee\/fi\/toode\/mansikan-ja-marjojen-orgaaninen-lannoite-1kg\/","url":"https:\/\/rodoaed.ee\/fi\/toode\/mansikan-ja-marjojen-orgaaninen-lannoite-1kg\/","name":"Mansikan ja marjojen orgaaninen lannoite 1kg - Rodoaed","isPartOf":{"@id":"https:\/\/rodoaed.ee\/#website"},"primaryImageOfPage":{"@id":"https:\/\/rodoaed.ee\/fi\/toode\/mansikan-ja-marjojen-orgaaninen-lannoite-1kg\/#primaryimage"},"image":{"@id":"https:\/\/rodoaed.ee\/fi\/toode\/mansikan-ja-marjojen-orgaaninen-lannoite-1kg\/#primaryimage"},"thumbnailUrl":"https:\/\/rodoaed.ee\/wp-content\/uploads\/2023\/01\/maasika-ja-marja-mahevaetis_1kg.jpeg","datePublished":"2023-01-27T16:38:13+00:00","dateModified":"2026-04-13T07:57:44+00:00","breadcrumb":{"@id":"https:\/\/rodoaed.ee\/fi\/toode\/mansikan-ja-marjojen-orgaaninen-lannoite-1kg\/#breadcrumb"},"inLanguage":"fi","potentialAction":[{"@type":"ReadAction","target":["https:\/\/rodoaed.ee\/fi\/toode\/mansikan-ja-marjojen-orgaaninen-lannoite-1kg\/"]}]},{"@type":"ImageObject","inLanguage":"fi","@id":"https:\/\/rodoaed.ee\/fi\/toode\/mansikan-ja-marjojen-orgaaninen-lannoite-1kg\/#primaryimage","url":"https:\/\/rodoaed.ee\/wp-content\/uploads\/2023\/01\/maasika-ja-marja-mahevaetis_1kg.jpeg","contentUrl":"https:\/\/rodoaed.ee\/wp-content\/uploads\/2023\/01\/maasika-ja-marja-mahevaetis_1kg.jpeg","width":1620,"height":1080},{"@type":"BreadcrumbList","@id":"https:\/\/rodoaed.ee\/fi\/toode\/mansikan-ja-marjojen-orgaaninen-lannoite-1kg\/#breadcrumb","itemListElement":[{"@type":"ListItem","position":1,"name":"Home","item":"https:\/\/rodoaed.ee\/fi\/"},{"@type":"ListItem","position":2,"name":"Osta osoitteessa","item":"https:\/\/rodoaed.ee\/osta-osoitteessa\/"},{"@type":"ListItem","position":3,"name":"Mansikan ja marjojen orgaaninen lannoite 1kg"}]},{"@type":"WebSite","@id":"https:\/\/rodoaed.ee\/#website","url":"https:\/\/rodoaed.ee\/","name":"Rodoaed","description":"","publisher":{"@id":"https:\/\/rodoaed.ee\/#organization"},"potentialAction":[{"@type":"SearchAction","target":{"@type":"EntryPoint","urlTemplate":"https:\/\/rodoaed.ee\/?s={search_term_string}"},"query-input":{"@type":"PropertyValueSpecification","valueRequired":true,"valueName":"search_term_string"}}],"inLanguage":"fi"},{"@type":"Organization","@id":"https:\/\/rodoaed.ee\/#organization","name":"Rodoaed","url":"https:\/\/rodoaed.ee\/","logo":{"@type":"ImageObject","inLanguage":"fi","@id":"https:\/\/rodoaed.ee\/#\/schema\/logo\/image\/","url":"https:\/\/rodoaed.ee\/wp-content\/uploads\/2019\/11\/rodoaed-logo-ilma-taustata.jpg","contentUrl":"https:\/\/rodoaed.ee\/wp-content\/uploads\/2019\/11\/rodoaed-logo-ilma-taustata.jpg","width":769,"height":268,"caption":"Rodoaed"},"image":{"@id":"https:\/\/rodoaed.ee\/#\/schema\/logo\/image\/"},"sameAs":["https:\/\/www.facebook.com\/kasvuhooned\/","https:\/\/rodoaed.ee"]}]}},"_links":{"self":[{"href":"https:\/\/rodoaed.ee\/fi\/wp-json\/wp\/v2\/product\/52952","targetHints":{"allow":["GET"]}}],"collection":[{"href":"https:\/\/rodoaed.ee\/fi\/wp-json\/wp\/v2\/product"}],"about":[{"href":"https:\/\/rodoaed.ee\/fi\/wp-json\/wp\/v2\/types\/product"}],"wp:featuredmedia":[{"embeddable":true,"href":"https:\/\/rodoaed.ee\/fi\/wp-json\/wp\/v2\/media\/43434"}],"wp:attachment":[{"href":"https:\/\/rodoaed.ee\/fi\/wp-json\/wp\/v2\/media?parent=52952"}],"wp:term":[{"taxonomy":"product_brand","embeddable":true,"href":"https:\/\/rodoaed.ee\/fi\/wp-json\/wp\/v2\/product_brand?post=52952"},{"taxonomy":"product_cat","embeddable":true,"href":"https:\/\/rodoaed.ee\/fi\/wp-json\/wp\/v2\/product_cat?post=52952"},{"taxonomy":"product_tag","embeddable":true,"href":"https:\/\/rodoaed.ee\/fi\/wp-json\/wp\/v2\/product_tag?post=52952"}],"curies":[{"name":"wp","href":"https:\/\/api.w.org\/{rel}","templated":true}]}}