{"id":52953,"date":"2023-01-27T18:51:14","date_gmt":"2023-01-27T16:51:14","guid":{"rendered":"https:\/\/rodoaed.ee\/toode\/kevaan-orgaaninen-lannoite-10l\/"},"modified":"2026-04-13T10:57:44","modified_gmt":"2026-04-13T07:57:44","slug":"kevaan-orgaaninen-lannoite-10l","status":"publish","type":"product","link":"https:\/\/rodoaed.ee\/fi\/tuote\/kevaan-orgaaninen-lannoite-10l\/","title":{"rendered":"Kev\u00e4\u00e4n orgaaninen lannoite 10L"},"content":{"rendered":"<p><strong>Kev\u00e4\u00e4n orgaaninen lannoite k\u00e4tev\u00e4ss\u00e4 pieness\u00e4 pakkauksessa<\/strong><\/p>\n<p>Ymp\u00e4rist\u00f6yst\u00e4v\u00e4llinen lannoite, jolla on tasainen ja pitk\u00e4aikainen vaikutus. Soveltuu tomaattien, kurkkujen, perunoiden, mansikoiden, monivuotisten ja kes\u00e4kukkien, puutarha- ja peltokasvien, hedelm\u00e4puiden, nurmikoiden, ruusujen, havupuiden ja kaikkien muiden ulko- ja kasvihuonekasvien lannoitukseen. Tasapainoinen lannoitus takaa kasvien hyv\u00e4n kasvun, runsaan kukinnan ja laadukkaan sadon. Orgaaninen aines parantaa maaper\u00e4n hedelm\u00e4llisyytt\u00e4 ja edist\u00e4\u00e4 maaper\u00e4n eli\u00f6iden toimintaa. Ei sis\u00e4ll\u00e4 kemiallisia lis\u00e4aineita.    <\/p>\n<p><strong>K\u00e4ytt\u00f6<\/strong><\/p>\n<p>Mansikka, vadelma 40-50 g\/m\u00b2. Monivuotiset puutarha- ja sipulikukat, perennat 30-50 g\/m\u00b2. Ruusut, liriantit, rododendronit 50-60 g\/m\u00b2. Herukat, karviaiset 40-50 g\/m\u00b2. Havupuut: lehmukset, kuuset, lehmukset, m\u00e4nnyt, katajat, kivikkopuut 30-40 g\/m\u00b2. Koristepuut, pensaat, pensasaidat 50-70 g\/m\u00b2. Hedelm\u00e4puut: luumu, kirsikka, omena, p\u00e4\u00e4ryn\u00e4 jne. 80 g\/m\u00b2. Kasteluveteen laimennetaan 150 g rakeet 10 litraan vett\u00e4. 30 g \u2248 1 kourallinen.        <\/p>\n<div id=\"article-specifications\" class=\"tab-links__content is-active col-md-6 mb-4\">\n<div><a href=\"https:\/\/rodoaed.ee\/fi\/\">k\u00e4ynnist\u00e4<\/a> <a href=\"https:\/\/rodoaed.ee\/fi\/tootekategooria\/puutarha-ja-piha\/\">puutarha ja piha<\/a> <a href=\"https:\/\/rodoaed.ee\/fi\/tootekategooria\/puutarha-ja-piha\/lannoitteet\/\">lannoitteet<\/a><\/div>\n<div><\/div>\n<\/div>\n","protected":false},"excerpt":{"rendered":"<p>Kev\u00e4\u00e4n orgaaninen lannoite k\u00e4tev\u00e4ss\u00e4 pieness\u00e4 pakkauksessa Ymp\u00e4rist\u00f6yst\u00e4v\u00e4llinen lannoite, jolla on tasainen ja pitk\u00e4aikainen vaikutus. Soveltuu tomaattien, kurkkujen, perunoiden, mansikoiden, monivuotisten ja kes\u00e4kukkien, puutarha- ja peltokasvien, hedelm\u00e4puiden, nurmikoiden, ruusujen, havupuiden ja kaikkien muiden ulko- ja kasvihuonekasvien lannoitukseen. Tasapainoinen lannoitus takaa kasvien hyv\u00e4n kasvun, runsaan kukinnan ja laadukkaan sadon. Orgaaninen aines parantaa maaper\u00e4n hedelm\u00e4llisyytt\u00e4 ja edist\u00e4\u00e4 maaper\u00e4n eli\u00f6iden toimintaa. Ei sis\u00e4ll\u00e4 kemiallisia lis\u00e4aineita. K\u00e4ytt\u00f6 Mansikka, vadelma 40-50&#8230;<\/p>\n","protected":false},"featured_media":43446,"template":"","meta":{"_acf_changed":false},"product_brand":[],"product_cat":[1977],"product_tag":[],"class_list":{"0":"post-52953","1":"product","2":"type-product","3":"status-publish","4":"has-post-thumbnail","6":"product_cat-lannoitteet","7":"product_shipping_class-toimitus-1-3-tyopaivan-kuluessa","8":"pa_variatsioon-superseeder-kylvokone-21","10":"first","11":"onbackorder","12":"sale","13":"taxable","14":"shipping-taxable","15":"purchasable","16":"product-type-simple"},"acf":[],"yoast_head":"<!-- This site is optimized with the Yoast SEO Premium plugin v27.3 (Yoast SEO v27.3) - https:\/\/yoast.com\/product\/yoast-seo-premium-wordpress\/ -->\n<title>Kev\u00e4\u00e4n orgaaninen lannoite 10L - Rodoaed<\/title>\n<meta name=\"robots\" content=\"index, follow, max-snippet:-1, max-image-preview:large, max-video-preview:-1\" \/>\n<link rel=\"canonical\" href=\"https:\/\/rodoaed.ee\/fi\/toode\/kevaan-orgaaninen-lannoite-10l\/\" \/>\n<meta property=\"og:locale\" content=\"fi_FI\" \/>\n<meta property=\"og:type\" content=\"article\" \/>\n<meta property=\"og:title\" content=\"Kev\u00e4\u00e4n orgaaninen lannoite 10L\" \/>\n<meta property=\"og:description\" content=\"Kev\u00e4\u00e4n orgaaninen lannoite k\u00e4tev\u00e4ss\u00e4 pieness\u00e4 pakkauksessa Ymp\u00e4rist\u00f6yst\u00e4v\u00e4llinen lannoite, jolla on tasainen ja pitk\u00e4aikainen vaikutus. Soveltuu\" \/>\n<meta property=\"og:url\" content=\"https:\/\/rodoaed.ee\/fi\/toode\/kevaan-orgaaninen-lannoite-10l\/\" \/>\n<meta property=\"og:site_name\" content=\"Rodoaed\" \/>\n<meta property=\"article:publisher\" content=\"https:\/\/www.facebook.com\/kasvuhooned\/\" \/>\n<meta property=\"article:modified_time\" content=\"2026-04-13T07:57:44+00:00\" \/>\n<meta property=\"og:image\" content=\"https:\/\/rodoaed.ee\/wp-content\/uploads\/2023\/01\/kevadine-mahevaetis_10L.jpeg\" \/>\n\t<meta property=\"og:image:width\" content=\"997\" \/>\n\t<meta property=\"og:image:height\" content=\"1080\" \/>\n\t<meta property=\"og:image:type\" content=\"image\/jpeg\" \/>\n<meta name=\"twitter:card\" content=\"summary_large_image\" \/>\n<meta name=\"twitter:label1\" content=\"Arvioitu lukuaika\" \/>\n\t<meta name=\"twitter:data1\" content=\"1 minuutti\" \/>\n<script type=\"application\/ld+json\" class=\"yoast-schema-graph\">{\"@context\":\"https:\\\/\\\/schema.org\",\"@graph\":[{\"@type\":\"WebPage\",\"@id\":\"https:\\\/\\\/rodoaed.ee\\\/fi\\\/toode\\\/kevaan-orgaaninen-lannoite-10l\\\/\",\"url\":\"https:\\\/\\\/rodoaed.ee\\\/fi\\\/toode\\\/kevaan-orgaaninen-lannoite-10l\\\/\",\"name\":\"Kev\u00e4\u00e4n orgaaninen lannoite 10L - Rodoaed\",\"isPartOf\":{\"@id\":\"https:\\\/\\\/rodoaed.ee\\\/#website\"},\"primaryImageOfPage\":{\"@id\":\"https:\\\/\\\/rodoaed.ee\\\/fi\\\/toode\\\/kevaan-orgaaninen-lannoite-10l\\\/#primaryimage\"},\"image\":{\"@id\":\"https:\\\/\\\/rodoaed.ee\\\/fi\\\/toode\\\/kevaan-orgaaninen-lannoite-10l\\\/#primaryimage\"},\"thumbnailUrl\":\"https:\\\/\\\/rodoaed.ee\\\/wp-content\\\/uploads\\\/2023\\\/01\\\/kevadine-mahevaetis_10L.jpeg\",\"datePublished\":\"2023-01-27T16:51:14+00:00\",\"dateModified\":\"2026-04-13T07:57:44+00:00\",\"breadcrumb\":{\"@id\":\"https:\\\/\\\/rodoaed.ee\\\/fi\\\/toode\\\/kevaan-orgaaninen-lannoite-10l\\\/#breadcrumb\"},\"inLanguage\":\"fi\",\"potentialAction\":[{\"@type\":\"ReadAction\",\"target\":[\"https:\\\/\\\/rodoaed.ee\\\/fi\\\/toode\\\/kevaan-orgaaninen-lannoite-10l\\\/\"]}]},{\"@type\":\"ImageObject\",\"inLanguage\":\"fi\",\"@id\":\"https:\\\/\\\/rodoaed.ee\\\/fi\\\/toode\\\/kevaan-orgaaninen-lannoite-10l\\\/#primaryimage\",\"url\":\"https:\\\/\\\/rodoaed.ee\\\/wp-content\\\/uploads\\\/2023\\\/01\\\/kevadine-mahevaetis_10L.jpeg\",\"contentUrl\":\"https:\\\/\\\/rodoaed.ee\\\/wp-content\\\/uploads\\\/2023\\\/01\\\/kevadine-mahevaetis_10L.jpeg\",\"width\":997,\"height\":1080},{\"@type\":\"BreadcrumbList\",\"@id\":\"https:\\\/\\\/rodoaed.ee\\\/fi\\\/toode\\\/kevaan-orgaaninen-lannoite-10l\\\/#breadcrumb\",\"itemListElement\":[{\"@type\":\"ListItem\",\"position\":1,\"name\":\"Home\",\"item\":\"https:\\\/\\\/rodoaed.ee\\\/fi\\\/\"},{\"@type\":\"ListItem\",\"position\":2,\"name\":\"Osta osoitteessa\",\"item\":\"https:\\\/\\\/rodoaed.ee\\\/osta-osoitteessa\\\/\"},{\"@type\":\"ListItem\",\"position\":3,\"name\":\"Kev\u00e4\u00e4n orgaaninen lannoite 10L\"}]},{\"@type\":\"WebSite\",\"@id\":\"https:\\\/\\\/rodoaed.ee\\\/#website\",\"url\":\"https:\\\/\\\/rodoaed.ee\\\/\",\"name\":\"Rodoaed\",\"description\":\"\",\"publisher\":{\"@id\":\"https:\\\/\\\/rodoaed.ee\\\/#organization\"},\"potentialAction\":[{\"@type\":\"SearchAction\",\"target\":{\"@type\":\"EntryPoint\",\"urlTemplate\":\"https:\\\/\\\/rodoaed.ee\\\/?s={search_term_string}\"},\"query-input\":{\"@type\":\"PropertyValueSpecification\",\"valueRequired\":true,\"valueName\":\"search_term_string\"}}],\"inLanguage\":\"fi\"},{\"@type\":\"Organization\",\"@id\":\"https:\\\/\\\/rodoaed.ee\\\/#organization\",\"name\":\"Rodoaed\",\"url\":\"https:\\\/\\\/rodoaed.ee\\\/\",\"logo\":{\"@type\":\"ImageObject\",\"inLanguage\":\"fi\",\"@id\":\"https:\\\/\\\/rodoaed.ee\\\/#\\\/schema\\\/logo\\\/image\\\/\",\"url\":\"https:\\\/\\\/rodoaed.ee\\\/wp-content\\\/uploads\\\/2019\\\/11\\\/rodoaed-logo-ilma-taustata.jpg\",\"contentUrl\":\"https:\\\/\\\/rodoaed.ee\\\/wp-content\\\/uploads\\\/2019\\\/11\\\/rodoaed-logo-ilma-taustata.jpg\",\"width\":769,\"height\":268,\"caption\":\"Rodoaed\"},\"image\":{\"@id\":\"https:\\\/\\\/rodoaed.ee\\\/#\\\/schema\\\/logo\\\/image\\\/\"},\"sameAs\":[\"https:\\\/\\\/www.facebook.com\\\/kasvuhooned\\\/\",\"https:\\\/\\\/rodoaed.ee\"]}]}<\/script>\n<!-- \/ Yoast SEO Premium plugin. -->","yoast_head_json":{"title":"Kev\u00e4\u00e4n orgaaninen lannoite 10L - Rodoaed","robots":{"index":"index","follow":"follow","max-snippet":"max-snippet:-1","max-image-preview":"max-image-preview:large","max-video-preview":"max-video-preview:-1"},"canonical":"https:\/\/rodoaed.ee\/fi\/toode\/kevaan-orgaaninen-lannoite-10l\/","og_locale":"fi_FI","og_type":"article","og_title":"Kev\u00e4\u00e4n orgaaninen lannoite 10L","og_description":"Kev\u00e4\u00e4n orgaaninen lannoite k\u00e4tev\u00e4ss\u00e4 pieness\u00e4 pakkauksessa Ymp\u00e4rist\u00f6yst\u00e4v\u00e4llinen lannoite, jolla on tasainen ja pitk\u00e4aikainen vaikutus. Soveltuu","og_url":"https:\/\/rodoaed.ee\/fi\/toode\/kevaan-orgaaninen-lannoite-10l\/","og_site_name":"Rodoaed","article_publisher":"https:\/\/www.facebook.com\/kasvuhooned\/","article_modified_time":"2026-04-13T07:57:44+00:00","og_image":[{"width":997,"height":1080,"url":"https:\/\/rodoaed.ee\/wp-content\/uploads\/2023\/01\/kevadine-mahevaetis_10L.jpeg","type":"image\/jpeg"}],"twitter_card":"summary_large_image","twitter_misc":{"Arvioitu lukuaika":"1 minuutti"},"schema":{"@context":"https:\/\/schema.org","@graph":[{"@type":"WebPage","@id":"https:\/\/rodoaed.ee\/fi\/toode\/kevaan-orgaaninen-lannoite-10l\/","url":"https:\/\/rodoaed.ee\/fi\/toode\/kevaan-orgaaninen-lannoite-10l\/","name":"Kev\u00e4\u00e4n orgaaninen lannoite 10L - Rodoaed","isPartOf":{"@id":"https:\/\/rodoaed.ee\/#website"},"primaryImageOfPage":{"@id":"https:\/\/rodoaed.ee\/fi\/toode\/kevaan-orgaaninen-lannoite-10l\/#primaryimage"},"image":{"@id":"https:\/\/rodoaed.ee\/fi\/toode\/kevaan-orgaaninen-lannoite-10l\/#primaryimage"},"thumbnailUrl":"https:\/\/rodoaed.ee\/wp-content\/uploads\/2023\/01\/kevadine-mahevaetis_10L.jpeg","datePublished":"2023-01-27T16:51:14+00:00","dateModified":"2026-04-13T07:57:44+00:00","breadcrumb":{"@id":"https:\/\/rodoaed.ee\/fi\/toode\/kevaan-orgaaninen-lannoite-10l\/#breadcrumb"},"inLanguage":"fi","potentialAction":[{"@type":"ReadAction","target":["https:\/\/rodoaed.ee\/fi\/toode\/kevaan-orgaaninen-lannoite-10l\/"]}]},{"@type":"ImageObject","inLanguage":"fi","@id":"https:\/\/rodoaed.ee\/fi\/toode\/kevaan-orgaaninen-lannoite-10l\/#primaryimage","url":"https:\/\/rodoaed.ee\/wp-content\/uploads\/2023\/01\/kevadine-mahevaetis_10L.jpeg","contentUrl":"https:\/\/rodoaed.ee\/wp-content\/uploads\/2023\/01\/kevadine-mahevaetis_10L.jpeg","width":997,"height":1080},{"@type":"BreadcrumbList","@id":"https:\/\/rodoaed.ee\/fi\/toode\/kevaan-orgaaninen-lannoite-10l\/#breadcrumb","itemListElement":[{"@type":"ListItem","position":1,"name":"Home","item":"https:\/\/rodoaed.ee\/fi\/"},{"@type":"ListItem","position":2,"name":"Osta osoitteessa","item":"https:\/\/rodoaed.ee\/osta-osoitteessa\/"},{"@type":"ListItem","position":3,"name":"Kev\u00e4\u00e4n orgaaninen lannoite 10L"}]},{"@type":"WebSite","@id":"https:\/\/rodoaed.ee\/#website","url":"https:\/\/rodoaed.ee\/","name":"Rodoaed","description":"","publisher":{"@id":"https:\/\/rodoaed.ee\/#organization"},"potentialAction":[{"@type":"SearchAction","target":{"@type":"EntryPoint","urlTemplate":"https:\/\/rodoaed.ee\/?s={search_term_string}"},"query-input":{"@type":"PropertyValueSpecification","valueRequired":true,"valueName":"search_term_string"}}],"inLanguage":"fi"},{"@type":"Organization","@id":"https:\/\/rodoaed.ee\/#organization","name":"Rodoaed","url":"https:\/\/rodoaed.ee\/","logo":{"@type":"ImageObject","inLanguage":"fi","@id":"https:\/\/rodoaed.ee\/#\/schema\/logo\/image\/","url":"https:\/\/rodoaed.ee\/wp-content\/uploads\/2019\/11\/rodoaed-logo-ilma-taustata.jpg","contentUrl":"https:\/\/rodoaed.ee\/wp-content\/uploads\/2019\/11\/rodoaed-logo-ilma-taustata.jpg","width":769,"height":268,"caption":"Rodoaed"},"image":{"@id":"https:\/\/rodoaed.ee\/#\/schema\/logo\/image\/"},"sameAs":["https:\/\/www.facebook.com\/kasvuhooned\/","https:\/\/rodoaed.ee"]}]}},"_links":{"self":[{"href":"https:\/\/rodoaed.ee\/fi\/wp-json\/wp\/v2\/product\/52953","targetHints":{"allow":["GET"]}}],"collection":[{"href":"https:\/\/rodoaed.ee\/fi\/wp-json\/wp\/v2\/product"}],"about":[{"href":"https:\/\/rodoaed.ee\/fi\/wp-json\/wp\/v2\/types\/product"}],"wp:featuredmedia":[{"embeddable":true,"href":"https:\/\/rodoaed.ee\/fi\/wp-json\/wp\/v2\/media\/43446"}],"wp:attachment":[{"href":"https:\/\/rodoaed.ee\/fi\/wp-json\/wp\/v2\/media?parent=52953"}],"wp:term":[{"taxonomy":"product_brand","embeddable":true,"href":"https:\/\/rodoaed.ee\/fi\/wp-json\/wp\/v2\/product_brand?post=52953"},{"taxonomy":"product_cat","embeddable":true,"href":"https:\/\/rodoaed.ee\/fi\/wp-json\/wp\/v2\/product_cat?post=52953"},{"taxonomy":"product_tag","embeddable":true,"href":"https:\/\/rodoaed.ee\/fi\/wp-json\/wp\/v2\/product_tag?post=52953"}],"curies":[{"name":"wp","href":"https:\/\/api.w.org\/{rel}","templated":true}]}}