{"id":52955,"date":"2023-02-07T11:09:40","date_gmt":"2023-02-07T09:09:40","guid":{"rendered":"https:\/\/rodoaed.ee\/toode\/tulppaanin-sipuli-istutin-ruostumatonta-terasta\/"},"modified":"2026-04-13T10:57:45","modified_gmt":"2026-04-13T07:57:45","slug":"tulppaanin-sipuli-istutin-ruostumatonta-terasta","status":"publish","type":"product","link":"https:\/\/rodoaed.ee\/fi\/tuote\/tulppaanin-sipuli-istutin-ruostumatonta-terasta\/","title":{"rendered":"Tulppaanin sipuli istutin ruostumatonta ter\u00e4st\u00e4"},"content":{"rendered":"<h2>V\u00e4ltt\u00e4m\u00e4t\u00f6n ty\u00f6kalu tulppaanisipulien varastointiin<\/h2>\n<p>K\u00e4tev\u00e4 ty\u00f6kalu tulppaanisipuleiden ja kaikenlaisten kukkasipuleiden istuttamiseen sek\u00e4 puutarhaan ett\u00e4 nurmikolle. Tukeva ruostumattomasta ter\u00e4ksest\u00e4 valmistettu runko. Ruostumaton ja helppo puhdistaa.  <\/p>\n<p>Kartiomaisen muotonsa ansiosta se ei ved\u00e4 maata mukanaan. Tee kuoppa, laita sipuli sinne ja tuki kuoppa. N\u00e4in yksinkertaista se on.  <\/p>\n<h2>T\u00e4rkeimm\u00e4t ominaisuudet :<\/h2>\n<ul>\n<li>Mitat: l 10,4 x s 7,2 x k 21,2 cm.<\/li>\n<li>Paino: 240 g<\/li>\n<li>Materiaali: ty\u00f6p\u00e4\u00e4 ruostumatonta ter\u00e4st\u00e4, kahva tuhkapuuta.<\/li>\n<\/ul>\n<p>&nbsp;<\/p>\n<div id=\"article-specifications\" class=\"tab-links__content is-active col-md-6 mb-4\"><\/div>\n","protected":false},"excerpt":{"rendered":"<p>V\u00e4ltt\u00e4m\u00e4t\u00f6n ty\u00f6kalu tulppaanisipulien varastointiin K\u00e4tev\u00e4 ty\u00f6kalu tulppaanisipuleiden ja kaikenlaisten kukkasipuleiden istuttamiseen sek\u00e4 puutarhaan ett\u00e4 nurmikolle. Tukeva ruostumattomasta ter\u00e4ksest\u00e4 valmistettu runko. Ruostumaton ja helppo puhdistaa. Kartiomaisen muotonsa ansiosta se ei ved\u00e4 maata mukanaan. Tee kuoppa, laita sipuli sinne ja tuki kuoppa. N\u00e4in yksinkertaista se on. T\u00e4rkeimm\u00e4t ominaisuudet : Mitat: l 10,4 x s 7,2 x k 21,2 cm. Paino: 240 g Materiaali: ty\u00f6p\u00e4\u00e4 ruostumatonta ter\u00e4st\u00e4, kahva&#8230;<\/p>\n","protected":false},"featured_media":43532,"template":"","meta":{"_acf_changed":false},"product_brand":[],"product_cat":[1771,1776,1859,1790,1772,1743],"product_tag":[],"class_list":{"0":"post-52955","1":"product","2":"type-product","3":"status-publish","4":"has-post-thumbnail","6":"product_cat-fiksuja-auttajia","7":"product_cat-hyodylliset-lisavarusteet","8":"product_cat-istutuskauhat","9":"product_cat-kasvuun-tarvittavat-tyokalut","10":"product_cat-lahjat-puutarhurille","11":"product_cat-lisalahjat-lahjat","12":"product_shipping_class-toimitus-1-3-tyopaivan-kuluessa","13":"pa_variatsioon-superseeder-kylvokone-21","15":"first","16":"outofstock","17":"sale","18":"taxable","19":"shipping-taxable","20":"purchasable","21":"product-type-simple"},"acf":[],"yoast_head":"<!-- This site is optimized with the Yoast SEO Premium plugin v27.3 (Yoast SEO v27.3) - https:\/\/yoast.com\/product\/yoast-seo-premium-wordpress\/ -->\n<title>Tulppaanin sipuli istutin ruostumatonta ter\u00e4st\u00e4 - Rodoaed<\/title>\n<meta name=\"robots\" content=\"index, follow, max-snippet:-1, max-image-preview:large, max-video-preview:-1\" \/>\n<link rel=\"canonical\" href=\"https:\/\/rodoaed.ee\/fi\/toode\/tulppaanin-sipuli-istutin-ruostumatonta-terasta\/\" \/>\n<meta property=\"og:locale\" content=\"fi_FI\" \/>\n<meta property=\"og:type\" content=\"article\" \/>\n<meta property=\"og:title\" content=\"Tulppaanin sipuli istutin ruostumatonta ter\u00e4st\u00e4\" \/>\n<meta property=\"og:description\" content=\"V\u00e4ltt\u00e4m\u00e4t\u00f6n ty\u00f6kalu tulppaanisipulien varastointiin K\u00e4tev\u00e4 ty\u00f6kalu tulppaanisipuleiden ja kaikenlaisten kukkasipuleiden istuttamiseen sek\u00e4 puutarhaan ett\u00e4\" \/>\n<meta property=\"og:url\" content=\"https:\/\/rodoaed.ee\/fi\/toode\/tulppaanin-sipuli-istutin-ruostumatonta-terasta\/\" \/>\n<meta property=\"og:site_name\" content=\"Rodoaed\" \/>\n<meta property=\"article:publisher\" content=\"https:\/\/www.facebook.com\/kasvuhooned\/\" \/>\n<meta property=\"article:modified_time\" content=\"2026-04-13T07:57:45+00:00\" \/>\n<meta property=\"og:image\" content=\"https:\/\/rodoaed.ee\/wp-content\/uploads\/2023\/02\/tulbisibula-istutaja_GT109_01.png\" \/>\n\t<meta property=\"og:image:width\" content=\"1240\" \/>\n\t<meta property=\"og:image:height\" content=\"1240\" \/>\n\t<meta property=\"og:image:type\" content=\"image\/png\" \/>\n<meta name=\"twitter:card\" content=\"summary_large_image\" \/>\n<script type=\"application\/ld+json\" class=\"yoast-schema-graph\">{\"@context\":\"https:\\\/\\\/schema.org\",\"@graph\":[{\"@type\":\"WebPage\",\"@id\":\"https:\\\/\\\/rodoaed.ee\\\/fi\\\/toode\\\/tulppaanin-sipuli-istutin-ruostumatonta-terasta\\\/\",\"url\":\"https:\\\/\\\/rodoaed.ee\\\/fi\\\/toode\\\/tulppaanin-sipuli-istutin-ruostumatonta-terasta\\\/\",\"name\":\"Tulppaanin sipuli istutin ruostumatonta ter\u00e4st\u00e4 - Rodoaed\",\"isPartOf\":{\"@id\":\"https:\\\/\\\/rodoaed.ee\\\/#website\"},\"primaryImageOfPage\":{\"@id\":\"https:\\\/\\\/rodoaed.ee\\\/fi\\\/toode\\\/tulppaanin-sipuli-istutin-ruostumatonta-terasta\\\/#primaryimage\"},\"image\":{\"@id\":\"https:\\\/\\\/rodoaed.ee\\\/fi\\\/toode\\\/tulppaanin-sipuli-istutin-ruostumatonta-terasta\\\/#primaryimage\"},\"thumbnailUrl\":\"https:\\\/\\\/rodoaed.ee\\\/wp-content\\\/uploads\\\/2023\\\/02\\\/tulbisibula-istutaja_GT109_01.png\",\"datePublished\":\"2023-02-07T09:09:40+00:00\",\"dateModified\":\"2026-04-13T07:57:45+00:00\",\"breadcrumb\":{\"@id\":\"https:\\\/\\\/rodoaed.ee\\\/fi\\\/toode\\\/tulppaanin-sipuli-istutin-ruostumatonta-terasta\\\/#breadcrumb\"},\"inLanguage\":\"fi\",\"potentialAction\":[{\"@type\":\"ReadAction\",\"target\":[\"https:\\\/\\\/rodoaed.ee\\\/fi\\\/toode\\\/tulppaanin-sipuli-istutin-ruostumatonta-terasta\\\/\"]}]},{\"@type\":\"ImageObject\",\"inLanguage\":\"fi\",\"@id\":\"https:\\\/\\\/rodoaed.ee\\\/fi\\\/toode\\\/tulppaanin-sipuli-istutin-ruostumatonta-terasta\\\/#primaryimage\",\"url\":\"https:\\\/\\\/rodoaed.ee\\\/wp-content\\\/uploads\\\/2023\\\/02\\\/tulbisibula-istutaja_GT109_01.png\",\"contentUrl\":\"https:\\\/\\\/rodoaed.ee\\\/wp-content\\\/uploads\\\/2023\\\/02\\\/tulbisibula-istutaja_GT109_01.png\",\"width\":1240,\"height\":1240},{\"@type\":\"BreadcrumbList\",\"@id\":\"https:\\\/\\\/rodoaed.ee\\\/fi\\\/toode\\\/tulppaanin-sipuli-istutin-ruostumatonta-terasta\\\/#breadcrumb\",\"itemListElement\":[{\"@type\":\"ListItem\",\"position\":1,\"name\":\"Home\",\"item\":\"https:\\\/\\\/rodoaed.ee\\\/fi\\\/\"},{\"@type\":\"ListItem\",\"position\":2,\"name\":\"Osta osoitteessa\",\"item\":\"https:\\\/\\\/rodoaed.ee\\\/osta-osoitteessa\\\/\"},{\"@type\":\"ListItem\",\"position\":3,\"name\":\"Tulppaanin sipuli istutin ruostumatonta ter\u00e4st\u00e4\"}]},{\"@type\":\"WebSite\",\"@id\":\"https:\\\/\\\/rodoaed.ee\\\/#website\",\"url\":\"https:\\\/\\\/rodoaed.ee\\\/\",\"name\":\"Rodoaed\",\"description\":\"\",\"publisher\":{\"@id\":\"https:\\\/\\\/rodoaed.ee\\\/#organization\"},\"potentialAction\":[{\"@type\":\"SearchAction\",\"target\":{\"@type\":\"EntryPoint\",\"urlTemplate\":\"https:\\\/\\\/rodoaed.ee\\\/?s={search_term_string}\"},\"query-input\":{\"@type\":\"PropertyValueSpecification\",\"valueRequired\":true,\"valueName\":\"search_term_string\"}}],\"inLanguage\":\"fi\"},{\"@type\":\"Organization\",\"@id\":\"https:\\\/\\\/rodoaed.ee\\\/#organization\",\"name\":\"Rodoaed\",\"url\":\"https:\\\/\\\/rodoaed.ee\\\/\",\"logo\":{\"@type\":\"ImageObject\",\"inLanguage\":\"fi\",\"@id\":\"https:\\\/\\\/rodoaed.ee\\\/#\\\/schema\\\/logo\\\/image\\\/\",\"url\":\"https:\\\/\\\/rodoaed.ee\\\/wp-content\\\/uploads\\\/2019\\\/11\\\/rodoaed-logo-ilma-taustata.jpg\",\"contentUrl\":\"https:\\\/\\\/rodoaed.ee\\\/wp-content\\\/uploads\\\/2019\\\/11\\\/rodoaed-logo-ilma-taustata.jpg\",\"width\":769,\"height\":268,\"caption\":\"Rodoaed\"},\"image\":{\"@id\":\"https:\\\/\\\/rodoaed.ee\\\/#\\\/schema\\\/logo\\\/image\\\/\"},\"sameAs\":[\"https:\\\/\\\/www.facebook.com\\\/kasvuhooned\\\/\",\"https:\\\/\\\/rodoaed.ee\"]}]}<\/script>\n<!-- \/ Yoast SEO Premium plugin. -->","yoast_head_json":{"title":"Tulppaanin sipuli istutin ruostumatonta ter\u00e4st\u00e4 - Rodoaed","robots":{"index":"index","follow":"follow","max-snippet":"max-snippet:-1","max-image-preview":"max-image-preview:large","max-video-preview":"max-video-preview:-1"},"canonical":"https:\/\/rodoaed.ee\/fi\/toode\/tulppaanin-sipuli-istutin-ruostumatonta-terasta\/","og_locale":"fi_FI","og_type":"article","og_title":"Tulppaanin sipuli istutin ruostumatonta ter\u00e4st\u00e4","og_description":"V\u00e4ltt\u00e4m\u00e4t\u00f6n ty\u00f6kalu tulppaanisipulien varastointiin K\u00e4tev\u00e4 ty\u00f6kalu tulppaanisipuleiden ja kaikenlaisten kukkasipuleiden istuttamiseen sek\u00e4 puutarhaan ett\u00e4","og_url":"https:\/\/rodoaed.ee\/fi\/toode\/tulppaanin-sipuli-istutin-ruostumatonta-terasta\/","og_site_name":"Rodoaed","article_publisher":"https:\/\/www.facebook.com\/kasvuhooned\/","article_modified_time":"2026-04-13T07:57:45+00:00","og_image":[{"width":1240,"height":1240,"url":"https:\/\/rodoaed.ee\/wp-content\/uploads\/2023\/02\/tulbisibula-istutaja_GT109_01.png","type":"image\/png"}],"twitter_card":"summary_large_image","schema":{"@context":"https:\/\/schema.org","@graph":[{"@type":"WebPage","@id":"https:\/\/rodoaed.ee\/fi\/toode\/tulppaanin-sipuli-istutin-ruostumatonta-terasta\/","url":"https:\/\/rodoaed.ee\/fi\/toode\/tulppaanin-sipuli-istutin-ruostumatonta-terasta\/","name":"Tulppaanin sipuli istutin ruostumatonta ter\u00e4st\u00e4 - Rodoaed","isPartOf":{"@id":"https:\/\/rodoaed.ee\/#website"},"primaryImageOfPage":{"@id":"https:\/\/rodoaed.ee\/fi\/toode\/tulppaanin-sipuli-istutin-ruostumatonta-terasta\/#primaryimage"},"image":{"@id":"https:\/\/rodoaed.ee\/fi\/toode\/tulppaanin-sipuli-istutin-ruostumatonta-terasta\/#primaryimage"},"thumbnailUrl":"https:\/\/rodoaed.ee\/wp-content\/uploads\/2023\/02\/tulbisibula-istutaja_GT109_01.png","datePublished":"2023-02-07T09:09:40+00:00","dateModified":"2026-04-13T07:57:45+00:00","breadcrumb":{"@id":"https:\/\/rodoaed.ee\/fi\/toode\/tulppaanin-sipuli-istutin-ruostumatonta-terasta\/#breadcrumb"},"inLanguage":"fi","potentialAction":[{"@type":"ReadAction","target":["https:\/\/rodoaed.ee\/fi\/toode\/tulppaanin-sipuli-istutin-ruostumatonta-terasta\/"]}]},{"@type":"ImageObject","inLanguage":"fi","@id":"https:\/\/rodoaed.ee\/fi\/toode\/tulppaanin-sipuli-istutin-ruostumatonta-terasta\/#primaryimage","url":"https:\/\/rodoaed.ee\/wp-content\/uploads\/2023\/02\/tulbisibula-istutaja_GT109_01.png","contentUrl":"https:\/\/rodoaed.ee\/wp-content\/uploads\/2023\/02\/tulbisibula-istutaja_GT109_01.png","width":1240,"height":1240},{"@type":"BreadcrumbList","@id":"https:\/\/rodoaed.ee\/fi\/toode\/tulppaanin-sipuli-istutin-ruostumatonta-terasta\/#breadcrumb","itemListElement":[{"@type":"ListItem","position":1,"name":"Home","item":"https:\/\/rodoaed.ee\/fi\/"},{"@type":"ListItem","position":2,"name":"Osta osoitteessa","item":"https:\/\/rodoaed.ee\/osta-osoitteessa\/"},{"@type":"ListItem","position":3,"name":"Tulppaanin sipuli istutin ruostumatonta ter\u00e4st\u00e4"}]},{"@type":"WebSite","@id":"https:\/\/rodoaed.ee\/#website","url":"https:\/\/rodoaed.ee\/","name":"Rodoaed","description":"","publisher":{"@id":"https:\/\/rodoaed.ee\/#organization"},"potentialAction":[{"@type":"SearchAction","target":{"@type":"EntryPoint","urlTemplate":"https:\/\/rodoaed.ee\/?s={search_term_string}"},"query-input":{"@type":"PropertyValueSpecification","valueRequired":true,"valueName":"search_term_string"}}],"inLanguage":"fi"},{"@type":"Organization","@id":"https:\/\/rodoaed.ee\/#organization","name":"Rodoaed","url":"https:\/\/rodoaed.ee\/","logo":{"@type":"ImageObject","inLanguage":"fi","@id":"https:\/\/rodoaed.ee\/#\/schema\/logo\/image\/","url":"https:\/\/rodoaed.ee\/wp-content\/uploads\/2019\/11\/rodoaed-logo-ilma-taustata.jpg","contentUrl":"https:\/\/rodoaed.ee\/wp-content\/uploads\/2019\/11\/rodoaed-logo-ilma-taustata.jpg","width":769,"height":268,"caption":"Rodoaed"},"image":{"@id":"https:\/\/rodoaed.ee\/#\/schema\/logo\/image\/"},"sameAs":["https:\/\/www.facebook.com\/kasvuhooned\/","https:\/\/rodoaed.ee"]}]}},"_links":{"self":[{"href":"https:\/\/rodoaed.ee\/fi\/wp-json\/wp\/v2\/product\/52955","targetHints":{"allow":["GET"]}}],"collection":[{"href":"https:\/\/rodoaed.ee\/fi\/wp-json\/wp\/v2\/product"}],"about":[{"href":"https:\/\/rodoaed.ee\/fi\/wp-json\/wp\/v2\/types\/product"}],"wp:featuredmedia":[{"embeddable":true,"href":"https:\/\/rodoaed.ee\/fi\/wp-json\/wp\/v2\/media\/43532"}],"wp:attachment":[{"href":"https:\/\/rodoaed.ee\/fi\/wp-json\/wp\/v2\/media?parent=52955"}],"wp:term":[{"taxonomy":"product_brand","embeddable":true,"href":"https:\/\/rodoaed.ee\/fi\/wp-json\/wp\/v2\/product_brand?post=52955"},{"taxonomy":"product_cat","embeddable":true,"href":"https:\/\/rodoaed.ee\/fi\/wp-json\/wp\/v2\/product_cat?post=52955"},{"taxonomy":"product_tag","embeddable":true,"href":"https:\/\/rodoaed.ee\/fi\/wp-json\/wp\/v2\/product_tag?post=52955"}],"curies":[{"name":"wp","href":"https:\/\/api.w.org\/{rel}","templated":true}]}}