{"id":52956,"date":"2023-02-09T14:04:10","date_gmt":"2023-02-09T12:04:10","guid":{"rendered":"https:\/\/rodoaed.ee\/toode\/korkea-penkki-sailytystilalla-ng100-79x41x78-cm\/"},"modified":"2026-04-13T10:57:49","modified_gmt":"2026-04-13T07:57:49","slug":"korkea-penkki-sailytystilalla-ng100-79x41x78-cm","status":"publish","type":"product","link":"https:\/\/rodoaed.ee\/fi\/tuote\/korkea-penkki-sailytystilalla-ng100-79x41x78-cm\/","title":{"rendered":"Korkea penkki s\u00e4ilytystilalla NG100 79x41x78 cm"},"content":{"rendered":"<h2>Siisti puinen korkea lipasto, jossa on k\u00e4tev\u00e4 s\u00e4ilytyslokero. Yhteensopiva j\u00e4\u00e4kaapin kanssa <\/h2>\n<p>Sopii puutarhaan, parvekkeelle tai terassille. Mikset tekisi vihre\u00e4\u00e4 nurkkaa kaupunkiasunnon parvekkeelle tai katolle. Eritt\u00e4in k\u00e4tev\u00e4 suuressa puutarhassa, jos haluat saada t\u00e4rkeimm\u00e4t vihannekset suoraan ovelle ilman, ett\u00e4 sinun tarvitsee menn\u00e4 puutarhaan.  <\/p>\n<p>Korkean katon alla on k\u00e4tev\u00e4 ovellinen s\u00e4ilytystila, johon voit laittaa kaikki tarvitsemasi tavarat.<\/p>\n<p>Korotetun s\u00e4ngyn suuri etu tavalliseen s\u00e4nkyyn verrattuna on se, ett\u00e4 pid\u00e4t selk\u00e4si. Sen sijaan, ett\u00e4 kyykistyisit tai kumartuisit matalalle, voit ty\u00f6skennell\u00e4 oikealla korkeudella ilman selv\u00e4\u00e4 rasitusta. Toiseksi, korotetun s\u00e4ngyn maaper\u00e4 l\u00e4mpenee alkukev\u00e4\u00e4ll\u00e4 nopeammin kuin maapenkiss\u00e4.  <\/p>\n<p>HU K\u00e4ytt\u00f6 yhdess\u00e4 kylm\u00e4aineen kanssa<\/p>\n<div>\n<p><strong style=\"font-family: inherit; font-size: inherit; font-style: inherit; font-variant-caps: inherit;\">Eritt\u00e4in helppo asentaa ja eritt\u00e4in k\u00e4tev\u00e4 k\u00e4ytt\u00e4\u00e4. Eritt\u00e4in luotettava. <\/strong><\/p>\n<\/div>\n<ul>\n<li>Ihanteellinen pieneen puutarhaan<\/li>\n<li>jossa on varasto<\/li>\n<li>100 % FCS-sertifioitu m\u00e4nty<\/li>\n<li>ruostumattomasta ter\u00e4ksest\u00e4 valmistetut pultit<\/li>\n<li>toimitetaan pohjakankaan kanssa<\/li>\n<li>Mitat: L 78,8 x D 40,6 x K 78 cm.<\/li>\n<li>Tilavuus: 65 L<\/li>\n<li>Paino: 19,3 kg<\/li>\n<\/ul>\n","protected":false},"excerpt":{"rendered":"<p>Siisti puinen korkea lipasto, jossa on k\u00e4tev\u00e4 s\u00e4ilytyslokero. Yhteensopiva j\u00e4\u00e4kaapin kanssa Sopii puutarhaan, parvekkeelle tai terassille. Mikset tekisi vihre\u00e4\u00e4 nurkkaa kaupunkiasunnon parvekkeelle tai katolle. Eritt\u00e4in k\u00e4tev\u00e4 suuressa puutarhassa, jos haluat saada t\u00e4rkeimm\u00e4t vihannekset suoraan ovelle ilman, ett\u00e4 sinun tarvitsee menn\u00e4 puutarhaan. Korkean katon alla on k\u00e4tev\u00e4 ovellinen s\u00e4ilytystila, johon voit laittaa kaikki tarvitsemasi tavarat. Korotetun s\u00e4ngyn suuri etu tavalliseen s\u00e4nkyyn verrattuna on se, ett\u00e4 pid\u00e4t&#8230;<\/p>\n","protected":false},"featured_media":43671,"template":"","meta":{"_acf_changed":false},"product_brand":[],"product_cat":[1980,1743,1745],"product_tag":[],"class_list":{"0":"post-52956","1":"product","2":"type-product","3":"status-publish","4":"has-post-thumbnail","6":"product_cat-korotetut-penkit-ja-istutusastiat","7":"product_cat-lisalahjat-lahjat","8":"product_cat-suuri-varaston-tyhjennysmyynti","9":"product_shipping_class-kuljetus-ainoastaan-kuriiripalvelun-valityksella","10":"pa_variatsioon-korkea-peili-lehdista-premium-l-100x100x435cm","12":"first","13":"outofstock","14":"sale","15":"taxable","16":"shipping-taxable","17":"purchasable","18":"product-type-simple"},"acf":[],"yoast_head":"<!-- This site is optimized with the Yoast SEO Premium plugin v27.3 (Yoast SEO v27.3) - https:\/\/yoast.com\/product\/yoast-seo-premium-wordpress\/ -->\n<title>Korkea penkki s\u00e4ilytystilalla NG100 79x41x78 cm - Rodoaed<\/title>\n<meta name=\"robots\" content=\"index, follow, max-snippet:-1, max-image-preview:large, max-video-preview:-1\" \/>\n<link rel=\"canonical\" href=\"https:\/\/rodoaed.ee\/fi\/toode\/korkea-penkki-sailytystilalla-ng100-79x41x78-cm\/\" \/>\n<meta property=\"og:locale\" content=\"fi_FI\" \/>\n<meta property=\"og:type\" content=\"article\" \/>\n<meta property=\"og:title\" content=\"Korkea penkki s\u00e4ilytystilalla NG100 79x41x78 cm\" \/>\n<meta property=\"og:description\" content=\"Siisti puinen korkea lipasto, jossa on k\u00e4tev\u00e4 s\u00e4ilytyslokero. Yhteensopiva j\u00e4\u00e4kaapin kanssa Sopii puutarhaan, parvekkeelle tai terassille. Mikset tekisi\" \/>\n<meta property=\"og:url\" content=\"https:\/\/rodoaed.ee\/fi\/toode\/korkea-penkki-sailytystilalla-ng100-79x41x78-cm\/\" \/>\n<meta property=\"og:site_name\" content=\"Rodoaed\" \/>\n<meta property=\"article:publisher\" content=\"https:\/\/www.facebook.com\/kasvuhooned\/\" \/>\n<meta property=\"article:modified_time\" content=\"2026-04-13T07:57:49+00:00\" \/>\n<meta property=\"og:image\" content=\"https:\/\/rodoaed.ee\/wp-content\/uploads\/2023\/02\/korgpeenar_NG100_01.png\" \/>\n\t<meta property=\"og:image:width\" content=\"1240\" \/>\n\t<meta property=\"og:image:height\" content=\"1240\" \/>\n\t<meta property=\"og:image:type\" content=\"image\/png\" \/>\n<meta name=\"twitter:card\" content=\"summary_large_image\" \/>\n<meta name=\"twitter:label1\" content=\"Arvioitu lukuaika\" \/>\n\t<meta name=\"twitter:data1\" content=\"1 minuutti\" \/>\n<script type=\"application\/ld+json\" class=\"yoast-schema-graph\">{\"@context\":\"https:\\\/\\\/schema.org\",\"@graph\":[{\"@type\":\"WebPage\",\"@id\":\"https:\\\/\\\/rodoaed.ee\\\/fi\\\/toode\\\/korkea-penkki-sailytystilalla-ng100-79x41x78-cm\\\/\",\"url\":\"https:\\\/\\\/rodoaed.ee\\\/fi\\\/toode\\\/korkea-penkki-sailytystilalla-ng100-79x41x78-cm\\\/\",\"name\":\"Korkea penkki s\u00e4ilytystilalla NG100 79x41x78 cm - Rodoaed\",\"isPartOf\":{\"@id\":\"https:\\\/\\\/rodoaed.ee\\\/#website\"},\"primaryImageOfPage\":{\"@id\":\"https:\\\/\\\/rodoaed.ee\\\/fi\\\/toode\\\/korkea-penkki-sailytystilalla-ng100-79x41x78-cm\\\/#primaryimage\"},\"image\":{\"@id\":\"https:\\\/\\\/rodoaed.ee\\\/fi\\\/toode\\\/korkea-penkki-sailytystilalla-ng100-79x41x78-cm\\\/#primaryimage\"},\"thumbnailUrl\":\"https:\\\/\\\/rodoaed.ee\\\/wp-content\\\/uploads\\\/2023\\\/02\\\/korgpeenar_NG100_01.png\",\"datePublished\":\"2023-02-09T12:04:10+00:00\",\"dateModified\":\"2026-04-13T07:57:49+00:00\",\"breadcrumb\":{\"@id\":\"https:\\\/\\\/rodoaed.ee\\\/fi\\\/toode\\\/korkea-penkki-sailytystilalla-ng100-79x41x78-cm\\\/#breadcrumb\"},\"inLanguage\":\"fi\",\"potentialAction\":[{\"@type\":\"ReadAction\",\"target\":[\"https:\\\/\\\/rodoaed.ee\\\/fi\\\/toode\\\/korkea-penkki-sailytystilalla-ng100-79x41x78-cm\\\/\"]}]},{\"@type\":\"ImageObject\",\"inLanguage\":\"fi\",\"@id\":\"https:\\\/\\\/rodoaed.ee\\\/fi\\\/toode\\\/korkea-penkki-sailytystilalla-ng100-79x41x78-cm\\\/#primaryimage\",\"url\":\"https:\\\/\\\/rodoaed.ee\\\/wp-content\\\/uploads\\\/2023\\\/02\\\/korgpeenar_NG100_01.png\",\"contentUrl\":\"https:\\\/\\\/rodoaed.ee\\\/wp-content\\\/uploads\\\/2023\\\/02\\\/korgpeenar_NG100_01.png\",\"width\":1240,\"height\":1240},{\"@type\":\"BreadcrumbList\",\"@id\":\"https:\\\/\\\/rodoaed.ee\\\/fi\\\/toode\\\/korkea-penkki-sailytystilalla-ng100-79x41x78-cm\\\/#breadcrumb\",\"itemListElement\":[{\"@type\":\"ListItem\",\"position\":1,\"name\":\"Home\",\"item\":\"https:\\\/\\\/rodoaed.ee\\\/fi\\\/\"},{\"@type\":\"ListItem\",\"position\":2,\"name\":\"Osta osoitteessa\",\"item\":\"https:\\\/\\\/rodoaed.ee\\\/osta-osoitteessa\\\/\"},{\"@type\":\"ListItem\",\"position\":3,\"name\":\"Korkea penkki s\u00e4ilytystilalla NG100 79x41x78 cm\"}]},{\"@type\":\"WebSite\",\"@id\":\"https:\\\/\\\/rodoaed.ee\\\/#website\",\"url\":\"https:\\\/\\\/rodoaed.ee\\\/\",\"name\":\"Rodoaed\",\"description\":\"\",\"publisher\":{\"@id\":\"https:\\\/\\\/rodoaed.ee\\\/#organization\"},\"potentialAction\":[{\"@type\":\"SearchAction\",\"target\":{\"@type\":\"EntryPoint\",\"urlTemplate\":\"https:\\\/\\\/rodoaed.ee\\\/?s={search_term_string}\"},\"query-input\":{\"@type\":\"PropertyValueSpecification\",\"valueRequired\":true,\"valueName\":\"search_term_string\"}}],\"inLanguage\":\"fi\"},{\"@type\":\"Organization\",\"@id\":\"https:\\\/\\\/rodoaed.ee\\\/#organization\",\"name\":\"Rodoaed\",\"url\":\"https:\\\/\\\/rodoaed.ee\\\/\",\"logo\":{\"@type\":\"ImageObject\",\"inLanguage\":\"fi\",\"@id\":\"https:\\\/\\\/rodoaed.ee\\\/#\\\/schema\\\/logo\\\/image\\\/\",\"url\":\"https:\\\/\\\/rodoaed.ee\\\/wp-content\\\/uploads\\\/2019\\\/11\\\/rodoaed-logo-ilma-taustata.jpg\",\"contentUrl\":\"https:\\\/\\\/rodoaed.ee\\\/wp-content\\\/uploads\\\/2019\\\/11\\\/rodoaed-logo-ilma-taustata.jpg\",\"width\":769,\"height\":268,\"caption\":\"Rodoaed\"},\"image\":{\"@id\":\"https:\\\/\\\/rodoaed.ee\\\/#\\\/schema\\\/logo\\\/image\\\/\"},\"sameAs\":[\"https:\\\/\\\/www.facebook.com\\\/kasvuhooned\\\/\",\"https:\\\/\\\/rodoaed.ee\"]}]}<\/script>\n<!-- \/ Yoast SEO Premium plugin. -->","yoast_head_json":{"title":"Korkea penkki s\u00e4ilytystilalla NG100 79x41x78 cm - Rodoaed","robots":{"index":"index","follow":"follow","max-snippet":"max-snippet:-1","max-image-preview":"max-image-preview:large","max-video-preview":"max-video-preview:-1"},"canonical":"https:\/\/rodoaed.ee\/fi\/toode\/korkea-penkki-sailytystilalla-ng100-79x41x78-cm\/","og_locale":"fi_FI","og_type":"article","og_title":"Korkea penkki s\u00e4ilytystilalla NG100 79x41x78 cm","og_description":"Siisti puinen korkea lipasto, jossa on k\u00e4tev\u00e4 s\u00e4ilytyslokero. Yhteensopiva j\u00e4\u00e4kaapin kanssa Sopii puutarhaan, parvekkeelle tai terassille. Mikset tekisi","og_url":"https:\/\/rodoaed.ee\/fi\/toode\/korkea-penkki-sailytystilalla-ng100-79x41x78-cm\/","og_site_name":"Rodoaed","article_publisher":"https:\/\/www.facebook.com\/kasvuhooned\/","article_modified_time":"2026-04-13T07:57:49+00:00","og_image":[{"width":1240,"height":1240,"url":"https:\/\/rodoaed.ee\/wp-content\/uploads\/2023\/02\/korgpeenar_NG100_01.png","type":"image\/png"}],"twitter_card":"summary_large_image","twitter_misc":{"Arvioitu lukuaika":"1 minuutti"},"schema":{"@context":"https:\/\/schema.org","@graph":[{"@type":"WebPage","@id":"https:\/\/rodoaed.ee\/fi\/toode\/korkea-penkki-sailytystilalla-ng100-79x41x78-cm\/","url":"https:\/\/rodoaed.ee\/fi\/toode\/korkea-penkki-sailytystilalla-ng100-79x41x78-cm\/","name":"Korkea penkki s\u00e4ilytystilalla NG100 79x41x78 cm - Rodoaed","isPartOf":{"@id":"https:\/\/rodoaed.ee\/#website"},"primaryImageOfPage":{"@id":"https:\/\/rodoaed.ee\/fi\/toode\/korkea-penkki-sailytystilalla-ng100-79x41x78-cm\/#primaryimage"},"image":{"@id":"https:\/\/rodoaed.ee\/fi\/toode\/korkea-penkki-sailytystilalla-ng100-79x41x78-cm\/#primaryimage"},"thumbnailUrl":"https:\/\/rodoaed.ee\/wp-content\/uploads\/2023\/02\/korgpeenar_NG100_01.png","datePublished":"2023-02-09T12:04:10+00:00","dateModified":"2026-04-13T07:57:49+00:00","breadcrumb":{"@id":"https:\/\/rodoaed.ee\/fi\/toode\/korkea-penkki-sailytystilalla-ng100-79x41x78-cm\/#breadcrumb"},"inLanguage":"fi","potentialAction":[{"@type":"ReadAction","target":["https:\/\/rodoaed.ee\/fi\/toode\/korkea-penkki-sailytystilalla-ng100-79x41x78-cm\/"]}]},{"@type":"ImageObject","inLanguage":"fi","@id":"https:\/\/rodoaed.ee\/fi\/toode\/korkea-penkki-sailytystilalla-ng100-79x41x78-cm\/#primaryimage","url":"https:\/\/rodoaed.ee\/wp-content\/uploads\/2023\/02\/korgpeenar_NG100_01.png","contentUrl":"https:\/\/rodoaed.ee\/wp-content\/uploads\/2023\/02\/korgpeenar_NG100_01.png","width":1240,"height":1240},{"@type":"BreadcrumbList","@id":"https:\/\/rodoaed.ee\/fi\/toode\/korkea-penkki-sailytystilalla-ng100-79x41x78-cm\/#breadcrumb","itemListElement":[{"@type":"ListItem","position":1,"name":"Home","item":"https:\/\/rodoaed.ee\/fi\/"},{"@type":"ListItem","position":2,"name":"Osta osoitteessa","item":"https:\/\/rodoaed.ee\/osta-osoitteessa\/"},{"@type":"ListItem","position":3,"name":"Korkea penkki s\u00e4ilytystilalla NG100 79x41x78 cm"}]},{"@type":"WebSite","@id":"https:\/\/rodoaed.ee\/#website","url":"https:\/\/rodoaed.ee\/","name":"Rodoaed","description":"","publisher":{"@id":"https:\/\/rodoaed.ee\/#organization"},"potentialAction":[{"@type":"SearchAction","target":{"@type":"EntryPoint","urlTemplate":"https:\/\/rodoaed.ee\/?s={search_term_string}"},"query-input":{"@type":"PropertyValueSpecification","valueRequired":true,"valueName":"search_term_string"}}],"inLanguage":"fi"},{"@type":"Organization","@id":"https:\/\/rodoaed.ee\/#organization","name":"Rodoaed","url":"https:\/\/rodoaed.ee\/","logo":{"@type":"ImageObject","inLanguage":"fi","@id":"https:\/\/rodoaed.ee\/#\/schema\/logo\/image\/","url":"https:\/\/rodoaed.ee\/wp-content\/uploads\/2019\/11\/rodoaed-logo-ilma-taustata.jpg","contentUrl":"https:\/\/rodoaed.ee\/wp-content\/uploads\/2019\/11\/rodoaed-logo-ilma-taustata.jpg","width":769,"height":268,"caption":"Rodoaed"},"image":{"@id":"https:\/\/rodoaed.ee\/#\/schema\/logo\/image\/"},"sameAs":["https:\/\/www.facebook.com\/kasvuhooned\/","https:\/\/rodoaed.ee"]}]}},"_links":{"self":[{"href":"https:\/\/rodoaed.ee\/fi\/wp-json\/wp\/v2\/product\/52956","targetHints":{"allow":["GET"]}}],"collection":[{"href":"https:\/\/rodoaed.ee\/fi\/wp-json\/wp\/v2\/product"}],"about":[{"href":"https:\/\/rodoaed.ee\/fi\/wp-json\/wp\/v2\/types\/product"}],"wp:featuredmedia":[{"embeddable":true,"href":"https:\/\/rodoaed.ee\/fi\/wp-json\/wp\/v2\/media\/43671"}],"wp:attachment":[{"href":"https:\/\/rodoaed.ee\/fi\/wp-json\/wp\/v2\/media?parent=52956"}],"wp:term":[{"taxonomy":"product_brand","embeddable":true,"href":"https:\/\/rodoaed.ee\/fi\/wp-json\/wp\/v2\/product_brand?post=52956"},{"taxonomy":"product_cat","embeddable":true,"href":"https:\/\/rodoaed.ee\/fi\/wp-json\/wp\/v2\/product_cat?post=52956"},{"taxonomy":"product_tag","embeddable":true,"href":"https:\/\/rodoaed.ee\/fi\/wp-json\/wp\/v2\/product_tag?post=52956"}],"curies":[{"name":"wp","href":"https:\/\/api.w.org\/{rel}","templated":true}]}}