{"id":52958,"date":"2023-02-07T13:58:16","date_gmt":"2023-02-07T11:58:16","guid":{"rendered":"https:\/\/rodoaed.ee\/toode\/hammastikku-tyokalupakki\/"},"modified":"2026-04-13T10:57:50","modified_gmt":"2026-04-13T07:57:50","slug":"hammastikku-tyokalupakki","status":"publish","type":"product","link":"https:\/\/rodoaed.ee\/fi\/tuote\/hammastikku-tyokalupakki\/","title":{"rendered":"Hammastikku ty\u00f6kalupakki"},"content":{"rendered":"<h2>Ruostumattomasta ter\u00e4ksest\u00e4 valmistetut kunnolliset ty\u00f6kalut hein\u00e4sirkkoja varten.<\/h2>\n<p>T\u00e4ss\u00e4 sarjassa on kaikki mit\u00e4 tarvitset huonekasvien hoitoon. Kunnollinen ruostumattomasta ter\u00e4ksest\u00e4 valmistettu kaivuri, lapio ja oksasakset. Ja kaikki on kauniilla py\u00f6kkipuujalustalla.  <\/p>\n<p>Jos sinun on karsittava huonekasvien ylikasvaneita varsia tai oksia, on k\u00e4tev\u00e4\u00e4 k\u00e4ytt\u00e4\u00e4 pienempi\u00e4 oksasaksia suurten oksasaksien sijaan. K\u00e4tev\u00e4 pieni istutuslapio huonekasvien istuttamiseen, esikasettien t\u00e4ytt\u00e4miseen ja muihin puutarhat\u00f6ihin. Lapion toinen reuna on sile\u00e4 ja toisessa on pieni hammastus. K\u00e4tev\u00e4n kokoinen, jotta p\u00e4\u00e4set kaikkialle &#8211; esimerkiksi lis\u00e4\u00e4m\u00e4\u00e4n huuhtoutunutta multaa huonekasvien ruukkuihin. Ruostumattomasta ter\u00e4ksest\u00e4 valmistetussa lapiossa on hyv\u00e4 sile\u00e4 pinta, joten kaikki multa ja lika irtoaa helposti.    <\/p>\n<p>Se on loistava lahja kenelle tahansa hein\u00e4sirkan ja puutarhan harrastajalle.<\/p>\n<p>&nbsp;<\/p>\n<div id=\"article-specifications\" class=\"tab-links__content is-active col-md-6 mb-4\"><\/div>\n","protected":false},"excerpt":{"rendered":"<p>Ruostumattomasta ter\u00e4ksest\u00e4 valmistetut kunnolliset ty\u00f6kalut hein\u00e4sirkkoja varten. T\u00e4ss\u00e4 sarjassa on kaikki mit\u00e4 tarvitset huonekasvien hoitoon. Kunnollinen ruostumattomasta ter\u00e4ksest\u00e4 valmistettu kaivuri, lapio ja oksasakset. Ja kaikki on kauniilla py\u00f6kkipuujalustalla. Jos sinun on karsittava huonekasvien ylikasvaneita varsia tai oksia, on k\u00e4tev\u00e4\u00e4 k\u00e4ytt\u00e4\u00e4 pienempi\u00e4 oksasaksia suurten oksasaksien sijaan. K\u00e4tev\u00e4 pieni istutuslapio huonekasvien istuttamiseen, esikasettien t\u00e4ytt\u00e4miseen ja muihin puutarhat\u00f6ihin. Lapion toinen reuna on sile\u00e4 ja toisessa on pieni hammastus&#8230;.<\/p>\n","protected":false},"featured_media":43574,"template":"","meta":{"_acf_changed":false},"product_brand":[],"product_cat":[1859,1790,1833,1772,1743,1857],"product_tag":[],"class_list":{"0":"post-52958","1":"product","2":"type-product","3":"status-publish","4":"has-post-thumbnail","6":"product_cat-istutuskauhat","7":"product_cat-kasvuun-tarvittavat-tyokalut","8":"product_cat-lahjat-naisille","9":"product_cat-lahjat-puutarhurille","10":"product_cat-lisalahjat-lahjat","11":"product_cat-tyokalupaketit","12":"product_shipping_class-toimitus-1-3-tyopaivan-kuluessa","13":"pa_variatsioon-superseeder-kylvokone-21","15":"first","16":"outofstock","17":"sale","18":"taxable","19":"shipping-taxable","20":"purchasable","21":"product-type-simple"},"acf":[],"yoast_head":"<!-- This site is optimized with the Yoast SEO Premium plugin v27.3 (Yoast SEO v27.3) - https:\/\/yoast.com\/product\/yoast-seo-premium-wordpress\/ -->\n<title>Hammastikku ty\u00f6kalupakki - Rodoaed<\/title>\n<meta name=\"robots\" content=\"index, follow, max-snippet:-1, max-image-preview:large, max-video-preview:-1\" \/>\n<link rel=\"canonical\" href=\"https:\/\/rodoaed.ee\/fi\/toode\/hammastikku-tyokalupakki\/\" \/>\n<meta property=\"og:locale\" content=\"fi_FI\" \/>\n<meta property=\"og:type\" content=\"article\" \/>\n<meta property=\"og:title\" content=\"Hammastikku ty\u00f6kalupakki\" \/>\n<meta property=\"og:description\" content=\"Ruostumattomasta ter\u00e4ksest\u00e4 valmistetut kunnolliset ty\u00f6kalut hein\u00e4sirkkoja varten. T\u00e4ss\u00e4 sarjassa on kaikki mit\u00e4 tarvitset huonekasvien hoitoon.\" \/>\n<meta property=\"og:url\" content=\"https:\/\/rodoaed.ee\/fi\/toode\/hammastikku-tyokalupakki\/\" \/>\n<meta property=\"og:site_name\" content=\"Rodoaed\" \/>\n<meta property=\"article:publisher\" content=\"https:\/\/www.facebook.com\/kasvuhooned\/\" \/>\n<meta property=\"article:modified_time\" content=\"2026-04-13T07:57:50+00:00\" \/>\n<meta property=\"og:image\" content=\"https:\/\/rodoaed.ee\/wp-content\/uploads\/2023\/02\/toataimede-tooriistade-komplekt_GT179_01.png\" \/>\n\t<meta property=\"og:image:width\" content=\"1240\" \/>\n\t<meta property=\"og:image:height\" content=\"1240\" \/>\n\t<meta property=\"og:image:type\" content=\"image\/png\" \/>\n<meta name=\"twitter:card\" content=\"summary_large_image\" \/>\n<meta name=\"twitter:label1\" content=\"Arvioitu lukuaika\" \/>\n\t<meta name=\"twitter:data1\" content=\"1 minuutti\" \/>\n<script type=\"application\/ld+json\" class=\"yoast-schema-graph\">{\"@context\":\"https:\\\/\\\/schema.org\",\"@graph\":[{\"@type\":\"WebPage\",\"@id\":\"https:\\\/\\\/rodoaed.ee\\\/fi\\\/toode\\\/hammastikku-tyokalupakki\\\/\",\"url\":\"https:\\\/\\\/rodoaed.ee\\\/fi\\\/toode\\\/hammastikku-tyokalupakki\\\/\",\"name\":\"Hammastikku ty\u00f6kalupakki - Rodoaed\",\"isPartOf\":{\"@id\":\"https:\\\/\\\/rodoaed.ee\\\/#website\"},\"primaryImageOfPage\":{\"@id\":\"https:\\\/\\\/rodoaed.ee\\\/fi\\\/toode\\\/hammastikku-tyokalupakki\\\/#primaryimage\"},\"image\":{\"@id\":\"https:\\\/\\\/rodoaed.ee\\\/fi\\\/toode\\\/hammastikku-tyokalupakki\\\/#primaryimage\"},\"thumbnailUrl\":\"https:\\\/\\\/rodoaed.ee\\\/wp-content\\\/uploads\\\/2023\\\/02\\\/toataimede-tooriistade-komplekt_GT179_01.png\",\"datePublished\":\"2023-02-07T11:58:16+00:00\",\"dateModified\":\"2026-04-13T07:57:50+00:00\",\"breadcrumb\":{\"@id\":\"https:\\\/\\\/rodoaed.ee\\\/fi\\\/toode\\\/hammastikku-tyokalupakki\\\/#breadcrumb\"},\"inLanguage\":\"fi\",\"potentialAction\":[{\"@type\":\"ReadAction\",\"target\":[\"https:\\\/\\\/rodoaed.ee\\\/fi\\\/toode\\\/hammastikku-tyokalupakki\\\/\"]}]},{\"@type\":\"ImageObject\",\"inLanguage\":\"fi\",\"@id\":\"https:\\\/\\\/rodoaed.ee\\\/fi\\\/toode\\\/hammastikku-tyokalupakki\\\/#primaryimage\",\"url\":\"https:\\\/\\\/rodoaed.ee\\\/wp-content\\\/uploads\\\/2023\\\/02\\\/toataimede-tooriistade-komplekt_GT179_01.png\",\"contentUrl\":\"https:\\\/\\\/rodoaed.ee\\\/wp-content\\\/uploads\\\/2023\\\/02\\\/toataimede-tooriistade-komplekt_GT179_01.png\",\"width\":1240,\"height\":1240},{\"@type\":\"BreadcrumbList\",\"@id\":\"https:\\\/\\\/rodoaed.ee\\\/fi\\\/toode\\\/hammastikku-tyokalupakki\\\/#breadcrumb\",\"itemListElement\":[{\"@type\":\"ListItem\",\"position\":1,\"name\":\"Home\",\"item\":\"https:\\\/\\\/rodoaed.ee\\\/fi\\\/\"},{\"@type\":\"ListItem\",\"position\":2,\"name\":\"Osta osoitteessa\",\"item\":\"https:\\\/\\\/rodoaed.ee\\\/osta-osoitteessa\\\/\"},{\"@type\":\"ListItem\",\"position\":3,\"name\":\"Hammastikku ty\u00f6kalupakki\"}]},{\"@type\":\"WebSite\",\"@id\":\"https:\\\/\\\/rodoaed.ee\\\/#website\",\"url\":\"https:\\\/\\\/rodoaed.ee\\\/\",\"name\":\"Rodoaed\",\"description\":\"\",\"publisher\":{\"@id\":\"https:\\\/\\\/rodoaed.ee\\\/#organization\"},\"potentialAction\":[{\"@type\":\"SearchAction\",\"target\":{\"@type\":\"EntryPoint\",\"urlTemplate\":\"https:\\\/\\\/rodoaed.ee\\\/?s={search_term_string}\"},\"query-input\":{\"@type\":\"PropertyValueSpecification\",\"valueRequired\":true,\"valueName\":\"search_term_string\"}}],\"inLanguage\":\"fi\"},{\"@type\":\"Organization\",\"@id\":\"https:\\\/\\\/rodoaed.ee\\\/#organization\",\"name\":\"Rodoaed\",\"url\":\"https:\\\/\\\/rodoaed.ee\\\/\",\"logo\":{\"@type\":\"ImageObject\",\"inLanguage\":\"fi\",\"@id\":\"https:\\\/\\\/rodoaed.ee\\\/#\\\/schema\\\/logo\\\/image\\\/\",\"url\":\"https:\\\/\\\/rodoaed.ee\\\/wp-content\\\/uploads\\\/2019\\\/11\\\/rodoaed-logo-ilma-taustata.jpg\",\"contentUrl\":\"https:\\\/\\\/rodoaed.ee\\\/wp-content\\\/uploads\\\/2019\\\/11\\\/rodoaed-logo-ilma-taustata.jpg\",\"width\":769,\"height\":268,\"caption\":\"Rodoaed\"},\"image\":{\"@id\":\"https:\\\/\\\/rodoaed.ee\\\/#\\\/schema\\\/logo\\\/image\\\/\"},\"sameAs\":[\"https:\\\/\\\/www.facebook.com\\\/kasvuhooned\\\/\",\"https:\\\/\\\/rodoaed.ee\"]}]}<\/script>\n<!-- \/ Yoast SEO Premium plugin. -->","yoast_head_json":{"title":"Hammastikku ty\u00f6kalupakki - Rodoaed","robots":{"index":"index","follow":"follow","max-snippet":"max-snippet:-1","max-image-preview":"max-image-preview:large","max-video-preview":"max-video-preview:-1"},"canonical":"https:\/\/rodoaed.ee\/fi\/toode\/hammastikku-tyokalupakki\/","og_locale":"fi_FI","og_type":"article","og_title":"Hammastikku ty\u00f6kalupakki","og_description":"Ruostumattomasta ter\u00e4ksest\u00e4 valmistetut kunnolliset ty\u00f6kalut hein\u00e4sirkkoja varten. T\u00e4ss\u00e4 sarjassa on kaikki mit\u00e4 tarvitset huonekasvien hoitoon.","og_url":"https:\/\/rodoaed.ee\/fi\/toode\/hammastikku-tyokalupakki\/","og_site_name":"Rodoaed","article_publisher":"https:\/\/www.facebook.com\/kasvuhooned\/","article_modified_time":"2026-04-13T07:57:50+00:00","og_image":[{"width":1240,"height":1240,"url":"https:\/\/rodoaed.ee\/wp-content\/uploads\/2023\/02\/toataimede-tooriistade-komplekt_GT179_01.png","type":"image\/png"}],"twitter_card":"summary_large_image","twitter_misc":{"Arvioitu lukuaika":"1 minuutti"},"schema":{"@context":"https:\/\/schema.org","@graph":[{"@type":"WebPage","@id":"https:\/\/rodoaed.ee\/fi\/toode\/hammastikku-tyokalupakki\/","url":"https:\/\/rodoaed.ee\/fi\/toode\/hammastikku-tyokalupakki\/","name":"Hammastikku ty\u00f6kalupakki - Rodoaed","isPartOf":{"@id":"https:\/\/rodoaed.ee\/#website"},"primaryImageOfPage":{"@id":"https:\/\/rodoaed.ee\/fi\/toode\/hammastikku-tyokalupakki\/#primaryimage"},"image":{"@id":"https:\/\/rodoaed.ee\/fi\/toode\/hammastikku-tyokalupakki\/#primaryimage"},"thumbnailUrl":"https:\/\/rodoaed.ee\/wp-content\/uploads\/2023\/02\/toataimede-tooriistade-komplekt_GT179_01.png","datePublished":"2023-02-07T11:58:16+00:00","dateModified":"2026-04-13T07:57:50+00:00","breadcrumb":{"@id":"https:\/\/rodoaed.ee\/fi\/toode\/hammastikku-tyokalupakki\/#breadcrumb"},"inLanguage":"fi","potentialAction":[{"@type":"ReadAction","target":["https:\/\/rodoaed.ee\/fi\/toode\/hammastikku-tyokalupakki\/"]}]},{"@type":"ImageObject","inLanguage":"fi","@id":"https:\/\/rodoaed.ee\/fi\/toode\/hammastikku-tyokalupakki\/#primaryimage","url":"https:\/\/rodoaed.ee\/wp-content\/uploads\/2023\/02\/toataimede-tooriistade-komplekt_GT179_01.png","contentUrl":"https:\/\/rodoaed.ee\/wp-content\/uploads\/2023\/02\/toataimede-tooriistade-komplekt_GT179_01.png","width":1240,"height":1240},{"@type":"BreadcrumbList","@id":"https:\/\/rodoaed.ee\/fi\/toode\/hammastikku-tyokalupakki\/#breadcrumb","itemListElement":[{"@type":"ListItem","position":1,"name":"Home","item":"https:\/\/rodoaed.ee\/fi\/"},{"@type":"ListItem","position":2,"name":"Osta osoitteessa","item":"https:\/\/rodoaed.ee\/osta-osoitteessa\/"},{"@type":"ListItem","position":3,"name":"Hammastikku ty\u00f6kalupakki"}]},{"@type":"WebSite","@id":"https:\/\/rodoaed.ee\/#website","url":"https:\/\/rodoaed.ee\/","name":"Rodoaed","description":"","publisher":{"@id":"https:\/\/rodoaed.ee\/#organization"},"potentialAction":[{"@type":"SearchAction","target":{"@type":"EntryPoint","urlTemplate":"https:\/\/rodoaed.ee\/?s={search_term_string}"},"query-input":{"@type":"PropertyValueSpecification","valueRequired":true,"valueName":"search_term_string"}}],"inLanguage":"fi"},{"@type":"Organization","@id":"https:\/\/rodoaed.ee\/#organization","name":"Rodoaed","url":"https:\/\/rodoaed.ee\/","logo":{"@type":"ImageObject","inLanguage":"fi","@id":"https:\/\/rodoaed.ee\/#\/schema\/logo\/image\/","url":"https:\/\/rodoaed.ee\/wp-content\/uploads\/2019\/11\/rodoaed-logo-ilma-taustata.jpg","contentUrl":"https:\/\/rodoaed.ee\/wp-content\/uploads\/2019\/11\/rodoaed-logo-ilma-taustata.jpg","width":769,"height":268,"caption":"Rodoaed"},"image":{"@id":"https:\/\/rodoaed.ee\/#\/schema\/logo\/image\/"},"sameAs":["https:\/\/www.facebook.com\/kasvuhooned\/","https:\/\/rodoaed.ee"]}]}},"_links":{"self":[{"href":"https:\/\/rodoaed.ee\/fi\/wp-json\/wp\/v2\/product\/52958","targetHints":{"allow":["GET"]}}],"collection":[{"href":"https:\/\/rodoaed.ee\/fi\/wp-json\/wp\/v2\/product"}],"about":[{"href":"https:\/\/rodoaed.ee\/fi\/wp-json\/wp\/v2\/types\/product"}],"wp:featuredmedia":[{"embeddable":true,"href":"https:\/\/rodoaed.ee\/fi\/wp-json\/wp\/v2\/media\/43574"}],"wp:attachment":[{"href":"https:\/\/rodoaed.ee\/fi\/wp-json\/wp\/v2\/media?parent=52958"}],"wp:term":[{"taxonomy":"product_brand","embeddable":true,"href":"https:\/\/rodoaed.ee\/fi\/wp-json\/wp\/v2\/product_brand?post=52958"},{"taxonomy":"product_cat","embeddable":true,"href":"https:\/\/rodoaed.ee\/fi\/wp-json\/wp\/v2\/product_cat?post=52958"},{"taxonomy":"product_tag","embeddable":true,"href":"https:\/\/rodoaed.ee\/fi\/wp-json\/wp\/v2\/product_tag?post=52958"}],"curies":[{"name":"wp","href":"https:\/\/api.w.org\/{rel}","templated":true}]}}