{"id":52960,"date":"2023-02-09T11:23:37","date_gmt":"2023-02-09T09:23:37","guid":{"rendered":"https:\/\/rodoaed.ee\/toode\/ruokailu-ja-juomakulho-siileille\/"},"modified":"2026-04-13T10:57:52","modified_gmt":"2026-04-13T07:57:52","slug":"ruokailu-ja-juomakulho-siileille","status":"publish","type":"product","link":"https:\/\/rodoaed.ee\/fi\/tuote\/ruokailu-ja-juomakulho-siileille\/","title":{"rendered":"Ruokailu- ja juomakulho siileille"},"content":{"rendered":"<h2>Ruokinta- ja juomakulho siileille &#8211; sopii my\u00f6s kissoille.<\/h2>\n<p>Siilin ruoka- ja juomakulho, joka on valmistettu tukevasta materiaalista ja helppo puhdistaa. Jos laitat siileille ruokaa puutarhaan, k\u00e4yt\u00e4 niille sopivaa kulhoa. Astia on suunniteltu siten, ett\u00e4 vesiastia on alempana, mik\u00e4 est\u00e4\u00e4 veden p\u00e4\u00e4syn astiaan. Astian pohjassa on tyhjennysaukko, jotta sadevesi p\u00e4\u00e4see valumaan pois.   <\/p>\n<p>Lautanen on kauniin vihre\u00e4. Lapset pit\u00e4v\u00e4t siit\u00e4. Loistava lahja kaikille luonnon yst\u00e4ville.  <\/p>\n<h2>T\u00e4rkeimm\u00e4t ominaisuudet<\/h2>\n<p>Materiaali: dolomiitti<\/p>\n<p>Mitat L 21 x S 11,7 x K 4,2 cm.<\/p>\n<p>Paino: 550 g<\/p>\n<div class=\"icon-link icon-link--left font-weight-normal mt-4\"><\/div>\n","protected":false},"excerpt":{"rendered":"<p>Ruokinta- ja juomakulho siileille &#8211; sopii my\u00f6s kissoille. Siilin ruoka- ja juomakulho, joka on valmistettu tukevasta materiaalista ja helppo puhdistaa. Jos laitat siileille ruokaa puutarhaan, k\u00e4yt\u00e4 niille sopivaa kulhoa. Astia on suunniteltu siten, ett\u00e4 vesiastia on alempana, mik\u00e4 est\u00e4\u00e4 veden p\u00e4\u00e4syn astiaan. Astian pohjassa on tyhjennysaukko, jotta sadevesi p\u00e4\u00e4see valumaan pois. Lautanen on kauniin vihre\u00e4. Lapset pit\u00e4v\u00e4t siit\u00e4. Loistava lahja kaikille luonnon yst\u00e4ville. T\u00e4rkeimm\u00e4t ominaisuudet&#8230;<\/p>\n","protected":false},"featured_media":43641,"template":"","meta":{"_acf_changed":false},"product_brand":[],"product_cat":[1783,1880,1772,1743,1933],"product_tag":[],"class_list":{"0":"post-52960","1":"product","2":"type-product","3":"status-publish","4":"has-post-thumbnail","6":"product_cat-lahjat-lapsille-1-6-vuotta","7":"product_cat-lahjat-luonnonystavalle","8":"product_cat-lahjat-puutarhurille","9":"product_cat-lisalahjat-lahjat","10":"product_cat-siili-house","11":"product_shipping_class-toimitus-1-3-tyopaivan-kuluessa","12":"pa_variatsioon-puinen-traktori","14":"first","15":"instock","16":"sale","17":"taxable","18":"shipping-taxable","19":"purchasable","20":"product-type-simple"},"acf":[],"yoast_head":"<!-- This site is optimized with the Yoast SEO Premium plugin v27.3 (Yoast SEO v27.3) - https:\/\/yoast.com\/product\/yoast-seo-premium-wordpress\/ -->\n<title>Ruokailu- ja juomakulho siileille - Rodoaed<\/title>\n<meta name=\"robots\" content=\"index, follow, max-snippet:-1, max-image-preview:large, max-video-preview:-1\" \/>\n<link rel=\"canonical\" href=\"https:\/\/rodoaed.ee\/fi\/toode\/ruokailu-ja-juomakulho-siileille\/\" \/>\n<meta property=\"og:locale\" content=\"fi_FI\" \/>\n<meta property=\"og:type\" content=\"article\" \/>\n<meta property=\"og:title\" content=\"Ruokailu- ja juomakulho siileille\" \/>\n<meta property=\"og:description\" content=\"Ruokinta- ja juomakulho siileille - sopii my\u00f6s kissoille. Siilin ruoka- ja juomakulho, joka on valmistettu tukevasta materiaalista ja helppo puhdistaa.\" \/>\n<meta property=\"og:url\" content=\"https:\/\/rodoaed.ee\/fi\/toode\/ruokailu-ja-juomakulho-siileille\/\" \/>\n<meta property=\"og:site_name\" content=\"Rodoaed\" \/>\n<meta property=\"article:publisher\" content=\"https:\/\/www.facebook.com\/kasvuhooned\/\" \/>\n<meta property=\"article:modified_time\" content=\"2026-04-13T07:57:52+00:00\" \/>\n<meta property=\"og:image\" content=\"https:\/\/rodoaed.ee\/wp-content\/uploads\/2023\/02\/siili-sooginou_WA64_12.png\" \/>\n\t<meta property=\"og:image:width\" content=\"1240\" \/>\n\t<meta property=\"og:image:height\" content=\"1240\" \/>\n\t<meta property=\"og:image:type\" content=\"image\/png\" \/>\n<meta name=\"twitter:card\" content=\"summary_large_image\" \/>\n<script type=\"application\/ld+json\" class=\"yoast-schema-graph\">{\"@context\":\"https:\\\/\\\/schema.org\",\"@graph\":[{\"@type\":\"WebPage\",\"@id\":\"https:\\\/\\\/rodoaed.ee\\\/fi\\\/toode\\\/ruokailu-ja-juomakulho-siileille\\\/\",\"url\":\"https:\\\/\\\/rodoaed.ee\\\/fi\\\/toode\\\/ruokailu-ja-juomakulho-siileille\\\/\",\"name\":\"Ruokailu- ja juomakulho siileille - Rodoaed\",\"isPartOf\":{\"@id\":\"https:\\\/\\\/rodoaed.ee\\\/#website\"},\"primaryImageOfPage\":{\"@id\":\"https:\\\/\\\/rodoaed.ee\\\/fi\\\/toode\\\/ruokailu-ja-juomakulho-siileille\\\/#primaryimage\"},\"image\":{\"@id\":\"https:\\\/\\\/rodoaed.ee\\\/fi\\\/toode\\\/ruokailu-ja-juomakulho-siileille\\\/#primaryimage\"},\"thumbnailUrl\":\"https:\\\/\\\/rodoaed.ee\\\/wp-content\\\/uploads\\\/2023\\\/02\\\/siili-sooginou_WA64_12.png\",\"datePublished\":\"2023-02-09T09:23:37+00:00\",\"dateModified\":\"2026-04-13T07:57:52+00:00\",\"breadcrumb\":{\"@id\":\"https:\\\/\\\/rodoaed.ee\\\/fi\\\/toode\\\/ruokailu-ja-juomakulho-siileille\\\/#breadcrumb\"},\"inLanguage\":\"fi\",\"potentialAction\":[{\"@type\":\"ReadAction\",\"target\":[\"https:\\\/\\\/rodoaed.ee\\\/fi\\\/toode\\\/ruokailu-ja-juomakulho-siileille\\\/\"]}]},{\"@type\":\"ImageObject\",\"inLanguage\":\"fi\",\"@id\":\"https:\\\/\\\/rodoaed.ee\\\/fi\\\/toode\\\/ruokailu-ja-juomakulho-siileille\\\/#primaryimage\",\"url\":\"https:\\\/\\\/rodoaed.ee\\\/wp-content\\\/uploads\\\/2023\\\/02\\\/siili-sooginou_WA64_12.png\",\"contentUrl\":\"https:\\\/\\\/rodoaed.ee\\\/wp-content\\\/uploads\\\/2023\\\/02\\\/siili-sooginou_WA64_12.png\",\"width\":1240,\"height\":1240},{\"@type\":\"BreadcrumbList\",\"@id\":\"https:\\\/\\\/rodoaed.ee\\\/fi\\\/toode\\\/ruokailu-ja-juomakulho-siileille\\\/#breadcrumb\",\"itemListElement\":[{\"@type\":\"ListItem\",\"position\":1,\"name\":\"Home\",\"item\":\"https:\\\/\\\/rodoaed.ee\\\/fi\\\/\"},{\"@type\":\"ListItem\",\"position\":2,\"name\":\"Osta osoitteessa\",\"item\":\"https:\\\/\\\/rodoaed.ee\\\/osta-osoitteessa\\\/\"},{\"@type\":\"ListItem\",\"position\":3,\"name\":\"Ruokailu- ja juomakulho siileille\"}]},{\"@type\":\"WebSite\",\"@id\":\"https:\\\/\\\/rodoaed.ee\\\/#website\",\"url\":\"https:\\\/\\\/rodoaed.ee\\\/\",\"name\":\"Rodoaed\",\"description\":\"\",\"publisher\":{\"@id\":\"https:\\\/\\\/rodoaed.ee\\\/#organization\"},\"potentialAction\":[{\"@type\":\"SearchAction\",\"target\":{\"@type\":\"EntryPoint\",\"urlTemplate\":\"https:\\\/\\\/rodoaed.ee\\\/?s={search_term_string}\"},\"query-input\":{\"@type\":\"PropertyValueSpecification\",\"valueRequired\":true,\"valueName\":\"search_term_string\"}}],\"inLanguage\":\"fi\"},{\"@type\":\"Organization\",\"@id\":\"https:\\\/\\\/rodoaed.ee\\\/#organization\",\"name\":\"Rodoaed\",\"url\":\"https:\\\/\\\/rodoaed.ee\\\/\",\"logo\":{\"@type\":\"ImageObject\",\"inLanguage\":\"fi\",\"@id\":\"https:\\\/\\\/rodoaed.ee\\\/#\\\/schema\\\/logo\\\/image\\\/\",\"url\":\"https:\\\/\\\/rodoaed.ee\\\/wp-content\\\/uploads\\\/2019\\\/11\\\/rodoaed-logo-ilma-taustata.jpg\",\"contentUrl\":\"https:\\\/\\\/rodoaed.ee\\\/wp-content\\\/uploads\\\/2019\\\/11\\\/rodoaed-logo-ilma-taustata.jpg\",\"width\":769,\"height\":268,\"caption\":\"Rodoaed\"},\"image\":{\"@id\":\"https:\\\/\\\/rodoaed.ee\\\/#\\\/schema\\\/logo\\\/image\\\/\"},\"sameAs\":[\"https:\\\/\\\/www.facebook.com\\\/kasvuhooned\\\/\",\"https:\\\/\\\/rodoaed.ee\"]}]}<\/script>\n<!-- \/ Yoast SEO Premium plugin. -->","yoast_head_json":{"title":"Ruokailu- ja juomakulho siileille - Rodoaed","robots":{"index":"index","follow":"follow","max-snippet":"max-snippet:-1","max-image-preview":"max-image-preview:large","max-video-preview":"max-video-preview:-1"},"canonical":"https:\/\/rodoaed.ee\/fi\/toode\/ruokailu-ja-juomakulho-siileille\/","og_locale":"fi_FI","og_type":"article","og_title":"Ruokailu- ja juomakulho siileille","og_description":"Ruokinta- ja juomakulho siileille - sopii my\u00f6s kissoille. Siilin ruoka- ja juomakulho, joka on valmistettu tukevasta materiaalista ja helppo puhdistaa.","og_url":"https:\/\/rodoaed.ee\/fi\/toode\/ruokailu-ja-juomakulho-siileille\/","og_site_name":"Rodoaed","article_publisher":"https:\/\/www.facebook.com\/kasvuhooned\/","article_modified_time":"2026-04-13T07:57:52+00:00","og_image":[{"width":1240,"height":1240,"url":"https:\/\/rodoaed.ee\/wp-content\/uploads\/2023\/02\/siili-sooginou_WA64_12.png","type":"image\/png"}],"twitter_card":"summary_large_image","schema":{"@context":"https:\/\/schema.org","@graph":[{"@type":"WebPage","@id":"https:\/\/rodoaed.ee\/fi\/toode\/ruokailu-ja-juomakulho-siileille\/","url":"https:\/\/rodoaed.ee\/fi\/toode\/ruokailu-ja-juomakulho-siileille\/","name":"Ruokailu- ja juomakulho siileille - Rodoaed","isPartOf":{"@id":"https:\/\/rodoaed.ee\/#website"},"primaryImageOfPage":{"@id":"https:\/\/rodoaed.ee\/fi\/toode\/ruokailu-ja-juomakulho-siileille\/#primaryimage"},"image":{"@id":"https:\/\/rodoaed.ee\/fi\/toode\/ruokailu-ja-juomakulho-siileille\/#primaryimage"},"thumbnailUrl":"https:\/\/rodoaed.ee\/wp-content\/uploads\/2023\/02\/siili-sooginou_WA64_12.png","datePublished":"2023-02-09T09:23:37+00:00","dateModified":"2026-04-13T07:57:52+00:00","breadcrumb":{"@id":"https:\/\/rodoaed.ee\/fi\/toode\/ruokailu-ja-juomakulho-siileille\/#breadcrumb"},"inLanguage":"fi","potentialAction":[{"@type":"ReadAction","target":["https:\/\/rodoaed.ee\/fi\/toode\/ruokailu-ja-juomakulho-siileille\/"]}]},{"@type":"ImageObject","inLanguage":"fi","@id":"https:\/\/rodoaed.ee\/fi\/toode\/ruokailu-ja-juomakulho-siileille\/#primaryimage","url":"https:\/\/rodoaed.ee\/wp-content\/uploads\/2023\/02\/siili-sooginou_WA64_12.png","contentUrl":"https:\/\/rodoaed.ee\/wp-content\/uploads\/2023\/02\/siili-sooginou_WA64_12.png","width":1240,"height":1240},{"@type":"BreadcrumbList","@id":"https:\/\/rodoaed.ee\/fi\/toode\/ruokailu-ja-juomakulho-siileille\/#breadcrumb","itemListElement":[{"@type":"ListItem","position":1,"name":"Home","item":"https:\/\/rodoaed.ee\/fi\/"},{"@type":"ListItem","position":2,"name":"Osta osoitteessa","item":"https:\/\/rodoaed.ee\/osta-osoitteessa\/"},{"@type":"ListItem","position":3,"name":"Ruokailu- ja juomakulho siileille"}]},{"@type":"WebSite","@id":"https:\/\/rodoaed.ee\/#website","url":"https:\/\/rodoaed.ee\/","name":"Rodoaed","description":"","publisher":{"@id":"https:\/\/rodoaed.ee\/#organization"},"potentialAction":[{"@type":"SearchAction","target":{"@type":"EntryPoint","urlTemplate":"https:\/\/rodoaed.ee\/?s={search_term_string}"},"query-input":{"@type":"PropertyValueSpecification","valueRequired":true,"valueName":"search_term_string"}}],"inLanguage":"fi"},{"@type":"Organization","@id":"https:\/\/rodoaed.ee\/#organization","name":"Rodoaed","url":"https:\/\/rodoaed.ee\/","logo":{"@type":"ImageObject","inLanguage":"fi","@id":"https:\/\/rodoaed.ee\/#\/schema\/logo\/image\/","url":"https:\/\/rodoaed.ee\/wp-content\/uploads\/2019\/11\/rodoaed-logo-ilma-taustata.jpg","contentUrl":"https:\/\/rodoaed.ee\/wp-content\/uploads\/2019\/11\/rodoaed-logo-ilma-taustata.jpg","width":769,"height":268,"caption":"Rodoaed"},"image":{"@id":"https:\/\/rodoaed.ee\/#\/schema\/logo\/image\/"},"sameAs":["https:\/\/www.facebook.com\/kasvuhooned\/","https:\/\/rodoaed.ee"]}]}},"_links":{"self":[{"href":"https:\/\/rodoaed.ee\/fi\/wp-json\/wp\/v2\/product\/52960","targetHints":{"allow":["GET"]}}],"collection":[{"href":"https:\/\/rodoaed.ee\/fi\/wp-json\/wp\/v2\/product"}],"about":[{"href":"https:\/\/rodoaed.ee\/fi\/wp-json\/wp\/v2\/types\/product"}],"wp:featuredmedia":[{"embeddable":true,"href":"https:\/\/rodoaed.ee\/fi\/wp-json\/wp\/v2\/media\/43641"}],"wp:attachment":[{"href":"https:\/\/rodoaed.ee\/fi\/wp-json\/wp\/v2\/media?parent=52960"}],"wp:term":[{"taxonomy":"product_brand","embeddable":true,"href":"https:\/\/rodoaed.ee\/fi\/wp-json\/wp\/v2\/product_brand?post=52960"},{"taxonomy":"product_cat","embeddable":true,"href":"https:\/\/rodoaed.ee\/fi\/wp-json\/wp\/v2\/product_cat?post=52960"},{"taxonomy":"product_tag","embeddable":true,"href":"https:\/\/rodoaed.ee\/fi\/wp-json\/wp\/v2\/product_tag?post=52960"}],"curies":[{"name":"wp","href":"https:\/\/api.w.org\/{rel}","templated":true}]}}