{"id":52962,"date":"2023-02-09T13:26:20","date_gmt":"2023-02-09T11:26:20","guid":{"rendered":"https:\/\/rodoaed.ee\/toode\/pakastin-korkealle-peilille-79x42cm\/"},"modified":"2026-04-13T10:57:53","modified_gmt":"2026-04-13T07:57:53","slug":"pakastin-korkealle-peilille-79x42cm","status":"publish","type":"product","link":"https:\/\/rodoaed.ee\/fi\/tuote\/pakastin-korkealle-peilille-79x42cm\/","title":{"rendered":"Pakastin korkealle peilille 79x42cm"},"content":{"rendered":"<h2>Massiivipuinen j\u00e4\u00e4kaappi<\/h2>\n<p>Voit sijoittaa pakastimen korkean s\u00e4ngyn p\u00e4\u00e4lle tai k\u00e4ytt\u00e4\u00e4 sit\u00e4 erikseen suoraan s\u00e4ngyss\u00e4. Se suojaa kasveja kylm\u00e4lt\u00e4 ja pident\u00e4\u00e4 kasvukautta huomattavasti. Puukehikossa on helposti avattava saranoitu yl\u00e4osa, joka on p\u00e4\u00e4llystetty polykarbonaatilla. Polykarbonaatti hajottaa auringonvaloa, jotta kasvit eiv\u00e4t pala.   <\/p>\n<p>Sopii t\u00e4sm\u00e4lleen NG 104- ja NG 100 -malleihin.<\/p>\n<div>\n<p><strong style=\"font-family: inherit; font-size: inherit; font-style: inherit; font-variant-caps: inherit;\">T\u00e4rkeimm\u00e4t ominaisuudet<\/strong><\/p>\n<\/div>\n<ul>\n<li>polykarbonaatti-ikkuna<\/li>\n<li>100% FCS-sertifioitua m\u00e4ntypuuta<\/li>\n<li>tuotettu Euroopassa<\/li>\n<li>Mitat L 78,6 x S 42,1 x K 21,7 cm.<\/li>\n<li>Paino: 5,8 kg<\/li>\n<\/ul>\n","protected":false},"excerpt":{"rendered":"<p>Massiivipuinen j\u00e4\u00e4kaappi Voit sijoittaa pakastimen korkean s\u00e4ngyn p\u00e4\u00e4lle tai k\u00e4ytt\u00e4\u00e4 sit\u00e4 erikseen suoraan s\u00e4ngyss\u00e4. Se suojaa kasveja kylm\u00e4lt\u00e4 ja pident\u00e4\u00e4 kasvukautta huomattavasti. Puukehikossa on helposti avattava saranoitu yl\u00e4osa, joka on p\u00e4\u00e4llystetty polykarbonaatilla. Polykarbonaatti hajottaa auringonvaloa, jotta kasvit eiv\u00e4t pala. Sopii t\u00e4sm\u00e4lleen NG 104- ja NG 100 -malleihin. T\u00e4rkeimm\u00e4t ominaisuudet polykarbonaatti-ikkuna 100% FCS-sertifioitua m\u00e4ntypuuta tuotettu Euroopassa Mitat L 78,6 x S 42,1 x K 21,7 cm&#8230;.<\/p>\n","protected":false},"featured_media":43654,"template":"","meta":{"_acf_changed":false},"product_brand":[],"product_cat":[1980,1743,1745],"product_tag":[],"class_list":{"0":"post-52962","1":"product","2":"type-product","3":"status-publish","4":"has-post-thumbnail","6":"product_cat-korotetut-penkit-ja-istutusastiat","7":"product_cat-lisalahjat-lahjat","8":"product_cat-suuri-varaston-tyhjennysmyynti","9":"product_shipping_class-kuljetus-ainoastaan-kuriiripalvelun-valityksella","10":"pa_variatsioon-korkea-peili-lehdista-premium-l-100x100x435cm","12":"first","13":"instock","14":"sale","15":"taxable","16":"shipping-taxable","17":"purchasable","18":"product-type-simple"},"acf":[],"yoast_head":"<!-- This site is optimized with the Yoast SEO Premium plugin v27.3 (Yoast SEO v27.3) - https:\/\/yoast.com\/product\/yoast-seo-premium-wordpress\/ -->\n<title>Pakastin korkealle peilille 79x42cm - Rodoaed<\/title>\n<meta name=\"robots\" content=\"index, follow, max-snippet:-1, max-image-preview:large, max-video-preview:-1\" \/>\n<link rel=\"canonical\" href=\"https:\/\/rodoaed.ee\/fi\/toode\/pakastin-korkealle-peilille-79x42cm\/\" \/>\n<meta property=\"og:locale\" content=\"fi_FI\" \/>\n<meta property=\"og:type\" content=\"article\" \/>\n<meta property=\"og:title\" content=\"Pakastin korkealle peilille 79x42cm\" \/>\n<meta property=\"og:description\" content=\"Massiivipuinen j\u00e4\u00e4kaappi Voit sijoittaa pakastimen korkean s\u00e4ngyn p\u00e4\u00e4lle tai k\u00e4ytt\u00e4\u00e4 sit\u00e4 erikseen suoraan s\u00e4ngyss\u00e4. Se suojaa kasveja kylm\u00e4lt\u00e4 ja\" \/>\n<meta property=\"og:url\" content=\"https:\/\/rodoaed.ee\/fi\/toode\/pakastin-korkealle-peilille-79x42cm\/\" \/>\n<meta property=\"og:site_name\" content=\"Rodoaed\" \/>\n<meta property=\"article:publisher\" content=\"https:\/\/www.facebook.com\/kasvuhooned\/\" \/>\n<meta property=\"article:modified_time\" content=\"2026-04-13T07:57:53+00:00\" \/>\n<meta property=\"og:image\" content=\"https:\/\/rodoaed.ee\/wp-content\/uploads\/2023\/02\/kulmlava_NG98_02.png\" \/>\n\t<meta property=\"og:image:width\" content=\"1240\" \/>\n\t<meta property=\"og:image:height\" content=\"1240\" \/>\n\t<meta property=\"og:image:type\" content=\"image\/png\" \/>\n<meta name=\"twitter:card\" content=\"summary_large_image\" \/>\n<script type=\"application\/ld+json\" class=\"yoast-schema-graph\">{\"@context\":\"https:\\\/\\\/schema.org\",\"@graph\":[{\"@type\":\"WebPage\",\"@id\":\"https:\\\/\\\/rodoaed.ee\\\/fi\\\/toode\\\/pakastin-korkealle-peilille-79x42cm\\\/\",\"url\":\"https:\\\/\\\/rodoaed.ee\\\/fi\\\/toode\\\/pakastin-korkealle-peilille-79x42cm\\\/\",\"name\":\"Pakastin korkealle peilille 79x42cm - Rodoaed\",\"isPartOf\":{\"@id\":\"https:\\\/\\\/rodoaed.ee\\\/#website\"},\"primaryImageOfPage\":{\"@id\":\"https:\\\/\\\/rodoaed.ee\\\/fi\\\/toode\\\/pakastin-korkealle-peilille-79x42cm\\\/#primaryimage\"},\"image\":{\"@id\":\"https:\\\/\\\/rodoaed.ee\\\/fi\\\/toode\\\/pakastin-korkealle-peilille-79x42cm\\\/#primaryimage\"},\"thumbnailUrl\":\"https:\\\/\\\/rodoaed.ee\\\/wp-content\\\/uploads\\\/2023\\\/02\\\/kulmlava_NG98_02.png\",\"datePublished\":\"2023-02-09T11:26:20+00:00\",\"dateModified\":\"2026-04-13T07:57:53+00:00\",\"breadcrumb\":{\"@id\":\"https:\\\/\\\/rodoaed.ee\\\/fi\\\/toode\\\/pakastin-korkealle-peilille-79x42cm\\\/#breadcrumb\"},\"inLanguage\":\"fi\",\"potentialAction\":[{\"@type\":\"ReadAction\",\"target\":[\"https:\\\/\\\/rodoaed.ee\\\/fi\\\/toode\\\/pakastin-korkealle-peilille-79x42cm\\\/\"]}]},{\"@type\":\"ImageObject\",\"inLanguage\":\"fi\",\"@id\":\"https:\\\/\\\/rodoaed.ee\\\/fi\\\/toode\\\/pakastin-korkealle-peilille-79x42cm\\\/#primaryimage\",\"url\":\"https:\\\/\\\/rodoaed.ee\\\/wp-content\\\/uploads\\\/2023\\\/02\\\/kulmlava_NG98_02.png\",\"contentUrl\":\"https:\\\/\\\/rodoaed.ee\\\/wp-content\\\/uploads\\\/2023\\\/02\\\/kulmlava_NG98_02.png\",\"width\":1240,\"height\":1240},{\"@type\":\"BreadcrumbList\",\"@id\":\"https:\\\/\\\/rodoaed.ee\\\/fi\\\/toode\\\/pakastin-korkealle-peilille-79x42cm\\\/#breadcrumb\",\"itemListElement\":[{\"@type\":\"ListItem\",\"position\":1,\"name\":\"Home\",\"item\":\"https:\\\/\\\/rodoaed.ee\\\/fi\\\/\"},{\"@type\":\"ListItem\",\"position\":2,\"name\":\"Osta osoitteessa\",\"item\":\"https:\\\/\\\/rodoaed.ee\\\/osta-osoitteessa\\\/\"},{\"@type\":\"ListItem\",\"position\":3,\"name\":\"Pakastin korkealle peilille 79x42cm\"}]},{\"@type\":\"WebSite\",\"@id\":\"https:\\\/\\\/rodoaed.ee\\\/#website\",\"url\":\"https:\\\/\\\/rodoaed.ee\\\/\",\"name\":\"Rodoaed\",\"description\":\"\",\"publisher\":{\"@id\":\"https:\\\/\\\/rodoaed.ee\\\/#organization\"},\"potentialAction\":[{\"@type\":\"SearchAction\",\"target\":{\"@type\":\"EntryPoint\",\"urlTemplate\":\"https:\\\/\\\/rodoaed.ee\\\/?s={search_term_string}\"},\"query-input\":{\"@type\":\"PropertyValueSpecification\",\"valueRequired\":true,\"valueName\":\"search_term_string\"}}],\"inLanguage\":\"fi\"},{\"@type\":\"Organization\",\"@id\":\"https:\\\/\\\/rodoaed.ee\\\/#organization\",\"name\":\"Rodoaed\",\"url\":\"https:\\\/\\\/rodoaed.ee\\\/\",\"logo\":{\"@type\":\"ImageObject\",\"inLanguage\":\"fi\",\"@id\":\"https:\\\/\\\/rodoaed.ee\\\/#\\\/schema\\\/logo\\\/image\\\/\",\"url\":\"https:\\\/\\\/rodoaed.ee\\\/wp-content\\\/uploads\\\/2019\\\/11\\\/rodoaed-logo-ilma-taustata.jpg\",\"contentUrl\":\"https:\\\/\\\/rodoaed.ee\\\/wp-content\\\/uploads\\\/2019\\\/11\\\/rodoaed-logo-ilma-taustata.jpg\",\"width\":769,\"height\":268,\"caption\":\"Rodoaed\"},\"image\":{\"@id\":\"https:\\\/\\\/rodoaed.ee\\\/#\\\/schema\\\/logo\\\/image\\\/\"},\"sameAs\":[\"https:\\\/\\\/www.facebook.com\\\/kasvuhooned\\\/\",\"https:\\\/\\\/rodoaed.ee\"]}]}<\/script>\n<!-- \/ Yoast SEO Premium plugin. -->","yoast_head_json":{"title":"Pakastin korkealle peilille 79x42cm - Rodoaed","robots":{"index":"index","follow":"follow","max-snippet":"max-snippet:-1","max-image-preview":"max-image-preview:large","max-video-preview":"max-video-preview:-1"},"canonical":"https:\/\/rodoaed.ee\/fi\/toode\/pakastin-korkealle-peilille-79x42cm\/","og_locale":"fi_FI","og_type":"article","og_title":"Pakastin korkealle peilille 79x42cm","og_description":"Massiivipuinen j\u00e4\u00e4kaappi Voit sijoittaa pakastimen korkean s\u00e4ngyn p\u00e4\u00e4lle tai k\u00e4ytt\u00e4\u00e4 sit\u00e4 erikseen suoraan s\u00e4ngyss\u00e4. Se suojaa kasveja kylm\u00e4lt\u00e4 ja","og_url":"https:\/\/rodoaed.ee\/fi\/toode\/pakastin-korkealle-peilille-79x42cm\/","og_site_name":"Rodoaed","article_publisher":"https:\/\/www.facebook.com\/kasvuhooned\/","article_modified_time":"2026-04-13T07:57:53+00:00","og_image":[{"width":1240,"height":1240,"url":"https:\/\/rodoaed.ee\/wp-content\/uploads\/2023\/02\/kulmlava_NG98_02.png","type":"image\/png"}],"twitter_card":"summary_large_image","schema":{"@context":"https:\/\/schema.org","@graph":[{"@type":"WebPage","@id":"https:\/\/rodoaed.ee\/fi\/toode\/pakastin-korkealle-peilille-79x42cm\/","url":"https:\/\/rodoaed.ee\/fi\/toode\/pakastin-korkealle-peilille-79x42cm\/","name":"Pakastin korkealle peilille 79x42cm - Rodoaed","isPartOf":{"@id":"https:\/\/rodoaed.ee\/#website"},"primaryImageOfPage":{"@id":"https:\/\/rodoaed.ee\/fi\/toode\/pakastin-korkealle-peilille-79x42cm\/#primaryimage"},"image":{"@id":"https:\/\/rodoaed.ee\/fi\/toode\/pakastin-korkealle-peilille-79x42cm\/#primaryimage"},"thumbnailUrl":"https:\/\/rodoaed.ee\/wp-content\/uploads\/2023\/02\/kulmlava_NG98_02.png","datePublished":"2023-02-09T11:26:20+00:00","dateModified":"2026-04-13T07:57:53+00:00","breadcrumb":{"@id":"https:\/\/rodoaed.ee\/fi\/toode\/pakastin-korkealle-peilille-79x42cm\/#breadcrumb"},"inLanguage":"fi","potentialAction":[{"@type":"ReadAction","target":["https:\/\/rodoaed.ee\/fi\/toode\/pakastin-korkealle-peilille-79x42cm\/"]}]},{"@type":"ImageObject","inLanguage":"fi","@id":"https:\/\/rodoaed.ee\/fi\/toode\/pakastin-korkealle-peilille-79x42cm\/#primaryimage","url":"https:\/\/rodoaed.ee\/wp-content\/uploads\/2023\/02\/kulmlava_NG98_02.png","contentUrl":"https:\/\/rodoaed.ee\/wp-content\/uploads\/2023\/02\/kulmlava_NG98_02.png","width":1240,"height":1240},{"@type":"BreadcrumbList","@id":"https:\/\/rodoaed.ee\/fi\/toode\/pakastin-korkealle-peilille-79x42cm\/#breadcrumb","itemListElement":[{"@type":"ListItem","position":1,"name":"Home","item":"https:\/\/rodoaed.ee\/fi\/"},{"@type":"ListItem","position":2,"name":"Osta osoitteessa","item":"https:\/\/rodoaed.ee\/osta-osoitteessa\/"},{"@type":"ListItem","position":3,"name":"Pakastin korkealle peilille 79x42cm"}]},{"@type":"WebSite","@id":"https:\/\/rodoaed.ee\/#website","url":"https:\/\/rodoaed.ee\/","name":"Rodoaed","description":"","publisher":{"@id":"https:\/\/rodoaed.ee\/#organization"},"potentialAction":[{"@type":"SearchAction","target":{"@type":"EntryPoint","urlTemplate":"https:\/\/rodoaed.ee\/?s={search_term_string}"},"query-input":{"@type":"PropertyValueSpecification","valueRequired":true,"valueName":"search_term_string"}}],"inLanguage":"fi"},{"@type":"Organization","@id":"https:\/\/rodoaed.ee\/#organization","name":"Rodoaed","url":"https:\/\/rodoaed.ee\/","logo":{"@type":"ImageObject","inLanguage":"fi","@id":"https:\/\/rodoaed.ee\/#\/schema\/logo\/image\/","url":"https:\/\/rodoaed.ee\/wp-content\/uploads\/2019\/11\/rodoaed-logo-ilma-taustata.jpg","contentUrl":"https:\/\/rodoaed.ee\/wp-content\/uploads\/2019\/11\/rodoaed-logo-ilma-taustata.jpg","width":769,"height":268,"caption":"Rodoaed"},"image":{"@id":"https:\/\/rodoaed.ee\/#\/schema\/logo\/image\/"},"sameAs":["https:\/\/www.facebook.com\/kasvuhooned\/","https:\/\/rodoaed.ee"]}]}},"_links":{"self":[{"href":"https:\/\/rodoaed.ee\/fi\/wp-json\/wp\/v2\/product\/52962","targetHints":{"allow":["GET"]}}],"collection":[{"href":"https:\/\/rodoaed.ee\/fi\/wp-json\/wp\/v2\/product"}],"about":[{"href":"https:\/\/rodoaed.ee\/fi\/wp-json\/wp\/v2\/types\/product"}],"wp:featuredmedia":[{"embeddable":true,"href":"https:\/\/rodoaed.ee\/fi\/wp-json\/wp\/v2\/media\/43654"}],"wp:attachment":[{"href":"https:\/\/rodoaed.ee\/fi\/wp-json\/wp\/v2\/media?parent=52962"}],"wp:term":[{"taxonomy":"product_brand","embeddable":true,"href":"https:\/\/rodoaed.ee\/fi\/wp-json\/wp\/v2\/product_brand?post=52962"},{"taxonomy":"product_cat","embeddable":true,"href":"https:\/\/rodoaed.ee\/fi\/wp-json\/wp\/v2\/product_cat?post=52962"},{"taxonomy":"product_tag","embeddable":true,"href":"https:\/\/rodoaed.ee\/fi\/wp-json\/wp\/v2\/product_tag?post=52962"}],"curies":[{"name":"wp","href":"https:\/\/api.w.org\/{rel}","templated":true}]}}