{"id":52963,"date":"2023-02-21T11:24:35","date_gmt":"2023-02-21T09:24:35","guid":{"rendered":"https:\/\/rodoaed.ee\/toode\/microgreens-itaminen-kasvualusta\/"},"modified":"2026-04-13T10:57:54","modified_gmt":"2026-04-13T07:57:54","slug":"microgreens-itaminen-kasvualusta","status":"publish","type":"product","link":"https:\/\/rodoaed.ee\/fi\/tuote\/microgreens-itaminen-kasvualusta\/","title":{"rendered":"Microgreens it\u00e4minen &#8211; kasvualusta"},"content":{"rendered":"<h3>Microgreens it\u00e4misen aloituspakkaus<\/h3>\n<p>Microgreenit ovat pieni\u00e4 kasveja, jotka sis\u00e4lt\u00e4v\u00e4t runsaasti vitamiineja, kivenn\u00e4isaineita ja antioksidantteja. Erityisesti C-, D- ja E-vitamiinia. Voit kasvattaa niit\u00e4 kotonasi ymp\u00e4ri vuoden. Kasvit n\u00e4ytt\u00e4v\u00e4t eritt\u00e4in hyv\u00e4lt\u00e4 lautasella, ja ne maistuvat raikkaammilta ja voimakkaammilta kuin suuret idut.  <\/p>\n<p>Nauti retiisin, salaatin ja muiden vihannesruokien raikkaasta mausta kotikeitti\u00f6ss\u00e4si. Koko kylv\u00f6- ja kasvuprosessi kest\u00e4\u00e4 siemenist\u00e4 riippuen vain muutaman p\u00e4iv\u00e4n. T\u00e4ss\u00e4 kasvuvaiheessa kasvi kasvaa t\u00e4ysin siemenist\u00e4 saatavalla energialla, vedell\u00e4 ja valolla.  <\/p>\n<p>Suosittelemme k\u00e4ytt\u00e4m\u00e4\u00e4n sit\u00e4 <a href=\"https:\/\/rodoaed.ee\/toode\/microgreens-stardikomplekt-koos-seemnetega-uus\/\">aloituspakkauksen<\/a> kanssa, joka sis\u00e4lt\u00e4\u00e4 sek\u00e4 siemenet ett\u00e4 kasvualustan.<\/p>\n<p>Tuotannossa on k\u00e4ytetty innovatiivisia materiaaleja. Luonnolliseen kahvisekoitukseen on lis\u00e4tty 10 % jauhettuja kahvipapuja, mik\u00e4 antaa sille aivan erityisen ulkon\u00e4\u00f6n. Ulkopinta on hieman rakeinen ja siin\u00e4 on miellytt\u00e4v\u00e4 pohjas\u00e4vy.  <\/p>\n<p><strong>Setti sis\u00e4lt\u00e4\u00e4:<\/strong><\/p>\n<ol>\n<li>1x kansi<\/li>\n<li>1x matala astia<\/li>\n<li>1x syv\u00e4 astia<\/li>\n<li>1x lokero<\/li>\n<\/ol>\n<h4>T\u00e4rkeimm\u00e4t ominaisuudet<\/h4>\n<ul>\n<li>Mitat: 16 x 16 x 7,7 cm korkeus cm<\/li>\n<li>Paino 237 g<\/li>\n<\/ul>\n<h3><a href=\"https:\/\/rodoaed.ee\/wp-content\/uploads\/2023\/02\/kasutusjuhend_microgreens-navod-a5-nahled-06-1.pdf\">k\u00e4ytt\u00f6ohjeet<\/a><\/h3>\n<p><a href=\"https:\/\/rodoaed.ee\/fi\/\">kotisivu<\/a> <a href=\"https:\/\/rodoaed.ee\/tootekategooria\/kasvuhooned-ja-talveaiad\/\">k\u00e4ynnist\u00e4<\/a> <a href=\"https:\/\/rodoaed.ee\/fi\/tootekategooria\/kasvihuoneen-tarvikkeet\/\">tarvikkeet<\/a> <a href=\"https:\/\/rodoaed.ee\/tootekategooria\/kasvihuoneen-tarvikkeet\/kasvuhoone-tarvikud\/\">tarvikkeet<\/a><\/p>\n<div>\n<div>\n\n<div data-fullscreen=\"disabled\" data-mode=\"normal\" data-oembed=\"1\" data-provider=\"youtube\" data-reset-after-played id=\"arve-youtube-ottldtdsqum\" class=\"arve\">\n\t<div class=\"arve-inner\">\n\t\t<div style=\"aspect-ratio:1140\/641\" class=\"arve-embed arve-embed--has-aspect-ratio\">\n\t\t\t<div class=\"arve-ar\" style=\"padding-top:56.228070%\"><\/div>\n\t\t\t<iframe allow=\"accelerometer &apos;none&apos;;autoplay &apos;none&apos;;bluetooth &apos;none&apos;;browsing-topics &apos;none&apos;;camera &apos;none&apos;;clipboard-read &apos;none&apos;;clipboard-write;display-capture &apos;none&apos;;encrypted-media &apos;none&apos;;gamepad &apos;none&apos;;geolocation &apos;none&apos;;gyroscope &apos;none&apos;;hid &apos;none&apos;;identity-credentials-get &apos;none&apos;;idle-detection &apos;none&apos;;keyboard-map &apos;none&apos;;local-fonts;magnetometer &apos;none&apos;;microphone &apos;none&apos;;midi &apos;none&apos;;otp-credentials &apos;none&apos;;payment &apos;none&apos;;picture-in-picture;publickey-credentials-create &apos;none&apos;;publickey-credentials-get &apos;none&apos;;screen-wake-lock &apos;none&apos;;serial &apos;none&apos;;summarizer &apos;none&apos;;sync-xhr;usb &apos;none&apos;;web-share;window-management &apos;none&apos;;xr-spatial-tracking &apos;none&apos;;\" allowfullscreen=\"\" class=\"arve-iframe fitvidsignore\" credentialless data-arve=\"arve-youtube-ottldtdsqum\" data-lenis-prevent=\"\" data-src-no-ap=\"https:\/\/www.youtube-nocookie.com\/embed\/oTTlDtdsquM?feature=oembed&amp;iv_load_policy=3&amp;modestbranding=1&amp;rel=0&amp;autohide=1&amp;playsinline=0&amp;autoplay=0&amp;enablejsapi=1\" frameborder=\"0\" height=\"0\" loading=\"lazy\" name=\"\" referrerpolicy=\"strict-origin-when-cross-origin\" sandbox=\"allow-scripts allow-same-origin allow-presentation allow-popups allow-popups-to-escape-sandbox\" scrolling=\"no\" src=\"https:\/\/www.youtube-nocookie.com\/embed\/oTTlDtdsquM?feature=oembed&#038;iv_load_policy=3&#038;modestbranding=1&#038;rel=0&#038;autohide=1&#038;playsinline=0&#038;autoplay=0&#038;enablejsapi=1\" title=\"Easy start with microgreens (EN)\" width=\"0\"><\/iframe>\n\t\t\t\n\t\t<\/div>\n\t\t\n\t<\/div>\n\t\n\t\n\t<script type=\"application\/ld+json\">{\"@context\":\"http:\\\/\\\/schema.org\\\/\",\"@id\":\"https:\\\/\\\/rodoaed.ee\\\/fi\\\/tuote\\\/microgreens-itaminen-kasvualusta\\\/#arve-youtube-ottldtdsqum\",\"type\":\"VideoObject\",\"embedURL\":\"https:\\\/\\\/www.youtube-nocookie.com\\\/embed\\\/oTTlDtdsquM?feature=oembed&iv_load_policy=3&modestbranding=1&rel=0&autohide=1&playsinline=0&autoplay=0&enablejsapi=1\",\"name\":\"Easy start with microgreens (EN)\",\"thumbnailUrl\":\"https:\\\/\\\/i.ytimg.com\\\/vi\\\/oTTlDtdsquM\\\/hqdefault.jpg\",\"uploadDate\":\"2026-04-20T20:21:57+03:00\",\"author\":\"Urbalive by Plastia\",\"description\":\"Microgreens it\\u00e4misen aloituspakkaus Microgreenit ovat pieni\\u00e4 kasveja, jotka sis\\u00e4lt\\u00e4v\\u00e4t runsaasti vitamiineja, kivenn\\u00e4isaineita ja antioksidantteja. Erityisesti C-, D- ja E-vitamiinia. Voit kasvattaa niit\\u00e4 kotonasi ymp\\u00e4ri vuoden. Kasvit n\\u00e4ytt\\u00e4v\\u00e4t eritt\\u00e4in hyv\\u00e4lt\\u00e4 lautasella, ja ne maistuvat raikkaamm\"}<\/script>\n\t\n<\/div>\n<\/div>\n<\/div>\n","protected":false},"excerpt":{"rendered":"<p>Microgreens it\u00e4misen aloituspakkaus Microgreenit ovat pieni\u00e4 kasveja, jotka sis\u00e4lt\u00e4v\u00e4t runsaasti vitamiineja, kivenn\u00e4isaineita ja antioksidantteja. Erityisesti C-, D- ja E-vitamiinia. Voit kasvattaa niit\u00e4 kotonasi ymp\u00e4ri vuoden. Kasvit n\u00e4ytt\u00e4v\u00e4t eritt\u00e4in hyv\u00e4lt\u00e4 lautasella, ja ne maistuvat raikkaammilta ja voimakkaammilta kuin suuret idut. Nauti retiisin, salaatin ja muiden vihannesruokien raikkaasta mausta kotikeitti\u00f6ss\u00e4si. Koko kylv\u00f6- ja kasvuprosessi kest\u00e4\u00e4 siemenist\u00e4 riippuen vain muutaman p\u00e4iv\u00e4n. T\u00e4ss\u00e4 kasvuvaiheessa kasvi kasvaa t\u00e4ysin siemenist\u00e4 saatavalla&#8230;<\/p>\n","protected":false},"featured_media":43800,"template":"","meta":{"_acf_changed":false},"product_brand":[],"product_cat":[1743,1960,1752,1982,1745],"product_tag":[],"class_list":{"0":"post-52963","1":"product","2":"type-product","3":"status-publish","4":"has-post-thumbnail","6":"product_cat-lisalahjat-lahjat","7":"product_cat-mikrovihannesten-itaminen","8":"product_cat-puutarha-ja-piha","9":"product_cat-siemenet-itamista-varten","10":"product_cat-suuri-varaston-tyhjennysmyynti","11":"product_shipping_class-toimitus-1-3-tyopaivan-kuluessa","12":"pa_variatsioon-kasvatussailio-16l2l-jossa-on-vesisailio-ja-kehys","14":"first","15":"instock","16":"sale","17":"taxable","18":"shipping-taxable","19":"purchasable","20":"product-type-simple"},"acf":[],"yoast_head":"<!-- This site is optimized with the Yoast SEO Premium plugin v27.3 (Yoast SEO v27.3) - https:\/\/yoast.com\/product\/yoast-seo-premium-wordpress\/ -->\n<title>Microgreens it\u00e4minen - kasvualusta - Rodoaed<\/title>\n<meta name=\"description\" content=\"Microgreens it\u00e4minen - kasvualusta. S\u00e4ili\u00f6n alla on kastelus\u00e4ili\u00f6, josta kasvit voivat ottaa juurineen oikean m\u00e4\u00e4r\u00e4n vett\u00e4.\" \/>\n<meta name=\"robots\" content=\"index, follow, max-snippet:-1, max-image-preview:large, max-video-preview:-1\" \/>\n<link rel=\"canonical\" href=\"https:\/\/rodoaed.ee\/fi\/toode\/microgreens-itaminen-kasvualusta\/\" \/>\n<meta property=\"og:locale\" content=\"fi_FI\" \/>\n<meta property=\"og:type\" content=\"article\" \/>\n<meta property=\"og:title\" content=\"Microgreens it\u00e4minen - kasvualusta\" \/>\n<meta property=\"og:description\" content=\"Microgreens it\u00e4misen aloituspakkaus Microgreenit ovat pieni\u00e4 kasveja, jotka sis\u00e4lt\u00e4v\u00e4t runsaasti vitamiineja, kivenn\u00e4isaineita ja antioksidantteja.\" \/>\n<meta property=\"og:url\" content=\"https:\/\/rodoaed.ee\/fi\/toode\/microgreens-itaminen-kasvualusta\/\" \/>\n<meta property=\"og:site_name\" content=\"Rodoaed\" \/>\n<meta property=\"article:publisher\" content=\"https:\/\/www.facebook.com\/kasvuhooned\/\" \/>\n<meta property=\"article:modified_time\" content=\"2026-04-13T07:57:54+00:00\" \/>\n<meta property=\"og:image\" content=\"https:\/\/rodoaed.ee\/wp-content\/uploads\/2023\/02\/microgreens_1606711640C15.jpg\" \/>\n\t<meta property=\"og:image:width\" content=\"1400\" \/>\n\t<meta property=\"og:image:height\" content=\"933\" \/>\n\t<meta property=\"og:image:type\" content=\"image\/jpeg\" \/>\n<meta name=\"twitter:card\" content=\"summary_large_image\" \/>\n<meta name=\"twitter:label1\" content=\"Arvioitu lukuaika\" \/>\n\t<meta name=\"twitter:data1\" content=\"1 minuutti\" \/>\n<script type=\"application\/ld+json\" class=\"yoast-schema-graph\">{\"@context\":\"https:\\\/\\\/schema.org\",\"@graph\":[{\"@type\":\"WebPage\",\"@id\":\"https:\\\/\\\/rodoaed.ee\\\/fi\\\/toode\\\/microgreens-itaminen-kasvualusta\\\/\",\"url\":\"https:\\\/\\\/rodoaed.ee\\\/fi\\\/toode\\\/microgreens-itaminen-kasvualusta\\\/\",\"name\":\"Microgreens it\u00e4minen - kasvualusta - Rodoaed\",\"isPartOf\":{\"@id\":\"https:\\\/\\\/rodoaed.ee\\\/#website\"},\"primaryImageOfPage\":{\"@id\":\"https:\\\/\\\/rodoaed.ee\\\/fi\\\/toode\\\/microgreens-itaminen-kasvualusta\\\/#primaryimage\"},\"image\":{\"@id\":\"https:\\\/\\\/rodoaed.ee\\\/fi\\\/toode\\\/microgreens-itaminen-kasvualusta\\\/#primaryimage\"},\"thumbnailUrl\":\"https:\\\/\\\/rodoaed.ee\\\/wp-content\\\/uploads\\\/2023\\\/02\\\/microgreens_1606711640C15.jpg\",\"datePublished\":\"2023-02-21T09:24:35+00:00\",\"dateModified\":\"2026-04-13T07:57:54+00:00\",\"description\":\"Microgreens it\u00e4minen - kasvualusta. S\u00e4ili\u00f6n alla on kastelus\u00e4ili\u00f6, josta kasvit voivat ottaa juurineen oikean m\u00e4\u00e4r\u00e4n vett\u00e4.\",\"breadcrumb\":{\"@id\":\"https:\\\/\\\/rodoaed.ee\\\/fi\\\/toode\\\/microgreens-itaminen-kasvualusta\\\/#breadcrumb\"},\"inLanguage\":\"fi\",\"potentialAction\":[{\"@type\":\"ReadAction\",\"target\":[\"https:\\\/\\\/rodoaed.ee\\\/fi\\\/toode\\\/microgreens-itaminen-kasvualusta\\\/\"]}]},{\"@type\":\"ImageObject\",\"inLanguage\":\"fi\",\"@id\":\"https:\\\/\\\/rodoaed.ee\\\/fi\\\/toode\\\/microgreens-itaminen-kasvualusta\\\/#primaryimage\",\"url\":\"https:\\\/\\\/rodoaed.ee\\\/wp-content\\\/uploads\\\/2023\\\/02\\\/microgreens_1606711640C15.jpg\",\"contentUrl\":\"https:\\\/\\\/rodoaed.ee\\\/wp-content\\\/uploads\\\/2023\\\/02\\\/microgreens_1606711640C15.jpg\",\"width\":1400,\"height\":933},{\"@type\":\"BreadcrumbList\",\"@id\":\"https:\\\/\\\/rodoaed.ee\\\/fi\\\/toode\\\/microgreens-itaminen-kasvualusta\\\/#breadcrumb\",\"itemListElement\":[{\"@type\":\"ListItem\",\"position\":1,\"name\":\"Home\",\"item\":\"https:\\\/\\\/rodoaed.ee\\\/fi\\\/\"},{\"@type\":\"ListItem\",\"position\":2,\"name\":\"Osta osoitteessa\",\"item\":\"https:\\\/\\\/rodoaed.ee\\\/osta-osoitteessa\\\/\"},{\"@type\":\"ListItem\",\"position\":3,\"name\":\"Microgreens it\u00e4minen &#8211; kasvualusta\"}]},{\"@type\":\"WebSite\",\"@id\":\"https:\\\/\\\/rodoaed.ee\\\/#website\",\"url\":\"https:\\\/\\\/rodoaed.ee\\\/\",\"name\":\"Rodoaed\",\"description\":\"\",\"publisher\":{\"@id\":\"https:\\\/\\\/rodoaed.ee\\\/#organization\"},\"potentialAction\":[{\"@type\":\"SearchAction\",\"target\":{\"@type\":\"EntryPoint\",\"urlTemplate\":\"https:\\\/\\\/rodoaed.ee\\\/?s={search_term_string}\"},\"query-input\":{\"@type\":\"PropertyValueSpecification\",\"valueRequired\":true,\"valueName\":\"search_term_string\"}}],\"inLanguage\":\"fi\"},{\"@type\":\"Organization\",\"@id\":\"https:\\\/\\\/rodoaed.ee\\\/#organization\",\"name\":\"Rodoaed\",\"url\":\"https:\\\/\\\/rodoaed.ee\\\/\",\"logo\":{\"@type\":\"ImageObject\",\"inLanguage\":\"fi\",\"@id\":\"https:\\\/\\\/rodoaed.ee\\\/#\\\/schema\\\/logo\\\/image\\\/\",\"url\":\"https:\\\/\\\/rodoaed.ee\\\/wp-content\\\/uploads\\\/2019\\\/11\\\/rodoaed-logo-ilma-taustata.jpg\",\"contentUrl\":\"https:\\\/\\\/rodoaed.ee\\\/wp-content\\\/uploads\\\/2019\\\/11\\\/rodoaed-logo-ilma-taustata.jpg\",\"width\":769,\"height\":268,\"caption\":\"Rodoaed\"},\"image\":{\"@id\":\"https:\\\/\\\/rodoaed.ee\\\/#\\\/schema\\\/logo\\\/image\\\/\"},\"sameAs\":[\"https:\\\/\\\/www.facebook.com\\\/kasvuhooned\\\/\",\"https:\\\/\\\/rodoaed.ee\"]}]}<\/script>\n<!-- \/ Yoast SEO Premium plugin. -->","yoast_head_json":{"title":"Microgreens it\u00e4minen - kasvualusta - Rodoaed","description":"Microgreens it\u00e4minen - kasvualusta. S\u00e4ili\u00f6n alla on kastelus\u00e4ili\u00f6, josta kasvit voivat ottaa juurineen oikean m\u00e4\u00e4r\u00e4n vett\u00e4.","robots":{"index":"index","follow":"follow","max-snippet":"max-snippet:-1","max-image-preview":"max-image-preview:large","max-video-preview":"max-video-preview:-1"},"canonical":"https:\/\/rodoaed.ee\/fi\/toode\/microgreens-itaminen-kasvualusta\/","og_locale":"fi_FI","og_type":"article","og_title":"Microgreens it\u00e4minen - kasvualusta","og_description":"Microgreens it\u00e4misen aloituspakkaus Microgreenit ovat pieni\u00e4 kasveja, jotka sis\u00e4lt\u00e4v\u00e4t runsaasti vitamiineja, kivenn\u00e4isaineita ja antioksidantteja.","og_url":"https:\/\/rodoaed.ee\/fi\/toode\/microgreens-itaminen-kasvualusta\/","og_site_name":"Rodoaed","article_publisher":"https:\/\/www.facebook.com\/kasvuhooned\/","article_modified_time":"2026-04-13T07:57:54+00:00","og_image":[{"width":1400,"height":933,"url":"https:\/\/rodoaed.ee\/wp-content\/uploads\/2023\/02\/microgreens_1606711640C15.jpg","type":"image\/jpeg"}],"twitter_card":"summary_large_image","twitter_misc":{"Arvioitu lukuaika":"1 minuutti"},"schema":{"@context":"https:\/\/schema.org","@graph":[{"@type":"WebPage","@id":"https:\/\/rodoaed.ee\/fi\/toode\/microgreens-itaminen-kasvualusta\/","url":"https:\/\/rodoaed.ee\/fi\/toode\/microgreens-itaminen-kasvualusta\/","name":"Microgreens it\u00e4minen - kasvualusta - Rodoaed","isPartOf":{"@id":"https:\/\/rodoaed.ee\/#website"},"primaryImageOfPage":{"@id":"https:\/\/rodoaed.ee\/fi\/toode\/microgreens-itaminen-kasvualusta\/#primaryimage"},"image":{"@id":"https:\/\/rodoaed.ee\/fi\/toode\/microgreens-itaminen-kasvualusta\/#primaryimage"},"thumbnailUrl":"https:\/\/rodoaed.ee\/wp-content\/uploads\/2023\/02\/microgreens_1606711640C15.jpg","datePublished":"2023-02-21T09:24:35+00:00","dateModified":"2026-04-13T07:57:54+00:00","description":"Microgreens it\u00e4minen - kasvualusta. S\u00e4ili\u00f6n alla on kastelus\u00e4ili\u00f6, josta kasvit voivat ottaa juurineen oikean m\u00e4\u00e4r\u00e4n vett\u00e4.","breadcrumb":{"@id":"https:\/\/rodoaed.ee\/fi\/toode\/microgreens-itaminen-kasvualusta\/#breadcrumb"},"inLanguage":"fi","potentialAction":[{"@type":"ReadAction","target":["https:\/\/rodoaed.ee\/fi\/toode\/microgreens-itaminen-kasvualusta\/"]}]},{"@type":"ImageObject","inLanguage":"fi","@id":"https:\/\/rodoaed.ee\/fi\/toode\/microgreens-itaminen-kasvualusta\/#primaryimage","url":"https:\/\/rodoaed.ee\/wp-content\/uploads\/2023\/02\/microgreens_1606711640C15.jpg","contentUrl":"https:\/\/rodoaed.ee\/wp-content\/uploads\/2023\/02\/microgreens_1606711640C15.jpg","width":1400,"height":933},{"@type":"BreadcrumbList","@id":"https:\/\/rodoaed.ee\/fi\/toode\/microgreens-itaminen-kasvualusta\/#breadcrumb","itemListElement":[{"@type":"ListItem","position":1,"name":"Home","item":"https:\/\/rodoaed.ee\/fi\/"},{"@type":"ListItem","position":2,"name":"Osta osoitteessa","item":"https:\/\/rodoaed.ee\/osta-osoitteessa\/"},{"@type":"ListItem","position":3,"name":"Microgreens it\u00e4minen &#8211; kasvualusta"}]},{"@type":"WebSite","@id":"https:\/\/rodoaed.ee\/#website","url":"https:\/\/rodoaed.ee\/","name":"Rodoaed","description":"","publisher":{"@id":"https:\/\/rodoaed.ee\/#organization"},"potentialAction":[{"@type":"SearchAction","target":{"@type":"EntryPoint","urlTemplate":"https:\/\/rodoaed.ee\/?s={search_term_string}"},"query-input":{"@type":"PropertyValueSpecification","valueRequired":true,"valueName":"search_term_string"}}],"inLanguage":"fi"},{"@type":"Organization","@id":"https:\/\/rodoaed.ee\/#organization","name":"Rodoaed","url":"https:\/\/rodoaed.ee\/","logo":{"@type":"ImageObject","inLanguage":"fi","@id":"https:\/\/rodoaed.ee\/#\/schema\/logo\/image\/","url":"https:\/\/rodoaed.ee\/wp-content\/uploads\/2019\/11\/rodoaed-logo-ilma-taustata.jpg","contentUrl":"https:\/\/rodoaed.ee\/wp-content\/uploads\/2019\/11\/rodoaed-logo-ilma-taustata.jpg","width":769,"height":268,"caption":"Rodoaed"},"image":{"@id":"https:\/\/rodoaed.ee\/#\/schema\/logo\/image\/"},"sameAs":["https:\/\/www.facebook.com\/kasvuhooned\/","https:\/\/rodoaed.ee"]}]}},"_links":{"self":[{"href":"https:\/\/rodoaed.ee\/fi\/wp-json\/wp\/v2\/product\/52963","targetHints":{"allow":["GET"]}}],"collection":[{"href":"https:\/\/rodoaed.ee\/fi\/wp-json\/wp\/v2\/product"}],"about":[{"href":"https:\/\/rodoaed.ee\/fi\/wp-json\/wp\/v2\/types\/product"}],"wp:featuredmedia":[{"embeddable":true,"href":"https:\/\/rodoaed.ee\/fi\/wp-json\/wp\/v2\/media\/43800"}],"wp:attachment":[{"href":"https:\/\/rodoaed.ee\/fi\/wp-json\/wp\/v2\/media?parent=52963"}],"wp:term":[{"taxonomy":"product_brand","embeddable":true,"href":"https:\/\/rodoaed.ee\/fi\/wp-json\/wp\/v2\/product_brand?post=52963"},{"taxonomy":"product_cat","embeddable":true,"href":"https:\/\/rodoaed.ee\/fi\/wp-json\/wp\/v2\/product_cat?post=52963"},{"taxonomy":"product_tag","embeddable":true,"href":"https:\/\/rodoaed.ee\/fi\/wp-json\/wp\/v2\/product_tag?post=52963"}],"curies":[{"name":"wp","href":"https:\/\/api.w.org\/{rel}","templated":true}]}}