{"id":52964,"date":"2023-02-21T11:40:06","date_gmt":"2023-02-21T09:40:06","guid":{"rendered":"https:\/\/rodoaed.ee\/toode\/uudelleenkasvu-juurten-ja-mukuloiden-uudelleenkasvu\/"},"modified":"2026-04-13T10:57:58","modified_gmt":"2026-04-13T07:57:58","slug":"uudelleenkasvu-juurten-ja-mukuloiden-uudelleenkasvu","status":"publish","type":"product","link":"https:\/\/rodoaed.ee\/fi\/tuote\/uudelleenkasvu-juurten-ja-mukuloiden-uudelleenkasvu\/","title":{"rendered":"Uudelleenkasvu &#8211; juurten ja mukuloiden uudelleenkasvu."},"content":{"rendered":"<h3>Kasvattaminen kasvatus tarjottimella setti<\/h3>\n<p>Uusi suuntaus, joka levi\u00e4\u00e4 nopeasti ruoanlaitto- ja keittieteollisuudessa, on kasvien varsien ja mukuloiden ReGrow. Sit\u00e4 voidaan luonnehtia eritt\u00e4in kest\u00e4v\u00e4ksi, sill\u00e4 siin\u00e4 hy\u00f6dynnet\u00e4\u00e4n kasvien varsissa jo olevaa lis\u00e4\u00e4ntymisvoimaa ja halua kasvattaa uusia latvoja. Se ei perustu siemenist\u00e4 kasvattamiseen vaan kasvulliseen lis\u00e4\u00e4ntymisvoimaan. Pohjimmiltaan saamme vihannesj\u00e4tteet kasvamaan uudelleen.   <\/p>\n<p>Mitk\u00e4 juurekset ovat sopivia? Kaikki vihannekset sopivat, kuten porkkanat, purjo, selleri, retiisi, valkosipuli ja sipuli. <\/p>\n<p>Suosittelemme k\u00e4ytt\u00e4m\u00e4\u00e4n Regrow-pakkausta yhdess\u00e4 mikrovihannesten kanssa, jolloin saat paljon j\u00e4nnitt\u00e4v\u00e4mm\u00e4n yhdistelm\u00e4n.<\/p>\n<p>Tuotannossa on k\u00e4ytetty innovatiivisia materiaaleja. Luonnolliseen kahvisekoitukseen on lis\u00e4tty 10 % jauhettuja kahvipapuja, mik\u00e4 antaa sille aivan erityisen ulkon\u00e4\u00f6n. Ulkopinta on hieman rakeinen ja siin\u00e4 on miellytt\u00e4v\u00e4 pohjavire.  <\/p>\n<p><strong>Setti sis\u00e4lt\u00e4\u00e4:<\/strong><\/p>\n<ol>\n<li>1x avokado-sipulipohja<\/li>\n<li>5x eri kylkiluut<\/li>\n<li>1x syv\u00e4 astia<\/li>\n<li>1x lokero<\/li>\n<\/ol>\n<h4>T\u00e4rkeimm\u00e4t ominaisuudet<\/h4>\n<ul>\n<li>Mitat: 16 x 16 x 7,7 cm korkeus cm<\/li>\n<li>Paino 225 g<\/li>\n<\/ul>\n<h3><a href=\"https:\/\/rodoaed.ee\/wp-content\/uploads\/2023\/02\/kasutusjuhend_microgreens-navod-a5-nahled-06-1.pdf\">k\u00e4ytt\u00f6ohjeet<\/a><\/h3>\n<p><a href=\"https:\/\/rodoaed.ee\/fi\/\">kotisivu<\/a> <a href=\"https:\/\/rodoaed.ee\/tootekategooria\/kasvuhooned-ja-talveaiad\/\">k\u00e4ynnist\u00e4<\/a> <a href=\"https:\/\/rodoaed.ee\/fi\/tootekategooria\/kasvihuoneen-tarvikkeet\/\">tarvikkeet<\/a> <a href=\"https:\/\/rodoaed.ee\/tootekategooria\/kasvihuoneen-tarvikkeet\/kasvuhoone-tarvikud\/\">tarvikkeet<\/a><\/p>\n<div>\n<div>\n\n<div data-fullscreen=\"disabled\" data-mode=\"normal\" data-oembed=\"1\" data-provider=\"youtube\" data-reset-after-played id=\"arve-youtube-ottldtdsqum\" class=\"arve\">\n\t<div class=\"arve-inner\">\n\t\t<div style=\"aspect-ratio:1140\/641\" class=\"arve-embed arve-embed--has-aspect-ratio\">\n\t\t\t<div class=\"arve-ar\" style=\"padding-top:56.228070%\"><\/div>\n\t\t\t<iframe allow=\"accelerometer &apos;none&apos;;autoplay &apos;none&apos;;bluetooth &apos;none&apos;;browsing-topics &apos;none&apos;;camera &apos;none&apos;;clipboard-read &apos;none&apos;;clipboard-write;display-capture &apos;none&apos;;encrypted-media &apos;none&apos;;gamepad &apos;none&apos;;geolocation &apos;none&apos;;gyroscope &apos;none&apos;;hid &apos;none&apos;;identity-credentials-get &apos;none&apos;;idle-detection &apos;none&apos;;keyboard-map &apos;none&apos;;local-fonts;magnetometer &apos;none&apos;;microphone &apos;none&apos;;midi &apos;none&apos;;otp-credentials &apos;none&apos;;payment &apos;none&apos;;picture-in-picture;publickey-credentials-create &apos;none&apos;;publickey-credentials-get &apos;none&apos;;screen-wake-lock &apos;none&apos;;serial &apos;none&apos;;summarizer &apos;none&apos;;sync-xhr;usb &apos;none&apos;;web-share;window-management &apos;none&apos;;xr-spatial-tracking &apos;none&apos;;\" allowfullscreen=\"\" class=\"arve-iframe fitvidsignore\" credentialless data-arve=\"arve-youtube-ottldtdsqum\" data-lenis-prevent=\"\" data-src-no-ap=\"https:\/\/www.youtube-nocookie.com\/embed\/oTTlDtdsquM?feature=oembed&amp;iv_load_policy=3&amp;modestbranding=1&amp;rel=0&amp;autohide=1&amp;playsinline=0&amp;autoplay=0&amp;enablejsapi=1\" frameborder=\"0\" height=\"0\" loading=\"lazy\" name=\"\" referrerpolicy=\"strict-origin-when-cross-origin\" sandbox=\"allow-scripts allow-same-origin allow-presentation allow-popups allow-popups-to-escape-sandbox\" scrolling=\"no\" src=\"https:\/\/www.youtube-nocookie.com\/embed\/oTTlDtdsquM?feature=oembed&#038;iv_load_policy=3&#038;modestbranding=1&#038;rel=0&#038;autohide=1&#038;playsinline=0&#038;autoplay=0&#038;enablejsapi=1\" title=\"Easy start with microgreens (EN)\" width=\"0\"><\/iframe>\n\t\t\t\n\t\t<\/div>\n\t\t\n\t<\/div>\n\t\n\t\n\t<script type=\"application\/ld+json\">{\"@context\":\"http:\\\/\\\/schema.org\\\/\",\"@id\":\"https:\\\/\\\/rodoaed.ee\\\/fi\\\/tuote\\\/uudelleenkasvu-juurten-ja-mukuloiden-uudelleenkasvu\\\/#arve-youtube-ottldtdsqum\",\"type\":\"VideoObject\",\"embedURL\":\"https:\\\/\\\/www.youtube-nocookie.com\\\/embed\\\/oTTlDtdsquM?feature=oembed&iv_load_policy=3&modestbranding=1&rel=0&autohide=1&playsinline=0&autoplay=0&enablejsapi=1\",\"name\":\"Easy start with microgreens (EN)\",\"thumbnailUrl\":\"https:\\\/\\\/i.ytimg.com\\\/vi\\\/oTTlDtdsquM\\\/hqdefault.jpg\",\"uploadDate\":\"2026-04-20T20:09:20+03:00\",\"author\":\"Urbalive by Plastia\",\"description\":\"Kasvattaminen kasvatus tarjottimella setti Uusi suuntaus, joka levi\\u00e4\\u00e4 nopeasti ruoanlaitto- ja keittieteollisuudessa, on kasvien varsien ja mukuloiden ReGrow. Sit\\u00e4 voidaan luonnehtia eritt\\u00e4in kest\\u00e4v\\u00e4ksi, sill\\u00e4 siin\\u00e4 hy\\u00f6dynnet\\u00e4\\u00e4n kasvien varsissa jo olevaa lis\\u00e4\\u00e4ntymisvoimaa ja halua kasvattaa uusia l\"}<\/script>\n\t\n<\/div>\n<\/div>\n<\/div>\n","protected":false},"excerpt":{"rendered":"<p>Kasvattaminen kasvatus tarjottimella setti Uusi suuntaus, joka levi\u00e4\u00e4 nopeasti ruoanlaitto- ja keittieteollisuudessa, on kasvien varsien ja mukuloiden ReGrow. Sit\u00e4 voidaan luonnehtia eritt\u00e4in kest\u00e4v\u00e4ksi, sill\u00e4 siin\u00e4 hy\u00f6dynnet\u00e4\u00e4n kasvien varsissa jo olevaa lis\u00e4\u00e4ntymisvoimaa ja halua kasvattaa uusia latvoja. Se ei perustu siemenist\u00e4 kasvattamiseen vaan kasvulliseen lis\u00e4\u00e4ntymisvoimaan. Pohjimmiltaan saamme vihannesj\u00e4tteet kasvamaan uudelleen. Mitk\u00e4 juurekset ovat sopivia? Kaikki vihannekset sopivat, kuten porkkanat, purjo, selleri, retiisi, valkosipuli ja sipuli. Suosittelemme&#8230;<\/p>\n","protected":false},"featured_media":43846,"template":"","meta":{"_acf_changed":false},"product_brand":[],"product_cat":[1960,1752],"product_tag":[],"class_list":{"0":"post-52964","1":"product","2":"type-product","3":"status-publish","4":"has-post-thumbnail","6":"product_cat-mikrovihannesten-itaminen","7":"product_cat-puutarha-ja-piha","8":"product_shipping_class-toimitus-1-3-tyopaivan-kuluessa","9":"pa_variatsioon-kasvatussailio-16l2l-jossa-on-vesisailio-ja-kehys","11":"first","12":"instock","13":"sale","14":"taxable","15":"shipping-taxable","16":"purchasable","17":"product-type-simple"},"acf":[],"yoast_head":"<!-- This site is optimized with the Yoast SEO Premium plugin v27.3 (Yoast SEO v27.3) - https:\/\/yoast.com\/product\/yoast-seo-premium-wordpress\/ -->\n<title>Uudelleenkasvu - juurten ja mukuloiden uudelleenkasvu. - Rodoaed<\/title>\n<meta name=\"description\" content=\"Kasvien kasvuastia. S\u00e4ili\u00f6n alla on kastelus\u00e4ili\u00f6, josta kasvit voivat ime\u00e4 juurineen sopivan m\u00e4\u00e4r\u00e4n vett\u00e4.\" \/>\n<meta name=\"robots\" content=\"index, follow, max-snippet:-1, max-image-preview:large, max-video-preview:-1\" \/>\n<link rel=\"canonical\" href=\"https:\/\/rodoaed.ee\/fi\/toode\/uudelleenkasvu-juurten-ja-mukuloiden-uudelleenkasvu\/\" \/>\n<meta property=\"og:locale\" content=\"fi_FI\" \/>\n<meta property=\"og:type\" content=\"article\" \/>\n<meta property=\"og:title\" content=\"Uudelleenkasvu - juurten ja mukuloiden uudelleenkasvu.\" \/>\n<meta property=\"og:description\" content=\"Kasvattaminen kasvatus tarjottimella setti Uusi suuntaus, joka levi\u00e4\u00e4 nopeasti ruoanlaitto- ja keittieteollisuudessa, on kasvien varsien ja mukuloiden\" \/>\n<meta property=\"og:url\" content=\"https:\/\/rodoaed.ee\/fi\/toode\/uudelleenkasvu-juurten-ja-mukuloiden-uudelleenkasvu\/\" \/>\n<meta property=\"og:site_name\" content=\"Rodoaed\" \/>\n<meta property=\"article:publisher\" content=\"https:\/\/www.facebook.com\/kasvuhooned\/\" \/>\n<meta property=\"article:modified_time\" content=\"2026-04-13T07:57:58+00:00\" \/>\n<meta property=\"og:image\" content=\"https:\/\/rodoaed.ee\/wp-content\/uploads\/2023\/02\/Regrow_1606711440C2.jpg\" \/>\n\t<meta property=\"og:image:width\" content=\"1400\" \/>\n\t<meta property=\"og:image:height\" content=\"933\" \/>\n\t<meta property=\"og:image:type\" content=\"image\/jpeg\" \/>\n<meta name=\"twitter:card\" content=\"summary_large_image\" \/>\n<meta name=\"twitter:label1\" content=\"Arvioitu lukuaika\" \/>\n\t<meta name=\"twitter:data1\" content=\"1 minuutti\" \/>\n<script type=\"application\/ld+json\" class=\"yoast-schema-graph\">{\"@context\":\"https:\\\/\\\/schema.org\",\"@graph\":[{\"@type\":\"WebPage\",\"@id\":\"https:\\\/\\\/rodoaed.ee\\\/fi\\\/toode\\\/uudelleenkasvu-juurten-ja-mukuloiden-uudelleenkasvu\\\/\",\"url\":\"https:\\\/\\\/rodoaed.ee\\\/fi\\\/toode\\\/uudelleenkasvu-juurten-ja-mukuloiden-uudelleenkasvu\\\/\",\"name\":\"Uudelleenkasvu - juurten ja mukuloiden uudelleenkasvu. - Rodoaed\",\"isPartOf\":{\"@id\":\"https:\\\/\\\/rodoaed.ee\\\/#website\"},\"primaryImageOfPage\":{\"@id\":\"https:\\\/\\\/rodoaed.ee\\\/fi\\\/toode\\\/uudelleenkasvu-juurten-ja-mukuloiden-uudelleenkasvu\\\/#primaryimage\"},\"image\":{\"@id\":\"https:\\\/\\\/rodoaed.ee\\\/fi\\\/toode\\\/uudelleenkasvu-juurten-ja-mukuloiden-uudelleenkasvu\\\/#primaryimage\"},\"thumbnailUrl\":\"https:\\\/\\\/rodoaed.ee\\\/wp-content\\\/uploads\\\/2023\\\/02\\\/Regrow_1606711440C2.jpg\",\"datePublished\":\"2023-02-21T09:40:06+00:00\",\"dateModified\":\"2026-04-13T07:57:58+00:00\",\"description\":\"Kasvien kasvuastia. S\u00e4ili\u00f6n alla on kastelus\u00e4ili\u00f6, josta kasvit voivat ime\u00e4 juurineen sopivan m\u00e4\u00e4r\u00e4n vett\u00e4.\",\"breadcrumb\":{\"@id\":\"https:\\\/\\\/rodoaed.ee\\\/fi\\\/toode\\\/uudelleenkasvu-juurten-ja-mukuloiden-uudelleenkasvu\\\/#breadcrumb\"},\"inLanguage\":\"fi\",\"potentialAction\":[{\"@type\":\"ReadAction\",\"target\":[\"https:\\\/\\\/rodoaed.ee\\\/fi\\\/toode\\\/uudelleenkasvu-juurten-ja-mukuloiden-uudelleenkasvu\\\/\"]}]},{\"@type\":\"ImageObject\",\"inLanguage\":\"fi\",\"@id\":\"https:\\\/\\\/rodoaed.ee\\\/fi\\\/toode\\\/uudelleenkasvu-juurten-ja-mukuloiden-uudelleenkasvu\\\/#primaryimage\",\"url\":\"https:\\\/\\\/rodoaed.ee\\\/wp-content\\\/uploads\\\/2023\\\/02\\\/Regrow_1606711440C2.jpg\",\"contentUrl\":\"https:\\\/\\\/rodoaed.ee\\\/wp-content\\\/uploads\\\/2023\\\/02\\\/Regrow_1606711440C2.jpg\",\"width\":1400,\"height\":933},{\"@type\":\"BreadcrumbList\",\"@id\":\"https:\\\/\\\/rodoaed.ee\\\/fi\\\/toode\\\/uudelleenkasvu-juurten-ja-mukuloiden-uudelleenkasvu\\\/#breadcrumb\",\"itemListElement\":[{\"@type\":\"ListItem\",\"position\":1,\"name\":\"Home\",\"item\":\"https:\\\/\\\/rodoaed.ee\\\/fi\\\/\"},{\"@type\":\"ListItem\",\"position\":2,\"name\":\"Osta osoitteessa\",\"item\":\"https:\\\/\\\/rodoaed.ee\\\/osta-osoitteessa\\\/\"},{\"@type\":\"ListItem\",\"position\":3,\"name\":\"Uudelleenkasvu &#8211; juurten ja mukuloiden uudelleenkasvu.\"}]},{\"@type\":\"WebSite\",\"@id\":\"https:\\\/\\\/rodoaed.ee\\\/#website\",\"url\":\"https:\\\/\\\/rodoaed.ee\\\/\",\"name\":\"Rodoaed\",\"description\":\"\",\"publisher\":{\"@id\":\"https:\\\/\\\/rodoaed.ee\\\/#organization\"},\"potentialAction\":[{\"@type\":\"SearchAction\",\"target\":{\"@type\":\"EntryPoint\",\"urlTemplate\":\"https:\\\/\\\/rodoaed.ee\\\/?s={search_term_string}\"},\"query-input\":{\"@type\":\"PropertyValueSpecification\",\"valueRequired\":true,\"valueName\":\"search_term_string\"}}],\"inLanguage\":\"fi\"},{\"@type\":\"Organization\",\"@id\":\"https:\\\/\\\/rodoaed.ee\\\/#organization\",\"name\":\"Rodoaed\",\"url\":\"https:\\\/\\\/rodoaed.ee\\\/\",\"logo\":{\"@type\":\"ImageObject\",\"inLanguage\":\"fi\",\"@id\":\"https:\\\/\\\/rodoaed.ee\\\/#\\\/schema\\\/logo\\\/image\\\/\",\"url\":\"https:\\\/\\\/rodoaed.ee\\\/wp-content\\\/uploads\\\/2019\\\/11\\\/rodoaed-logo-ilma-taustata.jpg\",\"contentUrl\":\"https:\\\/\\\/rodoaed.ee\\\/wp-content\\\/uploads\\\/2019\\\/11\\\/rodoaed-logo-ilma-taustata.jpg\",\"width\":769,\"height\":268,\"caption\":\"Rodoaed\"},\"image\":{\"@id\":\"https:\\\/\\\/rodoaed.ee\\\/#\\\/schema\\\/logo\\\/image\\\/\"},\"sameAs\":[\"https:\\\/\\\/www.facebook.com\\\/kasvuhooned\\\/\",\"https:\\\/\\\/rodoaed.ee\"]}]}<\/script>\n<!-- \/ Yoast SEO Premium plugin. -->","yoast_head_json":{"title":"Uudelleenkasvu - juurten ja mukuloiden uudelleenkasvu. - Rodoaed","description":"Kasvien kasvuastia. S\u00e4ili\u00f6n alla on kastelus\u00e4ili\u00f6, josta kasvit voivat ime\u00e4 juurineen sopivan m\u00e4\u00e4r\u00e4n vett\u00e4.","robots":{"index":"index","follow":"follow","max-snippet":"max-snippet:-1","max-image-preview":"max-image-preview:large","max-video-preview":"max-video-preview:-1"},"canonical":"https:\/\/rodoaed.ee\/fi\/toode\/uudelleenkasvu-juurten-ja-mukuloiden-uudelleenkasvu\/","og_locale":"fi_FI","og_type":"article","og_title":"Uudelleenkasvu - juurten ja mukuloiden uudelleenkasvu.","og_description":"Kasvattaminen kasvatus tarjottimella setti Uusi suuntaus, joka levi\u00e4\u00e4 nopeasti ruoanlaitto- ja keittieteollisuudessa, on kasvien varsien ja mukuloiden","og_url":"https:\/\/rodoaed.ee\/fi\/toode\/uudelleenkasvu-juurten-ja-mukuloiden-uudelleenkasvu\/","og_site_name":"Rodoaed","article_publisher":"https:\/\/www.facebook.com\/kasvuhooned\/","article_modified_time":"2026-04-13T07:57:58+00:00","og_image":[{"width":1400,"height":933,"url":"https:\/\/rodoaed.ee\/wp-content\/uploads\/2023\/02\/Regrow_1606711440C2.jpg","type":"image\/jpeg"}],"twitter_card":"summary_large_image","twitter_misc":{"Arvioitu lukuaika":"1 minuutti"},"schema":{"@context":"https:\/\/schema.org","@graph":[{"@type":"WebPage","@id":"https:\/\/rodoaed.ee\/fi\/toode\/uudelleenkasvu-juurten-ja-mukuloiden-uudelleenkasvu\/","url":"https:\/\/rodoaed.ee\/fi\/toode\/uudelleenkasvu-juurten-ja-mukuloiden-uudelleenkasvu\/","name":"Uudelleenkasvu - juurten ja mukuloiden uudelleenkasvu. - Rodoaed","isPartOf":{"@id":"https:\/\/rodoaed.ee\/#website"},"primaryImageOfPage":{"@id":"https:\/\/rodoaed.ee\/fi\/toode\/uudelleenkasvu-juurten-ja-mukuloiden-uudelleenkasvu\/#primaryimage"},"image":{"@id":"https:\/\/rodoaed.ee\/fi\/toode\/uudelleenkasvu-juurten-ja-mukuloiden-uudelleenkasvu\/#primaryimage"},"thumbnailUrl":"https:\/\/rodoaed.ee\/wp-content\/uploads\/2023\/02\/Regrow_1606711440C2.jpg","datePublished":"2023-02-21T09:40:06+00:00","dateModified":"2026-04-13T07:57:58+00:00","description":"Kasvien kasvuastia. S\u00e4ili\u00f6n alla on kastelus\u00e4ili\u00f6, josta kasvit voivat ime\u00e4 juurineen sopivan m\u00e4\u00e4r\u00e4n vett\u00e4.","breadcrumb":{"@id":"https:\/\/rodoaed.ee\/fi\/toode\/uudelleenkasvu-juurten-ja-mukuloiden-uudelleenkasvu\/#breadcrumb"},"inLanguage":"fi","potentialAction":[{"@type":"ReadAction","target":["https:\/\/rodoaed.ee\/fi\/toode\/uudelleenkasvu-juurten-ja-mukuloiden-uudelleenkasvu\/"]}]},{"@type":"ImageObject","inLanguage":"fi","@id":"https:\/\/rodoaed.ee\/fi\/toode\/uudelleenkasvu-juurten-ja-mukuloiden-uudelleenkasvu\/#primaryimage","url":"https:\/\/rodoaed.ee\/wp-content\/uploads\/2023\/02\/Regrow_1606711440C2.jpg","contentUrl":"https:\/\/rodoaed.ee\/wp-content\/uploads\/2023\/02\/Regrow_1606711440C2.jpg","width":1400,"height":933},{"@type":"BreadcrumbList","@id":"https:\/\/rodoaed.ee\/fi\/toode\/uudelleenkasvu-juurten-ja-mukuloiden-uudelleenkasvu\/#breadcrumb","itemListElement":[{"@type":"ListItem","position":1,"name":"Home","item":"https:\/\/rodoaed.ee\/fi\/"},{"@type":"ListItem","position":2,"name":"Osta osoitteessa","item":"https:\/\/rodoaed.ee\/osta-osoitteessa\/"},{"@type":"ListItem","position":3,"name":"Uudelleenkasvu &#8211; juurten ja mukuloiden uudelleenkasvu."}]},{"@type":"WebSite","@id":"https:\/\/rodoaed.ee\/#website","url":"https:\/\/rodoaed.ee\/","name":"Rodoaed","description":"","publisher":{"@id":"https:\/\/rodoaed.ee\/#organization"},"potentialAction":[{"@type":"SearchAction","target":{"@type":"EntryPoint","urlTemplate":"https:\/\/rodoaed.ee\/?s={search_term_string}"},"query-input":{"@type":"PropertyValueSpecification","valueRequired":true,"valueName":"search_term_string"}}],"inLanguage":"fi"},{"@type":"Organization","@id":"https:\/\/rodoaed.ee\/#organization","name":"Rodoaed","url":"https:\/\/rodoaed.ee\/","logo":{"@type":"ImageObject","inLanguage":"fi","@id":"https:\/\/rodoaed.ee\/#\/schema\/logo\/image\/","url":"https:\/\/rodoaed.ee\/wp-content\/uploads\/2019\/11\/rodoaed-logo-ilma-taustata.jpg","contentUrl":"https:\/\/rodoaed.ee\/wp-content\/uploads\/2019\/11\/rodoaed-logo-ilma-taustata.jpg","width":769,"height":268,"caption":"Rodoaed"},"image":{"@id":"https:\/\/rodoaed.ee\/#\/schema\/logo\/image\/"},"sameAs":["https:\/\/www.facebook.com\/kasvuhooned\/","https:\/\/rodoaed.ee"]}]}},"_links":{"self":[{"href":"https:\/\/rodoaed.ee\/fi\/wp-json\/wp\/v2\/product\/52964","targetHints":{"allow":["GET"]}}],"collection":[{"href":"https:\/\/rodoaed.ee\/fi\/wp-json\/wp\/v2\/product"}],"about":[{"href":"https:\/\/rodoaed.ee\/fi\/wp-json\/wp\/v2\/types\/product"}],"wp:featuredmedia":[{"embeddable":true,"href":"https:\/\/rodoaed.ee\/fi\/wp-json\/wp\/v2\/media\/43846"}],"wp:attachment":[{"href":"https:\/\/rodoaed.ee\/fi\/wp-json\/wp\/v2\/media?parent=52964"}],"wp:term":[{"taxonomy":"product_brand","embeddable":true,"href":"https:\/\/rodoaed.ee\/fi\/wp-json\/wp\/v2\/product_brand?post=52964"},{"taxonomy":"product_cat","embeddable":true,"href":"https:\/\/rodoaed.ee\/fi\/wp-json\/wp\/v2\/product_cat?post=52964"},{"taxonomy":"product_tag","embeddable":true,"href":"https:\/\/rodoaed.ee\/fi\/wp-json\/wp\/v2\/product_tag?post=52964"}],"curies":[{"name":"wp","href":"https:\/\/api.w.org\/{rel}","templated":true}]}}