{"id":52973,"date":"2023-05-10T10:44:34","date_gmt":"2023-05-10T07:44:34","guid":{"rendered":"https:\/\/rodoaed.ee\/toode\/kukkasiemenseos-pacy-sea-of-flowers-130g\/"},"modified":"2026-04-13T10:58:06","modified_gmt":"2026-04-13T07:58:06","slug":"kukkasiemenseos-pacy-sea-of-flowers-130g","status":"publish","type":"product","link":"https:\/\/rodoaed.ee\/fi\/tuote\/kukkasiemenseos-pacy-sea-of-flowers-130g\/","title":{"rendered":"Kukkasiemenseos &#8221;Pacy sea of flowers&#8221; 130g"},"content":{"rendered":"<h3 class=\"product_title entry-title\">Kukkasiemenseos &#8221;Pacy sea of flowers&#8221;<\/h3>\n<p>Yksivuotinen, 50-60 cm korkea, ammattimaisen sarjan pitk\u00e4kukkaisten kukkien kontrastiv\u00e4rinen kasvi. Houkuttelee mehil\u00e4isi\u00e4 ja hy\u00f6dyllisi\u00e4 hy\u00f6nteisi\u00e4. Pakkauksessa 40 g kukkasiemeni\u00e4 ja vermikuliittia kylv\u00f6n helpottamiseksi.  <\/p>\n<p>Koska monet luonnonniityt ovat kadonneet tai ne on muutettu viljelysmaaksi, niityist\u00e4 riippuvaisia perhosia, kimalaisia ja lintuja on paljon v\u00e4hemm\u00e4n kuin vuosikymmen sitten. Kylv\u00e4 muutama luonnonkukka puutarhapenkkiin tai vaikka nurmikolle. Houkuttelet puutarhaan paljon erilaisia perhosia, kimalaisia ja lintuja. Lis\u00e4\u00e4t my\u00f6s puutarhasi yleist\u00e4 el\u00e4vyytt\u00e4.   <\/p>\n<p><strong>K\u00e4ytt\u00e4j\u00e4n k\u00e4sikirja<\/strong><\/p>\n<p>Puolikest\u00e4v\u00e4, kirkkaan v\u00e4rinen kukkiva siemenseos alkaa kukkia 40-50 p\u00e4iv\u00e4n kuluttua kylv\u00f6st\u00e4 ja kukkii useita kuukausia. Kylv\u00e4 huhti-toukokuussa aurinkoiselle paikalle humus- ja ravinteikkaaseen maahan, jossa on hyv\u00e4 vedenl\u00e4p\u00e4isevyys. Sopii my\u00f6s kuivalle maalle. Poista liian tihe\u00e4t kasvit kev\u00e4\u00e4ll\u00e4 taimettumisen j\u00e4lkeen, jotta yksitt\u00e4iset kasvit voivat kehitty\u00e4 paremmin.   <\/p>\n<p>Pakkaus riitt\u00e4\u00e4 30 m\u00b2:n peitt\u00e4miseen. Levit\u00e4 3-5 g\/m\u00b2. It\u00e4\u00e4 7-14 p\u00e4iv\u00e4\u00e4 15-20 \u00b0C:ssa. Kukkasiemenseos sopii kosteille mutta my\u00f6s kuiville ja aurinkoisille kasvupaikoille. Pakkaus sis\u00e4lt\u00e4\u00e4 40 g kukkasiemeni\u00e4 ja vermikuliittia, jota on lis\u00e4tty tasaisen kylv\u00f6n helpottamiseksi. Sekoita siemenet huolellisesti vermikuliittiin ennen kylv\u00f6\u00e4. Ravista pakkausta voimakkaasti. Valmistele kylv\u00f6alusta ja kylv\u00e4 seos tasaisesti pinnalle. Kylv\u00e4 1-2 cm:n syvyyteen. Paina maan pinta alas ja pid\u00e4 pinta kosteana. Siemenet it\u00e4v\u00e4t eri tahtiin. Suojaa kylv\u00f6pinta linnuilta. Parhaiden tulosten saavuttamiseksi noudata pakkauksessa suositeltua kylv\u00f6m\u00e4\u00e4r\u00e4\u00e4.            <\/p>\n<p><strong>Kylv\u00f6m\u00e4\u00e4r\u00e4<\/strong> <strong>130 g = 30 m\u00b2.<\/strong><\/p>\n<p><strong>Paino:<\/strong> 130 g<\/p>\n<div class=\"woocommerce-product-details__short-description\">\n<h3><\/h3>\n<\/div>\n","protected":false},"excerpt":{"rendered":"<p>Kukkasiemenseos &#8221;Pacy sea of flowers&#8221; Yksivuotinen, 50-60 cm korkea, ammattimaisen sarjan pitk\u00e4kukkaisten kukkien kontrastiv\u00e4rinen kasvi. Houkuttelee mehil\u00e4isi\u00e4 ja hy\u00f6dyllisi\u00e4 hy\u00f6nteisi\u00e4. Pakkauksessa 40 g kukkasiemeni\u00e4 ja vermikuliittia kylv\u00f6n helpottamiseksi. Koska monet luonnonniityt ovat kadonneet tai ne on muutettu viljelysmaaksi, niityist\u00e4 riippuvaisia perhosia, kimalaisia ja lintuja on paljon v\u00e4hemm\u00e4n kuin vuosikymmen sitten. Kylv\u00e4 muutama luonnonkukka puutarhapenkkiin tai vaikka nurmikolle. Houkuttelet puutarhaan paljon erilaisia perhosia, kimalaisia ja lintuja&#8230;.<\/p>\n","protected":false},"featured_media":44938,"template":"","meta":{"_acf_changed":false},"product_brand":[],"product_cat":[1854,1753,1882,1884],"product_tag":[],"class_list":{"0":"post-52973","1":"product","2":"type-product","3":"status-publish","4":"has-post-thumbnail","6":"product_cat-hyonteishotellit","7":"product_cat-siemenet","8":"product_cat-sudenkorennon-talot-ja-ateriat","9":"product_cat-villielainpuutarhat","10":"product_shipping_class-toimitus-1-3-tyopaivan-kuluessa","11":"pa_variatsioon-puinen-traktori","13":"first","14":"onbackorder","15":"sale","16":"taxable","17":"shipping-taxable","18":"purchasable","19":"product-type-simple"},"acf":[],"yoast_head":"<!-- This site is optimized with the Yoast SEO Premium plugin v27.3 (Yoast SEO v27.3) - https:\/\/yoast.com\/product\/yoast-seo-premium-wordpress\/ -->\n<title>Kukkasiemenseos &quot;Pacy sea of flowers&quot; 130g - Rodoaed<\/title>\n<meta name=\"robots\" content=\"index, follow, max-snippet:-1, max-image-preview:large, max-video-preview:-1\" \/>\n<link rel=\"canonical\" href=\"https:\/\/rodoaed.ee\/fi\/toode\/kukkasiemenseos-pacy-sea-of-flowers-130g\/\" \/>\n<meta property=\"og:locale\" content=\"fi_FI\" \/>\n<meta property=\"og:type\" content=\"article\" \/>\n<meta property=\"og:title\" content=\"Kukkasiemenseos &quot;Pacy sea of flowers&quot; 130g\" \/>\n<meta property=\"og:description\" content=\"Kukkasiemenseos &quot;Pacy sea of flowers&quot; Yksivuotinen, 50-60 cm korkea, ammattimaisen sarjan pitk\u00e4kukkaisten kukkien kontrastiv\u00e4rinen kasvi. Houkuttelee\" \/>\n<meta property=\"og:url\" content=\"https:\/\/rodoaed.ee\/fi\/toode\/kukkasiemenseos-pacy-sea-of-flowers-130g\/\" \/>\n<meta property=\"og:site_name\" content=\"Rodoaed\" \/>\n<meta property=\"article:publisher\" content=\"https:\/\/www.facebook.com\/kasvuhooned\/\" \/>\n<meta property=\"article:modified_time\" content=\"2026-04-13T07:58:06+00:00\" \/>\n<meta property=\"og:image\" content=\"https:\/\/rodoaed.ee\/wp-content\/uploads\/2023\/05\/Lilleseemnesegu_Tempokas-oitemeri.jpeg\" \/>\n\t<meta property=\"og:image:width\" content=\"485\" \/>\n\t<meta property=\"og:image:height\" content=\"1080\" \/>\n\t<meta property=\"og:image:type\" content=\"image\/jpeg\" \/>\n<meta name=\"twitter:card\" content=\"summary_large_image\" \/>\n<meta name=\"twitter:label1\" content=\"Arvioitu lukuaika\" \/>\n\t<meta name=\"twitter:data1\" content=\"1 minuutti\" \/>\n<script type=\"application\/ld+json\" class=\"yoast-schema-graph\">{\"@context\":\"https:\\\/\\\/schema.org\",\"@graph\":[{\"@type\":\"WebPage\",\"@id\":\"https:\\\/\\\/rodoaed.ee\\\/fi\\\/toode\\\/kukkasiemenseos-pacy-sea-of-flowers-130g\\\/\",\"url\":\"https:\\\/\\\/rodoaed.ee\\\/fi\\\/toode\\\/kukkasiemenseos-pacy-sea-of-flowers-130g\\\/\",\"name\":\"Kukkasiemenseos \\\"Pacy sea of flowers\\\" 130g - Rodoaed\",\"isPartOf\":{\"@id\":\"https:\\\/\\\/rodoaed.ee\\\/#website\"},\"primaryImageOfPage\":{\"@id\":\"https:\\\/\\\/rodoaed.ee\\\/fi\\\/toode\\\/kukkasiemenseos-pacy-sea-of-flowers-130g\\\/#primaryimage\"},\"image\":{\"@id\":\"https:\\\/\\\/rodoaed.ee\\\/fi\\\/toode\\\/kukkasiemenseos-pacy-sea-of-flowers-130g\\\/#primaryimage\"},\"thumbnailUrl\":\"https:\\\/\\\/rodoaed.ee\\\/wp-content\\\/uploads\\\/2023\\\/05\\\/Lilleseemnesegu_Tempokas-oitemeri.jpeg\",\"datePublished\":\"2023-05-10T07:44:34+00:00\",\"dateModified\":\"2026-04-13T07:58:06+00:00\",\"breadcrumb\":{\"@id\":\"https:\\\/\\\/rodoaed.ee\\\/fi\\\/toode\\\/kukkasiemenseos-pacy-sea-of-flowers-130g\\\/#breadcrumb\"},\"inLanguage\":\"fi\",\"potentialAction\":[{\"@type\":\"ReadAction\",\"target\":[\"https:\\\/\\\/rodoaed.ee\\\/fi\\\/toode\\\/kukkasiemenseos-pacy-sea-of-flowers-130g\\\/\"]}]},{\"@type\":\"ImageObject\",\"inLanguage\":\"fi\",\"@id\":\"https:\\\/\\\/rodoaed.ee\\\/fi\\\/toode\\\/kukkasiemenseos-pacy-sea-of-flowers-130g\\\/#primaryimage\",\"url\":\"https:\\\/\\\/rodoaed.ee\\\/wp-content\\\/uploads\\\/2023\\\/05\\\/Lilleseemnesegu_Tempokas-oitemeri.jpeg\",\"contentUrl\":\"https:\\\/\\\/rodoaed.ee\\\/wp-content\\\/uploads\\\/2023\\\/05\\\/Lilleseemnesegu_Tempokas-oitemeri.jpeg\",\"width\":485,\"height\":1080},{\"@type\":\"BreadcrumbList\",\"@id\":\"https:\\\/\\\/rodoaed.ee\\\/fi\\\/toode\\\/kukkasiemenseos-pacy-sea-of-flowers-130g\\\/#breadcrumb\",\"itemListElement\":[{\"@type\":\"ListItem\",\"position\":1,\"name\":\"Home\",\"item\":\"https:\\\/\\\/rodoaed.ee\\\/fi\\\/\"},{\"@type\":\"ListItem\",\"position\":2,\"name\":\"Osta osoitteessa\",\"item\":\"https:\\\/\\\/rodoaed.ee\\\/osta-osoitteessa\\\/\"},{\"@type\":\"ListItem\",\"position\":3,\"name\":\"Kukkasiemenseos &#8220;Pacy sea of flowers&#8221; 130g\"}]},{\"@type\":\"WebSite\",\"@id\":\"https:\\\/\\\/rodoaed.ee\\\/#website\",\"url\":\"https:\\\/\\\/rodoaed.ee\\\/\",\"name\":\"Rodoaed\",\"description\":\"\",\"publisher\":{\"@id\":\"https:\\\/\\\/rodoaed.ee\\\/#organization\"},\"potentialAction\":[{\"@type\":\"SearchAction\",\"target\":{\"@type\":\"EntryPoint\",\"urlTemplate\":\"https:\\\/\\\/rodoaed.ee\\\/?s={search_term_string}\"},\"query-input\":{\"@type\":\"PropertyValueSpecification\",\"valueRequired\":true,\"valueName\":\"search_term_string\"}}],\"inLanguage\":\"fi\"},{\"@type\":\"Organization\",\"@id\":\"https:\\\/\\\/rodoaed.ee\\\/#organization\",\"name\":\"Rodoaed\",\"url\":\"https:\\\/\\\/rodoaed.ee\\\/\",\"logo\":{\"@type\":\"ImageObject\",\"inLanguage\":\"fi\",\"@id\":\"https:\\\/\\\/rodoaed.ee\\\/#\\\/schema\\\/logo\\\/image\\\/\",\"url\":\"https:\\\/\\\/rodoaed.ee\\\/wp-content\\\/uploads\\\/2019\\\/11\\\/rodoaed-logo-ilma-taustata.jpg\",\"contentUrl\":\"https:\\\/\\\/rodoaed.ee\\\/wp-content\\\/uploads\\\/2019\\\/11\\\/rodoaed-logo-ilma-taustata.jpg\",\"width\":769,\"height\":268,\"caption\":\"Rodoaed\"},\"image\":{\"@id\":\"https:\\\/\\\/rodoaed.ee\\\/#\\\/schema\\\/logo\\\/image\\\/\"},\"sameAs\":[\"https:\\\/\\\/www.facebook.com\\\/kasvuhooned\\\/\",\"https:\\\/\\\/rodoaed.ee\"]}]}<\/script>\n<!-- \/ Yoast SEO Premium plugin. -->","yoast_head_json":{"title":"Kukkasiemenseos \"Pacy sea of flowers\" 130g - Rodoaed","robots":{"index":"index","follow":"follow","max-snippet":"max-snippet:-1","max-image-preview":"max-image-preview:large","max-video-preview":"max-video-preview:-1"},"canonical":"https:\/\/rodoaed.ee\/fi\/toode\/kukkasiemenseos-pacy-sea-of-flowers-130g\/","og_locale":"fi_FI","og_type":"article","og_title":"Kukkasiemenseos \"Pacy sea of flowers\" 130g","og_description":"Kukkasiemenseos \"Pacy sea of flowers\" Yksivuotinen, 50-60 cm korkea, ammattimaisen sarjan pitk\u00e4kukkaisten kukkien kontrastiv\u00e4rinen kasvi. Houkuttelee","og_url":"https:\/\/rodoaed.ee\/fi\/toode\/kukkasiemenseos-pacy-sea-of-flowers-130g\/","og_site_name":"Rodoaed","article_publisher":"https:\/\/www.facebook.com\/kasvuhooned\/","article_modified_time":"2026-04-13T07:58:06+00:00","og_image":[{"width":485,"height":1080,"url":"https:\/\/rodoaed.ee\/wp-content\/uploads\/2023\/05\/Lilleseemnesegu_Tempokas-oitemeri.jpeg","type":"image\/jpeg"}],"twitter_card":"summary_large_image","twitter_misc":{"Arvioitu lukuaika":"1 minuutti"},"schema":{"@context":"https:\/\/schema.org","@graph":[{"@type":"WebPage","@id":"https:\/\/rodoaed.ee\/fi\/toode\/kukkasiemenseos-pacy-sea-of-flowers-130g\/","url":"https:\/\/rodoaed.ee\/fi\/toode\/kukkasiemenseos-pacy-sea-of-flowers-130g\/","name":"Kukkasiemenseos \"Pacy sea of flowers\" 130g - Rodoaed","isPartOf":{"@id":"https:\/\/rodoaed.ee\/#website"},"primaryImageOfPage":{"@id":"https:\/\/rodoaed.ee\/fi\/toode\/kukkasiemenseos-pacy-sea-of-flowers-130g\/#primaryimage"},"image":{"@id":"https:\/\/rodoaed.ee\/fi\/toode\/kukkasiemenseos-pacy-sea-of-flowers-130g\/#primaryimage"},"thumbnailUrl":"https:\/\/rodoaed.ee\/wp-content\/uploads\/2023\/05\/Lilleseemnesegu_Tempokas-oitemeri.jpeg","datePublished":"2023-05-10T07:44:34+00:00","dateModified":"2026-04-13T07:58:06+00:00","breadcrumb":{"@id":"https:\/\/rodoaed.ee\/fi\/toode\/kukkasiemenseos-pacy-sea-of-flowers-130g\/#breadcrumb"},"inLanguage":"fi","potentialAction":[{"@type":"ReadAction","target":["https:\/\/rodoaed.ee\/fi\/toode\/kukkasiemenseos-pacy-sea-of-flowers-130g\/"]}]},{"@type":"ImageObject","inLanguage":"fi","@id":"https:\/\/rodoaed.ee\/fi\/toode\/kukkasiemenseos-pacy-sea-of-flowers-130g\/#primaryimage","url":"https:\/\/rodoaed.ee\/wp-content\/uploads\/2023\/05\/Lilleseemnesegu_Tempokas-oitemeri.jpeg","contentUrl":"https:\/\/rodoaed.ee\/wp-content\/uploads\/2023\/05\/Lilleseemnesegu_Tempokas-oitemeri.jpeg","width":485,"height":1080},{"@type":"BreadcrumbList","@id":"https:\/\/rodoaed.ee\/fi\/toode\/kukkasiemenseos-pacy-sea-of-flowers-130g\/#breadcrumb","itemListElement":[{"@type":"ListItem","position":1,"name":"Home","item":"https:\/\/rodoaed.ee\/fi\/"},{"@type":"ListItem","position":2,"name":"Osta osoitteessa","item":"https:\/\/rodoaed.ee\/osta-osoitteessa\/"},{"@type":"ListItem","position":3,"name":"Kukkasiemenseos &#8220;Pacy sea of flowers&#8221; 130g"}]},{"@type":"WebSite","@id":"https:\/\/rodoaed.ee\/#website","url":"https:\/\/rodoaed.ee\/","name":"Rodoaed","description":"","publisher":{"@id":"https:\/\/rodoaed.ee\/#organization"},"potentialAction":[{"@type":"SearchAction","target":{"@type":"EntryPoint","urlTemplate":"https:\/\/rodoaed.ee\/?s={search_term_string}"},"query-input":{"@type":"PropertyValueSpecification","valueRequired":true,"valueName":"search_term_string"}}],"inLanguage":"fi"},{"@type":"Organization","@id":"https:\/\/rodoaed.ee\/#organization","name":"Rodoaed","url":"https:\/\/rodoaed.ee\/","logo":{"@type":"ImageObject","inLanguage":"fi","@id":"https:\/\/rodoaed.ee\/#\/schema\/logo\/image\/","url":"https:\/\/rodoaed.ee\/wp-content\/uploads\/2019\/11\/rodoaed-logo-ilma-taustata.jpg","contentUrl":"https:\/\/rodoaed.ee\/wp-content\/uploads\/2019\/11\/rodoaed-logo-ilma-taustata.jpg","width":769,"height":268,"caption":"Rodoaed"},"image":{"@id":"https:\/\/rodoaed.ee\/#\/schema\/logo\/image\/"},"sameAs":["https:\/\/www.facebook.com\/kasvuhooned\/","https:\/\/rodoaed.ee"]}]}},"_links":{"self":[{"href":"https:\/\/rodoaed.ee\/fi\/wp-json\/wp\/v2\/product\/52973","targetHints":{"allow":["GET"]}}],"collection":[{"href":"https:\/\/rodoaed.ee\/fi\/wp-json\/wp\/v2\/product"}],"about":[{"href":"https:\/\/rodoaed.ee\/fi\/wp-json\/wp\/v2\/types\/product"}],"wp:featuredmedia":[{"embeddable":true,"href":"https:\/\/rodoaed.ee\/fi\/wp-json\/wp\/v2\/media\/44938"}],"wp:attachment":[{"href":"https:\/\/rodoaed.ee\/fi\/wp-json\/wp\/v2\/media?parent=52973"}],"wp:term":[{"taxonomy":"product_brand","embeddable":true,"href":"https:\/\/rodoaed.ee\/fi\/wp-json\/wp\/v2\/product_brand?post=52973"},{"taxonomy":"product_cat","embeddable":true,"href":"https:\/\/rodoaed.ee\/fi\/wp-json\/wp\/v2\/product_cat?post=52973"},{"taxonomy":"product_tag","embeddable":true,"href":"https:\/\/rodoaed.ee\/fi\/wp-json\/wp\/v2\/product_tag?post=52973"}],"curies":[{"name":"wp","href":"https:\/\/api.w.org\/{rel}","templated":true}]}}