{"id":52975,"date":"2023-03-02T19:55:40","date_gmt":"2023-03-02T17:55:40","guid":{"rendered":"https:\/\/rodoaed.ee\/toode\/bokashi-kompostori-start-up-bakteerit-tavaraa-tulossa-uutena-vuonna\/"},"modified":"2026-04-13T10:58:08","modified_gmt":"2026-04-13T07:58:08","slug":"bokashi-kompostori-start-up-bakteerit-tavaraa-tulossa-uutena-vuonna","status":"publish","type":"product","link":"https:\/\/rodoaed.ee\/fi\/tuote\/bokashi-kompostori-start-up-bakteerit-tavaraa-tulossa-uutena-vuonna\/","title":{"rendered":"Bokashi kompostori + start-up bakteerit- tavaraa tulossa uutena vuonna"},"content":{"rendered":"<p><strong>Bokashi-kompostori on nopea ja k\u00e4tev\u00e4 tapa muuttaa biologinen keitti\u00f6j\u00e4te k\u00e4ytt\u00f6kelpoiseksi kompostiksi.<\/strong><\/p>\n<p>Bokashi-kompostori on uusi, k\u00e4tev\u00e4 kompostori sis\u00e4tiloissa. Kompostori bioj\u00e4tteen kompostointiin uudella muotoilulla ja kierr\u00e4tysmateriaalilla. <\/p>\n<p>Bokash-kompostori on erityisesti sis\u00e4k\u00e4ytt\u00f6\u00f6n suunniteltu ratkaisu. Bokashi-kompostori k\u00e4ytt\u00e4\u00e4 k\u00e4ymisbakteereja keitti\u00f6ss\u00e4 j\u00e4ljelle j\u00e4\u00e4neiden ruokaj\u00e4tteiden muuttamiseen kompostiksi. Lopputuloksena on kunnon komposti, ja sivutuotteena syntyv\u00e4 neste on eritt\u00e4in k\u00e4ytt\u00f6kelpoinen kasvien kasteluun, lannoittamiseen ja lehtien ruiskuttamiseen.  <\/p>\n<p>Toisin kuin tavanomaisessa kompostoinnissa, kompostointi tapahtuu ilman p\u00e4\u00e4sy\u00e4 ilmaan. Pakkauksen mukana tuleva bokashijauhe aktivoi prosessin. <\/p>\n<p>Bokash-kompostori on valmistettu erityisen ymp\u00e4rist\u00f6yst\u00e4v\u00e4llisest\u00e4 kierr\u00e4tysmateriaalista. Harmaas\u00e4vy on luonnollinen s\u00e4vy ilman lis\u00e4ttyj\u00e4 v\u00e4riaineita. <\/p>\n<p>Kompostoria voi pit\u00e4\u00e4 esimerkiksi keitti\u00f6n p\u00f6yd\u00e4ll\u00e4 tai lattialla, miss\u00e4 tahansa on mukavinta. Rajoituksia ei ole. On vain suositeltavaa, ettet laita sit\u00e4 todella kuumaan aurinkoon.  <\/p>\n<p><strong>Setti sis\u00e4lt\u00e4\u00e4:<\/strong><\/p>\n<ol>\n<li>Kompostorin runko, kansi, yl\u00e4s\u00e4ili\u00f6, erotussein\u00e4, pohjas\u00e4ili\u00f6.<\/li>\n<li>napauta<\/li>\n<li>nestes\u00e4ili\u00f6<\/li>\n<li>hihnat<\/li>\n<li>paina<\/li>\n<li>mittakannu<\/li>\n<li>suodatinkangas<\/li>\n<li><strong>Bokashi k\u00e4ymisjauhe ca 600g pussi<\/strong><\/li>\n<\/ol>\n<h4>T\u00e4rkeimm\u00e4t ominaisuudet<\/h4>\n<ul>\n<li>Mitat: 25 x 24 x 35 korkeus cm<\/li>\n<li>Syvyys: 25,7cm<\/li>\n<li>Bioj\u00e4teastian koko: 10,6 litraa<\/li>\n<li>Nestes\u00e4ili\u00f6n koko: 0,25 litraa<\/li>\n<li>Paino 3,1 kg<\/li>\n<\/ul>\n<div data-fullscreen=\"disabled\" data-mode=\"normal\" data-oembed=\"1\" data-provider=\"youtube\" data-reset-after-played id=\"arve-youtube-lw5ne46expa\" class=\"arve\">\n<div class=\"arve-inner\">\n<div style=\"aspect-ratio:1140\/641\" class=\"arve-embed arve-embed--has-aspect-ratio\">\n<div class=\"arve-ar\" style=\"padding-top:56.228070%\"><\/div>\n<p>\t\t\t<iframe allow=\"accelerometer &apos;none&apos;;autoplay &apos;none&apos;;bluetooth &apos;none&apos;;browsing-topics &apos;none&apos;;camera &apos;none&apos;;clipboard-read &apos;none&apos;;clipboard-write;display-capture &apos;none&apos;;encrypted-media &apos;none&apos;;gamepad &apos;none&apos;;geolocation &apos;none&apos;;gyroscope &apos;none&apos;;hid &apos;none&apos;;identity-credentials-get &apos;none&apos;;idle-detection &apos;none&apos;;keyboard-map &apos;none&apos;;local-fonts;magnetometer &apos;none&apos;;microphone &apos;none&apos;;midi &apos;none&apos;;otp-credentials &apos;none&apos;;payment &apos;none&apos;;picture-in-picture;publickey-credentials-create &apos;none&apos;;publickey-credentials-get &apos;none&apos;;screen-wake-lock &apos;none&apos;;serial &apos;none&apos;;summarizer &apos;none&apos;;sync-xhr;usb &apos;none&apos;;web-share;window-management &apos;none&apos;;xr-spatial-tracking &apos;none&apos;;\" allowfullscreen=\"\" class=\"arve-iframe fitvidsignore\" credentialless data-arve=\"arve-youtube-lw5ne46expa\" data-lenis-prevent=\"\" data-src-no-ap=\"https:\/\/www.youtube-nocookie.com\/embed\/LW5nE46expA?feature=oembed&amp;iv_load_policy=3&amp;modestbranding=1&amp;rel=0&amp;autohide=1&amp;playsinline=0&amp;autoplay=0&amp;enablejsapi=1\" frameborder=\"0\" height=\"0\" loading=\"lazy\" name=\"\" referrerpolicy=\"strict-origin-when-cross-origin\" sandbox=\"allow-scripts allow-same-origin allow-presentation allow-popups allow-popups-to-escape-sandbox\" scrolling=\"no\" src=\"https:\/\/www.youtube-nocookie.com\/embed\/LW5nE46expA?feature=oembed&#038;iv_load_policy=3&#038;modestbranding=1&#038;rel=0&#038;autohide=1&#038;playsinline=0&#038;autoplay=0&#038;enablejsapi=1\" title=\"Bokashi (EN)\" width=\"0\"><\/iframe><\/p><\/div>\n<\/p><\/div>\n<p>\t<script type=\"application\/ld+json\">{\"@context\":\"http:\\\/\\\/schema.org\\\/\",\"@id\":\"https:\\\/\\\/rodoaed.ee\\\/fi\\\/tuote\\\/bokashi-kompostori-start-up-bakteerit-tavaraa-tulossa-uutena-vuonna\\\/#arve-youtube-lw5ne46expa\",\"type\":\"VideoObject\",\"embedURL\":\"https:\\\/\\\/www.youtube-nocookie.com\\\/embed\\\/LW5nE46expA?feature=oembed&iv_load_policy=3&modestbranding=1&rel=0&autohide=1&playsinline=0&autoplay=0&enablejsapi=1\",\"name\":\"Bokashi (EN)\",\"thumbnailUrl\":\"https:\\\/\\\/i.ytimg.com\\\/vi\\\/LW5nE46expA\\\/hqdefault.jpg\",\"uploadDate\":\"2026-04-20T19:02:13+03:00\",\"author\":\"Urbalive by Plastia\",\"description\":\"Bokashi-kompostori on nopea ja k\\u00e4tev\\u00e4 tapa muuttaa biologinen keitti\\u00f6j\\u00e4te k\\u00e4ytt\\u00f6kelpoiseksi kompostiksi. Bokashi-kompostori on uusi, k\\u00e4tev\\u00e4 kompostori sis\\u00e4tiloissa. Kompostori bioj\\u00e4tteen kompostointiin uudella muotoilulla ja kierr\\u00e4tysmateriaalilla. Bokash-kompostori on erityisesti sis\\u00e4k\\u00e4ytt\\u00f6\\u00f6n suunn\"}<\/script><\/p>\n<\/div>\n<p><a href=\"https:\/\/rodoaed.ee\/fi\/\">kotisivu<\/a> <a href=\"https:\/\/rodoaed.ee\/tootekategooria\/kasvuhooned-ja-talveaiad\/\">k\u00e4ynnist\u00e4<\/a> <a href=\"https:\/\/rodoaed.ee\/fi\/tootekategooria\/kasvihuoneen-tarvikkeet\/\">tarvikkeet<\/a> <a href=\"https:\/\/rodoaed.ee\/tootekategooria\/kasvihuoneen-tarvikkeet\/kasvuhoone-tarvikud\/\">tarvikkeet<\/a><\/p>\n<div>\n<div><\/div>\n<\/div>\n","protected":false},"excerpt":{"rendered":"<p>Bokashi-kompostori on nopea ja k\u00e4tev\u00e4 tapa muuttaa biologinen keitti\u00f6j\u00e4te k\u00e4ytt\u00f6kelpoiseksi kompostiksi. Bokashi-kompostori on uusi, k\u00e4tev\u00e4 kompostori sis\u00e4tiloissa. Kompostori bioj\u00e4tteen kompostointiin uudella muotoilulla ja kierr\u00e4tysmateriaalilla. Bokash-kompostori on erityisesti sis\u00e4k\u00e4ytt\u00f6\u00f6n suunniteltu ratkaisu. Bokashi-kompostori k\u00e4ytt\u00e4\u00e4 k\u00e4ymisbakteereja keitti\u00f6ss\u00e4 j\u00e4ljelle j\u00e4\u00e4neiden ruokaj\u00e4tteiden muuttamiseen kompostiksi. Lopputuloksena on kunnon komposti, ja sivutuotteena syntyv\u00e4 neste on eritt\u00e4in k\u00e4ytt\u00f6kelpoinen kasvien kasteluun, lannoittamiseen ja lehtien ruiskuttamiseen. Toisin kuin tavanomaisessa kompostoinnissa, kompostointi tapahtuu ilman p\u00e4\u00e4sy\u00e4 ilmaan&#8230;.<\/p>\n","protected":false},"featured_media":47142,"template":"","meta":{"_acf_changed":false},"product_brand":[],"product_cat":[1791,1752],"product_tag":[],"class_list":{"0":"post-52975","1":"product","2":"type-product","3":"status-publish","4":"has-post-thumbnail","6":"product_cat-kompostorit","7":"product_cat-puutarha-ja-piha","8":"product_shipping_class-toimitus-1-3-tyopaivan-kuluessa","9":"pa_variatsioon-kasvatussailio-16l2l-jossa-on-vesisailio-ja-kehys","11":"first","12":"instock","13":"sale","14":"featured","15":"taxable","16":"shipping-taxable","17":"purchasable","18":"product-type-simple"},"acf":[],"yoast_head":"<!-- This site is optimized with the Yoast SEO Premium plugin v27.3 (Yoast SEO v27.3) - https:\/\/yoast.com\/product\/yoast-seo-premium-wordpress\/ -->\n<title>Bokashi kompostori + start-up bakteerit- tavaraa tulossa uutena vuonna - Rodoaed<\/title>\n<meta name=\"description\" content=\"Bokashi-kompostori on nopea ja k\u00e4tev\u00e4 tapa muuttaa biologinen keitti\u00f6j\u00e4te k\u00e4ytt\u00f6kelpoiseksi kompostiksi. Bokashi-kompostori on eritt\u00e4in k\u00e4yt\u00e4nn\u00f6llinen ratkaisu.\" \/>\n<meta name=\"robots\" content=\"index, follow, max-snippet:-1, max-image-preview:large, max-video-preview:-1\" \/>\n<link rel=\"canonical\" href=\"https:\/\/rodoaed.ee\/fi\/toode\/bokashi-kompostori-start-up-bakteerit-tavaraa-tulossa-uutena-vuonna\/\" \/>\n<meta property=\"og:locale\" content=\"fi_FI\" \/>\n<meta property=\"og:type\" content=\"article\" \/>\n<meta property=\"og:title\" content=\"Bokashi kompostori + start-up bakteerit- tavaraa tulossa uutena vuonna\" \/>\n<meta property=\"og:description\" content=\"Bokashi-kompostori on nopea ja k\u00e4tev\u00e4 tapa muuttaa biologinen keitti\u00f6j\u00e4te k\u00e4ytt\u00f6kelpoiseksi kompostiksi. Bokashi-kompostori on uusi, k\u00e4tev\u00e4 kompostori\" \/>\n<meta property=\"og:url\" content=\"https:\/\/rodoaed.ee\/fi\/toode\/bokashi-kompostori-start-up-bakteerit-tavaraa-tulossa-uutena-vuonna\/\" \/>\n<meta property=\"og:site_name\" content=\"Rodoaed\" \/>\n<meta property=\"article:publisher\" content=\"https:\/\/www.facebook.com\/kasvuhooned\/\" \/>\n<meta property=\"article:modified_time\" content=\"2026-04-13T07:58:08+00:00\" \/>\n<meta property=\"og:image\" content=\"https:\/\/rodoaed.ee\/wp-content\/uploads\/2023\/03\/Bokashi-komposter_1.jpg\" \/>\n\t<meta property=\"og:image:width\" content=\"1442\" \/>\n\t<meta property=\"og:image:height\" content=\"1371\" \/>\n\t<meta property=\"og:image:type\" content=\"image\/jpeg\" \/>\n<meta name=\"twitter:card\" content=\"summary_large_image\" \/>\n<meta name=\"twitter:label1\" content=\"Arvioitu lukuaika\" \/>\n\t<meta name=\"twitter:data1\" content=\"1 minuutti\" \/>\n<script type=\"application\/ld+json\" class=\"yoast-schema-graph\">{\"@context\":\"https:\\\/\\\/schema.org\",\"@graph\":[{\"@type\":\"WebPage\",\"@id\":\"https:\\\/\\\/rodoaed.ee\\\/fi\\\/toode\\\/bokashi-kompostori-start-up-bakteerit-tavaraa-tulossa-uutena-vuonna\\\/\",\"url\":\"https:\\\/\\\/rodoaed.ee\\\/fi\\\/toode\\\/bokashi-kompostori-start-up-bakteerit-tavaraa-tulossa-uutena-vuonna\\\/\",\"name\":\"Bokashi kompostori + start-up bakteerit- tavaraa tulossa uutena vuonna - Rodoaed\",\"isPartOf\":{\"@id\":\"https:\\\/\\\/rodoaed.ee\\\/#website\"},\"primaryImageOfPage\":{\"@id\":\"https:\\\/\\\/rodoaed.ee\\\/fi\\\/toode\\\/bokashi-kompostori-start-up-bakteerit-tavaraa-tulossa-uutena-vuonna\\\/#primaryimage\"},\"image\":{\"@id\":\"https:\\\/\\\/rodoaed.ee\\\/fi\\\/toode\\\/bokashi-kompostori-start-up-bakteerit-tavaraa-tulossa-uutena-vuonna\\\/#primaryimage\"},\"thumbnailUrl\":\"https:\\\/\\\/rodoaed.ee\\\/wp-content\\\/uploads\\\/2023\\\/03\\\/Bokashi-komposter_1.jpg\",\"datePublished\":\"2023-03-02T17:55:40+00:00\",\"dateModified\":\"2026-04-13T07:58:08+00:00\",\"description\":\"Bokashi-kompostori on nopea ja k\u00e4tev\u00e4 tapa muuttaa biologinen keitti\u00f6j\u00e4te k\u00e4ytt\u00f6kelpoiseksi kompostiksi. Bokashi-kompostori on eritt\u00e4in k\u00e4yt\u00e4nn\u00f6llinen ratkaisu.\",\"breadcrumb\":{\"@id\":\"https:\\\/\\\/rodoaed.ee\\\/fi\\\/toode\\\/bokashi-kompostori-start-up-bakteerit-tavaraa-tulossa-uutena-vuonna\\\/#breadcrumb\"},\"inLanguage\":\"fi\",\"potentialAction\":[{\"@type\":\"ReadAction\",\"target\":[\"https:\\\/\\\/rodoaed.ee\\\/fi\\\/toode\\\/bokashi-kompostori-start-up-bakteerit-tavaraa-tulossa-uutena-vuonna\\\/\"]}]},{\"@type\":\"ImageObject\",\"inLanguage\":\"fi\",\"@id\":\"https:\\\/\\\/rodoaed.ee\\\/fi\\\/toode\\\/bokashi-kompostori-start-up-bakteerit-tavaraa-tulossa-uutena-vuonna\\\/#primaryimage\",\"url\":\"https:\\\/\\\/rodoaed.ee\\\/wp-content\\\/uploads\\\/2023\\\/03\\\/Bokashi-komposter_1.jpg\",\"contentUrl\":\"https:\\\/\\\/rodoaed.ee\\\/wp-content\\\/uploads\\\/2023\\\/03\\\/Bokashi-komposter_1.jpg\",\"width\":1442,\"height\":1371},{\"@type\":\"BreadcrumbList\",\"@id\":\"https:\\\/\\\/rodoaed.ee\\\/fi\\\/toode\\\/bokashi-kompostori-start-up-bakteerit-tavaraa-tulossa-uutena-vuonna\\\/#breadcrumb\",\"itemListElement\":[{\"@type\":\"ListItem\",\"position\":1,\"name\":\"Home\",\"item\":\"https:\\\/\\\/rodoaed.ee\\\/fi\\\/\"},{\"@type\":\"ListItem\",\"position\":2,\"name\":\"Osta osoitteessa\",\"item\":\"https:\\\/\\\/rodoaed.ee\\\/osta-osoitteessa\\\/\"},{\"@type\":\"ListItem\",\"position\":3,\"name\":\"Bokashi kompostori + start-up bakteerit- tavaraa tulossa uutena vuonna\"}]},{\"@type\":\"WebSite\",\"@id\":\"https:\\\/\\\/rodoaed.ee\\\/#website\",\"url\":\"https:\\\/\\\/rodoaed.ee\\\/\",\"name\":\"Rodoaed\",\"description\":\"\",\"publisher\":{\"@id\":\"https:\\\/\\\/rodoaed.ee\\\/#organization\"},\"potentialAction\":[{\"@type\":\"SearchAction\",\"target\":{\"@type\":\"EntryPoint\",\"urlTemplate\":\"https:\\\/\\\/rodoaed.ee\\\/?s={search_term_string}\"},\"query-input\":{\"@type\":\"PropertyValueSpecification\",\"valueRequired\":true,\"valueName\":\"search_term_string\"}}],\"inLanguage\":\"fi\"},{\"@type\":\"Organization\",\"@id\":\"https:\\\/\\\/rodoaed.ee\\\/#organization\",\"name\":\"Rodoaed\",\"url\":\"https:\\\/\\\/rodoaed.ee\\\/\",\"logo\":{\"@type\":\"ImageObject\",\"inLanguage\":\"fi\",\"@id\":\"https:\\\/\\\/rodoaed.ee\\\/#\\\/schema\\\/logo\\\/image\\\/\",\"url\":\"https:\\\/\\\/rodoaed.ee\\\/wp-content\\\/uploads\\\/2019\\\/11\\\/rodoaed-logo-ilma-taustata.jpg\",\"contentUrl\":\"https:\\\/\\\/rodoaed.ee\\\/wp-content\\\/uploads\\\/2019\\\/11\\\/rodoaed-logo-ilma-taustata.jpg\",\"width\":769,\"height\":268,\"caption\":\"Rodoaed\"},\"image\":{\"@id\":\"https:\\\/\\\/rodoaed.ee\\\/#\\\/schema\\\/logo\\\/image\\\/\"},\"sameAs\":[\"https:\\\/\\\/www.facebook.com\\\/kasvuhooned\\\/\",\"https:\\\/\\\/rodoaed.ee\"]}]}<\/script>\n<!-- \/ Yoast SEO Premium plugin. -->","yoast_head_json":{"title":"Bokashi kompostori + start-up bakteerit- tavaraa tulossa uutena vuonna - Rodoaed","description":"Bokashi-kompostori on nopea ja k\u00e4tev\u00e4 tapa muuttaa biologinen keitti\u00f6j\u00e4te k\u00e4ytt\u00f6kelpoiseksi kompostiksi. Bokashi-kompostori on eritt\u00e4in k\u00e4yt\u00e4nn\u00f6llinen ratkaisu.","robots":{"index":"index","follow":"follow","max-snippet":"max-snippet:-1","max-image-preview":"max-image-preview:large","max-video-preview":"max-video-preview:-1"},"canonical":"https:\/\/rodoaed.ee\/fi\/toode\/bokashi-kompostori-start-up-bakteerit-tavaraa-tulossa-uutena-vuonna\/","og_locale":"fi_FI","og_type":"article","og_title":"Bokashi kompostori + start-up bakteerit- tavaraa tulossa uutena vuonna","og_description":"Bokashi-kompostori on nopea ja k\u00e4tev\u00e4 tapa muuttaa biologinen keitti\u00f6j\u00e4te k\u00e4ytt\u00f6kelpoiseksi kompostiksi. Bokashi-kompostori on uusi, k\u00e4tev\u00e4 kompostori","og_url":"https:\/\/rodoaed.ee\/fi\/toode\/bokashi-kompostori-start-up-bakteerit-tavaraa-tulossa-uutena-vuonna\/","og_site_name":"Rodoaed","article_publisher":"https:\/\/www.facebook.com\/kasvuhooned\/","article_modified_time":"2026-04-13T07:58:08+00:00","og_image":[{"width":1442,"height":1371,"url":"https:\/\/rodoaed.ee\/wp-content\/uploads\/2023\/03\/Bokashi-komposter_1.jpg","type":"image\/jpeg"}],"twitter_card":"summary_large_image","twitter_misc":{"Arvioitu lukuaika":"1 minuutti"},"schema":{"@context":"https:\/\/schema.org","@graph":[{"@type":"WebPage","@id":"https:\/\/rodoaed.ee\/fi\/toode\/bokashi-kompostori-start-up-bakteerit-tavaraa-tulossa-uutena-vuonna\/","url":"https:\/\/rodoaed.ee\/fi\/toode\/bokashi-kompostori-start-up-bakteerit-tavaraa-tulossa-uutena-vuonna\/","name":"Bokashi kompostori + start-up bakteerit- tavaraa tulossa uutena vuonna - Rodoaed","isPartOf":{"@id":"https:\/\/rodoaed.ee\/#website"},"primaryImageOfPage":{"@id":"https:\/\/rodoaed.ee\/fi\/toode\/bokashi-kompostori-start-up-bakteerit-tavaraa-tulossa-uutena-vuonna\/#primaryimage"},"image":{"@id":"https:\/\/rodoaed.ee\/fi\/toode\/bokashi-kompostori-start-up-bakteerit-tavaraa-tulossa-uutena-vuonna\/#primaryimage"},"thumbnailUrl":"https:\/\/rodoaed.ee\/wp-content\/uploads\/2023\/03\/Bokashi-komposter_1.jpg","datePublished":"2023-03-02T17:55:40+00:00","dateModified":"2026-04-13T07:58:08+00:00","description":"Bokashi-kompostori on nopea ja k\u00e4tev\u00e4 tapa muuttaa biologinen keitti\u00f6j\u00e4te k\u00e4ytt\u00f6kelpoiseksi kompostiksi. Bokashi-kompostori on eritt\u00e4in k\u00e4yt\u00e4nn\u00f6llinen ratkaisu.","breadcrumb":{"@id":"https:\/\/rodoaed.ee\/fi\/toode\/bokashi-kompostori-start-up-bakteerit-tavaraa-tulossa-uutena-vuonna\/#breadcrumb"},"inLanguage":"fi","potentialAction":[{"@type":"ReadAction","target":["https:\/\/rodoaed.ee\/fi\/toode\/bokashi-kompostori-start-up-bakteerit-tavaraa-tulossa-uutena-vuonna\/"]}]},{"@type":"ImageObject","inLanguage":"fi","@id":"https:\/\/rodoaed.ee\/fi\/toode\/bokashi-kompostori-start-up-bakteerit-tavaraa-tulossa-uutena-vuonna\/#primaryimage","url":"https:\/\/rodoaed.ee\/wp-content\/uploads\/2023\/03\/Bokashi-komposter_1.jpg","contentUrl":"https:\/\/rodoaed.ee\/wp-content\/uploads\/2023\/03\/Bokashi-komposter_1.jpg","width":1442,"height":1371},{"@type":"BreadcrumbList","@id":"https:\/\/rodoaed.ee\/fi\/toode\/bokashi-kompostori-start-up-bakteerit-tavaraa-tulossa-uutena-vuonna\/#breadcrumb","itemListElement":[{"@type":"ListItem","position":1,"name":"Home","item":"https:\/\/rodoaed.ee\/fi\/"},{"@type":"ListItem","position":2,"name":"Osta osoitteessa","item":"https:\/\/rodoaed.ee\/osta-osoitteessa\/"},{"@type":"ListItem","position":3,"name":"Bokashi kompostori + start-up bakteerit- tavaraa tulossa uutena vuonna"}]},{"@type":"WebSite","@id":"https:\/\/rodoaed.ee\/#website","url":"https:\/\/rodoaed.ee\/","name":"Rodoaed","description":"","publisher":{"@id":"https:\/\/rodoaed.ee\/#organization"},"potentialAction":[{"@type":"SearchAction","target":{"@type":"EntryPoint","urlTemplate":"https:\/\/rodoaed.ee\/?s={search_term_string}"},"query-input":{"@type":"PropertyValueSpecification","valueRequired":true,"valueName":"search_term_string"}}],"inLanguage":"fi"},{"@type":"Organization","@id":"https:\/\/rodoaed.ee\/#organization","name":"Rodoaed","url":"https:\/\/rodoaed.ee\/","logo":{"@type":"ImageObject","inLanguage":"fi","@id":"https:\/\/rodoaed.ee\/#\/schema\/logo\/image\/","url":"https:\/\/rodoaed.ee\/wp-content\/uploads\/2019\/11\/rodoaed-logo-ilma-taustata.jpg","contentUrl":"https:\/\/rodoaed.ee\/wp-content\/uploads\/2019\/11\/rodoaed-logo-ilma-taustata.jpg","width":769,"height":268,"caption":"Rodoaed"},"image":{"@id":"https:\/\/rodoaed.ee\/#\/schema\/logo\/image\/"},"sameAs":["https:\/\/www.facebook.com\/kasvuhooned\/","https:\/\/rodoaed.ee"]}]}},"_links":{"self":[{"href":"https:\/\/rodoaed.ee\/fi\/wp-json\/wp\/v2\/product\/52975","targetHints":{"allow":["GET"]}}],"collection":[{"href":"https:\/\/rodoaed.ee\/fi\/wp-json\/wp\/v2\/product"}],"about":[{"href":"https:\/\/rodoaed.ee\/fi\/wp-json\/wp\/v2\/types\/product"}],"wp:featuredmedia":[{"embeddable":true,"href":"https:\/\/rodoaed.ee\/fi\/wp-json\/wp\/v2\/media\/47142"}],"wp:attachment":[{"href":"https:\/\/rodoaed.ee\/fi\/wp-json\/wp\/v2\/media?parent=52975"}],"wp:term":[{"taxonomy":"product_brand","embeddable":true,"href":"https:\/\/rodoaed.ee\/fi\/wp-json\/wp\/v2\/product_brand?post=52975"},{"taxonomy":"product_cat","embeddable":true,"href":"https:\/\/rodoaed.ee\/fi\/wp-json\/wp\/v2\/product_cat?post=52975"},{"taxonomy":"product_tag","embeddable":true,"href":"https:\/\/rodoaed.ee\/fi\/wp-json\/wp\/v2\/product_tag?post=52975"}],"curies":[{"name":"wp","href":"https:\/\/api.w.org\/{rel}","templated":true}]}}