{"id":52976,"date":"2023-05-10T10:50:28","date_gmt":"2023-05-10T07:50:28","guid":{"rendered":"https:\/\/rodoaed.ee\/toode\/kukkasiemenseos-hyonteisten-paratiisi-130g\/"},"modified":"2026-04-13T10:58:12","modified_gmt":"2026-04-13T07:58:12","slug":"kukkasiemenseos-hyonteisten-paratiisi-130g","status":"publish","type":"product","link":"https:\/\/rodoaed.ee\/fi\/tuote\/kukkasiemenseos-hyonteisten-paratiisi-130g\/","title":{"rendered":"Kukkasiemenseos &#8221;Hy\u00f6nteisten paratiisi&#8221; 130g"},"content":{"rendered":"<h3>Kukkasiemenseos &#8221;Hy\u00f6nteisten paratiisi&#8221;<\/h3>\n<p>Kukkasiemenseos &#8221;Insect&#8217;s Paradise&#8221; ammattilaatuinen sekoitus yksivuotisia ja monivuotisia siemeni\u00e4. Houkuttelee hy\u00f6nteisi\u00e4 ja mehil\u00e4isi\u00e4. Insect&#8217;s Paradise on puolikova, hyvin kukkiva siemenseos, joka on ravinnonl\u00e4hde monille hy\u00f6nteisille ja houkuttelee siten my\u00f6s muita el\u00e4imi\u00e4, kuten siilej\u00e4 ja lintuja, puutarhaan.  <\/p>\n<p>Koska monet luonnonniityt ovat kadonneet tai ne on muutettu viljelysmaaksi, niityist\u00e4 riippuvaisia perhosia, kimalaisia ja lintuja on paljon v\u00e4hemm\u00e4n kuin vuosikymmen sitten. Kylv\u00e4 muutama luonnonkukka puutarhapenkkiin tai vaikka nurmikolle. Houkuttelet puutarhaan paljon erilaisia perhosia, kimalaisia ja lintuja. Lis\u00e4\u00e4t my\u00f6s puutarhasi yleist\u00e4 el\u00e4vyytt\u00e4.   <\/p>\n<p><strong>K\u00e4ytt\u00e4j\u00e4n k\u00e4sikirja<\/strong><\/p>\n<p>Kylv\u00e4 huhti-toukokuussa aurinkoiselle paikalle humus- ja ravinteikkaaseen maahan, joka on hyvin vett\u00e4 l\u00e4p\u00e4isev\u00e4\u00e4. Poista liian tihe\u00e4t kasvit kev\u00e4\u00e4ll\u00e4 taimettumisen j\u00e4lkeen, jotta yksitt\u00e4iset kasvit voivat kehitty\u00e4 paremmin. Leikkaa alue niitt\u00e4m\u00e4ll\u00e4, kun seos on kukkinut t\u00e4ydellisesti my\u00f6h\u00e4\u00e4n syksyll\u00e4. Ennen niittoa poista siemenet kukkivista kasveista ja ripottele ne maahan. Kaikki t\u00e4m\u00e4 on edellytys rehev\u00e4lle kukinnalle tulevina vuosina. Korkeus 50-80 cm. Ammattilaissarjan valinta. 130 g riitt\u00e4\u00e4 30 m\u00b2:n kylv\u00f6\u00f6n.       <\/p>\n<p><strong>Kylv\u00f6m\u00e4\u00e4r\u00e4<\/strong> <strong>130 g = 30 m\u00b2.<\/strong><\/p>\n<p><strong>Paino:<\/strong> 130 g<\/p>\n<div class=\"woocommerce-product-details__short-description\">\n<div class=\"woocommerce-product-details__short-description\">\n<p>&nbsp;<\/p>\n<\/div>\n<\/div>\n","protected":false},"excerpt":{"rendered":"<p>Kukkasiemenseos &#8221;Hy\u00f6nteisten paratiisi&#8221; Kukkasiemenseos &#8221;Insect&#8217;s Paradise&#8221; ammattilaatuinen sekoitus yksivuotisia ja monivuotisia siemeni\u00e4. Houkuttelee hy\u00f6nteisi\u00e4 ja mehil\u00e4isi\u00e4. Insect&#8217;s Paradise on puolikova, hyvin kukkiva siemenseos, joka on ravinnonl\u00e4hde monille hy\u00f6nteisille ja houkuttelee siten my\u00f6s muita el\u00e4imi\u00e4, kuten siilej\u00e4 ja lintuja, puutarhaan. Koska monet luonnonniityt ovat kadonneet tai ne on muutettu viljelysmaaksi, niityist\u00e4 riippuvaisia perhosia, kimalaisia ja lintuja on paljon v\u00e4hemm\u00e4n kuin vuosikymmen sitten. Kylv\u00e4 muutama luonnonkukka puutarhapenkkiin&#8230;<\/p>\n","protected":false},"featured_media":44942,"template":"","meta":{"_acf_changed":false},"product_brand":[],"product_cat":[1854,1880,1753,1882,1884],"product_tag":[],"class_list":{"0":"post-52976","1":"product","2":"type-product","3":"status-publish","4":"has-post-thumbnail","6":"product_cat-hyonteishotellit","7":"product_cat-lahjat-luonnonystavalle","8":"product_cat-siemenet","9":"product_cat-sudenkorennon-talot-ja-ateriat","10":"product_cat-villielainpuutarhat","11":"product_shipping_class-toimitus-1-3-tyopaivan-kuluessa","12":"pa_variatsioon-puinen-traktori","14":"first","15":"instock","16":"sale","17":"taxable","18":"shipping-taxable","19":"purchasable","20":"product-type-simple"},"acf":[],"yoast_head":"<!-- This site is optimized with the Yoast SEO Premium plugin v27.3 (Yoast SEO v27.3) - https:\/\/yoast.com\/product\/yoast-seo-premium-wordpress\/ -->\n<title>Kukkasiemenseos &quot;Hy\u00f6nteisten paratiisi&quot; 130g - Rodoaed<\/title>\n<meta name=\"robots\" content=\"index, follow, max-snippet:-1, max-image-preview:large, max-video-preview:-1\" \/>\n<link rel=\"canonical\" href=\"https:\/\/rodoaed.ee\/fi\/toode\/kukkasiemenseos-hyonteisten-paratiisi-130g\/\" \/>\n<meta property=\"og:locale\" content=\"fi_FI\" \/>\n<meta property=\"og:type\" content=\"article\" \/>\n<meta property=\"og:title\" content=\"Kukkasiemenseos &quot;Hy\u00f6nteisten paratiisi&quot; 130g\" \/>\n<meta property=\"og:description\" content=\"Kukkasiemenseos &quot;Hy\u00f6nteisten paratiisi&quot; Kukkasiemenseos &quot;Insect&#039;s Paradise&quot; ammattilaatuinen sekoitus yksivuotisia ja monivuotisia siemeni\u00e4. Houkuttelee\" \/>\n<meta property=\"og:url\" content=\"https:\/\/rodoaed.ee\/fi\/toode\/kukkasiemenseos-hyonteisten-paratiisi-130g\/\" \/>\n<meta property=\"og:site_name\" content=\"Rodoaed\" \/>\n<meta property=\"article:publisher\" content=\"https:\/\/www.facebook.com\/kasvuhooned\/\" \/>\n<meta property=\"article:modified_time\" content=\"2026-04-13T07:58:12+00:00\" \/>\n<meta property=\"og:image\" content=\"https:\/\/rodoaed.ee\/wp-content\/uploads\/2023\/05\/Lilleseemnesegu_Putukate-paradiis.jpeg\" \/>\n\t<meta property=\"og:image:width\" content=\"720\" \/>\n\t<meta property=\"og:image:height\" content=\"1080\" \/>\n\t<meta property=\"og:image:type\" content=\"image\/jpeg\" \/>\n<meta name=\"twitter:card\" content=\"summary_large_image\" \/>\n<meta name=\"twitter:label1\" content=\"Arvioitu lukuaika\" \/>\n\t<meta name=\"twitter:data1\" content=\"1 minuutti\" \/>\n<script type=\"application\/ld+json\" class=\"yoast-schema-graph\">{\"@context\":\"https:\\\/\\\/schema.org\",\"@graph\":[{\"@type\":\"WebPage\",\"@id\":\"https:\\\/\\\/rodoaed.ee\\\/fi\\\/toode\\\/kukkasiemenseos-hyonteisten-paratiisi-130g\\\/\",\"url\":\"https:\\\/\\\/rodoaed.ee\\\/fi\\\/toode\\\/kukkasiemenseos-hyonteisten-paratiisi-130g\\\/\",\"name\":\"Kukkasiemenseos \\\"Hy\u00f6nteisten paratiisi\\\" 130g - Rodoaed\",\"isPartOf\":{\"@id\":\"https:\\\/\\\/rodoaed.ee\\\/#website\"},\"primaryImageOfPage\":{\"@id\":\"https:\\\/\\\/rodoaed.ee\\\/fi\\\/toode\\\/kukkasiemenseos-hyonteisten-paratiisi-130g\\\/#primaryimage\"},\"image\":{\"@id\":\"https:\\\/\\\/rodoaed.ee\\\/fi\\\/toode\\\/kukkasiemenseos-hyonteisten-paratiisi-130g\\\/#primaryimage\"},\"thumbnailUrl\":\"https:\\\/\\\/rodoaed.ee\\\/wp-content\\\/uploads\\\/2023\\\/05\\\/Lilleseemnesegu_Putukate-paradiis.jpeg\",\"datePublished\":\"2023-05-10T07:50:28+00:00\",\"dateModified\":\"2026-04-13T07:58:12+00:00\",\"breadcrumb\":{\"@id\":\"https:\\\/\\\/rodoaed.ee\\\/fi\\\/toode\\\/kukkasiemenseos-hyonteisten-paratiisi-130g\\\/#breadcrumb\"},\"inLanguage\":\"fi\",\"potentialAction\":[{\"@type\":\"ReadAction\",\"target\":[\"https:\\\/\\\/rodoaed.ee\\\/fi\\\/toode\\\/kukkasiemenseos-hyonteisten-paratiisi-130g\\\/\"]}]},{\"@type\":\"ImageObject\",\"inLanguage\":\"fi\",\"@id\":\"https:\\\/\\\/rodoaed.ee\\\/fi\\\/toode\\\/kukkasiemenseos-hyonteisten-paratiisi-130g\\\/#primaryimage\",\"url\":\"https:\\\/\\\/rodoaed.ee\\\/wp-content\\\/uploads\\\/2023\\\/05\\\/Lilleseemnesegu_Putukate-paradiis.jpeg\",\"contentUrl\":\"https:\\\/\\\/rodoaed.ee\\\/wp-content\\\/uploads\\\/2023\\\/05\\\/Lilleseemnesegu_Putukate-paradiis.jpeg\",\"width\":720,\"height\":1080},{\"@type\":\"BreadcrumbList\",\"@id\":\"https:\\\/\\\/rodoaed.ee\\\/fi\\\/toode\\\/kukkasiemenseos-hyonteisten-paratiisi-130g\\\/#breadcrumb\",\"itemListElement\":[{\"@type\":\"ListItem\",\"position\":1,\"name\":\"Home\",\"item\":\"https:\\\/\\\/rodoaed.ee\\\/fi\\\/\"},{\"@type\":\"ListItem\",\"position\":2,\"name\":\"Osta osoitteessa\",\"item\":\"https:\\\/\\\/rodoaed.ee\\\/osta-osoitteessa\\\/\"},{\"@type\":\"ListItem\",\"position\":3,\"name\":\"Kukkasiemenseos &#8220;Hy\u00f6nteisten paratiisi&#8221; 130g\"}]},{\"@type\":\"WebSite\",\"@id\":\"https:\\\/\\\/rodoaed.ee\\\/#website\",\"url\":\"https:\\\/\\\/rodoaed.ee\\\/\",\"name\":\"Rodoaed\",\"description\":\"\",\"publisher\":{\"@id\":\"https:\\\/\\\/rodoaed.ee\\\/#organization\"},\"potentialAction\":[{\"@type\":\"SearchAction\",\"target\":{\"@type\":\"EntryPoint\",\"urlTemplate\":\"https:\\\/\\\/rodoaed.ee\\\/?s={search_term_string}\"},\"query-input\":{\"@type\":\"PropertyValueSpecification\",\"valueRequired\":true,\"valueName\":\"search_term_string\"}}],\"inLanguage\":\"fi\"},{\"@type\":\"Organization\",\"@id\":\"https:\\\/\\\/rodoaed.ee\\\/#organization\",\"name\":\"Rodoaed\",\"url\":\"https:\\\/\\\/rodoaed.ee\\\/\",\"logo\":{\"@type\":\"ImageObject\",\"inLanguage\":\"fi\",\"@id\":\"https:\\\/\\\/rodoaed.ee\\\/#\\\/schema\\\/logo\\\/image\\\/\",\"url\":\"https:\\\/\\\/rodoaed.ee\\\/wp-content\\\/uploads\\\/2019\\\/11\\\/rodoaed-logo-ilma-taustata.jpg\",\"contentUrl\":\"https:\\\/\\\/rodoaed.ee\\\/wp-content\\\/uploads\\\/2019\\\/11\\\/rodoaed-logo-ilma-taustata.jpg\",\"width\":769,\"height\":268,\"caption\":\"Rodoaed\"},\"image\":{\"@id\":\"https:\\\/\\\/rodoaed.ee\\\/#\\\/schema\\\/logo\\\/image\\\/\"},\"sameAs\":[\"https:\\\/\\\/www.facebook.com\\\/kasvuhooned\\\/\",\"https:\\\/\\\/rodoaed.ee\"]}]}<\/script>\n<!-- \/ Yoast SEO Premium plugin. -->","yoast_head_json":{"title":"Kukkasiemenseos \"Hy\u00f6nteisten paratiisi\" 130g - Rodoaed","robots":{"index":"index","follow":"follow","max-snippet":"max-snippet:-1","max-image-preview":"max-image-preview:large","max-video-preview":"max-video-preview:-1"},"canonical":"https:\/\/rodoaed.ee\/fi\/toode\/kukkasiemenseos-hyonteisten-paratiisi-130g\/","og_locale":"fi_FI","og_type":"article","og_title":"Kukkasiemenseos \"Hy\u00f6nteisten paratiisi\" 130g","og_description":"Kukkasiemenseos \"Hy\u00f6nteisten paratiisi\" Kukkasiemenseos \"Insect's Paradise\" ammattilaatuinen sekoitus yksivuotisia ja monivuotisia siemeni\u00e4. Houkuttelee","og_url":"https:\/\/rodoaed.ee\/fi\/toode\/kukkasiemenseos-hyonteisten-paratiisi-130g\/","og_site_name":"Rodoaed","article_publisher":"https:\/\/www.facebook.com\/kasvuhooned\/","article_modified_time":"2026-04-13T07:58:12+00:00","og_image":[{"width":720,"height":1080,"url":"https:\/\/rodoaed.ee\/wp-content\/uploads\/2023\/05\/Lilleseemnesegu_Putukate-paradiis.jpeg","type":"image\/jpeg"}],"twitter_card":"summary_large_image","twitter_misc":{"Arvioitu lukuaika":"1 minuutti"},"schema":{"@context":"https:\/\/schema.org","@graph":[{"@type":"WebPage","@id":"https:\/\/rodoaed.ee\/fi\/toode\/kukkasiemenseos-hyonteisten-paratiisi-130g\/","url":"https:\/\/rodoaed.ee\/fi\/toode\/kukkasiemenseos-hyonteisten-paratiisi-130g\/","name":"Kukkasiemenseos \"Hy\u00f6nteisten paratiisi\" 130g - Rodoaed","isPartOf":{"@id":"https:\/\/rodoaed.ee\/#website"},"primaryImageOfPage":{"@id":"https:\/\/rodoaed.ee\/fi\/toode\/kukkasiemenseos-hyonteisten-paratiisi-130g\/#primaryimage"},"image":{"@id":"https:\/\/rodoaed.ee\/fi\/toode\/kukkasiemenseos-hyonteisten-paratiisi-130g\/#primaryimage"},"thumbnailUrl":"https:\/\/rodoaed.ee\/wp-content\/uploads\/2023\/05\/Lilleseemnesegu_Putukate-paradiis.jpeg","datePublished":"2023-05-10T07:50:28+00:00","dateModified":"2026-04-13T07:58:12+00:00","breadcrumb":{"@id":"https:\/\/rodoaed.ee\/fi\/toode\/kukkasiemenseos-hyonteisten-paratiisi-130g\/#breadcrumb"},"inLanguage":"fi","potentialAction":[{"@type":"ReadAction","target":["https:\/\/rodoaed.ee\/fi\/toode\/kukkasiemenseos-hyonteisten-paratiisi-130g\/"]}]},{"@type":"ImageObject","inLanguage":"fi","@id":"https:\/\/rodoaed.ee\/fi\/toode\/kukkasiemenseos-hyonteisten-paratiisi-130g\/#primaryimage","url":"https:\/\/rodoaed.ee\/wp-content\/uploads\/2023\/05\/Lilleseemnesegu_Putukate-paradiis.jpeg","contentUrl":"https:\/\/rodoaed.ee\/wp-content\/uploads\/2023\/05\/Lilleseemnesegu_Putukate-paradiis.jpeg","width":720,"height":1080},{"@type":"BreadcrumbList","@id":"https:\/\/rodoaed.ee\/fi\/toode\/kukkasiemenseos-hyonteisten-paratiisi-130g\/#breadcrumb","itemListElement":[{"@type":"ListItem","position":1,"name":"Home","item":"https:\/\/rodoaed.ee\/fi\/"},{"@type":"ListItem","position":2,"name":"Osta osoitteessa","item":"https:\/\/rodoaed.ee\/osta-osoitteessa\/"},{"@type":"ListItem","position":3,"name":"Kukkasiemenseos &#8220;Hy\u00f6nteisten paratiisi&#8221; 130g"}]},{"@type":"WebSite","@id":"https:\/\/rodoaed.ee\/#website","url":"https:\/\/rodoaed.ee\/","name":"Rodoaed","description":"","publisher":{"@id":"https:\/\/rodoaed.ee\/#organization"},"potentialAction":[{"@type":"SearchAction","target":{"@type":"EntryPoint","urlTemplate":"https:\/\/rodoaed.ee\/?s={search_term_string}"},"query-input":{"@type":"PropertyValueSpecification","valueRequired":true,"valueName":"search_term_string"}}],"inLanguage":"fi"},{"@type":"Organization","@id":"https:\/\/rodoaed.ee\/#organization","name":"Rodoaed","url":"https:\/\/rodoaed.ee\/","logo":{"@type":"ImageObject","inLanguage":"fi","@id":"https:\/\/rodoaed.ee\/#\/schema\/logo\/image\/","url":"https:\/\/rodoaed.ee\/wp-content\/uploads\/2019\/11\/rodoaed-logo-ilma-taustata.jpg","contentUrl":"https:\/\/rodoaed.ee\/wp-content\/uploads\/2019\/11\/rodoaed-logo-ilma-taustata.jpg","width":769,"height":268,"caption":"Rodoaed"},"image":{"@id":"https:\/\/rodoaed.ee\/#\/schema\/logo\/image\/"},"sameAs":["https:\/\/www.facebook.com\/kasvuhooned\/","https:\/\/rodoaed.ee"]}]}},"_links":{"self":[{"href":"https:\/\/rodoaed.ee\/fi\/wp-json\/wp\/v2\/product\/52976","targetHints":{"allow":["GET"]}}],"collection":[{"href":"https:\/\/rodoaed.ee\/fi\/wp-json\/wp\/v2\/product"}],"about":[{"href":"https:\/\/rodoaed.ee\/fi\/wp-json\/wp\/v2\/types\/product"}],"wp:featuredmedia":[{"embeddable":true,"href":"https:\/\/rodoaed.ee\/fi\/wp-json\/wp\/v2\/media\/44942"}],"wp:attachment":[{"href":"https:\/\/rodoaed.ee\/fi\/wp-json\/wp\/v2\/media?parent=52976"}],"wp:term":[{"taxonomy":"product_brand","embeddable":true,"href":"https:\/\/rodoaed.ee\/fi\/wp-json\/wp\/v2\/product_brand?post=52976"},{"taxonomy":"product_cat","embeddable":true,"href":"https:\/\/rodoaed.ee\/fi\/wp-json\/wp\/v2\/product_cat?post=52976"},{"taxonomy":"product_tag","embeddable":true,"href":"https:\/\/rodoaed.ee\/fi\/wp-json\/wp\/v2\/product_tag?post=52976"}],"curies":[{"name":"wp","href":"https:\/\/api.w.org\/{rel}","templated":true}]}}