{"id":52977,"date":"2023-05-10T11:18:28","date_gmt":"2023-05-10T08:18:28","guid":{"rendered":"https:\/\/rodoaed.ee\/toode\/puna-apila-300g\/"},"modified":"2026-04-13T10:58:12","modified_gmt":"2026-04-13T07:58:12","slug":"puna-apila-300g","status":"publish","type":"product","link":"https:\/\/rodoaed.ee\/fi\/tuote\/puna-apila-300g\/","title":{"rendered":"Puna-apila 300g"},"content":{"rendered":"<h2>Puna-apilan siemenet<\/h2>\n<p>Puna-apila on yleinen viherlannoituskasvi, joka muodostaa suuren juurimassan ja siet\u00e4\u00e4 peittokasveja hyvin. Se on eritt\u00e4in hyv\u00e4 maanparannusaine, sill\u00e4 kasvin juurissa olevat mykobakteerit sitovat ilmakeh\u00e4n typpe\u00e4 ja rikastuttavat siten maaper\u00e4\u00e4 typell\u00e4. T\u00e4st\u00e4 syyst\u00e4 apila kylvet\u00e4\u00e4n usein pellon ensimm\u00e4iseksi viljelykasviksi.  <\/p>\n<p>Kotipuutarhassa ja niityll\u00e4 puna-apila on kimalaisille ja mehil\u00e4isille mieluisin metafora. Jos muistat, lapsena juuri puna-apilan kukista imettiin makeaa hunajaa. <\/p>\n<p><strong>K\u00e4ytt\u00e4j\u00e4n k\u00e4sikirja<\/strong><\/p>\n<p>Paras kylv\u00f6aika on aikaisin kev\u00e4\u00e4ll\u00e4, loppukes\u00e4ll\u00e4 tai alkusyksyll\u00e4.<\/p>\n<p>Kasvaa hyvin useimmilla mailla, mutta maaper\u00e4n pohjakerroksen on oltava hyvin l\u00e4p\u00e4isev\u00e4.<\/p>\n<p><strong>Kylv\u00f6m\u00e4\u00e4r\u00e4: 300 g = 250 m\u00b2<\/strong><\/p>\n<p><strong>Paino:<\/strong> 300g<\/p>\n<div class=\"icon-link icon-link--left font-weight-normal mt-4\">\n<div class=\"woocommerce-product-details__short-description\">\n<div class=\"woocommerce-product-details__short-description\">\n<p>&nbsp;<\/p>\n<\/div>\n<\/div>\n<\/div>\n","protected":false},"excerpt":{"rendered":"<p>Puna-apilan siemenet Puna-apila on yleinen viherlannoituskasvi, joka muodostaa suuren juurimassan ja siet\u00e4\u00e4 peittokasveja hyvin. Se on eritt\u00e4in hyv\u00e4 maanparannusaine, sill\u00e4 kasvin juurissa olevat mykobakteerit sitovat ilmakeh\u00e4n typpe\u00e4 ja rikastuttavat siten maaper\u00e4\u00e4 typell\u00e4. T\u00e4st\u00e4 syyst\u00e4 apila kylvet\u00e4\u00e4n usein pellon ensimm\u00e4iseksi viljelykasviksi. Kotipuutarhassa ja niityll\u00e4 puna-apila on kimalaisille ja mehil\u00e4isille mieluisin metafora. Jos muistat, lapsena juuri puna-apilan kukista imettiin makeaa hunajaa. K\u00e4ytt\u00e4j\u00e4n k\u00e4sikirja Paras kylv\u00f6aika on aikaisin&#8230;<\/p>\n","protected":false},"featured_media":47412,"template":"","meta":{"_acf_changed":false},"product_brand":[],"product_cat":[1753,1884],"product_tag":[],"class_list":{"0":"post-52977","1":"product","2":"type-product","3":"status-publish","4":"has-post-thumbnail","6":"product_cat-siemenet","7":"product_cat-villielainpuutarhat","8":"product_shipping_class-toimitus-1-3-tyopaivan-kuluessa","9":"pa_variatsioon-puinen-traktori","11":"first","12":"onbackorder","13":"taxable","14":"shipping-taxable","15":"purchasable","16":"product-type-simple"},"acf":[],"yoast_head":"<!-- This site is optimized with the Yoast SEO Premium plugin v27.3 (Yoast SEO v27.3) - https:\/\/yoast.com\/product\/yoast-seo-premium-wordpress\/ -->\n<title>Puna-apila 300g - Rodoaed<\/title>\n<meta name=\"robots\" content=\"index, follow, max-snippet:-1, max-image-preview:large, max-video-preview:-1\" \/>\n<link rel=\"canonical\" href=\"https:\/\/rodoaed.ee\/fi\/toode\/puna-apila-300g\/\" \/>\n<meta property=\"og:locale\" content=\"fi_FI\" \/>\n<meta property=\"og:type\" content=\"article\" \/>\n<meta property=\"og:title\" content=\"Puna-apila 300g\" \/>\n<meta property=\"og:description\" content=\"Puna-apilan siemenet Puna-apila on yleinen viherlannoituskasvi, joka muodostaa suuren juurimassan ja siet\u00e4\u00e4 peittokasveja hyvin. Se on eritt\u00e4in hyv\u00e4\" \/>\n<meta property=\"og:url\" content=\"https:\/\/rodoaed.ee\/fi\/toode\/puna-apila-300g\/\" \/>\n<meta property=\"og:site_name\" content=\"Rodoaed\" \/>\n<meta property=\"article:publisher\" content=\"https:\/\/www.facebook.com\/kasvuhooned\/\" \/>\n<meta property=\"article:modified_time\" content=\"2026-04-13T07:58:12+00:00\" \/>\n<meta property=\"og:image\" content=\"https:\/\/rodoaed.ee\/wp-content\/uploads\/2023\/05\/punane-ristik_2.jpeg\" \/>\n\t<meta property=\"og:image:width\" content=\"720\" \/>\n\t<meta property=\"og:image:height\" content=\"1080\" \/>\n\t<meta property=\"og:image:type\" content=\"image\/jpeg\" \/>\n<meta name=\"twitter:card\" content=\"summary_large_image\" \/>\n<meta name=\"twitter:label1\" content=\"Arvioitu lukuaika\" \/>\n\t<meta name=\"twitter:data1\" content=\"1 minuutti\" \/>\n<script type=\"application\/ld+json\" class=\"yoast-schema-graph\">{\"@context\":\"https:\\\/\\\/schema.org\",\"@graph\":[{\"@type\":\"WebPage\",\"@id\":\"https:\\\/\\\/rodoaed.ee\\\/fi\\\/toode\\\/puna-apila-300g\\\/\",\"url\":\"https:\\\/\\\/rodoaed.ee\\\/fi\\\/toode\\\/puna-apila-300g\\\/\",\"name\":\"Puna-apila 300g - Rodoaed\",\"isPartOf\":{\"@id\":\"https:\\\/\\\/rodoaed.ee\\\/#website\"},\"primaryImageOfPage\":{\"@id\":\"https:\\\/\\\/rodoaed.ee\\\/fi\\\/toode\\\/puna-apila-300g\\\/#primaryimage\"},\"image\":{\"@id\":\"https:\\\/\\\/rodoaed.ee\\\/fi\\\/toode\\\/puna-apila-300g\\\/#primaryimage\"},\"thumbnailUrl\":\"https:\\\/\\\/rodoaed.ee\\\/wp-content\\\/uploads\\\/2023\\\/05\\\/punane-ristik_2.jpeg\",\"datePublished\":\"2023-05-10T08:18:28+00:00\",\"dateModified\":\"2026-04-13T07:58:12+00:00\",\"breadcrumb\":{\"@id\":\"https:\\\/\\\/rodoaed.ee\\\/fi\\\/toode\\\/puna-apila-300g\\\/#breadcrumb\"},\"inLanguage\":\"fi\",\"potentialAction\":[{\"@type\":\"ReadAction\",\"target\":[\"https:\\\/\\\/rodoaed.ee\\\/fi\\\/toode\\\/puna-apila-300g\\\/\"]}]},{\"@type\":\"ImageObject\",\"inLanguage\":\"fi\",\"@id\":\"https:\\\/\\\/rodoaed.ee\\\/fi\\\/toode\\\/puna-apila-300g\\\/#primaryimage\",\"url\":\"https:\\\/\\\/rodoaed.ee\\\/wp-content\\\/uploads\\\/2023\\\/05\\\/punane-ristik_2.jpeg\",\"contentUrl\":\"https:\\\/\\\/rodoaed.ee\\\/wp-content\\\/uploads\\\/2023\\\/05\\\/punane-ristik_2.jpeg\",\"width\":720,\"height\":1080},{\"@type\":\"BreadcrumbList\",\"@id\":\"https:\\\/\\\/rodoaed.ee\\\/fi\\\/toode\\\/puna-apila-300g\\\/#breadcrumb\",\"itemListElement\":[{\"@type\":\"ListItem\",\"position\":1,\"name\":\"Home\",\"item\":\"https:\\\/\\\/rodoaed.ee\\\/fi\\\/\"},{\"@type\":\"ListItem\",\"position\":2,\"name\":\"Osta osoitteessa\",\"item\":\"https:\\\/\\\/rodoaed.ee\\\/osta-osoitteessa\\\/\"},{\"@type\":\"ListItem\",\"position\":3,\"name\":\"Puna-apila 300g\"}]},{\"@type\":\"WebSite\",\"@id\":\"https:\\\/\\\/rodoaed.ee\\\/#website\",\"url\":\"https:\\\/\\\/rodoaed.ee\\\/\",\"name\":\"Rodoaed\",\"description\":\"\",\"publisher\":{\"@id\":\"https:\\\/\\\/rodoaed.ee\\\/#organization\"},\"potentialAction\":[{\"@type\":\"SearchAction\",\"target\":{\"@type\":\"EntryPoint\",\"urlTemplate\":\"https:\\\/\\\/rodoaed.ee\\\/?s={search_term_string}\"},\"query-input\":{\"@type\":\"PropertyValueSpecification\",\"valueRequired\":true,\"valueName\":\"search_term_string\"}}],\"inLanguage\":\"fi\"},{\"@type\":\"Organization\",\"@id\":\"https:\\\/\\\/rodoaed.ee\\\/#organization\",\"name\":\"Rodoaed\",\"url\":\"https:\\\/\\\/rodoaed.ee\\\/\",\"logo\":{\"@type\":\"ImageObject\",\"inLanguage\":\"fi\",\"@id\":\"https:\\\/\\\/rodoaed.ee\\\/#\\\/schema\\\/logo\\\/image\\\/\",\"url\":\"https:\\\/\\\/rodoaed.ee\\\/wp-content\\\/uploads\\\/2019\\\/11\\\/rodoaed-logo-ilma-taustata.jpg\",\"contentUrl\":\"https:\\\/\\\/rodoaed.ee\\\/wp-content\\\/uploads\\\/2019\\\/11\\\/rodoaed-logo-ilma-taustata.jpg\",\"width\":769,\"height\":268,\"caption\":\"Rodoaed\"},\"image\":{\"@id\":\"https:\\\/\\\/rodoaed.ee\\\/#\\\/schema\\\/logo\\\/image\\\/\"},\"sameAs\":[\"https:\\\/\\\/www.facebook.com\\\/kasvuhooned\\\/\",\"https:\\\/\\\/rodoaed.ee\"]}]}<\/script>\n<!-- \/ Yoast SEO Premium plugin. -->","yoast_head_json":{"title":"Puna-apila 300g - Rodoaed","robots":{"index":"index","follow":"follow","max-snippet":"max-snippet:-1","max-image-preview":"max-image-preview:large","max-video-preview":"max-video-preview:-1"},"canonical":"https:\/\/rodoaed.ee\/fi\/toode\/puna-apila-300g\/","og_locale":"fi_FI","og_type":"article","og_title":"Puna-apila 300g","og_description":"Puna-apilan siemenet Puna-apila on yleinen viherlannoituskasvi, joka muodostaa suuren juurimassan ja siet\u00e4\u00e4 peittokasveja hyvin. Se on eritt\u00e4in hyv\u00e4","og_url":"https:\/\/rodoaed.ee\/fi\/toode\/puna-apila-300g\/","og_site_name":"Rodoaed","article_publisher":"https:\/\/www.facebook.com\/kasvuhooned\/","article_modified_time":"2026-04-13T07:58:12+00:00","og_image":[{"width":720,"height":1080,"url":"https:\/\/rodoaed.ee\/wp-content\/uploads\/2023\/05\/punane-ristik_2.jpeg","type":"image\/jpeg"}],"twitter_card":"summary_large_image","twitter_misc":{"Arvioitu lukuaika":"1 minuutti"},"schema":{"@context":"https:\/\/schema.org","@graph":[{"@type":"WebPage","@id":"https:\/\/rodoaed.ee\/fi\/toode\/puna-apila-300g\/","url":"https:\/\/rodoaed.ee\/fi\/toode\/puna-apila-300g\/","name":"Puna-apila 300g - Rodoaed","isPartOf":{"@id":"https:\/\/rodoaed.ee\/#website"},"primaryImageOfPage":{"@id":"https:\/\/rodoaed.ee\/fi\/toode\/puna-apila-300g\/#primaryimage"},"image":{"@id":"https:\/\/rodoaed.ee\/fi\/toode\/puna-apila-300g\/#primaryimage"},"thumbnailUrl":"https:\/\/rodoaed.ee\/wp-content\/uploads\/2023\/05\/punane-ristik_2.jpeg","datePublished":"2023-05-10T08:18:28+00:00","dateModified":"2026-04-13T07:58:12+00:00","breadcrumb":{"@id":"https:\/\/rodoaed.ee\/fi\/toode\/puna-apila-300g\/#breadcrumb"},"inLanguage":"fi","potentialAction":[{"@type":"ReadAction","target":["https:\/\/rodoaed.ee\/fi\/toode\/puna-apila-300g\/"]}]},{"@type":"ImageObject","inLanguage":"fi","@id":"https:\/\/rodoaed.ee\/fi\/toode\/puna-apila-300g\/#primaryimage","url":"https:\/\/rodoaed.ee\/wp-content\/uploads\/2023\/05\/punane-ristik_2.jpeg","contentUrl":"https:\/\/rodoaed.ee\/wp-content\/uploads\/2023\/05\/punane-ristik_2.jpeg","width":720,"height":1080},{"@type":"BreadcrumbList","@id":"https:\/\/rodoaed.ee\/fi\/toode\/puna-apila-300g\/#breadcrumb","itemListElement":[{"@type":"ListItem","position":1,"name":"Home","item":"https:\/\/rodoaed.ee\/fi\/"},{"@type":"ListItem","position":2,"name":"Osta osoitteessa","item":"https:\/\/rodoaed.ee\/osta-osoitteessa\/"},{"@type":"ListItem","position":3,"name":"Puna-apila 300g"}]},{"@type":"WebSite","@id":"https:\/\/rodoaed.ee\/#website","url":"https:\/\/rodoaed.ee\/","name":"Rodoaed","description":"","publisher":{"@id":"https:\/\/rodoaed.ee\/#organization"},"potentialAction":[{"@type":"SearchAction","target":{"@type":"EntryPoint","urlTemplate":"https:\/\/rodoaed.ee\/?s={search_term_string}"},"query-input":{"@type":"PropertyValueSpecification","valueRequired":true,"valueName":"search_term_string"}}],"inLanguage":"fi"},{"@type":"Organization","@id":"https:\/\/rodoaed.ee\/#organization","name":"Rodoaed","url":"https:\/\/rodoaed.ee\/","logo":{"@type":"ImageObject","inLanguage":"fi","@id":"https:\/\/rodoaed.ee\/#\/schema\/logo\/image\/","url":"https:\/\/rodoaed.ee\/wp-content\/uploads\/2019\/11\/rodoaed-logo-ilma-taustata.jpg","contentUrl":"https:\/\/rodoaed.ee\/wp-content\/uploads\/2019\/11\/rodoaed-logo-ilma-taustata.jpg","width":769,"height":268,"caption":"Rodoaed"},"image":{"@id":"https:\/\/rodoaed.ee\/#\/schema\/logo\/image\/"},"sameAs":["https:\/\/www.facebook.com\/kasvuhooned\/","https:\/\/rodoaed.ee"]}]}},"_links":{"self":[{"href":"https:\/\/rodoaed.ee\/fi\/wp-json\/wp\/v2\/product\/52977","targetHints":{"allow":["GET"]}}],"collection":[{"href":"https:\/\/rodoaed.ee\/fi\/wp-json\/wp\/v2\/product"}],"about":[{"href":"https:\/\/rodoaed.ee\/fi\/wp-json\/wp\/v2\/types\/product"}],"wp:featuredmedia":[{"embeddable":true,"href":"https:\/\/rodoaed.ee\/fi\/wp-json\/wp\/v2\/media\/47412"}],"wp:attachment":[{"href":"https:\/\/rodoaed.ee\/fi\/wp-json\/wp\/v2\/media?parent=52977"}],"wp:term":[{"taxonomy":"product_brand","embeddable":true,"href":"https:\/\/rodoaed.ee\/fi\/wp-json\/wp\/v2\/product_brand?post=52977"},{"taxonomy":"product_cat","embeddable":true,"href":"https:\/\/rodoaed.ee\/fi\/wp-json\/wp\/v2\/product_cat?post=52977"},{"taxonomy":"product_tag","embeddable":true,"href":"https:\/\/rodoaed.ee\/fi\/wp-json\/wp\/v2\/product_tag?post=52977"}],"curies":[{"name":"wp","href":"https:\/\/api.w.org\/{rel}","templated":true}]}}