{"id":52978,"date":"2023-05-10T10:58:37","date_gmt":"2023-05-10T07:58:37","guid":{"rendered":"https:\/\/rodoaed.ee\/toode\/kukkasiemenseos-wild-nature-100g\/"},"modified":"2026-04-13T10:58:12","modified_gmt":"2026-04-13T07:58:12","slug":"kukkasiemenseos-wild-nature-100g","status":"publish","type":"product","link":"https:\/\/rodoaed.ee\/fi\/tuote\/kukkasiemenseos-wild-nature-100g\/","title":{"rendered":"Kukkasiemenseos &#8221;Wild Nature&#8221; 100g"},"content":{"rendered":"<h3 class=\"product_title entry-title\">Kukkasiemenseos &#8221;Wild Nature&#8221;<\/h3>\n<p>Sekoitus yksivuotisia ja monivuotisia niittykukkia. Korkeus jopa 120 cm. Houkuttelee mehil\u00e4isi\u00e4 ja hy\u00f6dyllisi\u00e4 hy\u00f6nteisi\u00e4.  <\/p>\n<p>Koska monet luonnonniityt ovat kadonneet tai ne on muutettu viljelysmaaksi, niityist\u00e4 riippuvaisia perhosia, kimalaisia ja lintuja on paljon v\u00e4hemm\u00e4n kuin vuosikymmen sitten. Kylv\u00e4 muutama luonnonkukka puutarhapenkkiin tai vaikka nurmikolle. Houkuttelet puutarhaan paljon erilaisia perhosia, kimalaisia ja lintuja. Lis\u00e4\u00e4t my\u00f6s puutarhasi yleist\u00e4 el\u00e4vyytt\u00e4.   <\/p>\n<p><strong>K\u00e4ytt\u00e4j\u00e4n k\u00e4sikirja<\/strong><\/p>\n<p>Yksivuotiset ja monivuotiset puolikovat kukat sopivat hyvin luonnonkukkapuutarhoihin. V\u00e4rikk\u00e4it\u00e4 kukkapenkkej\u00e4 on ilo katsella l\u00e4pi kes\u00e4n ja seuraavaan vuoteen. Hy\u00f6tyhy\u00f6nteiset, kuten mehil\u00e4iset, kimalaiset ja perhoset, rakastavat niittykukkien siitep\u00f6ly\u00e4 ja mett\u00e4.  <\/p>\n<p>Kukkasiemenseos sopii kosteille, aurinkoisille tai puolivarjoisille kasvupaikoille. Valmistele kylv\u00f6alusta huolellisesti ja kylv\u00e4 seos tasaisesti pintaan. Kylv\u00e4 1-2 cm:n syvyyteen maahan. Tiivist\u00e4 maa ja pid\u00e4 pinta kosteana. Siemenet it\u00e4v\u00e4t eri tahtiin. Suojaa kylv\u00f6pinta linnuilta. Parhaiden tulosten saavuttamiseksi noudata pakkauksessa suositeltua kylv\u00f6m\u00e4\u00e4r\u00e4\u00e4. Poista liian tihe\u00e4t kasvit kev\u00e4\u00e4ll\u00e4 it\u00e4misen j\u00e4lkeen, jotta yksitt\u00e4iset kasvit voivat kehitty\u00e4 paremmin. Yksi paketti riitt\u00e4\u00e4 100 m\u00b2:n peitt\u00e4miseen. It\u00e4misaika 14-21 p\u00e4iv\u00e4\u00e4 v\u00e4hint\u00e4\u00e4n 12 \u00b0C:ssa.         <\/p>\n<p><strong>Kylv\u00f6m\u00e4\u00e4r\u00e4<\/strong> <strong>100 g = 100 m\u00b2.<\/strong><\/p>\n<p><strong>Paino:<\/strong> 100 g<\/p>\n<div class=\"woocommerce-product-details__short-description\">\n<div class=\"woocommerce-product-details__short-description\">\n<p>&nbsp;<\/p>\n<\/div>\n<\/div>\n","protected":false},"excerpt":{"rendered":"<p>Kukkasiemenseos &#8221;Wild Nature&#8221; Sekoitus yksivuotisia ja monivuotisia niittykukkia. Korkeus jopa 120 cm. Houkuttelee mehil\u00e4isi\u00e4 ja hy\u00f6dyllisi\u00e4 hy\u00f6nteisi\u00e4. Koska monet luonnonniityt ovat kadonneet tai ne on muutettu viljelysmaaksi, niityist\u00e4 riippuvaisia perhosia, kimalaisia ja lintuja on paljon v\u00e4hemm\u00e4n kuin vuosikymmen sitten. Kylv\u00e4 muutama luonnonkukka puutarhapenkkiin tai vaikka nurmikolle. Houkuttelet puutarhaan paljon erilaisia perhosia, kimalaisia ja lintuja. Lis\u00e4\u00e4t my\u00f6s puutarhasi yleist\u00e4 el\u00e4vyytt\u00e4. K\u00e4ytt\u00e4j\u00e4n k\u00e4sikirja Yksivuotiset ja monivuotiset puolikovat&#8230;<\/p>\n","protected":false},"featured_media":44946,"template":"","meta":{"_acf_changed":false},"product_brand":[],"product_cat":[1854,1753,1882,1884],"product_tag":[],"class_list":{"0":"post-52978","1":"product","2":"type-product","3":"status-publish","4":"has-post-thumbnail","6":"product_cat-hyonteishotellit","7":"product_cat-siemenet","8":"product_cat-sudenkorennon-talot-ja-ateriat","9":"product_cat-villielainpuutarhat","10":"product_shipping_class-toimitus-1-3-tyopaivan-kuluessa","11":"pa_variatsioon-puinen-traktori","13":"first","14":"onbackorder","15":"sale","16":"taxable","17":"shipping-taxable","18":"purchasable","19":"product-type-simple"},"acf":[],"yoast_head":"<!-- This site is optimized with the Yoast SEO Premium plugin v27.3 (Yoast SEO v27.3) - https:\/\/yoast.com\/product\/yoast-seo-premium-wordpress\/ -->\n<title>Kukkasiemenseos &quot;Wild Nature&quot; 100g - Rodoaed<\/title>\n<meta name=\"robots\" content=\"index, follow, max-snippet:-1, max-image-preview:large, max-video-preview:-1\" \/>\n<link rel=\"canonical\" href=\"https:\/\/rodoaed.ee\/fi\/toode\/kukkasiemenseos-wild-nature-100g\/\" \/>\n<meta property=\"og:locale\" content=\"fi_FI\" \/>\n<meta property=\"og:type\" content=\"article\" \/>\n<meta property=\"og:title\" content=\"Kukkasiemenseos &quot;Wild Nature&quot; 100g\" \/>\n<meta property=\"og:description\" content=\"Kukkasiemenseos &quot;Wild Nature&quot; Sekoitus yksivuotisia ja monivuotisia niittykukkia. Korkeus jopa 120 cm. Houkuttelee mehil\u00e4isi\u00e4 ja hy\u00f6dyllisi\u00e4 hy\u00f6nteisi\u00e4.\" \/>\n<meta property=\"og:url\" content=\"https:\/\/rodoaed.ee\/fi\/toode\/kukkasiemenseos-wild-nature-100g\/\" \/>\n<meta property=\"og:site_name\" content=\"Rodoaed\" \/>\n<meta property=\"article:publisher\" content=\"https:\/\/www.facebook.com\/kasvuhooned\/\" \/>\n<meta property=\"article:modified_time\" content=\"2026-04-13T07:58:12+00:00\" \/>\n<meta property=\"og:image\" content=\"https:\/\/rodoaed.ee\/wp-content\/uploads\/2023\/05\/Lilleseemnesegu_Metsik-loodus.jpeg\" \/>\n\t<meta property=\"og:image:width\" content=\"479\" \/>\n\t<meta property=\"og:image:height\" content=\"908\" \/>\n\t<meta property=\"og:image:type\" content=\"image\/jpeg\" \/>\n<meta name=\"twitter:card\" content=\"summary_large_image\" \/>\n<meta name=\"twitter:label1\" content=\"Arvioitu lukuaika\" \/>\n\t<meta name=\"twitter:data1\" content=\"1 minuutti\" \/>\n<script type=\"application\/ld+json\" class=\"yoast-schema-graph\">{\"@context\":\"https:\\\/\\\/schema.org\",\"@graph\":[{\"@type\":\"WebPage\",\"@id\":\"https:\\\/\\\/rodoaed.ee\\\/fi\\\/toode\\\/kukkasiemenseos-wild-nature-100g\\\/\",\"url\":\"https:\\\/\\\/rodoaed.ee\\\/fi\\\/toode\\\/kukkasiemenseos-wild-nature-100g\\\/\",\"name\":\"Kukkasiemenseos \\\"Wild Nature\\\" 100g - Rodoaed\",\"isPartOf\":{\"@id\":\"https:\\\/\\\/rodoaed.ee\\\/#website\"},\"primaryImageOfPage\":{\"@id\":\"https:\\\/\\\/rodoaed.ee\\\/fi\\\/toode\\\/kukkasiemenseos-wild-nature-100g\\\/#primaryimage\"},\"image\":{\"@id\":\"https:\\\/\\\/rodoaed.ee\\\/fi\\\/toode\\\/kukkasiemenseos-wild-nature-100g\\\/#primaryimage\"},\"thumbnailUrl\":\"https:\\\/\\\/rodoaed.ee\\\/wp-content\\\/uploads\\\/2023\\\/05\\\/Lilleseemnesegu_Metsik-loodus.jpeg\",\"datePublished\":\"2023-05-10T07:58:37+00:00\",\"dateModified\":\"2026-04-13T07:58:12+00:00\",\"breadcrumb\":{\"@id\":\"https:\\\/\\\/rodoaed.ee\\\/fi\\\/toode\\\/kukkasiemenseos-wild-nature-100g\\\/#breadcrumb\"},\"inLanguage\":\"fi\",\"potentialAction\":[{\"@type\":\"ReadAction\",\"target\":[\"https:\\\/\\\/rodoaed.ee\\\/fi\\\/toode\\\/kukkasiemenseos-wild-nature-100g\\\/\"]}]},{\"@type\":\"ImageObject\",\"inLanguage\":\"fi\",\"@id\":\"https:\\\/\\\/rodoaed.ee\\\/fi\\\/toode\\\/kukkasiemenseos-wild-nature-100g\\\/#primaryimage\",\"url\":\"https:\\\/\\\/rodoaed.ee\\\/wp-content\\\/uploads\\\/2023\\\/05\\\/Lilleseemnesegu_Metsik-loodus.jpeg\",\"contentUrl\":\"https:\\\/\\\/rodoaed.ee\\\/wp-content\\\/uploads\\\/2023\\\/05\\\/Lilleseemnesegu_Metsik-loodus.jpeg\",\"width\":479,\"height\":908},{\"@type\":\"BreadcrumbList\",\"@id\":\"https:\\\/\\\/rodoaed.ee\\\/fi\\\/toode\\\/kukkasiemenseos-wild-nature-100g\\\/#breadcrumb\",\"itemListElement\":[{\"@type\":\"ListItem\",\"position\":1,\"name\":\"Home\",\"item\":\"https:\\\/\\\/rodoaed.ee\\\/fi\\\/\"},{\"@type\":\"ListItem\",\"position\":2,\"name\":\"Osta osoitteessa\",\"item\":\"https:\\\/\\\/rodoaed.ee\\\/osta-osoitteessa\\\/\"},{\"@type\":\"ListItem\",\"position\":3,\"name\":\"Kukkasiemenseos &#8220;Wild Nature&#8221; 100g\"}]},{\"@type\":\"WebSite\",\"@id\":\"https:\\\/\\\/rodoaed.ee\\\/#website\",\"url\":\"https:\\\/\\\/rodoaed.ee\\\/\",\"name\":\"Rodoaed\",\"description\":\"\",\"publisher\":{\"@id\":\"https:\\\/\\\/rodoaed.ee\\\/#organization\"},\"potentialAction\":[{\"@type\":\"SearchAction\",\"target\":{\"@type\":\"EntryPoint\",\"urlTemplate\":\"https:\\\/\\\/rodoaed.ee\\\/?s={search_term_string}\"},\"query-input\":{\"@type\":\"PropertyValueSpecification\",\"valueRequired\":true,\"valueName\":\"search_term_string\"}}],\"inLanguage\":\"fi\"},{\"@type\":\"Organization\",\"@id\":\"https:\\\/\\\/rodoaed.ee\\\/#organization\",\"name\":\"Rodoaed\",\"url\":\"https:\\\/\\\/rodoaed.ee\\\/\",\"logo\":{\"@type\":\"ImageObject\",\"inLanguage\":\"fi\",\"@id\":\"https:\\\/\\\/rodoaed.ee\\\/#\\\/schema\\\/logo\\\/image\\\/\",\"url\":\"https:\\\/\\\/rodoaed.ee\\\/wp-content\\\/uploads\\\/2019\\\/11\\\/rodoaed-logo-ilma-taustata.jpg\",\"contentUrl\":\"https:\\\/\\\/rodoaed.ee\\\/wp-content\\\/uploads\\\/2019\\\/11\\\/rodoaed-logo-ilma-taustata.jpg\",\"width\":769,\"height\":268,\"caption\":\"Rodoaed\"},\"image\":{\"@id\":\"https:\\\/\\\/rodoaed.ee\\\/#\\\/schema\\\/logo\\\/image\\\/\"},\"sameAs\":[\"https:\\\/\\\/www.facebook.com\\\/kasvuhooned\\\/\",\"https:\\\/\\\/rodoaed.ee\"]}]}<\/script>\n<!-- \/ Yoast SEO Premium plugin. -->","yoast_head_json":{"title":"Kukkasiemenseos \"Wild Nature\" 100g - Rodoaed","robots":{"index":"index","follow":"follow","max-snippet":"max-snippet:-1","max-image-preview":"max-image-preview:large","max-video-preview":"max-video-preview:-1"},"canonical":"https:\/\/rodoaed.ee\/fi\/toode\/kukkasiemenseos-wild-nature-100g\/","og_locale":"fi_FI","og_type":"article","og_title":"Kukkasiemenseos \"Wild Nature\" 100g","og_description":"Kukkasiemenseos \"Wild Nature\" Sekoitus yksivuotisia ja monivuotisia niittykukkia. Korkeus jopa 120 cm. Houkuttelee mehil\u00e4isi\u00e4 ja hy\u00f6dyllisi\u00e4 hy\u00f6nteisi\u00e4.","og_url":"https:\/\/rodoaed.ee\/fi\/toode\/kukkasiemenseos-wild-nature-100g\/","og_site_name":"Rodoaed","article_publisher":"https:\/\/www.facebook.com\/kasvuhooned\/","article_modified_time":"2026-04-13T07:58:12+00:00","og_image":[{"width":479,"height":908,"url":"https:\/\/rodoaed.ee\/wp-content\/uploads\/2023\/05\/Lilleseemnesegu_Metsik-loodus.jpeg","type":"image\/jpeg"}],"twitter_card":"summary_large_image","twitter_misc":{"Arvioitu lukuaika":"1 minuutti"},"schema":{"@context":"https:\/\/schema.org","@graph":[{"@type":"WebPage","@id":"https:\/\/rodoaed.ee\/fi\/toode\/kukkasiemenseos-wild-nature-100g\/","url":"https:\/\/rodoaed.ee\/fi\/toode\/kukkasiemenseos-wild-nature-100g\/","name":"Kukkasiemenseos \"Wild Nature\" 100g - Rodoaed","isPartOf":{"@id":"https:\/\/rodoaed.ee\/#website"},"primaryImageOfPage":{"@id":"https:\/\/rodoaed.ee\/fi\/toode\/kukkasiemenseos-wild-nature-100g\/#primaryimage"},"image":{"@id":"https:\/\/rodoaed.ee\/fi\/toode\/kukkasiemenseos-wild-nature-100g\/#primaryimage"},"thumbnailUrl":"https:\/\/rodoaed.ee\/wp-content\/uploads\/2023\/05\/Lilleseemnesegu_Metsik-loodus.jpeg","datePublished":"2023-05-10T07:58:37+00:00","dateModified":"2026-04-13T07:58:12+00:00","breadcrumb":{"@id":"https:\/\/rodoaed.ee\/fi\/toode\/kukkasiemenseos-wild-nature-100g\/#breadcrumb"},"inLanguage":"fi","potentialAction":[{"@type":"ReadAction","target":["https:\/\/rodoaed.ee\/fi\/toode\/kukkasiemenseos-wild-nature-100g\/"]}]},{"@type":"ImageObject","inLanguage":"fi","@id":"https:\/\/rodoaed.ee\/fi\/toode\/kukkasiemenseos-wild-nature-100g\/#primaryimage","url":"https:\/\/rodoaed.ee\/wp-content\/uploads\/2023\/05\/Lilleseemnesegu_Metsik-loodus.jpeg","contentUrl":"https:\/\/rodoaed.ee\/wp-content\/uploads\/2023\/05\/Lilleseemnesegu_Metsik-loodus.jpeg","width":479,"height":908},{"@type":"BreadcrumbList","@id":"https:\/\/rodoaed.ee\/fi\/toode\/kukkasiemenseos-wild-nature-100g\/#breadcrumb","itemListElement":[{"@type":"ListItem","position":1,"name":"Home","item":"https:\/\/rodoaed.ee\/fi\/"},{"@type":"ListItem","position":2,"name":"Osta osoitteessa","item":"https:\/\/rodoaed.ee\/osta-osoitteessa\/"},{"@type":"ListItem","position":3,"name":"Kukkasiemenseos &#8220;Wild Nature&#8221; 100g"}]},{"@type":"WebSite","@id":"https:\/\/rodoaed.ee\/#website","url":"https:\/\/rodoaed.ee\/","name":"Rodoaed","description":"","publisher":{"@id":"https:\/\/rodoaed.ee\/#organization"},"potentialAction":[{"@type":"SearchAction","target":{"@type":"EntryPoint","urlTemplate":"https:\/\/rodoaed.ee\/?s={search_term_string}"},"query-input":{"@type":"PropertyValueSpecification","valueRequired":true,"valueName":"search_term_string"}}],"inLanguage":"fi"},{"@type":"Organization","@id":"https:\/\/rodoaed.ee\/#organization","name":"Rodoaed","url":"https:\/\/rodoaed.ee\/","logo":{"@type":"ImageObject","inLanguage":"fi","@id":"https:\/\/rodoaed.ee\/#\/schema\/logo\/image\/","url":"https:\/\/rodoaed.ee\/wp-content\/uploads\/2019\/11\/rodoaed-logo-ilma-taustata.jpg","contentUrl":"https:\/\/rodoaed.ee\/wp-content\/uploads\/2019\/11\/rodoaed-logo-ilma-taustata.jpg","width":769,"height":268,"caption":"Rodoaed"},"image":{"@id":"https:\/\/rodoaed.ee\/#\/schema\/logo\/image\/"},"sameAs":["https:\/\/www.facebook.com\/kasvuhooned\/","https:\/\/rodoaed.ee"]}]}},"_links":{"self":[{"href":"https:\/\/rodoaed.ee\/fi\/wp-json\/wp\/v2\/product\/52978","targetHints":{"allow":["GET"]}}],"collection":[{"href":"https:\/\/rodoaed.ee\/fi\/wp-json\/wp\/v2\/product"}],"about":[{"href":"https:\/\/rodoaed.ee\/fi\/wp-json\/wp\/v2\/types\/product"}],"wp:featuredmedia":[{"embeddable":true,"href":"https:\/\/rodoaed.ee\/fi\/wp-json\/wp\/v2\/media\/44946"}],"wp:attachment":[{"href":"https:\/\/rodoaed.ee\/fi\/wp-json\/wp\/v2\/media?parent=52978"}],"wp:term":[{"taxonomy":"product_brand","embeddable":true,"href":"https:\/\/rodoaed.ee\/fi\/wp-json\/wp\/v2\/product_brand?post=52978"},{"taxonomy":"product_cat","embeddable":true,"href":"https:\/\/rodoaed.ee\/fi\/wp-json\/wp\/v2\/product_cat?post=52978"},{"taxonomy":"product_tag","embeddable":true,"href":"https:\/\/rodoaed.ee\/fi\/wp-json\/wp\/v2\/product_tag?post=52978"}],"curies":[{"name":"wp","href":"https:\/\/api.w.org\/{rel}","templated":true}]}}