{"id":52980,"date":"2023-05-10T11:03:25","date_gmt":"2023-05-10T08:03:25","guid":{"rendered":"https:\/\/rodoaed.ee\/toode\/kukkasiemenseos-flowery-dream-100g\/"},"modified":"2026-04-13T10:58:13","modified_gmt":"2026-04-13T07:58:13","slug":"kukkasiemenseos-flowery-dream-100g","status":"publish","type":"product","link":"https:\/\/rodoaed.ee\/fi\/tuote\/kukkasiemenseos-flowery-dream-100g\/","title":{"rendered":"Kukkasiemenseos &#8221;Flowery dream&#8221; 100g"},"content":{"rendered":"<h3 class=\"product_title entry-title\">Kukkasiemenseos &#8221;Flowery dream&#8221;<\/h3>\n<p>V\u00e4rik\u00e4s kukkiva yksivuotinen lajike, jolla on matalia lajikkeita. Korkeus jopa 60 cm. Houkuttelee mehil\u00e4isi\u00e4 ja hy\u00f6dyllisi\u00e4 hy\u00f6nteisi\u00e4. 100 g kukkasiemeni\u00e4 pakkauksessa.   <\/p>\n<p>Koska monet luonnonniityt ovat kadonneet tai ne on muutettu viljelysmaaksi, niityist\u00e4 riippuvaisia perhosia, kimalaisia ja lintuja on paljon v\u00e4hemm\u00e4n kuin vuosikymmen sitten. Kylv\u00e4 muutama luonnonkukka puutarhapenkkiin tai vaikka nurmikolle. Houkuttelet puutarhaan paljon erilaisia perhosia, kimalaisia ja lintuja. Lis\u00e4\u00e4t my\u00f6s puutarhasi yleist\u00e4 el\u00e4vyytt\u00e4.   <\/p>\n<p><strong>K\u00e4ytt\u00e4j\u00e4n k\u00e4sikirja<\/strong><\/p>\n<p>Pakkaus riitt\u00e4\u00e4 100 m\u00b2:n peitt\u00e4miseen. It\u00e4misaika 14-21 p\u00e4iv\u00e4\u00e4 v\u00e4hint\u00e4\u00e4n 12 \u00b0C:n l\u00e4mp\u00f6tilassa. Kukkasiemenseos sopii kosteille, aurinkoisille tai puolivarjoisille kasvupaikoille. Valmistele kylv\u00f6alusta huolellisesti ja kylv\u00e4 seos tasaisesti pintaan. Haravoi maahan 1-2 cm:n syvyyteen. Tiivist\u00e4 maa ja pid\u00e4 pinta kosteana. Siemenet it\u00e4v\u00e4t eri tahtiin. Suojaa kylv\u00f6pinta linnuilta. Parhaiden tulosten saavuttamiseksi noudata pakkauksessa suositeltua kylv\u00f6m\u00e4\u00e4r\u00e4\u00e4.        <\/p>\n<p><strong>Kylv\u00f6m\u00e4\u00e4r\u00e4<\/strong> <strong>100 g = 100 m\u00b2.<\/strong><\/p>\n<p><strong>Paino:<\/strong> 100 g<\/p>\n<div class=\"woocommerce-product-details__short-description\">\n<div class=\"woocommerce-product-details__short-description\">\n<p>&nbsp;<\/p>\n<\/div>\n<\/div>\n","protected":false},"excerpt":{"rendered":"<p>Kukkasiemenseos &#8221;Flowery dream&#8221; V\u00e4rik\u00e4s kukkiva yksivuotinen lajike, jolla on matalia lajikkeita. Korkeus jopa 60 cm. Houkuttelee mehil\u00e4isi\u00e4 ja hy\u00f6dyllisi\u00e4 hy\u00f6nteisi\u00e4. 100 g kukkasiemeni\u00e4 pakkauksessa. Koska monet luonnonniityt ovat kadonneet tai ne on muutettu viljelysmaaksi, niityist\u00e4 riippuvaisia perhosia, kimalaisia ja lintuja on paljon v\u00e4hemm\u00e4n kuin vuosikymmen sitten. Kylv\u00e4 muutama luonnonkukka puutarhapenkkiin tai vaikka nurmikolle. Houkuttelet puutarhaan paljon erilaisia perhosia, kimalaisia ja lintuja. Lis\u00e4\u00e4t my\u00f6s puutarhasi yleist\u00e4&#8230;<\/p>\n","protected":false},"featured_media":44950,"template":"","meta":{"_acf_changed":false},"product_brand":[],"product_cat":[1854,1753,1882,1884],"product_tag":[],"class_list":{"0":"post-52980","1":"product","2":"type-product","3":"status-publish","4":"has-post-thumbnail","6":"product_cat-hyonteishotellit","7":"product_cat-siemenet","8":"product_cat-sudenkorennon-talot-ja-ateriat","9":"product_cat-villielainpuutarhat","10":"product_shipping_class-toimitus-1-3-tyopaivan-kuluessa","11":"pa_variatsioon-puinen-traktori","13":"first","14":"onbackorder","15":"sale","16":"taxable","17":"shipping-taxable","18":"purchasable","19":"product-type-simple"},"acf":[],"yoast_head":"<!-- This site is optimized with the Yoast SEO Premium plugin v27.3 (Yoast SEO v27.3) - https:\/\/yoast.com\/product\/yoast-seo-premium-wordpress\/ -->\n<title>Kukkasiemenseos &quot;Flowery dream&quot; 100g - Rodoaed<\/title>\n<meta name=\"robots\" content=\"index, follow, max-snippet:-1, max-image-preview:large, max-video-preview:-1\" \/>\n<link rel=\"canonical\" href=\"https:\/\/rodoaed.ee\/fi\/toode\/kukkasiemenseos-flowery-dream-100g\/\" \/>\n<meta property=\"og:locale\" content=\"fi_FI\" \/>\n<meta property=\"og:type\" content=\"article\" \/>\n<meta property=\"og:title\" content=\"Kukkasiemenseos &quot;Flowery dream&quot; 100g\" \/>\n<meta property=\"og:description\" content=\"Kukkasiemenseos &quot;Flowery dream&quot; V\u00e4rik\u00e4s kukkiva yksivuotinen lajike, jolla on matalia lajikkeita. Korkeus jopa 60 cm. Houkuttelee mehil\u00e4isi\u00e4 ja\" \/>\n<meta property=\"og:url\" content=\"https:\/\/rodoaed.ee\/fi\/toode\/kukkasiemenseos-flowery-dream-100g\/\" \/>\n<meta property=\"og:site_name\" content=\"Rodoaed\" \/>\n<meta property=\"article:publisher\" content=\"https:\/\/www.facebook.com\/kasvuhooned\/\" \/>\n<meta property=\"article:modified_time\" content=\"2026-04-13T07:58:13+00:00\" \/>\n<meta property=\"og:image\" content=\"https:\/\/rodoaed.ee\/wp-content\/uploads\/2023\/05\/Lilleseemnesegu_Lilleline-unistus.jpeg\" \/>\n\t<meta property=\"og:image:width\" content=\"587\" \/>\n\t<meta property=\"og:image:height\" content=\"1035\" \/>\n\t<meta property=\"og:image:type\" content=\"image\/jpeg\" \/>\n<meta name=\"twitter:card\" content=\"summary_large_image\" \/>\n<meta name=\"twitter:label1\" content=\"Arvioitu lukuaika\" \/>\n\t<meta name=\"twitter:data1\" content=\"1 minuutti\" \/>\n<script type=\"application\/ld+json\" class=\"yoast-schema-graph\">{\"@context\":\"https:\\\/\\\/schema.org\",\"@graph\":[{\"@type\":\"WebPage\",\"@id\":\"https:\\\/\\\/rodoaed.ee\\\/fi\\\/toode\\\/kukkasiemenseos-flowery-dream-100g\\\/\",\"url\":\"https:\\\/\\\/rodoaed.ee\\\/fi\\\/toode\\\/kukkasiemenseos-flowery-dream-100g\\\/\",\"name\":\"Kukkasiemenseos \\\"Flowery dream\\\" 100g - Rodoaed\",\"isPartOf\":{\"@id\":\"https:\\\/\\\/rodoaed.ee\\\/#website\"},\"primaryImageOfPage\":{\"@id\":\"https:\\\/\\\/rodoaed.ee\\\/fi\\\/toode\\\/kukkasiemenseos-flowery-dream-100g\\\/#primaryimage\"},\"image\":{\"@id\":\"https:\\\/\\\/rodoaed.ee\\\/fi\\\/toode\\\/kukkasiemenseos-flowery-dream-100g\\\/#primaryimage\"},\"thumbnailUrl\":\"https:\\\/\\\/rodoaed.ee\\\/wp-content\\\/uploads\\\/2023\\\/05\\\/Lilleseemnesegu_Lilleline-unistus.jpeg\",\"datePublished\":\"2023-05-10T08:03:25+00:00\",\"dateModified\":\"2026-04-13T07:58:13+00:00\",\"breadcrumb\":{\"@id\":\"https:\\\/\\\/rodoaed.ee\\\/fi\\\/toode\\\/kukkasiemenseos-flowery-dream-100g\\\/#breadcrumb\"},\"inLanguage\":\"fi\",\"potentialAction\":[{\"@type\":\"ReadAction\",\"target\":[\"https:\\\/\\\/rodoaed.ee\\\/fi\\\/toode\\\/kukkasiemenseos-flowery-dream-100g\\\/\"]}]},{\"@type\":\"ImageObject\",\"inLanguage\":\"fi\",\"@id\":\"https:\\\/\\\/rodoaed.ee\\\/fi\\\/toode\\\/kukkasiemenseos-flowery-dream-100g\\\/#primaryimage\",\"url\":\"https:\\\/\\\/rodoaed.ee\\\/wp-content\\\/uploads\\\/2023\\\/05\\\/Lilleseemnesegu_Lilleline-unistus.jpeg\",\"contentUrl\":\"https:\\\/\\\/rodoaed.ee\\\/wp-content\\\/uploads\\\/2023\\\/05\\\/Lilleseemnesegu_Lilleline-unistus.jpeg\",\"width\":587,\"height\":1035},{\"@type\":\"BreadcrumbList\",\"@id\":\"https:\\\/\\\/rodoaed.ee\\\/fi\\\/toode\\\/kukkasiemenseos-flowery-dream-100g\\\/#breadcrumb\",\"itemListElement\":[{\"@type\":\"ListItem\",\"position\":1,\"name\":\"Home\",\"item\":\"https:\\\/\\\/rodoaed.ee\\\/fi\\\/\"},{\"@type\":\"ListItem\",\"position\":2,\"name\":\"Osta osoitteessa\",\"item\":\"https:\\\/\\\/rodoaed.ee\\\/osta-osoitteessa\\\/\"},{\"@type\":\"ListItem\",\"position\":3,\"name\":\"Kukkasiemenseos &#8220;Flowery dream&#8221; 100g\"}]},{\"@type\":\"WebSite\",\"@id\":\"https:\\\/\\\/rodoaed.ee\\\/#website\",\"url\":\"https:\\\/\\\/rodoaed.ee\\\/\",\"name\":\"Rodoaed\",\"description\":\"\",\"publisher\":{\"@id\":\"https:\\\/\\\/rodoaed.ee\\\/#organization\"},\"potentialAction\":[{\"@type\":\"SearchAction\",\"target\":{\"@type\":\"EntryPoint\",\"urlTemplate\":\"https:\\\/\\\/rodoaed.ee\\\/?s={search_term_string}\"},\"query-input\":{\"@type\":\"PropertyValueSpecification\",\"valueRequired\":true,\"valueName\":\"search_term_string\"}}],\"inLanguage\":\"fi\"},{\"@type\":\"Organization\",\"@id\":\"https:\\\/\\\/rodoaed.ee\\\/#organization\",\"name\":\"Rodoaed\",\"url\":\"https:\\\/\\\/rodoaed.ee\\\/\",\"logo\":{\"@type\":\"ImageObject\",\"inLanguage\":\"fi\",\"@id\":\"https:\\\/\\\/rodoaed.ee\\\/#\\\/schema\\\/logo\\\/image\\\/\",\"url\":\"https:\\\/\\\/rodoaed.ee\\\/wp-content\\\/uploads\\\/2019\\\/11\\\/rodoaed-logo-ilma-taustata.jpg\",\"contentUrl\":\"https:\\\/\\\/rodoaed.ee\\\/wp-content\\\/uploads\\\/2019\\\/11\\\/rodoaed-logo-ilma-taustata.jpg\",\"width\":769,\"height\":268,\"caption\":\"Rodoaed\"},\"image\":{\"@id\":\"https:\\\/\\\/rodoaed.ee\\\/#\\\/schema\\\/logo\\\/image\\\/\"},\"sameAs\":[\"https:\\\/\\\/www.facebook.com\\\/kasvuhooned\\\/\",\"https:\\\/\\\/rodoaed.ee\"]}]}<\/script>\n<!-- \/ Yoast SEO Premium plugin. -->","yoast_head_json":{"title":"Kukkasiemenseos \"Flowery dream\" 100g - Rodoaed","robots":{"index":"index","follow":"follow","max-snippet":"max-snippet:-1","max-image-preview":"max-image-preview:large","max-video-preview":"max-video-preview:-1"},"canonical":"https:\/\/rodoaed.ee\/fi\/toode\/kukkasiemenseos-flowery-dream-100g\/","og_locale":"fi_FI","og_type":"article","og_title":"Kukkasiemenseos \"Flowery dream\" 100g","og_description":"Kukkasiemenseos \"Flowery dream\" V\u00e4rik\u00e4s kukkiva yksivuotinen lajike, jolla on matalia lajikkeita. Korkeus jopa 60 cm. Houkuttelee mehil\u00e4isi\u00e4 ja","og_url":"https:\/\/rodoaed.ee\/fi\/toode\/kukkasiemenseos-flowery-dream-100g\/","og_site_name":"Rodoaed","article_publisher":"https:\/\/www.facebook.com\/kasvuhooned\/","article_modified_time":"2026-04-13T07:58:13+00:00","og_image":[{"width":587,"height":1035,"url":"https:\/\/rodoaed.ee\/wp-content\/uploads\/2023\/05\/Lilleseemnesegu_Lilleline-unistus.jpeg","type":"image\/jpeg"}],"twitter_card":"summary_large_image","twitter_misc":{"Arvioitu lukuaika":"1 minuutti"},"schema":{"@context":"https:\/\/schema.org","@graph":[{"@type":"WebPage","@id":"https:\/\/rodoaed.ee\/fi\/toode\/kukkasiemenseos-flowery-dream-100g\/","url":"https:\/\/rodoaed.ee\/fi\/toode\/kukkasiemenseos-flowery-dream-100g\/","name":"Kukkasiemenseos \"Flowery dream\" 100g - Rodoaed","isPartOf":{"@id":"https:\/\/rodoaed.ee\/#website"},"primaryImageOfPage":{"@id":"https:\/\/rodoaed.ee\/fi\/toode\/kukkasiemenseos-flowery-dream-100g\/#primaryimage"},"image":{"@id":"https:\/\/rodoaed.ee\/fi\/toode\/kukkasiemenseos-flowery-dream-100g\/#primaryimage"},"thumbnailUrl":"https:\/\/rodoaed.ee\/wp-content\/uploads\/2023\/05\/Lilleseemnesegu_Lilleline-unistus.jpeg","datePublished":"2023-05-10T08:03:25+00:00","dateModified":"2026-04-13T07:58:13+00:00","breadcrumb":{"@id":"https:\/\/rodoaed.ee\/fi\/toode\/kukkasiemenseos-flowery-dream-100g\/#breadcrumb"},"inLanguage":"fi","potentialAction":[{"@type":"ReadAction","target":["https:\/\/rodoaed.ee\/fi\/toode\/kukkasiemenseos-flowery-dream-100g\/"]}]},{"@type":"ImageObject","inLanguage":"fi","@id":"https:\/\/rodoaed.ee\/fi\/toode\/kukkasiemenseos-flowery-dream-100g\/#primaryimage","url":"https:\/\/rodoaed.ee\/wp-content\/uploads\/2023\/05\/Lilleseemnesegu_Lilleline-unistus.jpeg","contentUrl":"https:\/\/rodoaed.ee\/wp-content\/uploads\/2023\/05\/Lilleseemnesegu_Lilleline-unistus.jpeg","width":587,"height":1035},{"@type":"BreadcrumbList","@id":"https:\/\/rodoaed.ee\/fi\/toode\/kukkasiemenseos-flowery-dream-100g\/#breadcrumb","itemListElement":[{"@type":"ListItem","position":1,"name":"Home","item":"https:\/\/rodoaed.ee\/fi\/"},{"@type":"ListItem","position":2,"name":"Osta osoitteessa","item":"https:\/\/rodoaed.ee\/osta-osoitteessa\/"},{"@type":"ListItem","position":3,"name":"Kukkasiemenseos &#8220;Flowery dream&#8221; 100g"}]},{"@type":"WebSite","@id":"https:\/\/rodoaed.ee\/#website","url":"https:\/\/rodoaed.ee\/","name":"Rodoaed","description":"","publisher":{"@id":"https:\/\/rodoaed.ee\/#organization"},"potentialAction":[{"@type":"SearchAction","target":{"@type":"EntryPoint","urlTemplate":"https:\/\/rodoaed.ee\/?s={search_term_string}"},"query-input":{"@type":"PropertyValueSpecification","valueRequired":true,"valueName":"search_term_string"}}],"inLanguage":"fi"},{"@type":"Organization","@id":"https:\/\/rodoaed.ee\/#organization","name":"Rodoaed","url":"https:\/\/rodoaed.ee\/","logo":{"@type":"ImageObject","inLanguage":"fi","@id":"https:\/\/rodoaed.ee\/#\/schema\/logo\/image\/","url":"https:\/\/rodoaed.ee\/wp-content\/uploads\/2019\/11\/rodoaed-logo-ilma-taustata.jpg","contentUrl":"https:\/\/rodoaed.ee\/wp-content\/uploads\/2019\/11\/rodoaed-logo-ilma-taustata.jpg","width":769,"height":268,"caption":"Rodoaed"},"image":{"@id":"https:\/\/rodoaed.ee\/#\/schema\/logo\/image\/"},"sameAs":["https:\/\/www.facebook.com\/kasvuhooned\/","https:\/\/rodoaed.ee"]}]}},"_links":{"self":[{"href":"https:\/\/rodoaed.ee\/fi\/wp-json\/wp\/v2\/product\/52980","targetHints":{"allow":["GET"]}}],"collection":[{"href":"https:\/\/rodoaed.ee\/fi\/wp-json\/wp\/v2\/product"}],"about":[{"href":"https:\/\/rodoaed.ee\/fi\/wp-json\/wp\/v2\/types\/product"}],"wp:featuredmedia":[{"embeddable":true,"href":"https:\/\/rodoaed.ee\/fi\/wp-json\/wp\/v2\/media\/44950"}],"wp:attachment":[{"href":"https:\/\/rodoaed.ee\/fi\/wp-json\/wp\/v2\/media?parent=52980"}],"wp:term":[{"taxonomy":"product_brand","embeddable":true,"href":"https:\/\/rodoaed.ee\/fi\/wp-json\/wp\/v2\/product_brand?post=52980"},{"taxonomy":"product_cat","embeddable":true,"href":"https:\/\/rodoaed.ee\/fi\/wp-json\/wp\/v2\/product_cat?post=52980"},{"taxonomy":"product_tag","embeddable":true,"href":"https:\/\/rodoaed.ee\/fi\/wp-json\/wp\/v2\/product_tag?post=52980"}],"curies":[{"name":"wp","href":"https:\/\/api.w.org\/{rel}","templated":true}]}}