{"id":52982,"date":"2023-05-10T11:07:00","date_gmt":"2023-05-10T08:07:00","guid":{"rendered":"https:\/\/rodoaed.ee\/toode\/kukkasiemenseos-perhosten-saari-100g\/"},"modified":"2026-04-13T10:58:14","modified_gmt":"2026-04-13T07:58:14","slug":"kukkasiemenseos-perhosten-saari-100g","status":"publish","type":"product","link":"https:\/\/rodoaed.ee\/fi\/tuote\/kukkasiemenseos-perhosten-saari-100g\/","title":{"rendered":"Kukkasiemenseos &#8221;Perhosten saari&#8221; 100g"},"content":{"rendered":"<h3 class=\"product_title entry-title\">Kukkasiemenseos &#8221;Perhosten saari&#8221;<\/h3>\n<p>Yksivuotisten ja monivuotisten kukkien ja yrttien sekoitus &#8217;Island of Butterflies&#8217; kasvaa 100-150 cm korkeaksi. Arvokas elinymp\u00e4rist\u00f6 perhosille. Se sis\u00e4lt\u00e4\u00e4 niittyliljojen lis\u00e4ksi my\u00f6s apilaa ja ruohoja. Runsas kukkaseos houkuttelee monia hy\u00f6dyllisi\u00e4 hy\u00f6nteisi\u00e4, erityisesti perhosia. Kasvit tarjoavat arvokasta suojaa perhosille niiden muninnan aikana ja tarjoavat runsaasti ravintoa kuoriutuville petoel\u00e4imille. V\u00e4rik\u00e4s kukkaparatiisi koko kes\u00e4ksi.     <\/p>\n<p>Koska monet luonnonniityt ovat kadonneet tai ne on muutettu viljelysmaaksi, niityist\u00e4 riippuvaisia perhosia, kimalaisia ja lintuja on paljon v\u00e4hemm\u00e4n kuin vuosikymmen sitten. Kylv\u00e4 muutama luonnonkukka puutarhapenkkiin tai vaikka nurmikolle. Houkuttelet puutarhaan paljon erilaisia perhosia, kimalaisia ja lintuja. Lis\u00e4\u00e4t my\u00f6s puutarhasi yleist\u00e4 el\u00e4vyytt\u00e4.   <\/p>\n<p><strong>K\u00e4ytt\u00e4j\u00e4n k\u00e4sikirja<\/strong><\/p>\n<p>Kylv\u00e4 kukkaseos &#8217;Butterfly Island&#8217; huhti-toukokuussa aurinkoiselle paikalle humus- ja ravinteikkaaseen maahan, jossa on hyv\u00e4 vedenl\u00e4p\u00e4isevyys. Kylv\u00e4 huhti-kes\u00e4kuussa. It\u00e4vyys 14-21 p\u00e4iv\u00e4\u00e4. Kukkii hein\u00e4kuusta lokakuuhun.   <\/p>\n<p>Kukkaseos sopii humus- ja ravinteikkaille, aurinkoisille tai puolivarjoisille kasvupaikoille. Valmistele kylv\u00f6alusta ja kylv\u00e4 seos tasaisesti pintaan. Juurruta 1-2 cm syv\u00e4lle maahan. Tiivist\u00e4 maa ja pid\u00e4 pinta kosteana. Siemenet it\u00e4v\u00e4t eri tahtiin. Suojaa kylv\u00f6alue linnuilta. Parhaan tuloksen saat noudattamalla pakkauksessa suositeltua kylv\u00f6m\u00e4\u00e4r\u00e4\u00e4. 100 g riitt\u00e4\u00e4 100 m\u00b2:n peitt\u00e4miseen.       <\/p>\n<p><strong>Kylv\u00f6m\u00e4\u00e4r\u00e4<\/strong> <strong>100 g = 100 m\u00b2.<\/strong><\/p>\n<p><strong>Paino:<\/strong> 100 g<\/p>\n<div class=\"woocommerce-product-details__short-description\">\n<div class=\"woocommerce-product-details__short-description\">\n<div class=\"woocommerce-product-details__short-description\">\n<p>&nbsp;<\/p>\n<\/div>\n<\/div>\n<\/div>\n","protected":false},"excerpt":{"rendered":"<p>Kukkasiemenseos &#8221;Perhosten saari&#8221; Yksivuotisten ja monivuotisten kukkien ja yrttien sekoitus &#8217;Island of Butterflies&#8217; kasvaa 100-150 cm korkeaksi. Arvokas elinymp\u00e4rist\u00f6 perhosille. Se sis\u00e4lt\u00e4\u00e4 niittyliljojen lis\u00e4ksi my\u00f6s apilaa ja ruohoja. Runsas kukkaseos houkuttelee monia hy\u00f6dyllisi\u00e4 hy\u00f6nteisi\u00e4, erityisesti perhosia. Kasvit tarjoavat arvokasta suojaa perhosille niiden muninnan aikana ja tarjoavat runsaasti ravintoa kuoriutuville petoel\u00e4imille. V\u00e4rik\u00e4s kukkaparatiisi koko kes\u00e4ksi. Koska monet luonnonniityt ovat kadonneet tai ne on muutettu viljelysmaaksi, niityist\u00e4&#8230;<\/p>\n","protected":false},"featured_media":44954,"template":"","meta":{"_acf_changed":false},"product_brand":[],"product_cat":[1854,1753,1882,1884],"product_tag":[],"class_list":{"0":"post-52982","1":"product","2":"type-product","3":"status-publish","4":"has-post-thumbnail","6":"product_cat-hyonteishotellit","7":"product_cat-siemenet","8":"product_cat-sudenkorennon-talot-ja-ateriat","9":"product_cat-villielainpuutarhat","10":"product_shipping_class-toimitus-1-3-tyopaivan-kuluessa","11":"pa_variatsioon-puinen-traktori","13":"first","14":"instock","15":"sale","16":"taxable","17":"shipping-taxable","18":"purchasable","19":"product-type-simple"},"acf":[],"yoast_head":"<!-- This site is optimized with the Yoast SEO Premium plugin v27.3 (Yoast SEO v27.3) - https:\/\/yoast.com\/product\/yoast-seo-premium-wordpress\/ -->\n<title>Kukkasiemenseos &quot;Perhosten saari&quot; 100g - Rodoaed<\/title>\n<meta name=\"robots\" content=\"index, follow, max-snippet:-1, max-image-preview:large, max-video-preview:-1\" \/>\n<link rel=\"canonical\" href=\"https:\/\/rodoaed.ee\/fi\/toode\/kukkasiemenseos-perhosten-saari-100g\/\" \/>\n<meta property=\"og:locale\" content=\"fi_FI\" \/>\n<meta property=\"og:type\" content=\"article\" \/>\n<meta property=\"og:title\" content=\"Kukkasiemenseos &quot;Perhosten saari&quot; 100g\" \/>\n<meta property=\"og:description\" content=\"Kukkasiemenseos &quot;Perhosten saari&quot; Yksivuotisten ja monivuotisten kukkien ja yrttien sekoitus &#039;Island of Butterflies&#039; kasvaa 100-150 cm korkeaksi. Arvokas\" \/>\n<meta property=\"og:url\" content=\"https:\/\/rodoaed.ee\/fi\/toode\/kukkasiemenseos-perhosten-saari-100g\/\" \/>\n<meta property=\"og:site_name\" content=\"Rodoaed\" \/>\n<meta property=\"article:publisher\" content=\"https:\/\/www.facebook.com\/kasvuhooned\/\" \/>\n<meta property=\"article:modified_time\" content=\"2026-04-13T07:58:14+00:00\" \/>\n<meta property=\"og:image\" content=\"https:\/\/rodoaed.ee\/wp-content\/uploads\/2023\/05\/Lilleseemne-segu_Liblikate-saar.jpeg\" \/>\n\t<meta property=\"og:image:width\" content=\"589\" \/>\n\t<meta property=\"og:image:height\" content=\"1080\" \/>\n\t<meta property=\"og:image:type\" content=\"image\/jpeg\" \/>\n<meta name=\"twitter:card\" content=\"summary_large_image\" \/>\n<meta name=\"twitter:label1\" content=\"Arvioitu lukuaika\" \/>\n\t<meta name=\"twitter:data1\" content=\"1 minuutti\" \/>\n<script type=\"application\/ld+json\" class=\"yoast-schema-graph\">{\"@context\":\"https:\\\/\\\/schema.org\",\"@graph\":[{\"@type\":\"WebPage\",\"@id\":\"https:\\\/\\\/rodoaed.ee\\\/fi\\\/toode\\\/kukkasiemenseos-perhosten-saari-100g\\\/\",\"url\":\"https:\\\/\\\/rodoaed.ee\\\/fi\\\/toode\\\/kukkasiemenseos-perhosten-saari-100g\\\/\",\"name\":\"Kukkasiemenseos \\\"Perhosten saari\\\" 100g - Rodoaed\",\"isPartOf\":{\"@id\":\"https:\\\/\\\/rodoaed.ee\\\/#website\"},\"primaryImageOfPage\":{\"@id\":\"https:\\\/\\\/rodoaed.ee\\\/fi\\\/toode\\\/kukkasiemenseos-perhosten-saari-100g\\\/#primaryimage\"},\"image\":{\"@id\":\"https:\\\/\\\/rodoaed.ee\\\/fi\\\/toode\\\/kukkasiemenseos-perhosten-saari-100g\\\/#primaryimage\"},\"thumbnailUrl\":\"https:\\\/\\\/rodoaed.ee\\\/wp-content\\\/uploads\\\/2023\\\/05\\\/Lilleseemne-segu_Liblikate-saar.jpeg\",\"datePublished\":\"2023-05-10T08:07:00+00:00\",\"dateModified\":\"2026-04-13T07:58:14+00:00\",\"breadcrumb\":{\"@id\":\"https:\\\/\\\/rodoaed.ee\\\/fi\\\/toode\\\/kukkasiemenseos-perhosten-saari-100g\\\/#breadcrumb\"},\"inLanguage\":\"fi\",\"potentialAction\":[{\"@type\":\"ReadAction\",\"target\":[\"https:\\\/\\\/rodoaed.ee\\\/fi\\\/toode\\\/kukkasiemenseos-perhosten-saari-100g\\\/\"]}]},{\"@type\":\"ImageObject\",\"inLanguage\":\"fi\",\"@id\":\"https:\\\/\\\/rodoaed.ee\\\/fi\\\/toode\\\/kukkasiemenseos-perhosten-saari-100g\\\/#primaryimage\",\"url\":\"https:\\\/\\\/rodoaed.ee\\\/wp-content\\\/uploads\\\/2023\\\/05\\\/Lilleseemne-segu_Liblikate-saar.jpeg\",\"contentUrl\":\"https:\\\/\\\/rodoaed.ee\\\/wp-content\\\/uploads\\\/2023\\\/05\\\/Lilleseemne-segu_Liblikate-saar.jpeg\",\"width\":589,\"height\":1080},{\"@type\":\"BreadcrumbList\",\"@id\":\"https:\\\/\\\/rodoaed.ee\\\/fi\\\/toode\\\/kukkasiemenseos-perhosten-saari-100g\\\/#breadcrumb\",\"itemListElement\":[{\"@type\":\"ListItem\",\"position\":1,\"name\":\"Home\",\"item\":\"https:\\\/\\\/rodoaed.ee\\\/fi\\\/\"},{\"@type\":\"ListItem\",\"position\":2,\"name\":\"Osta osoitteessa\",\"item\":\"https:\\\/\\\/rodoaed.ee\\\/osta-osoitteessa\\\/\"},{\"@type\":\"ListItem\",\"position\":3,\"name\":\"Kukkasiemenseos &#8220;Perhosten saari&#8221; 100g\"}]},{\"@type\":\"WebSite\",\"@id\":\"https:\\\/\\\/rodoaed.ee\\\/#website\",\"url\":\"https:\\\/\\\/rodoaed.ee\\\/\",\"name\":\"Rodoaed\",\"description\":\"\",\"publisher\":{\"@id\":\"https:\\\/\\\/rodoaed.ee\\\/#organization\"},\"potentialAction\":[{\"@type\":\"SearchAction\",\"target\":{\"@type\":\"EntryPoint\",\"urlTemplate\":\"https:\\\/\\\/rodoaed.ee\\\/?s={search_term_string}\"},\"query-input\":{\"@type\":\"PropertyValueSpecification\",\"valueRequired\":true,\"valueName\":\"search_term_string\"}}],\"inLanguage\":\"fi\"},{\"@type\":\"Organization\",\"@id\":\"https:\\\/\\\/rodoaed.ee\\\/#organization\",\"name\":\"Rodoaed\",\"url\":\"https:\\\/\\\/rodoaed.ee\\\/\",\"logo\":{\"@type\":\"ImageObject\",\"inLanguage\":\"fi\",\"@id\":\"https:\\\/\\\/rodoaed.ee\\\/#\\\/schema\\\/logo\\\/image\\\/\",\"url\":\"https:\\\/\\\/rodoaed.ee\\\/wp-content\\\/uploads\\\/2019\\\/11\\\/rodoaed-logo-ilma-taustata.jpg\",\"contentUrl\":\"https:\\\/\\\/rodoaed.ee\\\/wp-content\\\/uploads\\\/2019\\\/11\\\/rodoaed-logo-ilma-taustata.jpg\",\"width\":769,\"height\":268,\"caption\":\"Rodoaed\"},\"image\":{\"@id\":\"https:\\\/\\\/rodoaed.ee\\\/#\\\/schema\\\/logo\\\/image\\\/\"},\"sameAs\":[\"https:\\\/\\\/www.facebook.com\\\/kasvuhooned\\\/\",\"https:\\\/\\\/rodoaed.ee\"]}]}<\/script>\n<!-- \/ Yoast SEO Premium plugin. -->","yoast_head_json":{"title":"Kukkasiemenseos \"Perhosten saari\" 100g - Rodoaed","robots":{"index":"index","follow":"follow","max-snippet":"max-snippet:-1","max-image-preview":"max-image-preview:large","max-video-preview":"max-video-preview:-1"},"canonical":"https:\/\/rodoaed.ee\/fi\/toode\/kukkasiemenseos-perhosten-saari-100g\/","og_locale":"fi_FI","og_type":"article","og_title":"Kukkasiemenseos \"Perhosten saari\" 100g","og_description":"Kukkasiemenseos \"Perhosten saari\" Yksivuotisten ja monivuotisten kukkien ja yrttien sekoitus 'Island of Butterflies' kasvaa 100-150 cm korkeaksi. Arvokas","og_url":"https:\/\/rodoaed.ee\/fi\/toode\/kukkasiemenseos-perhosten-saari-100g\/","og_site_name":"Rodoaed","article_publisher":"https:\/\/www.facebook.com\/kasvuhooned\/","article_modified_time":"2026-04-13T07:58:14+00:00","og_image":[{"width":589,"height":1080,"url":"https:\/\/rodoaed.ee\/wp-content\/uploads\/2023\/05\/Lilleseemne-segu_Liblikate-saar.jpeg","type":"image\/jpeg"}],"twitter_card":"summary_large_image","twitter_misc":{"Arvioitu lukuaika":"1 minuutti"},"schema":{"@context":"https:\/\/schema.org","@graph":[{"@type":"WebPage","@id":"https:\/\/rodoaed.ee\/fi\/toode\/kukkasiemenseos-perhosten-saari-100g\/","url":"https:\/\/rodoaed.ee\/fi\/toode\/kukkasiemenseos-perhosten-saari-100g\/","name":"Kukkasiemenseos \"Perhosten saari\" 100g - Rodoaed","isPartOf":{"@id":"https:\/\/rodoaed.ee\/#website"},"primaryImageOfPage":{"@id":"https:\/\/rodoaed.ee\/fi\/toode\/kukkasiemenseos-perhosten-saari-100g\/#primaryimage"},"image":{"@id":"https:\/\/rodoaed.ee\/fi\/toode\/kukkasiemenseos-perhosten-saari-100g\/#primaryimage"},"thumbnailUrl":"https:\/\/rodoaed.ee\/wp-content\/uploads\/2023\/05\/Lilleseemne-segu_Liblikate-saar.jpeg","datePublished":"2023-05-10T08:07:00+00:00","dateModified":"2026-04-13T07:58:14+00:00","breadcrumb":{"@id":"https:\/\/rodoaed.ee\/fi\/toode\/kukkasiemenseos-perhosten-saari-100g\/#breadcrumb"},"inLanguage":"fi","potentialAction":[{"@type":"ReadAction","target":["https:\/\/rodoaed.ee\/fi\/toode\/kukkasiemenseos-perhosten-saari-100g\/"]}]},{"@type":"ImageObject","inLanguage":"fi","@id":"https:\/\/rodoaed.ee\/fi\/toode\/kukkasiemenseos-perhosten-saari-100g\/#primaryimage","url":"https:\/\/rodoaed.ee\/wp-content\/uploads\/2023\/05\/Lilleseemne-segu_Liblikate-saar.jpeg","contentUrl":"https:\/\/rodoaed.ee\/wp-content\/uploads\/2023\/05\/Lilleseemne-segu_Liblikate-saar.jpeg","width":589,"height":1080},{"@type":"BreadcrumbList","@id":"https:\/\/rodoaed.ee\/fi\/toode\/kukkasiemenseos-perhosten-saari-100g\/#breadcrumb","itemListElement":[{"@type":"ListItem","position":1,"name":"Home","item":"https:\/\/rodoaed.ee\/fi\/"},{"@type":"ListItem","position":2,"name":"Osta osoitteessa","item":"https:\/\/rodoaed.ee\/osta-osoitteessa\/"},{"@type":"ListItem","position":3,"name":"Kukkasiemenseos &#8220;Perhosten saari&#8221; 100g"}]},{"@type":"WebSite","@id":"https:\/\/rodoaed.ee\/#website","url":"https:\/\/rodoaed.ee\/","name":"Rodoaed","description":"","publisher":{"@id":"https:\/\/rodoaed.ee\/#organization"},"potentialAction":[{"@type":"SearchAction","target":{"@type":"EntryPoint","urlTemplate":"https:\/\/rodoaed.ee\/?s={search_term_string}"},"query-input":{"@type":"PropertyValueSpecification","valueRequired":true,"valueName":"search_term_string"}}],"inLanguage":"fi"},{"@type":"Organization","@id":"https:\/\/rodoaed.ee\/#organization","name":"Rodoaed","url":"https:\/\/rodoaed.ee\/","logo":{"@type":"ImageObject","inLanguage":"fi","@id":"https:\/\/rodoaed.ee\/#\/schema\/logo\/image\/","url":"https:\/\/rodoaed.ee\/wp-content\/uploads\/2019\/11\/rodoaed-logo-ilma-taustata.jpg","contentUrl":"https:\/\/rodoaed.ee\/wp-content\/uploads\/2019\/11\/rodoaed-logo-ilma-taustata.jpg","width":769,"height":268,"caption":"Rodoaed"},"image":{"@id":"https:\/\/rodoaed.ee\/#\/schema\/logo\/image\/"},"sameAs":["https:\/\/www.facebook.com\/kasvuhooned\/","https:\/\/rodoaed.ee"]}]}},"_links":{"self":[{"href":"https:\/\/rodoaed.ee\/fi\/wp-json\/wp\/v2\/product\/52982","targetHints":{"allow":["GET"]}}],"collection":[{"href":"https:\/\/rodoaed.ee\/fi\/wp-json\/wp\/v2\/product"}],"about":[{"href":"https:\/\/rodoaed.ee\/fi\/wp-json\/wp\/v2\/types\/product"}],"wp:featuredmedia":[{"embeddable":true,"href":"https:\/\/rodoaed.ee\/fi\/wp-json\/wp\/v2\/media\/44954"}],"wp:attachment":[{"href":"https:\/\/rodoaed.ee\/fi\/wp-json\/wp\/v2\/media?parent=52982"}],"wp:term":[{"taxonomy":"product_brand","embeddable":true,"href":"https:\/\/rodoaed.ee\/fi\/wp-json\/wp\/v2\/product_brand?post=52982"},{"taxonomy":"product_cat","embeddable":true,"href":"https:\/\/rodoaed.ee\/fi\/wp-json\/wp\/v2\/product_cat?post=52982"},{"taxonomy":"product_tag","embeddable":true,"href":"https:\/\/rodoaed.ee\/fi\/wp-json\/wp\/v2\/product_tag?post=52982"}],"curies":[{"name":"wp","href":"https:\/\/api.w.org\/{rel}","templated":true}]}}