{"id":52987,"date":"2024-01-05T13:11:23","date_gmt":"2024-01-05T11:11:23","guid":{"rendered":"https:\/\/rodoaed.ee\/toode\/3x-pieni-blumat-12-anturin-hanaliitannalla-ja-plus-lisavarusteilla\/"},"modified":"2026-04-13T10:58:23","modified_gmt":"2026-04-13T07:58:23","slug":"3x-pieni-blumat-12-anturin-hanaliitannalla-ja-plus-lisavarusteilla","status":"publish","type":"product","link":"https:\/\/rodoaed.ee\/fi\/tuote\/3x-pieni-blumat-12-anturin-hanaliitannalla-ja-plus-lisavarusteilla\/","title":{"rendered":"3x Pieni Blumat 12 anturin hanaliit\u00e4nn\u00e4ll\u00e4 ja PLUS-lis\u00e4varusteilla."},"content":{"rendered":"<p><strong>Loistava ratkaisu kasvihuoneisiin, terasseille, parvekelaatikoihin ja kukkapenkkeihin &#8211; tuhansia sarjoja myyty ymp\u00e4ri Viroa.<\/strong><\/p>\n<p><strong>PAKKAUKSEEN SIS\u00c4LTYY 3x 12 anturin paketti + yksi PLUS-tarvikesarja.<\/strong><\/p>\n<p>Kasteluj\u00e4rjestelm\u00e4 6-10 m\u00b2:n kasvihuoneelle tai 3-5 m:n s\u00e4ngylle. J\u00e4rjestelm\u00e4\u00e4 voidaan laajentaa jopa 500 anturiin letkua kohden. <\/p>\n<p><strong>Pakkaus sis\u00e4lt\u00e4\u00e4: <\/strong>7 metrin letkun, 12 keraamista anturia, vesihanaliit\u00e4nn\u00e4n, paineens\u00e4\u00e4timen ja letkuliittimet.<\/p>\n<p><strong>PLUS:<\/strong> kasteluletkun hana 1kpl, letkun maa-ankkurit 10kpl, jotka pit\u00e4v\u00e4t letkun tukevasti maassa, ja lis\u00e4sarja tippusuuttimia letkun kanssa. N\u00e4m\u00e4 lis\u00e4varusteet tekev\u00e4t kasteluj\u00e4rjestelm\u00e4st\u00e4si k\u00e4tev\u00e4mm\u00e4n k\u00e4ytt\u00e4\u00e4. Lis\u00e4sarjan tippusuuttimien ansiosta voit laajentaa huomattavasti 12 anturisi kastelualuetta. Sinulla on nyt 22 tippukastelupistett\u00e4.   <\/p>\n<p><strong>Kaikki mit\u00e4 tarvitset v\u00e4lit\u00f6nt\u00e4 k\u00e4ytt\u00f6\u00e4 varten:<\/strong><\/p>\n<ul>\n<li>12 keraamista anturia 20 cm:n anturiletkulla ja T-kolmiolla p\u00e4\u00e4letkuun liitt\u00e4mist\u00e4 varten.<\/li>\n<li>7 m kasteluletku 8 mm musta<\/li>\n<li><em>Varusteet:<\/em><\/li>\n<li>1 kulmakappaleet, kulmaliitos 8-8 mm<\/li>\n<li>1 p\u00e4\u00e4tykappale 8-3 mm<\/li>\n<li>1 kolmio haarautuva 8-8-8 mm<\/li>\n<li>1 T-kolminkertainen kasteluletkun liit\u00e4nt\u00e4 8-3-8 mm<\/li>\n<li>1 suora kasteluletkun liit\u00e4nt\u00e4 8-8 mm<\/li>\n<li><strong>PLUS<\/strong>:<\/li>\n<li><strong>vesihanaliit\u00e4nt\u00e4, jossa on paineenrajoitusventtiili<\/strong><\/li>\n<li><strong>1 kasteluletkuhana<\/strong><\/li>\n<li><strong>kasteluletkun maa-ankkurit 10kpl<\/strong><\/li>\n<li><strong>Lis\u00e4\u00e4 tiputussuuttimia 10kpl anturiletkun kanssa<\/strong><\/li>\n<\/ul>\n<h2><strong>Joitakin k\u00e4yt\u00e4nn\u00f6n syit\u00e4 kasteluj\u00e4rjestelm\u00e4n k\u00e4ytt\u00f6\u00f6n:<\/strong><\/h2>\n<ol>\n<li>S\u00e4\u00e4st\u00e4t vett\u00e4 ja aikaa;<\/li>\n<li>Kasvit saavat aina oikean m\u00e4\u00e4r\u00e4n vett\u00e4, sill\u00e4 kukin anturi m\u00e4\u00e4ritt\u00e4\u00e4 kunkin kasvin kosteustason;<\/li>\n<li>Tippukastelu takaa tasaisen kosteuden;<\/li>\n<li>Helposti s\u00e4\u00e4dett\u00e4viss\u00e4;<\/li>\n<li>Pakkausta voidaan laajentaa jopa 500 tippapisteeseen letkua kohden;<\/li>\n<li>Toimii ilman s\u00e4hk\u00f6\u00e4;<\/li>\n<li>Vesi otetaan joko hanasta tai s\u00e4ili\u00f6st\u00e4;<\/li>\n<li>Eritt\u00e4in helppo asentaa;<\/li>\n<li>Keraaminen anturi reagoi maaper\u00e4n kosteuteen ja s\u00e4\u00e4t\u00e4\u00e4 kasteluveden m\u00e4\u00e4r\u00e4\u00e4 kasvin tarpeiden ja vallitsevien l\u00e4mp\u00f6tilaolosuhteiden mukaan;<\/li>\n<li>Huoltovapaa;<\/li>\n<\/ol>\n<p><a href=\"https:\/\/rodoaed.ee\/wp-content\/uploads\/2019\/08\/Blumat-kastmiss%C3%BCsteem_est-t%C3%B5lge-karpi-kaasa_UUS.pdf\">Blumat kasteluj\u00e4rjestelm\u00e4n k\u00e4ytt\u00f6ohje<\/a><\/p>\n<h3><strong>Miksi kasteluantureita on erikokoisia?<\/strong><\/h3>\n<p>Eri kasveille ja erikokoisille kasvualustoille on erilaisia antureita. Esimerkiksi tomaattien, paprikoiden ja kurkkujen kasvihuoneen mullassa tai ruukussa tai \u00e4mp\u00e4riss\u00e4 kasvaville tomaateille, paprikoille ja kurkuille vakiokokoiset anturit toimivat hyvin. T\u00e4m\u00e4 johtuu siit\u00e4, ett\u00e4 n\u00e4iden kasvien juuret ovat p\u00e4\u00e4asiassa pinnallisia eiv\u00e4tk\u00e4 tunkeudu kovin syv\u00e4lle, ja niiden ruukut ja astiat ovat yleens\u00e4 melko matalia.  <\/p>\n<p>Jos kuitenkin haluat asentaa automaattisen kastelun kasveille, joiden juuret ovat syv\u00e4ll\u00e4 maaper\u00e4ss\u00e4, tai kasveille, joilla on suuremmat ruukut, kannattaa k\u00e4ytt\u00e4\u00e4 Maxi-keraamisia antureita, joissa on pidemm\u00e4t jalat. Syy on yksinkertainen. Kasvin kasvualustan pintakerros kuivuu auringossa melko nopeasti, mutta ruukun syvyydess\u00e4 on itse asiassa viel\u00e4 melko paljon vett\u00e4. Lyhyell\u00e4 anturilla anturi tekee nyt hieman ennenaikaisen johtop\u00e4\u00e4t\u00f6ksen, kun se mittaa ylimm\u00e4n maakerroksen, joka on kuiva, ja aloittaa kastelun. Tuloksena voi helposti olla ylikyll\u00e4stys &#8211; maan ylin kerros on kohtuullisen kostea, mutta alemmat maakerrokset eiv\u00e4t saa koskaan tarpeeksi ilmaa ja k\u00e4rsiv\u00e4t liiallisesta kosteudesta. K\u00e4yt\u00e4 oikeita antureita oikeissa paikoissa, ja tulet h\u00e4mm\u00e4stym\u00e4\u00e4n tuloksista.     <\/p>\n<p><a href=\"https:\/\/rodoaed.ee\/fi\/\">kotisivu<\/a> <a href=\"https:\/\/rodoaed.ee\/tootekategooria\/kasvuhooned-ja-talveaiad\/\">k\u00e4ynnist\u00e4<\/a> <a href=\"https:\/\/rodoaed.ee\/fi\/tootekategooria\/kasvihuoneen-tarvikkeet\/\">tarvikkeet<\/a> <a href=\"https:\/\/rodoaed.ee\/fi\/tootekategooria\/kasvihuoneen-tarvikkeet\/kasvihuoneen-kastelu\/\">kastelu<\/a> <a href=\"https:\/\/rodoaed.ee\/?post_type=product&#038;p=22828\">suuri Blumat<\/a><\/p>\n<p>&nbsp;<\/p>\n","protected":false},"excerpt":{"rendered":"<p>Loistava ratkaisu kasvihuoneisiin, terasseille, parvekelaatikoihin ja kukkapenkkeihin &#8211; tuhansia sarjoja myyty ymp\u00e4ri Viroa. PAKKAUKSEEN SIS\u00c4LTYY 3x 12 anturin paketti + yksi PLUS-tarvikesarja. Kasteluj\u00e4rjestelm\u00e4 6-10 m\u00b2:n kasvihuoneelle tai 3-5 m:n s\u00e4ngylle. J\u00e4rjestelm\u00e4\u00e4 voidaan laajentaa jopa 500 anturiin letkua kohden. Pakkaus sis\u00e4lt\u00e4\u00e4: 7 metrin letkun, 12 keraamista anturia, vesihanaliit\u00e4nn\u00e4n, paineens\u00e4\u00e4timen ja letkuliittimet. PLUS: kasteluletkun hana 1kpl, letkun maa-ankkurit 10kpl, jotka pit\u00e4v\u00e4t letkun tukevasti maassa, ja lis\u00e4sarja tippusuuttimia&#8230;<\/p>\n","protected":false},"featured_media":47995,"template":"","meta":{"_acf_changed":false},"product_brand":[],"product_cat":[1989,1984,1987,1869],"product_tag":[],"class_list":{"0":"post-52987","1":"product","2":"type-product","3":"status-publish","4":"has-post-thumbnail","6":"product_cat-automaattiset-kastelujarjestelmat-joissa-on-keraamiset-anturit","7":"product_cat-kastijarjestelmat","8":"product_cat-kasvihuoneen-kastelu","9":"product_cat-kasvihuoneen-tarvikkeet","10":"product_shipping_class-toimitus-1-3-tyopaivan-kuluessa","11":"pa_variatsioon-pieni-blumat-automaattinen-kastelujarjestelma-jossa-on-vesisailioliitanta","13":"first","14":"onbackorder","15":"sale","16":"taxable","17":"shipping-taxable","18":"purchasable","19":"product-type-simple"},"acf":[],"yoast_head":"<!-- This site is optimized with the Yoast SEO Premium plugin v27.3 (Yoast SEO v27.3) - https:\/\/yoast.com\/product\/yoast-seo-premium-wordpress\/ -->\n<title>3x Pieni Blumat 12 anturin hanaliit\u00e4nn\u00e4ll\u00e4 ja PLUS-lis\u00e4varusteilla. - Rodoaed<\/title>\n<meta name=\"robots\" content=\"index, follow, max-snippet:-1, max-image-preview:large, max-video-preview:-1\" \/>\n<link rel=\"canonical\" href=\"https:\/\/rodoaed.ee\/fi\/toode\/3x-pieni-blumat-12-anturin-hanaliitannalla-ja-plus-lisavarusteilla\/\" \/>\n<meta property=\"og:locale\" content=\"fi_FI\" \/>\n<meta property=\"og:type\" content=\"article\" \/>\n<meta property=\"og:title\" content=\"3x Pieni Blumat 12 anturin hanaliit\u00e4nn\u00e4ll\u00e4 ja PLUS-lis\u00e4varusteilla.\" \/>\n<meta property=\"og:description\" content=\"Loistava ratkaisu kasvihuoneisiin, terasseille, parvekelaatikoihin ja kukkapenkkeihin - tuhansia sarjoja myyty ymp\u00e4ri Viroa. PAKKAUKSEEN SIS\u00c4LTYY 3x 12\" \/>\n<meta property=\"og:url\" content=\"https:\/\/rodoaed.ee\/fi\/toode\/3x-pieni-blumat-12-anturin-hanaliitannalla-ja-plus-lisavarusteilla\/\" \/>\n<meta property=\"og:site_name\" content=\"Rodoaed\" \/>\n<meta property=\"article:publisher\" content=\"https:\/\/www.facebook.com\/kasvuhooned\/\" \/>\n<meta property=\"article:modified_time\" content=\"2026-04-13T07:58:23+00:00\" \/>\n<meta property=\"og:image\" content=\"https:\/\/rodoaed.ee\/wp-content\/uploads\/2019\/08\/keraamiliste-anduritega-kastmissusteem-Blumat12_1.jpg\" \/>\n\t<meta property=\"og:image:width\" content=\"1500\" \/>\n\t<meta property=\"og:image:height\" content=\"1500\" \/>\n\t<meta property=\"og:image:type\" content=\"image\/jpeg\" \/>\n<meta name=\"twitter:card\" content=\"summary_large_image\" \/>\n<meta name=\"twitter:label1\" content=\"Arvioitu lukuaika\" \/>\n\t<meta name=\"twitter:data1\" content=\"2 minuuttia\" \/>\n<script type=\"application\/ld+json\" class=\"yoast-schema-graph\">{\"@context\":\"https:\\\/\\\/schema.org\",\"@graph\":[{\"@type\":\"WebPage\",\"@id\":\"https:\\\/\\\/rodoaed.ee\\\/fi\\\/toode\\\/3x-pieni-blumat-12-anturin-hanaliitannalla-ja-plus-lisavarusteilla\\\/\",\"url\":\"https:\\\/\\\/rodoaed.ee\\\/fi\\\/toode\\\/3x-pieni-blumat-12-anturin-hanaliitannalla-ja-plus-lisavarusteilla\\\/\",\"name\":\"3x Pieni Blumat 12 anturin hanaliit\u00e4nn\u00e4ll\u00e4 ja PLUS-lis\u00e4varusteilla. - Rodoaed\",\"isPartOf\":{\"@id\":\"https:\\\/\\\/rodoaed.ee\\\/#website\"},\"primaryImageOfPage\":{\"@id\":\"https:\\\/\\\/rodoaed.ee\\\/fi\\\/toode\\\/3x-pieni-blumat-12-anturin-hanaliitannalla-ja-plus-lisavarusteilla\\\/#primaryimage\"},\"image\":{\"@id\":\"https:\\\/\\\/rodoaed.ee\\\/fi\\\/toode\\\/3x-pieni-blumat-12-anturin-hanaliitannalla-ja-plus-lisavarusteilla\\\/#primaryimage\"},\"thumbnailUrl\":\"https:\\\/\\\/rodoaed.ee\\\/wp-content\\\/uploads\\\/2019\\\/08\\\/keraamiliste-anduritega-kastmissusteem-Blumat12_1.jpg\",\"datePublished\":\"2024-01-05T11:11:23+00:00\",\"dateModified\":\"2026-04-13T07:58:23+00:00\",\"breadcrumb\":{\"@id\":\"https:\\\/\\\/rodoaed.ee\\\/fi\\\/toode\\\/3x-pieni-blumat-12-anturin-hanaliitannalla-ja-plus-lisavarusteilla\\\/#breadcrumb\"},\"inLanguage\":\"fi\",\"potentialAction\":[{\"@type\":\"ReadAction\",\"target\":[\"https:\\\/\\\/rodoaed.ee\\\/fi\\\/toode\\\/3x-pieni-blumat-12-anturin-hanaliitannalla-ja-plus-lisavarusteilla\\\/\"]}]},{\"@type\":\"ImageObject\",\"inLanguage\":\"fi\",\"@id\":\"https:\\\/\\\/rodoaed.ee\\\/fi\\\/toode\\\/3x-pieni-blumat-12-anturin-hanaliitannalla-ja-plus-lisavarusteilla\\\/#primaryimage\",\"url\":\"https:\\\/\\\/rodoaed.ee\\\/wp-content\\\/uploads\\\/2019\\\/08\\\/keraamiliste-anduritega-kastmissusteem-Blumat12_1.jpg\",\"contentUrl\":\"https:\\\/\\\/rodoaed.ee\\\/wp-content\\\/uploads\\\/2019\\\/08\\\/keraamiliste-anduritega-kastmissusteem-Blumat12_1.jpg\",\"width\":1500,\"height\":1500},{\"@type\":\"BreadcrumbList\",\"@id\":\"https:\\\/\\\/rodoaed.ee\\\/fi\\\/toode\\\/3x-pieni-blumat-12-anturin-hanaliitannalla-ja-plus-lisavarusteilla\\\/#breadcrumb\",\"itemListElement\":[{\"@type\":\"ListItem\",\"position\":1,\"name\":\"Home\",\"item\":\"https:\\\/\\\/rodoaed.ee\\\/fi\\\/\"},{\"@type\":\"ListItem\",\"position\":2,\"name\":\"Osta osoitteessa\",\"item\":\"https:\\\/\\\/rodoaed.ee\\\/osta-osoitteessa\\\/\"},{\"@type\":\"ListItem\",\"position\":3,\"name\":\"3x Pieni Blumat 12 anturin hanaliit\u00e4nn\u00e4ll\u00e4 ja PLUS-lis\u00e4varusteilla.\"}]},{\"@type\":\"WebSite\",\"@id\":\"https:\\\/\\\/rodoaed.ee\\\/#website\",\"url\":\"https:\\\/\\\/rodoaed.ee\\\/\",\"name\":\"Rodoaed\",\"description\":\"\",\"publisher\":{\"@id\":\"https:\\\/\\\/rodoaed.ee\\\/#organization\"},\"potentialAction\":[{\"@type\":\"SearchAction\",\"target\":{\"@type\":\"EntryPoint\",\"urlTemplate\":\"https:\\\/\\\/rodoaed.ee\\\/?s={search_term_string}\"},\"query-input\":{\"@type\":\"PropertyValueSpecification\",\"valueRequired\":true,\"valueName\":\"search_term_string\"}}],\"inLanguage\":\"fi\"},{\"@type\":\"Organization\",\"@id\":\"https:\\\/\\\/rodoaed.ee\\\/#organization\",\"name\":\"Rodoaed\",\"url\":\"https:\\\/\\\/rodoaed.ee\\\/\",\"logo\":{\"@type\":\"ImageObject\",\"inLanguage\":\"fi\",\"@id\":\"https:\\\/\\\/rodoaed.ee\\\/#\\\/schema\\\/logo\\\/image\\\/\",\"url\":\"https:\\\/\\\/rodoaed.ee\\\/wp-content\\\/uploads\\\/2019\\\/11\\\/rodoaed-logo-ilma-taustata.jpg\",\"contentUrl\":\"https:\\\/\\\/rodoaed.ee\\\/wp-content\\\/uploads\\\/2019\\\/11\\\/rodoaed-logo-ilma-taustata.jpg\",\"width\":769,\"height\":268,\"caption\":\"Rodoaed\"},\"image\":{\"@id\":\"https:\\\/\\\/rodoaed.ee\\\/#\\\/schema\\\/logo\\\/image\\\/\"},\"sameAs\":[\"https:\\\/\\\/www.facebook.com\\\/kasvuhooned\\\/\",\"https:\\\/\\\/rodoaed.ee\"]}]}<\/script>\n<!-- \/ Yoast SEO Premium plugin. -->","yoast_head_json":{"title":"3x Pieni Blumat 12 anturin hanaliit\u00e4nn\u00e4ll\u00e4 ja PLUS-lis\u00e4varusteilla. - Rodoaed","robots":{"index":"index","follow":"follow","max-snippet":"max-snippet:-1","max-image-preview":"max-image-preview:large","max-video-preview":"max-video-preview:-1"},"canonical":"https:\/\/rodoaed.ee\/fi\/toode\/3x-pieni-blumat-12-anturin-hanaliitannalla-ja-plus-lisavarusteilla\/","og_locale":"fi_FI","og_type":"article","og_title":"3x Pieni Blumat 12 anturin hanaliit\u00e4nn\u00e4ll\u00e4 ja PLUS-lis\u00e4varusteilla.","og_description":"Loistava ratkaisu kasvihuoneisiin, terasseille, parvekelaatikoihin ja kukkapenkkeihin - tuhansia sarjoja myyty ymp\u00e4ri Viroa. PAKKAUKSEEN SIS\u00c4LTYY 3x 12","og_url":"https:\/\/rodoaed.ee\/fi\/toode\/3x-pieni-blumat-12-anturin-hanaliitannalla-ja-plus-lisavarusteilla\/","og_site_name":"Rodoaed","article_publisher":"https:\/\/www.facebook.com\/kasvuhooned\/","article_modified_time":"2026-04-13T07:58:23+00:00","og_image":[{"width":1500,"height":1500,"url":"https:\/\/rodoaed.ee\/wp-content\/uploads\/2019\/08\/keraamiliste-anduritega-kastmissusteem-Blumat12_1.jpg","type":"image\/jpeg"}],"twitter_card":"summary_large_image","twitter_misc":{"Arvioitu lukuaika":"2 minuuttia"},"schema":{"@context":"https:\/\/schema.org","@graph":[{"@type":"WebPage","@id":"https:\/\/rodoaed.ee\/fi\/toode\/3x-pieni-blumat-12-anturin-hanaliitannalla-ja-plus-lisavarusteilla\/","url":"https:\/\/rodoaed.ee\/fi\/toode\/3x-pieni-blumat-12-anturin-hanaliitannalla-ja-plus-lisavarusteilla\/","name":"3x Pieni Blumat 12 anturin hanaliit\u00e4nn\u00e4ll\u00e4 ja PLUS-lis\u00e4varusteilla. - Rodoaed","isPartOf":{"@id":"https:\/\/rodoaed.ee\/#website"},"primaryImageOfPage":{"@id":"https:\/\/rodoaed.ee\/fi\/toode\/3x-pieni-blumat-12-anturin-hanaliitannalla-ja-plus-lisavarusteilla\/#primaryimage"},"image":{"@id":"https:\/\/rodoaed.ee\/fi\/toode\/3x-pieni-blumat-12-anturin-hanaliitannalla-ja-plus-lisavarusteilla\/#primaryimage"},"thumbnailUrl":"https:\/\/rodoaed.ee\/wp-content\/uploads\/2019\/08\/keraamiliste-anduritega-kastmissusteem-Blumat12_1.jpg","datePublished":"2024-01-05T11:11:23+00:00","dateModified":"2026-04-13T07:58:23+00:00","breadcrumb":{"@id":"https:\/\/rodoaed.ee\/fi\/toode\/3x-pieni-blumat-12-anturin-hanaliitannalla-ja-plus-lisavarusteilla\/#breadcrumb"},"inLanguage":"fi","potentialAction":[{"@type":"ReadAction","target":["https:\/\/rodoaed.ee\/fi\/toode\/3x-pieni-blumat-12-anturin-hanaliitannalla-ja-plus-lisavarusteilla\/"]}]},{"@type":"ImageObject","inLanguage":"fi","@id":"https:\/\/rodoaed.ee\/fi\/toode\/3x-pieni-blumat-12-anturin-hanaliitannalla-ja-plus-lisavarusteilla\/#primaryimage","url":"https:\/\/rodoaed.ee\/wp-content\/uploads\/2019\/08\/keraamiliste-anduritega-kastmissusteem-Blumat12_1.jpg","contentUrl":"https:\/\/rodoaed.ee\/wp-content\/uploads\/2019\/08\/keraamiliste-anduritega-kastmissusteem-Blumat12_1.jpg","width":1500,"height":1500},{"@type":"BreadcrumbList","@id":"https:\/\/rodoaed.ee\/fi\/toode\/3x-pieni-blumat-12-anturin-hanaliitannalla-ja-plus-lisavarusteilla\/#breadcrumb","itemListElement":[{"@type":"ListItem","position":1,"name":"Home","item":"https:\/\/rodoaed.ee\/fi\/"},{"@type":"ListItem","position":2,"name":"Osta osoitteessa","item":"https:\/\/rodoaed.ee\/osta-osoitteessa\/"},{"@type":"ListItem","position":3,"name":"3x Pieni Blumat 12 anturin hanaliit\u00e4nn\u00e4ll\u00e4 ja PLUS-lis\u00e4varusteilla."}]},{"@type":"WebSite","@id":"https:\/\/rodoaed.ee\/#website","url":"https:\/\/rodoaed.ee\/","name":"Rodoaed","description":"","publisher":{"@id":"https:\/\/rodoaed.ee\/#organization"},"potentialAction":[{"@type":"SearchAction","target":{"@type":"EntryPoint","urlTemplate":"https:\/\/rodoaed.ee\/?s={search_term_string}"},"query-input":{"@type":"PropertyValueSpecification","valueRequired":true,"valueName":"search_term_string"}}],"inLanguage":"fi"},{"@type":"Organization","@id":"https:\/\/rodoaed.ee\/#organization","name":"Rodoaed","url":"https:\/\/rodoaed.ee\/","logo":{"@type":"ImageObject","inLanguage":"fi","@id":"https:\/\/rodoaed.ee\/#\/schema\/logo\/image\/","url":"https:\/\/rodoaed.ee\/wp-content\/uploads\/2019\/11\/rodoaed-logo-ilma-taustata.jpg","contentUrl":"https:\/\/rodoaed.ee\/wp-content\/uploads\/2019\/11\/rodoaed-logo-ilma-taustata.jpg","width":769,"height":268,"caption":"Rodoaed"},"image":{"@id":"https:\/\/rodoaed.ee\/#\/schema\/logo\/image\/"},"sameAs":["https:\/\/www.facebook.com\/kasvuhooned\/","https:\/\/rodoaed.ee"]}]}},"_links":{"self":[{"href":"https:\/\/rodoaed.ee\/fi\/wp-json\/wp\/v2\/product\/52987","targetHints":{"allow":["GET"]}}],"collection":[{"href":"https:\/\/rodoaed.ee\/fi\/wp-json\/wp\/v2\/product"}],"about":[{"href":"https:\/\/rodoaed.ee\/fi\/wp-json\/wp\/v2\/types\/product"}],"wp:featuredmedia":[{"embeddable":true,"href":"https:\/\/rodoaed.ee\/fi\/wp-json\/wp\/v2\/media\/47995"}],"wp:attachment":[{"href":"https:\/\/rodoaed.ee\/fi\/wp-json\/wp\/v2\/media?parent=52987"}],"wp:term":[{"taxonomy":"product_brand","embeddable":true,"href":"https:\/\/rodoaed.ee\/fi\/wp-json\/wp\/v2\/product_brand?post=52987"},{"taxonomy":"product_cat","embeddable":true,"href":"https:\/\/rodoaed.ee\/fi\/wp-json\/wp\/v2\/product_cat?post=52987"},{"taxonomy":"product_tag","embeddable":true,"href":"https:\/\/rodoaed.ee\/fi\/wp-json\/wp\/v2\/product_tag?post=52987"}],"curies":[{"name":"wp","href":"https:\/\/api.w.org\/{rel}","templated":true}]}}