{"id":52988,"date":"2023-06-22T12:51:15","date_gmt":"2023-06-22T09:51:15","guid":{"rendered":"https:\/\/rodoaed.ee\/toode\/itsestaan-sammuva-kasviastia-parvekkeelle-berberis-antrasiitti-5532l\/"},"modified":"2026-04-13T10:58:24","modified_gmt":"2026-04-13T07:58:24","slug":"itsestaan-sammuva-kasviastia-parvekkeelle-berberis-antrasiitti-5532l","status":"publish","type":"product","link":"https:\/\/rodoaed.ee\/fi\/tuote\/itsestaan-sammuva-kasviastia-parvekkeelle-berberis-antrasiitti-5532l\/","title":{"rendered":"Itsest\u00e4\u00e4n sammuva kasviastia parvekkeelle- Berberis- antrasiitti 5,5+3,2L"},"content":{"rendered":"<h3>Itsekompakti ja huoleton parvekelaatikko kasveille. Astia istuu mukavasti parvekekaiteeseen, kaiteeseen tai vaikka puutarhaan. Astian alla on kastelus\u00e4ili\u00f6, josta kasvit voivat ottaa juurineen oikean m\u00e4\u00e4r\u00e4n vett\u00e4.  <\/h3>\n<h3>5.5L pintas\u00e4ili\u00f6 + 2x 1.6L vesis\u00e4ili\u00f6t<\/h3>\n<p>Itsest\u00e4\u00e4n seisova parvekelaatikko on kompakti ja vaivaton ratkaisu. Sopii kaupunkiasuntojen parvekkeille ja kaiteille sek\u00e4 omakotitalojen terasseille ja parvekkeille. Voidaan sijoittaa my\u00f6s aidan p\u00e4\u00e4lle. Sopii kaikentyyppisille kaiteille, sek\u00e4 py\u00f6reille ett\u00e4 neliskulmaisille, joiden halkaisija on enint\u00e4\u00e4n 6,5 cm.   <\/p>\n<p>Kasvit eiv\u00e4t kuivu, jos unohdat kastella v\u00e4litt\u00f6m\u00e4sti. Vesis\u00e4ili\u00f6 kest\u00e4\u00e4 pidemp\u00e4\u00e4n. Sopii kukkien, yrttien, mansikoiden ja perennojen viljelyyn.  <\/p>\n<h4>Se on kuin pienikokoinen istutin, jossa on automaattinen kasteluj\u00e4rjestelm\u00e4. T\u00e4ydellinen kumppani siistille ja liikkuvalle modernille koti\u00e4idille. Voit l\u00e4hte\u00e4 leppoisalle lomalle, ja kasvisi p\u00e4rj\u00e4\u00e4v\u00e4t sill\u00e4 v\u00e4lin mainiosti.  <\/h4>\n<h4>T\u00e4rkeimm\u00e4t ominaisuudet<\/h4>\n<ul>\n<li>Mitat: 26 x 30 x 24 korkeus cm<\/li>\n<li>S\u00e4ili\u00f6n maaper\u00e4osan tilavuus 5,5 L<\/li>\n<li>Kasteluosaan kuuluva vesis\u00e4ili\u00f6, tilavuus 2x 1,6 L (s\u00e4ili\u00f6t alapuolella kahdella sivulla).<\/li>\n<li>Paino 1,1 kg<\/li>\n<\/ul>\n<p><a href=\"https:\/\/rodoaed.ee\/fi\/\">kotisivu<\/a> <a href=\"https:\/\/rodoaed.ee\/tootekategooria\/kasvuhooned-ja-talveaiad\/\">k\u00e4ynnist\u00e4<\/a> <a href=\"https:\/\/rodoaed.ee\/fi\/tootekategooria\/kasvihuoneen-tarvikkeet\/\">tarvikkeet<\/a> <a href=\"https:\/\/rodoaed.ee\/tootekategooria\/kasvihuoneen-tarvikkeet\/kasvuhoone-tarvikud\/\">tarvikkeet<\/a><\/p>\n<div>\n<div><\/div>\n<\/div>\n","protected":false},"excerpt":{"rendered":"<p>Itsekompakti ja huoleton parvekelaatikko kasveille. Astia istuu mukavasti parvekekaiteeseen, kaiteeseen tai vaikka puutarhaan. Astian alla on kastelus\u00e4ili\u00f6, josta kasvit voivat ottaa juurineen oikean m\u00e4\u00e4r\u00e4n vett\u00e4. 5.5L pintas\u00e4ili\u00f6 + 2x 1.6L vesis\u00e4ili\u00f6t Itsest\u00e4\u00e4n seisova parvekelaatikko on kompakti ja vaivaton ratkaisu. Sopii kaupunkiasuntojen parvekkeille ja kaiteille sek\u00e4 omakotitalojen terasseille ja parvekkeille. Voidaan sijoittaa my\u00f6s aidan p\u00e4\u00e4lle. Sopii kaikentyyppisille kaiteille, sek\u00e4 py\u00f6reille ett\u00e4 neliskulmaisille, joiden halkaisija on enint\u00e4\u00e4n&#8230;<\/p>\n","protected":false},"featured_media":45536,"template":"","meta":{"_acf_changed":false},"product_brand":[],"product_cat":[1777,1788,1752,1745],"product_tag":[],"class_list":{"0":"post-52988","1":"product","2":"type-product","3":"status-publish","4":"has-post-thumbnail","6":"product_cat-art-containers-berberis-uno-duo-ja-trio","7":"product_cat-kukkaruukut-ja-kasviastiat","8":"product_cat-puutarha-ja-piha","9":"product_cat-suuri-varaston-tyhjennysmyynti","10":"product_shipping_class-toimitus-1-3-tyopaivan-kuluessa","11":"pa_variatsioon-kasvatussailio-16l2l-jossa-on-vesisailio-ja-kehys","13":"first","14":"instock","15":"sale","16":"taxable","17":"shipping-taxable","18":"purchasable","19":"product-type-simple"},"acf":[],"yoast_head":"<!-- This site is optimized with the Yoast SEO Premium plugin v27.3 (Yoast SEO v27.3) - https:\/\/yoast.com\/product\/yoast-seo-premium-wordpress\/ -->\n<title>Itsest\u00e4\u00e4n sammuva kasviastia parvekkeelle- Berberis- antrasiitti 5,5+3,2L - Rodoaed<\/title>\n<meta name=\"description\" content=\"Kasvien kasvuastia. S\u00e4ili\u00f6n alla on kastelus\u00e4ili\u00f6, josta kasvit voivat ime\u00e4 juurineen sopivan m\u00e4\u00e4r\u00e4n vett\u00e4.\" \/>\n<meta name=\"robots\" content=\"index, follow, max-snippet:-1, max-image-preview:large, max-video-preview:-1\" \/>\n<link rel=\"canonical\" href=\"https:\/\/rodoaed.ee\/fi\/toode\/itsestaan-sammuva-kasviastia-parvekkeelle-berberis-antrasiitti-5532l\/\" \/>\n<meta property=\"og:locale\" content=\"fi_FI\" \/>\n<meta property=\"og:type\" content=\"article\" \/>\n<meta property=\"og:title\" content=\"Itsest\u00e4\u00e4n sammuva kasviastia parvekkeelle- Berberis- antrasiitti 5,5+3,2L\" \/>\n<meta property=\"og:description\" content=\"Itsekompakti ja huoleton parvekelaatikko kasveille. Astia istuu mukavasti parvekekaiteeseen, kaiteeseen tai vaikka puutarhaan. Astian alla on\" \/>\n<meta property=\"og:url\" content=\"https:\/\/rodoaed.ee\/fi\/toode\/itsestaan-sammuva-kasviastia-parvekkeelle-berberis-antrasiitti-5532l\/\" \/>\n<meta property=\"og:site_name\" content=\"Rodoaed\" \/>\n<meta property=\"article:publisher\" content=\"https:\/\/www.facebook.com\/kasvuhooned\/\" \/>\n<meta property=\"article:modified_time\" content=\"2026-04-13T07:58:24+00:00\" \/>\n<meta property=\"og:image\" content=\"https:\/\/rodoaed.ee\/wp-content\/uploads\/2023\/06\/Taimekonteiner-Berberis-rodule_5.png\" \/>\n\t<meta property=\"og:image:width\" content=\"1040\" \/>\n\t<meta property=\"og:image:height\" content=\"688\" \/>\n\t<meta property=\"og:image:type\" content=\"image\/png\" \/>\n<meta name=\"twitter:card\" content=\"summary_large_image\" \/>\n<meta name=\"twitter:label1\" content=\"Arvioitu lukuaika\" \/>\n\t<meta name=\"twitter:data1\" content=\"1 minuutti\" \/>\n<script type=\"application\/ld+json\" class=\"yoast-schema-graph\">{\"@context\":\"https:\\\/\\\/schema.org\",\"@graph\":[{\"@type\":\"WebPage\",\"@id\":\"https:\\\/\\\/rodoaed.ee\\\/fi\\\/toode\\\/itsestaan-sammuva-kasviastia-parvekkeelle-berberis-antrasiitti-5532l\\\/\",\"url\":\"https:\\\/\\\/rodoaed.ee\\\/fi\\\/toode\\\/itsestaan-sammuva-kasviastia-parvekkeelle-berberis-antrasiitti-5532l\\\/\",\"name\":\"Itsest\u00e4\u00e4n sammuva kasviastia parvekkeelle- Berberis- antrasiitti 5,5+3,2L - Rodoaed\",\"isPartOf\":{\"@id\":\"https:\\\/\\\/rodoaed.ee\\\/#website\"},\"primaryImageOfPage\":{\"@id\":\"https:\\\/\\\/rodoaed.ee\\\/fi\\\/toode\\\/itsestaan-sammuva-kasviastia-parvekkeelle-berberis-antrasiitti-5532l\\\/#primaryimage\"},\"image\":{\"@id\":\"https:\\\/\\\/rodoaed.ee\\\/fi\\\/toode\\\/itsestaan-sammuva-kasviastia-parvekkeelle-berberis-antrasiitti-5532l\\\/#primaryimage\"},\"thumbnailUrl\":\"https:\\\/\\\/rodoaed.ee\\\/wp-content\\\/uploads\\\/2023\\\/06\\\/Taimekonteiner-Berberis-rodule_5.png\",\"datePublished\":\"2023-06-22T09:51:15+00:00\",\"dateModified\":\"2026-04-13T07:58:24+00:00\",\"description\":\"Kasvien kasvuastia. S\u00e4ili\u00f6n alla on kastelus\u00e4ili\u00f6, josta kasvit voivat ime\u00e4 juurineen sopivan m\u00e4\u00e4r\u00e4n vett\u00e4.\",\"breadcrumb\":{\"@id\":\"https:\\\/\\\/rodoaed.ee\\\/fi\\\/toode\\\/itsestaan-sammuva-kasviastia-parvekkeelle-berberis-antrasiitti-5532l\\\/#breadcrumb\"},\"inLanguage\":\"fi\",\"potentialAction\":[{\"@type\":\"ReadAction\",\"target\":[\"https:\\\/\\\/rodoaed.ee\\\/fi\\\/toode\\\/itsestaan-sammuva-kasviastia-parvekkeelle-berberis-antrasiitti-5532l\\\/\"]}]},{\"@type\":\"ImageObject\",\"inLanguage\":\"fi\",\"@id\":\"https:\\\/\\\/rodoaed.ee\\\/fi\\\/toode\\\/itsestaan-sammuva-kasviastia-parvekkeelle-berberis-antrasiitti-5532l\\\/#primaryimage\",\"url\":\"https:\\\/\\\/rodoaed.ee\\\/wp-content\\\/uploads\\\/2023\\\/06\\\/Taimekonteiner-Berberis-rodule_5.png\",\"contentUrl\":\"https:\\\/\\\/rodoaed.ee\\\/wp-content\\\/uploads\\\/2023\\\/06\\\/Taimekonteiner-Berberis-rodule_5.png\",\"width\":1040,\"height\":688},{\"@type\":\"BreadcrumbList\",\"@id\":\"https:\\\/\\\/rodoaed.ee\\\/fi\\\/toode\\\/itsestaan-sammuva-kasviastia-parvekkeelle-berberis-antrasiitti-5532l\\\/#breadcrumb\",\"itemListElement\":[{\"@type\":\"ListItem\",\"position\":1,\"name\":\"Home\",\"item\":\"https:\\\/\\\/rodoaed.ee\\\/fi\\\/\"},{\"@type\":\"ListItem\",\"position\":2,\"name\":\"Osta osoitteessa\",\"item\":\"https:\\\/\\\/rodoaed.ee\\\/osta-osoitteessa\\\/\"},{\"@type\":\"ListItem\",\"position\":3,\"name\":\"Itsest\u00e4\u00e4n sammuva kasviastia parvekkeelle- Berberis- antrasiitti 5,5+3,2L\"}]},{\"@type\":\"WebSite\",\"@id\":\"https:\\\/\\\/rodoaed.ee\\\/#website\",\"url\":\"https:\\\/\\\/rodoaed.ee\\\/\",\"name\":\"Rodoaed\",\"description\":\"\",\"publisher\":{\"@id\":\"https:\\\/\\\/rodoaed.ee\\\/#organization\"},\"potentialAction\":[{\"@type\":\"SearchAction\",\"target\":{\"@type\":\"EntryPoint\",\"urlTemplate\":\"https:\\\/\\\/rodoaed.ee\\\/?s={search_term_string}\"},\"query-input\":{\"@type\":\"PropertyValueSpecification\",\"valueRequired\":true,\"valueName\":\"search_term_string\"}}],\"inLanguage\":\"fi\"},{\"@type\":\"Organization\",\"@id\":\"https:\\\/\\\/rodoaed.ee\\\/#organization\",\"name\":\"Rodoaed\",\"url\":\"https:\\\/\\\/rodoaed.ee\\\/\",\"logo\":{\"@type\":\"ImageObject\",\"inLanguage\":\"fi\",\"@id\":\"https:\\\/\\\/rodoaed.ee\\\/#\\\/schema\\\/logo\\\/image\\\/\",\"url\":\"https:\\\/\\\/rodoaed.ee\\\/wp-content\\\/uploads\\\/2019\\\/11\\\/rodoaed-logo-ilma-taustata.jpg\",\"contentUrl\":\"https:\\\/\\\/rodoaed.ee\\\/wp-content\\\/uploads\\\/2019\\\/11\\\/rodoaed-logo-ilma-taustata.jpg\",\"width\":769,\"height\":268,\"caption\":\"Rodoaed\"},\"image\":{\"@id\":\"https:\\\/\\\/rodoaed.ee\\\/#\\\/schema\\\/logo\\\/image\\\/\"},\"sameAs\":[\"https:\\\/\\\/www.facebook.com\\\/kasvuhooned\\\/\",\"https:\\\/\\\/rodoaed.ee\"]}]}<\/script>\n<!-- \/ Yoast SEO Premium plugin. -->","yoast_head_json":{"title":"Itsest\u00e4\u00e4n sammuva kasviastia parvekkeelle- Berberis- antrasiitti 5,5+3,2L - Rodoaed","description":"Kasvien kasvuastia. S\u00e4ili\u00f6n alla on kastelus\u00e4ili\u00f6, josta kasvit voivat ime\u00e4 juurineen sopivan m\u00e4\u00e4r\u00e4n vett\u00e4.","robots":{"index":"index","follow":"follow","max-snippet":"max-snippet:-1","max-image-preview":"max-image-preview:large","max-video-preview":"max-video-preview:-1"},"canonical":"https:\/\/rodoaed.ee\/fi\/toode\/itsestaan-sammuva-kasviastia-parvekkeelle-berberis-antrasiitti-5532l\/","og_locale":"fi_FI","og_type":"article","og_title":"Itsest\u00e4\u00e4n sammuva kasviastia parvekkeelle- Berberis- antrasiitti 5,5+3,2L","og_description":"Itsekompakti ja huoleton parvekelaatikko kasveille. Astia istuu mukavasti parvekekaiteeseen, kaiteeseen tai vaikka puutarhaan. Astian alla on","og_url":"https:\/\/rodoaed.ee\/fi\/toode\/itsestaan-sammuva-kasviastia-parvekkeelle-berberis-antrasiitti-5532l\/","og_site_name":"Rodoaed","article_publisher":"https:\/\/www.facebook.com\/kasvuhooned\/","article_modified_time":"2026-04-13T07:58:24+00:00","og_image":[{"width":1040,"height":688,"url":"https:\/\/rodoaed.ee\/wp-content\/uploads\/2023\/06\/Taimekonteiner-Berberis-rodule_5.png","type":"image\/png"}],"twitter_card":"summary_large_image","twitter_misc":{"Arvioitu lukuaika":"1 minuutti"},"schema":{"@context":"https:\/\/schema.org","@graph":[{"@type":"WebPage","@id":"https:\/\/rodoaed.ee\/fi\/toode\/itsestaan-sammuva-kasviastia-parvekkeelle-berberis-antrasiitti-5532l\/","url":"https:\/\/rodoaed.ee\/fi\/toode\/itsestaan-sammuva-kasviastia-parvekkeelle-berberis-antrasiitti-5532l\/","name":"Itsest\u00e4\u00e4n sammuva kasviastia parvekkeelle- Berberis- antrasiitti 5,5+3,2L - Rodoaed","isPartOf":{"@id":"https:\/\/rodoaed.ee\/#website"},"primaryImageOfPage":{"@id":"https:\/\/rodoaed.ee\/fi\/toode\/itsestaan-sammuva-kasviastia-parvekkeelle-berberis-antrasiitti-5532l\/#primaryimage"},"image":{"@id":"https:\/\/rodoaed.ee\/fi\/toode\/itsestaan-sammuva-kasviastia-parvekkeelle-berberis-antrasiitti-5532l\/#primaryimage"},"thumbnailUrl":"https:\/\/rodoaed.ee\/wp-content\/uploads\/2023\/06\/Taimekonteiner-Berberis-rodule_5.png","datePublished":"2023-06-22T09:51:15+00:00","dateModified":"2026-04-13T07:58:24+00:00","description":"Kasvien kasvuastia. S\u00e4ili\u00f6n alla on kastelus\u00e4ili\u00f6, josta kasvit voivat ime\u00e4 juurineen sopivan m\u00e4\u00e4r\u00e4n vett\u00e4.","breadcrumb":{"@id":"https:\/\/rodoaed.ee\/fi\/toode\/itsestaan-sammuva-kasviastia-parvekkeelle-berberis-antrasiitti-5532l\/#breadcrumb"},"inLanguage":"fi","potentialAction":[{"@type":"ReadAction","target":["https:\/\/rodoaed.ee\/fi\/toode\/itsestaan-sammuva-kasviastia-parvekkeelle-berberis-antrasiitti-5532l\/"]}]},{"@type":"ImageObject","inLanguage":"fi","@id":"https:\/\/rodoaed.ee\/fi\/toode\/itsestaan-sammuva-kasviastia-parvekkeelle-berberis-antrasiitti-5532l\/#primaryimage","url":"https:\/\/rodoaed.ee\/wp-content\/uploads\/2023\/06\/Taimekonteiner-Berberis-rodule_5.png","contentUrl":"https:\/\/rodoaed.ee\/wp-content\/uploads\/2023\/06\/Taimekonteiner-Berberis-rodule_5.png","width":1040,"height":688},{"@type":"BreadcrumbList","@id":"https:\/\/rodoaed.ee\/fi\/toode\/itsestaan-sammuva-kasviastia-parvekkeelle-berberis-antrasiitti-5532l\/#breadcrumb","itemListElement":[{"@type":"ListItem","position":1,"name":"Home","item":"https:\/\/rodoaed.ee\/fi\/"},{"@type":"ListItem","position":2,"name":"Osta osoitteessa","item":"https:\/\/rodoaed.ee\/osta-osoitteessa\/"},{"@type":"ListItem","position":3,"name":"Itsest\u00e4\u00e4n sammuva kasviastia parvekkeelle- Berberis- antrasiitti 5,5+3,2L"}]},{"@type":"WebSite","@id":"https:\/\/rodoaed.ee\/#website","url":"https:\/\/rodoaed.ee\/","name":"Rodoaed","description":"","publisher":{"@id":"https:\/\/rodoaed.ee\/#organization"},"potentialAction":[{"@type":"SearchAction","target":{"@type":"EntryPoint","urlTemplate":"https:\/\/rodoaed.ee\/?s={search_term_string}"},"query-input":{"@type":"PropertyValueSpecification","valueRequired":true,"valueName":"search_term_string"}}],"inLanguage":"fi"},{"@type":"Organization","@id":"https:\/\/rodoaed.ee\/#organization","name":"Rodoaed","url":"https:\/\/rodoaed.ee\/","logo":{"@type":"ImageObject","inLanguage":"fi","@id":"https:\/\/rodoaed.ee\/#\/schema\/logo\/image\/","url":"https:\/\/rodoaed.ee\/wp-content\/uploads\/2019\/11\/rodoaed-logo-ilma-taustata.jpg","contentUrl":"https:\/\/rodoaed.ee\/wp-content\/uploads\/2019\/11\/rodoaed-logo-ilma-taustata.jpg","width":769,"height":268,"caption":"Rodoaed"},"image":{"@id":"https:\/\/rodoaed.ee\/#\/schema\/logo\/image\/"},"sameAs":["https:\/\/www.facebook.com\/kasvuhooned\/","https:\/\/rodoaed.ee"]}]}},"_links":{"self":[{"href":"https:\/\/rodoaed.ee\/fi\/wp-json\/wp\/v2\/product\/52988","targetHints":{"allow":["GET"]}}],"collection":[{"href":"https:\/\/rodoaed.ee\/fi\/wp-json\/wp\/v2\/product"}],"about":[{"href":"https:\/\/rodoaed.ee\/fi\/wp-json\/wp\/v2\/types\/product"}],"wp:featuredmedia":[{"embeddable":true,"href":"https:\/\/rodoaed.ee\/fi\/wp-json\/wp\/v2\/media\/45536"}],"wp:attachment":[{"href":"https:\/\/rodoaed.ee\/fi\/wp-json\/wp\/v2\/media?parent=52988"}],"wp:term":[{"taxonomy":"product_brand","embeddable":true,"href":"https:\/\/rodoaed.ee\/fi\/wp-json\/wp\/v2\/product_brand?post=52988"},{"taxonomy":"product_cat","embeddable":true,"href":"https:\/\/rodoaed.ee\/fi\/wp-json\/wp\/v2\/product_cat?post=52988"},{"taxonomy":"product_tag","embeddable":true,"href":"https:\/\/rodoaed.ee\/fi\/wp-json\/wp\/v2\/product_tag?post=52988"}],"curies":[{"name":"wp","href":"https:\/\/api.w.org\/{rel}","templated":true}]}}