{"id":52989,"date":"2023-07-20T11:15:17","date_gmt":"2023-07-20T08:15:17","guid":{"rendered":"https:\/\/rodoaed.ee\/toode\/turvaikkunatarrat-suoja-ikkunaan-lentavia-lintuja-vastaan-valkoinen\/"},"modified":"2026-04-13T10:58:25","modified_gmt":"2026-04-13T07:58:25","slug":"turvaikkunatarrat-suoja-ikkunaan-lentavia-lintuja-vastaan-valkoinen","status":"publish","type":"product","link":"https:\/\/rodoaed.ee\/fi\/tuote\/turvaikkunatarrat-suoja-ikkunaan-lentavia-lintuja-vastaan-valkoinen\/","title":{"rendered":"Turvaikkunatarrat &#8211; suoja ikkunaan lent\u00e4vi\u00e4 lintuja vastaan &#8211; valkoinen"},"content":{"rendered":"<h2>Ikkunatarrat, musta. Est\u00e4\u00e4 lintuja lent\u00e4m\u00e4st\u00e4 ikkunaan. Tarra-arkissa on 3 erikokoista siluettia.  <\/h2>\n<h2>Yksinkertainen v\u00e4line, jolla voidaan est\u00e4\u00e4 monia lintukuolemia.<\/h2>\n<p>Linnut eiv\u00e4t pysty n\u00e4kem\u00e4\u00e4n l\u00e4pin\u00e4kyvi\u00e4 pintoja, kuten ikkunalaseja, ja lent\u00e4v\u00e4t niihin. Puutarhassasi olevat linnut kuolevat usein lent\u00e4m\u00e4ll\u00e4 ikkunoihin. Lasiin lent\u00e4minen on erityisen yleist\u00e4 alkukes\u00e4ll\u00e4, kes\u00e4kuussa, jolloin liikkeell\u00e4 on paljon kokemattomia nuoria lintuja.  <\/p>\n<p>Laajat tutkimukset ovat osoittaneet, ett\u00e4 ikkunaluokkiin lent\u00e4vi\u00e4 lintuja kuolee vuosittain enemm\u00e4n kuin pahamaineiset maltalaiset ja kyproslaiset mets\u00e4st\u00e4j\u00e4t mets\u00e4st\u00e4v\u00e4t. Ja n\u00e4m\u00e4 luvut ovat miljoonia ja miljoonia. Tutkimukset osoittavat, ett\u00e4 jokaista lasin neli\u00f6metri\u00e4 kohden kuolee vuosittain 2 lintua. Jos kauniissa talossasi on esimerkiksi 5 ikkunaa, siell\u00e4 kuolee todenn\u00e4k\u00f6isesti v\u00e4hint\u00e4\u00e4n 15 puutarhalintua joka vuosi.   <\/p>\n<p><strong>T\u00e4m\u00e4 on kuitenkin hyvin helppo est\u00e4\u00e4. N\u00e4m\u00e4 mustat siluetit auttavat lintuja havaitsemaan lasin ja v\u00e4ltt\u00e4m\u00e4\u00e4n t\u00f6rm\u00e4yksi\u00e4. Vuosien k\u00e4yt\u00f6n aikana n\u00e4m\u00e4 tarrat ovat osoittautuneet uskomattoman tehokkaiksi.  <\/strong><\/p>\n<p><strong>Asennus:<\/strong><\/p>\n<p>Levit\u00e4 2-3 siluettia neli\u00f6metri\u00e4 kohden ikkunalasille. Yleens\u00e4 2 siluettia ikkunaa kohti riitt\u00e4\u00e4. Kriittisill\u00e4 alueilla, joilla suuret ikkunat n\u00e4kyv\u00e4t talon l\u00e4pi ja houkuttelevat lintuja lent\u00e4m\u00e4\u00e4n suoraan l\u00e4pi, olisi k\u00e4ytett\u00e4v\u00e4 4 siluettia ikkunaa kohti.  <\/p>\n<p><strong>Materiaali:<\/strong><\/p>\n<p>S\u00e4\u00e4nkest\u00e4v\u00e4 liima lasille, korkealaatuinen muovikalvo, UV-kest\u00e4v\u00e4 liima, joka kest\u00e4\u00e4 useita vuosia ulkona.<\/p>\n<p>Helppo puhdistaa kostealla liinalla. Ei tarvitse hieroa karhealla pinnalla. <\/p>\n<p><span style=\"line-height: 18px;\"> <\/span><\/p>\n<p>&nbsp;<\/p>\n","protected":false},"excerpt":{"rendered":"<p>Ikkunatarrat, musta. Est\u00e4\u00e4 lintuja lent\u00e4m\u00e4st\u00e4 ikkunaan. Tarra-arkissa on 3 erikokoista siluettia. Yksinkertainen v\u00e4line, jolla voidaan est\u00e4\u00e4 monia lintukuolemia. Linnut eiv\u00e4t pysty n\u00e4kem\u00e4\u00e4n l\u00e4pin\u00e4kyvi\u00e4 pintoja, kuten ikkunalaseja, ja lent\u00e4v\u00e4t niihin. Puutarhassasi olevat linnut kuolevat usein lent\u00e4m\u00e4ll\u00e4 ikkunoihin. Lasiin lent\u00e4minen on erityisen yleist\u00e4 alkukes\u00e4ll\u00e4, kes\u00e4kuussa, jolloin liikkeell\u00e4 on paljon kokemattomia nuoria lintuja. Laajat tutkimukset ovat osoittaneet, ett\u00e4 ikkunaluokkiin lent\u00e4vi\u00e4 lintuja kuolee vuosittain enemm\u00e4n kuin pahamaineiset maltalaiset ja&#8230;<\/p>\n","protected":false},"featured_media":17886,"template":"","meta":{"_acf_changed":false},"product_brand":[],"product_cat":[1929,1928,1935,1986,1881,1953,1852,1885,1930,1926,1851,1879,1861,1931],"product_tag":[],"class_list":{"0":"post-52989","1":"product","2":"type-product","3":"status-publish","4":"has-post-thumbnail","6":"product_cat-aviary-1mr-lahja-puutarhan-ystavalle","7":"product_cat-avoimet-pesalaatikot-lepidoptera-punarintaiset-hedelmalinnut-kaki-pensastasku-pensastasku-varpuspollo-varpuspollo-varpuspollo","8":"product_cat-harrastepuutarhan-pesalaatikot","9":"product_cat-kovakuoriaisen-pesakotelo","10":"product_cat-kultasirkun-pesakotelo","11":"product_cat-lintujen-pesakotelot","12":"product_cat-lintujen-tarvikkeet","13":"product_cat-merimetson-pesalaatikko","14":"product_cat-pesakotelo-2m","15":"product_cat-pesakotelosarjat","16":"product_cat-pesakotelot","17":"product_cat-pesalaatikko-1b-tiaiset-varpuslinnut","18":"product_cat-puiset-pesakotelot","19":"product_cat-turvallinen-pesulaatikko-2gr","20":"product_shipping_class-toimitus-1-3-tyopaivan-kuluessa","21":"pa_variatsioon-ikkunoiden-suojukset-suojaavat-ikkunaan-lentavia-lintuja-vastaan","23":"first","24":"instock","25":"sale","26":"taxable","27":"shipping-taxable","28":"purchasable","29":"product-type-simple"},"acf":[],"yoast_head":"<!-- This site is optimized with the Yoast SEO Premium plugin v27.3 (Yoast SEO v27.3) - https:\/\/yoast.com\/product\/yoast-seo-premium-wordpress\/ -->\n<title>Turvaikkunatarrat - suoja ikkunaan lent\u00e4vi\u00e4 lintuja vastaan - valkoinen - Rodoaed<\/title>\n<meta name=\"robots\" content=\"index, follow, max-snippet:-1, max-image-preview:large, max-video-preview:-1\" \/>\n<link rel=\"canonical\" href=\"https:\/\/rodoaed.ee\/fi\/toode\/turvaikkunatarrat-suoja-ikkunaan-lentavia-lintuja-vastaan-valkoinen\/\" \/>\n<meta property=\"og:locale\" content=\"fi_FI\" \/>\n<meta property=\"og:type\" content=\"article\" \/>\n<meta property=\"og:title\" content=\"Turvaikkunatarrat - suoja ikkunaan lent\u00e4vi\u00e4 lintuja vastaan - valkoinen\" \/>\n<meta property=\"og:description\" content=\"Ikkunatarrat, musta. Est\u00e4\u00e4 lintuja lent\u00e4m\u00e4st\u00e4 ikkunaan. Tarra-arkissa on 3 erikokoista siluettia. Yksinkertainen v\u00e4line, jolla voidaan est\u00e4\u00e4 monia\" \/>\n<meta property=\"og:url\" content=\"https:\/\/rodoaed.ee\/fi\/toode\/turvaikkunatarrat-suoja-ikkunaan-lentavia-lintuja-vastaan-valkoinen\/\" \/>\n<meta property=\"og:site_name\" content=\"Rodoaed\" \/>\n<meta property=\"article:publisher\" content=\"https:\/\/www.facebook.com\/kasvuhooned\/\" \/>\n<meta property=\"article:modified_time\" content=\"2026-04-13T07:58:25+00:00\" \/>\n<meta property=\"og:image\" content=\"https:\/\/rodoaed.ee\/wp-content\/uploads\/2019\/07\/akna-kleepsud_435_01_gross.jpg\" \/>\n\t<meta property=\"og:image:width\" content=\"342\" \/>\n\t<meta property=\"og:image:height\" content=\"400\" \/>\n\t<meta property=\"og:image:type\" content=\"image\/jpeg\" \/>\n<meta name=\"twitter:card\" content=\"summary_large_image\" \/>\n<meta name=\"twitter:label1\" content=\"Arvioitu lukuaika\" \/>\n\t<meta name=\"twitter:data1\" content=\"1 minuutti\" \/>\n<script type=\"application\/ld+json\" class=\"yoast-schema-graph\">{\"@context\":\"https:\\\/\\\/schema.org\",\"@graph\":[{\"@type\":\"WebPage\",\"@id\":\"https:\\\/\\\/rodoaed.ee\\\/fi\\\/toode\\\/turvaikkunatarrat-suoja-ikkunaan-lentavia-lintuja-vastaan-valkoinen\\\/\",\"url\":\"https:\\\/\\\/rodoaed.ee\\\/fi\\\/toode\\\/turvaikkunatarrat-suoja-ikkunaan-lentavia-lintuja-vastaan-valkoinen\\\/\",\"name\":\"Turvaikkunatarrat - suoja ikkunaan lent\u00e4vi\u00e4 lintuja vastaan - valkoinen - Rodoaed\",\"isPartOf\":{\"@id\":\"https:\\\/\\\/rodoaed.ee\\\/#website\"},\"primaryImageOfPage\":{\"@id\":\"https:\\\/\\\/rodoaed.ee\\\/fi\\\/toode\\\/turvaikkunatarrat-suoja-ikkunaan-lentavia-lintuja-vastaan-valkoinen\\\/#primaryimage\"},\"image\":{\"@id\":\"https:\\\/\\\/rodoaed.ee\\\/fi\\\/toode\\\/turvaikkunatarrat-suoja-ikkunaan-lentavia-lintuja-vastaan-valkoinen\\\/#primaryimage\"},\"thumbnailUrl\":\"https:\\\/\\\/rodoaed.ee\\\/wp-content\\\/uploads\\\/2019\\\/07\\\/akna-kleepsud_435_01_gross.jpg\",\"datePublished\":\"2023-07-20T08:15:17+00:00\",\"dateModified\":\"2026-04-13T07:58:25+00:00\",\"breadcrumb\":{\"@id\":\"https:\\\/\\\/rodoaed.ee\\\/fi\\\/toode\\\/turvaikkunatarrat-suoja-ikkunaan-lentavia-lintuja-vastaan-valkoinen\\\/#breadcrumb\"},\"inLanguage\":\"fi\",\"potentialAction\":[{\"@type\":\"ReadAction\",\"target\":[\"https:\\\/\\\/rodoaed.ee\\\/fi\\\/toode\\\/turvaikkunatarrat-suoja-ikkunaan-lentavia-lintuja-vastaan-valkoinen\\\/\"]}]},{\"@type\":\"ImageObject\",\"inLanguage\":\"fi\",\"@id\":\"https:\\\/\\\/rodoaed.ee\\\/fi\\\/toode\\\/turvaikkunatarrat-suoja-ikkunaan-lentavia-lintuja-vastaan-valkoinen\\\/#primaryimage\",\"url\":\"https:\\\/\\\/rodoaed.ee\\\/wp-content\\\/uploads\\\/2019\\\/07\\\/akna-kleepsud_435_01_gross.jpg\",\"contentUrl\":\"https:\\\/\\\/rodoaed.ee\\\/wp-content\\\/uploads\\\/2019\\\/07\\\/akna-kleepsud_435_01_gross.jpg\",\"width\":342,\"height\":400},{\"@type\":\"BreadcrumbList\",\"@id\":\"https:\\\/\\\/rodoaed.ee\\\/fi\\\/toode\\\/turvaikkunatarrat-suoja-ikkunaan-lentavia-lintuja-vastaan-valkoinen\\\/#breadcrumb\",\"itemListElement\":[{\"@type\":\"ListItem\",\"position\":1,\"name\":\"Home\",\"item\":\"https:\\\/\\\/rodoaed.ee\\\/fi\\\/\"},{\"@type\":\"ListItem\",\"position\":2,\"name\":\"Osta osoitteessa\",\"item\":\"https:\\\/\\\/rodoaed.ee\\\/osta-osoitteessa\\\/\"},{\"@type\":\"ListItem\",\"position\":3,\"name\":\"Turvaikkunatarrat &#8211; suoja ikkunaan lent\u00e4vi\u00e4 lintuja vastaan &#8211; valkoinen\"}]},{\"@type\":\"WebSite\",\"@id\":\"https:\\\/\\\/rodoaed.ee\\\/#website\",\"url\":\"https:\\\/\\\/rodoaed.ee\\\/\",\"name\":\"Rodoaed\",\"description\":\"\",\"publisher\":{\"@id\":\"https:\\\/\\\/rodoaed.ee\\\/#organization\"},\"potentialAction\":[{\"@type\":\"SearchAction\",\"target\":{\"@type\":\"EntryPoint\",\"urlTemplate\":\"https:\\\/\\\/rodoaed.ee\\\/?s={search_term_string}\"},\"query-input\":{\"@type\":\"PropertyValueSpecification\",\"valueRequired\":true,\"valueName\":\"search_term_string\"}}],\"inLanguage\":\"fi\"},{\"@type\":\"Organization\",\"@id\":\"https:\\\/\\\/rodoaed.ee\\\/#organization\",\"name\":\"Rodoaed\",\"url\":\"https:\\\/\\\/rodoaed.ee\\\/\",\"logo\":{\"@type\":\"ImageObject\",\"inLanguage\":\"fi\",\"@id\":\"https:\\\/\\\/rodoaed.ee\\\/#\\\/schema\\\/logo\\\/image\\\/\",\"url\":\"https:\\\/\\\/rodoaed.ee\\\/wp-content\\\/uploads\\\/2019\\\/11\\\/rodoaed-logo-ilma-taustata.jpg\",\"contentUrl\":\"https:\\\/\\\/rodoaed.ee\\\/wp-content\\\/uploads\\\/2019\\\/11\\\/rodoaed-logo-ilma-taustata.jpg\",\"width\":769,\"height\":268,\"caption\":\"Rodoaed\"},\"image\":{\"@id\":\"https:\\\/\\\/rodoaed.ee\\\/#\\\/schema\\\/logo\\\/image\\\/\"},\"sameAs\":[\"https:\\\/\\\/www.facebook.com\\\/kasvuhooned\\\/\",\"https:\\\/\\\/rodoaed.ee\"]}]}<\/script>\n<!-- \/ Yoast SEO Premium plugin. -->","yoast_head_json":{"title":"Turvaikkunatarrat - suoja ikkunaan lent\u00e4vi\u00e4 lintuja vastaan - valkoinen - Rodoaed","robots":{"index":"index","follow":"follow","max-snippet":"max-snippet:-1","max-image-preview":"max-image-preview:large","max-video-preview":"max-video-preview:-1"},"canonical":"https:\/\/rodoaed.ee\/fi\/toode\/turvaikkunatarrat-suoja-ikkunaan-lentavia-lintuja-vastaan-valkoinen\/","og_locale":"fi_FI","og_type":"article","og_title":"Turvaikkunatarrat - suoja ikkunaan lent\u00e4vi\u00e4 lintuja vastaan - valkoinen","og_description":"Ikkunatarrat, musta. Est\u00e4\u00e4 lintuja lent\u00e4m\u00e4st\u00e4 ikkunaan. Tarra-arkissa on 3 erikokoista siluettia. Yksinkertainen v\u00e4line, jolla voidaan est\u00e4\u00e4 monia","og_url":"https:\/\/rodoaed.ee\/fi\/toode\/turvaikkunatarrat-suoja-ikkunaan-lentavia-lintuja-vastaan-valkoinen\/","og_site_name":"Rodoaed","article_publisher":"https:\/\/www.facebook.com\/kasvuhooned\/","article_modified_time":"2026-04-13T07:58:25+00:00","og_image":[{"width":342,"height":400,"url":"https:\/\/rodoaed.ee\/wp-content\/uploads\/2019\/07\/akna-kleepsud_435_01_gross.jpg","type":"image\/jpeg"}],"twitter_card":"summary_large_image","twitter_misc":{"Arvioitu lukuaika":"1 minuutti"},"schema":{"@context":"https:\/\/schema.org","@graph":[{"@type":"WebPage","@id":"https:\/\/rodoaed.ee\/fi\/toode\/turvaikkunatarrat-suoja-ikkunaan-lentavia-lintuja-vastaan-valkoinen\/","url":"https:\/\/rodoaed.ee\/fi\/toode\/turvaikkunatarrat-suoja-ikkunaan-lentavia-lintuja-vastaan-valkoinen\/","name":"Turvaikkunatarrat - suoja ikkunaan lent\u00e4vi\u00e4 lintuja vastaan - valkoinen - Rodoaed","isPartOf":{"@id":"https:\/\/rodoaed.ee\/#website"},"primaryImageOfPage":{"@id":"https:\/\/rodoaed.ee\/fi\/toode\/turvaikkunatarrat-suoja-ikkunaan-lentavia-lintuja-vastaan-valkoinen\/#primaryimage"},"image":{"@id":"https:\/\/rodoaed.ee\/fi\/toode\/turvaikkunatarrat-suoja-ikkunaan-lentavia-lintuja-vastaan-valkoinen\/#primaryimage"},"thumbnailUrl":"https:\/\/rodoaed.ee\/wp-content\/uploads\/2019\/07\/akna-kleepsud_435_01_gross.jpg","datePublished":"2023-07-20T08:15:17+00:00","dateModified":"2026-04-13T07:58:25+00:00","breadcrumb":{"@id":"https:\/\/rodoaed.ee\/fi\/toode\/turvaikkunatarrat-suoja-ikkunaan-lentavia-lintuja-vastaan-valkoinen\/#breadcrumb"},"inLanguage":"fi","potentialAction":[{"@type":"ReadAction","target":["https:\/\/rodoaed.ee\/fi\/toode\/turvaikkunatarrat-suoja-ikkunaan-lentavia-lintuja-vastaan-valkoinen\/"]}]},{"@type":"ImageObject","inLanguage":"fi","@id":"https:\/\/rodoaed.ee\/fi\/toode\/turvaikkunatarrat-suoja-ikkunaan-lentavia-lintuja-vastaan-valkoinen\/#primaryimage","url":"https:\/\/rodoaed.ee\/wp-content\/uploads\/2019\/07\/akna-kleepsud_435_01_gross.jpg","contentUrl":"https:\/\/rodoaed.ee\/wp-content\/uploads\/2019\/07\/akna-kleepsud_435_01_gross.jpg","width":342,"height":400},{"@type":"BreadcrumbList","@id":"https:\/\/rodoaed.ee\/fi\/toode\/turvaikkunatarrat-suoja-ikkunaan-lentavia-lintuja-vastaan-valkoinen\/#breadcrumb","itemListElement":[{"@type":"ListItem","position":1,"name":"Home","item":"https:\/\/rodoaed.ee\/fi\/"},{"@type":"ListItem","position":2,"name":"Osta osoitteessa","item":"https:\/\/rodoaed.ee\/osta-osoitteessa\/"},{"@type":"ListItem","position":3,"name":"Turvaikkunatarrat &#8211; suoja ikkunaan lent\u00e4vi\u00e4 lintuja vastaan &#8211; valkoinen"}]},{"@type":"WebSite","@id":"https:\/\/rodoaed.ee\/#website","url":"https:\/\/rodoaed.ee\/","name":"Rodoaed","description":"","publisher":{"@id":"https:\/\/rodoaed.ee\/#organization"},"potentialAction":[{"@type":"SearchAction","target":{"@type":"EntryPoint","urlTemplate":"https:\/\/rodoaed.ee\/?s={search_term_string}"},"query-input":{"@type":"PropertyValueSpecification","valueRequired":true,"valueName":"search_term_string"}}],"inLanguage":"fi"},{"@type":"Organization","@id":"https:\/\/rodoaed.ee\/#organization","name":"Rodoaed","url":"https:\/\/rodoaed.ee\/","logo":{"@type":"ImageObject","inLanguage":"fi","@id":"https:\/\/rodoaed.ee\/#\/schema\/logo\/image\/","url":"https:\/\/rodoaed.ee\/wp-content\/uploads\/2019\/11\/rodoaed-logo-ilma-taustata.jpg","contentUrl":"https:\/\/rodoaed.ee\/wp-content\/uploads\/2019\/11\/rodoaed-logo-ilma-taustata.jpg","width":769,"height":268,"caption":"Rodoaed"},"image":{"@id":"https:\/\/rodoaed.ee\/#\/schema\/logo\/image\/"},"sameAs":["https:\/\/www.facebook.com\/kasvuhooned\/","https:\/\/rodoaed.ee"]}]}},"_links":{"self":[{"href":"https:\/\/rodoaed.ee\/fi\/wp-json\/wp\/v2\/product\/52989","targetHints":{"allow":["GET"]}}],"collection":[{"href":"https:\/\/rodoaed.ee\/fi\/wp-json\/wp\/v2\/product"}],"about":[{"href":"https:\/\/rodoaed.ee\/fi\/wp-json\/wp\/v2\/types\/product"}],"wp:featuredmedia":[{"embeddable":true,"href":"https:\/\/rodoaed.ee\/fi\/wp-json\/wp\/v2\/media\/17886"}],"wp:attachment":[{"href":"https:\/\/rodoaed.ee\/fi\/wp-json\/wp\/v2\/media?parent=52989"}],"wp:term":[{"taxonomy":"product_brand","embeddable":true,"href":"https:\/\/rodoaed.ee\/fi\/wp-json\/wp\/v2\/product_brand?post=52989"},{"taxonomy":"product_cat","embeddable":true,"href":"https:\/\/rodoaed.ee\/fi\/wp-json\/wp\/v2\/product_cat?post=52989"},{"taxonomy":"product_tag","embeddable":true,"href":"https:\/\/rodoaed.ee\/fi\/wp-json\/wp\/v2\/product_tag?post=52989"}],"curies":[{"name":"wp","href":"https:\/\/api.w.org\/{rel}","templated":true}]}}