{"id":52990,"date":"2023-10-31T16:05:26","date_gmt":"2023-10-31T14:05:26","guid":{"rendered":"https:\/\/rodoaed.ee\/toode\/rasvapallot-katevassa-laatikossa-50kpl-4500g-varastossa\/"},"modified":"2026-04-13T10:58:27","modified_gmt":"2026-04-13T07:58:27","slug":"rasvapallot-katevassa-laatikossa-50kpl-4500g-varastossa","status":"publish","type":"product","link":"https:\/\/rodoaed.ee\/fi\/tuote\/rasvapallot-katevassa-laatikossa-50kpl-4500g-varastossa\/","title":{"rendered":"Rasvapallot k\u00e4tev\u00e4ss\u00e4 laatikossa 50kpl 4500g- VARASTOSSA!"},"content":{"rendered":"<h2>Lintujen ruokintaan tarkoitetut rasvapallot<\/h2>\n<p><strong>HUOM N\u00e4m\u00e4 ovat linnuille turvallisia ruokapalloja ilman verkkoja !<\/strong><\/p>\n<p><strong>Koostumus:<\/strong><\/p>\n<p>Viljahiutaleet, vehn\u00e4, el\u00e4inrasva, auringonkukansiemenet, kaurahiutaleet, kivenn\u00e4isaineet.<\/p>\n<p><strong>Aseta:<\/strong><\/p>\n<p>50 rasvapallon sarja<\/p>\n<p><span style=\"text-decoration: underline;\">Pakattu ilman verkkoa, jotta se on t\u00e4ysin turvallinen linnuille.<\/span><\/p>\n<p><strong>Paino:<\/strong><\/p>\n<p>4500 g<\/p>\n<p>&nbsp;<\/p>\n","protected":false},"excerpt":{"rendered":"<p>Lintujen ruokintaan tarkoitetut rasvapallot HUOM N\u00e4m\u00e4 ovat linnuille turvallisia ruokapalloja ilman verkkoja ! Koostumus: Viljahiutaleet, vehn\u00e4, el\u00e4inrasva, auringonkukansiemenet, kaurahiutaleet, kivenn\u00e4isaineet. Aseta: 50 rasvapallon sarja Pakattu ilman verkkoa, jotta se on t\u00e4ysin turvallinen linnuille. Paino: 4500 g &nbsp;<\/p>\n","protected":false},"featured_media":46047,"template":"","meta":{"_acf_changed":false},"product_brand":[],"product_cat":[1767,1775],"product_tag":[],"class_list":{"0":"post-52990","1":"product","2":"type-product","3":"status-publish","4":"has-post-thumbnail","6":"product_cat-linnaillalliset-ja-linnan-ravintolat","7":"product_cat-rasvapallot-linnuille","8":"product_shipping_class-toimitus-1-3-tyopaivan-kuluessa","9":"pa_variatsioon-erikoistarjous-5-pakkausta-rasvapalloja-50-pois-paalta","11":"first","12":"instock","13":"sale","14":"taxable","15":"shipping-taxable","16":"purchasable","17":"product-type-simple"},"acf":[],"yoast_head":"<!-- This site is optimized with the Yoast SEO Premium plugin v27.3 (Yoast SEO v27.3) - https:\/\/yoast.com\/product\/yoast-seo-premium-wordpress\/ -->\n<title>Rasvapallot k\u00e4tev\u00e4ss\u00e4 laatikossa 50kpl 4500g- VARASTOSSA! - Rodoaed<\/title>\n<meta name=\"robots\" content=\"index, follow, max-snippet:-1, max-image-preview:large, max-video-preview:-1\" \/>\n<link rel=\"canonical\" href=\"https:\/\/rodoaed.ee\/fi\/toode\/rasvapallot-katevassa-laatikossa-50kpl-4500g-varastossa\/\" \/>\n<meta property=\"og:locale\" content=\"fi_FI\" \/>\n<meta property=\"og:type\" content=\"article\" \/>\n<meta property=\"og:title\" content=\"Rasvapallot k\u00e4tev\u00e4ss\u00e4 laatikossa 50kpl 4500g- VARASTOSSA!\" \/>\n<meta property=\"og:description\" content=\"Lintujen ruokintaan tarkoitetut rasvapallot HUOM N\u00e4m\u00e4 ovat linnuille turvallisia ruokapalloja ilman verkkoja ! Koostumus: Viljahiutaleet, vehn\u00e4,\" \/>\n<meta property=\"og:url\" content=\"https:\/\/rodoaed.ee\/fi\/toode\/rasvapallot-katevassa-laatikossa-50kpl-4500g-varastossa\/\" \/>\n<meta property=\"og:site_name\" content=\"Rodoaed\" \/>\n<meta property=\"article:publisher\" content=\"https:\/\/www.facebook.com\/kasvuhooned\/\" \/>\n<meta property=\"article:modified_time\" content=\"2026-04-13T07:58:27+00:00\" \/>\n<meta property=\"og:image\" content=\"https:\/\/rodoaed.ee\/wp-content\/uploads\/2023\/10\/rasvapallid-karbis_2.jpeg\" \/>\n\t<meta property=\"og:image:width\" content=\"572\" \/>\n\t<meta property=\"og:image:height\" content=\"502\" \/>\n\t<meta property=\"og:image:type\" content=\"image\/jpeg\" \/>\n<meta name=\"twitter:card\" content=\"summary_large_image\" \/>\n<script type=\"application\/ld+json\" class=\"yoast-schema-graph\">{\"@context\":\"https:\\\/\\\/schema.org\",\"@graph\":[{\"@type\":\"WebPage\",\"@id\":\"https:\\\/\\\/rodoaed.ee\\\/fi\\\/toode\\\/rasvapallot-katevassa-laatikossa-50kpl-4500g-varastossa\\\/\",\"url\":\"https:\\\/\\\/rodoaed.ee\\\/fi\\\/toode\\\/rasvapallot-katevassa-laatikossa-50kpl-4500g-varastossa\\\/\",\"name\":\"Rasvapallot k\u00e4tev\u00e4ss\u00e4 laatikossa 50kpl 4500g- VARASTOSSA! - Rodoaed\",\"isPartOf\":{\"@id\":\"https:\\\/\\\/rodoaed.ee\\\/#website\"},\"primaryImageOfPage\":{\"@id\":\"https:\\\/\\\/rodoaed.ee\\\/fi\\\/toode\\\/rasvapallot-katevassa-laatikossa-50kpl-4500g-varastossa\\\/#primaryimage\"},\"image\":{\"@id\":\"https:\\\/\\\/rodoaed.ee\\\/fi\\\/toode\\\/rasvapallot-katevassa-laatikossa-50kpl-4500g-varastossa\\\/#primaryimage\"},\"thumbnailUrl\":\"https:\\\/\\\/rodoaed.ee\\\/wp-content\\\/uploads\\\/2023\\\/10\\\/rasvapallid-karbis_2.jpeg\",\"datePublished\":\"2023-10-31T14:05:26+00:00\",\"dateModified\":\"2026-04-13T07:58:27+00:00\",\"breadcrumb\":{\"@id\":\"https:\\\/\\\/rodoaed.ee\\\/fi\\\/toode\\\/rasvapallot-katevassa-laatikossa-50kpl-4500g-varastossa\\\/#breadcrumb\"},\"inLanguage\":\"fi\",\"potentialAction\":[{\"@type\":\"ReadAction\",\"target\":[\"https:\\\/\\\/rodoaed.ee\\\/fi\\\/toode\\\/rasvapallot-katevassa-laatikossa-50kpl-4500g-varastossa\\\/\"]}]},{\"@type\":\"ImageObject\",\"inLanguage\":\"fi\",\"@id\":\"https:\\\/\\\/rodoaed.ee\\\/fi\\\/toode\\\/rasvapallot-katevassa-laatikossa-50kpl-4500g-varastossa\\\/#primaryimage\",\"url\":\"https:\\\/\\\/rodoaed.ee\\\/wp-content\\\/uploads\\\/2023\\\/10\\\/rasvapallid-karbis_2.jpeg\",\"contentUrl\":\"https:\\\/\\\/rodoaed.ee\\\/wp-content\\\/uploads\\\/2023\\\/10\\\/rasvapallid-karbis_2.jpeg\",\"width\":572,\"height\":502},{\"@type\":\"BreadcrumbList\",\"@id\":\"https:\\\/\\\/rodoaed.ee\\\/fi\\\/toode\\\/rasvapallot-katevassa-laatikossa-50kpl-4500g-varastossa\\\/#breadcrumb\",\"itemListElement\":[{\"@type\":\"ListItem\",\"position\":1,\"name\":\"Home\",\"item\":\"https:\\\/\\\/rodoaed.ee\\\/fi\\\/\"},{\"@type\":\"ListItem\",\"position\":2,\"name\":\"Osta osoitteessa\",\"item\":\"https:\\\/\\\/rodoaed.ee\\\/osta-osoitteessa\\\/\"},{\"@type\":\"ListItem\",\"position\":3,\"name\":\"Rasvapallot k\u00e4tev\u00e4ss\u00e4 laatikossa 50kpl 4500g- VARASTOSSA!\"}]},{\"@type\":\"WebSite\",\"@id\":\"https:\\\/\\\/rodoaed.ee\\\/#website\",\"url\":\"https:\\\/\\\/rodoaed.ee\\\/\",\"name\":\"Rodoaed\",\"description\":\"\",\"publisher\":{\"@id\":\"https:\\\/\\\/rodoaed.ee\\\/#organization\"},\"potentialAction\":[{\"@type\":\"SearchAction\",\"target\":{\"@type\":\"EntryPoint\",\"urlTemplate\":\"https:\\\/\\\/rodoaed.ee\\\/?s={search_term_string}\"},\"query-input\":{\"@type\":\"PropertyValueSpecification\",\"valueRequired\":true,\"valueName\":\"search_term_string\"}}],\"inLanguage\":\"fi\"},{\"@type\":\"Organization\",\"@id\":\"https:\\\/\\\/rodoaed.ee\\\/#organization\",\"name\":\"Rodoaed\",\"url\":\"https:\\\/\\\/rodoaed.ee\\\/\",\"logo\":{\"@type\":\"ImageObject\",\"inLanguage\":\"fi\",\"@id\":\"https:\\\/\\\/rodoaed.ee\\\/#\\\/schema\\\/logo\\\/image\\\/\",\"url\":\"https:\\\/\\\/rodoaed.ee\\\/wp-content\\\/uploads\\\/2019\\\/11\\\/rodoaed-logo-ilma-taustata.jpg\",\"contentUrl\":\"https:\\\/\\\/rodoaed.ee\\\/wp-content\\\/uploads\\\/2019\\\/11\\\/rodoaed-logo-ilma-taustata.jpg\",\"width\":769,\"height\":268,\"caption\":\"Rodoaed\"},\"image\":{\"@id\":\"https:\\\/\\\/rodoaed.ee\\\/#\\\/schema\\\/logo\\\/image\\\/\"},\"sameAs\":[\"https:\\\/\\\/www.facebook.com\\\/kasvuhooned\\\/\",\"https:\\\/\\\/rodoaed.ee\"]}]}<\/script>\n<!-- \/ Yoast SEO Premium plugin. -->","yoast_head_json":{"title":"Rasvapallot k\u00e4tev\u00e4ss\u00e4 laatikossa 50kpl 4500g- VARASTOSSA! - Rodoaed","robots":{"index":"index","follow":"follow","max-snippet":"max-snippet:-1","max-image-preview":"max-image-preview:large","max-video-preview":"max-video-preview:-1"},"canonical":"https:\/\/rodoaed.ee\/fi\/toode\/rasvapallot-katevassa-laatikossa-50kpl-4500g-varastossa\/","og_locale":"fi_FI","og_type":"article","og_title":"Rasvapallot k\u00e4tev\u00e4ss\u00e4 laatikossa 50kpl 4500g- VARASTOSSA!","og_description":"Lintujen ruokintaan tarkoitetut rasvapallot HUOM N\u00e4m\u00e4 ovat linnuille turvallisia ruokapalloja ilman verkkoja ! Koostumus: Viljahiutaleet, vehn\u00e4,","og_url":"https:\/\/rodoaed.ee\/fi\/toode\/rasvapallot-katevassa-laatikossa-50kpl-4500g-varastossa\/","og_site_name":"Rodoaed","article_publisher":"https:\/\/www.facebook.com\/kasvuhooned\/","article_modified_time":"2026-04-13T07:58:27+00:00","og_image":[{"width":572,"height":502,"url":"https:\/\/rodoaed.ee\/wp-content\/uploads\/2023\/10\/rasvapallid-karbis_2.jpeg","type":"image\/jpeg"}],"twitter_card":"summary_large_image","schema":{"@context":"https:\/\/schema.org","@graph":[{"@type":"WebPage","@id":"https:\/\/rodoaed.ee\/fi\/toode\/rasvapallot-katevassa-laatikossa-50kpl-4500g-varastossa\/","url":"https:\/\/rodoaed.ee\/fi\/toode\/rasvapallot-katevassa-laatikossa-50kpl-4500g-varastossa\/","name":"Rasvapallot k\u00e4tev\u00e4ss\u00e4 laatikossa 50kpl 4500g- VARASTOSSA! - Rodoaed","isPartOf":{"@id":"https:\/\/rodoaed.ee\/#website"},"primaryImageOfPage":{"@id":"https:\/\/rodoaed.ee\/fi\/toode\/rasvapallot-katevassa-laatikossa-50kpl-4500g-varastossa\/#primaryimage"},"image":{"@id":"https:\/\/rodoaed.ee\/fi\/toode\/rasvapallot-katevassa-laatikossa-50kpl-4500g-varastossa\/#primaryimage"},"thumbnailUrl":"https:\/\/rodoaed.ee\/wp-content\/uploads\/2023\/10\/rasvapallid-karbis_2.jpeg","datePublished":"2023-10-31T14:05:26+00:00","dateModified":"2026-04-13T07:58:27+00:00","breadcrumb":{"@id":"https:\/\/rodoaed.ee\/fi\/toode\/rasvapallot-katevassa-laatikossa-50kpl-4500g-varastossa\/#breadcrumb"},"inLanguage":"fi","potentialAction":[{"@type":"ReadAction","target":["https:\/\/rodoaed.ee\/fi\/toode\/rasvapallot-katevassa-laatikossa-50kpl-4500g-varastossa\/"]}]},{"@type":"ImageObject","inLanguage":"fi","@id":"https:\/\/rodoaed.ee\/fi\/toode\/rasvapallot-katevassa-laatikossa-50kpl-4500g-varastossa\/#primaryimage","url":"https:\/\/rodoaed.ee\/wp-content\/uploads\/2023\/10\/rasvapallid-karbis_2.jpeg","contentUrl":"https:\/\/rodoaed.ee\/wp-content\/uploads\/2023\/10\/rasvapallid-karbis_2.jpeg","width":572,"height":502},{"@type":"BreadcrumbList","@id":"https:\/\/rodoaed.ee\/fi\/toode\/rasvapallot-katevassa-laatikossa-50kpl-4500g-varastossa\/#breadcrumb","itemListElement":[{"@type":"ListItem","position":1,"name":"Home","item":"https:\/\/rodoaed.ee\/fi\/"},{"@type":"ListItem","position":2,"name":"Osta osoitteessa","item":"https:\/\/rodoaed.ee\/osta-osoitteessa\/"},{"@type":"ListItem","position":3,"name":"Rasvapallot k\u00e4tev\u00e4ss\u00e4 laatikossa 50kpl 4500g- VARASTOSSA!"}]},{"@type":"WebSite","@id":"https:\/\/rodoaed.ee\/#website","url":"https:\/\/rodoaed.ee\/","name":"Rodoaed","description":"","publisher":{"@id":"https:\/\/rodoaed.ee\/#organization"},"potentialAction":[{"@type":"SearchAction","target":{"@type":"EntryPoint","urlTemplate":"https:\/\/rodoaed.ee\/?s={search_term_string}"},"query-input":{"@type":"PropertyValueSpecification","valueRequired":true,"valueName":"search_term_string"}}],"inLanguage":"fi"},{"@type":"Organization","@id":"https:\/\/rodoaed.ee\/#organization","name":"Rodoaed","url":"https:\/\/rodoaed.ee\/","logo":{"@type":"ImageObject","inLanguage":"fi","@id":"https:\/\/rodoaed.ee\/#\/schema\/logo\/image\/","url":"https:\/\/rodoaed.ee\/wp-content\/uploads\/2019\/11\/rodoaed-logo-ilma-taustata.jpg","contentUrl":"https:\/\/rodoaed.ee\/wp-content\/uploads\/2019\/11\/rodoaed-logo-ilma-taustata.jpg","width":769,"height":268,"caption":"Rodoaed"},"image":{"@id":"https:\/\/rodoaed.ee\/#\/schema\/logo\/image\/"},"sameAs":["https:\/\/www.facebook.com\/kasvuhooned\/","https:\/\/rodoaed.ee"]}]}},"_links":{"self":[{"href":"https:\/\/rodoaed.ee\/fi\/wp-json\/wp\/v2\/product\/52990","targetHints":{"allow":["GET"]}}],"collection":[{"href":"https:\/\/rodoaed.ee\/fi\/wp-json\/wp\/v2\/product"}],"about":[{"href":"https:\/\/rodoaed.ee\/fi\/wp-json\/wp\/v2\/types\/product"}],"wp:featuredmedia":[{"embeddable":true,"href":"https:\/\/rodoaed.ee\/fi\/wp-json\/wp\/v2\/media\/46047"}],"wp:attachment":[{"href":"https:\/\/rodoaed.ee\/fi\/wp-json\/wp\/v2\/media?parent=52990"}],"wp:term":[{"taxonomy":"product_brand","embeddable":true,"href":"https:\/\/rodoaed.ee\/fi\/wp-json\/wp\/v2\/product_brand?post=52990"},{"taxonomy":"product_cat","embeddable":true,"href":"https:\/\/rodoaed.ee\/fi\/wp-json\/wp\/v2\/product_cat?post=52990"},{"taxonomy":"product_tag","embeddable":true,"href":"https:\/\/rodoaed.ee\/fi\/wp-json\/wp\/v2\/product_tag?post=52990"}],"curies":[{"name":"wp","href":"https:\/\/api.w.org\/{rel}","templated":true}]}}