{"id":52996,"date":"2024-01-10T15:18:17","date_gmt":"2024-01-10T13:18:17","guid":{"rendered":"https:\/\/rodoaed.ee\/toode\/kibe-paprika-kilian-keskikokoinen-palot-8cm\/"},"modified":"2026-04-13T10:58:36","modified_gmt":"2026-04-13T07:58:36","slug":"kibe-paprika-kilian-keskikokoinen-palot-8cm","status":"publish","type":"product","link":"https:\/\/rodoaed.ee\/fi\/tuote\/kibe-paprika-kilian-keskikokoinen-palot-8cm\/","title":{"rendered":"Kibe-paprika Kilian- keskikokoinen, palot 8cm"},"content":{"rendered":"<h2>Keskikokoinen aikainen oranssi lajike<\/h2>\n<p>Capsicum annuum L.<\/p>\n<p>Kilian on keskikokoinen lajike. Kukkien pituus on jopa 8 cm, hedelm\u00e4lihan paksuus 3 mm, v\u00e4ri oranssi. Siemenet it\u00e4v\u00e4t 14-22 p\u00e4iv\u00e4ss\u00e4. Voidaan kasvattaa kasvihuoneessa ja my\u00f6s ruukkukasvina sis\u00e4tiloissa, mutta istutetaan avomaalle vasta y\u00f6pakkasten j\u00e4lkeen.   <\/p>\n<p>Pakkaus sis\u00e4lt\u00e4\u00e4 0,5 g siemeni\u00e4<\/p>\n<p>&nbsp;<\/p>\n<p><a href=\"https:\/\/rodoaed.ee\/fi\/\">kotisivu<\/a> <a href=\"https:\/\/rodoaed.ee\/fi\/tootekategooria\/puutarha-ja-piha\/\">k\u00e4ynnist\u00e4<\/a>  <a href=\"https:\/\/rodoaed.ee\/fi\/tootekategooria\/puutarha-ja-piha\/siemenet\/\">siemenet<\/a><\/p>\n<p>&nbsp;<\/p>\n","protected":false},"excerpt":{"rendered":"<p>Keskikokoinen aikainen oranssi lajike Capsicum annuum L. Kilian on keskikokoinen lajike. Kukkien pituus on jopa 8 cm, hedelm\u00e4lihan paksuus 3 mm, v\u00e4ri oranssi. Siemenet it\u00e4v\u00e4t 14-22 p\u00e4iv\u00e4ss\u00e4. Voidaan kasvattaa kasvihuoneessa ja my\u00f6s ruukkukasvina sis\u00e4tiloissa, mutta istutetaan avomaalle vasta y\u00f6pakkasten j\u00e4lkeen. Pakkaus sis\u00e4lt\u00e4\u00e4 0,5 g siemeni\u00e4 &nbsp; kotisivu k\u00e4ynnist\u00e4 siemenet &nbsp;<\/p>\n","protected":false},"featured_media":46384,"template":"","meta":{"_acf_changed":false},"product_brand":[],"product_cat":[1990,1752,1753],"product_tag":[],"class_list":{"0":"post-52996","1":"product","2":"type-product","3":"status-publish","4":"has-post-thumbnail","6":"product_cat-chilin-siemenet","7":"product_cat-puutarha-ja-piha","8":"product_cat-siemenet","9":"product_shipping_class-toimitus-1-3-tyopaivan-kuluessa","10":"pa_variatsioon-suuri-blumatin-automaattinen-kastelujarjestelma-jossa-on-40-anturia-ja-vesihanaliitanta","12":"first","13":"instock","14":"taxable","15":"shipping-taxable","16":"purchasable","17":"product-type-simple"},"acf":[],"yoast_head":"<!-- This site is optimized with the Yoast SEO Premium plugin v27.3 (Yoast SEO v27.3) - https:\/\/yoast.com\/product\/yoast-seo-premium-wordpress\/ -->\n<title>Kibe-paprika Kilian- keskikokoinen, palot 8cm - Rodoaed<\/title>\n<meta name=\"description\" content=\"Vihannesten siemeni\u00e4 Euroopan ja Viron parhailta tuottajilta. Kasvihuoneeseen ja avomaalle soveltuvat j\u00e4lkitestatut siemenet.\" \/>\n<meta name=\"robots\" content=\"index, follow, max-snippet:-1, max-image-preview:large, max-video-preview:-1\" \/>\n<link rel=\"canonical\" href=\"https:\/\/rodoaed.ee\/fi\/toode\/kibe-paprika-kilian-keskikokoinen-palot-8cm\/\" \/>\n<meta property=\"og:locale\" content=\"fi_FI\" \/>\n<meta property=\"og:type\" content=\"article\" \/>\n<meta property=\"og:title\" content=\"Kibe-paprika Kilian- keskikokoinen, palot 8cm\" \/>\n<meta property=\"og:description\" content=\"Keskikokoinen aikainen oranssi lajike Capsicum annuum L. Kilian on keskikokoinen lajike. Kukkien pituus on jopa 8 cm, hedelm\u00e4lihan paksuus 3 mm, v\u00e4ri\" \/>\n<meta property=\"og:url\" content=\"https:\/\/rodoaed.ee\/fi\/toode\/kibe-paprika-kilian-keskikokoinen-palot-8cm\/\" \/>\n<meta property=\"og:site_name\" content=\"Rodoaed\" \/>\n<meta property=\"article:publisher\" content=\"https:\/\/www.facebook.com\/kasvuhooned\/\" \/>\n<meta property=\"article:modified_time\" content=\"2026-04-13T07:58:36+00:00\" \/>\n<meta property=\"og:image\" content=\"https:\/\/rodoaed.ee\/wp-content\/uploads\/2024\/01\/kibepipar-kilian_15026-L2550-686x1200-1.jpeg\" \/>\n\t<meta property=\"og:image:width\" content=\"686\" \/>\n\t<meta property=\"og:image:height\" content=\"1200\" \/>\n\t<meta property=\"og:image:type\" content=\"image\/jpeg\" \/>\n<meta name=\"twitter:card\" content=\"summary_large_image\" \/>\n<script type=\"application\/ld+json\" class=\"yoast-schema-graph\">{\"@context\":\"https:\\\/\\\/schema.org\",\"@graph\":[{\"@type\":\"WebPage\",\"@id\":\"https:\\\/\\\/rodoaed.ee\\\/fi\\\/toode\\\/kibe-paprika-kilian-keskikokoinen-palot-8cm\\\/\",\"url\":\"https:\\\/\\\/rodoaed.ee\\\/fi\\\/toode\\\/kibe-paprika-kilian-keskikokoinen-palot-8cm\\\/\",\"name\":\"Kibe-paprika Kilian- keskikokoinen, palot 8cm - Rodoaed\",\"isPartOf\":{\"@id\":\"https:\\\/\\\/rodoaed.ee\\\/#website\"},\"primaryImageOfPage\":{\"@id\":\"https:\\\/\\\/rodoaed.ee\\\/fi\\\/toode\\\/kibe-paprika-kilian-keskikokoinen-palot-8cm\\\/#primaryimage\"},\"image\":{\"@id\":\"https:\\\/\\\/rodoaed.ee\\\/fi\\\/toode\\\/kibe-paprika-kilian-keskikokoinen-palot-8cm\\\/#primaryimage\"},\"thumbnailUrl\":\"https:\\\/\\\/rodoaed.ee\\\/wp-content\\\/uploads\\\/2024\\\/01\\\/kibepipar-kilian_15026-L2550-686x1200-1.jpeg\",\"datePublished\":\"2024-01-10T13:18:17+00:00\",\"dateModified\":\"2026-04-13T07:58:36+00:00\",\"description\":\"Vihannesten siemeni\u00e4 Euroopan ja Viron parhailta tuottajilta. Kasvihuoneeseen ja avomaalle soveltuvat j\u00e4lkitestatut siemenet.\",\"breadcrumb\":{\"@id\":\"https:\\\/\\\/rodoaed.ee\\\/fi\\\/toode\\\/kibe-paprika-kilian-keskikokoinen-palot-8cm\\\/#breadcrumb\"},\"inLanguage\":\"fi\",\"potentialAction\":[{\"@type\":\"ReadAction\",\"target\":[\"https:\\\/\\\/rodoaed.ee\\\/fi\\\/toode\\\/kibe-paprika-kilian-keskikokoinen-palot-8cm\\\/\"]}]},{\"@type\":\"ImageObject\",\"inLanguage\":\"fi\",\"@id\":\"https:\\\/\\\/rodoaed.ee\\\/fi\\\/toode\\\/kibe-paprika-kilian-keskikokoinen-palot-8cm\\\/#primaryimage\",\"url\":\"https:\\\/\\\/rodoaed.ee\\\/wp-content\\\/uploads\\\/2024\\\/01\\\/kibepipar-kilian_15026-L2550-686x1200-1.jpeg\",\"contentUrl\":\"https:\\\/\\\/rodoaed.ee\\\/wp-content\\\/uploads\\\/2024\\\/01\\\/kibepipar-kilian_15026-L2550-686x1200-1.jpeg\",\"width\":686,\"height\":1200},{\"@type\":\"BreadcrumbList\",\"@id\":\"https:\\\/\\\/rodoaed.ee\\\/fi\\\/toode\\\/kibe-paprika-kilian-keskikokoinen-palot-8cm\\\/#breadcrumb\",\"itemListElement\":[{\"@type\":\"ListItem\",\"position\":1,\"name\":\"Home\",\"item\":\"https:\\\/\\\/rodoaed.ee\\\/fi\\\/\"},{\"@type\":\"ListItem\",\"position\":2,\"name\":\"Osta osoitteessa\",\"item\":\"https:\\\/\\\/rodoaed.ee\\\/osta-osoitteessa\\\/\"},{\"@type\":\"ListItem\",\"position\":3,\"name\":\"Kibe-paprika Kilian- keskikokoinen, palot 8cm\"}]},{\"@type\":\"WebSite\",\"@id\":\"https:\\\/\\\/rodoaed.ee\\\/#website\",\"url\":\"https:\\\/\\\/rodoaed.ee\\\/\",\"name\":\"Rodoaed\",\"description\":\"\",\"publisher\":{\"@id\":\"https:\\\/\\\/rodoaed.ee\\\/#organization\"},\"potentialAction\":[{\"@type\":\"SearchAction\",\"target\":{\"@type\":\"EntryPoint\",\"urlTemplate\":\"https:\\\/\\\/rodoaed.ee\\\/?s={search_term_string}\"},\"query-input\":{\"@type\":\"PropertyValueSpecification\",\"valueRequired\":true,\"valueName\":\"search_term_string\"}}],\"inLanguage\":\"fi\"},{\"@type\":\"Organization\",\"@id\":\"https:\\\/\\\/rodoaed.ee\\\/#organization\",\"name\":\"Rodoaed\",\"url\":\"https:\\\/\\\/rodoaed.ee\\\/\",\"logo\":{\"@type\":\"ImageObject\",\"inLanguage\":\"fi\",\"@id\":\"https:\\\/\\\/rodoaed.ee\\\/#\\\/schema\\\/logo\\\/image\\\/\",\"url\":\"https:\\\/\\\/rodoaed.ee\\\/wp-content\\\/uploads\\\/2019\\\/11\\\/rodoaed-logo-ilma-taustata.jpg\",\"contentUrl\":\"https:\\\/\\\/rodoaed.ee\\\/wp-content\\\/uploads\\\/2019\\\/11\\\/rodoaed-logo-ilma-taustata.jpg\",\"width\":769,\"height\":268,\"caption\":\"Rodoaed\"},\"image\":{\"@id\":\"https:\\\/\\\/rodoaed.ee\\\/#\\\/schema\\\/logo\\\/image\\\/\"},\"sameAs\":[\"https:\\\/\\\/www.facebook.com\\\/kasvuhooned\\\/\",\"https:\\\/\\\/rodoaed.ee\"]}]}<\/script>\n<!-- \/ Yoast SEO Premium plugin. -->","yoast_head_json":{"title":"Kibe-paprika Kilian- keskikokoinen, palot 8cm - Rodoaed","description":"Vihannesten siemeni\u00e4 Euroopan ja Viron parhailta tuottajilta. Kasvihuoneeseen ja avomaalle soveltuvat j\u00e4lkitestatut siemenet.","robots":{"index":"index","follow":"follow","max-snippet":"max-snippet:-1","max-image-preview":"max-image-preview:large","max-video-preview":"max-video-preview:-1"},"canonical":"https:\/\/rodoaed.ee\/fi\/toode\/kibe-paprika-kilian-keskikokoinen-palot-8cm\/","og_locale":"fi_FI","og_type":"article","og_title":"Kibe-paprika Kilian- keskikokoinen, palot 8cm","og_description":"Keskikokoinen aikainen oranssi lajike Capsicum annuum L. Kilian on keskikokoinen lajike. Kukkien pituus on jopa 8 cm, hedelm\u00e4lihan paksuus 3 mm, v\u00e4ri","og_url":"https:\/\/rodoaed.ee\/fi\/toode\/kibe-paprika-kilian-keskikokoinen-palot-8cm\/","og_site_name":"Rodoaed","article_publisher":"https:\/\/www.facebook.com\/kasvuhooned\/","article_modified_time":"2026-04-13T07:58:36+00:00","og_image":[{"width":686,"height":1200,"url":"https:\/\/rodoaed.ee\/wp-content\/uploads\/2024\/01\/kibepipar-kilian_15026-L2550-686x1200-1.jpeg","type":"image\/jpeg"}],"twitter_card":"summary_large_image","schema":{"@context":"https:\/\/schema.org","@graph":[{"@type":"WebPage","@id":"https:\/\/rodoaed.ee\/fi\/toode\/kibe-paprika-kilian-keskikokoinen-palot-8cm\/","url":"https:\/\/rodoaed.ee\/fi\/toode\/kibe-paprika-kilian-keskikokoinen-palot-8cm\/","name":"Kibe-paprika Kilian- keskikokoinen, palot 8cm - Rodoaed","isPartOf":{"@id":"https:\/\/rodoaed.ee\/#website"},"primaryImageOfPage":{"@id":"https:\/\/rodoaed.ee\/fi\/toode\/kibe-paprika-kilian-keskikokoinen-palot-8cm\/#primaryimage"},"image":{"@id":"https:\/\/rodoaed.ee\/fi\/toode\/kibe-paprika-kilian-keskikokoinen-palot-8cm\/#primaryimage"},"thumbnailUrl":"https:\/\/rodoaed.ee\/wp-content\/uploads\/2024\/01\/kibepipar-kilian_15026-L2550-686x1200-1.jpeg","datePublished":"2024-01-10T13:18:17+00:00","dateModified":"2026-04-13T07:58:36+00:00","description":"Vihannesten siemeni\u00e4 Euroopan ja Viron parhailta tuottajilta. Kasvihuoneeseen ja avomaalle soveltuvat j\u00e4lkitestatut siemenet.","breadcrumb":{"@id":"https:\/\/rodoaed.ee\/fi\/toode\/kibe-paprika-kilian-keskikokoinen-palot-8cm\/#breadcrumb"},"inLanguage":"fi","potentialAction":[{"@type":"ReadAction","target":["https:\/\/rodoaed.ee\/fi\/toode\/kibe-paprika-kilian-keskikokoinen-palot-8cm\/"]}]},{"@type":"ImageObject","inLanguage":"fi","@id":"https:\/\/rodoaed.ee\/fi\/toode\/kibe-paprika-kilian-keskikokoinen-palot-8cm\/#primaryimage","url":"https:\/\/rodoaed.ee\/wp-content\/uploads\/2024\/01\/kibepipar-kilian_15026-L2550-686x1200-1.jpeg","contentUrl":"https:\/\/rodoaed.ee\/wp-content\/uploads\/2024\/01\/kibepipar-kilian_15026-L2550-686x1200-1.jpeg","width":686,"height":1200},{"@type":"BreadcrumbList","@id":"https:\/\/rodoaed.ee\/fi\/toode\/kibe-paprika-kilian-keskikokoinen-palot-8cm\/#breadcrumb","itemListElement":[{"@type":"ListItem","position":1,"name":"Home","item":"https:\/\/rodoaed.ee\/fi\/"},{"@type":"ListItem","position":2,"name":"Osta osoitteessa","item":"https:\/\/rodoaed.ee\/osta-osoitteessa\/"},{"@type":"ListItem","position":3,"name":"Kibe-paprika Kilian- keskikokoinen, palot 8cm"}]},{"@type":"WebSite","@id":"https:\/\/rodoaed.ee\/#website","url":"https:\/\/rodoaed.ee\/","name":"Rodoaed","description":"","publisher":{"@id":"https:\/\/rodoaed.ee\/#organization"},"potentialAction":[{"@type":"SearchAction","target":{"@type":"EntryPoint","urlTemplate":"https:\/\/rodoaed.ee\/?s={search_term_string}"},"query-input":{"@type":"PropertyValueSpecification","valueRequired":true,"valueName":"search_term_string"}}],"inLanguage":"fi"},{"@type":"Organization","@id":"https:\/\/rodoaed.ee\/#organization","name":"Rodoaed","url":"https:\/\/rodoaed.ee\/","logo":{"@type":"ImageObject","inLanguage":"fi","@id":"https:\/\/rodoaed.ee\/#\/schema\/logo\/image\/","url":"https:\/\/rodoaed.ee\/wp-content\/uploads\/2019\/11\/rodoaed-logo-ilma-taustata.jpg","contentUrl":"https:\/\/rodoaed.ee\/wp-content\/uploads\/2019\/11\/rodoaed-logo-ilma-taustata.jpg","width":769,"height":268,"caption":"Rodoaed"},"image":{"@id":"https:\/\/rodoaed.ee\/#\/schema\/logo\/image\/"},"sameAs":["https:\/\/www.facebook.com\/kasvuhooned\/","https:\/\/rodoaed.ee"]}]}},"_links":{"self":[{"href":"https:\/\/rodoaed.ee\/fi\/wp-json\/wp\/v2\/product\/52996","targetHints":{"allow":["GET"]}}],"collection":[{"href":"https:\/\/rodoaed.ee\/fi\/wp-json\/wp\/v2\/product"}],"about":[{"href":"https:\/\/rodoaed.ee\/fi\/wp-json\/wp\/v2\/types\/product"}],"wp:featuredmedia":[{"embeddable":true,"href":"https:\/\/rodoaed.ee\/fi\/wp-json\/wp\/v2\/media\/46384"}],"wp:attachment":[{"href":"https:\/\/rodoaed.ee\/fi\/wp-json\/wp\/v2\/media?parent=52996"}],"wp:term":[{"taxonomy":"product_brand","embeddable":true,"href":"https:\/\/rodoaed.ee\/fi\/wp-json\/wp\/v2\/product_brand?post=52996"},{"taxonomy":"product_cat","embeddable":true,"href":"https:\/\/rodoaed.ee\/fi\/wp-json\/wp\/v2\/product_cat?post=52996"},{"taxonomy":"product_tag","embeddable":true,"href":"https:\/\/rodoaed.ee\/fi\/wp-json\/wp\/v2\/product_tag?post=52996"}],"curies":[{"name":"wp","href":"https:\/\/api.w.org\/{rel}","templated":true}]}}