{"id":53001,"date":"2024-01-10T15:22:36","date_gmt":"2024-01-10T13:22:36","guid":{"rendered":"https:\/\/rodoaed.ee\/toode\/chilipippuri-habanero-teravyys-9-10-350-000-shu\/"},"modified":"2026-04-13T10:58:38","modified_gmt":"2026-04-13T07:58:38","slug":"chilipippuri-habanero-teravyys-9-10-350-000-shu","status":"publish","type":"product","link":"https:\/\/rodoaed.ee\/fi\/tuote\/chilipippuri-habanero-teravyys-9-10-350-000-shu\/","title":{"rendered":"Chilipippuri Habanero- Ter\u00e4vyys 9\/10 (350 000 SHU)"},"content":{"rendered":"<h2>Chilien kuningas<\/h2>\n<p>Chilien kuningas &#8211; erinomainen maku ja eritt\u00e4in ter\u00e4v\u00e4. <strong>Ter\u00e4vyys 9\/10 (350 000 SHU).<\/strong> Kukat ovat pieni\u00e4, keltaisia ja 5 cm pitki\u00e4. Kasvin korkeus 60 cm. Suositellaan kasvatettavaksi parvekkeilla, kasvihuoneissa ja katetuilla terasseilla. Varoitus hedelmi\u00e4 ja siemeni\u00e4 k\u00e4sitelt\u00e4ess\u00e4, muista k\u00e4ytt\u00e4\u00e4 k\u00e4sineit\u00e4 ja suojata silm\u00e4t!     <\/p>\n<p>Pakkaus sis\u00e4lt\u00e4\u00e4 noin 30 siement\u00e4<\/p>\n<p><a href=\"https:\/\/rodoaed.ee\/fi\/\">kotisivu<\/a> <a href=\"https:\/\/rodoaed.ee\/fi\/tootekategooria\/puutarha-ja-piha\/\">k\u00e4ynnist\u00e4<\/a>  <a href=\"https:\/\/rodoaed.ee\/fi\/tootekategooria\/puutarha-ja-piha\/siemenet\/\">siemenet<\/a><\/p>\n<p>&nbsp;<\/p>\n","protected":false},"excerpt":{"rendered":"<p>Chilien kuningas Chilien kuningas &#8211; erinomainen maku ja eritt\u00e4in ter\u00e4v\u00e4. Ter\u00e4vyys 9\/10 (350 000 SHU). Kukat ovat pieni\u00e4, keltaisia ja 5 cm pitki\u00e4. Kasvin korkeus 60 cm. Suositellaan kasvatettavaksi parvekkeilla, kasvihuoneissa ja katetuilla terasseilla. Varoitus hedelmi\u00e4 ja siemeni\u00e4 k\u00e4sitelt\u00e4ess\u00e4, muista k\u00e4ytt\u00e4\u00e4 k\u00e4sineit\u00e4 ja suojata silm\u00e4t! Pakkaus sis\u00e4lt\u00e4\u00e4 noin 30 siement\u00e4 kotisivu k\u00e4ynnist\u00e4 siemenet &nbsp;<\/p>\n","protected":false},"featured_media":46388,"template":"","meta":{"_acf_changed":false},"product_brand":[],"product_cat":[1990,1752,1753],"product_tag":[],"class_list":{"0":"post-53001","1":"product","2":"type-product","3":"status-publish","4":"has-post-thumbnail","6":"product_cat-chilin-siemenet","7":"product_cat-puutarha-ja-piha","8":"product_cat-siemenet","9":"product_shipping_class-toimitus-1-3-tyopaivan-kuluessa","10":"pa_variatsioon-suuri-blumatin-automaattinen-kastelujarjestelma-jossa-on-40-anturia-ja-vesihanaliitanta","12":"first","13":"instock","14":"taxable","15":"shipping-taxable","16":"purchasable","17":"product-type-simple"},"acf":[],"yoast_head":"<!-- This site is optimized with the Yoast SEO Premium plugin v27.3 (Yoast SEO v27.3) - https:\/\/yoast.com\/product\/yoast-seo-premium-wordpress\/ -->\n<title>Chilipippuri Habanero- Ter\u00e4vyys 9\/10 (350 000 SHU) - Rodoaed<\/title>\n<meta name=\"description\" content=\"Vihannesten siemeni\u00e4 Euroopan ja Viron parhailta tuottajilta. Kasvihuoneeseen ja avomaalle soveltuvat j\u00e4lkitestatut siemenet.\" \/>\n<meta name=\"robots\" content=\"index, follow, max-snippet:-1, max-image-preview:large, max-video-preview:-1\" \/>\n<link rel=\"canonical\" href=\"https:\/\/rodoaed.ee\/fi\/toode\/chilipippuri-habanero-teravyys-9-10-350-000-shu\/\" \/>\n<meta property=\"og:locale\" content=\"fi_FI\" \/>\n<meta property=\"og:type\" content=\"article\" \/>\n<meta property=\"og:title\" content=\"Chilipippuri Habanero- Ter\u00e4vyys 9\/10 (350 000 SHU)\" \/>\n<meta property=\"og:description\" content=\"Chilien kuningas Chilien kuningas - erinomainen maku ja eritt\u00e4in ter\u00e4v\u00e4. Ter\u00e4vyys 9\/10 (350 000 SHU). Kukat ovat pieni\u00e4, keltaisia ja 5 cm pitki\u00e4. Kasvin\" \/>\n<meta property=\"og:url\" content=\"https:\/\/rodoaed.ee\/fi\/toode\/chilipippuri-habanero-teravyys-9-10-350-000-shu\/\" \/>\n<meta property=\"og:site_name\" content=\"Rodoaed\" \/>\n<meta property=\"article:publisher\" content=\"https:\/\/www.facebook.com\/kasvuhooned\/\" \/>\n<meta property=\"article:modified_time\" content=\"2026-04-13T07:58:38+00:00\" \/>\n<meta property=\"og:image\" content=\"https:\/\/rodoaed.ee\/wp-content\/uploads\/2024\/01\/tsillipipar_habanero_96527-HM06097-800x1200-1.jpeg\" \/>\n\t<meta property=\"og:image:width\" content=\"800\" \/>\n\t<meta property=\"og:image:height\" content=\"1200\" \/>\n\t<meta property=\"og:image:type\" content=\"image\/jpeg\" \/>\n<meta name=\"twitter:card\" content=\"summary_large_image\" \/>\n<script type=\"application\/ld+json\" class=\"yoast-schema-graph\">{\"@context\":\"https:\\\/\\\/schema.org\",\"@graph\":[{\"@type\":\"WebPage\",\"@id\":\"https:\\\/\\\/rodoaed.ee\\\/fi\\\/toode\\\/chilipippuri-habanero-teravyys-9-10-350-000-shu\\\/\",\"url\":\"https:\\\/\\\/rodoaed.ee\\\/fi\\\/toode\\\/chilipippuri-habanero-teravyys-9-10-350-000-shu\\\/\",\"name\":\"Chilipippuri Habanero- Ter\u00e4vyys 9\\\/10 (350 000 SHU) - Rodoaed\",\"isPartOf\":{\"@id\":\"https:\\\/\\\/rodoaed.ee\\\/#website\"},\"primaryImageOfPage\":{\"@id\":\"https:\\\/\\\/rodoaed.ee\\\/fi\\\/toode\\\/chilipippuri-habanero-teravyys-9-10-350-000-shu\\\/#primaryimage\"},\"image\":{\"@id\":\"https:\\\/\\\/rodoaed.ee\\\/fi\\\/toode\\\/chilipippuri-habanero-teravyys-9-10-350-000-shu\\\/#primaryimage\"},\"thumbnailUrl\":\"https:\\\/\\\/rodoaed.ee\\\/wp-content\\\/uploads\\\/2024\\\/01\\\/tsillipipar_habanero_96527-HM06097-800x1200-1.jpeg\",\"datePublished\":\"2024-01-10T13:22:36+00:00\",\"dateModified\":\"2026-04-13T07:58:38+00:00\",\"description\":\"Vihannesten siemeni\u00e4 Euroopan ja Viron parhailta tuottajilta. Kasvihuoneeseen ja avomaalle soveltuvat j\u00e4lkitestatut siemenet.\",\"breadcrumb\":{\"@id\":\"https:\\\/\\\/rodoaed.ee\\\/fi\\\/toode\\\/chilipippuri-habanero-teravyys-9-10-350-000-shu\\\/#breadcrumb\"},\"inLanguage\":\"fi\",\"potentialAction\":[{\"@type\":\"ReadAction\",\"target\":[\"https:\\\/\\\/rodoaed.ee\\\/fi\\\/toode\\\/chilipippuri-habanero-teravyys-9-10-350-000-shu\\\/\"]}]},{\"@type\":\"ImageObject\",\"inLanguage\":\"fi\",\"@id\":\"https:\\\/\\\/rodoaed.ee\\\/fi\\\/toode\\\/chilipippuri-habanero-teravyys-9-10-350-000-shu\\\/#primaryimage\",\"url\":\"https:\\\/\\\/rodoaed.ee\\\/wp-content\\\/uploads\\\/2024\\\/01\\\/tsillipipar_habanero_96527-HM06097-800x1200-1.jpeg\",\"contentUrl\":\"https:\\\/\\\/rodoaed.ee\\\/wp-content\\\/uploads\\\/2024\\\/01\\\/tsillipipar_habanero_96527-HM06097-800x1200-1.jpeg\",\"width\":800,\"height\":1200},{\"@type\":\"BreadcrumbList\",\"@id\":\"https:\\\/\\\/rodoaed.ee\\\/fi\\\/toode\\\/chilipippuri-habanero-teravyys-9-10-350-000-shu\\\/#breadcrumb\",\"itemListElement\":[{\"@type\":\"ListItem\",\"position\":1,\"name\":\"Home\",\"item\":\"https:\\\/\\\/rodoaed.ee\\\/fi\\\/\"},{\"@type\":\"ListItem\",\"position\":2,\"name\":\"Osta osoitteessa\",\"item\":\"https:\\\/\\\/rodoaed.ee\\\/osta-osoitteessa\\\/\"},{\"@type\":\"ListItem\",\"position\":3,\"name\":\"Chilipippuri Habanero- Ter\u00e4vyys 9\\\/10 (350 000 SHU)\"}]},{\"@type\":\"WebSite\",\"@id\":\"https:\\\/\\\/rodoaed.ee\\\/#website\",\"url\":\"https:\\\/\\\/rodoaed.ee\\\/\",\"name\":\"Rodoaed\",\"description\":\"\",\"publisher\":{\"@id\":\"https:\\\/\\\/rodoaed.ee\\\/#organization\"},\"potentialAction\":[{\"@type\":\"SearchAction\",\"target\":{\"@type\":\"EntryPoint\",\"urlTemplate\":\"https:\\\/\\\/rodoaed.ee\\\/?s={search_term_string}\"},\"query-input\":{\"@type\":\"PropertyValueSpecification\",\"valueRequired\":true,\"valueName\":\"search_term_string\"}}],\"inLanguage\":\"fi\"},{\"@type\":\"Organization\",\"@id\":\"https:\\\/\\\/rodoaed.ee\\\/#organization\",\"name\":\"Rodoaed\",\"url\":\"https:\\\/\\\/rodoaed.ee\\\/\",\"logo\":{\"@type\":\"ImageObject\",\"inLanguage\":\"fi\",\"@id\":\"https:\\\/\\\/rodoaed.ee\\\/#\\\/schema\\\/logo\\\/image\\\/\",\"url\":\"https:\\\/\\\/rodoaed.ee\\\/wp-content\\\/uploads\\\/2019\\\/11\\\/rodoaed-logo-ilma-taustata.jpg\",\"contentUrl\":\"https:\\\/\\\/rodoaed.ee\\\/wp-content\\\/uploads\\\/2019\\\/11\\\/rodoaed-logo-ilma-taustata.jpg\",\"width\":769,\"height\":268,\"caption\":\"Rodoaed\"},\"image\":{\"@id\":\"https:\\\/\\\/rodoaed.ee\\\/#\\\/schema\\\/logo\\\/image\\\/\"},\"sameAs\":[\"https:\\\/\\\/www.facebook.com\\\/kasvuhooned\\\/\",\"https:\\\/\\\/rodoaed.ee\"]}]}<\/script>\n<!-- \/ Yoast SEO Premium plugin. -->","yoast_head_json":{"title":"Chilipippuri Habanero- Ter\u00e4vyys 9\/10 (350 000 SHU) - Rodoaed","description":"Vihannesten siemeni\u00e4 Euroopan ja Viron parhailta tuottajilta. Kasvihuoneeseen ja avomaalle soveltuvat j\u00e4lkitestatut siemenet.","robots":{"index":"index","follow":"follow","max-snippet":"max-snippet:-1","max-image-preview":"max-image-preview:large","max-video-preview":"max-video-preview:-1"},"canonical":"https:\/\/rodoaed.ee\/fi\/toode\/chilipippuri-habanero-teravyys-9-10-350-000-shu\/","og_locale":"fi_FI","og_type":"article","og_title":"Chilipippuri Habanero- Ter\u00e4vyys 9\/10 (350 000 SHU)","og_description":"Chilien kuningas Chilien kuningas - erinomainen maku ja eritt\u00e4in ter\u00e4v\u00e4. Ter\u00e4vyys 9\/10 (350 000 SHU). Kukat ovat pieni\u00e4, keltaisia ja 5 cm pitki\u00e4. Kasvin","og_url":"https:\/\/rodoaed.ee\/fi\/toode\/chilipippuri-habanero-teravyys-9-10-350-000-shu\/","og_site_name":"Rodoaed","article_publisher":"https:\/\/www.facebook.com\/kasvuhooned\/","article_modified_time":"2026-04-13T07:58:38+00:00","og_image":[{"width":800,"height":1200,"url":"https:\/\/rodoaed.ee\/wp-content\/uploads\/2024\/01\/tsillipipar_habanero_96527-HM06097-800x1200-1.jpeg","type":"image\/jpeg"}],"twitter_card":"summary_large_image","schema":{"@context":"https:\/\/schema.org","@graph":[{"@type":"WebPage","@id":"https:\/\/rodoaed.ee\/fi\/toode\/chilipippuri-habanero-teravyys-9-10-350-000-shu\/","url":"https:\/\/rodoaed.ee\/fi\/toode\/chilipippuri-habanero-teravyys-9-10-350-000-shu\/","name":"Chilipippuri Habanero- Ter\u00e4vyys 9\/10 (350 000 SHU) - Rodoaed","isPartOf":{"@id":"https:\/\/rodoaed.ee\/#website"},"primaryImageOfPage":{"@id":"https:\/\/rodoaed.ee\/fi\/toode\/chilipippuri-habanero-teravyys-9-10-350-000-shu\/#primaryimage"},"image":{"@id":"https:\/\/rodoaed.ee\/fi\/toode\/chilipippuri-habanero-teravyys-9-10-350-000-shu\/#primaryimage"},"thumbnailUrl":"https:\/\/rodoaed.ee\/wp-content\/uploads\/2024\/01\/tsillipipar_habanero_96527-HM06097-800x1200-1.jpeg","datePublished":"2024-01-10T13:22:36+00:00","dateModified":"2026-04-13T07:58:38+00:00","description":"Vihannesten siemeni\u00e4 Euroopan ja Viron parhailta tuottajilta. Kasvihuoneeseen ja avomaalle soveltuvat j\u00e4lkitestatut siemenet.","breadcrumb":{"@id":"https:\/\/rodoaed.ee\/fi\/toode\/chilipippuri-habanero-teravyys-9-10-350-000-shu\/#breadcrumb"},"inLanguage":"fi","potentialAction":[{"@type":"ReadAction","target":["https:\/\/rodoaed.ee\/fi\/toode\/chilipippuri-habanero-teravyys-9-10-350-000-shu\/"]}]},{"@type":"ImageObject","inLanguage":"fi","@id":"https:\/\/rodoaed.ee\/fi\/toode\/chilipippuri-habanero-teravyys-9-10-350-000-shu\/#primaryimage","url":"https:\/\/rodoaed.ee\/wp-content\/uploads\/2024\/01\/tsillipipar_habanero_96527-HM06097-800x1200-1.jpeg","contentUrl":"https:\/\/rodoaed.ee\/wp-content\/uploads\/2024\/01\/tsillipipar_habanero_96527-HM06097-800x1200-1.jpeg","width":800,"height":1200},{"@type":"BreadcrumbList","@id":"https:\/\/rodoaed.ee\/fi\/toode\/chilipippuri-habanero-teravyys-9-10-350-000-shu\/#breadcrumb","itemListElement":[{"@type":"ListItem","position":1,"name":"Home","item":"https:\/\/rodoaed.ee\/fi\/"},{"@type":"ListItem","position":2,"name":"Osta osoitteessa","item":"https:\/\/rodoaed.ee\/osta-osoitteessa\/"},{"@type":"ListItem","position":3,"name":"Chilipippuri Habanero- Ter\u00e4vyys 9\/10 (350 000 SHU)"}]},{"@type":"WebSite","@id":"https:\/\/rodoaed.ee\/#website","url":"https:\/\/rodoaed.ee\/","name":"Rodoaed","description":"","publisher":{"@id":"https:\/\/rodoaed.ee\/#organization"},"potentialAction":[{"@type":"SearchAction","target":{"@type":"EntryPoint","urlTemplate":"https:\/\/rodoaed.ee\/?s={search_term_string}"},"query-input":{"@type":"PropertyValueSpecification","valueRequired":true,"valueName":"search_term_string"}}],"inLanguage":"fi"},{"@type":"Organization","@id":"https:\/\/rodoaed.ee\/#organization","name":"Rodoaed","url":"https:\/\/rodoaed.ee\/","logo":{"@type":"ImageObject","inLanguage":"fi","@id":"https:\/\/rodoaed.ee\/#\/schema\/logo\/image\/","url":"https:\/\/rodoaed.ee\/wp-content\/uploads\/2019\/11\/rodoaed-logo-ilma-taustata.jpg","contentUrl":"https:\/\/rodoaed.ee\/wp-content\/uploads\/2019\/11\/rodoaed-logo-ilma-taustata.jpg","width":769,"height":268,"caption":"Rodoaed"},"image":{"@id":"https:\/\/rodoaed.ee\/#\/schema\/logo\/image\/"},"sameAs":["https:\/\/www.facebook.com\/kasvuhooned\/","https:\/\/rodoaed.ee"]}]}},"_links":{"self":[{"href":"https:\/\/rodoaed.ee\/fi\/wp-json\/wp\/v2\/product\/53001","targetHints":{"allow":["GET"]}}],"collection":[{"href":"https:\/\/rodoaed.ee\/fi\/wp-json\/wp\/v2\/product"}],"about":[{"href":"https:\/\/rodoaed.ee\/fi\/wp-json\/wp\/v2\/types\/product"}],"wp:featuredmedia":[{"embeddable":true,"href":"https:\/\/rodoaed.ee\/fi\/wp-json\/wp\/v2\/media\/46388"}],"wp:attachment":[{"href":"https:\/\/rodoaed.ee\/fi\/wp-json\/wp\/v2\/media?parent=53001"}],"wp:term":[{"taxonomy":"product_brand","embeddable":true,"href":"https:\/\/rodoaed.ee\/fi\/wp-json\/wp\/v2\/product_brand?post=53001"},{"taxonomy":"product_cat","embeddable":true,"href":"https:\/\/rodoaed.ee\/fi\/wp-json\/wp\/v2\/product_cat?post=53001"},{"taxonomy":"product_tag","embeddable":true,"href":"https:\/\/rodoaed.ee\/fi\/wp-json\/wp\/v2\/product_tag?post=53001"}],"curies":[{"name":"wp","href":"https:\/\/api.w.org\/{rel}","templated":true}]}}