{"id":53003,"date":"2024-01-10T15:29:25","date_gmt":"2024-01-10T13:29:25","guid":{"rendered":"https:\/\/rodoaed.ee\/toode\/chilipippuri-cayenne-luomu-bio-erittain-terava\/"},"modified":"2026-04-13T10:58:39","modified_gmt":"2026-04-13T07:58:39","slug":"chilipippuri-cayenne-luomu-bio-erittain-terava","status":"publish","type":"product","link":"https:\/\/rodoaed.ee\/fi\/tuote\/chilipippuri-cayenne-luomu-bio-erittain-terava\/","title":{"rendered":"Chilipippuri Cayenne Luomu BIO- eritt\u00e4in ter\u00e4v\u00e4."},"content":{"rendered":"<h2>Orgaaniset siemenet<\/h2>\n<p>Buzzy\u00ae Organic Cayennepippurin siemenet on merkitty eurooppalaisella ymp\u00e4rist\u00f6merkill\u00e4. Siemenet on kasvatettu ilman kemiallisia torjunta-aineita tai lannoitteita. Buzzy Organic -siemenet viljell\u00e4\u00e4n, puhdistetaan ja pakataan Skalin luomusertifioidun nro 014725 Skalin vaatimusten mukaisesti.<\/p>\n<p>Kylv\u00e4 varhain kev\u00e4\u00e4ll\u00e4 peitekasvin alle ruukkumultaan, kun ulkol\u00e4mp\u00f6tila on 20 \u00b0C. Kylv\u00e4 ruukkumultaan 20 \u00b0C:n l\u00e4mp\u00f6tilassa. Soveltuu my\u00f6s kasvatettavaksi sis\u00e4tiloissa tai kasvihuoneessa, terassilla tai parvekkeella. Eritt\u00e4in pist\u00e4v\u00e4 lajike. Siemenet it\u00e4v\u00e4t 15 p\u00e4iv\u00e4ss\u00e4.   <\/p>\n<p>Pakkaus sis\u00e4lt\u00e4\u00e4 0,2 g siemeni\u00e4<\/p>\n<p><a href=\"https:\/\/rodoaed.ee\/fi\/\">kotisivu<\/a> <a href=\"https:\/\/rodoaed.ee\/fi\/tootekategooria\/puutarha-ja-piha\/\">k\u00e4ynnist\u00e4<\/a>  <a href=\"https:\/\/rodoaed.ee\/fi\/tootekategooria\/puutarha-ja-piha\/siemenet\/\">siemenet<\/a><\/p>\n<p>&nbsp;<\/p>\n","protected":false},"excerpt":{"rendered":"<p>Orgaaniset siemenet Buzzy\u00ae Organic Cayennepippurin siemenet on merkitty eurooppalaisella ymp\u00e4rist\u00f6merkill\u00e4. Siemenet on kasvatettu ilman kemiallisia torjunta-aineita tai lannoitteita. Buzzy Organic -siemenet viljell\u00e4\u00e4n, puhdistetaan ja pakataan Skalin luomusertifioidun nro 014725 Skalin vaatimusten mukaisesti. Kylv\u00e4 varhain kev\u00e4\u00e4ll\u00e4 peitekasvin alle ruukkumultaan, kun ulkol\u00e4mp\u00f6tila on 20 \u00b0C. Kylv\u00e4 ruukkumultaan 20 \u00b0C:n l\u00e4mp\u00f6tilassa. Soveltuu my\u00f6s kasvatettavaksi sis\u00e4tiloissa tai kasvihuoneessa, terassilla tai parvekkeella. Eritt\u00e4in pist\u00e4v\u00e4 lajike. Siemenet it\u00e4v\u00e4t 15 p\u00e4iv\u00e4ss\u00e4. Pakkaus&#8230;<\/p>\n","protected":false},"featured_media":46392,"template":"","meta":{"_acf_changed":false},"product_brand":[],"product_cat":[1990,1759,1752,1753],"product_tag":[],"class_list":{"0":"post-53003","1":"product","2":"type-product","3":"status-publish","4":"has-post-thumbnail","6":"product_cat-chilin-siemenet","7":"product_cat-korkean-alennuksen-siementarjoukset","8":"product_cat-puutarha-ja-piha","9":"product_cat-siemenet","10":"product_shipping_class-toimitus-1-3-tyopaivan-kuluessa","11":"pa_variatsioon-suuri-blumatin-automaattinen-kastelujarjestelma-jossa-on-40-anturia-ja-vesihanaliitanta","13":"first","14":"instock","15":"sale","16":"taxable","17":"shipping-taxable","18":"purchasable","19":"product-type-simple"},"acf":[],"yoast_head":"<!-- This site is optimized with the Yoast SEO Premium plugin v27.3 (Yoast SEO v27.3) - https:\/\/yoast.com\/product\/yoast-seo-premium-wordpress\/ -->\n<title>Chilipippuri Cayenne Luomu BIO- eritt\u00e4in ter\u00e4v\u00e4. - Rodoaed<\/title>\n<meta name=\"description\" content=\"Vihannesten siemeni\u00e4 Euroopan ja Viron parhailta tuottajilta. Kasvihuoneeseen ja avomaalle soveltuvat j\u00e4lkitestatut siemenet.\" \/>\n<meta name=\"robots\" content=\"index, follow, max-snippet:-1, max-image-preview:large, max-video-preview:-1\" \/>\n<link rel=\"canonical\" href=\"https:\/\/rodoaed.ee\/fi\/toode\/chilipippuri-cayenne-luomu-bio-erittain-terava\/\" \/>\n<meta property=\"og:locale\" content=\"fi_FI\" \/>\n<meta property=\"og:type\" content=\"article\" \/>\n<meta property=\"og:title\" content=\"Chilipippuri Cayenne Luomu BIO- eritt\u00e4in ter\u00e4v\u00e4.\" \/>\n<meta property=\"og:description\" content=\"Orgaaniset siemenet Buzzy\u00ae Organic Cayennepippurin siemenet on merkitty eurooppalaisella ymp\u00e4rist\u00f6merkill\u00e4. Siemenet on kasvatettu ilman kemiallisia\" \/>\n<meta property=\"og:url\" content=\"https:\/\/rodoaed.ee\/fi\/toode\/chilipippuri-cayenne-luomu-bio-erittain-terava\/\" \/>\n<meta property=\"og:site_name\" content=\"Rodoaed\" \/>\n<meta property=\"article:publisher\" content=\"https:\/\/www.facebook.com\/kasvuhooned\/\" \/>\n<meta property=\"article:modified_time\" content=\"2026-04-13T07:58:39+00:00\" \/>\n<meta property=\"og:image\" content=\"https:\/\/rodoaed.ee\/wp-content\/uploads\/2024\/01\/kibepipar_Cayenne-pipar-BIO-3_86534-ORG92450.jpeg\" \/>\n\t<meta property=\"og:image:width\" content=\"1000\" \/>\n\t<meta property=\"og:image:height\" content=\"1505\" \/>\n\t<meta property=\"og:image:type\" content=\"image\/jpeg\" \/>\n<meta name=\"twitter:card\" content=\"summary_large_image\" \/>\n<script type=\"application\/ld+json\" class=\"yoast-schema-graph\">{\"@context\":\"https:\\\/\\\/schema.org\",\"@graph\":[{\"@type\":\"WebPage\",\"@id\":\"https:\\\/\\\/rodoaed.ee\\\/fi\\\/toode\\\/chilipippuri-cayenne-luomu-bio-erittain-terava\\\/\",\"url\":\"https:\\\/\\\/rodoaed.ee\\\/fi\\\/toode\\\/chilipippuri-cayenne-luomu-bio-erittain-terava\\\/\",\"name\":\"Chilipippuri Cayenne Luomu BIO- eritt\u00e4in ter\u00e4v\u00e4. - Rodoaed\",\"isPartOf\":{\"@id\":\"https:\\\/\\\/rodoaed.ee\\\/#website\"},\"primaryImageOfPage\":{\"@id\":\"https:\\\/\\\/rodoaed.ee\\\/fi\\\/toode\\\/chilipippuri-cayenne-luomu-bio-erittain-terava\\\/#primaryimage\"},\"image\":{\"@id\":\"https:\\\/\\\/rodoaed.ee\\\/fi\\\/toode\\\/chilipippuri-cayenne-luomu-bio-erittain-terava\\\/#primaryimage\"},\"thumbnailUrl\":\"https:\\\/\\\/rodoaed.ee\\\/wp-content\\\/uploads\\\/2024\\\/01\\\/kibepipar_Cayenne-pipar-BIO-3_86534-ORG92450.jpeg\",\"datePublished\":\"2024-01-10T13:29:25+00:00\",\"dateModified\":\"2026-04-13T07:58:39+00:00\",\"description\":\"Vihannesten siemeni\u00e4 Euroopan ja Viron parhailta tuottajilta. Kasvihuoneeseen ja avomaalle soveltuvat j\u00e4lkitestatut siemenet.\",\"breadcrumb\":{\"@id\":\"https:\\\/\\\/rodoaed.ee\\\/fi\\\/toode\\\/chilipippuri-cayenne-luomu-bio-erittain-terava\\\/#breadcrumb\"},\"inLanguage\":\"fi\",\"potentialAction\":[{\"@type\":\"ReadAction\",\"target\":[\"https:\\\/\\\/rodoaed.ee\\\/fi\\\/toode\\\/chilipippuri-cayenne-luomu-bio-erittain-terava\\\/\"]}]},{\"@type\":\"ImageObject\",\"inLanguage\":\"fi\",\"@id\":\"https:\\\/\\\/rodoaed.ee\\\/fi\\\/toode\\\/chilipippuri-cayenne-luomu-bio-erittain-terava\\\/#primaryimage\",\"url\":\"https:\\\/\\\/rodoaed.ee\\\/wp-content\\\/uploads\\\/2024\\\/01\\\/kibepipar_Cayenne-pipar-BIO-3_86534-ORG92450.jpeg\",\"contentUrl\":\"https:\\\/\\\/rodoaed.ee\\\/wp-content\\\/uploads\\\/2024\\\/01\\\/kibepipar_Cayenne-pipar-BIO-3_86534-ORG92450.jpeg\",\"width\":1000,\"height\":1505},{\"@type\":\"BreadcrumbList\",\"@id\":\"https:\\\/\\\/rodoaed.ee\\\/fi\\\/toode\\\/chilipippuri-cayenne-luomu-bio-erittain-terava\\\/#breadcrumb\",\"itemListElement\":[{\"@type\":\"ListItem\",\"position\":1,\"name\":\"Home\",\"item\":\"https:\\\/\\\/rodoaed.ee\\\/fi\\\/\"},{\"@type\":\"ListItem\",\"position\":2,\"name\":\"Osta osoitteessa\",\"item\":\"https:\\\/\\\/rodoaed.ee\\\/osta-osoitteessa\\\/\"},{\"@type\":\"ListItem\",\"position\":3,\"name\":\"Chilipippuri Cayenne Luomu BIO- eritt\u00e4in ter\u00e4v\u00e4.\"}]},{\"@type\":\"WebSite\",\"@id\":\"https:\\\/\\\/rodoaed.ee\\\/#website\",\"url\":\"https:\\\/\\\/rodoaed.ee\\\/\",\"name\":\"Rodoaed\",\"description\":\"\",\"publisher\":{\"@id\":\"https:\\\/\\\/rodoaed.ee\\\/#organization\"},\"potentialAction\":[{\"@type\":\"SearchAction\",\"target\":{\"@type\":\"EntryPoint\",\"urlTemplate\":\"https:\\\/\\\/rodoaed.ee\\\/?s={search_term_string}\"},\"query-input\":{\"@type\":\"PropertyValueSpecification\",\"valueRequired\":true,\"valueName\":\"search_term_string\"}}],\"inLanguage\":\"fi\"},{\"@type\":\"Organization\",\"@id\":\"https:\\\/\\\/rodoaed.ee\\\/#organization\",\"name\":\"Rodoaed\",\"url\":\"https:\\\/\\\/rodoaed.ee\\\/\",\"logo\":{\"@type\":\"ImageObject\",\"inLanguage\":\"fi\",\"@id\":\"https:\\\/\\\/rodoaed.ee\\\/#\\\/schema\\\/logo\\\/image\\\/\",\"url\":\"https:\\\/\\\/rodoaed.ee\\\/wp-content\\\/uploads\\\/2019\\\/11\\\/rodoaed-logo-ilma-taustata.jpg\",\"contentUrl\":\"https:\\\/\\\/rodoaed.ee\\\/wp-content\\\/uploads\\\/2019\\\/11\\\/rodoaed-logo-ilma-taustata.jpg\",\"width\":769,\"height\":268,\"caption\":\"Rodoaed\"},\"image\":{\"@id\":\"https:\\\/\\\/rodoaed.ee\\\/#\\\/schema\\\/logo\\\/image\\\/\"},\"sameAs\":[\"https:\\\/\\\/www.facebook.com\\\/kasvuhooned\\\/\",\"https:\\\/\\\/rodoaed.ee\"]}]}<\/script>\n<!-- \/ Yoast SEO Premium plugin. -->","yoast_head_json":{"title":"Chilipippuri Cayenne Luomu BIO- eritt\u00e4in ter\u00e4v\u00e4. - Rodoaed","description":"Vihannesten siemeni\u00e4 Euroopan ja Viron parhailta tuottajilta. Kasvihuoneeseen ja avomaalle soveltuvat j\u00e4lkitestatut siemenet.","robots":{"index":"index","follow":"follow","max-snippet":"max-snippet:-1","max-image-preview":"max-image-preview:large","max-video-preview":"max-video-preview:-1"},"canonical":"https:\/\/rodoaed.ee\/fi\/toode\/chilipippuri-cayenne-luomu-bio-erittain-terava\/","og_locale":"fi_FI","og_type":"article","og_title":"Chilipippuri Cayenne Luomu BIO- eritt\u00e4in ter\u00e4v\u00e4.","og_description":"Orgaaniset siemenet Buzzy\u00ae Organic Cayennepippurin siemenet on merkitty eurooppalaisella ymp\u00e4rist\u00f6merkill\u00e4. Siemenet on kasvatettu ilman kemiallisia","og_url":"https:\/\/rodoaed.ee\/fi\/toode\/chilipippuri-cayenne-luomu-bio-erittain-terava\/","og_site_name":"Rodoaed","article_publisher":"https:\/\/www.facebook.com\/kasvuhooned\/","article_modified_time":"2026-04-13T07:58:39+00:00","og_image":[{"width":1000,"height":1505,"url":"https:\/\/rodoaed.ee\/wp-content\/uploads\/2024\/01\/kibepipar_Cayenne-pipar-BIO-3_86534-ORG92450.jpeg","type":"image\/jpeg"}],"twitter_card":"summary_large_image","schema":{"@context":"https:\/\/schema.org","@graph":[{"@type":"WebPage","@id":"https:\/\/rodoaed.ee\/fi\/toode\/chilipippuri-cayenne-luomu-bio-erittain-terava\/","url":"https:\/\/rodoaed.ee\/fi\/toode\/chilipippuri-cayenne-luomu-bio-erittain-terava\/","name":"Chilipippuri Cayenne Luomu BIO- eritt\u00e4in ter\u00e4v\u00e4. - Rodoaed","isPartOf":{"@id":"https:\/\/rodoaed.ee\/#website"},"primaryImageOfPage":{"@id":"https:\/\/rodoaed.ee\/fi\/toode\/chilipippuri-cayenne-luomu-bio-erittain-terava\/#primaryimage"},"image":{"@id":"https:\/\/rodoaed.ee\/fi\/toode\/chilipippuri-cayenne-luomu-bio-erittain-terava\/#primaryimage"},"thumbnailUrl":"https:\/\/rodoaed.ee\/wp-content\/uploads\/2024\/01\/kibepipar_Cayenne-pipar-BIO-3_86534-ORG92450.jpeg","datePublished":"2024-01-10T13:29:25+00:00","dateModified":"2026-04-13T07:58:39+00:00","description":"Vihannesten siemeni\u00e4 Euroopan ja Viron parhailta tuottajilta. Kasvihuoneeseen ja avomaalle soveltuvat j\u00e4lkitestatut siemenet.","breadcrumb":{"@id":"https:\/\/rodoaed.ee\/fi\/toode\/chilipippuri-cayenne-luomu-bio-erittain-terava\/#breadcrumb"},"inLanguage":"fi","potentialAction":[{"@type":"ReadAction","target":["https:\/\/rodoaed.ee\/fi\/toode\/chilipippuri-cayenne-luomu-bio-erittain-terava\/"]}]},{"@type":"ImageObject","inLanguage":"fi","@id":"https:\/\/rodoaed.ee\/fi\/toode\/chilipippuri-cayenne-luomu-bio-erittain-terava\/#primaryimage","url":"https:\/\/rodoaed.ee\/wp-content\/uploads\/2024\/01\/kibepipar_Cayenne-pipar-BIO-3_86534-ORG92450.jpeg","contentUrl":"https:\/\/rodoaed.ee\/wp-content\/uploads\/2024\/01\/kibepipar_Cayenne-pipar-BIO-3_86534-ORG92450.jpeg","width":1000,"height":1505},{"@type":"BreadcrumbList","@id":"https:\/\/rodoaed.ee\/fi\/toode\/chilipippuri-cayenne-luomu-bio-erittain-terava\/#breadcrumb","itemListElement":[{"@type":"ListItem","position":1,"name":"Home","item":"https:\/\/rodoaed.ee\/fi\/"},{"@type":"ListItem","position":2,"name":"Osta osoitteessa","item":"https:\/\/rodoaed.ee\/osta-osoitteessa\/"},{"@type":"ListItem","position":3,"name":"Chilipippuri Cayenne Luomu BIO- eritt\u00e4in ter\u00e4v\u00e4."}]},{"@type":"WebSite","@id":"https:\/\/rodoaed.ee\/#website","url":"https:\/\/rodoaed.ee\/","name":"Rodoaed","description":"","publisher":{"@id":"https:\/\/rodoaed.ee\/#organization"},"potentialAction":[{"@type":"SearchAction","target":{"@type":"EntryPoint","urlTemplate":"https:\/\/rodoaed.ee\/?s={search_term_string}"},"query-input":{"@type":"PropertyValueSpecification","valueRequired":true,"valueName":"search_term_string"}}],"inLanguage":"fi"},{"@type":"Organization","@id":"https:\/\/rodoaed.ee\/#organization","name":"Rodoaed","url":"https:\/\/rodoaed.ee\/","logo":{"@type":"ImageObject","inLanguage":"fi","@id":"https:\/\/rodoaed.ee\/#\/schema\/logo\/image\/","url":"https:\/\/rodoaed.ee\/wp-content\/uploads\/2019\/11\/rodoaed-logo-ilma-taustata.jpg","contentUrl":"https:\/\/rodoaed.ee\/wp-content\/uploads\/2019\/11\/rodoaed-logo-ilma-taustata.jpg","width":769,"height":268,"caption":"Rodoaed"},"image":{"@id":"https:\/\/rodoaed.ee\/#\/schema\/logo\/image\/"},"sameAs":["https:\/\/www.facebook.com\/kasvuhooned\/","https:\/\/rodoaed.ee"]}]}},"_links":{"self":[{"href":"https:\/\/rodoaed.ee\/fi\/wp-json\/wp\/v2\/product\/53003","targetHints":{"allow":["GET"]}}],"collection":[{"href":"https:\/\/rodoaed.ee\/fi\/wp-json\/wp\/v2\/product"}],"about":[{"href":"https:\/\/rodoaed.ee\/fi\/wp-json\/wp\/v2\/types\/product"}],"wp:featuredmedia":[{"embeddable":true,"href":"https:\/\/rodoaed.ee\/fi\/wp-json\/wp\/v2\/media\/46392"}],"wp:attachment":[{"href":"https:\/\/rodoaed.ee\/fi\/wp-json\/wp\/v2\/media?parent=53003"}],"wp:term":[{"taxonomy":"product_brand","embeddable":true,"href":"https:\/\/rodoaed.ee\/fi\/wp-json\/wp\/v2\/product_brand?post=53003"},{"taxonomy":"product_cat","embeddable":true,"href":"https:\/\/rodoaed.ee\/fi\/wp-json\/wp\/v2\/product_cat?post=53003"},{"taxonomy":"product_tag","embeddable":true,"href":"https:\/\/rodoaed.ee\/fi\/wp-json\/wp\/v2\/product_tag?post=53003"}],"curies":[{"name":"wp","href":"https:\/\/api.w.org\/{rel}","templated":true}]}}