{"id":53005,"date":"2024-02-22T10:04:41","date_gmt":"2024-02-22T08:04:41","guid":{"rendered":"https:\/\/rodoaed.ee\/toode\/uutuus-kasvihuoneen-lampopumppu-palma-twin-digital\/"},"modified":"2026-04-17T10:11:58","modified_gmt":"2026-04-17T07:11:58","slug":"uutuus-kasvihuoneen-lampopumppu-palma-twin-digital","status":"publish","type":"product","link":"https:\/\/rodoaed.ee\/fi\/tuote\/uutuus-kasvihuoneen-lampopumppu-palma-twin-digital\/","title":{"rendered":"UUTUUS! &#8211; Kasvihuoneen l\u00e4mp\u00f6pumppu Palma TWIN Digital"},"content":{"rendered":"<p><strong>Uusi malli. Kahdella erillisell\u00e4 s\u00e4\u00e4dett\u00e4v\u00e4ll\u00e4 l\u00e4mmittimell\u00e4 2x 1000W. T\u00e4m\u00e4 mahdollistaa l\u00e4mmitystehon k\u00e4tev\u00e4mm\u00e4n s\u00e4\u00e4t\u00e4misen.  <\/strong><\/p>\n<p><strong>Palma TWIN -kasvihuonetuuletin on varustettu digitaalisella l\u00e4mp\u00f6anturilla, jonka avulla voit asettaa halutun l\u00e4mp\u00f6tilan yhden asteen tarkkuudella.<\/strong><\/p>\n<div>\n<p>Soveltuu parhaiten kasvihuoneiden l\u00e4mmitykseen enint\u00e4\u00e4n noin 12 m2:n kokoisiin kasvihuoneisiin. Suuremmissa kasvihuoneissa k\u00e4ytet\u00e4\u00e4n useita puhaltimia yhdess\u00e4. <\/p>\n<p>(Kaikki riippuu kasvihuoneen l\u00e4mm\u00f6npid\u00e4tyskyvyst\u00e4 ja ilman l\u00e4mp\u00f6tilasta.) Hyvin eristetyiss\u00e4 Euro-Serre-kasvihuoneissa neli\u00f6metrien m\u00e4\u00e4r\u00e4 voi olla huomattavasti suurempi).<\/p>\n<p>Palma on kosteudenkest\u00e4v\u00e4 tuuletin, joka sopii erinomaisesti kosteisiin tiloihin, kuten kasvihuoneisiin, kasvihuoneisiin, talvihuoneisiin, verannoille ja asuintiloihin. Kaikkialla, miss\u00e4 on tarpeen yll\u00e4pit\u00e4\u00e4 automaattisesti vakiol\u00e4mp\u00f6tila. Tuuletin voidaan asettaa pit\u00e4m\u00e4\u00e4n vakiol\u00e4mp\u00f6tila yll\u00e4 my\u00f6s ilman digitaalista anturia. Digitaalinen Thermo 2 -termostaatti on todellinen helmi.   <\/p>\n<p>Thermo 2:n l\u00e4mp\u00f6tila voidaan s\u00e4\u00e4t\u00e4\u00e4 +\/- 1 C:n tarkkuudella, ja herk\u00e4n anturin (2,5 metrin kaapelin p\u00e4\u00e4ss\u00e4) ansiosta termostaatti takaa tarkan l\u00e4mp\u00f6tilan s\u00e4\u00e4d\u00f6n. Erona on se, ett\u00e4 Basic-versiossa termostaatti voidaan k\u00e4\u00e4nt\u00e4\u00e4 asentoon 1, 2, 3 jne., mutta ei tiedet\u00e4 tarkalleen, mit\u00e4 l\u00e4mp\u00f6tilaa se pit\u00e4\u00e4 yll\u00e4. Digitaalisen anturin avulla voit kuitenkin valita n\u00e4yt\u00f6lt\u00e4 tarkalleen +3C tai +19C jne. l\u00e4mp\u00f6tilan.  <\/p>\n<p>Jos haluat pit\u00e4\u00e4 kasvihuoneesi l\u00e4mpim\u00e4n\u00e4 kev\u00e4\u00e4n esikasvatusta varten tai tarvitset automaattista suojaa kylmi\u00e4 \u00f6it\u00e4 varten, t\u00e4m\u00e4 on ratkaisu sinulle.Jos haluat pit\u00e4\u00e4 orkideat tai muut herk\u00e4t huonekasvit oikeassa l\u00e4mp\u00f6tilassa puskurihuoneessa, t\u00e4m\u00e4 on my\u00f6s ratkaisu sinulle.<\/p>\n<h3>Kasvihuoneen l\u00e4mp\u00f6puhallin Palma- Automaattinen j\u00e4\u00e4hdytys<\/h3>\n<p>Mutta kuten sanotaan &#8211; se ei ole kaikki \ud83d\ude42 Kasvihuoneen l\u00e4mp\u00f6puhaltimella Palma voidaan my\u00f6s laskea kasvihuoneen l\u00e4mp\u00f6tilaa kes\u00e4ll\u00e4, eli k\u00e4ytt\u00e4\u00e4 sit\u00e4 automaattisena j\u00e4\u00e4hdyttimen\u00e4. T\u00e4ll\u00f6in digitaaliseen anturiin asetetaan lyhin sallittu l\u00e4mp\u00f6tila ja puhallin k\u00e4ynnistyy heti, kun l\u00e4mp\u00f6tila ylitt\u00e4\u00e4 t\u00e4m\u00e4n rajan. Puhallin kierr\u00e4tt\u00e4\u00e4 ilmaa kasvihuoneessa, ty\u00f6nt\u00e4\u00e4 ylikuumentuneen ilman ulos kattoaukoista ja palauttaa l\u00e4mp\u00f6tilan nopeasti normaaliksi.  <\/p>\n<h4>Palma toimii eritt\u00e4in hiljaisesti mutta tehokkaasti kierr\u00e4tt\u00e4m\u00e4ll\u00e4 koko kasvihuoneen ilmamassan.<\/h4>\n<h2>Tekniset tiedot<\/h2>\n<ul>\n<li>Palma Maksimiteho 2025 W<\/li>\n<li>Tehokas puhallin: ilmanvaihto 163 m3 tunnissa<\/li>\n<li>Kasvihuoneen l\u00e4mp\u00f6puhallin Palma s\u00e4\u00e4dett\u00e4v\u00e4t asennot:<\/li>\n<\/ul>\n<p>1. sammutettu<\/p>\n<p>2. Ilman puhallus ilman l\u00e4mmityst\u00e4<\/p>\n<p>3. 2x 1000 W:n ilmal\u00e4mmitys, jossa on puhallus (l\u00e4mp\u00f6tilaa ohjataan termostaatilla).<\/p>\n<ul>\n<li>Digitaalisen termostaatin toiminta-alue (Thermo 2): -50 &#8211; +99 \u00b0C, tarkkuus 1 aste, anturikaapelin pituus 2,5 m.<\/li>\n<li>Suunniteltu seisomaan vakaasti pystyss\u00e4<\/li>\n<li>Vedenkest\u00e4vyys IPX4<\/li>\n<li>Leveys 21 cm, korkeus 30 cm, pituus 25 cm.<\/li>\n<li>Paino: 4,98 kg<\/li>\n<li>S\u00e4hk\u00f6kaapeli: 1 m ja anturikaapeli 2,5 m (H05RN-f).<\/li>\n<li>Kahden vuoden takuu<\/li>\n<\/ul>\n<p><a href=\"https:\/\/rodoaed.ee\/wp-content\/uploads\/2019\/08\/Kasutusjuhend_Puhur-Palma.pdf\">K\u00e4ytt\u00f6ohje_Power_blower Palma<\/a><\/p>\n<p><a href=\"https:\/\/rodoaed.ee\/wp-content\/uploads\/2019\/08\/Kasutusjuhend_Thermo-2.pdf\">K\u00e4ytt\u00f6ohjeet_Thermo 2<\/a><\/p>\n<div><a href=\"https:\/\/rodoaed.ee\/fi\/\">kotisivu<\/a> <a href=\"https:\/\/rodoaed.ee\/tootekategooria\/kasvuhooned-ja-talveaiad\/\">k\u00e4ynnist\u00e4<\/a> <a href=\"https:\/\/rodoaed.ee\/tootekategooria\/kasvuhooned-ja-talveaiad\/kasvuhoone-lisavarustus\/\">tarvikkeet<\/a> <a href=\"https:\/\/rodoaed.ee\/tootekategooria\/kasvuhooned-ja-talveaiad\/kasvuhoone-lisavarustus\/kasvuhoone-kute\/\">l\u00e4mmitys<\/a> <a href=\"https:\/\/rodoaed.ee\/toode\/minikasvuhoone-jumbo-koos-soojendusmati-ning-termostaadiga\/\">Mini Jumbo<\/a> <a href=\"https:\/\/rodoaed.ee\/tootekategooria\/kasvuhooned-ja-talveaiad\/kasvuhoone-lisavarustus\/tropic-island-kasvutelgid\/\">kasvu paalut<\/a><\/div>\n<div>\n<div>\n<div><\/div>\n<\/div>\n<\/div>\n<\/div>\n<div>\n<div>\n<div><\/div>\n<\/div>\n<\/div>\n","protected":false},"excerpt":{"rendered":"<p>Uusi malli. Kahdella erillisell\u00e4 s\u00e4\u00e4dett\u00e4v\u00e4ll\u00e4 l\u00e4mmittimell\u00e4 2x 1000W. T\u00e4m\u00e4 mahdollistaa l\u00e4mmitystehon k\u00e4tev\u00e4mm\u00e4n s\u00e4\u00e4t\u00e4misen. Palma TWIN -kasvihuonetuuletin on varustettu digitaalisella l\u00e4mp\u00f6anturilla, jonka avulla voit asettaa halutun l\u00e4mp\u00f6tilan yhden asteen tarkkuudella. Soveltuu parhaiten kasvihuoneiden l\u00e4mmitykseen enint\u00e4\u00e4n noin 12 m2:n kokoisiin kasvihuoneisiin. Suuremmissa kasvihuoneissa k\u00e4ytet\u00e4\u00e4n useita puhaltimia yhdess\u00e4. (Kaikki riippuu kasvihuoneen l\u00e4mm\u00f6npid\u00e4tyskyvyst\u00e4 ja ilman l\u00e4mp\u00f6tilasta.) Hyvin eristetyiss\u00e4 Euro-Serre-kasvihuoneissa neli\u00f6metrien m\u00e4\u00e4r\u00e4 voi olla huomattavasti suurempi). Palma on kosteudenkest\u00e4v\u00e4 tuuletin,&#8230;<\/p>\n","protected":false},"featured_media":46614,"template":"","meta":{"_acf_changed":false},"product_brand":[],"product_cat":[1992,1869,1943],"product_tag":[],"class_list":{"0":"post-53005","1":"product","2":"type-product","3":"status-publish","4":"has-post-thumbnail","6":"product_cat-kasvihuoneen-lammitys","7":"product_cat-kasvihuoneen-tarvikkeet","8":"product_cat-tropic-islandin-kasvutopit","9":"product_shipping_class-toimitus-1-3-tyopaivan-kuluessa","10":"pa_variatsioon-20-palma-kasvihuoneen-lampopuhallin-basic","12":"first","13":"instock","14":"sale","15":"featured","16":"taxable","17":"shipping-taxable","18":"purchasable","19":"product-type-simple"},"acf":[],"yoast_head":"<!-- This site is optimized with the Yoast SEO Premium plugin v27.3 (Yoast SEO v27.3) - https:\/\/yoast.com\/product\/yoast-seo-premium-wordpress\/ -->\n<title>UUTUUS! - Kasvihuoneen l\u00e4mp\u00f6pumppu Palma TWIN Digital - Rodoaed<\/title>\n<meta name=\"description\" content=\"Palma-kasvihuoneen l\u00e4mmitin on kosteudenkest\u00e4v\u00e4 l\u00e4mmitin, joka sopii erinomaisesti kosteisiin tiloihin, kuten kasvihuoneisiin, talvihuoneisiin, verannoille ja oleskelutiloihin.\" \/>\n<meta name=\"robots\" content=\"index, follow, max-snippet:-1, max-image-preview:large, max-video-preview:-1\" \/>\n<link rel=\"canonical\" href=\"https:\/\/rodoaed.ee\/fi\/tuote\/uutuus-kasvihuoneen-lampopumppu-palma-twin-digital\/\" \/>\n<meta property=\"og:locale\" content=\"fi_FI\" \/>\n<meta property=\"og:type\" content=\"article\" \/>\n<meta property=\"og:title\" content=\"UUTUUS! - Kasvihuoneen l\u00e4mp\u00f6pumppu Palma TWIN Digital\" \/>\n<meta property=\"og:description\" content=\"Uusi malli. Kahdella erillisell\u00e4 s\u00e4\u00e4dett\u00e4v\u00e4ll\u00e4 l\u00e4mmittimell\u00e4 2x 1000W. T\u00e4m\u00e4 mahdollistaa l\u00e4mmitystehon k\u00e4tev\u00e4mm\u00e4n s\u00e4\u00e4t\u00e4misen. Palma TWIN\" \/>\n<meta property=\"og:url\" content=\"https:\/\/rodoaed.ee\/fi\/tuote\/uutuus-kasvihuoneen-lampopumppu-palma-twin-digital\/\" \/>\n<meta property=\"og:site_name\" content=\"Rodoaed\" \/>\n<meta property=\"article:publisher\" content=\"https:\/\/www.facebook.com\/kasvuhooned\/\" \/>\n<meta property=\"article:modified_time\" content=\"2026-04-17T07:11:58+00:00\" \/>\n<meta property=\"og:image\" content=\"https:\/\/rodoaed.ee\/wp-content\/uploads\/2024\/02\/Soojapuhur-Palma-Twin-Digital_1.jpg.webp\" \/>\n\t<meta property=\"og:image:width\" content=\"1200\" \/>\n\t<meta property=\"og:image:height\" content=\"1200\" \/>\n\t<meta property=\"og:image:type\" content=\"image\/webp\" \/>\n<meta name=\"twitter:card\" content=\"summary_large_image\" \/>\n<meta name=\"twitter:label1\" content=\"Arvioitu lukuaika\" \/>\n\t<meta name=\"twitter:data1\" content=\"2 minuuttia\" \/>\n<script type=\"application\/ld+json\" class=\"yoast-schema-graph\">{\"@context\":\"https:\\\/\\\/schema.org\",\"@graph\":[{\"@type\":\"WebPage\",\"@id\":\"https:\\\/\\\/rodoaed.ee\\\/fi\\\/tuote\\\/uutuus-kasvihuoneen-lampopumppu-palma-twin-digital\\\/\",\"url\":\"https:\\\/\\\/rodoaed.ee\\\/fi\\\/tuote\\\/uutuus-kasvihuoneen-lampopumppu-palma-twin-digital\\\/\",\"name\":\"UUTUUS! - Kasvihuoneen l\u00e4mp\u00f6pumppu Palma TWIN Digital - Rodoaed\",\"isPartOf\":{\"@id\":\"https:\\\/\\\/rodoaed.ee\\\/#website\"},\"primaryImageOfPage\":{\"@id\":\"https:\\\/\\\/rodoaed.ee\\\/fi\\\/tuote\\\/uutuus-kasvihuoneen-lampopumppu-palma-twin-digital\\\/#primaryimage\"},\"image\":{\"@id\":\"https:\\\/\\\/rodoaed.ee\\\/fi\\\/tuote\\\/uutuus-kasvihuoneen-lampopumppu-palma-twin-digital\\\/#primaryimage\"},\"thumbnailUrl\":\"https:\\\/\\\/rodoaed.ee\\\/wp-content\\\/uploads\\\/2024\\\/02\\\/Soojapuhur-Palma-Twin-Digital_1.jpg.webp\",\"datePublished\":\"2024-02-22T08:04:41+00:00\",\"dateModified\":\"2026-04-17T07:11:58+00:00\",\"description\":\"Palma-kasvihuoneen l\u00e4mmitin on kosteudenkest\u00e4v\u00e4 l\u00e4mmitin, joka sopii erinomaisesti kosteisiin tiloihin, kuten kasvihuoneisiin, talvihuoneisiin, verannoille ja oleskelutiloihin.\",\"breadcrumb\":{\"@id\":\"https:\\\/\\\/rodoaed.ee\\\/fi\\\/tuote\\\/uutuus-kasvihuoneen-lampopumppu-palma-twin-digital\\\/#breadcrumb\"},\"inLanguage\":\"fi\",\"potentialAction\":[{\"@type\":\"ReadAction\",\"target\":[\"https:\\\/\\\/rodoaed.ee\\\/fi\\\/tuote\\\/uutuus-kasvihuoneen-lampopumppu-palma-twin-digital\\\/\"]}]},{\"@type\":\"ImageObject\",\"inLanguage\":\"fi\",\"@id\":\"https:\\\/\\\/rodoaed.ee\\\/fi\\\/tuote\\\/uutuus-kasvihuoneen-lampopumppu-palma-twin-digital\\\/#primaryimage\",\"url\":\"https:\\\/\\\/rodoaed.ee\\\/wp-content\\\/uploads\\\/2024\\\/02\\\/Soojapuhur-Palma-Twin-Digital_1.jpg.webp\",\"contentUrl\":\"https:\\\/\\\/rodoaed.ee\\\/wp-content\\\/uploads\\\/2024\\\/02\\\/Soojapuhur-Palma-Twin-Digital_1.jpg.webp\",\"width\":1200,\"height\":1200},{\"@type\":\"BreadcrumbList\",\"@id\":\"https:\\\/\\\/rodoaed.ee\\\/fi\\\/tuote\\\/uutuus-kasvihuoneen-lampopumppu-palma-twin-digital\\\/#breadcrumb\",\"itemListElement\":[{\"@type\":\"ListItem\",\"position\":1,\"name\":\"Home\",\"item\":\"https:\\\/\\\/rodoaed.ee\\\/fi\\\/\"},{\"@type\":\"ListItem\",\"position\":2,\"name\":\"Osta osoitteessa\",\"item\":\"https:\\\/\\\/rodoaed.ee\\\/osta-osoitteessa\\\/\"},{\"@type\":\"ListItem\",\"position\":3,\"name\":\"UUTUUS! &#8211; Kasvihuoneen l\u00e4mp\u00f6pumppu Palma TWIN Digital\"}]},{\"@type\":\"WebSite\",\"@id\":\"https:\\\/\\\/rodoaed.ee\\\/#website\",\"url\":\"https:\\\/\\\/rodoaed.ee\\\/\",\"name\":\"Rodoaed\",\"description\":\"\",\"publisher\":{\"@id\":\"https:\\\/\\\/rodoaed.ee\\\/#organization\"},\"potentialAction\":[{\"@type\":\"SearchAction\",\"target\":{\"@type\":\"EntryPoint\",\"urlTemplate\":\"https:\\\/\\\/rodoaed.ee\\\/?s={search_term_string}\"},\"query-input\":{\"@type\":\"PropertyValueSpecification\",\"valueRequired\":true,\"valueName\":\"search_term_string\"}}],\"inLanguage\":\"fi\"},{\"@type\":\"Organization\",\"@id\":\"https:\\\/\\\/rodoaed.ee\\\/#organization\",\"name\":\"Rodoaed\",\"url\":\"https:\\\/\\\/rodoaed.ee\\\/\",\"logo\":{\"@type\":\"ImageObject\",\"inLanguage\":\"fi\",\"@id\":\"https:\\\/\\\/rodoaed.ee\\\/#\\\/schema\\\/logo\\\/image\\\/\",\"url\":\"https:\\\/\\\/rodoaed.ee\\\/wp-content\\\/uploads\\\/2019\\\/11\\\/rodoaed-logo-ilma-taustata.jpg\",\"contentUrl\":\"https:\\\/\\\/rodoaed.ee\\\/wp-content\\\/uploads\\\/2019\\\/11\\\/rodoaed-logo-ilma-taustata.jpg\",\"width\":769,\"height\":268,\"caption\":\"Rodoaed\"},\"image\":{\"@id\":\"https:\\\/\\\/rodoaed.ee\\\/#\\\/schema\\\/logo\\\/image\\\/\"},\"sameAs\":[\"https:\\\/\\\/www.facebook.com\\\/kasvuhooned\\\/\",\"https:\\\/\\\/rodoaed.ee\"]}]}<\/script>\n<!-- \/ Yoast SEO Premium plugin. -->","yoast_head_json":{"title":"UUTUUS! - Kasvihuoneen l\u00e4mp\u00f6pumppu Palma TWIN Digital - Rodoaed","description":"Palma-kasvihuoneen l\u00e4mmitin on kosteudenkest\u00e4v\u00e4 l\u00e4mmitin, joka sopii erinomaisesti kosteisiin tiloihin, kuten kasvihuoneisiin, talvihuoneisiin, verannoille ja oleskelutiloihin.","robots":{"index":"index","follow":"follow","max-snippet":"max-snippet:-1","max-image-preview":"max-image-preview:large","max-video-preview":"max-video-preview:-1"},"canonical":"https:\/\/rodoaed.ee\/fi\/tuote\/uutuus-kasvihuoneen-lampopumppu-palma-twin-digital\/","og_locale":"fi_FI","og_type":"article","og_title":"UUTUUS! - Kasvihuoneen l\u00e4mp\u00f6pumppu Palma TWIN Digital","og_description":"Uusi malli. Kahdella erillisell\u00e4 s\u00e4\u00e4dett\u00e4v\u00e4ll\u00e4 l\u00e4mmittimell\u00e4 2x 1000W. T\u00e4m\u00e4 mahdollistaa l\u00e4mmitystehon k\u00e4tev\u00e4mm\u00e4n s\u00e4\u00e4t\u00e4misen. Palma TWIN","og_url":"https:\/\/rodoaed.ee\/fi\/tuote\/uutuus-kasvihuoneen-lampopumppu-palma-twin-digital\/","og_site_name":"Rodoaed","article_publisher":"https:\/\/www.facebook.com\/kasvuhooned\/","article_modified_time":"2026-04-17T07:11:58+00:00","og_image":[{"width":1200,"height":1200,"url":"https:\/\/rodoaed.ee\/wp-content\/uploads\/2024\/02\/Soojapuhur-Palma-Twin-Digital_1.jpg.webp","type":"image\/webp"}],"twitter_card":"summary_large_image","twitter_misc":{"Arvioitu lukuaika":"2 minuuttia"},"schema":{"@context":"https:\/\/schema.org","@graph":[{"@type":"WebPage","@id":"https:\/\/rodoaed.ee\/fi\/tuote\/uutuus-kasvihuoneen-lampopumppu-palma-twin-digital\/","url":"https:\/\/rodoaed.ee\/fi\/tuote\/uutuus-kasvihuoneen-lampopumppu-palma-twin-digital\/","name":"UUTUUS! - Kasvihuoneen l\u00e4mp\u00f6pumppu Palma TWIN Digital - Rodoaed","isPartOf":{"@id":"https:\/\/rodoaed.ee\/#website"},"primaryImageOfPage":{"@id":"https:\/\/rodoaed.ee\/fi\/tuote\/uutuus-kasvihuoneen-lampopumppu-palma-twin-digital\/#primaryimage"},"image":{"@id":"https:\/\/rodoaed.ee\/fi\/tuote\/uutuus-kasvihuoneen-lampopumppu-palma-twin-digital\/#primaryimage"},"thumbnailUrl":"https:\/\/rodoaed.ee\/wp-content\/uploads\/2024\/02\/Soojapuhur-Palma-Twin-Digital_1.jpg.webp","datePublished":"2024-02-22T08:04:41+00:00","dateModified":"2026-04-17T07:11:58+00:00","description":"Palma-kasvihuoneen l\u00e4mmitin on kosteudenkest\u00e4v\u00e4 l\u00e4mmitin, joka sopii erinomaisesti kosteisiin tiloihin, kuten kasvihuoneisiin, talvihuoneisiin, verannoille ja oleskelutiloihin.","breadcrumb":{"@id":"https:\/\/rodoaed.ee\/fi\/tuote\/uutuus-kasvihuoneen-lampopumppu-palma-twin-digital\/#breadcrumb"},"inLanguage":"fi","potentialAction":[{"@type":"ReadAction","target":["https:\/\/rodoaed.ee\/fi\/tuote\/uutuus-kasvihuoneen-lampopumppu-palma-twin-digital\/"]}]},{"@type":"ImageObject","inLanguage":"fi","@id":"https:\/\/rodoaed.ee\/fi\/tuote\/uutuus-kasvihuoneen-lampopumppu-palma-twin-digital\/#primaryimage","url":"https:\/\/rodoaed.ee\/wp-content\/uploads\/2024\/02\/Soojapuhur-Palma-Twin-Digital_1.jpg.webp","contentUrl":"https:\/\/rodoaed.ee\/wp-content\/uploads\/2024\/02\/Soojapuhur-Palma-Twin-Digital_1.jpg.webp","width":1200,"height":1200},{"@type":"BreadcrumbList","@id":"https:\/\/rodoaed.ee\/fi\/tuote\/uutuus-kasvihuoneen-lampopumppu-palma-twin-digital\/#breadcrumb","itemListElement":[{"@type":"ListItem","position":1,"name":"Home","item":"https:\/\/rodoaed.ee\/fi\/"},{"@type":"ListItem","position":2,"name":"Osta osoitteessa","item":"https:\/\/rodoaed.ee\/osta-osoitteessa\/"},{"@type":"ListItem","position":3,"name":"UUTUUS! &#8211; Kasvihuoneen l\u00e4mp\u00f6pumppu Palma TWIN Digital"}]},{"@type":"WebSite","@id":"https:\/\/rodoaed.ee\/#website","url":"https:\/\/rodoaed.ee\/","name":"Rodoaed","description":"","publisher":{"@id":"https:\/\/rodoaed.ee\/#organization"},"potentialAction":[{"@type":"SearchAction","target":{"@type":"EntryPoint","urlTemplate":"https:\/\/rodoaed.ee\/?s={search_term_string}"},"query-input":{"@type":"PropertyValueSpecification","valueRequired":true,"valueName":"search_term_string"}}],"inLanguage":"fi"},{"@type":"Organization","@id":"https:\/\/rodoaed.ee\/#organization","name":"Rodoaed","url":"https:\/\/rodoaed.ee\/","logo":{"@type":"ImageObject","inLanguage":"fi","@id":"https:\/\/rodoaed.ee\/#\/schema\/logo\/image\/","url":"https:\/\/rodoaed.ee\/wp-content\/uploads\/2019\/11\/rodoaed-logo-ilma-taustata.jpg","contentUrl":"https:\/\/rodoaed.ee\/wp-content\/uploads\/2019\/11\/rodoaed-logo-ilma-taustata.jpg","width":769,"height":268,"caption":"Rodoaed"},"image":{"@id":"https:\/\/rodoaed.ee\/#\/schema\/logo\/image\/"},"sameAs":["https:\/\/www.facebook.com\/kasvuhooned\/","https:\/\/rodoaed.ee"]}]}},"_links":{"self":[{"href":"https:\/\/rodoaed.ee\/fi\/wp-json\/wp\/v2\/product\/53005","targetHints":{"allow":["GET"]}}],"collection":[{"href":"https:\/\/rodoaed.ee\/fi\/wp-json\/wp\/v2\/product"}],"about":[{"href":"https:\/\/rodoaed.ee\/fi\/wp-json\/wp\/v2\/types\/product"}],"wp:featuredmedia":[{"embeddable":true,"href":"https:\/\/rodoaed.ee\/fi\/wp-json\/wp\/v2\/media\/46614"}],"wp:attachment":[{"href":"https:\/\/rodoaed.ee\/fi\/wp-json\/wp\/v2\/media?parent=53005"}],"wp:term":[{"taxonomy":"product_brand","embeddable":true,"href":"https:\/\/rodoaed.ee\/fi\/wp-json\/wp\/v2\/product_brand?post=53005"},{"taxonomy":"product_cat","embeddable":true,"href":"https:\/\/rodoaed.ee\/fi\/wp-json\/wp\/v2\/product_cat?post=53005"},{"taxonomy":"product_tag","embeddable":true,"href":"https:\/\/rodoaed.ee\/fi\/wp-json\/wp\/v2\/product_tag?post=53005"}],"curies":[{"name":"wp","href":"https:\/\/api.w.org\/{rel}","templated":true}]}}