{"id":53006,"date":"2024-03-18T12:30:37","date_gmt":"2024-03-18T10:30:37","guid":{"rendered":"https:\/\/rodoaed.ee\/toode\/metallinen-suojalevy-pesakoteloon-32mm-suuret-nastat\/"},"modified":"2026-04-17T10:12:20","modified_gmt":"2026-04-17T07:12:20","slug":"metallinen-suojalevy-pesakoteloon-32mm-suuret-nastat","status":"publish","type":"product","link":"https:\/\/rodoaed.ee\/fi\/tuote\/metallinen-suojalevy-pesakoteloon-32mm-suuret-nastat\/","title":{"rendered":"Metallinen suojalevy pes\u00e4koteloon 32mm &#8211; suuret nastat"},"content":{"rendered":"<h3>Turvalevy tornien hy\u00f6kk\u00e4yksi\u00e4 vastaan. K\u00e4ytet\u00e4\u00e4n sek\u00e4 kotitekoisiin ett\u00e4 ostettuihin puisiin pes\u00e4koteloihin. Mukana kiinnitysruuvit.  <\/h3>\n<p>Kukkoilla on joskus taipumus vallata pes\u00e4koteloita leikkaamalla pes\u00e4kotelon aukkoa suuremmaksi. Joskus ne tekev\u00e4t n\u00e4in my\u00f6s p\u00e4\u00e4st\u00e4kseen poikasten luo. T\u00e4m\u00e4 suojalevy suojaa t\u00e4llaiselta uhalta. Levy on suunniteltu pienten kanojen ja pikkulintujen pes\u00e4laatikoihin &#8211; ostettuihin tai kotitekoisiin.   <\/p>\n<h3>T\u00e4rkeimm\u00e4t ominaisuudet:<\/h3>\n<p><b>Materiaali:<\/b> ter\u00e4slevy, 4 kiinnitysruuvia mukana<\/p>\n<p><b>Mitat: <\/b>7x 7x 0,1 cm, lentoaukon koko 32 mm.<\/p>\n<p><strong>Paino:<\/strong> 37 g<\/p>\n<p><strong>M\u00e4\u00e4r\u00e4:<\/strong> 1kpl<\/p>\n<p>&nbsp;<\/p>\n<p><a href=\"https:\/\/rodoaed.ee\/tootekategooria\/pesakastid-ja-linnusoogid\/linnusoogid-ja-linnusoogimajad\/\">k\u00e4ynnist\u00e4<\/a><\/p>\n","protected":false},"excerpt":{"rendered":"<p>Turvalevy tornien hy\u00f6kk\u00e4yksi\u00e4 vastaan. K\u00e4ytet\u00e4\u00e4n sek\u00e4 kotitekoisiin ett\u00e4 ostettuihin puisiin pes\u00e4koteloihin. Mukana kiinnitysruuvit. Kukkoilla on joskus taipumus vallata pes\u00e4koteloita leikkaamalla pes\u00e4kotelon aukkoa suuremmaksi. Joskus ne tekev\u00e4t n\u00e4in my\u00f6s p\u00e4\u00e4st\u00e4kseen poikasten luo. T\u00e4m\u00e4 suojalevy suojaa t\u00e4llaiselta uhalta. Levy on suunniteltu pienten kanojen ja pikkulintujen pes\u00e4laatikoihin &#8211; ostettuihin tai kotitekoisiin. T\u00e4rkeimm\u00e4t ominaisuudet: Materiaali: ter\u00e4slevy, 4 kiinnitysruuvia mukana Mitat: 7x 7x 0,1 cm, lentoaukon koko 32 mm. Paino:&#8230;<\/p>\n","protected":false},"featured_media":46900,"template":"","meta":{"_acf_changed":false},"product_brand":[],"product_cat":[1852,1861],"product_tag":[],"class_list":{"0":"post-53006","1":"product","2":"type-product","3":"status-publish","4":"has-post-thumbnail","6":"product_cat-lintujen-tarvikkeet","7":"product_cat-puiset-pesakotelot","8":"product_shipping_class-toimitus-1-3-tyopaivan-kuluessa","9":"pa_variatsioon-20-dining-house-latern-1l","11":"first","12":"instock","13":"taxable","14":"shipping-taxable","15":"purchasable","16":"product-type-simple"},"acf":[],"yoast_head":"<!-- This site is optimized with the Yoast SEO Premium plugin v27.3 (Yoast SEO v27.3) - https:\/\/yoast.com\/product\/yoast-seo-premium-wordpress\/ -->\n<title>Metallinen suojalevy pes\u00e4koteloon 32mm - suuret nastat - Rodoaed<\/title>\n<meta name=\"robots\" content=\"index, follow, max-snippet:-1, max-image-preview:large, max-video-preview:-1\" \/>\n<link rel=\"canonical\" href=\"https:\/\/rodoaed.ee\/fi\/tuote\/metallinen-suojalevy-pesakoteloon-32mm-suuret-nastat\/\" \/>\n<meta property=\"og:locale\" content=\"fi_FI\" \/>\n<meta property=\"og:type\" content=\"article\" \/>\n<meta property=\"og:title\" content=\"Metallinen suojalevy pes\u00e4koteloon 32mm - suuret nastat\" \/>\n<meta property=\"og:description\" content=\"Turvalevy tornien hy\u00f6kk\u00e4yksi\u00e4 vastaan. K\u00e4ytet\u00e4\u00e4n sek\u00e4 kotitekoisiin ett\u00e4 ostettuihin puisiin pes\u00e4koteloihin. Mukana kiinnitysruuvit. Kukkoilla on joskus\" \/>\n<meta property=\"og:url\" content=\"https:\/\/rodoaed.ee\/fi\/tuote\/metallinen-suojalevy-pesakoteloon-32mm-suuret-nastat\/\" \/>\n<meta property=\"og:site_name\" content=\"Rodoaed\" \/>\n<meta property=\"article:publisher\" content=\"https:\/\/www.facebook.com\/kasvuhooned\/\" \/>\n<meta property=\"article:modified_time\" content=\"2026-04-17T07:12:20+00:00\" \/>\n<meta property=\"og:image\" content=\"https:\/\/rodoaed.ee\/wp-content\/uploads\/2024\/03\/turvaplaat-pesakastile_NKKP_01.png\" \/>\n\t<meta property=\"og:image:width\" content=\"1240\" \/>\n\t<meta property=\"og:image:height\" content=\"1240\" \/>\n\t<meta property=\"og:image:type\" content=\"image\/png\" \/>\n<meta name=\"twitter:card\" content=\"summary_large_image\" \/>\n<script type=\"application\/ld+json\" class=\"yoast-schema-graph\">{\"@context\":\"https:\\\/\\\/schema.org\",\"@graph\":[{\"@type\":\"WebPage\",\"@id\":\"https:\\\/\\\/rodoaed.ee\\\/fi\\\/tuote\\\/metallinen-suojalevy-pesakoteloon-32mm-suuret-nastat\\\/\",\"url\":\"https:\\\/\\\/rodoaed.ee\\\/fi\\\/tuote\\\/metallinen-suojalevy-pesakoteloon-32mm-suuret-nastat\\\/\",\"name\":\"Metallinen suojalevy pes\u00e4koteloon 32mm - suuret nastat - Rodoaed\",\"isPartOf\":{\"@id\":\"https:\\\/\\\/rodoaed.ee\\\/#website\"},\"primaryImageOfPage\":{\"@id\":\"https:\\\/\\\/rodoaed.ee\\\/fi\\\/tuote\\\/metallinen-suojalevy-pesakoteloon-32mm-suuret-nastat\\\/#primaryimage\"},\"image\":{\"@id\":\"https:\\\/\\\/rodoaed.ee\\\/fi\\\/tuote\\\/metallinen-suojalevy-pesakoteloon-32mm-suuret-nastat\\\/#primaryimage\"},\"thumbnailUrl\":\"https:\\\/\\\/rodoaed.ee\\\/wp-content\\\/uploads\\\/2024\\\/03\\\/turvaplaat-pesakastile_NKKP_01.png\",\"datePublished\":\"2024-03-18T10:30:37+00:00\",\"dateModified\":\"2026-04-17T07:12:20+00:00\",\"breadcrumb\":{\"@id\":\"https:\\\/\\\/rodoaed.ee\\\/fi\\\/tuote\\\/metallinen-suojalevy-pesakoteloon-32mm-suuret-nastat\\\/#breadcrumb\"},\"inLanguage\":\"fi\",\"potentialAction\":[{\"@type\":\"ReadAction\",\"target\":[\"https:\\\/\\\/rodoaed.ee\\\/fi\\\/tuote\\\/metallinen-suojalevy-pesakoteloon-32mm-suuret-nastat\\\/\"]}]},{\"@type\":\"ImageObject\",\"inLanguage\":\"fi\",\"@id\":\"https:\\\/\\\/rodoaed.ee\\\/fi\\\/tuote\\\/metallinen-suojalevy-pesakoteloon-32mm-suuret-nastat\\\/#primaryimage\",\"url\":\"https:\\\/\\\/rodoaed.ee\\\/wp-content\\\/uploads\\\/2024\\\/03\\\/turvaplaat-pesakastile_NKKP_01.png\",\"contentUrl\":\"https:\\\/\\\/rodoaed.ee\\\/wp-content\\\/uploads\\\/2024\\\/03\\\/turvaplaat-pesakastile_NKKP_01.png\",\"width\":1240,\"height\":1240},{\"@type\":\"BreadcrumbList\",\"@id\":\"https:\\\/\\\/rodoaed.ee\\\/fi\\\/tuote\\\/metallinen-suojalevy-pesakoteloon-32mm-suuret-nastat\\\/#breadcrumb\",\"itemListElement\":[{\"@type\":\"ListItem\",\"position\":1,\"name\":\"Home\",\"item\":\"https:\\\/\\\/rodoaed.ee\\\/fi\\\/\"},{\"@type\":\"ListItem\",\"position\":2,\"name\":\"Osta osoitteessa\",\"item\":\"https:\\\/\\\/rodoaed.ee\\\/osta-osoitteessa\\\/\"},{\"@type\":\"ListItem\",\"position\":3,\"name\":\"Metallinen suojalevy pes\u00e4koteloon 32mm &#8211; suuret nastat\"}]},{\"@type\":\"WebSite\",\"@id\":\"https:\\\/\\\/rodoaed.ee\\\/#website\",\"url\":\"https:\\\/\\\/rodoaed.ee\\\/\",\"name\":\"Rodoaed\",\"description\":\"\",\"publisher\":{\"@id\":\"https:\\\/\\\/rodoaed.ee\\\/#organization\"},\"potentialAction\":[{\"@type\":\"SearchAction\",\"target\":{\"@type\":\"EntryPoint\",\"urlTemplate\":\"https:\\\/\\\/rodoaed.ee\\\/?s={search_term_string}\"},\"query-input\":{\"@type\":\"PropertyValueSpecification\",\"valueRequired\":true,\"valueName\":\"search_term_string\"}}],\"inLanguage\":\"fi\"},{\"@type\":\"Organization\",\"@id\":\"https:\\\/\\\/rodoaed.ee\\\/#organization\",\"name\":\"Rodoaed\",\"url\":\"https:\\\/\\\/rodoaed.ee\\\/\",\"logo\":{\"@type\":\"ImageObject\",\"inLanguage\":\"fi\",\"@id\":\"https:\\\/\\\/rodoaed.ee\\\/#\\\/schema\\\/logo\\\/image\\\/\",\"url\":\"https:\\\/\\\/rodoaed.ee\\\/wp-content\\\/uploads\\\/2019\\\/11\\\/rodoaed-logo-ilma-taustata.jpg\",\"contentUrl\":\"https:\\\/\\\/rodoaed.ee\\\/wp-content\\\/uploads\\\/2019\\\/11\\\/rodoaed-logo-ilma-taustata.jpg\",\"width\":769,\"height\":268,\"caption\":\"Rodoaed\"},\"image\":{\"@id\":\"https:\\\/\\\/rodoaed.ee\\\/#\\\/schema\\\/logo\\\/image\\\/\"},\"sameAs\":[\"https:\\\/\\\/www.facebook.com\\\/kasvuhooned\\\/\",\"https:\\\/\\\/rodoaed.ee\"]}]}<\/script>\n<!-- \/ Yoast SEO Premium plugin. -->","yoast_head_json":{"title":"Metallinen suojalevy pes\u00e4koteloon 32mm - suuret nastat - Rodoaed","robots":{"index":"index","follow":"follow","max-snippet":"max-snippet:-1","max-image-preview":"max-image-preview:large","max-video-preview":"max-video-preview:-1"},"canonical":"https:\/\/rodoaed.ee\/fi\/tuote\/metallinen-suojalevy-pesakoteloon-32mm-suuret-nastat\/","og_locale":"fi_FI","og_type":"article","og_title":"Metallinen suojalevy pes\u00e4koteloon 32mm - suuret nastat","og_description":"Turvalevy tornien hy\u00f6kk\u00e4yksi\u00e4 vastaan. K\u00e4ytet\u00e4\u00e4n sek\u00e4 kotitekoisiin ett\u00e4 ostettuihin puisiin pes\u00e4koteloihin. Mukana kiinnitysruuvit. Kukkoilla on joskus","og_url":"https:\/\/rodoaed.ee\/fi\/tuote\/metallinen-suojalevy-pesakoteloon-32mm-suuret-nastat\/","og_site_name":"Rodoaed","article_publisher":"https:\/\/www.facebook.com\/kasvuhooned\/","article_modified_time":"2026-04-17T07:12:20+00:00","og_image":[{"width":1240,"height":1240,"url":"https:\/\/rodoaed.ee\/wp-content\/uploads\/2024\/03\/turvaplaat-pesakastile_NKKP_01.png","type":"image\/png"}],"twitter_card":"summary_large_image","schema":{"@context":"https:\/\/schema.org","@graph":[{"@type":"WebPage","@id":"https:\/\/rodoaed.ee\/fi\/tuote\/metallinen-suojalevy-pesakoteloon-32mm-suuret-nastat\/","url":"https:\/\/rodoaed.ee\/fi\/tuote\/metallinen-suojalevy-pesakoteloon-32mm-suuret-nastat\/","name":"Metallinen suojalevy pes\u00e4koteloon 32mm - suuret nastat - Rodoaed","isPartOf":{"@id":"https:\/\/rodoaed.ee\/#website"},"primaryImageOfPage":{"@id":"https:\/\/rodoaed.ee\/fi\/tuote\/metallinen-suojalevy-pesakoteloon-32mm-suuret-nastat\/#primaryimage"},"image":{"@id":"https:\/\/rodoaed.ee\/fi\/tuote\/metallinen-suojalevy-pesakoteloon-32mm-suuret-nastat\/#primaryimage"},"thumbnailUrl":"https:\/\/rodoaed.ee\/wp-content\/uploads\/2024\/03\/turvaplaat-pesakastile_NKKP_01.png","datePublished":"2024-03-18T10:30:37+00:00","dateModified":"2026-04-17T07:12:20+00:00","breadcrumb":{"@id":"https:\/\/rodoaed.ee\/fi\/tuote\/metallinen-suojalevy-pesakoteloon-32mm-suuret-nastat\/#breadcrumb"},"inLanguage":"fi","potentialAction":[{"@type":"ReadAction","target":["https:\/\/rodoaed.ee\/fi\/tuote\/metallinen-suojalevy-pesakoteloon-32mm-suuret-nastat\/"]}]},{"@type":"ImageObject","inLanguage":"fi","@id":"https:\/\/rodoaed.ee\/fi\/tuote\/metallinen-suojalevy-pesakoteloon-32mm-suuret-nastat\/#primaryimage","url":"https:\/\/rodoaed.ee\/wp-content\/uploads\/2024\/03\/turvaplaat-pesakastile_NKKP_01.png","contentUrl":"https:\/\/rodoaed.ee\/wp-content\/uploads\/2024\/03\/turvaplaat-pesakastile_NKKP_01.png","width":1240,"height":1240},{"@type":"BreadcrumbList","@id":"https:\/\/rodoaed.ee\/fi\/tuote\/metallinen-suojalevy-pesakoteloon-32mm-suuret-nastat\/#breadcrumb","itemListElement":[{"@type":"ListItem","position":1,"name":"Home","item":"https:\/\/rodoaed.ee\/fi\/"},{"@type":"ListItem","position":2,"name":"Osta osoitteessa","item":"https:\/\/rodoaed.ee\/osta-osoitteessa\/"},{"@type":"ListItem","position":3,"name":"Metallinen suojalevy pes\u00e4koteloon 32mm &#8211; suuret nastat"}]},{"@type":"WebSite","@id":"https:\/\/rodoaed.ee\/#website","url":"https:\/\/rodoaed.ee\/","name":"Rodoaed","description":"","publisher":{"@id":"https:\/\/rodoaed.ee\/#organization"},"potentialAction":[{"@type":"SearchAction","target":{"@type":"EntryPoint","urlTemplate":"https:\/\/rodoaed.ee\/?s={search_term_string}"},"query-input":{"@type":"PropertyValueSpecification","valueRequired":true,"valueName":"search_term_string"}}],"inLanguage":"fi"},{"@type":"Organization","@id":"https:\/\/rodoaed.ee\/#organization","name":"Rodoaed","url":"https:\/\/rodoaed.ee\/","logo":{"@type":"ImageObject","inLanguage":"fi","@id":"https:\/\/rodoaed.ee\/#\/schema\/logo\/image\/","url":"https:\/\/rodoaed.ee\/wp-content\/uploads\/2019\/11\/rodoaed-logo-ilma-taustata.jpg","contentUrl":"https:\/\/rodoaed.ee\/wp-content\/uploads\/2019\/11\/rodoaed-logo-ilma-taustata.jpg","width":769,"height":268,"caption":"Rodoaed"},"image":{"@id":"https:\/\/rodoaed.ee\/#\/schema\/logo\/image\/"},"sameAs":["https:\/\/www.facebook.com\/kasvuhooned\/","https:\/\/rodoaed.ee"]}]}},"_links":{"self":[{"href":"https:\/\/rodoaed.ee\/fi\/wp-json\/wp\/v2\/product\/53006","targetHints":{"allow":["GET"]}}],"collection":[{"href":"https:\/\/rodoaed.ee\/fi\/wp-json\/wp\/v2\/product"}],"about":[{"href":"https:\/\/rodoaed.ee\/fi\/wp-json\/wp\/v2\/types\/product"}],"wp:featuredmedia":[{"embeddable":true,"href":"https:\/\/rodoaed.ee\/fi\/wp-json\/wp\/v2\/media\/46900"}],"wp:attachment":[{"href":"https:\/\/rodoaed.ee\/fi\/wp-json\/wp\/v2\/media?parent=53006"}],"wp:term":[{"taxonomy":"product_brand","embeddable":true,"href":"https:\/\/rodoaed.ee\/fi\/wp-json\/wp\/v2\/product_brand?post=53006"},{"taxonomy":"product_cat","embeddable":true,"href":"https:\/\/rodoaed.ee\/fi\/wp-json\/wp\/v2\/product_cat?post=53006"},{"taxonomy":"product_tag","embeddable":true,"href":"https:\/\/rodoaed.ee\/fi\/wp-json\/wp\/v2\/product_tag?post=53006"}],"curies":[{"name":"wp","href":"https:\/\/api.w.org\/{rel}","templated":true}]}}