{"id":53008,"date":"2024-03-17T12:28:14","date_gmt":"2024-03-17T10:28:14","guid":{"rendered":"https:\/\/rodoaed.ee\/toode\/mansikan-ja-yrttien-istutuspussi-o38-x-50-cm\/"},"modified":"2026-04-17T10:12:13","modified_gmt":"2026-04-17T07:12:13","slug":"mansikan-ja-yrttien-istutuspussi-o38-x-50-cm","status":"publish","type":"product","link":"https:\/\/rodoaed.ee\/fi\/tuote\/mansikan-ja-yrttien-istutuspussi-o38-x-50-cm\/","title":{"rendered":"Mansikan ja yrttien istutuspussi \u00f838 x 50 cm"},"content":{"rendered":"<h2>K\u00e4tev\u00e4 kasvus\u00e4ili\u00f6- istutuspussi mansikoille ja yrteille.<\/h2>\n<p>Kasvata omia mansikoita ja yrttej\u00e4 mukavasti t\u00e4ss\u00e4 istutusastiassa. Istutusastian sivuilla on aukot. Istutusastia on valmistettu 100 % kierr\u00e4tetyst\u00e4 polyesterist\u00e4. Istutusastia on uudelleenk\u00e4ytett\u00e4v\u00e4. K\u00e4yt\u00f6n j\u00e4lkeen sen voi k\u00e4tev\u00e4sti taittaa kokoon ja s\u00e4ilytt\u00e4\u00e4 tilaa s\u00e4\u00e4st\u00e4v\u00e4sti.    <\/p>\n<p>N\u00e4m\u00e4 k\u00e4tev\u00e4t ja kompaktit kasvulaatikot tarjoavat aivan uudenlaisen tavan kasvattaa ahtaissa tiloissa.<\/p>\n<h2>T\u00e4rkeimm\u00e4t ominaisuudet :<\/h2>\n<ul>\n<li>Mitat: \u00f8 38 x K 50 cm<\/li>\n<li>Paino tyhj\u00e4n\u00e4 223 g<\/li>\n<li>K\u00e4tev\u00e4 k\u00e4ytt\u00e4\u00e4 miss\u00e4 tahansa<\/li>\n<li>kevyt ja halpa<\/li>\n<li>materiaali, jolla on hyv\u00e4 kosteudenl\u00e4p\u00e4isevyys ja hengitt\u00e4vyys<\/li>\n<li>Uudelleenk\u00e4ytett\u00e4v\u00e4<\/li>\n<li>kokoontaitettava<\/li>\n<\/ul>\n<p>&nbsp;<\/p>\n<div id=\"article-specifications\" class=\"tab-links__content is-active col-md-6 mb-4\"><\/div>\n","protected":false},"excerpt":{"rendered":"<p>K\u00e4tev\u00e4 kasvus\u00e4ili\u00f6- istutuspussi mansikoille ja yrteille. Kasvata omia mansikoita ja yrttej\u00e4 mukavasti t\u00e4ss\u00e4 istutusastiassa. Istutusastian sivuilla on aukot. Istutusastia on valmistettu 100 % kierr\u00e4tetyst\u00e4 polyesterist\u00e4. Istutusastia on uudelleenk\u00e4ytett\u00e4v\u00e4. K\u00e4yt\u00f6n j\u00e4lkeen sen voi k\u00e4tev\u00e4sti taittaa kokoon ja s\u00e4ilytt\u00e4\u00e4 tilaa s\u00e4\u00e4st\u00e4v\u00e4sti. N\u00e4m\u00e4 k\u00e4tev\u00e4t ja kompaktit kasvulaatikot tarjoavat aivan uudenlaisen tavan kasvattaa ahtaissa tiloissa. T\u00e4rkeimm\u00e4t ominaisuudet : Mitat: \u00f8 38 x K 50 cm Paino tyhj\u00e4n\u00e4 223 g&#8230;<\/p>\n","protected":false},"featured_media":46828,"template":"","meta":{"_acf_changed":false},"product_brand":[],"product_cat":[1771,1876,1788,1978],"product_tag":[],"class_list":{"0":"post-53008","1":"product","2":"type-product","3":"status-publish","4":"has-post-thumbnail","6":"product_cat-fiksuja-auttajia","7":"product_cat-kasviastiat-vihanneksia-varten","8":"product_cat-kukkaruukut-ja-kasviastiat","9":"product_cat-pehmeat-kasviastiat","10":"product_shipping_class-toimitus-1-3-tyopaivan-kuluessa","11":"pa_variatsioon-superseeder-kylvokone-21","13":"first","14":"instock","15":"sale","16":"taxable","17":"shipping-taxable","18":"purchasable","19":"product-type-simple"},"acf":[],"yoast_head":"<!-- This site is optimized with the Yoast SEO Premium plugin v27.3 (Yoast SEO v27.3) - https:\/\/yoast.com\/product\/yoast-seo-premium-wordpress\/ -->\n<title>Mansikan ja yrttien istutuspussi \u00f838 x 50 cm - Rodoaed<\/title>\n<meta name=\"robots\" content=\"index, follow, max-snippet:-1, max-image-preview:large, max-video-preview:-1\" \/>\n<link rel=\"canonical\" href=\"https:\/\/rodoaed.ee\/fi\/tuote\/mansikan-ja-yrttien-istutuspussi-o38-x-50-cm\/\" \/>\n<meta property=\"og:locale\" content=\"fi_FI\" \/>\n<meta property=\"og:type\" content=\"article\" \/>\n<meta property=\"og:title\" content=\"Mansikan ja yrttien istutuspussi \u00f838 x 50 cm\" \/>\n<meta property=\"og:description\" content=\"K\u00e4tev\u00e4 kasvus\u00e4ili\u00f6- istutuspussi mansikoille ja yrteille. Kasvata omia mansikoita ja yrttej\u00e4 mukavasti t\u00e4ss\u00e4 istutusastiassa. Istutusastian sivuilla on\" \/>\n<meta property=\"og:url\" content=\"https:\/\/rodoaed.ee\/fi\/tuote\/mansikan-ja-yrttien-istutuspussi-o38-x-50-cm\/\" \/>\n<meta property=\"og:site_name\" content=\"Rodoaed\" \/>\n<meta property=\"article:publisher\" content=\"https:\/\/www.facebook.com\/kasvuhooned\/\" \/>\n<meta property=\"article:modified_time\" content=\"2026-04-17T07:12:13+00:00\" \/>\n<meta property=\"og:image\" content=\"https:\/\/rodoaed.ee\/wp-content\/uploads\/2024\/03\/istutuskott-maasikatele_PP010_01.png\" \/>\n\t<meta property=\"og:image:width\" content=\"1240\" \/>\n\t<meta property=\"og:image:height\" content=\"1240\" \/>\n\t<meta property=\"og:image:type\" content=\"image\/png\" \/>\n<meta name=\"twitter:card\" content=\"summary_large_image\" \/>\n<meta name=\"twitter:label1\" content=\"Arvioitu lukuaika\" \/>\n\t<meta name=\"twitter:data1\" content=\"1 minuutti\" \/>\n<script type=\"application\/ld+json\" class=\"yoast-schema-graph\">{\"@context\":\"https:\\\/\\\/schema.org\",\"@graph\":[{\"@type\":\"WebPage\",\"@id\":\"https:\\\/\\\/rodoaed.ee\\\/fi\\\/tuote\\\/mansikan-ja-yrttien-istutuspussi-o38-x-50-cm\\\/\",\"url\":\"https:\\\/\\\/rodoaed.ee\\\/fi\\\/tuote\\\/mansikan-ja-yrttien-istutuspussi-o38-x-50-cm\\\/\",\"name\":\"Mansikan ja yrttien istutuspussi \u00f838 x 50 cm - Rodoaed\",\"isPartOf\":{\"@id\":\"https:\\\/\\\/rodoaed.ee\\\/#website\"},\"primaryImageOfPage\":{\"@id\":\"https:\\\/\\\/rodoaed.ee\\\/fi\\\/tuote\\\/mansikan-ja-yrttien-istutuspussi-o38-x-50-cm\\\/#primaryimage\"},\"image\":{\"@id\":\"https:\\\/\\\/rodoaed.ee\\\/fi\\\/tuote\\\/mansikan-ja-yrttien-istutuspussi-o38-x-50-cm\\\/#primaryimage\"},\"thumbnailUrl\":\"https:\\\/\\\/rodoaed.ee\\\/wp-content\\\/uploads\\\/2024\\\/03\\\/istutuskott-maasikatele_PP010_01.png\",\"datePublished\":\"2024-03-17T10:28:14+00:00\",\"dateModified\":\"2026-04-17T07:12:13+00:00\",\"breadcrumb\":{\"@id\":\"https:\\\/\\\/rodoaed.ee\\\/fi\\\/tuote\\\/mansikan-ja-yrttien-istutuspussi-o38-x-50-cm\\\/#breadcrumb\"},\"inLanguage\":\"fi\",\"potentialAction\":[{\"@type\":\"ReadAction\",\"target\":[\"https:\\\/\\\/rodoaed.ee\\\/fi\\\/tuote\\\/mansikan-ja-yrttien-istutuspussi-o38-x-50-cm\\\/\"]}]},{\"@type\":\"ImageObject\",\"inLanguage\":\"fi\",\"@id\":\"https:\\\/\\\/rodoaed.ee\\\/fi\\\/tuote\\\/mansikan-ja-yrttien-istutuspussi-o38-x-50-cm\\\/#primaryimage\",\"url\":\"https:\\\/\\\/rodoaed.ee\\\/wp-content\\\/uploads\\\/2024\\\/03\\\/istutuskott-maasikatele_PP010_01.png\",\"contentUrl\":\"https:\\\/\\\/rodoaed.ee\\\/wp-content\\\/uploads\\\/2024\\\/03\\\/istutuskott-maasikatele_PP010_01.png\",\"width\":1240,\"height\":1240},{\"@type\":\"BreadcrumbList\",\"@id\":\"https:\\\/\\\/rodoaed.ee\\\/fi\\\/tuote\\\/mansikan-ja-yrttien-istutuspussi-o38-x-50-cm\\\/#breadcrumb\",\"itemListElement\":[{\"@type\":\"ListItem\",\"position\":1,\"name\":\"Home\",\"item\":\"https:\\\/\\\/rodoaed.ee\\\/fi\\\/\"},{\"@type\":\"ListItem\",\"position\":2,\"name\":\"Osta osoitteessa\",\"item\":\"https:\\\/\\\/rodoaed.ee\\\/osta-osoitteessa\\\/\"},{\"@type\":\"ListItem\",\"position\":3,\"name\":\"Mansikan ja yrttien istutuspussi \u00f838 x 50 cm\"}]},{\"@type\":\"WebSite\",\"@id\":\"https:\\\/\\\/rodoaed.ee\\\/#website\",\"url\":\"https:\\\/\\\/rodoaed.ee\\\/\",\"name\":\"Rodoaed\",\"description\":\"\",\"publisher\":{\"@id\":\"https:\\\/\\\/rodoaed.ee\\\/#organization\"},\"potentialAction\":[{\"@type\":\"SearchAction\",\"target\":{\"@type\":\"EntryPoint\",\"urlTemplate\":\"https:\\\/\\\/rodoaed.ee\\\/?s={search_term_string}\"},\"query-input\":{\"@type\":\"PropertyValueSpecification\",\"valueRequired\":true,\"valueName\":\"search_term_string\"}}],\"inLanguage\":\"fi\"},{\"@type\":\"Organization\",\"@id\":\"https:\\\/\\\/rodoaed.ee\\\/#organization\",\"name\":\"Rodoaed\",\"url\":\"https:\\\/\\\/rodoaed.ee\\\/\",\"logo\":{\"@type\":\"ImageObject\",\"inLanguage\":\"fi\",\"@id\":\"https:\\\/\\\/rodoaed.ee\\\/#\\\/schema\\\/logo\\\/image\\\/\",\"url\":\"https:\\\/\\\/rodoaed.ee\\\/wp-content\\\/uploads\\\/2019\\\/11\\\/rodoaed-logo-ilma-taustata.jpg\",\"contentUrl\":\"https:\\\/\\\/rodoaed.ee\\\/wp-content\\\/uploads\\\/2019\\\/11\\\/rodoaed-logo-ilma-taustata.jpg\",\"width\":769,\"height\":268,\"caption\":\"Rodoaed\"},\"image\":{\"@id\":\"https:\\\/\\\/rodoaed.ee\\\/#\\\/schema\\\/logo\\\/image\\\/\"},\"sameAs\":[\"https:\\\/\\\/www.facebook.com\\\/kasvuhooned\\\/\",\"https:\\\/\\\/rodoaed.ee\"]}]}<\/script>\n<!-- \/ Yoast SEO Premium plugin. -->","yoast_head_json":{"title":"Mansikan ja yrttien istutuspussi \u00f838 x 50 cm - Rodoaed","robots":{"index":"index","follow":"follow","max-snippet":"max-snippet:-1","max-image-preview":"max-image-preview:large","max-video-preview":"max-video-preview:-1"},"canonical":"https:\/\/rodoaed.ee\/fi\/tuote\/mansikan-ja-yrttien-istutuspussi-o38-x-50-cm\/","og_locale":"fi_FI","og_type":"article","og_title":"Mansikan ja yrttien istutuspussi \u00f838 x 50 cm","og_description":"K\u00e4tev\u00e4 kasvus\u00e4ili\u00f6- istutuspussi mansikoille ja yrteille. Kasvata omia mansikoita ja yrttej\u00e4 mukavasti t\u00e4ss\u00e4 istutusastiassa. Istutusastian sivuilla on","og_url":"https:\/\/rodoaed.ee\/fi\/tuote\/mansikan-ja-yrttien-istutuspussi-o38-x-50-cm\/","og_site_name":"Rodoaed","article_publisher":"https:\/\/www.facebook.com\/kasvuhooned\/","article_modified_time":"2026-04-17T07:12:13+00:00","og_image":[{"width":1240,"height":1240,"url":"https:\/\/rodoaed.ee\/wp-content\/uploads\/2024\/03\/istutuskott-maasikatele_PP010_01.png","type":"image\/png"}],"twitter_card":"summary_large_image","twitter_misc":{"Arvioitu lukuaika":"1 minuutti"},"schema":{"@context":"https:\/\/schema.org","@graph":[{"@type":"WebPage","@id":"https:\/\/rodoaed.ee\/fi\/tuote\/mansikan-ja-yrttien-istutuspussi-o38-x-50-cm\/","url":"https:\/\/rodoaed.ee\/fi\/tuote\/mansikan-ja-yrttien-istutuspussi-o38-x-50-cm\/","name":"Mansikan ja yrttien istutuspussi \u00f838 x 50 cm - Rodoaed","isPartOf":{"@id":"https:\/\/rodoaed.ee\/#website"},"primaryImageOfPage":{"@id":"https:\/\/rodoaed.ee\/fi\/tuote\/mansikan-ja-yrttien-istutuspussi-o38-x-50-cm\/#primaryimage"},"image":{"@id":"https:\/\/rodoaed.ee\/fi\/tuote\/mansikan-ja-yrttien-istutuspussi-o38-x-50-cm\/#primaryimage"},"thumbnailUrl":"https:\/\/rodoaed.ee\/wp-content\/uploads\/2024\/03\/istutuskott-maasikatele_PP010_01.png","datePublished":"2024-03-17T10:28:14+00:00","dateModified":"2026-04-17T07:12:13+00:00","breadcrumb":{"@id":"https:\/\/rodoaed.ee\/fi\/tuote\/mansikan-ja-yrttien-istutuspussi-o38-x-50-cm\/#breadcrumb"},"inLanguage":"fi","potentialAction":[{"@type":"ReadAction","target":["https:\/\/rodoaed.ee\/fi\/tuote\/mansikan-ja-yrttien-istutuspussi-o38-x-50-cm\/"]}]},{"@type":"ImageObject","inLanguage":"fi","@id":"https:\/\/rodoaed.ee\/fi\/tuote\/mansikan-ja-yrttien-istutuspussi-o38-x-50-cm\/#primaryimage","url":"https:\/\/rodoaed.ee\/wp-content\/uploads\/2024\/03\/istutuskott-maasikatele_PP010_01.png","contentUrl":"https:\/\/rodoaed.ee\/wp-content\/uploads\/2024\/03\/istutuskott-maasikatele_PP010_01.png","width":1240,"height":1240},{"@type":"BreadcrumbList","@id":"https:\/\/rodoaed.ee\/fi\/tuote\/mansikan-ja-yrttien-istutuspussi-o38-x-50-cm\/#breadcrumb","itemListElement":[{"@type":"ListItem","position":1,"name":"Home","item":"https:\/\/rodoaed.ee\/fi\/"},{"@type":"ListItem","position":2,"name":"Osta osoitteessa","item":"https:\/\/rodoaed.ee\/osta-osoitteessa\/"},{"@type":"ListItem","position":3,"name":"Mansikan ja yrttien istutuspussi \u00f838 x 50 cm"}]},{"@type":"WebSite","@id":"https:\/\/rodoaed.ee\/#website","url":"https:\/\/rodoaed.ee\/","name":"Rodoaed","description":"","publisher":{"@id":"https:\/\/rodoaed.ee\/#organization"},"potentialAction":[{"@type":"SearchAction","target":{"@type":"EntryPoint","urlTemplate":"https:\/\/rodoaed.ee\/?s={search_term_string}"},"query-input":{"@type":"PropertyValueSpecification","valueRequired":true,"valueName":"search_term_string"}}],"inLanguage":"fi"},{"@type":"Organization","@id":"https:\/\/rodoaed.ee\/#organization","name":"Rodoaed","url":"https:\/\/rodoaed.ee\/","logo":{"@type":"ImageObject","inLanguage":"fi","@id":"https:\/\/rodoaed.ee\/#\/schema\/logo\/image\/","url":"https:\/\/rodoaed.ee\/wp-content\/uploads\/2019\/11\/rodoaed-logo-ilma-taustata.jpg","contentUrl":"https:\/\/rodoaed.ee\/wp-content\/uploads\/2019\/11\/rodoaed-logo-ilma-taustata.jpg","width":769,"height":268,"caption":"Rodoaed"},"image":{"@id":"https:\/\/rodoaed.ee\/#\/schema\/logo\/image\/"},"sameAs":["https:\/\/www.facebook.com\/kasvuhooned\/","https:\/\/rodoaed.ee"]}]}},"_links":{"self":[{"href":"https:\/\/rodoaed.ee\/fi\/wp-json\/wp\/v2\/product\/53008","targetHints":{"allow":["GET"]}}],"collection":[{"href":"https:\/\/rodoaed.ee\/fi\/wp-json\/wp\/v2\/product"}],"about":[{"href":"https:\/\/rodoaed.ee\/fi\/wp-json\/wp\/v2\/types\/product"}],"wp:featuredmedia":[{"embeddable":true,"href":"https:\/\/rodoaed.ee\/fi\/wp-json\/wp\/v2\/media\/46828"}],"wp:attachment":[{"href":"https:\/\/rodoaed.ee\/fi\/wp-json\/wp\/v2\/media?parent=53008"}],"wp:term":[{"taxonomy":"product_brand","embeddable":true,"href":"https:\/\/rodoaed.ee\/fi\/wp-json\/wp\/v2\/product_brand?post=53008"},{"taxonomy":"product_cat","embeddable":true,"href":"https:\/\/rodoaed.ee\/fi\/wp-json\/wp\/v2\/product_cat?post=53008"},{"taxonomy":"product_tag","embeddable":true,"href":"https:\/\/rodoaed.ee\/fi\/wp-json\/wp\/v2\/product_tag?post=53008"}],"curies":[{"name":"wp","href":"https:\/\/api.w.org\/{rel}","templated":true}]}}