{"id":53012,"date":"2024-03-17T12:50:21","date_gmt":"2024-03-17T10:50:21","guid":{"rendered":"https:\/\/rodoaed.ee\/toode\/oravan-pesalaatikko-kuorikaton-kanssa\/"},"modified":"2026-04-17T10:12:20","modified_gmt":"2026-04-17T07:12:20","slug":"oravan-pesalaatikko-kuorikaton-kanssa","status":"publish","type":"product","link":"https:\/\/rodoaed.ee\/fi\/tuote\/oravan-pesalaatikko-kuorikaton-kanssa\/","title":{"rendered":"Oravan pes\u00e4laatikko &#8211; kuorikaton kanssa"},"content":{"rendered":"<h3>Oravan pes\u00e4laatikko, jossa on puusta ja luonnonkuoresta valmistettu katto.<\/h3>\n<p>Oravat pit\u00e4v\u00e4t pes\u00e4laatikosta, jossa on useita ulosk\u00e4yntej\u00e4. Oravat k\u00e4ytt\u00e4v\u00e4t pes\u00e4\u00e4 joko pesimiseen tai nukkumiseen ja lep\u00e4\u00e4miseen. Oravat pit\u00e4v\u00e4t reviirill\u00e4\u00e4n aina useita asuinalueita. Vaaran uhatessa ne siirt\u00e4v\u00e4t koko pes\u00e4n nopeasti toiseen paikkaan. On hyv\u00e4 sijoittaa v\u00e4hint\u00e4\u00e4n kaksi pes\u00e4koppia v\u00e4litt\u00f6m\u00e4\u00e4n l\u00e4heisyyteen.    <\/p>\n<p>Asennettaessa on varattava v\u00e4hint\u00e4\u00e4n yksi ulosk\u00e4ynti puunrunkoa tai oksaa kohti. T\u00e4m\u00e4 antaa oravalle turvallisuuden tunteen. <\/p>\n<p>&nbsp;<\/p>\n<p><strong>Materiaali:<\/strong><\/p>\n<p>Nulu puu, luonnollinen puu kuori boarding kattaminen<\/p>\n<p><strong>Pes\u00e4laatikon mitat: <\/strong>l 25 x leveys 26 x korkeus 29cm.<\/p>\n<p><strong>Pes\u00e4kotelon paino:<\/strong> 1,3 kg<\/p>\n<p><em>         <\/em><\/p>\n<p>&nbsp;<\/p>\n<p>&nbsp;<\/p>\n","protected":false},"excerpt":{"rendered":"<p>Oravan pes\u00e4laatikko, jossa on puusta ja luonnonkuoresta valmistettu katto. Oravat pit\u00e4v\u00e4t pes\u00e4laatikosta, jossa on useita ulosk\u00e4yntej\u00e4. Oravat k\u00e4ytt\u00e4v\u00e4t pes\u00e4\u00e4 joko pesimiseen tai nukkumiseen ja lep\u00e4\u00e4miseen. Oravat pit\u00e4v\u00e4t reviirill\u00e4\u00e4n aina useita asuinalueita. Vaaran uhatessa ne siirt\u00e4v\u00e4t koko pes\u00e4n nopeasti toiseen paikkaan. On hyv\u00e4 sijoittaa v\u00e4hint\u00e4\u00e4n kaksi pes\u00e4koppia v\u00e4litt\u00f6m\u00e4\u00e4n l\u00e4heisyyteen. Asennettaessa on varattava v\u00e4hint\u00e4\u00e4n yksi ulosk\u00e4ynti puunrunkoa tai oksaa kohti. T\u00e4m\u00e4 antaa oravalle turvallisuuden tunteen. &nbsp; Materiaali:&#8230;<\/p>\n","protected":false},"featured_media":46875,"template":"","meta":{"_acf_changed":false},"product_brand":[],"product_cat":[1845,1847,1851,1861],"product_tag":[],"class_list":{"0":"post-53012","1":"product","2":"type-product","3":"status-publish","4":"has-post-thumbnail","6":"product_cat-orava-ravintolat","7":"product_cat-oravan-pesakotelot","8":"product_cat-pesakotelot","9":"product_cat-puiset-pesakotelot","10":"product_shipping_class-toimitus-1-3-tyopaivan-kuluessa","11":"pa_variatsioon-pesalaatikko-1b-o-32mm-ruskea","13":"first","14":"instock","15":"sale","16":"taxable","17":"shipping-taxable","18":"purchasable","19":"product-type-simple"},"acf":[],"yoast_head":"<!-- This site is optimized with the Yoast SEO Premium plugin v27.3 (Yoast SEO v27.3) - https:\/\/yoast.com\/product\/yoast-seo-premium-wordpress\/ -->\n<title>Oravan pes\u00e4laatikko - kuorikaton kanssa - Rodoaed<\/title>\n<meta name=\"description\" content=\"Puinen oravanpes\u00e4kotelo, jossa on sinkitty peltikatto ja useita ulosk\u00e4yntej\u00e4. Viron laajin valikoima pes\u00e4kotelomalleja.\" \/>\n<meta name=\"robots\" content=\"index, follow, max-snippet:-1, max-image-preview:large, max-video-preview:-1\" \/>\n<link rel=\"canonical\" href=\"https:\/\/rodoaed.ee\/fi\/tuote\/oravan-pesalaatikko-kuorikaton-kanssa\/\" \/>\n<meta property=\"og:locale\" content=\"fi_FI\" \/>\n<meta property=\"og:type\" content=\"article\" \/>\n<meta property=\"og:title\" content=\"Oravan pes\u00e4laatikko - kuorikaton kanssa\" \/>\n<meta property=\"og:description\" content=\"Oravan pes\u00e4laatikko, jossa on puusta ja luonnonkuoresta valmistettu katto. Oravat pit\u00e4v\u00e4t pes\u00e4laatikosta, jossa on useita ulosk\u00e4yntej\u00e4. Oravat k\u00e4ytt\u00e4v\u00e4t\" \/>\n<meta property=\"og:url\" content=\"https:\/\/rodoaed.ee\/fi\/tuote\/oravan-pesalaatikko-kuorikaton-kanssa\/\" \/>\n<meta property=\"og:site_name\" content=\"Rodoaed\" \/>\n<meta property=\"article:publisher\" content=\"https:\/\/www.facebook.com\/kasvuhooned\/\" \/>\n<meta property=\"article:modified_time\" content=\"2026-04-17T07:12:20+00:00\" \/>\n<meta property=\"og:image\" content=\"https:\/\/rodoaed.ee\/wp-content\/uploads\/2024\/03\/orava-pesakast_WA108_01.png\" \/>\n\t<meta property=\"og:image:width\" content=\"1240\" \/>\n\t<meta property=\"og:image:height\" content=\"1240\" \/>\n\t<meta property=\"og:image:type\" content=\"image\/png\" \/>\n<meta name=\"twitter:card\" content=\"summary_large_image\" \/>\n<meta name=\"twitter:label1\" content=\"Arvioitu lukuaika\" \/>\n\t<meta name=\"twitter:data1\" content=\"1 minuutti\" \/>\n<script type=\"application\/ld+json\" class=\"yoast-schema-graph\">{\"@context\":\"https:\\\/\\\/schema.org\",\"@graph\":[{\"@type\":\"WebPage\",\"@id\":\"https:\\\/\\\/rodoaed.ee\\\/fi\\\/tuote\\\/oravan-pesalaatikko-kuorikaton-kanssa\\\/\",\"url\":\"https:\\\/\\\/rodoaed.ee\\\/fi\\\/tuote\\\/oravan-pesalaatikko-kuorikaton-kanssa\\\/\",\"name\":\"Oravan pes\u00e4laatikko - kuorikaton kanssa - Rodoaed\",\"isPartOf\":{\"@id\":\"https:\\\/\\\/rodoaed.ee\\\/#website\"},\"primaryImageOfPage\":{\"@id\":\"https:\\\/\\\/rodoaed.ee\\\/fi\\\/tuote\\\/oravan-pesalaatikko-kuorikaton-kanssa\\\/#primaryimage\"},\"image\":{\"@id\":\"https:\\\/\\\/rodoaed.ee\\\/fi\\\/tuote\\\/oravan-pesalaatikko-kuorikaton-kanssa\\\/#primaryimage\"},\"thumbnailUrl\":\"https:\\\/\\\/rodoaed.ee\\\/wp-content\\\/uploads\\\/2024\\\/03\\\/orava-pesakast_WA108_01.png\",\"datePublished\":\"2024-03-17T10:50:21+00:00\",\"dateModified\":\"2026-04-17T07:12:20+00:00\",\"description\":\"Puinen oravanpes\u00e4kotelo, jossa on sinkitty peltikatto ja useita ulosk\u00e4yntej\u00e4. Viron laajin valikoima pes\u00e4kotelomalleja.\",\"breadcrumb\":{\"@id\":\"https:\\\/\\\/rodoaed.ee\\\/fi\\\/tuote\\\/oravan-pesalaatikko-kuorikaton-kanssa\\\/#breadcrumb\"},\"inLanguage\":\"fi\",\"potentialAction\":[{\"@type\":\"ReadAction\",\"target\":[\"https:\\\/\\\/rodoaed.ee\\\/fi\\\/tuote\\\/oravan-pesalaatikko-kuorikaton-kanssa\\\/\"]}]},{\"@type\":\"ImageObject\",\"inLanguage\":\"fi\",\"@id\":\"https:\\\/\\\/rodoaed.ee\\\/fi\\\/tuote\\\/oravan-pesalaatikko-kuorikaton-kanssa\\\/#primaryimage\",\"url\":\"https:\\\/\\\/rodoaed.ee\\\/wp-content\\\/uploads\\\/2024\\\/03\\\/orava-pesakast_WA108_01.png\",\"contentUrl\":\"https:\\\/\\\/rodoaed.ee\\\/wp-content\\\/uploads\\\/2024\\\/03\\\/orava-pesakast_WA108_01.png\",\"width\":1240,\"height\":1240},{\"@type\":\"BreadcrumbList\",\"@id\":\"https:\\\/\\\/rodoaed.ee\\\/fi\\\/tuote\\\/oravan-pesalaatikko-kuorikaton-kanssa\\\/#breadcrumb\",\"itemListElement\":[{\"@type\":\"ListItem\",\"position\":1,\"name\":\"Home\",\"item\":\"https:\\\/\\\/rodoaed.ee\\\/fi\\\/\"},{\"@type\":\"ListItem\",\"position\":2,\"name\":\"Osta osoitteessa\",\"item\":\"https:\\\/\\\/rodoaed.ee\\\/osta-osoitteessa\\\/\"},{\"@type\":\"ListItem\",\"position\":3,\"name\":\"Oravan pes\u00e4laatikko &#8211; kuorikaton kanssa\"}]},{\"@type\":\"WebSite\",\"@id\":\"https:\\\/\\\/rodoaed.ee\\\/#website\",\"url\":\"https:\\\/\\\/rodoaed.ee\\\/\",\"name\":\"Rodoaed\",\"description\":\"\",\"publisher\":{\"@id\":\"https:\\\/\\\/rodoaed.ee\\\/#organization\"},\"potentialAction\":[{\"@type\":\"SearchAction\",\"target\":{\"@type\":\"EntryPoint\",\"urlTemplate\":\"https:\\\/\\\/rodoaed.ee\\\/?s={search_term_string}\"},\"query-input\":{\"@type\":\"PropertyValueSpecification\",\"valueRequired\":true,\"valueName\":\"search_term_string\"}}],\"inLanguage\":\"fi\"},{\"@type\":\"Organization\",\"@id\":\"https:\\\/\\\/rodoaed.ee\\\/#organization\",\"name\":\"Rodoaed\",\"url\":\"https:\\\/\\\/rodoaed.ee\\\/\",\"logo\":{\"@type\":\"ImageObject\",\"inLanguage\":\"fi\",\"@id\":\"https:\\\/\\\/rodoaed.ee\\\/#\\\/schema\\\/logo\\\/image\\\/\",\"url\":\"https:\\\/\\\/rodoaed.ee\\\/wp-content\\\/uploads\\\/2019\\\/11\\\/rodoaed-logo-ilma-taustata.jpg\",\"contentUrl\":\"https:\\\/\\\/rodoaed.ee\\\/wp-content\\\/uploads\\\/2019\\\/11\\\/rodoaed-logo-ilma-taustata.jpg\",\"width\":769,\"height\":268,\"caption\":\"Rodoaed\"},\"image\":{\"@id\":\"https:\\\/\\\/rodoaed.ee\\\/#\\\/schema\\\/logo\\\/image\\\/\"},\"sameAs\":[\"https:\\\/\\\/www.facebook.com\\\/kasvuhooned\\\/\",\"https:\\\/\\\/rodoaed.ee\"]}]}<\/script>\n<!-- \/ Yoast SEO Premium plugin. -->","yoast_head_json":{"title":"Oravan pes\u00e4laatikko - kuorikaton kanssa - Rodoaed","description":"Puinen oravanpes\u00e4kotelo, jossa on sinkitty peltikatto ja useita ulosk\u00e4yntej\u00e4. Viron laajin valikoima pes\u00e4kotelomalleja.","robots":{"index":"index","follow":"follow","max-snippet":"max-snippet:-1","max-image-preview":"max-image-preview:large","max-video-preview":"max-video-preview:-1"},"canonical":"https:\/\/rodoaed.ee\/fi\/tuote\/oravan-pesalaatikko-kuorikaton-kanssa\/","og_locale":"fi_FI","og_type":"article","og_title":"Oravan pes\u00e4laatikko - kuorikaton kanssa","og_description":"Oravan pes\u00e4laatikko, jossa on puusta ja luonnonkuoresta valmistettu katto. Oravat pit\u00e4v\u00e4t pes\u00e4laatikosta, jossa on useita ulosk\u00e4yntej\u00e4. Oravat k\u00e4ytt\u00e4v\u00e4t","og_url":"https:\/\/rodoaed.ee\/fi\/tuote\/oravan-pesalaatikko-kuorikaton-kanssa\/","og_site_name":"Rodoaed","article_publisher":"https:\/\/www.facebook.com\/kasvuhooned\/","article_modified_time":"2026-04-17T07:12:20+00:00","og_image":[{"width":1240,"height":1240,"url":"https:\/\/rodoaed.ee\/wp-content\/uploads\/2024\/03\/orava-pesakast_WA108_01.png","type":"image\/png"}],"twitter_card":"summary_large_image","twitter_misc":{"Arvioitu lukuaika":"1 minuutti"},"schema":{"@context":"https:\/\/schema.org","@graph":[{"@type":"WebPage","@id":"https:\/\/rodoaed.ee\/fi\/tuote\/oravan-pesalaatikko-kuorikaton-kanssa\/","url":"https:\/\/rodoaed.ee\/fi\/tuote\/oravan-pesalaatikko-kuorikaton-kanssa\/","name":"Oravan pes\u00e4laatikko - kuorikaton kanssa - Rodoaed","isPartOf":{"@id":"https:\/\/rodoaed.ee\/#website"},"primaryImageOfPage":{"@id":"https:\/\/rodoaed.ee\/fi\/tuote\/oravan-pesalaatikko-kuorikaton-kanssa\/#primaryimage"},"image":{"@id":"https:\/\/rodoaed.ee\/fi\/tuote\/oravan-pesalaatikko-kuorikaton-kanssa\/#primaryimage"},"thumbnailUrl":"https:\/\/rodoaed.ee\/wp-content\/uploads\/2024\/03\/orava-pesakast_WA108_01.png","datePublished":"2024-03-17T10:50:21+00:00","dateModified":"2026-04-17T07:12:20+00:00","description":"Puinen oravanpes\u00e4kotelo, jossa on sinkitty peltikatto ja useita ulosk\u00e4yntej\u00e4. Viron laajin valikoima pes\u00e4kotelomalleja.","breadcrumb":{"@id":"https:\/\/rodoaed.ee\/fi\/tuote\/oravan-pesalaatikko-kuorikaton-kanssa\/#breadcrumb"},"inLanguage":"fi","potentialAction":[{"@type":"ReadAction","target":["https:\/\/rodoaed.ee\/fi\/tuote\/oravan-pesalaatikko-kuorikaton-kanssa\/"]}]},{"@type":"ImageObject","inLanguage":"fi","@id":"https:\/\/rodoaed.ee\/fi\/tuote\/oravan-pesalaatikko-kuorikaton-kanssa\/#primaryimage","url":"https:\/\/rodoaed.ee\/wp-content\/uploads\/2024\/03\/orava-pesakast_WA108_01.png","contentUrl":"https:\/\/rodoaed.ee\/wp-content\/uploads\/2024\/03\/orava-pesakast_WA108_01.png","width":1240,"height":1240},{"@type":"BreadcrumbList","@id":"https:\/\/rodoaed.ee\/fi\/tuote\/oravan-pesalaatikko-kuorikaton-kanssa\/#breadcrumb","itemListElement":[{"@type":"ListItem","position":1,"name":"Home","item":"https:\/\/rodoaed.ee\/fi\/"},{"@type":"ListItem","position":2,"name":"Osta osoitteessa","item":"https:\/\/rodoaed.ee\/osta-osoitteessa\/"},{"@type":"ListItem","position":3,"name":"Oravan pes\u00e4laatikko &#8211; kuorikaton kanssa"}]},{"@type":"WebSite","@id":"https:\/\/rodoaed.ee\/#website","url":"https:\/\/rodoaed.ee\/","name":"Rodoaed","description":"","publisher":{"@id":"https:\/\/rodoaed.ee\/#organization"},"potentialAction":[{"@type":"SearchAction","target":{"@type":"EntryPoint","urlTemplate":"https:\/\/rodoaed.ee\/?s={search_term_string}"},"query-input":{"@type":"PropertyValueSpecification","valueRequired":true,"valueName":"search_term_string"}}],"inLanguage":"fi"},{"@type":"Organization","@id":"https:\/\/rodoaed.ee\/#organization","name":"Rodoaed","url":"https:\/\/rodoaed.ee\/","logo":{"@type":"ImageObject","inLanguage":"fi","@id":"https:\/\/rodoaed.ee\/#\/schema\/logo\/image\/","url":"https:\/\/rodoaed.ee\/wp-content\/uploads\/2019\/11\/rodoaed-logo-ilma-taustata.jpg","contentUrl":"https:\/\/rodoaed.ee\/wp-content\/uploads\/2019\/11\/rodoaed-logo-ilma-taustata.jpg","width":769,"height":268,"caption":"Rodoaed"},"image":{"@id":"https:\/\/rodoaed.ee\/#\/schema\/logo\/image\/"},"sameAs":["https:\/\/www.facebook.com\/kasvuhooned\/","https:\/\/rodoaed.ee"]}]}},"_links":{"self":[{"href":"https:\/\/rodoaed.ee\/fi\/wp-json\/wp\/v2\/product\/53012","targetHints":{"allow":["GET"]}}],"collection":[{"href":"https:\/\/rodoaed.ee\/fi\/wp-json\/wp\/v2\/product"}],"about":[{"href":"https:\/\/rodoaed.ee\/fi\/wp-json\/wp\/v2\/types\/product"}],"wp:featuredmedia":[{"embeddable":true,"href":"https:\/\/rodoaed.ee\/fi\/wp-json\/wp\/v2\/media\/46875"}],"wp:attachment":[{"href":"https:\/\/rodoaed.ee\/fi\/wp-json\/wp\/v2\/media?parent=53012"}],"wp:term":[{"taxonomy":"product_brand","embeddable":true,"href":"https:\/\/rodoaed.ee\/fi\/wp-json\/wp\/v2\/product_brand?post=53012"},{"taxonomy":"product_cat","embeddable":true,"href":"https:\/\/rodoaed.ee\/fi\/wp-json\/wp\/v2\/product_cat?post=53012"},{"taxonomy":"product_tag","embeddable":true,"href":"https:\/\/rodoaed.ee\/fi\/wp-json\/wp\/v2\/product_tag?post=53012"}],"curies":[{"name":"wp","href":"https:\/\/api.w.org\/{rel}","templated":true}]}}