{"id":53013,"date":"2024-03-25T09:36:07","date_gmt":"2024-03-25T07:36:07","guid":{"rendered":"https:\/\/rodoaed.ee\/toode\/biojateastia-4l-biohajoavat-pussit-5tk-taupeivory\/"},"modified":"2026-04-17T10:12:26","modified_gmt":"2026-04-17T07:12:26","slug":"biojateastia-4l-biohajoavat-pussit-5tk-taupeivory","status":"publish","type":"product","link":"https:\/\/rodoaed.ee\/fi\/tuote\/biojateastia-4l-biohajoavat-pussit-5tk-taupeivory\/","title":{"rendered":"Bioj\u00e4teastia 4L + biohajoavat pussit 5tk- taupe+ivory"},"content":{"rendered":"<p><strong>Bioj\u00e4teastia, jossa on biologisesti hajoava pakkaus, k\u00e4ytett\u00e4v\u00e4ksi keitti\u00f6n ty\u00f6tasolla.  <\/strong><\/p>\n<p><span style=\"font-size: 16px;\">Suunniteltu kaikille, jotka ker\u00e4\u00e4v\u00e4t bioj\u00e4tett\u00e4 tai kompostoivat sit\u00e4 s\u00e4ili\u00f6ss\u00e4\u00e4n. S\u00e4ili\u00f6ss\u00e4 on k\u00e4tev\u00e4 kehys, johon pussi voidaan kiinnitt\u00e4\u00e4 nopeasti. S\u00e4ili\u00f6t\u00e4 on eritt\u00e4in helppo k\u00e4ytt\u00e4\u00e4 ja huoltaa. Pese kompostori saippualla ja vedell\u00e4 ja kuivaa.   <\/span><\/p>\n<p>T\u00e4m\u00e4n pakkauksen mukana tulee pakkaus biohajoavia pusseja. S\u00e4ili\u00f6 suositellaan tyhjennett\u00e4v\u00e4ksi v\u00e4hint\u00e4\u00e4n 3 p\u00e4iv\u00e4n v\u00e4lein. S\u00e4ilyt\u00e4 biohajoavia pusseja kuivassa paikassa enint\u00e4\u00e4n 12 kuukautta, mink\u00e4 j\u00e4lkeen ne alkavat hajota.  <\/p>\n<p>S\u00e4ili\u00f6 on valmistettu erityisen ymp\u00e4rist\u00f6yst\u00e4v\u00e4llisest\u00e4 kierr\u00e4tysmateriaalista. Harmaas\u00e4vy on luonnollinen s\u00e4vy ilman lis\u00e4ttyj\u00e4 v\u00e4riaineita. <\/p>\n<h4>T\u00e4rkeimm\u00e4t ominaisuudet<\/h4>\n<ul>\n<li>Mitat: 16,5 x 28,5 x 15 cm korkeus cm<\/li>\n<li>V\u00e4ri: taupe + norsunluu ja kahvinporot<\/li>\n<li>Tilavuus: 3,1 litraa<\/li>\n<\/ul>\n<p><a href=\"https:\/\/rodoaed.ee\/fi\/\">kotisivu<\/a> <a href=\"https:\/\/rodoaed.ee\/tootekategooria\/kasvuhooned-ja-talveaiad\/\">k\u00e4ynnist\u00e4<\/a> <a href=\"https:\/\/rodoaed.ee\/tootekategooria\/kasvuhooned-ja-talveaiad\/kasvuhoone-lisavarustus\/\">tarvikkeet<\/a> <a href=\"https:\/\/rodoaed.ee\/tootekategooria\/kasvuhooned-ja-talveaiad\/kasvuhoone-lisavarustus\/kasvuhoone-tarvikud\/\">tarvikkeet<\/a><\/p>\n<div><\/div>\n","protected":false},"excerpt":{"rendered":"<p>Bioj\u00e4teastia, jossa on biologisesti hajoava pakkaus, k\u00e4ytett\u00e4v\u00e4ksi keitti\u00f6n ty\u00f6tasolla. Suunniteltu kaikille, jotka ker\u00e4\u00e4v\u00e4t bioj\u00e4tett\u00e4 tai kompostoivat sit\u00e4 s\u00e4ili\u00f6ss\u00e4\u00e4n. S\u00e4ili\u00f6ss\u00e4 on k\u00e4tev\u00e4 kehys, johon pussi voidaan kiinnitt\u00e4\u00e4 nopeasti. S\u00e4ili\u00f6t\u00e4 on eritt\u00e4in helppo k\u00e4ytt\u00e4\u00e4 ja huoltaa. Pese kompostori saippualla ja vedell\u00e4 ja kuivaa. T\u00e4m\u00e4n pakkauksen mukana tulee pakkaus biohajoavia pusseja. S\u00e4ili\u00f6 suositellaan tyhjennett\u00e4v\u00e4ksi v\u00e4hint\u00e4\u00e4n 3 p\u00e4iv\u00e4n v\u00e4lein. S\u00e4ilyt\u00e4 biohajoavia pusseja kuivassa paikassa enint\u00e4\u00e4n 12 kuukautta, mink\u00e4 j\u00e4lkeen&#8230;<\/p>\n","protected":false},"featured_media":47014,"template":"","meta":{"_acf_changed":false},"product_brand":[],"product_cat":[1791,1752,1745],"product_tag":[],"class_list":{"0":"post-53013","1":"product","2":"type-product","3":"status-publish","4":"has-post-thumbnail","6":"product_cat-kompostorit","7":"product_cat-puutarha-ja-piha","8":"product_cat-suuri-varaston-tyhjennysmyynti","9":"product_shipping_class-toimitus-1-3-tyopaivan-kuluessa","10":"pa_variatsioon-kasvatussailio-16l2l-jossa-on-vesisailio-ja-kehys","12":"first","13":"instock","14":"sale","15":"taxable","16":"shipping-taxable","17":"purchasable","18":"product-type-simple"},"acf":[],"yoast_head":"<!-- This site is optimized with the Yoast SEO Premium plugin v27.3 (Yoast SEO v27.3) - https:\/\/yoast.com\/product\/yoast-seo-premium-wordpress\/ -->\n<title>Bioj\u00e4teastia 4L + biohajoavat pussit 5tk- taupe+ivory - Rodoaed<\/title>\n<meta name=\"description\" content=\"Kasvien kasvuastia. S\u00e4ili\u00f6n alla on kastelus\u00e4ili\u00f6, josta kasvit voivat ime\u00e4 juurineen sopivan m\u00e4\u00e4r\u00e4n vett\u00e4.\" \/>\n<meta name=\"robots\" content=\"index, follow, max-snippet:-1, max-image-preview:large, max-video-preview:-1\" \/>\n<link rel=\"canonical\" href=\"https:\/\/rodoaed.ee\/fi\/tuote\/biojateastia-4l-biohajoavat-pussit-5tk-taupeivory\/\" \/>\n<meta property=\"og:locale\" content=\"fi_FI\" \/>\n<meta property=\"og:type\" content=\"article\" \/>\n<meta property=\"og:title\" content=\"Bioj\u00e4teastia 4L + biohajoavat pussit 5tk- taupe+ivory\" \/>\n<meta property=\"og:description\" content=\"Bioj\u00e4teastia, jossa on biologisesti hajoava pakkaus, k\u00e4ytett\u00e4v\u00e4ksi keitti\u00f6n ty\u00f6tasolla. Suunniteltu kaikille, jotka ker\u00e4\u00e4v\u00e4t bioj\u00e4tett\u00e4 tai kompostoivat\" \/>\n<meta property=\"og:url\" content=\"https:\/\/rodoaed.ee\/fi\/tuote\/biojateastia-4l-biohajoavat-pussit-5tk-taupeivory\/\" \/>\n<meta property=\"og:site_name\" content=\"Rodoaed\" \/>\n<meta property=\"article:publisher\" content=\"https:\/\/www.facebook.com\/kasvuhooned\/\" \/>\n<meta property=\"article:modified_time\" content=\"2026-04-17T07:12:26+00:00\" \/>\n<meta property=\"og:image\" content=\"https:\/\/rodoaed.ee\/wp-content\/uploads\/2024\/03\/Biojaatmete-konteiner_2.jpg\" \/>\n\t<meta property=\"og:image:width\" content=\"1400\" \/>\n\t<meta property=\"og:image:height\" content=\"933\" \/>\n\t<meta property=\"og:image:type\" content=\"image\/jpeg\" \/>\n<meta name=\"twitter:card\" content=\"summary_large_image\" \/>\n<meta name=\"twitter:label1\" content=\"Arvioitu lukuaika\" \/>\n\t<meta name=\"twitter:data1\" content=\"1 minuutti\" \/>\n<script type=\"application\/ld+json\" class=\"yoast-schema-graph\">{\"@context\":\"https:\\\/\\\/schema.org\",\"@graph\":[{\"@type\":\"WebPage\",\"@id\":\"https:\\\/\\\/rodoaed.ee\\\/fi\\\/tuote\\\/biojateastia-4l-biohajoavat-pussit-5tk-taupeivory\\\/\",\"url\":\"https:\\\/\\\/rodoaed.ee\\\/fi\\\/tuote\\\/biojateastia-4l-biohajoavat-pussit-5tk-taupeivory\\\/\",\"name\":\"Bioj\u00e4teastia 4L + biohajoavat pussit 5tk- taupe+ivory - Rodoaed\",\"isPartOf\":{\"@id\":\"https:\\\/\\\/rodoaed.ee\\\/#website\"},\"primaryImageOfPage\":{\"@id\":\"https:\\\/\\\/rodoaed.ee\\\/fi\\\/tuote\\\/biojateastia-4l-biohajoavat-pussit-5tk-taupeivory\\\/#primaryimage\"},\"image\":{\"@id\":\"https:\\\/\\\/rodoaed.ee\\\/fi\\\/tuote\\\/biojateastia-4l-biohajoavat-pussit-5tk-taupeivory\\\/#primaryimage\"},\"thumbnailUrl\":\"https:\\\/\\\/rodoaed.ee\\\/wp-content\\\/uploads\\\/2024\\\/03\\\/Biojaatmete-konteiner_2.jpg\",\"datePublished\":\"2024-03-25T07:36:07+00:00\",\"dateModified\":\"2026-04-17T07:12:26+00:00\",\"description\":\"Kasvien kasvuastia. S\u00e4ili\u00f6n alla on kastelus\u00e4ili\u00f6, josta kasvit voivat ime\u00e4 juurineen sopivan m\u00e4\u00e4r\u00e4n vett\u00e4.\",\"breadcrumb\":{\"@id\":\"https:\\\/\\\/rodoaed.ee\\\/fi\\\/tuote\\\/biojateastia-4l-biohajoavat-pussit-5tk-taupeivory\\\/#breadcrumb\"},\"inLanguage\":\"fi\",\"potentialAction\":[{\"@type\":\"ReadAction\",\"target\":[\"https:\\\/\\\/rodoaed.ee\\\/fi\\\/tuote\\\/biojateastia-4l-biohajoavat-pussit-5tk-taupeivory\\\/\"]}]},{\"@type\":\"ImageObject\",\"inLanguage\":\"fi\",\"@id\":\"https:\\\/\\\/rodoaed.ee\\\/fi\\\/tuote\\\/biojateastia-4l-biohajoavat-pussit-5tk-taupeivory\\\/#primaryimage\",\"url\":\"https:\\\/\\\/rodoaed.ee\\\/wp-content\\\/uploads\\\/2024\\\/03\\\/Biojaatmete-konteiner_2.jpg\",\"contentUrl\":\"https:\\\/\\\/rodoaed.ee\\\/wp-content\\\/uploads\\\/2024\\\/03\\\/Biojaatmete-konteiner_2.jpg\",\"width\":1400,\"height\":933},{\"@type\":\"BreadcrumbList\",\"@id\":\"https:\\\/\\\/rodoaed.ee\\\/fi\\\/tuote\\\/biojateastia-4l-biohajoavat-pussit-5tk-taupeivory\\\/#breadcrumb\",\"itemListElement\":[{\"@type\":\"ListItem\",\"position\":1,\"name\":\"Home\",\"item\":\"https:\\\/\\\/rodoaed.ee\\\/fi\\\/\"},{\"@type\":\"ListItem\",\"position\":2,\"name\":\"Osta osoitteessa\",\"item\":\"https:\\\/\\\/rodoaed.ee\\\/osta-osoitteessa\\\/\"},{\"@type\":\"ListItem\",\"position\":3,\"name\":\"Bioj\u00e4teastia 4L + biohajoavat pussit 5tk- taupe+ivory\"}]},{\"@type\":\"WebSite\",\"@id\":\"https:\\\/\\\/rodoaed.ee\\\/#website\",\"url\":\"https:\\\/\\\/rodoaed.ee\\\/\",\"name\":\"Rodoaed\",\"description\":\"\",\"publisher\":{\"@id\":\"https:\\\/\\\/rodoaed.ee\\\/#organization\"},\"potentialAction\":[{\"@type\":\"SearchAction\",\"target\":{\"@type\":\"EntryPoint\",\"urlTemplate\":\"https:\\\/\\\/rodoaed.ee\\\/?s={search_term_string}\"},\"query-input\":{\"@type\":\"PropertyValueSpecification\",\"valueRequired\":true,\"valueName\":\"search_term_string\"}}],\"inLanguage\":\"fi\"},{\"@type\":\"Organization\",\"@id\":\"https:\\\/\\\/rodoaed.ee\\\/#organization\",\"name\":\"Rodoaed\",\"url\":\"https:\\\/\\\/rodoaed.ee\\\/\",\"logo\":{\"@type\":\"ImageObject\",\"inLanguage\":\"fi\",\"@id\":\"https:\\\/\\\/rodoaed.ee\\\/#\\\/schema\\\/logo\\\/image\\\/\",\"url\":\"https:\\\/\\\/rodoaed.ee\\\/wp-content\\\/uploads\\\/2019\\\/11\\\/rodoaed-logo-ilma-taustata.jpg\",\"contentUrl\":\"https:\\\/\\\/rodoaed.ee\\\/wp-content\\\/uploads\\\/2019\\\/11\\\/rodoaed-logo-ilma-taustata.jpg\",\"width\":769,\"height\":268,\"caption\":\"Rodoaed\"},\"image\":{\"@id\":\"https:\\\/\\\/rodoaed.ee\\\/#\\\/schema\\\/logo\\\/image\\\/\"},\"sameAs\":[\"https:\\\/\\\/www.facebook.com\\\/kasvuhooned\\\/\",\"https:\\\/\\\/rodoaed.ee\"]}]}<\/script>\n<!-- \/ Yoast SEO Premium plugin. -->","yoast_head_json":{"title":"Bioj\u00e4teastia 4L + biohajoavat pussit 5tk- taupe+ivory - Rodoaed","description":"Kasvien kasvuastia. S\u00e4ili\u00f6n alla on kastelus\u00e4ili\u00f6, josta kasvit voivat ime\u00e4 juurineen sopivan m\u00e4\u00e4r\u00e4n vett\u00e4.","robots":{"index":"index","follow":"follow","max-snippet":"max-snippet:-1","max-image-preview":"max-image-preview:large","max-video-preview":"max-video-preview:-1"},"canonical":"https:\/\/rodoaed.ee\/fi\/tuote\/biojateastia-4l-biohajoavat-pussit-5tk-taupeivory\/","og_locale":"fi_FI","og_type":"article","og_title":"Bioj\u00e4teastia 4L + biohajoavat pussit 5tk- taupe+ivory","og_description":"Bioj\u00e4teastia, jossa on biologisesti hajoava pakkaus, k\u00e4ytett\u00e4v\u00e4ksi keitti\u00f6n ty\u00f6tasolla. Suunniteltu kaikille, jotka ker\u00e4\u00e4v\u00e4t bioj\u00e4tett\u00e4 tai kompostoivat","og_url":"https:\/\/rodoaed.ee\/fi\/tuote\/biojateastia-4l-biohajoavat-pussit-5tk-taupeivory\/","og_site_name":"Rodoaed","article_publisher":"https:\/\/www.facebook.com\/kasvuhooned\/","article_modified_time":"2026-04-17T07:12:26+00:00","og_image":[{"width":1400,"height":933,"url":"https:\/\/rodoaed.ee\/wp-content\/uploads\/2024\/03\/Biojaatmete-konteiner_2.jpg","type":"image\/jpeg"}],"twitter_card":"summary_large_image","twitter_misc":{"Arvioitu lukuaika":"1 minuutti"},"schema":{"@context":"https:\/\/schema.org","@graph":[{"@type":"WebPage","@id":"https:\/\/rodoaed.ee\/fi\/tuote\/biojateastia-4l-biohajoavat-pussit-5tk-taupeivory\/","url":"https:\/\/rodoaed.ee\/fi\/tuote\/biojateastia-4l-biohajoavat-pussit-5tk-taupeivory\/","name":"Bioj\u00e4teastia 4L + biohajoavat pussit 5tk- taupe+ivory - Rodoaed","isPartOf":{"@id":"https:\/\/rodoaed.ee\/#website"},"primaryImageOfPage":{"@id":"https:\/\/rodoaed.ee\/fi\/tuote\/biojateastia-4l-biohajoavat-pussit-5tk-taupeivory\/#primaryimage"},"image":{"@id":"https:\/\/rodoaed.ee\/fi\/tuote\/biojateastia-4l-biohajoavat-pussit-5tk-taupeivory\/#primaryimage"},"thumbnailUrl":"https:\/\/rodoaed.ee\/wp-content\/uploads\/2024\/03\/Biojaatmete-konteiner_2.jpg","datePublished":"2024-03-25T07:36:07+00:00","dateModified":"2026-04-17T07:12:26+00:00","description":"Kasvien kasvuastia. S\u00e4ili\u00f6n alla on kastelus\u00e4ili\u00f6, josta kasvit voivat ime\u00e4 juurineen sopivan m\u00e4\u00e4r\u00e4n vett\u00e4.","breadcrumb":{"@id":"https:\/\/rodoaed.ee\/fi\/tuote\/biojateastia-4l-biohajoavat-pussit-5tk-taupeivory\/#breadcrumb"},"inLanguage":"fi","potentialAction":[{"@type":"ReadAction","target":["https:\/\/rodoaed.ee\/fi\/tuote\/biojateastia-4l-biohajoavat-pussit-5tk-taupeivory\/"]}]},{"@type":"ImageObject","inLanguage":"fi","@id":"https:\/\/rodoaed.ee\/fi\/tuote\/biojateastia-4l-biohajoavat-pussit-5tk-taupeivory\/#primaryimage","url":"https:\/\/rodoaed.ee\/wp-content\/uploads\/2024\/03\/Biojaatmete-konteiner_2.jpg","contentUrl":"https:\/\/rodoaed.ee\/wp-content\/uploads\/2024\/03\/Biojaatmete-konteiner_2.jpg","width":1400,"height":933},{"@type":"BreadcrumbList","@id":"https:\/\/rodoaed.ee\/fi\/tuote\/biojateastia-4l-biohajoavat-pussit-5tk-taupeivory\/#breadcrumb","itemListElement":[{"@type":"ListItem","position":1,"name":"Home","item":"https:\/\/rodoaed.ee\/fi\/"},{"@type":"ListItem","position":2,"name":"Osta osoitteessa","item":"https:\/\/rodoaed.ee\/osta-osoitteessa\/"},{"@type":"ListItem","position":3,"name":"Bioj\u00e4teastia 4L + biohajoavat pussit 5tk- taupe+ivory"}]},{"@type":"WebSite","@id":"https:\/\/rodoaed.ee\/#website","url":"https:\/\/rodoaed.ee\/","name":"Rodoaed","description":"","publisher":{"@id":"https:\/\/rodoaed.ee\/#organization"},"potentialAction":[{"@type":"SearchAction","target":{"@type":"EntryPoint","urlTemplate":"https:\/\/rodoaed.ee\/?s={search_term_string}"},"query-input":{"@type":"PropertyValueSpecification","valueRequired":true,"valueName":"search_term_string"}}],"inLanguage":"fi"},{"@type":"Organization","@id":"https:\/\/rodoaed.ee\/#organization","name":"Rodoaed","url":"https:\/\/rodoaed.ee\/","logo":{"@type":"ImageObject","inLanguage":"fi","@id":"https:\/\/rodoaed.ee\/#\/schema\/logo\/image\/","url":"https:\/\/rodoaed.ee\/wp-content\/uploads\/2019\/11\/rodoaed-logo-ilma-taustata.jpg","contentUrl":"https:\/\/rodoaed.ee\/wp-content\/uploads\/2019\/11\/rodoaed-logo-ilma-taustata.jpg","width":769,"height":268,"caption":"Rodoaed"},"image":{"@id":"https:\/\/rodoaed.ee\/#\/schema\/logo\/image\/"},"sameAs":["https:\/\/www.facebook.com\/kasvuhooned\/","https:\/\/rodoaed.ee"]}]}},"_links":{"self":[{"href":"https:\/\/rodoaed.ee\/fi\/wp-json\/wp\/v2\/product\/53013","targetHints":{"allow":["GET"]}}],"collection":[{"href":"https:\/\/rodoaed.ee\/fi\/wp-json\/wp\/v2\/product"}],"about":[{"href":"https:\/\/rodoaed.ee\/fi\/wp-json\/wp\/v2\/types\/product"}],"wp:featuredmedia":[{"embeddable":true,"href":"https:\/\/rodoaed.ee\/fi\/wp-json\/wp\/v2\/media\/47014"}],"wp:attachment":[{"href":"https:\/\/rodoaed.ee\/fi\/wp-json\/wp\/v2\/media?parent=53013"}],"wp:term":[{"taxonomy":"product_brand","embeddable":true,"href":"https:\/\/rodoaed.ee\/fi\/wp-json\/wp\/v2\/product_brand?post=53013"},{"taxonomy":"product_cat","embeddable":true,"href":"https:\/\/rodoaed.ee\/fi\/wp-json\/wp\/v2\/product_cat?post=53013"},{"taxonomy":"product_tag","embeddable":true,"href":"https:\/\/rodoaed.ee\/fi\/wp-json\/wp\/v2\/product_tag?post=53013"}],"curies":[{"name":"wp","href":"https:\/\/api.w.org\/{rel}","templated":true}]}}