{"id":53017,"date":"2024-03-25T10:14:13","date_gmt":"2024-03-25T08:14:13","guid":{"rendered":"https:\/\/rodoaed.ee\/toode\/hieno-ruoho-vermikompostori-12l-terrakottapintainen\/"},"modified":"2026-04-17T10:12:29","modified_gmt":"2026-04-17T07:12:29","slug":"hieno-ruoho-vermikompostori-12l-terrakottapintainen","status":"publish","type":"product","link":"https:\/\/rodoaed.ee\/fi\/tuote\/hieno-ruoho-vermikompostori-12l-terrakottapintainen\/","title":{"rendered":"Hieno ruoho vermikompostori 12L- terrakottapintainen"},"content":{"rendered":"<p><strong>Laita vermikompostori suoraan s\u00e4nkyyn.<\/strong><\/p>\n<p>Matokasvattamo tai vermikompostori on biologinen j\u00e4rjestelm\u00e4, joka k\u00e4ytt\u00e4\u00e4 matoja hajottamaan orgaanista j\u00e4tett\u00e4 ravinteikkaaksi humuskompostiksi. T\u00e4ss\u00e4 kompostorissa s\u00e4ngyss\u00e4 olevat kastematot l\u00f6yt\u00e4v\u00e4t kompostin itse, eik\u00e4 niit\u00e4 tarvitse lis\u00e4t\u00e4 erikseen. <\/p>\n<p>T\u00e4m\u00e4 uusi ratkaisu antaa sinulle mahdollisuuden liitt\u00e4\u00e4 kompostorin suoraan puutarhan tai kasvihuoneen s\u00e4nkyyn tai korotettuun s\u00e4nkyyn. Se on uusi tehokas tapa siirt\u00e4\u00e4 energiaa ja k\u00e4sitell\u00e4 bioj\u00e4tett\u00e4. <\/p>\n<p>Miksi k\u00e4ytt\u00e4\u00e4 t\u00e4t\u00e4 j\u00e4rjestelm\u00e4\u00e4:<\/p>\n<ul>\n<li>kompostij\u00e4te suoraan s\u00e4nkyyn<\/li>\n<li>k\u00e4ytt\u00f6 ymp\u00e4ri vuoden<\/li>\n<li>sopii kasvihuonepenkkeihin, kasviastioihin ja korotettuihin s\u00e4nkyihin.<\/li>\n<li>valmistettu materiaalien yhdistelm\u00e4st\u00e4 &#8211; sek\u00e4 kierr\u00e4tysmateriaaleista ett\u00e4 neitseellisist\u00e4 materiaaleista.<\/li>\n<li>pakkaukset on painettu hajoavalle paperille ja sy\u00f6t\u00e4vill\u00e4 v\u00e4reill\u00e4 &#8211; turvallisia kastematoille.<\/li>\n<\/ul>\n<h4>T\u00e4rkeimm\u00e4t ominaisuudet<\/h4>\n<ul>\n<li>Mitat: 26,7 x 26,7 x 47,6 cm korkeus cm<\/li>\n<li>V\u00e4ri: terrakotta<\/li>\n<li>Tilavuus: 12 litraa<\/li>\n<\/ul>\n<p><a href=\"https:\/\/rodoaed.ee\/fi\/\">kotisivu<\/a> <a href=\"https:\/\/rodoaed.ee\/tootekategooria\/kasvuhooned-ja-talveaiad\/\">k\u00e4ynnist\u00e4<\/a> <a href=\"https:\/\/rodoaed.ee\/tootekategooria\/kasvuhooned-ja-talveaiad\/kasvuhoone-lisavarustus\/\">tarvikkeet<\/a> <a href=\"https:\/\/rodoaed.ee\/tootekategooria\/kasvuhooned-ja-talveaiad\/kasvuhoone-lisavarustus\/kasvuhoone-tarvikud\/\">tarvikkeet<\/a><\/p>\n<div><\/div>\n","protected":false},"excerpt":{"rendered":"<p>Laita vermikompostori suoraan s\u00e4nkyyn. Matokasvattamo tai vermikompostori on biologinen j\u00e4rjestelm\u00e4, joka k\u00e4ytt\u00e4\u00e4 matoja hajottamaan orgaanista j\u00e4tett\u00e4 ravinteikkaaksi humuskompostiksi. T\u00e4ss\u00e4 kompostorissa s\u00e4ngyss\u00e4 olevat kastematot l\u00f6yt\u00e4v\u00e4t kompostin itse, eik\u00e4 niit\u00e4 tarvitse lis\u00e4t\u00e4 erikseen. T\u00e4m\u00e4 uusi ratkaisu antaa sinulle mahdollisuuden liitt\u00e4\u00e4 kompostorin suoraan puutarhan tai kasvihuoneen s\u00e4nkyyn tai korotettuun s\u00e4nkyyn. Se on uusi tehokas tapa siirt\u00e4\u00e4 energiaa ja k\u00e4sitell\u00e4 bioj\u00e4tett\u00e4. Miksi k\u00e4ytt\u00e4\u00e4 t\u00e4t\u00e4 j\u00e4rjestelm\u00e4\u00e4: kompostij\u00e4te suoraan s\u00e4nkyyn k\u00e4ytt\u00f6&#8230;<\/p>\n","protected":false},"featured_media":47157,"template":"","meta":{"_acf_changed":false},"product_brand":[],"product_cat":[1791,1743,1752,1745],"product_tag":[],"class_list":{"0":"post-53017","1":"product","2":"type-product","3":"status-publish","4":"has-post-thumbnail","6":"product_cat-kompostorit","7":"product_cat-lisalahjat-lahjat","8":"product_cat-puutarha-ja-piha","9":"product_cat-suuri-varaston-tyhjennysmyynti","10":"product_shipping_class-toimitus-1-3-tyopaivan-kuluessa","11":"pa_variatsioon-kasvatussailio-16l2l-jossa-on-vesisailio-ja-kehys","13":"first","14":"instock","15":"sale","16":"taxable","17":"shipping-taxable","18":"purchasable","19":"product-type-simple"},"acf":[],"yoast_head":"<!-- This site is optimized with the Yoast SEO Premium plugin v27.3 (Yoast SEO v27.3) - https:\/\/yoast.com\/product\/yoast-seo-premium-wordpress\/ -->\n<title>Hieno ruoho vermikompostori 12L- terrakottapintainen - Rodoaed<\/title>\n<meta name=\"description\" content=\"Kasvien kasvuastia. S\u00e4ili\u00f6n alla on kastelus\u00e4ili\u00f6, josta kasvit voivat ime\u00e4 juurineen sopivan m\u00e4\u00e4r\u00e4n vett\u00e4.\" \/>\n<meta name=\"robots\" content=\"index, follow, max-snippet:-1, max-image-preview:large, max-video-preview:-1\" \/>\n<link rel=\"canonical\" href=\"https:\/\/rodoaed.ee\/fi\/tuote\/hieno-ruoho-vermikompostori-12l-terrakottapintainen\/\" \/>\n<meta property=\"og:locale\" content=\"fi_FI\" \/>\n<meta property=\"og:type\" content=\"article\" \/>\n<meta property=\"og:title\" content=\"Hieno ruoho vermikompostori 12L- terrakottapintainen\" \/>\n<meta property=\"og:description\" content=\"Laita vermikompostori suoraan s\u00e4nkyyn. Matokasvattamo tai vermikompostori on biologinen j\u00e4rjestelm\u00e4, joka k\u00e4ytt\u00e4\u00e4 matoja hajottamaan orgaanista j\u00e4tett\u00e4\" \/>\n<meta property=\"og:url\" content=\"https:\/\/rodoaed.ee\/fi\/tuote\/hieno-ruoho-vermikompostori-12l-terrakottapintainen\/\" \/>\n<meta property=\"og:site_name\" content=\"Rodoaed\" \/>\n<meta property=\"article:publisher\" content=\"https:\/\/www.facebook.com\/kasvuhooned\/\" \/>\n<meta property=\"article:modified_time\" content=\"2026-04-17T07:12:29+00:00\" \/>\n<meta property=\"og:image\" content=\"https:\/\/rodoaed.ee\/wp-content\/uploads\/2024\/03\/Peenra-komposter_2.jpg\" \/>\n\t<meta property=\"og:image:width\" content=\"1500\" \/>\n\t<meta property=\"og:image:height\" content=\"1439\" \/>\n\t<meta property=\"og:image:type\" content=\"image\/jpeg\" \/>\n<meta name=\"twitter:card\" content=\"summary_large_image\" \/>\n<meta name=\"twitter:label1\" content=\"Arvioitu lukuaika\" \/>\n\t<meta name=\"twitter:data1\" content=\"1 minuutti\" \/>\n<script type=\"application\/ld+json\" class=\"yoast-schema-graph\">{\"@context\":\"https:\\\/\\\/schema.org\",\"@graph\":[{\"@type\":\"WebPage\",\"@id\":\"https:\\\/\\\/rodoaed.ee\\\/fi\\\/tuote\\\/hieno-ruoho-vermikompostori-12l-terrakottapintainen\\\/\",\"url\":\"https:\\\/\\\/rodoaed.ee\\\/fi\\\/tuote\\\/hieno-ruoho-vermikompostori-12l-terrakottapintainen\\\/\",\"name\":\"Hieno ruoho vermikompostori 12L- terrakottapintainen - Rodoaed\",\"isPartOf\":{\"@id\":\"https:\\\/\\\/rodoaed.ee\\\/#website\"},\"primaryImageOfPage\":{\"@id\":\"https:\\\/\\\/rodoaed.ee\\\/fi\\\/tuote\\\/hieno-ruoho-vermikompostori-12l-terrakottapintainen\\\/#primaryimage\"},\"image\":{\"@id\":\"https:\\\/\\\/rodoaed.ee\\\/fi\\\/tuote\\\/hieno-ruoho-vermikompostori-12l-terrakottapintainen\\\/#primaryimage\"},\"thumbnailUrl\":\"https:\\\/\\\/rodoaed.ee\\\/wp-content\\\/uploads\\\/2024\\\/03\\\/Peenra-komposter_2.jpg\",\"datePublished\":\"2024-03-25T08:14:13+00:00\",\"dateModified\":\"2026-04-17T07:12:29+00:00\",\"description\":\"Kasvien kasvuastia. S\u00e4ili\u00f6n alla on kastelus\u00e4ili\u00f6, josta kasvit voivat ime\u00e4 juurineen sopivan m\u00e4\u00e4r\u00e4n vett\u00e4.\",\"breadcrumb\":{\"@id\":\"https:\\\/\\\/rodoaed.ee\\\/fi\\\/tuote\\\/hieno-ruoho-vermikompostori-12l-terrakottapintainen\\\/#breadcrumb\"},\"inLanguage\":\"fi\",\"potentialAction\":[{\"@type\":\"ReadAction\",\"target\":[\"https:\\\/\\\/rodoaed.ee\\\/fi\\\/tuote\\\/hieno-ruoho-vermikompostori-12l-terrakottapintainen\\\/\"]}]},{\"@type\":\"ImageObject\",\"inLanguage\":\"fi\",\"@id\":\"https:\\\/\\\/rodoaed.ee\\\/fi\\\/tuote\\\/hieno-ruoho-vermikompostori-12l-terrakottapintainen\\\/#primaryimage\",\"url\":\"https:\\\/\\\/rodoaed.ee\\\/wp-content\\\/uploads\\\/2024\\\/03\\\/Peenra-komposter_2.jpg\",\"contentUrl\":\"https:\\\/\\\/rodoaed.ee\\\/wp-content\\\/uploads\\\/2024\\\/03\\\/Peenra-komposter_2.jpg\",\"width\":1500,\"height\":1439},{\"@type\":\"BreadcrumbList\",\"@id\":\"https:\\\/\\\/rodoaed.ee\\\/fi\\\/tuote\\\/hieno-ruoho-vermikompostori-12l-terrakottapintainen\\\/#breadcrumb\",\"itemListElement\":[{\"@type\":\"ListItem\",\"position\":1,\"name\":\"Home\",\"item\":\"https:\\\/\\\/rodoaed.ee\\\/fi\\\/\"},{\"@type\":\"ListItem\",\"position\":2,\"name\":\"Osta osoitteessa\",\"item\":\"https:\\\/\\\/rodoaed.ee\\\/osta-osoitteessa\\\/\"},{\"@type\":\"ListItem\",\"position\":3,\"name\":\"Hieno ruoho vermikompostori 12L- terrakottapintainen\"}]},{\"@type\":\"WebSite\",\"@id\":\"https:\\\/\\\/rodoaed.ee\\\/#website\",\"url\":\"https:\\\/\\\/rodoaed.ee\\\/\",\"name\":\"Rodoaed\",\"description\":\"\",\"publisher\":{\"@id\":\"https:\\\/\\\/rodoaed.ee\\\/#organization\"},\"potentialAction\":[{\"@type\":\"SearchAction\",\"target\":{\"@type\":\"EntryPoint\",\"urlTemplate\":\"https:\\\/\\\/rodoaed.ee\\\/?s={search_term_string}\"},\"query-input\":{\"@type\":\"PropertyValueSpecification\",\"valueRequired\":true,\"valueName\":\"search_term_string\"}}],\"inLanguage\":\"fi\"},{\"@type\":\"Organization\",\"@id\":\"https:\\\/\\\/rodoaed.ee\\\/#organization\",\"name\":\"Rodoaed\",\"url\":\"https:\\\/\\\/rodoaed.ee\\\/\",\"logo\":{\"@type\":\"ImageObject\",\"inLanguage\":\"fi\",\"@id\":\"https:\\\/\\\/rodoaed.ee\\\/#\\\/schema\\\/logo\\\/image\\\/\",\"url\":\"https:\\\/\\\/rodoaed.ee\\\/wp-content\\\/uploads\\\/2019\\\/11\\\/rodoaed-logo-ilma-taustata.jpg\",\"contentUrl\":\"https:\\\/\\\/rodoaed.ee\\\/wp-content\\\/uploads\\\/2019\\\/11\\\/rodoaed-logo-ilma-taustata.jpg\",\"width\":769,\"height\":268,\"caption\":\"Rodoaed\"},\"image\":{\"@id\":\"https:\\\/\\\/rodoaed.ee\\\/#\\\/schema\\\/logo\\\/image\\\/\"},\"sameAs\":[\"https:\\\/\\\/www.facebook.com\\\/kasvuhooned\\\/\",\"https:\\\/\\\/rodoaed.ee\"]}]}<\/script>\n<!-- \/ Yoast SEO Premium plugin. -->","yoast_head_json":{"title":"Hieno ruoho vermikompostori 12L- terrakottapintainen - Rodoaed","description":"Kasvien kasvuastia. S\u00e4ili\u00f6n alla on kastelus\u00e4ili\u00f6, josta kasvit voivat ime\u00e4 juurineen sopivan m\u00e4\u00e4r\u00e4n vett\u00e4.","robots":{"index":"index","follow":"follow","max-snippet":"max-snippet:-1","max-image-preview":"max-image-preview:large","max-video-preview":"max-video-preview:-1"},"canonical":"https:\/\/rodoaed.ee\/fi\/tuote\/hieno-ruoho-vermikompostori-12l-terrakottapintainen\/","og_locale":"fi_FI","og_type":"article","og_title":"Hieno ruoho vermikompostori 12L- terrakottapintainen","og_description":"Laita vermikompostori suoraan s\u00e4nkyyn. Matokasvattamo tai vermikompostori on biologinen j\u00e4rjestelm\u00e4, joka k\u00e4ytt\u00e4\u00e4 matoja hajottamaan orgaanista j\u00e4tett\u00e4","og_url":"https:\/\/rodoaed.ee\/fi\/tuote\/hieno-ruoho-vermikompostori-12l-terrakottapintainen\/","og_site_name":"Rodoaed","article_publisher":"https:\/\/www.facebook.com\/kasvuhooned\/","article_modified_time":"2026-04-17T07:12:29+00:00","og_image":[{"width":1500,"height":1439,"url":"https:\/\/rodoaed.ee\/wp-content\/uploads\/2024\/03\/Peenra-komposter_2.jpg","type":"image\/jpeg"}],"twitter_card":"summary_large_image","twitter_misc":{"Arvioitu lukuaika":"1 minuutti"},"schema":{"@context":"https:\/\/schema.org","@graph":[{"@type":"WebPage","@id":"https:\/\/rodoaed.ee\/fi\/tuote\/hieno-ruoho-vermikompostori-12l-terrakottapintainen\/","url":"https:\/\/rodoaed.ee\/fi\/tuote\/hieno-ruoho-vermikompostori-12l-terrakottapintainen\/","name":"Hieno ruoho vermikompostori 12L- terrakottapintainen - Rodoaed","isPartOf":{"@id":"https:\/\/rodoaed.ee\/#website"},"primaryImageOfPage":{"@id":"https:\/\/rodoaed.ee\/fi\/tuote\/hieno-ruoho-vermikompostori-12l-terrakottapintainen\/#primaryimage"},"image":{"@id":"https:\/\/rodoaed.ee\/fi\/tuote\/hieno-ruoho-vermikompostori-12l-terrakottapintainen\/#primaryimage"},"thumbnailUrl":"https:\/\/rodoaed.ee\/wp-content\/uploads\/2024\/03\/Peenra-komposter_2.jpg","datePublished":"2024-03-25T08:14:13+00:00","dateModified":"2026-04-17T07:12:29+00:00","description":"Kasvien kasvuastia. S\u00e4ili\u00f6n alla on kastelus\u00e4ili\u00f6, josta kasvit voivat ime\u00e4 juurineen sopivan m\u00e4\u00e4r\u00e4n vett\u00e4.","breadcrumb":{"@id":"https:\/\/rodoaed.ee\/fi\/tuote\/hieno-ruoho-vermikompostori-12l-terrakottapintainen\/#breadcrumb"},"inLanguage":"fi","potentialAction":[{"@type":"ReadAction","target":["https:\/\/rodoaed.ee\/fi\/tuote\/hieno-ruoho-vermikompostori-12l-terrakottapintainen\/"]}]},{"@type":"ImageObject","inLanguage":"fi","@id":"https:\/\/rodoaed.ee\/fi\/tuote\/hieno-ruoho-vermikompostori-12l-terrakottapintainen\/#primaryimage","url":"https:\/\/rodoaed.ee\/wp-content\/uploads\/2024\/03\/Peenra-komposter_2.jpg","contentUrl":"https:\/\/rodoaed.ee\/wp-content\/uploads\/2024\/03\/Peenra-komposter_2.jpg","width":1500,"height":1439},{"@type":"BreadcrumbList","@id":"https:\/\/rodoaed.ee\/fi\/tuote\/hieno-ruoho-vermikompostori-12l-terrakottapintainen\/#breadcrumb","itemListElement":[{"@type":"ListItem","position":1,"name":"Home","item":"https:\/\/rodoaed.ee\/fi\/"},{"@type":"ListItem","position":2,"name":"Osta osoitteessa","item":"https:\/\/rodoaed.ee\/osta-osoitteessa\/"},{"@type":"ListItem","position":3,"name":"Hieno ruoho vermikompostori 12L- terrakottapintainen"}]},{"@type":"WebSite","@id":"https:\/\/rodoaed.ee\/#website","url":"https:\/\/rodoaed.ee\/","name":"Rodoaed","description":"","publisher":{"@id":"https:\/\/rodoaed.ee\/#organization"},"potentialAction":[{"@type":"SearchAction","target":{"@type":"EntryPoint","urlTemplate":"https:\/\/rodoaed.ee\/?s={search_term_string}"},"query-input":{"@type":"PropertyValueSpecification","valueRequired":true,"valueName":"search_term_string"}}],"inLanguage":"fi"},{"@type":"Organization","@id":"https:\/\/rodoaed.ee\/#organization","name":"Rodoaed","url":"https:\/\/rodoaed.ee\/","logo":{"@type":"ImageObject","inLanguage":"fi","@id":"https:\/\/rodoaed.ee\/#\/schema\/logo\/image\/","url":"https:\/\/rodoaed.ee\/wp-content\/uploads\/2019\/11\/rodoaed-logo-ilma-taustata.jpg","contentUrl":"https:\/\/rodoaed.ee\/wp-content\/uploads\/2019\/11\/rodoaed-logo-ilma-taustata.jpg","width":769,"height":268,"caption":"Rodoaed"},"image":{"@id":"https:\/\/rodoaed.ee\/#\/schema\/logo\/image\/"},"sameAs":["https:\/\/www.facebook.com\/kasvuhooned\/","https:\/\/rodoaed.ee"]}]}},"_links":{"self":[{"href":"https:\/\/rodoaed.ee\/fi\/wp-json\/wp\/v2\/product\/53017","targetHints":{"allow":["GET"]}}],"collection":[{"href":"https:\/\/rodoaed.ee\/fi\/wp-json\/wp\/v2\/product"}],"about":[{"href":"https:\/\/rodoaed.ee\/fi\/wp-json\/wp\/v2\/types\/product"}],"wp:featuredmedia":[{"embeddable":true,"href":"https:\/\/rodoaed.ee\/fi\/wp-json\/wp\/v2\/media\/47157"}],"wp:attachment":[{"href":"https:\/\/rodoaed.ee\/fi\/wp-json\/wp\/v2\/media?parent=53017"}],"wp:term":[{"taxonomy":"product_brand","embeddable":true,"href":"https:\/\/rodoaed.ee\/fi\/wp-json\/wp\/v2\/product_brand?post=53017"},{"taxonomy":"product_cat","embeddable":true,"href":"https:\/\/rodoaed.ee\/fi\/wp-json\/wp\/v2\/product_cat?post=53017"},{"taxonomy":"product_tag","embeddable":true,"href":"https:\/\/rodoaed.ee\/fi\/wp-json\/wp\/v2\/product_tag?post=53017"}],"curies":[{"name":"wp","href":"https:\/\/api.w.org\/{rel}","templated":true}]}}