{"id":53020,"date":"2024-04-19T10:36:15","date_gmt":"2024-04-19T07:36:15","guid":{"rendered":"https:\/\/rodoaed.ee\/toode\/kompostin-kaynnistin-2kg\/"},"modified":"2026-04-17T10:12:47","modified_gmt":"2026-04-17T07:12:47","slug":"kompostin-kaynnistin-2kg","status":"publish","type":"product","link":"https:\/\/rodoaed.ee\/fi\/tuote\/kompostin-kaynnistin-2kg\/","title":{"rendered":"Kompostin k\u00e4ynnistin 2kg"},"content":{"rendered":"<p><strong>Her\u00e4t\u00e4 kompostori henkiin<\/strong><\/p>\n<p>Kompostointi-erotin nopeuttaa kompostoitumista hajoavien mikro-organismien tarvitsemien ravinteiden ansiosta. Kompostim\u00e4d\u00e4tt\u00e4j\u00e4n rakeet sis\u00e4lt\u00e4v\u00e4t runsaasti typpe\u00e4. <\/p>\n<p><strong>K\u00e4ytt\u00e4j\u00e4n k\u00e4sikirja<\/strong><\/p>\n<p>Komposti valmistuu nopeasti, jos lis\u00e4\u00e4t noin 2 ruokalusikallista (noin 20 ml 1 litraan). Kompostin k\u00e4ynnistin nopeuttaa orgaanisen j\u00e4tteen kompostoitumista. Se nopeuttaa hajoamista, yll\u00e4pit\u00e4\u00e4 tarvittavaa kosteutta, nostaa k\u00e4ymisl\u00e4mp\u00f6tilaa, aktivoi humuksen muodostumista ja kompostin kypsymist\u00e4.  <\/p>\n<p>K\u00e4ytt\u00f6ohjeet: Ripottele 100 g kompostiseokseen kerroksittain 5-10 cm:n v\u00e4lein. Levit\u00e4 syksyll\u00e4 sadonkorjuun j\u00e4lkeen kuolleisiin omenalehtiin 5 % liuoksena (100 g\/2 l vett\u00e4). 100 g = n. 1,5 dl kahvikuppia.   <\/p>\n<p>CARE. S\u00e4ilyt\u00e4 alkuper\u00e4ispakkauksessa kuivassa paikassa lasten ja lemmikkiel\u00e4inten ulottumattomissa. S\u00e4ilyvyysaika.  <\/p>\n<p>&nbsp;<\/p>\n<p><a href=\"https:\/\/rodoaed.ee\/fi\/\">kotisivu<\/a> <a href=\"https:\/\/rodoaed.ee\/tootekategooria\/kasvuhooned-ja-talveaiad\/\">k\u00e4ynnist\u00e4<\/a> <a href=\"https:\/\/rodoaed.ee\/tootekategooria\/kasvuhooned-ja-talveaiad\/kasvuhoone-lisavarustus\/\">tarvikkeet<\/a> <a href=\"https:\/\/rodoaed.ee\/tootekategooria\/kasvuhooned-ja-talveaiad\/kasvuhoone-lisavarustus\/kasvuhoone-tarvikud\/\">tarvikkeet<\/a><\/p>\n<div><\/div>\n","protected":false},"excerpt":{"rendered":"<p>Her\u00e4t\u00e4 kompostori henkiin Kompostointi-erotin nopeuttaa kompostoitumista hajoavien mikro-organismien tarvitsemien ravinteiden ansiosta. Kompostim\u00e4d\u00e4tt\u00e4j\u00e4n rakeet sis\u00e4lt\u00e4v\u00e4t runsaasti typpe\u00e4. K\u00e4ytt\u00e4j\u00e4n k\u00e4sikirja Komposti valmistuu nopeasti, jos lis\u00e4\u00e4t noin 2 ruokalusikallista (noin 20 ml 1 litraan). Kompostin k\u00e4ynnistin nopeuttaa orgaanisen j\u00e4tteen kompostoitumista. Se nopeuttaa hajoamista, yll\u00e4pit\u00e4\u00e4 tarvittavaa kosteutta, nostaa k\u00e4ymisl\u00e4mp\u00f6tilaa, aktivoi humuksen muodostumista ja kompostin kypsymist\u00e4. K\u00e4ytt\u00f6ohjeet: Ripottele 100 g kompostiseokseen kerroksittain 5-10 cm:n v\u00e4lein. Levit\u00e4 syksyll\u00e4 sadonkorjuun j\u00e4lkeen kuolleisiin&#8230;<\/p>\n","protected":false},"featured_media":47424,"template":"","meta":{"_acf_changed":false},"product_brand":[],"product_cat":[1791,1752],"product_tag":[],"class_list":{"0":"post-53020","1":"product","2":"type-product","3":"status-publish","4":"has-post-thumbnail","6":"product_cat-kompostorit","7":"product_cat-puutarha-ja-piha","8":"product_shipping_class-toimitus-1-3-tyopaivan-kuluessa","9":"pa_variatsioon-kasvatussailio-16l2l-jossa-on-vesisailio-ja-kehys","11":"first","12":"instock","13":"taxable","14":"shipping-taxable","15":"purchasable","16":"product-type-simple"},"acf":[],"yoast_head":"<!-- This site is optimized with the Yoast SEO Premium plugin v27.3 (Yoast SEO v27.3) - https:\/\/yoast.com\/product\/yoast-seo-premium-wordpress\/ -->\n<title>Kompostin k\u00e4ynnistin 2kg - Rodoaed<\/title>\n<meta name=\"description\" content=\"Kasvien kasvuastia. S\u00e4ili\u00f6n alla on kastelus\u00e4ili\u00f6, josta kasvit voivat ime\u00e4 juurineen sopivan m\u00e4\u00e4r\u00e4n vett\u00e4.\" \/>\n<meta name=\"robots\" content=\"index, follow, max-snippet:-1, max-image-preview:large, max-video-preview:-1\" \/>\n<link rel=\"canonical\" href=\"https:\/\/rodoaed.ee\/fi\/tuote\/kompostin-kaynnistin-2kg\/\" \/>\n<meta property=\"og:locale\" content=\"fi_FI\" \/>\n<meta property=\"og:type\" content=\"article\" \/>\n<meta property=\"og:title\" content=\"Kompostin k\u00e4ynnistin 2kg\" \/>\n<meta property=\"og:description\" content=\"Her\u00e4t\u00e4 kompostori henkiin Kompostointi-erotin nopeuttaa kompostoitumista hajoavien mikro-organismien tarvitsemien ravinteiden ansiosta. Kompostim\u00e4d\u00e4tt\u00e4j\u00e4n\" \/>\n<meta property=\"og:url\" content=\"https:\/\/rodoaed.ee\/fi\/tuote\/kompostin-kaynnistin-2kg\/\" \/>\n<meta property=\"og:site_name\" content=\"Rodoaed\" \/>\n<meta property=\"article:publisher\" content=\"https:\/\/www.facebook.com\/kasvuhooned\/\" \/>\n<meta property=\"article:modified_time\" content=\"2026-04-17T07:12:47+00:00\" \/>\n<meta property=\"og:image\" content=\"https:\/\/rodoaed.ee\/wp-content\/uploads\/2024\/04\/Komposti-kaivitaja-2kg.jpeg\" \/>\n\t<meta property=\"og:image:width\" content=\"1080\" \/>\n\t<meta property=\"og:image:height\" content=\"1080\" \/>\n\t<meta property=\"og:image:type\" content=\"image\/jpeg\" \/>\n<meta name=\"twitter:card\" content=\"summary_large_image\" \/>\n<meta name=\"twitter:label1\" content=\"Arvioitu lukuaika\" \/>\n\t<meta name=\"twitter:data1\" content=\"1 minuutti\" \/>\n<script type=\"application\/ld+json\" class=\"yoast-schema-graph\">{\"@context\":\"https:\\\/\\\/schema.org\",\"@graph\":[{\"@type\":\"WebPage\",\"@id\":\"https:\\\/\\\/rodoaed.ee\\\/fi\\\/tuote\\\/kompostin-kaynnistin-2kg\\\/\",\"url\":\"https:\\\/\\\/rodoaed.ee\\\/fi\\\/tuote\\\/kompostin-kaynnistin-2kg\\\/\",\"name\":\"Kompostin k\u00e4ynnistin 2kg - Rodoaed\",\"isPartOf\":{\"@id\":\"https:\\\/\\\/rodoaed.ee\\\/#website\"},\"primaryImageOfPage\":{\"@id\":\"https:\\\/\\\/rodoaed.ee\\\/fi\\\/tuote\\\/kompostin-kaynnistin-2kg\\\/#primaryimage\"},\"image\":{\"@id\":\"https:\\\/\\\/rodoaed.ee\\\/fi\\\/tuote\\\/kompostin-kaynnistin-2kg\\\/#primaryimage\"},\"thumbnailUrl\":\"https:\\\/\\\/rodoaed.ee\\\/wp-content\\\/uploads\\\/2024\\\/04\\\/Komposti-kaivitaja-2kg.jpeg\",\"datePublished\":\"2024-04-19T07:36:15+00:00\",\"dateModified\":\"2026-04-17T07:12:47+00:00\",\"description\":\"Kasvien kasvuastia. S\u00e4ili\u00f6n alla on kastelus\u00e4ili\u00f6, josta kasvit voivat ime\u00e4 juurineen sopivan m\u00e4\u00e4r\u00e4n vett\u00e4.\",\"breadcrumb\":{\"@id\":\"https:\\\/\\\/rodoaed.ee\\\/fi\\\/tuote\\\/kompostin-kaynnistin-2kg\\\/#breadcrumb\"},\"inLanguage\":\"fi\",\"potentialAction\":[{\"@type\":\"ReadAction\",\"target\":[\"https:\\\/\\\/rodoaed.ee\\\/fi\\\/tuote\\\/kompostin-kaynnistin-2kg\\\/\"]}]},{\"@type\":\"ImageObject\",\"inLanguage\":\"fi\",\"@id\":\"https:\\\/\\\/rodoaed.ee\\\/fi\\\/tuote\\\/kompostin-kaynnistin-2kg\\\/#primaryimage\",\"url\":\"https:\\\/\\\/rodoaed.ee\\\/wp-content\\\/uploads\\\/2024\\\/04\\\/Komposti-kaivitaja-2kg.jpeg\",\"contentUrl\":\"https:\\\/\\\/rodoaed.ee\\\/wp-content\\\/uploads\\\/2024\\\/04\\\/Komposti-kaivitaja-2kg.jpeg\",\"width\":1080,\"height\":1080},{\"@type\":\"BreadcrumbList\",\"@id\":\"https:\\\/\\\/rodoaed.ee\\\/fi\\\/tuote\\\/kompostin-kaynnistin-2kg\\\/#breadcrumb\",\"itemListElement\":[{\"@type\":\"ListItem\",\"position\":1,\"name\":\"Home\",\"item\":\"https:\\\/\\\/rodoaed.ee\\\/fi\\\/\"},{\"@type\":\"ListItem\",\"position\":2,\"name\":\"Osta osoitteessa\",\"item\":\"https:\\\/\\\/rodoaed.ee\\\/osta-osoitteessa\\\/\"},{\"@type\":\"ListItem\",\"position\":3,\"name\":\"Kompostin k\u00e4ynnistin 2kg\"}]},{\"@type\":\"WebSite\",\"@id\":\"https:\\\/\\\/rodoaed.ee\\\/#website\",\"url\":\"https:\\\/\\\/rodoaed.ee\\\/\",\"name\":\"Rodoaed\",\"description\":\"\",\"publisher\":{\"@id\":\"https:\\\/\\\/rodoaed.ee\\\/#organization\"},\"potentialAction\":[{\"@type\":\"SearchAction\",\"target\":{\"@type\":\"EntryPoint\",\"urlTemplate\":\"https:\\\/\\\/rodoaed.ee\\\/?s={search_term_string}\"},\"query-input\":{\"@type\":\"PropertyValueSpecification\",\"valueRequired\":true,\"valueName\":\"search_term_string\"}}],\"inLanguage\":\"fi\"},{\"@type\":\"Organization\",\"@id\":\"https:\\\/\\\/rodoaed.ee\\\/#organization\",\"name\":\"Rodoaed\",\"url\":\"https:\\\/\\\/rodoaed.ee\\\/\",\"logo\":{\"@type\":\"ImageObject\",\"inLanguage\":\"fi\",\"@id\":\"https:\\\/\\\/rodoaed.ee\\\/#\\\/schema\\\/logo\\\/image\\\/\",\"url\":\"https:\\\/\\\/rodoaed.ee\\\/wp-content\\\/uploads\\\/2019\\\/11\\\/rodoaed-logo-ilma-taustata.jpg\",\"contentUrl\":\"https:\\\/\\\/rodoaed.ee\\\/wp-content\\\/uploads\\\/2019\\\/11\\\/rodoaed-logo-ilma-taustata.jpg\",\"width\":769,\"height\":268,\"caption\":\"Rodoaed\"},\"image\":{\"@id\":\"https:\\\/\\\/rodoaed.ee\\\/#\\\/schema\\\/logo\\\/image\\\/\"},\"sameAs\":[\"https:\\\/\\\/www.facebook.com\\\/kasvuhooned\\\/\",\"https:\\\/\\\/rodoaed.ee\"]}]}<\/script>\n<!-- \/ Yoast SEO Premium plugin. -->","yoast_head_json":{"title":"Kompostin k\u00e4ynnistin 2kg - Rodoaed","description":"Kasvien kasvuastia. S\u00e4ili\u00f6n alla on kastelus\u00e4ili\u00f6, josta kasvit voivat ime\u00e4 juurineen sopivan m\u00e4\u00e4r\u00e4n vett\u00e4.","robots":{"index":"index","follow":"follow","max-snippet":"max-snippet:-1","max-image-preview":"max-image-preview:large","max-video-preview":"max-video-preview:-1"},"canonical":"https:\/\/rodoaed.ee\/fi\/tuote\/kompostin-kaynnistin-2kg\/","og_locale":"fi_FI","og_type":"article","og_title":"Kompostin k\u00e4ynnistin 2kg","og_description":"Her\u00e4t\u00e4 kompostori henkiin Kompostointi-erotin nopeuttaa kompostoitumista hajoavien mikro-organismien tarvitsemien ravinteiden ansiosta. Kompostim\u00e4d\u00e4tt\u00e4j\u00e4n","og_url":"https:\/\/rodoaed.ee\/fi\/tuote\/kompostin-kaynnistin-2kg\/","og_site_name":"Rodoaed","article_publisher":"https:\/\/www.facebook.com\/kasvuhooned\/","article_modified_time":"2026-04-17T07:12:47+00:00","og_image":[{"width":1080,"height":1080,"url":"https:\/\/rodoaed.ee\/wp-content\/uploads\/2024\/04\/Komposti-kaivitaja-2kg.jpeg","type":"image\/jpeg"}],"twitter_card":"summary_large_image","twitter_misc":{"Arvioitu lukuaika":"1 minuutti"},"schema":{"@context":"https:\/\/schema.org","@graph":[{"@type":"WebPage","@id":"https:\/\/rodoaed.ee\/fi\/tuote\/kompostin-kaynnistin-2kg\/","url":"https:\/\/rodoaed.ee\/fi\/tuote\/kompostin-kaynnistin-2kg\/","name":"Kompostin k\u00e4ynnistin 2kg - Rodoaed","isPartOf":{"@id":"https:\/\/rodoaed.ee\/#website"},"primaryImageOfPage":{"@id":"https:\/\/rodoaed.ee\/fi\/tuote\/kompostin-kaynnistin-2kg\/#primaryimage"},"image":{"@id":"https:\/\/rodoaed.ee\/fi\/tuote\/kompostin-kaynnistin-2kg\/#primaryimage"},"thumbnailUrl":"https:\/\/rodoaed.ee\/wp-content\/uploads\/2024\/04\/Komposti-kaivitaja-2kg.jpeg","datePublished":"2024-04-19T07:36:15+00:00","dateModified":"2026-04-17T07:12:47+00:00","description":"Kasvien kasvuastia. S\u00e4ili\u00f6n alla on kastelus\u00e4ili\u00f6, josta kasvit voivat ime\u00e4 juurineen sopivan m\u00e4\u00e4r\u00e4n vett\u00e4.","breadcrumb":{"@id":"https:\/\/rodoaed.ee\/fi\/tuote\/kompostin-kaynnistin-2kg\/#breadcrumb"},"inLanguage":"fi","potentialAction":[{"@type":"ReadAction","target":["https:\/\/rodoaed.ee\/fi\/tuote\/kompostin-kaynnistin-2kg\/"]}]},{"@type":"ImageObject","inLanguage":"fi","@id":"https:\/\/rodoaed.ee\/fi\/tuote\/kompostin-kaynnistin-2kg\/#primaryimage","url":"https:\/\/rodoaed.ee\/wp-content\/uploads\/2024\/04\/Komposti-kaivitaja-2kg.jpeg","contentUrl":"https:\/\/rodoaed.ee\/wp-content\/uploads\/2024\/04\/Komposti-kaivitaja-2kg.jpeg","width":1080,"height":1080},{"@type":"BreadcrumbList","@id":"https:\/\/rodoaed.ee\/fi\/tuote\/kompostin-kaynnistin-2kg\/#breadcrumb","itemListElement":[{"@type":"ListItem","position":1,"name":"Home","item":"https:\/\/rodoaed.ee\/fi\/"},{"@type":"ListItem","position":2,"name":"Osta osoitteessa","item":"https:\/\/rodoaed.ee\/osta-osoitteessa\/"},{"@type":"ListItem","position":3,"name":"Kompostin k\u00e4ynnistin 2kg"}]},{"@type":"WebSite","@id":"https:\/\/rodoaed.ee\/#website","url":"https:\/\/rodoaed.ee\/","name":"Rodoaed","description":"","publisher":{"@id":"https:\/\/rodoaed.ee\/#organization"},"potentialAction":[{"@type":"SearchAction","target":{"@type":"EntryPoint","urlTemplate":"https:\/\/rodoaed.ee\/?s={search_term_string}"},"query-input":{"@type":"PropertyValueSpecification","valueRequired":true,"valueName":"search_term_string"}}],"inLanguage":"fi"},{"@type":"Organization","@id":"https:\/\/rodoaed.ee\/#organization","name":"Rodoaed","url":"https:\/\/rodoaed.ee\/","logo":{"@type":"ImageObject","inLanguage":"fi","@id":"https:\/\/rodoaed.ee\/#\/schema\/logo\/image\/","url":"https:\/\/rodoaed.ee\/wp-content\/uploads\/2019\/11\/rodoaed-logo-ilma-taustata.jpg","contentUrl":"https:\/\/rodoaed.ee\/wp-content\/uploads\/2019\/11\/rodoaed-logo-ilma-taustata.jpg","width":769,"height":268,"caption":"Rodoaed"},"image":{"@id":"https:\/\/rodoaed.ee\/#\/schema\/logo\/image\/"},"sameAs":["https:\/\/www.facebook.com\/kasvuhooned\/","https:\/\/rodoaed.ee"]}]}},"_links":{"self":[{"href":"https:\/\/rodoaed.ee\/fi\/wp-json\/wp\/v2\/product\/53020","targetHints":{"allow":["GET"]}}],"collection":[{"href":"https:\/\/rodoaed.ee\/fi\/wp-json\/wp\/v2\/product"}],"about":[{"href":"https:\/\/rodoaed.ee\/fi\/wp-json\/wp\/v2\/types\/product"}],"wp:featuredmedia":[{"embeddable":true,"href":"https:\/\/rodoaed.ee\/fi\/wp-json\/wp\/v2\/media\/47424"}],"wp:attachment":[{"href":"https:\/\/rodoaed.ee\/fi\/wp-json\/wp\/v2\/media?parent=53020"}],"wp:term":[{"taxonomy":"product_brand","embeddable":true,"href":"https:\/\/rodoaed.ee\/fi\/wp-json\/wp\/v2\/product_brand?post=53020"},{"taxonomy":"product_cat","embeddable":true,"href":"https:\/\/rodoaed.ee\/fi\/wp-json\/wp\/v2\/product_cat?post=53020"},{"taxonomy":"product_tag","embeddable":true,"href":"https:\/\/rodoaed.ee\/fi\/wp-json\/wp\/v2\/product_tag?post=53020"}],"curies":[{"name":"wp","href":"https:\/\/api.w.org\/{rel}","templated":true}]}}