{"id":53021,"date":"2024-04-12T10:03:55","date_gmt":"2024-04-12T07:03:55","guid":{"rendered":"https:\/\/rodoaed.ee\/toode\/trummel-kompostori-duo-2x105l\/"},"modified":"2026-04-17T10:12:37","modified_gmt":"2026-04-17T07:12:37","slug":"trummel-kompostori-duo-2x105l","status":"publish","type":"product","link":"https:\/\/rodoaed.ee\/fi\/tuote\/trummel-kompostori-duo-2x105l\/","title":{"rendered":"Trummel kompostori DUO 2x105L"},"content":{"rendered":"<p><strong>Py\u00f6riv\u00e4n rummun kompostorin ansiosta kompostointiprosessi nopeutuu merkitt\u00e4v\u00e4sti.<\/strong><\/p>\n<p><strong>Innovatiivisesti suunniteltu kompostori bioj\u00e4tteen nopeaan kompostointiin, valmistettu kierr\u00e4tysmateriaalista.<\/strong><\/p>\n<p>Rumpukompostorissa on helposti py\u00f6riv\u00e4 rumpu. Rummun sis\u00e4ll\u00e4 on n\u00e4pp\u00e4r\u00e4t kylkiluut ja ter\u00e4t, jotka auttavat irrottamaan ja sekoittamaan kaikki kasat kunnolla. T\u00e4m\u00e4 aktivoi ja nopeuttaa koko kompostointiprosessia huomattavasti, ja lopputulos &#8211; kompostimulta &#8211; saadaan paljon nopeammin kuin passiivisessa kompostissa. Sekoittamisen ansiosta prosessin l\u00e4mp\u00f6tila voi nousta jopa +60 C:een, mik\u00e4 tappaa haitalliset mikrobit ja monet rikkaruohojen siemenet.   <\/p>\n<h4>T\u00e4rkeimm\u00e4t ominaisuudet<\/h4>\n<ul>\n<li>Mitat: 60 x 88 x 74 cm korkeus cm<\/li>\n<li>Tilavuus: 2&#215;105 litraa<\/li>\n<li>Paino 11 kg<\/li>\n<\/ul>\n<p>&nbsp;<\/p>\n<p><a href=\"https:\/\/rodoaed.ee\/fi\/\">kotisivu<\/a> <a href=\"https:\/\/rodoaed.ee\/tootekategooria\/kasvuhooned-ja-talveaiad\/\">k\u00e4ynnist\u00e4<\/a> <a href=\"https:\/\/rodoaed.ee\/tootekategooria\/kasvuhooned-ja-talveaiad\/kasvuhoone-lisavarustus\/\">tarvikkeet<\/a> <a href=\"https:\/\/rodoaed.ee\/tootekategooria\/kasvuhooned-ja-talveaiad\/kasvuhoone-lisavarustus\/kasvuhoone-tarvikud\/\">tarvikkeet<\/a><\/p>\n<div>\n<div><\/div>\n<\/div>\n","protected":false},"excerpt":{"rendered":"<p>Py\u00f6riv\u00e4n rummun kompostorin ansiosta kompostointiprosessi nopeutuu merkitt\u00e4v\u00e4sti. Innovatiivisesti suunniteltu kompostori bioj\u00e4tteen nopeaan kompostointiin, valmistettu kierr\u00e4tysmateriaalista. Rumpukompostorissa on helposti py\u00f6riv\u00e4 rumpu. Rummun sis\u00e4ll\u00e4 on n\u00e4pp\u00e4r\u00e4t kylkiluut ja ter\u00e4t, jotka auttavat irrottamaan ja sekoittamaan kaikki kasat kunnolla. T\u00e4m\u00e4 aktivoi ja nopeuttaa koko kompostointiprosessia huomattavasti, ja lopputulos &#8211; kompostimulta &#8211; saadaan paljon nopeammin kuin passiivisessa kompostissa. Sekoittamisen ansiosta prosessin l\u00e4mp\u00f6tila voi nousta jopa +60 C:een, mik\u00e4 tappaa haitalliset&#8230;<\/p>\n","protected":false},"featured_media":47295,"template":"","meta":{"_acf_changed":false},"product_brand":[],"product_cat":[1791,1752],"product_tag":[],"class_list":{"0":"post-53021","1":"product","2":"type-product","3":"status-publish","4":"has-post-thumbnail","6":"product_cat-kompostorit","7":"product_cat-puutarha-ja-piha","8":"product_shipping_class-kuljetus-ainoastaan-kuriiripalvelun-valityksella","9":"pa_variatsioon-kasvatussailio-16l2l-jossa-on-vesisailio-ja-kehys","11":"first","12":"outofstock","13":"sale","14":"taxable","15":"shipping-taxable","16":"purchasable","17":"product-type-simple"},"acf":[],"yoast_head":"<!-- This site is optimized with the Yoast SEO Premium plugin v27.3 (Yoast SEO v27.3) - https:\/\/yoast.com\/product\/yoast-seo-premium-wordpress\/ -->\n<title>Trummel kompostori DUO 2x105L - Rodoaed<\/title>\n<meta name=\"description\" content=\"Kasvien kasvuastia. S\u00e4ili\u00f6n alla on kastelus\u00e4ili\u00f6, josta kasvit voivat ime\u00e4 juurineen sopivan m\u00e4\u00e4r\u00e4n vett\u00e4.\" \/>\n<meta name=\"robots\" content=\"index, follow, max-snippet:-1, max-image-preview:large, max-video-preview:-1\" \/>\n<link rel=\"canonical\" href=\"https:\/\/rodoaed.ee\/fi\/tuote\/trummel-kompostori-duo-2x105l\/\" \/>\n<meta property=\"og:locale\" content=\"fi_FI\" \/>\n<meta property=\"og:type\" content=\"article\" \/>\n<meta property=\"og:title\" content=\"Trummel kompostori DUO 2x105L\" \/>\n<meta property=\"og:description\" content=\"Py\u00f6riv\u00e4n rummun kompostorin ansiosta kompostointiprosessi nopeutuu merkitt\u00e4v\u00e4sti. Innovatiivisesti suunniteltu kompostori bioj\u00e4tteen nopeaan\" \/>\n<meta property=\"og:url\" content=\"https:\/\/rodoaed.ee\/fi\/tuote\/trummel-kompostori-duo-2x105l\/\" \/>\n<meta property=\"og:site_name\" content=\"Rodoaed\" \/>\n<meta property=\"article:publisher\" content=\"https:\/\/www.facebook.com\/kasvuhooned\/\" \/>\n<meta property=\"article:modified_time\" content=\"2026-04-17T07:12:37+00:00\" \/>\n<meta property=\"og:image\" content=\"https:\/\/rodoaed.ee\/wp-content\/uploads\/2024\/04\/Komposter_Composter2x105-General-Close-scaled.jpg\" \/>\n\t<meta property=\"og:image:width\" content=\"2560\" \/>\n\t<meta property=\"og:image:height\" content=\"1707\" \/>\n\t<meta property=\"og:image:type\" content=\"image\/jpeg\" \/>\n<meta name=\"twitter:card\" content=\"summary_large_image\" \/>\n<meta name=\"twitter:label1\" content=\"Arvioitu lukuaika\" \/>\n\t<meta name=\"twitter:data1\" content=\"1 minuutti\" \/>\n<script type=\"application\/ld+json\" class=\"yoast-schema-graph\">{\"@context\":\"https:\\\/\\\/schema.org\",\"@graph\":[{\"@type\":\"WebPage\",\"@id\":\"https:\\\/\\\/rodoaed.ee\\\/fi\\\/tuote\\\/trummel-kompostori-duo-2x105l\\\/\",\"url\":\"https:\\\/\\\/rodoaed.ee\\\/fi\\\/tuote\\\/trummel-kompostori-duo-2x105l\\\/\",\"name\":\"Trummel kompostori DUO 2x105L - Rodoaed\",\"isPartOf\":{\"@id\":\"https:\\\/\\\/rodoaed.ee\\\/#website\"},\"primaryImageOfPage\":{\"@id\":\"https:\\\/\\\/rodoaed.ee\\\/fi\\\/tuote\\\/trummel-kompostori-duo-2x105l\\\/#primaryimage\"},\"image\":{\"@id\":\"https:\\\/\\\/rodoaed.ee\\\/fi\\\/tuote\\\/trummel-kompostori-duo-2x105l\\\/#primaryimage\"},\"thumbnailUrl\":\"https:\\\/\\\/rodoaed.ee\\\/wp-content\\\/uploads\\\/2024\\\/04\\\/Komposter_Composter2x105-General-Close-scaled.jpg\",\"datePublished\":\"2024-04-12T07:03:55+00:00\",\"dateModified\":\"2026-04-17T07:12:37+00:00\",\"description\":\"Kasvien kasvuastia. S\u00e4ili\u00f6n alla on kastelus\u00e4ili\u00f6, josta kasvit voivat ime\u00e4 juurineen sopivan m\u00e4\u00e4r\u00e4n vett\u00e4.\",\"breadcrumb\":{\"@id\":\"https:\\\/\\\/rodoaed.ee\\\/fi\\\/tuote\\\/trummel-kompostori-duo-2x105l\\\/#breadcrumb\"},\"inLanguage\":\"fi\",\"potentialAction\":[{\"@type\":\"ReadAction\",\"target\":[\"https:\\\/\\\/rodoaed.ee\\\/fi\\\/tuote\\\/trummel-kompostori-duo-2x105l\\\/\"]}]},{\"@type\":\"ImageObject\",\"inLanguage\":\"fi\",\"@id\":\"https:\\\/\\\/rodoaed.ee\\\/fi\\\/tuote\\\/trummel-kompostori-duo-2x105l\\\/#primaryimage\",\"url\":\"https:\\\/\\\/rodoaed.ee\\\/wp-content\\\/uploads\\\/2024\\\/04\\\/Komposter_Composter2x105-General-Close-scaled.jpg\",\"contentUrl\":\"https:\\\/\\\/rodoaed.ee\\\/wp-content\\\/uploads\\\/2024\\\/04\\\/Komposter_Composter2x105-General-Close-scaled.jpg\",\"width\":2560,\"height\":1707,\"caption\":\"kompostorit\"},{\"@type\":\"BreadcrumbList\",\"@id\":\"https:\\\/\\\/rodoaed.ee\\\/fi\\\/tuote\\\/trummel-kompostori-duo-2x105l\\\/#breadcrumb\",\"itemListElement\":[{\"@type\":\"ListItem\",\"position\":1,\"name\":\"Home\",\"item\":\"https:\\\/\\\/rodoaed.ee\\\/fi\\\/\"},{\"@type\":\"ListItem\",\"position\":2,\"name\":\"Osta osoitteessa\",\"item\":\"https:\\\/\\\/rodoaed.ee\\\/osta-osoitteessa\\\/\"},{\"@type\":\"ListItem\",\"position\":3,\"name\":\"Trummel kompostori DUO 2x105L\"}]},{\"@type\":\"WebSite\",\"@id\":\"https:\\\/\\\/rodoaed.ee\\\/#website\",\"url\":\"https:\\\/\\\/rodoaed.ee\\\/\",\"name\":\"Rodoaed\",\"description\":\"\",\"publisher\":{\"@id\":\"https:\\\/\\\/rodoaed.ee\\\/#organization\"},\"potentialAction\":[{\"@type\":\"SearchAction\",\"target\":{\"@type\":\"EntryPoint\",\"urlTemplate\":\"https:\\\/\\\/rodoaed.ee\\\/?s={search_term_string}\"},\"query-input\":{\"@type\":\"PropertyValueSpecification\",\"valueRequired\":true,\"valueName\":\"search_term_string\"}}],\"inLanguage\":\"fi\"},{\"@type\":\"Organization\",\"@id\":\"https:\\\/\\\/rodoaed.ee\\\/#organization\",\"name\":\"Rodoaed\",\"url\":\"https:\\\/\\\/rodoaed.ee\\\/\",\"logo\":{\"@type\":\"ImageObject\",\"inLanguage\":\"fi\",\"@id\":\"https:\\\/\\\/rodoaed.ee\\\/#\\\/schema\\\/logo\\\/image\\\/\",\"url\":\"https:\\\/\\\/rodoaed.ee\\\/wp-content\\\/uploads\\\/2019\\\/11\\\/rodoaed-logo-ilma-taustata.jpg\",\"contentUrl\":\"https:\\\/\\\/rodoaed.ee\\\/wp-content\\\/uploads\\\/2019\\\/11\\\/rodoaed-logo-ilma-taustata.jpg\",\"width\":769,\"height\":268,\"caption\":\"Rodoaed\"},\"image\":{\"@id\":\"https:\\\/\\\/rodoaed.ee\\\/#\\\/schema\\\/logo\\\/image\\\/\"},\"sameAs\":[\"https:\\\/\\\/www.facebook.com\\\/kasvuhooned\\\/\",\"https:\\\/\\\/rodoaed.ee\"]}]}<\/script>\n<!-- \/ Yoast SEO Premium plugin. -->","yoast_head_json":{"title":"Trummel kompostori DUO 2x105L - Rodoaed","description":"Kasvien kasvuastia. S\u00e4ili\u00f6n alla on kastelus\u00e4ili\u00f6, josta kasvit voivat ime\u00e4 juurineen sopivan m\u00e4\u00e4r\u00e4n vett\u00e4.","robots":{"index":"index","follow":"follow","max-snippet":"max-snippet:-1","max-image-preview":"max-image-preview:large","max-video-preview":"max-video-preview:-1"},"canonical":"https:\/\/rodoaed.ee\/fi\/tuote\/trummel-kompostori-duo-2x105l\/","og_locale":"fi_FI","og_type":"article","og_title":"Trummel kompostori DUO 2x105L","og_description":"Py\u00f6riv\u00e4n rummun kompostorin ansiosta kompostointiprosessi nopeutuu merkitt\u00e4v\u00e4sti. Innovatiivisesti suunniteltu kompostori bioj\u00e4tteen nopeaan","og_url":"https:\/\/rodoaed.ee\/fi\/tuote\/trummel-kompostori-duo-2x105l\/","og_site_name":"Rodoaed","article_publisher":"https:\/\/www.facebook.com\/kasvuhooned\/","article_modified_time":"2026-04-17T07:12:37+00:00","og_image":[{"width":2560,"height":1707,"url":"https:\/\/rodoaed.ee\/wp-content\/uploads\/2024\/04\/Komposter_Composter2x105-General-Close-scaled.jpg","type":"image\/jpeg"}],"twitter_card":"summary_large_image","twitter_misc":{"Arvioitu lukuaika":"1 minuutti"},"schema":{"@context":"https:\/\/schema.org","@graph":[{"@type":"WebPage","@id":"https:\/\/rodoaed.ee\/fi\/tuote\/trummel-kompostori-duo-2x105l\/","url":"https:\/\/rodoaed.ee\/fi\/tuote\/trummel-kompostori-duo-2x105l\/","name":"Trummel kompostori DUO 2x105L - Rodoaed","isPartOf":{"@id":"https:\/\/rodoaed.ee\/#website"},"primaryImageOfPage":{"@id":"https:\/\/rodoaed.ee\/fi\/tuote\/trummel-kompostori-duo-2x105l\/#primaryimage"},"image":{"@id":"https:\/\/rodoaed.ee\/fi\/tuote\/trummel-kompostori-duo-2x105l\/#primaryimage"},"thumbnailUrl":"https:\/\/rodoaed.ee\/wp-content\/uploads\/2024\/04\/Komposter_Composter2x105-General-Close-scaled.jpg","datePublished":"2024-04-12T07:03:55+00:00","dateModified":"2026-04-17T07:12:37+00:00","description":"Kasvien kasvuastia. S\u00e4ili\u00f6n alla on kastelus\u00e4ili\u00f6, josta kasvit voivat ime\u00e4 juurineen sopivan m\u00e4\u00e4r\u00e4n vett\u00e4.","breadcrumb":{"@id":"https:\/\/rodoaed.ee\/fi\/tuote\/trummel-kompostori-duo-2x105l\/#breadcrumb"},"inLanguage":"fi","potentialAction":[{"@type":"ReadAction","target":["https:\/\/rodoaed.ee\/fi\/tuote\/trummel-kompostori-duo-2x105l\/"]}]},{"@type":"ImageObject","inLanguage":"fi","@id":"https:\/\/rodoaed.ee\/fi\/tuote\/trummel-kompostori-duo-2x105l\/#primaryimage","url":"https:\/\/rodoaed.ee\/wp-content\/uploads\/2024\/04\/Komposter_Composter2x105-General-Close-scaled.jpg","contentUrl":"https:\/\/rodoaed.ee\/wp-content\/uploads\/2024\/04\/Komposter_Composter2x105-General-Close-scaled.jpg","width":2560,"height":1707,"caption":"kompostorit"},{"@type":"BreadcrumbList","@id":"https:\/\/rodoaed.ee\/fi\/tuote\/trummel-kompostori-duo-2x105l\/#breadcrumb","itemListElement":[{"@type":"ListItem","position":1,"name":"Home","item":"https:\/\/rodoaed.ee\/fi\/"},{"@type":"ListItem","position":2,"name":"Osta osoitteessa","item":"https:\/\/rodoaed.ee\/osta-osoitteessa\/"},{"@type":"ListItem","position":3,"name":"Trummel kompostori DUO 2x105L"}]},{"@type":"WebSite","@id":"https:\/\/rodoaed.ee\/#website","url":"https:\/\/rodoaed.ee\/","name":"Rodoaed","description":"","publisher":{"@id":"https:\/\/rodoaed.ee\/#organization"},"potentialAction":[{"@type":"SearchAction","target":{"@type":"EntryPoint","urlTemplate":"https:\/\/rodoaed.ee\/?s={search_term_string}"},"query-input":{"@type":"PropertyValueSpecification","valueRequired":true,"valueName":"search_term_string"}}],"inLanguage":"fi"},{"@type":"Organization","@id":"https:\/\/rodoaed.ee\/#organization","name":"Rodoaed","url":"https:\/\/rodoaed.ee\/","logo":{"@type":"ImageObject","inLanguage":"fi","@id":"https:\/\/rodoaed.ee\/#\/schema\/logo\/image\/","url":"https:\/\/rodoaed.ee\/wp-content\/uploads\/2019\/11\/rodoaed-logo-ilma-taustata.jpg","contentUrl":"https:\/\/rodoaed.ee\/wp-content\/uploads\/2019\/11\/rodoaed-logo-ilma-taustata.jpg","width":769,"height":268,"caption":"Rodoaed"},"image":{"@id":"https:\/\/rodoaed.ee\/#\/schema\/logo\/image\/"},"sameAs":["https:\/\/www.facebook.com\/kasvuhooned\/","https:\/\/rodoaed.ee"]}]}},"_links":{"self":[{"href":"https:\/\/rodoaed.ee\/fi\/wp-json\/wp\/v2\/product\/53021","targetHints":{"allow":["GET"]}}],"collection":[{"href":"https:\/\/rodoaed.ee\/fi\/wp-json\/wp\/v2\/product"}],"about":[{"href":"https:\/\/rodoaed.ee\/fi\/wp-json\/wp\/v2\/types\/product"}],"wp:featuredmedia":[{"embeddable":true,"href":"https:\/\/rodoaed.ee\/fi\/wp-json\/wp\/v2\/media\/47295"}],"wp:attachment":[{"href":"https:\/\/rodoaed.ee\/fi\/wp-json\/wp\/v2\/media?parent=53021"}],"wp:term":[{"taxonomy":"product_brand","embeddable":true,"href":"https:\/\/rodoaed.ee\/fi\/wp-json\/wp\/v2\/product_brand?post=53021"},{"taxonomy":"product_cat","embeddable":true,"href":"https:\/\/rodoaed.ee\/fi\/wp-json\/wp\/v2\/product_cat?post=53021"},{"taxonomy":"product_tag","embeddable":true,"href":"https:\/\/rodoaed.ee\/fi\/wp-json\/wp\/v2\/product_tag?post=53021"}],"curies":[{"name":"wp","href":"https:\/\/api.w.org\/{rel}","templated":true}]}}