{"id":53026,"date":"2024-05-01T09:39:13","date_gmt":"2024-05-01T06:39:13","guid":{"rendered":"https:\/\/rodoaed.ee\/toode\/kotipuutarha-ruoho-1kg\/"},"modified":"2026-04-17T10:12:55","modified_gmt":"2026-04-17T07:12:55","slug":"kotipuutarha-ruoho-1kg","status":"publish","type":"product","link":"https:\/\/rodoaed.ee\/fi\/tuote\/kotipuutarha-ruoho-1kg\/","title":{"rendered":"Kotipuutarha ruoho 1kg"},"content":{"rendered":"<p>Kodin nurmikkonurmi koostuu hienolehtisist\u00e4 lajeista, jotka tuottavat tihe\u00e4n, matalakasvuisen nurmikon. Se kasvaa auringossa tai varjossa. Se on sitke\u00e4 ja toipuu hyvin vaurioista. Se sopii hyvin kotipuutarhoihin, leikkikentille ja viheralueille.   <\/p>\n<p><strong>K\u00e4ytt\u00e4j\u00e4n k\u00e4sikirja<\/strong><\/p>\n<p>Kylv\u00f6 kannattaa tehd\u00e4 aikaisin kev\u00e4\u00e4ll\u00e4, loppukes\u00e4st\u00e4 tai alkusyksyst\u00e4. 1 kg = 50 m\u00b2. Kylv\u00f6: Jaa siemenet kahteen yht\u00e4 suureen osaan. Kylv\u00e4 siemenet tasaisesti maan pinnalle ristikk\u00e4iskylv\u00f6koneella. Ennen kylv\u00f6\u00e4 haravoi nurmikko tukevasti. Kylv\u00f6n j\u00e4lkeen pinta tiivistet\u00e4\u00e4n kevyesti. Kastele it\u00e4misen aikana (noin 3 viikkoa), jotta syntyv\u00e4 nurmikko ei p\u00e4\u00e4se kuivumaan.Yll\u00e4pito: Leikkaa ensin, kun nurmikko on 8-10 cm korkea. Sen j\u00e4lkeen leikkaa kerran viikossa (keskim\u00e4\u00e4r\u00e4inen korkeus 3,5 cm). T\u00e4yt\u00e4 nurmikon mahdolliset aukot mullalla ja kylv\u00e4 uusi nurmikon siemen. K\u00e4yt\u00e4 syksyll\u00e4, elo-syyskuussa, 4 kg syyslannoitetta 100 m\u00b2:n nurmikkoa kohti talvenkest\u00e4vyyden lis\u00e4\u00e4miseksi.         <\/p>\n<p><a href=\"https:\/\/rodoaed.ee\/fi\/\">kotisivu<\/a> <a href=\"https:\/\/rodoaed.ee\/tootekategooria\/aed-ja-hoov\/\">k\u00e4ynnist\u00e4<\/a>  <a href=\"https:\/\/rodoaed.ee\/tootekategooria\/aed-ja-hoov\/seemned\/\">siemenet<\/a>  <a href=\"https:\/\/rodoaed.ee\/tootekategooria\/aed-ja-hoov\/seemned\/muruseemned\/\">nurmikon siemenet<\/a><\/p>\n<p>&nbsp;<\/p>\n","protected":false},"excerpt":{"rendered":"<p>Kodin nurmikkonurmi koostuu hienolehtisist\u00e4 lajeista, jotka tuottavat tihe\u00e4n, matalakasvuisen nurmikon. Se kasvaa auringossa tai varjossa. Se on sitke\u00e4 ja toipuu hyvin vaurioista. Se sopii hyvin kotipuutarhoihin, leikkikentille ja viheralueille. K\u00e4ytt\u00e4j\u00e4n k\u00e4sikirja Kylv\u00f6 kannattaa tehd\u00e4 aikaisin kev\u00e4\u00e4ll\u00e4, loppukes\u00e4st\u00e4 tai alkusyksyst\u00e4. 1 kg = 50 m\u00b2. Kylv\u00f6: Jaa siemenet kahteen yht\u00e4 suureen osaan. Kylv\u00e4 siemenet tasaisesti maan pinnalle ristikk\u00e4iskylv\u00f6koneella. Ennen kylv\u00f6\u00e4 haravoi nurmikko tukevasti. Kylv\u00f6n j\u00e4lkeen pinta&#8230;<\/p>\n","protected":false},"featured_media":47542,"template":"","meta":{"_acf_changed":false},"product_brand":[],"product_cat":[1994,1753],"product_tag":[],"class_list":{"0":"post-53026","1":"product","2":"type-product","3":"status-publish","4":"has-post-thumbnail","6":"product_cat-karhunvatukan-siemenet","7":"product_cat-siemenet","8":"product_shipping_class-toimitus-1-3-tyopaivan-kuluessa","9":"pa_variatsioon-puinen-traktori","11":"first","12":"instock","13":"taxable","14":"shipping-taxable","15":"purchasable","16":"product-type-simple"},"acf":[],"yoast_head":"<!-- This site is optimized with the Yoast SEO Premium plugin v27.3 (Yoast SEO v27.3) - https:\/\/yoast.com\/product\/yoast-seo-premium-wordpress\/ -->\n<title>Kotipuutarha ruoho 1kg - Rodoaed<\/title>\n<meta name=\"robots\" content=\"index, follow, max-snippet:-1, max-image-preview:large, max-video-preview:-1\" \/>\n<link rel=\"canonical\" href=\"https:\/\/rodoaed.ee\/fi\/tuote\/kotipuutarha-ruoho-1kg\/\" \/>\n<meta property=\"og:locale\" content=\"fi_FI\" \/>\n<meta property=\"og:type\" content=\"article\" \/>\n<meta property=\"og:title\" content=\"Kotipuutarha ruoho 1kg\" \/>\n<meta property=\"og:description\" content=\"Kodin nurmikkonurmi koostuu hienolehtisist\u00e4 lajeista, jotka tuottavat tihe\u00e4n, matalakasvuisen nurmikon. Se kasvaa auringossa tai varjossa. Se on sitke\u00e4 ja\" \/>\n<meta property=\"og:url\" content=\"https:\/\/rodoaed.ee\/fi\/tuote\/kotipuutarha-ruoho-1kg\/\" \/>\n<meta property=\"og:site_name\" content=\"Rodoaed\" \/>\n<meta property=\"article:publisher\" content=\"https:\/\/www.facebook.com\/kasvuhooned\/\" \/>\n<meta property=\"article:modified_time\" content=\"2026-04-17T07:12:55+00:00\" \/>\n<meta property=\"og:image\" content=\"https:\/\/rodoaed.ee\/wp-content\/uploads\/2024\/05\/koduaiamuru_1kg.jpeg\" \/>\n\t<meta property=\"og:image:width\" content=\"719\" \/>\n\t<meta property=\"og:image:height\" content=\"1080\" \/>\n\t<meta property=\"og:image:type\" content=\"image\/jpeg\" \/>\n<meta name=\"twitter:card\" content=\"summary_large_image\" \/>\n<meta name=\"twitter:label1\" content=\"Arvioitu lukuaika\" \/>\n\t<meta name=\"twitter:data1\" content=\"1 minuutti\" \/>\n<script type=\"application\/ld+json\" class=\"yoast-schema-graph\">{\"@context\":\"https:\\\/\\\/schema.org\",\"@graph\":[{\"@type\":\"WebPage\",\"@id\":\"https:\\\/\\\/rodoaed.ee\\\/fi\\\/tuote\\\/kotipuutarha-ruoho-1kg\\\/\",\"url\":\"https:\\\/\\\/rodoaed.ee\\\/fi\\\/tuote\\\/kotipuutarha-ruoho-1kg\\\/\",\"name\":\"Kotipuutarha ruoho 1kg - Rodoaed\",\"isPartOf\":{\"@id\":\"https:\\\/\\\/rodoaed.ee\\\/#website\"},\"primaryImageOfPage\":{\"@id\":\"https:\\\/\\\/rodoaed.ee\\\/fi\\\/tuote\\\/kotipuutarha-ruoho-1kg\\\/#primaryimage\"},\"image\":{\"@id\":\"https:\\\/\\\/rodoaed.ee\\\/fi\\\/tuote\\\/kotipuutarha-ruoho-1kg\\\/#primaryimage\"},\"thumbnailUrl\":\"https:\\\/\\\/rodoaed.ee\\\/wp-content\\\/uploads\\\/2024\\\/05\\\/koduaiamuru_1kg.jpeg\",\"datePublished\":\"2024-05-01T06:39:13+00:00\",\"dateModified\":\"2026-04-17T07:12:55+00:00\",\"breadcrumb\":{\"@id\":\"https:\\\/\\\/rodoaed.ee\\\/fi\\\/tuote\\\/kotipuutarha-ruoho-1kg\\\/#breadcrumb\"},\"inLanguage\":\"fi\",\"potentialAction\":[{\"@type\":\"ReadAction\",\"target\":[\"https:\\\/\\\/rodoaed.ee\\\/fi\\\/tuote\\\/kotipuutarha-ruoho-1kg\\\/\"]}]},{\"@type\":\"ImageObject\",\"inLanguage\":\"fi\",\"@id\":\"https:\\\/\\\/rodoaed.ee\\\/fi\\\/tuote\\\/kotipuutarha-ruoho-1kg\\\/#primaryimage\",\"url\":\"https:\\\/\\\/rodoaed.ee\\\/wp-content\\\/uploads\\\/2024\\\/05\\\/koduaiamuru_1kg.jpeg\",\"contentUrl\":\"https:\\\/\\\/rodoaed.ee\\\/wp-content\\\/uploads\\\/2024\\\/05\\\/koduaiamuru_1kg.jpeg\",\"width\":719,\"height\":1080},{\"@type\":\"BreadcrumbList\",\"@id\":\"https:\\\/\\\/rodoaed.ee\\\/fi\\\/tuote\\\/kotipuutarha-ruoho-1kg\\\/#breadcrumb\",\"itemListElement\":[{\"@type\":\"ListItem\",\"position\":1,\"name\":\"Home\",\"item\":\"https:\\\/\\\/rodoaed.ee\\\/fi\\\/\"},{\"@type\":\"ListItem\",\"position\":2,\"name\":\"Osta osoitteessa\",\"item\":\"https:\\\/\\\/rodoaed.ee\\\/osta-osoitteessa\\\/\"},{\"@type\":\"ListItem\",\"position\":3,\"name\":\"Kotipuutarha ruoho 1kg\"}]},{\"@type\":\"WebSite\",\"@id\":\"https:\\\/\\\/rodoaed.ee\\\/#website\",\"url\":\"https:\\\/\\\/rodoaed.ee\\\/\",\"name\":\"Rodoaed\",\"description\":\"\",\"publisher\":{\"@id\":\"https:\\\/\\\/rodoaed.ee\\\/#organization\"},\"potentialAction\":[{\"@type\":\"SearchAction\",\"target\":{\"@type\":\"EntryPoint\",\"urlTemplate\":\"https:\\\/\\\/rodoaed.ee\\\/?s={search_term_string}\"},\"query-input\":{\"@type\":\"PropertyValueSpecification\",\"valueRequired\":true,\"valueName\":\"search_term_string\"}}],\"inLanguage\":\"fi\"},{\"@type\":\"Organization\",\"@id\":\"https:\\\/\\\/rodoaed.ee\\\/#organization\",\"name\":\"Rodoaed\",\"url\":\"https:\\\/\\\/rodoaed.ee\\\/\",\"logo\":{\"@type\":\"ImageObject\",\"inLanguage\":\"fi\",\"@id\":\"https:\\\/\\\/rodoaed.ee\\\/#\\\/schema\\\/logo\\\/image\\\/\",\"url\":\"https:\\\/\\\/rodoaed.ee\\\/wp-content\\\/uploads\\\/2019\\\/11\\\/rodoaed-logo-ilma-taustata.jpg\",\"contentUrl\":\"https:\\\/\\\/rodoaed.ee\\\/wp-content\\\/uploads\\\/2019\\\/11\\\/rodoaed-logo-ilma-taustata.jpg\",\"width\":769,\"height\":268,\"caption\":\"Rodoaed\"},\"image\":{\"@id\":\"https:\\\/\\\/rodoaed.ee\\\/#\\\/schema\\\/logo\\\/image\\\/\"},\"sameAs\":[\"https:\\\/\\\/www.facebook.com\\\/kasvuhooned\\\/\",\"https:\\\/\\\/rodoaed.ee\"]}]}<\/script>\n<!-- \/ Yoast SEO Premium plugin. -->","yoast_head_json":{"title":"Kotipuutarha ruoho 1kg - Rodoaed","robots":{"index":"index","follow":"follow","max-snippet":"max-snippet:-1","max-image-preview":"max-image-preview:large","max-video-preview":"max-video-preview:-1"},"canonical":"https:\/\/rodoaed.ee\/fi\/tuote\/kotipuutarha-ruoho-1kg\/","og_locale":"fi_FI","og_type":"article","og_title":"Kotipuutarha ruoho 1kg","og_description":"Kodin nurmikkonurmi koostuu hienolehtisist\u00e4 lajeista, jotka tuottavat tihe\u00e4n, matalakasvuisen nurmikon. Se kasvaa auringossa tai varjossa. Se on sitke\u00e4 ja","og_url":"https:\/\/rodoaed.ee\/fi\/tuote\/kotipuutarha-ruoho-1kg\/","og_site_name":"Rodoaed","article_publisher":"https:\/\/www.facebook.com\/kasvuhooned\/","article_modified_time":"2026-04-17T07:12:55+00:00","og_image":[{"width":719,"height":1080,"url":"https:\/\/rodoaed.ee\/wp-content\/uploads\/2024\/05\/koduaiamuru_1kg.jpeg","type":"image\/jpeg"}],"twitter_card":"summary_large_image","twitter_misc":{"Arvioitu lukuaika":"1 minuutti"},"schema":{"@context":"https:\/\/schema.org","@graph":[{"@type":"WebPage","@id":"https:\/\/rodoaed.ee\/fi\/tuote\/kotipuutarha-ruoho-1kg\/","url":"https:\/\/rodoaed.ee\/fi\/tuote\/kotipuutarha-ruoho-1kg\/","name":"Kotipuutarha ruoho 1kg - Rodoaed","isPartOf":{"@id":"https:\/\/rodoaed.ee\/#website"},"primaryImageOfPage":{"@id":"https:\/\/rodoaed.ee\/fi\/tuote\/kotipuutarha-ruoho-1kg\/#primaryimage"},"image":{"@id":"https:\/\/rodoaed.ee\/fi\/tuote\/kotipuutarha-ruoho-1kg\/#primaryimage"},"thumbnailUrl":"https:\/\/rodoaed.ee\/wp-content\/uploads\/2024\/05\/koduaiamuru_1kg.jpeg","datePublished":"2024-05-01T06:39:13+00:00","dateModified":"2026-04-17T07:12:55+00:00","breadcrumb":{"@id":"https:\/\/rodoaed.ee\/fi\/tuote\/kotipuutarha-ruoho-1kg\/#breadcrumb"},"inLanguage":"fi","potentialAction":[{"@type":"ReadAction","target":["https:\/\/rodoaed.ee\/fi\/tuote\/kotipuutarha-ruoho-1kg\/"]}]},{"@type":"ImageObject","inLanguage":"fi","@id":"https:\/\/rodoaed.ee\/fi\/tuote\/kotipuutarha-ruoho-1kg\/#primaryimage","url":"https:\/\/rodoaed.ee\/wp-content\/uploads\/2024\/05\/koduaiamuru_1kg.jpeg","contentUrl":"https:\/\/rodoaed.ee\/wp-content\/uploads\/2024\/05\/koduaiamuru_1kg.jpeg","width":719,"height":1080},{"@type":"BreadcrumbList","@id":"https:\/\/rodoaed.ee\/fi\/tuote\/kotipuutarha-ruoho-1kg\/#breadcrumb","itemListElement":[{"@type":"ListItem","position":1,"name":"Home","item":"https:\/\/rodoaed.ee\/fi\/"},{"@type":"ListItem","position":2,"name":"Osta osoitteessa","item":"https:\/\/rodoaed.ee\/osta-osoitteessa\/"},{"@type":"ListItem","position":3,"name":"Kotipuutarha ruoho 1kg"}]},{"@type":"WebSite","@id":"https:\/\/rodoaed.ee\/#website","url":"https:\/\/rodoaed.ee\/","name":"Rodoaed","description":"","publisher":{"@id":"https:\/\/rodoaed.ee\/#organization"},"potentialAction":[{"@type":"SearchAction","target":{"@type":"EntryPoint","urlTemplate":"https:\/\/rodoaed.ee\/?s={search_term_string}"},"query-input":{"@type":"PropertyValueSpecification","valueRequired":true,"valueName":"search_term_string"}}],"inLanguage":"fi"},{"@type":"Organization","@id":"https:\/\/rodoaed.ee\/#organization","name":"Rodoaed","url":"https:\/\/rodoaed.ee\/","logo":{"@type":"ImageObject","inLanguage":"fi","@id":"https:\/\/rodoaed.ee\/#\/schema\/logo\/image\/","url":"https:\/\/rodoaed.ee\/wp-content\/uploads\/2019\/11\/rodoaed-logo-ilma-taustata.jpg","contentUrl":"https:\/\/rodoaed.ee\/wp-content\/uploads\/2019\/11\/rodoaed-logo-ilma-taustata.jpg","width":769,"height":268,"caption":"Rodoaed"},"image":{"@id":"https:\/\/rodoaed.ee\/#\/schema\/logo\/image\/"},"sameAs":["https:\/\/www.facebook.com\/kasvuhooned\/","https:\/\/rodoaed.ee"]}]}},"_links":{"self":[{"href":"https:\/\/rodoaed.ee\/fi\/wp-json\/wp\/v2\/product\/53026","targetHints":{"allow":["GET"]}}],"collection":[{"href":"https:\/\/rodoaed.ee\/fi\/wp-json\/wp\/v2\/product"}],"about":[{"href":"https:\/\/rodoaed.ee\/fi\/wp-json\/wp\/v2\/types\/product"}],"wp:featuredmedia":[{"embeddable":true,"href":"https:\/\/rodoaed.ee\/fi\/wp-json\/wp\/v2\/media\/47542"}],"wp:attachment":[{"href":"https:\/\/rodoaed.ee\/fi\/wp-json\/wp\/v2\/media?parent=53026"}],"wp:term":[{"taxonomy":"product_brand","embeddable":true,"href":"https:\/\/rodoaed.ee\/fi\/wp-json\/wp\/v2\/product_brand?post=53026"},{"taxonomy":"product_cat","embeddable":true,"href":"https:\/\/rodoaed.ee\/fi\/wp-json\/wp\/v2\/product_cat?post=53026"},{"taxonomy":"product_tag","embeddable":true,"href":"https:\/\/rodoaed.ee\/fi\/wp-json\/wp\/v2\/product_tag?post=53026"}],"curies":[{"name":"wp","href":"https:\/\/api.w.org\/{rel}","templated":true}]}}