{"id":53031,"date":"2024-05-01T15:17:38","date_gmt":"2024-05-01T12:17:38","guid":{"rendered":"https:\/\/rodoaed.ee\/toode\/auringonkukan-peredovic-siemenet-100g\/"},"modified":"2026-04-17T10:13:07","modified_gmt":"2026-04-17T07:13:07","slug":"auringonkukan-peredovic-siemenet-100g","status":"publish","type":"product","link":"https:\/\/rodoaed.ee\/fi\/tuote\/auringonkukan-peredovic-siemenet-100g\/","title":{"rendered":"Auringonkukan &#8221;Peredovic&#8221; siemenet 100g"},"content":{"rendered":"<p>Eritt\u00e4in houkutteleva keskikokoinen auringonkukka, jolla on suuret kukat, vihert\u00e4v\u00e4 ydin ja sitruunankeltaiset kukat. Suuren p\u00e4\u00e4kukan lis\u00e4ksi lehtien tyvest\u00e4 kehittyy sivulohkoja, joita kruunaavat pienemm\u00e4t kukat. Kukkii hein\u00e4kuusta syyskuuhun. Siemenet ovat eritt\u00e4in \u00f6ljypitoisia.<br \/>\nKasvatetaan my\u00f6s v\u00e4likasvina. Muodostaa suuren biomassan. Parantaa maan rakennetta ja tukahduttaa rikkakasvit. Syv\u00e4juurinen. Kasvin korkeus 100-150 cm.       <\/p>\n<p><strong>K\u00e4ytt\u00e4j\u00e4n k\u00e4sikirja<\/strong><\/p>\n<p>Auringonkukkien kasvattaminen on helppoa. Se suosii l\u00e4mmint\u00e4 ja aurinkoista paikkaa. Se ei ole vaativa maaper\u00e4n viljavuuden suhteen, sill\u00e4 se kasvaa hyvin sek\u00e4 hiekka- ett\u00e4 savimaalla. Siemenet kylvet\u00e4\u00e4n ruukkuihin huhtikuussa tai suoraan peltoon toukokuussa. Kylv\u00f6m\u00e4\u00e4r\u00e4 100-140 g\/100 m2. Istutustiheys: 8 kasvia\/m2. Kylv\u00f6syvyys: 2-3 cm.      <\/p>\n<div class=\"icon-link icon-link--left font-weight-normal mt-4\">\n<div class=\"woocommerce-product-details__short-description\">\n<div class=\"woocommerce-product-details__short-description\">\n<p>&nbsp;<\/p>\n<\/div>\n<\/div>\n<\/div>\n","protected":false},"excerpt":{"rendered":"<p>Eritt\u00e4in houkutteleva keskikokoinen auringonkukka, jolla on suuret kukat, vihert\u00e4v\u00e4 ydin ja sitruunankeltaiset kukat. Suuren p\u00e4\u00e4kukan lis\u00e4ksi lehtien tyvest\u00e4 kehittyy sivulohkoja, joita kruunaavat pienemm\u00e4t kukat. Kukkii hein\u00e4kuusta syyskuuhun. Siemenet ovat eritt\u00e4in \u00f6ljypitoisia. Kasvatetaan my\u00f6s v\u00e4likasvina. Muodostaa suuren biomassan. Parantaa maan rakennetta ja tukahduttaa rikkakasvit. Syv\u00e4juurinen. Kasvin korkeus 100-150 cm. K\u00e4ytt\u00e4j\u00e4n k\u00e4sikirja Auringonkukkien kasvattaminen on helppoa. Se suosii l\u00e4mmint\u00e4 ja aurinkoista paikkaa. Se ei ole vaativa maaper\u00e4n&#8230;<\/p>\n","protected":false},"featured_media":47580,"template":"","meta":{"_acf_changed":false},"product_brand":[],"product_cat":[1753,1884],"product_tag":[],"class_list":{"0":"post-53031","1":"product","2":"type-product","3":"status-publish","4":"has-post-thumbnail","6":"product_cat-siemenet","7":"product_cat-villielainpuutarhat","8":"product_shipping_class-toimitus-1-3-tyopaivan-kuluessa","9":"pa_variatsioon-puinen-traktori","11":"first","12":"instock","13":"taxable","14":"shipping-taxable","15":"purchasable","16":"product-type-simple"},"acf":[],"yoast_head":"<!-- This site is optimized with the Yoast SEO Premium plugin v27.3 (Yoast SEO v27.3) - https:\/\/yoast.com\/product\/yoast-seo-premium-wordpress\/ -->\n<title>Auringonkukan &quot;Peredovic&quot; siemenet 100g - Rodoaed<\/title>\n<meta name=\"robots\" content=\"index, follow, max-snippet:-1, max-image-preview:large, max-video-preview:-1\" \/>\n<link rel=\"canonical\" href=\"https:\/\/rodoaed.ee\/fi\/tuote\/auringonkukan-peredovic-siemenet-100g\/\" \/>\n<meta property=\"og:locale\" content=\"fi_FI\" \/>\n<meta property=\"og:type\" content=\"article\" \/>\n<meta property=\"og:title\" content=\"Auringonkukan &quot;Peredovic&quot; siemenet 100g\" \/>\n<meta property=\"og:description\" content=\"Eritt\u00e4in houkutteleva keskikokoinen auringonkukka, jolla on suuret kukat, vihert\u00e4v\u00e4 ydin ja sitruunankeltaiset kukat. Suuren p\u00e4\u00e4kukan lis\u00e4ksi lehtien\" \/>\n<meta property=\"og:url\" content=\"https:\/\/rodoaed.ee\/fi\/tuote\/auringonkukan-peredovic-siemenet-100g\/\" \/>\n<meta property=\"og:site_name\" content=\"Rodoaed\" \/>\n<meta property=\"article:publisher\" content=\"https:\/\/www.facebook.com\/kasvuhooned\/\" \/>\n<meta property=\"article:modified_time\" content=\"2026-04-17T07:13:07+00:00\" \/>\n<meta property=\"og:image\" content=\"https:\/\/rodoaed.ee\/wp-content\/uploads\/2024\/05\/paevalille-22Peredovic22-seemned_100g.jpeg\" \/>\n\t<meta property=\"og:image:width\" content=\"686\" \/>\n\t<meta property=\"og:image:height\" content=\"1080\" \/>\n\t<meta property=\"og:image:type\" content=\"image\/jpeg\" \/>\n<meta name=\"twitter:card\" content=\"summary_large_image\" \/>\n<meta name=\"twitter:label1\" content=\"Arvioitu lukuaika\" \/>\n\t<meta name=\"twitter:data1\" content=\"1 minuutti\" \/>\n<script type=\"application\/ld+json\" class=\"yoast-schema-graph\">{\"@context\":\"https:\\\/\\\/schema.org\",\"@graph\":[{\"@type\":\"WebPage\",\"@id\":\"https:\\\/\\\/rodoaed.ee\\\/fi\\\/tuote\\\/auringonkukan-peredovic-siemenet-100g\\\/\",\"url\":\"https:\\\/\\\/rodoaed.ee\\\/fi\\\/tuote\\\/auringonkukan-peredovic-siemenet-100g\\\/\",\"name\":\"Auringonkukan \\\"Peredovic\\\" siemenet 100g - Rodoaed\",\"isPartOf\":{\"@id\":\"https:\\\/\\\/rodoaed.ee\\\/#website\"},\"primaryImageOfPage\":{\"@id\":\"https:\\\/\\\/rodoaed.ee\\\/fi\\\/tuote\\\/auringonkukan-peredovic-siemenet-100g\\\/#primaryimage\"},\"image\":{\"@id\":\"https:\\\/\\\/rodoaed.ee\\\/fi\\\/tuote\\\/auringonkukan-peredovic-siemenet-100g\\\/#primaryimage\"},\"thumbnailUrl\":\"https:\\\/\\\/rodoaed.ee\\\/wp-content\\\/uploads\\\/2024\\\/05\\\/paevalille-22Peredovic22-seemned_100g.jpeg\",\"datePublished\":\"2024-05-01T12:17:38+00:00\",\"dateModified\":\"2026-04-17T07:13:07+00:00\",\"breadcrumb\":{\"@id\":\"https:\\\/\\\/rodoaed.ee\\\/fi\\\/tuote\\\/auringonkukan-peredovic-siemenet-100g\\\/#breadcrumb\"},\"inLanguage\":\"fi\",\"potentialAction\":[{\"@type\":\"ReadAction\",\"target\":[\"https:\\\/\\\/rodoaed.ee\\\/fi\\\/tuote\\\/auringonkukan-peredovic-siemenet-100g\\\/\"]}]},{\"@type\":\"ImageObject\",\"inLanguage\":\"fi\",\"@id\":\"https:\\\/\\\/rodoaed.ee\\\/fi\\\/tuote\\\/auringonkukan-peredovic-siemenet-100g\\\/#primaryimage\",\"url\":\"https:\\\/\\\/rodoaed.ee\\\/wp-content\\\/uploads\\\/2024\\\/05\\\/paevalille-22Peredovic22-seemned_100g.jpeg\",\"contentUrl\":\"https:\\\/\\\/rodoaed.ee\\\/wp-content\\\/uploads\\\/2024\\\/05\\\/paevalille-22Peredovic22-seemned_100g.jpeg\",\"width\":686,\"height\":1080},{\"@type\":\"BreadcrumbList\",\"@id\":\"https:\\\/\\\/rodoaed.ee\\\/fi\\\/tuote\\\/auringonkukan-peredovic-siemenet-100g\\\/#breadcrumb\",\"itemListElement\":[{\"@type\":\"ListItem\",\"position\":1,\"name\":\"Home\",\"item\":\"https:\\\/\\\/rodoaed.ee\\\/fi\\\/\"},{\"@type\":\"ListItem\",\"position\":2,\"name\":\"Osta osoitteessa\",\"item\":\"https:\\\/\\\/rodoaed.ee\\\/osta-osoitteessa\\\/\"},{\"@type\":\"ListItem\",\"position\":3,\"name\":\"Auringonkukan &#8220;Peredovic&#8221; siemenet 100g\"}]},{\"@type\":\"WebSite\",\"@id\":\"https:\\\/\\\/rodoaed.ee\\\/#website\",\"url\":\"https:\\\/\\\/rodoaed.ee\\\/\",\"name\":\"Rodoaed\",\"description\":\"\",\"publisher\":{\"@id\":\"https:\\\/\\\/rodoaed.ee\\\/#organization\"},\"potentialAction\":[{\"@type\":\"SearchAction\",\"target\":{\"@type\":\"EntryPoint\",\"urlTemplate\":\"https:\\\/\\\/rodoaed.ee\\\/?s={search_term_string}\"},\"query-input\":{\"@type\":\"PropertyValueSpecification\",\"valueRequired\":true,\"valueName\":\"search_term_string\"}}],\"inLanguage\":\"fi\"},{\"@type\":\"Organization\",\"@id\":\"https:\\\/\\\/rodoaed.ee\\\/#organization\",\"name\":\"Rodoaed\",\"url\":\"https:\\\/\\\/rodoaed.ee\\\/\",\"logo\":{\"@type\":\"ImageObject\",\"inLanguage\":\"fi\",\"@id\":\"https:\\\/\\\/rodoaed.ee\\\/#\\\/schema\\\/logo\\\/image\\\/\",\"url\":\"https:\\\/\\\/rodoaed.ee\\\/wp-content\\\/uploads\\\/2019\\\/11\\\/rodoaed-logo-ilma-taustata.jpg\",\"contentUrl\":\"https:\\\/\\\/rodoaed.ee\\\/wp-content\\\/uploads\\\/2019\\\/11\\\/rodoaed-logo-ilma-taustata.jpg\",\"width\":769,\"height\":268,\"caption\":\"Rodoaed\"},\"image\":{\"@id\":\"https:\\\/\\\/rodoaed.ee\\\/#\\\/schema\\\/logo\\\/image\\\/\"},\"sameAs\":[\"https:\\\/\\\/www.facebook.com\\\/kasvuhooned\\\/\",\"https:\\\/\\\/rodoaed.ee\"]}]}<\/script>\n<!-- \/ Yoast SEO Premium plugin. -->","yoast_head_json":{"title":"Auringonkukan \"Peredovic\" siemenet 100g - Rodoaed","robots":{"index":"index","follow":"follow","max-snippet":"max-snippet:-1","max-image-preview":"max-image-preview:large","max-video-preview":"max-video-preview:-1"},"canonical":"https:\/\/rodoaed.ee\/fi\/tuote\/auringonkukan-peredovic-siemenet-100g\/","og_locale":"fi_FI","og_type":"article","og_title":"Auringonkukan \"Peredovic\" siemenet 100g","og_description":"Eritt\u00e4in houkutteleva keskikokoinen auringonkukka, jolla on suuret kukat, vihert\u00e4v\u00e4 ydin ja sitruunankeltaiset kukat. Suuren p\u00e4\u00e4kukan lis\u00e4ksi lehtien","og_url":"https:\/\/rodoaed.ee\/fi\/tuote\/auringonkukan-peredovic-siemenet-100g\/","og_site_name":"Rodoaed","article_publisher":"https:\/\/www.facebook.com\/kasvuhooned\/","article_modified_time":"2026-04-17T07:13:07+00:00","og_image":[{"width":686,"height":1080,"url":"https:\/\/rodoaed.ee\/wp-content\/uploads\/2024\/05\/paevalille-22Peredovic22-seemned_100g.jpeg","type":"image\/jpeg"}],"twitter_card":"summary_large_image","twitter_misc":{"Arvioitu lukuaika":"1 minuutti"},"schema":{"@context":"https:\/\/schema.org","@graph":[{"@type":"WebPage","@id":"https:\/\/rodoaed.ee\/fi\/tuote\/auringonkukan-peredovic-siemenet-100g\/","url":"https:\/\/rodoaed.ee\/fi\/tuote\/auringonkukan-peredovic-siemenet-100g\/","name":"Auringonkukan \"Peredovic\" siemenet 100g - Rodoaed","isPartOf":{"@id":"https:\/\/rodoaed.ee\/#website"},"primaryImageOfPage":{"@id":"https:\/\/rodoaed.ee\/fi\/tuote\/auringonkukan-peredovic-siemenet-100g\/#primaryimage"},"image":{"@id":"https:\/\/rodoaed.ee\/fi\/tuote\/auringonkukan-peredovic-siemenet-100g\/#primaryimage"},"thumbnailUrl":"https:\/\/rodoaed.ee\/wp-content\/uploads\/2024\/05\/paevalille-22Peredovic22-seemned_100g.jpeg","datePublished":"2024-05-01T12:17:38+00:00","dateModified":"2026-04-17T07:13:07+00:00","breadcrumb":{"@id":"https:\/\/rodoaed.ee\/fi\/tuote\/auringonkukan-peredovic-siemenet-100g\/#breadcrumb"},"inLanguage":"fi","potentialAction":[{"@type":"ReadAction","target":["https:\/\/rodoaed.ee\/fi\/tuote\/auringonkukan-peredovic-siemenet-100g\/"]}]},{"@type":"ImageObject","inLanguage":"fi","@id":"https:\/\/rodoaed.ee\/fi\/tuote\/auringonkukan-peredovic-siemenet-100g\/#primaryimage","url":"https:\/\/rodoaed.ee\/wp-content\/uploads\/2024\/05\/paevalille-22Peredovic22-seemned_100g.jpeg","contentUrl":"https:\/\/rodoaed.ee\/wp-content\/uploads\/2024\/05\/paevalille-22Peredovic22-seemned_100g.jpeg","width":686,"height":1080},{"@type":"BreadcrumbList","@id":"https:\/\/rodoaed.ee\/fi\/tuote\/auringonkukan-peredovic-siemenet-100g\/#breadcrumb","itemListElement":[{"@type":"ListItem","position":1,"name":"Home","item":"https:\/\/rodoaed.ee\/fi\/"},{"@type":"ListItem","position":2,"name":"Osta osoitteessa","item":"https:\/\/rodoaed.ee\/osta-osoitteessa\/"},{"@type":"ListItem","position":3,"name":"Auringonkukan &#8220;Peredovic&#8221; siemenet 100g"}]},{"@type":"WebSite","@id":"https:\/\/rodoaed.ee\/#website","url":"https:\/\/rodoaed.ee\/","name":"Rodoaed","description":"","publisher":{"@id":"https:\/\/rodoaed.ee\/#organization"},"potentialAction":[{"@type":"SearchAction","target":{"@type":"EntryPoint","urlTemplate":"https:\/\/rodoaed.ee\/?s={search_term_string}"},"query-input":{"@type":"PropertyValueSpecification","valueRequired":true,"valueName":"search_term_string"}}],"inLanguage":"fi"},{"@type":"Organization","@id":"https:\/\/rodoaed.ee\/#organization","name":"Rodoaed","url":"https:\/\/rodoaed.ee\/","logo":{"@type":"ImageObject","inLanguage":"fi","@id":"https:\/\/rodoaed.ee\/#\/schema\/logo\/image\/","url":"https:\/\/rodoaed.ee\/wp-content\/uploads\/2019\/11\/rodoaed-logo-ilma-taustata.jpg","contentUrl":"https:\/\/rodoaed.ee\/wp-content\/uploads\/2019\/11\/rodoaed-logo-ilma-taustata.jpg","width":769,"height":268,"caption":"Rodoaed"},"image":{"@id":"https:\/\/rodoaed.ee\/#\/schema\/logo\/image\/"},"sameAs":["https:\/\/www.facebook.com\/kasvuhooned\/","https:\/\/rodoaed.ee"]}]}},"_links":{"self":[{"href":"https:\/\/rodoaed.ee\/fi\/wp-json\/wp\/v2\/product\/53031","targetHints":{"allow":["GET"]}}],"collection":[{"href":"https:\/\/rodoaed.ee\/fi\/wp-json\/wp\/v2\/product"}],"about":[{"href":"https:\/\/rodoaed.ee\/fi\/wp-json\/wp\/v2\/types\/product"}],"wp:featuredmedia":[{"embeddable":true,"href":"https:\/\/rodoaed.ee\/fi\/wp-json\/wp\/v2\/media\/47580"}],"wp:attachment":[{"href":"https:\/\/rodoaed.ee\/fi\/wp-json\/wp\/v2\/media?parent=53031"}],"wp:term":[{"taxonomy":"product_brand","embeddable":true,"href":"https:\/\/rodoaed.ee\/fi\/wp-json\/wp\/v2\/product_brand?post=53031"},{"taxonomy":"product_cat","embeddable":true,"href":"https:\/\/rodoaed.ee\/fi\/wp-json\/wp\/v2\/product_cat?post=53031"},{"taxonomy":"product_tag","embeddable":true,"href":"https:\/\/rodoaed.ee\/fi\/wp-json\/wp\/v2\/product_tag?post=53031"}],"curies":[{"name":"wp","href":"https:\/\/api.w.org\/{rel}","templated":true}]}}