{"id":53032,"date":"2024-05-01T10:07:53","date_gmt":"2024-05-01T07:07:53","guid":{"rendered":"https:\/\/rodoaed.ee\/toode\/puutarharuoho-valkoapilalla-1kg\/"},"modified":"2026-04-17T10:12:55","modified_gmt":"2026-04-17T07:12:55","slug":"puutarharuoho-valkoapilalla-1kg","status":"publish","type":"product","link":"https:\/\/rodoaed.ee\/fi\/tuote\/puutarharuoho-valkoapilalla-1kg\/","title":{"rendered":"Puutarharuoho valkoapilalla 1kg"},"content":{"rendered":"<p>Kotipuutarhan ruoho valkoapilalla on siemenseos nurmikon rakentamiseen. Se on ymp\u00e4rist\u00f6yst\u00e4v\u00e4llinen, vaatii vain v\u00e4h\u00e4n kastelua ja lannoitusta ja on helppo asentaa. Siemenseos sis\u00e4lt\u00e4\u00e4 valkoapilaa, joka itse lannoittaa nurmikkoa sitomalla ilmakeh\u00e4n typpe\u00e4. Ihanteellinen kotipuutarhoihin, puistoihin ja leikkikentille.   <\/p>\n<p><strong>K\u00e4ytt\u00e4j\u00e4n k\u00e4sikirja<\/strong><\/p>\n<p>RUOHOA KYLVETT\u00c4ESS\u00c4. Jaa siemenet kahteen yht\u00e4 suureen osaan. Kylv\u00e4 siemenet tasaisesti maan pinnalle ristikk\u00e4iskylv\u00f6koneen avulla. Ennen kylv\u00f6\u00e4 haravoi nurmikko tukevasti. Kylv\u00f6n j\u00e4lkeen pinta tiivistet\u00e4\u00e4n kevyesti. Kastele it\u00e4misen aikana (noin 3 viikkoa), jotta kasvava ruoho ei kuivuisi. HUOLTO. Leikkaa ensimm\u00e4isen kerran, kun nurmikko on 8-10 cm korkea. Sen j\u00e4lkeen leikkaa kerran viikossa (keskim\u00e4\u00e4r\u00e4inen korkeus 3,5 cm). Lannoita kasvava nurmikko kev\u00e4\u00e4ll\u00e4 4 kg\/100 m\u00b2 kev\u00e4tlannoitteella. Nurmikkolannoite, jossa on sammalenpoistoaine, auttaa p\u00e4\u00e4sem\u00e4\u00e4n eroon nurmikolla kasvavasta sammalesta. T\u00e4yt\u00e4 nurmikon mahdolliset aukot mullalla ja kylv\u00e4 p\u00e4\u00e4lle uusi nurmikon siemen. Lannoita nurmikko kes\u00e4ll\u00e4 kerran 4 kg\/100 m\u00b2 pitk\u00e4vaikutteisella pysyv\u00e4ll\u00e4 nurmikkolannoitteella. Levit\u00e4 syksyll\u00e4 elo-syyskuussa syyslannoitetta 4 kg\/100 m\u00b2 nurmikon talvenkest\u00e4vyyden lis\u00e4\u00e4miseksi. 1 kg = 50 m\u00b2.              <\/p>\n<p><a href=\"https:\/\/rodoaed.ee\/fi\/\">kotisivu<\/a> <a href=\"https:\/\/rodoaed.ee\/tootekategooria\/aed-ja-hoov\/\">k\u00e4ynnist\u00e4<\/a>  <a href=\"https:\/\/rodoaed.ee\/tootekategooria\/aed-ja-hoov\/seemned\/\">siemenet<\/a>  <a href=\"https:\/\/rodoaed.ee\/tootekategooria\/aed-ja-hoov\/seemned\/muruseemned\/\">nurmikon siemenet<\/a><\/p>\n<p>&nbsp;<\/p>\n","protected":false},"excerpt":{"rendered":"<p>Kotipuutarhan ruoho valkoapilalla on siemenseos nurmikon rakentamiseen. Se on ymp\u00e4rist\u00f6yst\u00e4v\u00e4llinen, vaatii vain v\u00e4h\u00e4n kastelua ja lannoitusta ja on helppo asentaa. Siemenseos sis\u00e4lt\u00e4\u00e4 valkoapilaa, joka itse lannoittaa nurmikkoa sitomalla ilmakeh\u00e4n typpe\u00e4. Ihanteellinen kotipuutarhoihin, puistoihin ja leikkikentille. K\u00e4ytt\u00e4j\u00e4n k\u00e4sikirja RUOHOA KYLVETT\u00c4ESS\u00c4. Jaa siemenet kahteen yht\u00e4 suureen osaan. Kylv\u00e4 siemenet tasaisesti maan pinnalle ristikk\u00e4iskylv\u00f6koneen avulla. Ennen kylv\u00f6\u00e4 haravoi nurmikko tukevasti. Kylv\u00f6n j\u00e4lkeen pinta tiivistet\u00e4\u00e4n kevyesti. Kastele it\u00e4misen aikana&#8230;<\/p>\n","protected":false},"featured_media":47546,"template":"","meta":{"_acf_changed":false},"product_brand":[],"product_cat":[1994,1753],"product_tag":[],"class_list":{"0":"post-53032","1":"product","2":"type-product","3":"status-publish","4":"has-post-thumbnail","6":"product_cat-karhunvatukan-siemenet","7":"product_cat-siemenet","8":"product_shipping_class-toimitus-1-3-tyopaivan-kuluessa","9":"pa_variatsioon-puinen-traktori","11":"first","12":"onbackorder","13":"taxable","14":"shipping-taxable","15":"purchasable","16":"product-type-simple"},"acf":[],"yoast_head":"<!-- This site is optimized with the Yoast SEO Premium plugin v27.3 (Yoast SEO v27.3) - https:\/\/yoast.com\/product\/yoast-seo-premium-wordpress\/ -->\n<title>Puutarharuoho valkoapilalla 1kg - Rodoaed<\/title>\n<meta name=\"robots\" content=\"index, follow, max-snippet:-1, max-image-preview:large, max-video-preview:-1\" \/>\n<link rel=\"canonical\" href=\"https:\/\/rodoaed.ee\/fi\/tuote\/puutarharuoho-valkoapilalla-1kg\/\" \/>\n<meta property=\"og:locale\" content=\"fi_FI\" \/>\n<meta property=\"og:type\" content=\"article\" \/>\n<meta property=\"og:title\" content=\"Puutarharuoho valkoapilalla 1kg\" \/>\n<meta property=\"og:description\" content=\"Kotipuutarhan ruoho valkoapilalla on siemenseos nurmikon rakentamiseen. Se on ymp\u00e4rist\u00f6yst\u00e4v\u00e4llinen, vaatii vain v\u00e4h\u00e4n kastelua ja lannoitusta ja on\" \/>\n<meta property=\"og:url\" content=\"https:\/\/rodoaed.ee\/fi\/tuote\/puutarharuoho-valkoapilalla-1kg\/\" \/>\n<meta property=\"og:site_name\" content=\"Rodoaed\" \/>\n<meta property=\"article:publisher\" content=\"https:\/\/www.facebook.com\/kasvuhooned\/\" \/>\n<meta property=\"article:modified_time\" content=\"2026-04-17T07:12:55+00:00\" \/>\n<meta property=\"og:image\" content=\"https:\/\/rodoaed.ee\/wp-content\/uploads\/2024\/05\/koduaiamuru-valge-ristikuga_1kg.jpeg\" \/>\n\t<meta property=\"og:image:width\" content=\"719\" \/>\n\t<meta property=\"og:image:height\" content=\"1080\" \/>\n\t<meta property=\"og:image:type\" content=\"image\/jpeg\" \/>\n<meta name=\"twitter:card\" content=\"summary_large_image\" \/>\n<meta name=\"twitter:label1\" content=\"Arvioitu lukuaika\" \/>\n\t<meta name=\"twitter:data1\" content=\"1 minuutti\" \/>\n<script type=\"application\/ld+json\" class=\"yoast-schema-graph\">{\"@context\":\"https:\\\/\\\/schema.org\",\"@graph\":[{\"@type\":\"WebPage\",\"@id\":\"https:\\\/\\\/rodoaed.ee\\\/fi\\\/tuote\\\/puutarharuoho-valkoapilalla-1kg\\\/\",\"url\":\"https:\\\/\\\/rodoaed.ee\\\/fi\\\/tuote\\\/puutarharuoho-valkoapilalla-1kg\\\/\",\"name\":\"Puutarharuoho valkoapilalla 1kg - Rodoaed\",\"isPartOf\":{\"@id\":\"https:\\\/\\\/rodoaed.ee\\\/#website\"},\"primaryImageOfPage\":{\"@id\":\"https:\\\/\\\/rodoaed.ee\\\/fi\\\/tuote\\\/puutarharuoho-valkoapilalla-1kg\\\/#primaryimage\"},\"image\":{\"@id\":\"https:\\\/\\\/rodoaed.ee\\\/fi\\\/tuote\\\/puutarharuoho-valkoapilalla-1kg\\\/#primaryimage\"},\"thumbnailUrl\":\"https:\\\/\\\/rodoaed.ee\\\/wp-content\\\/uploads\\\/2024\\\/05\\\/koduaiamuru-valge-ristikuga_1kg.jpeg\",\"datePublished\":\"2024-05-01T07:07:53+00:00\",\"dateModified\":\"2026-04-17T07:12:55+00:00\",\"breadcrumb\":{\"@id\":\"https:\\\/\\\/rodoaed.ee\\\/fi\\\/tuote\\\/puutarharuoho-valkoapilalla-1kg\\\/#breadcrumb\"},\"inLanguage\":\"fi\",\"potentialAction\":[{\"@type\":\"ReadAction\",\"target\":[\"https:\\\/\\\/rodoaed.ee\\\/fi\\\/tuote\\\/puutarharuoho-valkoapilalla-1kg\\\/\"]}]},{\"@type\":\"ImageObject\",\"inLanguage\":\"fi\",\"@id\":\"https:\\\/\\\/rodoaed.ee\\\/fi\\\/tuote\\\/puutarharuoho-valkoapilalla-1kg\\\/#primaryimage\",\"url\":\"https:\\\/\\\/rodoaed.ee\\\/wp-content\\\/uploads\\\/2024\\\/05\\\/koduaiamuru-valge-ristikuga_1kg.jpeg\",\"contentUrl\":\"https:\\\/\\\/rodoaed.ee\\\/wp-content\\\/uploads\\\/2024\\\/05\\\/koduaiamuru-valge-ristikuga_1kg.jpeg\",\"width\":719,\"height\":1080},{\"@type\":\"BreadcrumbList\",\"@id\":\"https:\\\/\\\/rodoaed.ee\\\/fi\\\/tuote\\\/puutarharuoho-valkoapilalla-1kg\\\/#breadcrumb\",\"itemListElement\":[{\"@type\":\"ListItem\",\"position\":1,\"name\":\"Home\",\"item\":\"https:\\\/\\\/rodoaed.ee\\\/fi\\\/\"},{\"@type\":\"ListItem\",\"position\":2,\"name\":\"Osta osoitteessa\",\"item\":\"https:\\\/\\\/rodoaed.ee\\\/osta-osoitteessa\\\/\"},{\"@type\":\"ListItem\",\"position\":3,\"name\":\"Puutarharuoho valkoapilalla 1kg\"}]},{\"@type\":\"WebSite\",\"@id\":\"https:\\\/\\\/rodoaed.ee\\\/#website\",\"url\":\"https:\\\/\\\/rodoaed.ee\\\/\",\"name\":\"Rodoaed\",\"description\":\"\",\"publisher\":{\"@id\":\"https:\\\/\\\/rodoaed.ee\\\/#organization\"},\"potentialAction\":[{\"@type\":\"SearchAction\",\"target\":{\"@type\":\"EntryPoint\",\"urlTemplate\":\"https:\\\/\\\/rodoaed.ee\\\/?s={search_term_string}\"},\"query-input\":{\"@type\":\"PropertyValueSpecification\",\"valueRequired\":true,\"valueName\":\"search_term_string\"}}],\"inLanguage\":\"fi\"},{\"@type\":\"Organization\",\"@id\":\"https:\\\/\\\/rodoaed.ee\\\/#organization\",\"name\":\"Rodoaed\",\"url\":\"https:\\\/\\\/rodoaed.ee\\\/\",\"logo\":{\"@type\":\"ImageObject\",\"inLanguage\":\"fi\",\"@id\":\"https:\\\/\\\/rodoaed.ee\\\/#\\\/schema\\\/logo\\\/image\\\/\",\"url\":\"https:\\\/\\\/rodoaed.ee\\\/wp-content\\\/uploads\\\/2019\\\/11\\\/rodoaed-logo-ilma-taustata.jpg\",\"contentUrl\":\"https:\\\/\\\/rodoaed.ee\\\/wp-content\\\/uploads\\\/2019\\\/11\\\/rodoaed-logo-ilma-taustata.jpg\",\"width\":769,\"height\":268,\"caption\":\"Rodoaed\"},\"image\":{\"@id\":\"https:\\\/\\\/rodoaed.ee\\\/#\\\/schema\\\/logo\\\/image\\\/\"},\"sameAs\":[\"https:\\\/\\\/www.facebook.com\\\/kasvuhooned\\\/\",\"https:\\\/\\\/rodoaed.ee\"]}]}<\/script>\n<!-- \/ Yoast SEO Premium plugin. -->","yoast_head_json":{"title":"Puutarharuoho valkoapilalla 1kg - Rodoaed","robots":{"index":"index","follow":"follow","max-snippet":"max-snippet:-1","max-image-preview":"max-image-preview:large","max-video-preview":"max-video-preview:-1"},"canonical":"https:\/\/rodoaed.ee\/fi\/tuote\/puutarharuoho-valkoapilalla-1kg\/","og_locale":"fi_FI","og_type":"article","og_title":"Puutarharuoho valkoapilalla 1kg","og_description":"Kotipuutarhan ruoho valkoapilalla on siemenseos nurmikon rakentamiseen. Se on ymp\u00e4rist\u00f6yst\u00e4v\u00e4llinen, vaatii vain v\u00e4h\u00e4n kastelua ja lannoitusta ja on","og_url":"https:\/\/rodoaed.ee\/fi\/tuote\/puutarharuoho-valkoapilalla-1kg\/","og_site_name":"Rodoaed","article_publisher":"https:\/\/www.facebook.com\/kasvuhooned\/","article_modified_time":"2026-04-17T07:12:55+00:00","og_image":[{"width":719,"height":1080,"url":"https:\/\/rodoaed.ee\/wp-content\/uploads\/2024\/05\/koduaiamuru-valge-ristikuga_1kg.jpeg","type":"image\/jpeg"}],"twitter_card":"summary_large_image","twitter_misc":{"Arvioitu lukuaika":"1 minuutti"},"schema":{"@context":"https:\/\/schema.org","@graph":[{"@type":"WebPage","@id":"https:\/\/rodoaed.ee\/fi\/tuote\/puutarharuoho-valkoapilalla-1kg\/","url":"https:\/\/rodoaed.ee\/fi\/tuote\/puutarharuoho-valkoapilalla-1kg\/","name":"Puutarharuoho valkoapilalla 1kg - Rodoaed","isPartOf":{"@id":"https:\/\/rodoaed.ee\/#website"},"primaryImageOfPage":{"@id":"https:\/\/rodoaed.ee\/fi\/tuote\/puutarharuoho-valkoapilalla-1kg\/#primaryimage"},"image":{"@id":"https:\/\/rodoaed.ee\/fi\/tuote\/puutarharuoho-valkoapilalla-1kg\/#primaryimage"},"thumbnailUrl":"https:\/\/rodoaed.ee\/wp-content\/uploads\/2024\/05\/koduaiamuru-valge-ristikuga_1kg.jpeg","datePublished":"2024-05-01T07:07:53+00:00","dateModified":"2026-04-17T07:12:55+00:00","breadcrumb":{"@id":"https:\/\/rodoaed.ee\/fi\/tuote\/puutarharuoho-valkoapilalla-1kg\/#breadcrumb"},"inLanguage":"fi","potentialAction":[{"@type":"ReadAction","target":["https:\/\/rodoaed.ee\/fi\/tuote\/puutarharuoho-valkoapilalla-1kg\/"]}]},{"@type":"ImageObject","inLanguage":"fi","@id":"https:\/\/rodoaed.ee\/fi\/tuote\/puutarharuoho-valkoapilalla-1kg\/#primaryimage","url":"https:\/\/rodoaed.ee\/wp-content\/uploads\/2024\/05\/koduaiamuru-valge-ristikuga_1kg.jpeg","contentUrl":"https:\/\/rodoaed.ee\/wp-content\/uploads\/2024\/05\/koduaiamuru-valge-ristikuga_1kg.jpeg","width":719,"height":1080},{"@type":"BreadcrumbList","@id":"https:\/\/rodoaed.ee\/fi\/tuote\/puutarharuoho-valkoapilalla-1kg\/#breadcrumb","itemListElement":[{"@type":"ListItem","position":1,"name":"Home","item":"https:\/\/rodoaed.ee\/fi\/"},{"@type":"ListItem","position":2,"name":"Osta osoitteessa","item":"https:\/\/rodoaed.ee\/osta-osoitteessa\/"},{"@type":"ListItem","position":3,"name":"Puutarharuoho valkoapilalla 1kg"}]},{"@type":"WebSite","@id":"https:\/\/rodoaed.ee\/#website","url":"https:\/\/rodoaed.ee\/","name":"Rodoaed","description":"","publisher":{"@id":"https:\/\/rodoaed.ee\/#organization"},"potentialAction":[{"@type":"SearchAction","target":{"@type":"EntryPoint","urlTemplate":"https:\/\/rodoaed.ee\/?s={search_term_string}"},"query-input":{"@type":"PropertyValueSpecification","valueRequired":true,"valueName":"search_term_string"}}],"inLanguage":"fi"},{"@type":"Organization","@id":"https:\/\/rodoaed.ee\/#organization","name":"Rodoaed","url":"https:\/\/rodoaed.ee\/","logo":{"@type":"ImageObject","inLanguage":"fi","@id":"https:\/\/rodoaed.ee\/#\/schema\/logo\/image\/","url":"https:\/\/rodoaed.ee\/wp-content\/uploads\/2019\/11\/rodoaed-logo-ilma-taustata.jpg","contentUrl":"https:\/\/rodoaed.ee\/wp-content\/uploads\/2019\/11\/rodoaed-logo-ilma-taustata.jpg","width":769,"height":268,"caption":"Rodoaed"},"image":{"@id":"https:\/\/rodoaed.ee\/#\/schema\/logo\/image\/"},"sameAs":["https:\/\/www.facebook.com\/kasvuhooned\/","https:\/\/rodoaed.ee"]}]}},"_links":{"self":[{"href":"https:\/\/rodoaed.ee\/fi\/wp-json\/wp\/v2\/product\/53032","targetHints":{"allow":["GET"]}}],"collection":[{"href":"https:\/\/rodoaed.ee\/fi\/wp-json\/wp\/v2\/product"}],"about":[{"href":"https:\/\/rodoaed.ee\/fi\/wp-json\/wp\/v2\/types\/product"}],"wp:featuredmedia":[{"embeddable":true,"href":"https:\/\/rodoaed.ee\/fi\/wp-json\/wp\/v2\/media\/47546"}],"wp:attachment":[{"href":"https:\/\/rodoaed.ee\/fi\/wp-json\/wp\/v2\/media?parent=53032"}],"wp:term":[{"taxonomy":"product_brand","embeddable":true,"href":"https:\/\/rodoaed.ee\/fi\/wp-json\/wp\/v2\/product_brand?post=53032"},{"taxonomy":"product_cat","embeddable":true,"href":"https:\/\/rodoaed.ee\/fi\/wp-json\/wp\/v2\/product_cat?post=53032"},{"taxonomy":"product_tag","embeddable":true,"href":"https:\/\/rodoaed.ee\/fi\/wp-json\/wp\/v2\/product_tag?post=53032"}],"curies":[{"name":"wp","href":"https:\/\/api.w.org\/{rel}","templated":true}]}}