{"id":53035,"date":"2024-05-01T10:18:13","date_gmt":"2024-05-01T07:18:13","guid":{"rendered":"https:\/\/rodoaed.ee\/toode\/kissanmurut-140g-luomu\/"},"modified":"2026-04-17T10:13:00","modified_gmt":"2026-04-17T07:13:00","slug":"kissanmurut-140g-luomu","status":"publish","type":"product","link":"https:\/\/rodoaed.ee\/fi\/tuote\/kissanmurut-140g-luomu\/","title":{"rendered":"Kissanmurut 140g Luomu"},"content":{"rendered":"<p>Auttaa karvapallojen irtoamisessa.<br \/>\nAuttaa hyv\u00e4\u00e4 ruoansulatusta.<br \/>\nPehmeit\u00e4 ituja sis\u00e4lt\u00e4v\u00e4n kissan kuivikkeen sy\u00f6minen auttaa kissoja irtoamaan karvapalloista ja on hyv\u00e4ksi niiden ruoansulatukselle. Lis\u00e4ksi se v\u00e4hent\u00e4\u00e4 riski\u00e4 pureskella myrkyllisi\u00e4 huonekasveja kotikissoilla tai kemiallisesti k\u00e4siteltyj\u00e4 kasveja ulkokissoilla. Jauhettu ohra.  <\/p>\n<p><strong>K\u00e4ytt\u00e4j\u00e4n k\u00e4sikirja<\/strong><\/p>\n<p>Kylv\u00e4 siemenet tasaiseksi kerrokseksi ruukkuun ikkunalaudalle, parvekkeelle tai terassille. Peit\u00e4 siemenet ohuella kerroksella multaa ja kastele ruukku niin, ett\u00e4 multa on riitt\u00e4v\u00e4n kosteaa. Peit\u00e4 ruukku muovikelmulla ja aseta se l\u00e4mpim\u00e4\u00e4n, pime\u00e4\u00e4n paikkaan. Kun siemenet ovat it\u00e4neet, siirr\u00e4 ruukku valoon ja anna siementen kasvaa noin 7 cm korkeiksi, jolloin nurmikko on valmis kissojen sy\u00f6t\u00e4v\u00e4ksi. Siemeni\u00e4 voi my\u00f6s liottaa vedess\u00e4 12 tuntia ennen ruukkuun kylv\u00e4mist\u00e4, jolloin kasvin it\u00e4minen nopeutuu.    <\/p>\n<p><a href=\"https:\/\/rodoaed.ee\/fi\/\">kotisivu<\/a> <a href=\"https:\/\/rodoaed.ee\/tootekategooria\/aed-ja-hoov\/\">k\u00e4ynnist\u00e4<\/a>  <a href=\"https:\/\/rodoaed.ee\/tootekategooria\/aed-ja-hoov\/seemned\/\">siemenet<\/a>  <a href=\"https:\/\/rodoaed.ee\/tootekategooria\/aed-ja-hoov\/seemned\/muruseemned\/\">nurmikon siemenet<\/a><\/p>\n<p>&nbsp;<\/p>\n","protected":false},"excerpt":{"rendered":"<p>Auttaa karvapallojen irtoamisessa. Auttaa hyv\u00e4\u00e4 ruoansulatusta. Pehmeit\u00e4 ituja sis\u00e4lt\u00e4v\u00e4n kissan kuivikkeen sy\u00f6minen auttaa kissoja irtoamaan karvapalloista ja on hyv\u00e4ksi niiden ruoansulatukselle. Lis\u00e4ksi se v\u00e4hent\u00e4\u00e4 riski\u00e4 pureskella myrkyllisi\u00e4 huonekasveja kotikissoilla tai kemiallisesti k\u00e4siteltyj\u00e4 kasveja ulkokissoilla. Jauhettu ohra. K\u00e4ytt\u00e4j\u00e4n k\u00e4sikirja Kylv\u00e4 siemenet tasaiseksi kerrokseksi ruukkuun ikkunalaudalle, parvekkeelle tai terassille. Peit\u00e4 siemenet ohuella kerroksella multaa ja kastele ruukku niin, ett\u00e4 multa on riitt\u00e4v\u00e4n kosteaa. Peit\u00e4 ruukku muovikelmulla ja&#8230;<\/p>\n","protected":false},"featured_media":47558,"template":"","meta":{"_acf_changed":false},"product_brand":[],"product_cat":[1994,1753],"product_tag":[],"class_list":{"0":"post-53035","1":"product","2":"type-product","3":"status-publish","4":"has-post-thumbnail","6":"product_cat-karhunvatukan-siemenet","7":"product_cat-siemenet","8":"product_shipping_class-toimitus-1-3-tyopaivan-kuluessa","9":"pa_variatsioon-puinen-traktori","11":"first","12":"instock","13":"taxable","14":"shipping-taxable","15":"purchasable","16":"product-type-simple"},"acf":[],"yoast_head":"<!-- This site is optimized with the Yoast SEO Premium plugin v27.3 (Yoast SEO v27.3) - https:\/\/yoast.com\/product\/yoast-seo-premium-wordpress\/ -->\n<title>Kissanmurut 140g Luomu - Rodoaed<\/title>\n<meta name=\"robots\" content=\"index, follow, max-snippet:-1, max-image-preview:large, max-video-preview:-1\" \/>\n<link rel=\"canonical\" href=\"https:\/\/rodoaed.ee\/fi\/tuote\/kissanmurut-140g-luomu\/\" \/>\n<meta property=\"og:locale\" content=\"fi_FI\" \/>\n<meta property=\"og:type\" content=\"article\" \/>\n<meta property=\"og:title\" content=\"Kissanmurut 140g Luomu\" \/>\n<meta property=\"og:description\" content=\"Auttaa karvapallojen irtoamisessa. Auttaa hyv\u00e4\u00e4 ruoansulatusta. Pehmeit\u00e4 ituja sis\u00e4lt\u00e4v\u00e4n kissan kuivikkeen sy\u00f6minen auttaa kissoja irtoamaan\" \/>\n<meta property=\"og:url\" content=\"https:\/\/rodoaed.ee\/fi\/tuote\/kissanmurut-140g-luomu\/\" \/>\n<meta property=\"og:site_name\" content=\"Rodoaed\" \/>\n<meta property=\"article:publisher\" content=\"https:\/\/www.facebook.com\/kasvuhooned\/\" \/>\n<meta property=\"article:modified_time\" content=\"2026-04-17T07:13:00+00:00\" \/>\n<meta property=\"og:image\" content=\"https:\/\/rodoaed.ee\/wp-content\/uploads\/2024\/05\/Kassimuru_140g.jpeg\" \/>\n\t<meta property=\"og:image:width\" content=\"679\" \/>\n\t<meta property=\"og:image:height\" content=\"1080\" \/>\n\t<meta property=\"og:image:type\" content=\"image\/jpeg\" \/>\n<meta name=\"twitter:card\" content=\"summary_large_image\" \/>\n<meta name=\"twitter:label1\" content=\"Arvioitu lukuaika\" \/>\n\t<meta name=\"twitter:data1\" content=\"1 minuutti\" \/>\n<script type=\"application\/ld+json\" class=\"yoast-schema-graph\">{\"@context\":\"https:\\\/\\\/schema.org\",\"@graph\":[{\"@type\":\"WebPage\",\"@id\":\"https:\\\/\\\/rodoaed.ee\\\/fi\\\/tuote\\\/kissanmurut-140g-luomu\\\/\",\"url\":\"https:\\\/\\\/rodoaed.ee\\\/fi\\\/tuote\\\/kissanmurut-140g-luomu\\\/\",\"name\":\"Kissanmurut 140g Luomu - Rodoaed\",\"isPartOf\":{\"@id\":\"https:\\\/\\\/rodoaed.ee\\\/#website\"},\"primaryImageOfPage\":{\"@id\":\"https:\\\/\\\/rodoaed.ee\\\/fi\\\/tuote\\\/kissanmurut-140g-luomu\\\/#primaryimage\"},\"image\":{\"@id\":\"https:\\\/\\\/rodoaed.ee\\\/fi\\\/tuote\\\/kissanmurut-140g-luomu\\\/#primaryimage\"},\"thumbnailUrl\":\"https:\\\/\\\/rodoaed.ee\\\/wp-content\\\/uploads\\\/2024\\\/05\\\/Kassimuru_140g.jpeg\",\"datePublished\":\"2024-05-01T07:18:13+00:00\",\"dateModified\":\"2026-04-17T07:13:00+00:00\",\"breadcrumb\":{\"@id\":\"https:\\\/\\\/rodoaed.ee\\\/fi\\\/tuote\\\/kissanmurut-140g-luomu\\\/#breadcrumb\"},\"inLanguage\":\"fi\",\"potentialAction\":[{\"@type\":\"ReadAction\",\"target\":[\"https:\\\/\\\/rodoaed.ee\\\/fi\\\/tuote\\\/kissanmurut-140g-luomu\\\/\"]}]},{\"@type\":\"ImageObject\",\"inLanguage\":\"fi\",\"@id\":\"https:\\\/\\\/rodoaed.ee\\\/fi\\\/tuote\\\/kissanmurut-140g-luomu\\\/#primaryimage\",\"url\":\"https:\\\/\\\/rodoaed.ee\\\/wp-content\\\/uploads\\\/2024\\\/05\\\/Kassimuru_140g.jpeg\",\"contentUrl\":\"https:\\\/\\\/rodoaed.ee\\\/wp-content\\\/uploads\\\/2024\\\/05\\\/Kassimuru_140g.jpeg\",\"width\":679,\"height\":1080},{\"@type\":\"BreadcrumbList\",\"@id\":\"https:\\\/\\\/rodoaed.ee\\\/fi\\\/tuote\\\/kissanmurut-140g-luomu\\\/#breadcrumb\",\"itemListElement\":[{\"@type\":\"ListItem\",\"position\":1,\"name\":\"Home\",\"item\":\"https:\\\/\\\/rodoaed.ee\\\/fi\\\/\"},{\"@type\":\"ListItem\",\"position\":2,\"name\":\"Osta osoitteessa\",\"item\":\"https:\\\/\\\/rodoaed.ee\\\/osta-osoitteessa\\\/\"},{\"@type\":\"ListItem\",\"position\":3,\"name\":\"Kissanmurut 140g Luomu\"}]},{\"@type\":\"WebSite\",\"@id\":\"https:\\\/\\\/rodoaed.ee\\\/#website\",\"url\":\"https:\\\/\\\/rodoaed.ee\\\/\",\"name\":\"Rodoaed\",\"description\":\"\",\"publisher\":{\"@id\":\"https:\\\/\\\/rodoaed.ee\\\/#organization\"},\"potentialAction\":[{\"@type\":\"SearchAction\",\"target\":{\"@type\":\"EntryPoint\",\"urlTemplate\":\"https:\\\/\\\/rodoaed.ee\\\/?s={search_term_string}\"},\"query-input\":{\"@type\":\"PropertyValueSpecification\",\"valueRequired\":true,\"valueName\":\"search_term_string\"}}],\"inLanguage\":\"fi\"},{\"@type\":\"Organization\",\"@id\":\"https:\\\/\\\/rodoaed.ee\\\/#organization\",\"name\":\"Rodoaed\",\"url\":\"https:\\\/\\\/rodoaed.ee\\\/\",\"logo\":{\"@type\":\"ImageObject\",\"inLanguage\":\"fi\",\"@id\":\"https:\\\/\\\/rodoaed.ee\\\/#\\\/schema\\\/logo\\\/image\\\/\",\"url\":\"https:\\\/\\\/rodoaed.ee\\\/wp-content\\\/uploads\\\/2019\\\/11\\\/rodoaed-logo-ilma-taustata.jpg\",\"contentUrl\":\"https:\\\/\\\/rodoaed.ee\\\/wp-content\\\/uploads\\\/2019\\\/11\\\/rodoaed-logo-ilma-taustata.jpg\",\"width\":769,\"height\":268,\"caption\":\"Rodoaed\"},\"image\":{\"@id\":\"https:\\\/\\\/rodoaed.ee\\\/#\\\/schema\\\/logo\\\/image\\\/\"},\"sameAs\":[\"https:\\\/\\\/www.facebook.com\\\/kasvuhooned\\\/\",\"https:\\\/\\\/rodoaed.ee\"]}]}<\/script>\n<!-- \/ Yoast SEO Premium plugin. -->","yoast_head_json":{"title":"Kissanmurut 140g Luomu - Rodoaed","robots":{"index":"index","follow":"follow","max-snippet":"max-snippet:-1","max-image-preview":"max-image-preview:large","max-video-preview":"max-video-preview:-1"},"canonical":"https:\/\/rodoaed.ee\/fi\/tuote\/kissanmurut-140g-luomu\/","og_locale":"fi_FI","og_type":"article","og_title":"Kissanmurut 140g Luomu","og_description":"Auttaa karvapallojen irtoamisessa. Auttaa hyv\u00e4\u00e4 ruoansulatusta. Pehmeit\u00e4 ituja sis\u00e4lt\u00e4v\u00e4n kissan kuivikkeen sy\u00f6minen auttaa kissoja irtoamaan","og_url":"https:\/\/rodoaed.ee\/fi\/tuote\/kissanmurut-140g-luomu\/","og_site_name":"Rodoaed","article_publisher":"https:\/\/www.facebook.com\/kasvuhooned\/","article_modified_time":"2026-04-17T07:13:00+00:00","og_image":[{"width":679,"height":1080,"url":"https:\/\/rodoaed.ee\/wp-content\/uploads\/2024\/05\/Kassimuru_140g.jpeg","type":"image\/jpeg"}],"twitter_card":"summary_large_image","twitter_misc":{"Arvioitu lukuaika":"1 minuutti"},"schema":{"@context":"https:\/\/schema.org","@graph":[{"@type":"WebPage","@id":"https:\/\/rodoaed.ee\/fi\/tuote\/kissanmurut-140g-luomu\/","url":"https:\/\/rodoaed.ee\/fi\/tuote\/kissanmurut-140g-luomu\/","name":"Kissanmurut 140g Luomu - Rodoaed","isPartOf":{"@id":"https:\/\/rodoaed.ee\/#website"},"primaryImageOfPage":{"@id":"https:\/\/rodoaed.ee\/fi\/tuote\/kissanmurut-140g-luomu\/#primaryimage"},"image":{"@id":"https:\/\/rodoaed.ee\/fi\/tuote\/kissanmurut-140g-luomu\/#primaryimage"},"thumbnailUrl":"https:\/\/rodoaed.ee\/wp-content\/uploads\/2024\/05\/Kassimuru_140g.jpeg","datePublished":"2024-05-01T07:18:13+00:00","dateModified":"2026-04-17T07:13:00+00:00","breadcrumb":{"@id":"https:\/\/rodoaed.ee\/fi\/tuote\/kissanmurut-140g-luomu\/#breadcrumb"},"inLanguage":"fi","potentialAction":[{"@type":"ReadAction","target":["https:\/\/rodoaed.ee\/fi\/tuote\/kissanmurut-140g-luomu\/"]}]},{"@type":"ImageObject","inLanguage":"fi","@id":"https:\/\/rodoaed.ee\/fi\/tuote\/kissanmurut-140g-luomu\/#primaryimage","url":"https:\/\/rodoaed.ee\/wp-content\/uploads\/2024\/05\/Kassimuru_140g.jpeg","contentUrl":"https:\/\/rodoaed.ee\/wp-content\/uploads\/2024\/05\/Kassimuru_140g.jpeg","width":679,"height":1080},{"@type":"BreadcrumbList","@id":"https:\/\/rodoaed.ee\/fi\/tuote\/kissanmurut-140g-luomu\/#breadcrumb","itemListElement":[{"@type":"ListItem","position":1,"name":"Home","item":"https:\/\/rodoaed.ee\/fi\/"},{"@type":"ListItem","position":2,"name":"Osta osoitteessa","item":"https:\/\/rodoaed.ee\/osta-osoitteessa\/"},{"@type":"ListItem","position":3,"name":"Kissanmurut 140g Luomu"}]},{"@type":"WebSite","@id":"https:\/\/rodoaed.ee\/#website","url":"https:\/\/rodoaed.ee\/","name":"Rodoaed","description":"","publisher":{"@id":"https:\/\/rodoaed.ee\/#organization"},"potentialAction":[{"@type":"SearchAction","target":{"@type":"EntryPoint","urlTemplate":"https:\/\/rodoaed.ee\/?s={search_term_string}"},"query-input":{"@type":"PropertyValueSpecification","valueRequired":true,"valueName":"search_term_string"}}],"inLanguage":"fi"},{"@type":"Organization","@id":"https:\/\/rodoaed.ee\/#organization","name":"Rodoaed","url":"https:\/\/rodoaed.ee\/","logo":{"@type":"ImageObject","inLanguage":"fi","@id":"https:\/\/rodoaed.ee\/#\/schema\/logo\/image\/","url":"https:\/\/rodoaed.ee\/wp-content\/uploads\/2019\/11\/rodoaed-logo-ilma-taustata.jpg","contentUrl":"https:\/\/rodoaed.ee\/wp-content\/uploads\/2019\/11\/rodoaed-logo-ilma-taustata.jpg","width":769,"height":268,"caption":"Rodoaed"},"image":{"@id":"https:\/\/rodoaed.ee\/#\/schema\/logo\/image\/"},"sameAs":["https:\/\/www.facebook.com\/kasvuhooned\/","https:\/\/rodoaed.ee"]}]}},"_links":{"self":[{"href":"https:\/\/rodoaed.ee\/fi\/wp-json\/wp\/v2\/product\/53035","targetHints":{"allow":["GET"]}}],"collection":[{"href":"https:\/\/rodoaed.ee\/fi\/wp-json\/wp\/v2\/product"}],"about":[{"href":"https:\/\/rodoaed.ee\/fi\/wp-json\/wp\/v2\/types\/product"}],"wp:featuredmedia":[{"embeddable":true,"href":"https:\/\/rodoaed.ee\/fi\/wp-json\/wp\/v2\/media\/47558"}],"wp:attachment":[{"href":"https:\/\/rodoaed.ee\/fi\/wp-json\/wp\/v2\/media?parent=53035"}],"wp:term":[{"taxonomy":"product_brand","embeddable":true,"href":"https:\/\/rodoaed.ee\/fi\/wp-json\/wp\/v2\/product_brand?post=53035"},{"taxonomy":"product_cat","embeddable":true,"href":"https:\/\/rodoaed.ee\/fi\/wp-json\/wp\/v2\/product_cat?post=53035"},{"taxonomy":"product_tag","embeddable":true,"href":"https:\/\/rodoaed.ee\/fi\/wp-json\/wp\/v2\/product_tag?post=53035"}],"curies":[{"name":"wp","href":"https:\/\/api.w.org\/{rel}","templated":true}]}}