{"id":53042,"date":"2024-06-05T11:24:04","date_gmt":"2024-06-05T08:24:04","guid":{"rendered":"https:\/\/rodoaed.ee\/toode\/kasteluletkun-y-maa-ankkurit-10kpl\/"},"modified":"2026-04-17T10:13:24","modified_gmt":"2026-04-17T07:13:24","slug":"kasteluletkun-y-maa-ankkurit-10kpl","status":"publish","type":"product","link":"https:\/\/rodoaed.ee\/fi\/tuote\/kasteluletkun-y-maa-ankkurit-10kpl\/","title":{"rendered":"Kasteluletkun Y- maa-ankkurit, 10kpl"},"content":{"rendered":"<p><strong>Vaihtoehto klassiselle maa-ankkurille<\/strong><\/p>\n<p>Voidaan kiinnitt\u00e4\u00e4 8 metrin letku, 3 mm:n letku, tippusuuttimet, 10 cm:n ja 15 cm:n suorien putkien erikoissarja jne.<\/p>\n<p>Voit tietysti my\u00f6s sijoittaa kasteluletkun l\u00f6ys\u00e4sti kasvien v\u00e4liin, jolloin kasteluj\u00e4rjestelm\u00e4 toimii yht\u00e4 hyvin. On kuitenkin varsin k\u00e4tev\u00e4\u00e4, jos voit kiinnitt\u00e4\u00e4 antureiden v\u00e4lisen p\u00e4\u00e4letkun maahan tai kasvus\u00e4kkiin, jotta se ei p\u00e4\u00e4se liikkumaan vapaasti. Se lis\u00e4\u00e4 my\u00f6s hieman turvallisuutta siin\u00e4 mieless\u00e4, ett\u00e4 jos satut t\u00f6rm\u00e4\u00e4m\u00e4\u00e4n l\u00f6ys\u00e4\u00e4n kasteluletkuun, vaarana on, ett\u00e4 sensorit irtoavat paikaltaan ja niit\u00e4 on s\u00e4\u00e4dett\u00e4v\u00e4 uudelleen.  <\/p>\n<p>Lue lis\u00e4\u00e4 <a title=\"Kasvihuoneen kasteluj\u00e4rjestelm\u00e4\" href=\"https:\/\/rodoaed.ee\/kastmissusteem-kasvuhoonesse-taimede-automaatne-kastmine\/\">kasteluj\u00e4rjestelm\u00e4n k\u00e4yt\u00f6st\u00e4 ja asentamisesta<\/a>.<\/p>\n<p><a href=\"https:\/\/rodoaed.ee\/fi\/\">kotisivu<\/a> <a href=\"https:\/\/rodoaed.ee\/tootekategooria\/kasvuhooned-ja-talveaiad\/\">k\u00e4ynnist\u00e4<\/a> <a href=\"https:\/\/rodoaed.ee\/tootekategooria\/kasvuhooned-ja-talveaiad\/kasvuhoone-lisavarustus\/\">tarvikkeet<\/a> <a href=\"https:\/\/rodoaed.ee\/tootekategooria\/kasvuhooned-ja-talveaiad\/kasvuhoone-lisavarustus\/kasvuhoone-kastmine\/\">kastelu<\/a> <a href=\"https:\/\/rodoaed.ee\/?post_type=product&#038;p=22828\">suuri Blumat<\/a><\/p>\n<p>&nbsp;<\/p>\n","protected":false},"excerpt":{"rendered":"<p>Vaihtoehto klassiselle maa-ankkurille Voidaan kiinnitt\u00e4\u00e4 8 metrin letku, 3 mm:n letku, tippusuuttimet, 10 cm:n ja 15 cm:n suorien putkien erikoissarja jne. Voit tietysti my\u00f6s sijoittaa kasteluletkun l\u00f6ys\u00e4sti kasvien v\u00e4liin, jolloin kasteluj\u00e4rjestelm\u00e4 toimii yht\u00e4 hyvin. On kuitenkin varsin k\u00e4tev\u00e4\u00e4, jos voit kiinnitt\u00e4\u00e4 antureiden v\u00e4lisen p\u00e4\u00e4letkun maahan tai kasvus\u00e4kkiin, jotta se ei p\u00e4\u00e4se liikkumaan vapaasti. Se lis\u00e4\u00e4 my\u00f6s hieman turvallisuutta siin\u00e4 mieless\u00e4, ett\u00e4 jos satut t\u00f6rm\u00e4\u00e4m\u00e4\u00e4n l\u00f6ys\u00e4\u00e4n&#8230;<\/p>\n","protected":false},"featured_media":48238,"template":"","meta":{"_acf_changed":false},"product_brand":[],"product_cat":[1989,1984,1987,1869],"product_tag":[],"class_list":{"0":"post-53042","1":"product","2":"type-product","3":"status-publish","4":"has-post-thumbnail","6":"product_cat-automaattiset-kastelujarjestelmat-joissa-on-keraamiset-anturit","7":"product_cat-kastijarjestelmat","8":"product_cat-kasvihuoneen-kastelu","9":"product_cat-kasvihuoneen-tarvikkeet","10":"product_shipping_class-toimitus-1-3-tyopaivan-kuluessa","11":"pa_variatsioon-kasteluletkun-maa-ankkurit-10kpl","13":"first","14":"outofstock","15":"taxable","16":"shipping-taxable","17":"purchasable","18":"product-type-simple"},"acf":[],"yoast_head":"<!-- This site is optimized with the Yoast SEO Premium plugin v27.3 (Yoast SEO v27.3) - https:\/\/yoast.com\/product\/yoast-seo-premium-wordpress\/ -->\n<title>Kasteluletkun Y- maa-ankkurit, 10kpl - Rodoaed<\/title>\n<meta name=\"robots\" content=\"index, follow, max-snippet:-1, max-image-preview:large, max-video-preview:-1\" \/>\n<link rel=\"canonical\" href=\"https:\/\/rodoaed.ee\/fi\/tuote\/kasteluletkun-y-maa-ankkurit-10kpl\/\" \/>\n<meta property=\"og:locale\" content=\"fi_FI\" \/>\n<meta property=\"og:type\" content=\"article\" \/>\n<meta property=\"og:title\" content=\"Kasteluletkun Y- maa-ankkurit, 10kpl\" \/>\n<meta property=\"og:description\" content=\"Vaihtoehto klassiselle maa-ankkurille Voidaan kiinnitt\u00e4\u00e4 8 metrin letku, 3 mm:n letku, tippusuuttimet, 10 cm:n ja 15 cm:n suorien putkien erikoissarja\" \/>\n<meta property=\"og:url\" content=\"https:\/\/rodoaed.ee\/fi\/tuote\/kasteluletkun-y-maa-ankkurit-10kpl\/\" \/>\n<meta property=\"og:site_name\" content=\"Rodoaed\" \/>\n<meta property=\"article:publisher\" content=\"https:\/\/www.facebook.com\/kasvuhooned\/\" \/>\n<meta property=\"article:modified_time\" content=\"2026-04-17T07:13:24+00:00\" \/>\n<meta property=\"og:image\" content=\"https:\/\/rodoaed.ee\/wp-content\/uploads\/2024\/06\/Y-ankrujalg_2270_1.jpeg\" \/>\n\t<meta property=\"og:image:width\" content=\"349\" \/>\n\t<meta property=\"og:image:height\" content=\"1200\" \/>\n\t<meta property=\"og:image:type\" content=\"image\/jpeg\" \/>\n<meta name=\"twitter:card\" content=\"summary_large_image\" \/>\n<meta name=\"twitter:label1\" content=\"Arvioitu lukuaika\" \/>\n\t<meta name=\"twitter:data1\" content=\"1 minuutti\" \/>\n<script type=\"application\/ld+json\" class=\"yoast-schema-graph\">{\"@context\":\"https:\\\/\\\/schema.org\",\"@graph\":[{\"@type\":\"WebPage\",\"@id\":\"https:\\\/\\\/rodoaed.ee\\\/fi\\\/tuote\\\/kasteluletkun-y-maa-ankkurit-10kpl\\\/\",\"url\":\"https:\\\/\\\/rodoaed.ee\\\/fi\\\/tuote\\\/kasteluletkun-y-maa-ankkurit-10kpl\\\/\",\"name\":\"Kasteluletkun Y- maa-ankkurit, 10kpl - Rodoaed\",\"isPartOf\":{\"@id\":\"https:\\\/\\\/rodoaed.ee\\\/#website\"},\"primaryImageOfPage\":{\"@id\":\"https:\\\/\\\/rodoaed.ee\\\/fi\\\/tuote\\\/kasteluletkun-y-maa-ankkurit-10kpl\\\/#primaryimage\"},\"image\":{\"@id\":\"https:\\\/\\\/rodoaed.ee\\\/fi\\\/tuote\\\/kasteluletkun-y-maa-ankkurit-10kpl\\\/#primaryimage\"},\"thumbnailUrl\":\"https:\\\/\\\/rodoaed.ee\\\/wp-content\\\/uploads\\\/2024\\\/06\\\/Y-ankrujalg_2270_1.jpeg\",\"datePublished\":\"2024-06-05T08:24:04+00:00\",\"dateModified\":\"2026-04-17T07:13:24+00:00\",\"breadcrumb\":{\"@id\":\"https:\\\/\\\/rodoaed.ee\\\/fi\\\/tuote\\\/kasteluletkun-y-maa-ankkurit-10kpl\\\/#breadcrumb\"},\"inLanguage\":\"fi\",\"potentialAction\":[{\"@type\":\"ReadAction\",\"target\":[\"https:\\\/\\\/rodoaed.ee\\\/fi\\\/tuote\\\/kasteluletkun-y-maa-ankkurit-10kpl\\\/\"]}]},{\"@type\":\"ImageObject\",\"inLanguage\":\"fi\",\"@id\":\"https:\\\/\\\/rodoaed.ee\\\/fi\\\/tuote\\\/kasteluletkun-y-maa-ankkurit-10kpl\\\/#primaryimage\",\"url\":\"https:\\\/\\\/rodoaed.ee\\\/wp-content\\\/uploads\\\/2024\\\/06\\\/Y-ankrujalg_2270_1.jpeg\",\"contentUrl\":\"https:\\\/\\\/rodoaed.ee\\\/wp-content\\\/uploads\\\/2024\\\/06\\\/Y-ankrujalg_2270_1.jpeg\",\"width\":349,\"height\":1200},{\"@type\":\"BreadcrumbList\",\"@id\":\"https:\\\/\\\/rodoaed.ee\\\/fi\\\/tuote\\\/kasteluletkun-y-maa-ankkurit-10kpl\\\/#breadcrumb\",\"itemListElement\":[{\"@type\":\"ListItem\",\"position\":1,\"name\":\"Home\",\"item\":\"https:\\\/\\\/rodoaed.ee\\\/fi\\\/\"},{\"@type\":\"ListItem\",\"position\":2,\"name\":\"Osta osoitteessa\",\"item\":\"https:\\\/\\\/rodoaed.ee\\\/osta-osoitteessa\\\/\"},{\"@type\":\"ListItem\",\"position\":3,\"name\":\"Kasteluletkun Y- maa-ankkurit, 10kpl\"}]},{\"@type\":\"WebSite\",\"@id\":\"https:\\\/\\\/rodoaed.ee\\\/#website\",\"url\":\"https:\\\/\\\/rodoaed.ee\\\/\",\"name\":\"Rodoaed\",\"description\":\"\",\"publisher\":{\"@id\":\"https:\\\/\\\/rodoaed.ee\\\/#organization\"},\"potentialAction\":[{\"@type\":\"SearchAction\",\"target\":{\"@type\":\"EntryPoint\",\"urlTemplate\":\"https:\\\/\\\/rodoaed.ee\\\/?s={search_term_string}\"},\"query-input\":{\"@type\":\"PropertyValueSpecification\",\"valueRequired\":true,\"valueName\":\"search_term_string\"}}],\"inLanguage\":\"fi\"},{\"@type\":\"Organization\",\"@id\":\"https:\\\/\\\/rodoaed.ee\\\/#organization\",\"name\":\"Rodoaed\",\"url\":\"https:\\\/\\\/rodoaed.ee\\\/\",\"logo\":{\"@type\":\"ImageObject\",\"inLanguage\":\"fi\",\"@id\":\"https:\\\/\\\/rodoaed.ee\\\/#\\\/schema\\\/logo\\\/image\\\/\",\"url\":\"https:\\\/\\\/rodoaed.ee\\\/wp-content\\\/uploads\\\/2019\\\/11\\\/rodoaed-logo-ilma-taustata.jpg\",\"contentUrl\":\"https:\\\/\\\/rodoaed.ee\\\/wp-content\\\/uploads\\\/2019\\\/11\\\/rodoaed-logo-ilma-taustata.jpg\",\"width\":769,\"height\":268,\"caption\":\"Rodoaed\"},\"image\":{\"@id\":\"https:\\\/\\\/rodoaed.ee\\\/#\\\/schema\\\/logo\\\/image\\\/\"},\"sameAs\":[\"https:\\\/\\\/www.facebook.com\\\/kasvuhooned\\\/\",\"https:\\\/\\\/rodoaed.ee\"]}]}<\/script>\n<!-- \/ Yoast SEO Premium plugin. -->","yoast_head_json":{"title":"Kasteluletkun Y- maa-ankkurit, 10kpl - Rodoaed","robots":{"index":"index","follow":"follow","max-snippet":"max-snippet:-1","max-image-preview":"max-image-preview:large","max-video-preview":"max-video-preview:-1"},"canonical":"https:\/\/rodoaed.ee\/fi\/tuote\/kasteluletkun-y-maa-ankkurit-10kpl\/","og_locale":"fi_FI","og_type":"article","og_title":"Kasteluletkun Y- maa-ankkurit, 10kpl","og_description":"Vaihtoehto klassiselle maa-ankkurille Voidaan kiinnitt\u00e4\u00e4 8 metrin letku, 3 mm:n letku, tippusuuttimet, 10 cm:n ja 15 cm:n suorien putkien erikoissarja","og_url":"https:\/\/rodoaed.ee\/fi\/tuote\/kasteluletkun-y-maa-ankkurit-10kpl\/","og_site_name":"Rodoaed","article_publisher":"https:\/\/www.facebook.com\/kasvuhooned\/","article_modified_time":"2026-04-17T07:13:24+00:00","og_image":[{"width":349,"height":1200,"url":"https:\/\/rodoaed.ee\/wp-content\/uploads\/2024\/06\/Y-ankrujalg_2270_1.jpeg","type":"image\/jpeg"}],"twitter_card":"summary_large_image","twitter_misc":{"Arvioitu lukuaika":"1 minuutti"},"schema":{"@context":"https:\/\/schema.org","@graph":[{"@type":"WebPage","@id":"https:\/\/rodoaed.ee\/fi\/tuote\/kasteluletkun-y-maa-ankkurit-10kpl\/","url":"https:\/\/rodoaed.ee\/fi\/tuote\/kasteluletkun-y-maa-ankkurit-10kpl\/","name":"Kasteluletkun Y- maa-ankkurit, 10kpl - Rodoaed","isPartOf":{"@id":"https:\/\/rodoaed.ee\/#website"},"primaryImageOfPage":{"@id":"https:\/\/rodoaed.ee\/fi\/tuote\/kasteluletkun-y-maa-ankkurit-10kpl\/#primaryimage"},"image":{"@id":"https:\/\/rodoaed.ee\/fi\/tuote\/kasteluletkun-y-maa-ankkurit-10kpl\/#primaryimage"},"thumbnailUrl":"https:\/\/rodoaed.ee\/wp-content\/uploads\/2024\/06\/Y-ankrujalg_2270_1.jpeg","datePublished":"2024-06-05T08:24:04+00:00","dateModified":"2026-04-17T07:13:24+00:00","breadcrumb":{"@id":"https:\/\/rodoaed.ee\/fi\/tuote\/kasteluletkun-y-maa-ankkurit-10kpl\/#breadcrumb"},"inLanguage":"fi","potentialAction":[{"@type":"ReadAction","target":["https:\/\/rodoaed.ee\/fi\/tuote\/kasteluletkun-y-maa-ankkurit-10kpl\/"]}]},{"@type":"ImageObject","inLanguage":"fi","@id":"https:\/\/rodoaed.ee\/fi\/tuote\/kasteluletkun-y-maa-ankkurit-10kpl\/#primaryimage","url":"https:\/\/rodoaed.ee\/wp-content\/uploads\/2024\/06\/Y-ankrujalg_2270_1.jpeg","contentUrl":"https:\/\/rodoaed.ee\/wp-content\/uploads\/2024\/06\/Y-ankrujalg_2270_1.jpeg","width":349,"height":1200},{"@type":"BreadcrumbList","@id":"https:\/\/rodoaed.ee\/fi\/tuote\/kasteluletkun-y-maa-ankkurit-10kpl\/#breadcrumb","itemListElement":[{"@type":"ListItem","position":1,"name":"Home","item":"https:\/\/rodoaed.ee\/fi\/"},{"@type":"ListItem","position":2,"name":"Osta osoitteessa","item":"https:\/\/rodoaed.ee\/osta-osoitteessa\/"},{"@type":"ListItem","position":3,"name":"Kasteluletkun Y- maa-ankkurit, 10kpl"}]},{"@type":"WebSite","@id":"https:\/\/rodoaed.ee\/#website","url":"https:\/\/rodoaed.ee\/","name":"Rodoaed","description":"","publisher":{"@id":"https:\/\/rodoaed.ee\/#organization"},"potentialAction":[{"@type":"SearchAction","target":{"@type":"EntryPoint","urlTemplate":"https:\/\/rodoaed.ee\/?s={search_term_string}"},"query-input":{"@type":"PropertyValueSpecification","valueRequired":true,"valueName":"search_term_string"}}],"inLanguage":"fi"},{"@type":"Organization","@id":"https:\/\/rodoaed.ee\/#organization","name":"Rodoaed","url":"https:\/\/rodoaed.ee\/","logo":{"@type":"ImageObject","inLanguage":"fi","@id":"https:\/\/rodoaed.ee\/#\/schema\/logo\/image\/","url":"https:\/\/rodoaed.ee\/wp-content\/uploads\/2019\/11\/rodoaed-logo-ilma-taustata.jpg","contentUrl":"https:\/\/rodoaed.ee\/wp-content\/uploads\/2019\/11\/rodoaed-logo-ilma-taustata.jpg","width":769,"height":268,"caption":"Rodoaed"},"image":{"@id":"https:\/\/rodoaed.ee\/#\/schema\/logo\/image\/"},"sameAs":["https:\/\/www.facebook.com\/kasvuhooned\/","https:\/\/rodoaed.ee"]}]}},"_links":{"self":[{"href":"https:\/\/rodoaed.ee\/fi\/wp-json\/wp\/v2\/product\/53042","targetHints":{"allow":["GET"]}}],"collection":[{"href":"https:\/\/rodoaed.ee\/fi\/wp-json\/wp\/v2\/product"}],"about":[{"href":"https:\/\/rodoaed.ee\/fi\/wp-json\/wp\/v2\/types\/product"}],"wp:featuredmedia":[{"embeddable":true,"href":"https:\/\/rodoaed.ee\/fi\/wp-json\/wp\/v2\/media\/48238"}],"wp:attachment":[{"href":"https:\/\/rodoaed.ee\/fi\/wp-json\/wp\/v2\/media?parent=53042"}],"wp:term":[{"taxonomy":"product_brand","embeddable":true,"href":"https:\/\/rodoaed.ee\/fi\/wp-json\/wp\/v2\/product_brand?post=53042"},{"taxonomy":"product_cat","embeddable":true,"href":"https:\/\/rodoaed.ee\/fi\/wp-json\/wp\/v2\/product_cat?post=53042"},{"taxonomy":"product_tag","embeddable":true,"href":"https:\/\/rodoaed.ee\/fi\/wp-json\/wp\/v2\/product_tag?post=53042"}],"curies":[{"name":"wp","href":"https:\/\/api.w.org\/{rel}","templated":true}]}}