{"id":53043,"date":"2024-06-05T10:10:04","date_gmt":"2024-06-05T07:10:04","guid":{"rendered":"https:\/\/rodoaed.ee\/toode\/blumati-imuletkun-jatkosarja-blusoak-4m-uutuus\/"},"modified":"2026-04-17T10:13:17","modified_gmt":"2026-04-17T07:13:17","slug":"blumati-imuletkun-jatkosarja-blusoak-4m-uutuus","status":"publish","type":"product","link":"https:\/\/rodoaed.ee\/fi\/tuote\/blumati-imuletkun-jatkosarja-blusoak-4m-uutuus\/","title":{"rendered":"Blumati imuletkun jatkosarja BluSoak 4m &#8211; UUTUUS!"},"content":{"rendered":"<p><strong>Upea uusi ratkaisu pienemmille kasveille reunustalla.<\/strong><\/p>\n<p><strong>Pakkausta voidaan k\u00e4ytt\u00e4\u00e4 olemassa olevan BluSoak-j\u00e4rjestelm\u00e4n laajentamiseen tai uutena kokoonpanona, jos tarvittavat keraamiset anturit ja lis\u00e4varusteet ovat saatavilla.<\/strong><\/p>\n<p>BluSoak toimii kuin automaattinen &#8221;liotusletku&#8221;, jossa vesi tihkuu hiljaa paperin ja huokoisen sein\u00e4n l\u00e4pi kasveihin. Blumatin anturi antaa sille maltillisen paineen, ja kun kasveissa on riitt\u00e4v\u00e4sti kosteutta, se lopettaa veden lis\u00e4\u00e4misen v\u00e4liaikaisesti. <\/p>\n<p>BluSoak sopii erinomaisesti vihannesten ja yrttien riviviljelyyn, kun kasvien lehv\u00e4st\u00f6 on alle 20-30 cm, tyypillisesti korotetuissa s\u00e4ngyiss\u00e4, parvekelaatikoissa tai pieniss\u00e4 matalissa vihannespuutarhoissa. Esimerkiksi kukkapenkiss\u00e4 pituus on 150-200 cm tai parvekelaatikossa 80-100 cm. <\/p>\n<p><strong>Hyvi\u00e4 syit\u00e4 k\u00e4ytt\u00e4\u00e4 BluSoakia:<\/strong><\/p>\n<ul>\n<li>tasaisempi kastelu pienille kasveille &#8211; laajempi, ei aukkoja, v\u00e4hemm\u00e4n tietyiss\u00e4 kohdissa.<\/li>\n<li>s\u00e4\u00e4st\u00f6j\u00e4 tippusuuttimissa, jotka olivat ennen ainoa ratkaisu.<\/li>\n<li>s\u00e4\u00e4st\u00f6t keraamisissa antureissa<\/li>\n<li>huoltovapaa k\u00e4ytt\u00f6<\/li>\n<\/ul>\n<p><strong>Setti sis\u00e4lt\u00e4\u00e4:<\/strong><\/p>\n<ul>\n<li>4 m BluSoak imbovoliksia<\/li>\n<li>8 BluSoak-sovitinta 8 mm<\/li>\n<li>8 p\u00e4\u00e4tykappaletta 8 mm<\/li>\n<li>8 liitospalaa sininen 15 cm<\/li>\n<\/ul>\n<p><strong>Sarja riitt\u00e4\u00e4 pieneen puutarhaan:<\/strong><\/p>\n<p>Imuletku 4 liuskaa, kukin 1 m pitk\u00e4 (BluSoak-kokoon leikattu) kunkin kylv\u00f6rivin kohdalla, jotka on yhdistetty 4 yksitt\u00e4iseksi riviksi tai 2 riviksi, kukin 2 m pitk\u00e4, joista kukin sy\u00f6tet\u00e4\u00e4n keraamisen anturin kautta ja joihin sy\u00f6tet\u00e4\u00e4n vett\u00e4 molemmilta puolilta (ks. BluSoak-liit\u00e4nn\u00e4t ), voidaan k\u00e4ytt\u00e4\u00e4 lyhyempi\u00e4 linjoja, jotka voidaan liitt\u00e4\u00e4 my\u00f6s yhdelt\u00e4 puolelta.<\/p>\n<p><strong>Jos haluat k\u00e4ytt\u00e4\u00e4 4m-sarjaa itsen\u00e4isen\u00e4 uutena j\u00e4rjestelm\u00e4n\u00e4, tarvitset seuraavat lis\u00e4varusteet:<\/strong><\/p>\n<p>(letkujen pituudesta riippuen)<\/p>\n<ul>\n<li>2-4 keraamista anturia (ilman tiputusk\u00e4rke\u00e4 ja T-detailia)<\/li>\n<li>2-4 m anturiletkut<\/li>\n<li>2-4 T-mitta 8-3-8 mm<\/li>\n<li>4-8 kulma 8-8 mm<\/li>\n<li>2-4 p\u00e4\u00e4tykappaletta 8-3 mm<\/li>\n<li>10 m musta p\u00e4\u00e4letku<\/li>\n<li>sek\u00e4 vesis\u00e4ili\u00f6yksikk\u00f6 tai paineens\u00e4\u00e4din.<\/li>\n<\/ul>\n<p>&nbsp;<\/p>\n<p><strong>J\u00e4rjestelm\u00e4n kokoaminen ja liitt\u00e4minen<\/strong><\/p>\n<p>BluSoak-kuidut liitet\u00e4\u00e4n olemassa olevaan Tropf-Blumat-j\u00e4rjestelm\u00e4\u00e4n asianmukaisilla liitososilla. Vesipatsaan v\u00e4himm\u00e4iskorkeus on n. 150 cm &#8211; aina laskettuna letkusta vedenpintaan! Suurin et\u00e4isyys s\u00e4ili\u00f6st\u00e4 on n. 7 m. Painehanan liitt\u00e4miseksi vesihanaan on ehdottomasti k\u00e4ytett\u00e4v\u00e4 vesihanaliit\u00e4nt\u00e4\u00e4 eli paineentasaajaa, jotta BluSoak ei tuhoudu liiallisesta vedenpaineesta.   <\/p>\n<p><strong>BluSoak asennus<\/strong><\/p>\n<p>BluSoak on varustettu sinisell\u00e4 BluSoak-sovittimella molemmissa p\u00e4iss\u00e4: ruuvaa sininen ruuvikorkki takaisin siipi\u00e4 kohti, ty\u00f6nn\u00e4 letku suuttimeen &#8211; ruuvaa saumapuoli yhteen, mahdollisesti ruuvi py\u00f6rimissuuntaan &#8211; ja pid\u00e4 letku kiinni suuttimessa, ruuvaa ruuvikorkki kohti letkua, ruuvaa tiukasti kiinni.<\/p>\n<p>Jos mahdollista, letku on ty\u00f6nnett\u00e4v\u00e4 maahan noin 3-5 cm:n syvyyteen, jotta se voidaan peitt\u00e4\u00e4 irtonaisella mulhalla auringonvalolta ja lev\u00e4lt\u00e4 suojaamiseksi. Letkun pinnan tulisi olla mahdollisimman pitk\u00e4lle vaakasuorassa tai sen kaltevuuden ei tulisi olla yli 1 %, koska muuten kosteuden jakautuminen on ep\u00e4tasaista. Yksi- tai kaksipuoleisten liitosten jatkokokoonpanoa varten pidemm\u00e4t liitokset tehd\u00e4\u00e4n 8 mm:n sy\u00f6tt\u00f6letkulla, ja BluSoakin lyhyiss\u00e4 liitoksissa k\u00e4ytet\u00e4\u00e4n joustavia liittimi\u00e4 (sinist\u00e4 silikonia) (ks. piirustukset).  <\/p>\n<p><strong>M\u00e4\u00e4r\u00e4n s\u00e4\u00e4t\u00e4minen<\/strong><\/p>\n<p>Vedensy\u00f6t\u00f6n automaattinen toiminta tapahtuu keraamisen anturin avulla, joka on liitetty 3 mm:n tippaletkuun. T\u00e4m\u00e4 vedensy\u00f6tt\u00f6 on hidasta ja rajoitettua, mik\u00e4 koskee erityisesti pitki\u00e4 BluSoak-linjoja. Suositeltava enimm\u00e4ispituus on sen vuoksi noin 2 m, jos mahdollista, t\u00e4ytet\u00e4\u00e4n molemmilta puolilta ja keraaminen anturi mittaa aina linjan keskiosaa.  <\/p>\n<p>&nbsp;<\/p>\n<p><a href=\"https:\/\/rodoaed.ee\/fi\/\">kotisivu<\/a> <a href=\"https:\/\/rodoaed.ee\/tootekategooria\/kasvuhooned-ja-talveaiad\/\">k\u00e4ynnist\u00e4<\/a> <a href=\"https:\/\/rodoaed.ee\/tootekategooria\/kasvuhooned-ja-talveaiad\/kasvuhoone-lisavarustus\/\">tarvikkeet<\/a> <a href=\"https:\/\/rodoaed.ee\/tootekategooria\/kasvuhooned-ja-talveaiad\/kasvuhoone-lisavarustus\/kasvuhoone-kastmine\/\">kastelu<\/a><\/p>\n<p>&nbsp;<\/p>\n","protected":false},"excerpt":{"rendered":"<p>Upea uusi ratkaisu pienemmille kasveille reunustalla. Pakkausta voidaan k\u00e4ytt\u00e4\u00e4 olemassa olevan BluSoak-j\u00e4rjestelm\u00e4n laajentamiseen tai uutena kokoonpanona, jos tarvittavat keraamiset anturit ja lis\u00e4varusteet ovat saatavilla. BluSoak toimii kuin automaattinen &#8221;liotusletku&#8221;, jossa vesi tihkuu hiljaa paperin ja huokoisen sein\u00e4n l\u00e4pi kasveihin. Blumatin anturi antaa sille maltillisen paineen, ja kun kasveissa on riitt\u00e4v\u00e4sti kosteutta, se lopettaa veden lis\u00e4\u00e4misen v\u00e4liaikaisesti. BluSoak sopii erinomaisesti vihannesten ja yrttien riviviljelyyn, kun kasvien&#8230;<\/p>\n","protected":false},"featured_media":48218,"template":"","meta":{"_acf_changed":false},"product_brand":[],"product_cat":[1989,1984,1987,1869],"product_tag":[],"class_list":{"0":"post-53043","1":"product","2":"type-product","3":"status-publish","4":"has-post-thumbnail","6":"product_cat-automaattiset-kastelujarjestelmat-joissa-on-keraamiset-anturit","7":"product_cat-kastijarjestelmat","8":"product_cat-kasvihuoneen-kastelu","9":"product_cat-kasvihuoneen-tarvikkeet","10":"product_shipping_class-toimitus-1-3-tyopaivan-kuluessa","11":"pa_variatsioon-suuri-blumatin-automaattinen-kastelujarjestelma-jossa-on-40-anturia-ja-vesihanaliitanta","13":"first","14":"instock","15":"sale","16":"taxable","17":"shipping-taxable","18":"purchasable","19":"product-type-simple"},"acf":[],"yoast_head":"<!-- This site is optimized with the Yoast SEO Premium plugin v27.3 (Yoast SEO v27.3) - https:\/\/yoast.com\/product\/yoast-seo-premium-wordpress\/ -->\n<title>Blumati imuletkun jatkosarja BluSoak 4m - UUTUUS! - Rodoaed<\/title>\n<meta name=\"description\" content=\"Blumatin BluSoak-kasteluletkuj\u00e4rjestelm\u00e4. Uusi ratkaisu pienempien kasvien viljelyyn riveiss\u00e4. Taloudellisempi tapa kastella.\" \/>\n<meta name=\"robots\" content=\"index, follow, max-snippet:-1, max-image-preview:large, max-video-preview:-1\" \/>\n<link rel=\"canonical\" href=\"https:\/\/rodoaed.ee\/fi\/tuote\/blumati-imuletkun-jatkosarja-blusoak-4m-uutuus\/\" \/>\n<meta property=\"og:locale\" content=\"fi_FI\" \/>\n<meta property=\"og:type\" content=\"article\" \/>\n<meta property=\"og:title\" content=\"Blumati imuletkun jatkosarja BluSoak 4m - UUTUUS!\" \/>\n<meta property=\"og:description\" content=\"Upea uusi ratkaisu pienemmille kasveille reunustalla. Pakkausta voidaan k\u00e4ytt\u00e4\u00e4 olemassa olevan BluSoak-j\u00e4rjestelm\u00e4n laajentamiseen tai uutena\" \/>\n<meta property=\"og:url\" content=\"https:\/\/rodoaed.ee\/fi\/tuote\/blumati-imuletkun-jatkosarja-blusoak-4m-uutuus\/\" \/>\n<meta property=\"og:site_name\" content=\"Rodoaed\" \/>\n<meta property=\"article:publisher\" content=\"https:\/\/www.facebook.com\/kasvuhooned\/\" \/>\n<meta property=\"article:modified_time\" content=\"2026-04-17T07:13:17+00:00\" \/>\n<meta property=\"og:image\" content=\"https:\/\/rodoaed.ee\/wp-content\/uploads\/2024\/06\/Imbvoolik-BluSoak-4m-set_1.jpeg\" \/>\n\t<meta property=\"og:image:width\" content=\"1181\" \/>\n\t<meta property=\"og:image:height\" content=\"829\" \/>\n\t<meta property=\"og:image:type\" content=\"image\/jpeg\" \/>\n<meta name=\"twitter:card\" content=\"summary_large_image\" \/>\n<meta name=\"twitter:label1\" content=\"Arvioitu lukuaika\" \/>\n\t<meta name=\"twitter:data1\" content=\"2 minuuttia\" \/>\n<script type=\"application\/ld+json\" class=\"yoast-schema-graph\">{\"@context\":\"https:\\\/\\\/schema.org\",\"@graph\":[{\"@type\":\"WebPage\",\"@id\":\"https:\\\/\\\/rodoaed.ee\\\/fi\\\/tuote\\\/blumati-imuletkun-jatkosarja-blusoak-4m-uutuus\\\/\",\"url\":\"https:\\\/\\\/rodoaed.ee\\\/fi\\\/tuote\\\/blumati-imuletkun-jatkosarja-blusoak-4m-uutuus\\\/\",\"name\":\"Blumati imuletkun jatkosarja BluSoak 4m - UUTUUS! - Rodoaed\",\"isPartOf\":{\"@id\":\"https:\\\/\\\/rodoaed.ee\\\/#website\"},\"primaryImageOfPage\":{\"@id\":\"https:\\\/\\\/rodoaed.ee\\\/fi\\\/tuote\\\/blumati-imuletkun-jatkosarja-blusoak-4m-uutuus\\\/#primaryimage\"},\"image\":{\"@id\":\"https:\\\/\\\/rodoaed.ee\\\/fi\\\/tuote\\\/blumati-imuletkun-jatkosarja-blusoak-4m-uutuus\\\/#primaryimage\"},\"thumbnailUrl\":\"https:\\\/\\\/rodoaed.ee\\\/wp-content\\\/uploads\\\/2024\\\/06\\\/Imbvoolik-BluSoak-4m-set_1.jpeg\",\"datePublished\":\"2024-06-05T07:10:04+00:00\",\"dateModified\":\"2026-04-17T07:13:17+00:00\",\"description\":\"Blumatin BluSoak-kasteluletkuj\u00e4rjestelm\u00e4. Uusi ratkaisu pienempien kasvien viljelyyn riveiss\u00e4. Taloudellisempi tapa kastella.\",\"breadcrumb\":{\"@id\":\"https:\\\/\\\/rodoaed.ee\\\/fi\\\/tuote\\\/blumati-imuletkun-jatkosarja-blusoak-4m-uutuus\\\/#breadcrumb\"},\"inLanguage\":\"fi\",\"potentialAction\":[{\"@type\":\"ReadAction\",\"target\":[\"https:\\\/\\\/rodoaed.ee\\\/fi\\\/tuote\\\/blumati-imuletkun-jatkosarja-blusoak-4m-uutuus\\\/\"]}]},{\"@type\":\"ImageObject\",\"inLanguage\":\"fi\",\"@id\":\"https:\\\/\\\/rodoaed.ee\\\/fi\\\/tuote\\\/blumati-imuletkun-jatkosarja-blusoak-4m-uutuus\\\/#primaryimage\",\"url\":\"https:\\\/\\\/rodoaed.ee\\\/wp-content\\\/uploads\\\/2024\\\/06\\\/Imbvoolik-BluSoak-4m-set_1.jpeg\",\"contentUrl\":\"https:\\\/\\\/rodoaed.ee\\\/wp-content\\\/uploads\\\/2024\\\/06\\\/Imbvoolik-BluSoak-4m-set_1.jpeg\",\"width\":1181,\"height\":829},{\"@type\":\"BreadcrumbList\",\"@id\":\"https:\\\/\\\/rodoaed.ee\\\/fi\\\/tuote\\\/blumati-imuletkun-jatkosarja-blusoak-4m-uutuus\\\/#breadcrumb\",\"itemListElement\":[{\"@type\":\"ListItem\",\"position\":1,\"name\":\"Home\",\"item\":\"https:\\\/\\\/rodoaed.ee\\\/fi\\\/\"},{\"@type\":\"ListItem\",\"position\":2,\"name\":\"Osta osoitteessa\",\"item\":\"https:\\\/\\\/rodoaed.ee\\\/osta-osoitteessa\\\/\"},{\"@type\":\"ListItem\",\"position\":3,\"name\":\"Blumati imuletkun jatkosarja BluSoak 4m &#8211; UUTUUS!\"}]},{\"@type\":\"WebSite\",\"@id\":\"https:\\\/\\\/rodoaed.ee\\\/#website\",\"url\":\"https:\\\/\\\/rodoaed.ee\\\/\",\"name\":\"Rodoaed\",\"description\":\"\",\"publisher\":{\"@id\":\"https:\\\/\\\/rodoaed.ee\\\/#organization\"},\"potentialAction\":[{\"@type\":\"SearchAction\",\"target\":{\"@type\":\"EntryPoint\",\"urlTemplate\":\"https:\\\/\\\/rodoaed.ee\\\/?s={search_term_string}\"},\"query-input\":{\"@type\":\"PropertyValueSpecification\",\"valueRequired\":true,\"valueName\":\"search_term_string\"}}],\"inLanguage\":\"fi\"},{\"@type\":\"Organization\",\"@id\":\"https:\\\/\\\/rodoaed.ee\\\/#organization\",\"name\":\"Rodoaed\",\"url\":\"https:\\\/\\\/rodoaed.ee\\\/\",\"logo\":{\"@type\":\"ImageObject\",\"inLanguage\":\"fi\",\"@id\":\"https:\\\/\\\/rodoaed.ee\\\/#\\\/schema\\\/logo\\\/image\\\/\",\"url\":\"https:\\\/\\\/rodoaed.ee\\\/wp-content\\\/uploads\\\/2019\\\/11\\\/rodoaed-logo-ilma-taustata.jpg\",\"contentUrl\":\"https:\\\/\\\/rodoaed.ee\\\/wp-content\\\/uploads\\\/2019\\\/11\\\/rodoaed-logo-ilma-taustata.jpg\",\"width\":769,\"height\":268,\"caption\":\"Rodoaed\"},\"image\":{\"@id\":\"https:\\\/\\\/rodoaed.ee\\\/#\\\/schema\\\/logo\\\/image\\\/\"},\"sameAs\":[\"https:\\\/\\\/www.facebook.com\\\/kasvuhooned\\\/\",\"https:\\\/\\\/rodoaed.ee\"]}]}<\/script>\n<!-- \/ Yoast SEO Premium plugin. -->","yoast_head_json":{"title":"Blumati imuletkun jatkosarja BluSoak 4m - UUTUUS! - Rodoaed","description":"Blumatin BluSoak-kasteluletkuj\u00e4rjestelm\u00e4. Uusi ratkaisu pienempien kasvien viljelyyn riveiss\u00e4. Taloudellisempi tapa kastella.","robots":{"index":"index","follow":"follow","max-snippet":"max-snippet:-1","max-image-preview":"max-image-preview:large","max-video-preview":"max-video-preview:-1"},"canonical":"https:\/\/rodoaed.ee\/fi\/tuote\/blumati-imuletkun-jatkosarja-blusoak-4m-uutuus\/","og_locale":"fi_FI","og_type":"article","og_title":"Blumati imuletkun jatkosarja BluSoak 4m - UUTUUS!","og_description":"Upea uusi ratkaisu pienemmille kasveille reunustalla. Pakkausta voidaan k\u00e4ytt\u00e4\u00e4 olemassa olevan BluSoak-j\u00e4rjestelm\u00e4n laajentamiseen tai uutena","og_url":"https:\/\/rodoaed.ee\/fi\/tuote\/blumati-imuletkun-jatkosarja-blusoak-4m-uutuus\/","og_site_name":"Rodoaed","article_publisher":"https:\/\/www.facebook.com\/kasvuhooned\/","article_modified_time":"2026-04-17T07:13:17+00:00","og_image":[{"width":1181,"height":829,"url":"https:\/\/rodoaed.ee\/wp-content\/uploads\/2024\/06\/Imbvoolik-BluSoak-4m-set_1.jpeg","type":"image\/jpeg"}],"twitter_card":"summary_large_image","twitter_misc":{"Arvioitu lukuaika":"2 minuuttia"},"schema":{"@context":"https:\/\/schema.org","@graph":[{"@type":"WebPage","@id":"https:\/\/rodoaed.ee\/fi\/tuote\/blumati-imuletkun-jatkosarja-blusoak-4m-uutuus\/","url":"https:\/\/rodoaed.ee\/fi\/tuote\/blumati-imuletkun-jatkosarja-blusoak-4m-uutuus\/","name":"Blumati imuletkun jatkosarja BluSoak 4m - UUTUUS! - Rodoaed","isPartOf":{"@id":"https:\/\/rodoaed.ee\/#website"},"primaryImageOfPage":{"@id":"https:\/\/rodoaed.ee\/fi\/tuote\/blumati-imuletkun-jatkosarja-blusoak-4m-uutuus\/#primaryimage"},"image":{"@id":"https:\/\/rodoaed.ee\/fi\/tuote\/blumati-imuletkun-jatkosarja-blusoak-4m-uutuus\/#primaryimage"},"thumbnailUrl":"https:\/\/rodoaed.ee\/wp-content\/uploads\/2024\/06\/Imbvoolik-BluSoak-4m-set_1.jpeg","datePublished":"2024-06-05T07:10:04+00:00","dateModified":"2026-04-17T07:13:17+00:00","description":"Blumatin BluSoak-kasteluletkuj\u00e4rjestelm\u00e4. Uusi ratkaisu pienempien kasvien viljelyyn riveiss\u00e4. Taloudellisempi tapa kastella.","breadcrumb":{"@id":"https:\/\/rodoaed.ee\/fi\/tuote\/blumati-imuletkun-jatkosarja-blusoak-4m-uutuus\/#breadcrumb"},"inLanguage":"fi","potentialAction":[{"@type":"ReadAction","target":["https:\/\/rodoaed.ee\/fi\/tuote\/blumati-imuletkun-jatkosarja-blusoak-4m-uutuus\/"]}]},{"@type":"ImageObject","inLanguage":"fi","@id":"https:\/\/rodoaed.ee\/fi\/tuote\/blumati-imuletkun-jatkosarja-blusoak-4m-uutuus\/#primaryimage","url":"https:\/\/rodoaed.ee\/wp-content\/uploads\/2024\/06\/Imbvoolik-BluSoak-4m-set_1.jpeg","contentUrl":"https:\/\/rodoaed.ee\/wp-content\/uploads\/2024\/06\/Imbvoolik-BluSoak-4m-set_1.jpeg","width":1181,"height":829},{"@type":"BreadcrumbList","@id":"https:\/\/rodoaed.ee\/fi\/tuote\/blumati-imuletkun-jatkosarja-blusoak-4m-uutuus\/#breadcrumb","itemListElement":[{"@type":"ListItem","position":1,"name":"Home","item":"https:\/\/rodoaed.ee\/fi\/"},{"@type":"ListItem","position":2,"name":"Osta osoitteessa","item":"https:\/\/rodoaed.ee\/osta-osoitteessa\/"},{"@type":"ListItem","position":3,"name":"Blumati imuletkun jatkosarja BluSoak 4m &#8211; UUTUUS!"}]},{"@type":"WebSite","@id":"https:\/\/rodoaed.ee\/#website","url":"https:\/\/rodoaed.ee\/","name":"Rodoaed","description":"","publisher":{"@id":"https:\/\/rodoaed.ee\/#organization"},"potentialAction":[{"@type":"SearchAction","target":{"@type":"EntryPoint","urlTemplate":"https:\/\/rodoaed.ee\/?s={search_term_string}"},"query-input":{"@type":"PropertyValueSpecification","valueRequired":true,"valueName":"search_term_string"}}],"inLanguage":"fi"},{"@type":"Organization","@id":"https:\/\/rodoaed.ee\/#organization","name":"Rodoaed","url":"https:\/\/rodoaed.ee\/","logo":{"@type":"ImageObject","inLanguage":"fi","@id":"https:\/\/rodoaed.ee\/#\/schema\/logo\/image\/","url":"https:\/\/rodoaed.ee\/wp-content\/uploads\/2019\/11\/rodoaed-logo-ilma-taustata.jpg","contentUrl":"https:\/\/rodoaed.ee\/wp-content\/uploads\/2019\/11\/rodoaed-logo-ilma-taustata.jpg","width":769,"height":268,"caption":"Rodoaed"},"image":{"@id":"https:\/\/rodoaed.ee\/#\/schema\/logo\/image\/"},"sameAs":["https:\/\/www.facebook.com\/kasvuhooned\/","https:\/\/rodoaed.ee"]}]}},"_links":{"self":[{"href":"https:\/\/rodoaed.ee\/fi\/wp-json\/wp\/v2\/product\/53043","targetHints":{"allow":["GET"]}}],"collection":[{"href":"https:\/\/rodoaed.ee\/fi\/wp-json\/wp\/v2\/product"}],"about":[{"href":"https:\/\/rodoaed.ee\/fi\/wp-json\/wp\/v2\/types\/product"}],"wp:featuredmedia":[{"embeddable":true,"href":"https:\/\/rodoaed.ee\/fi\/wp-json\/wp\/v2\/media\/48218"}],"wp:attachment":[{"href":"https:\/\/rodoaed.ee\/fi\/wp-json\/wp\/v2\/media?parent=53043"}],"wp:term":[{"taxonomy":"product_brand","embeddable":true,"href":"https:\/\/rodoaed.ee\/fi\/wp-json\/wp\/v2\/product_brand?post=53043"},{"taxonomy":"product_cat","embeddable":true,"href":"https:\/\/rodoaed.ee\/fi\/wp-json\/wp\/v2\/product_cat?post=53043"},{"taxonomy":"product_tag","embeddable":true,"href":"https:\/\/rodoaed.ee\/fi\/wp-json\/wp\/v2\/product_tag?post=53043"}],"curies":[{"name":"wp","href":"https:\/\/api.w.org\/{rel}","templated":true}]}}