{"id":53056,"date":"2024-06-11T10:12:56","date_gmt":"2024-06-11T07:12:56","guid":{"rendered":"https:\/\/rodoaed.ee\/toode\/muuntaminen-8-mmn-letkusta-1-2-tuuman-o-letkuksi\/"},"modified":"2026-04-17T10:16:29","modified_gmt":"2026-04-17T07:16:29","slug":"muuntaminen-8-mmn-letkusta-1-2-tuuman-o-letkuksi","status":"publish","type":"product","link":"https:\/\/rodoaed.ee\/fi\/tuote\/muuntaminen-8-mmn-letkusta-1-2-tuuman-o-letkuksi\/","title":{"rendered":"Muuntaminen 8 mm:n letkusta 1\/2 tuuman + \u00f8 letkuksi"},"content":{"rendered":"<p><strong>\u00d8 8 mm musta letku siirtyminen 1\/2 tuuman ns. letkuliitin, ruostumatonta ter\u00e4st\u00e4<\/strong><\/p>\n<p>T\u00e4ll\u00e4 liittimell\u00e4 voit liitt\u00e4\u00e4 j\u00e4rjestelm\u00e4n normaaliin puutarhaletkuun<\/p>\n<p><a href=\"https:\/\/rodoaed.ee\/fi\/\">koti koti<\/a> <a href=\"https:\/\/rodoaed.ee\/tootekategooria\/kasvuhooned-ja-talveaiad\/\">alkaa<\/a> <a href=\"https:\/\/rodoaed.ee\/tootekategooria\/kasvuhooned-ja-talveaiad\/kasvuhoone-lisavarustus\/\">tarvikkeet<\/a> <a href=\"https:\/\/rodoaed.ee\/tootekategooria\/kasvuhooned-ja-talveaiad\/kasvuhoone-lisavarustus\/kasvuhoone-kastmine\/\">kastelu<\/a> <a href=\"https:\/\/rodoaed.ee\/?post_type=product&#038;p=22828\">iso Blumat<\/a><\/p>\n<p>&nbsp;<\/p>\n<p>&nbsp;<\/p>\n","protected":false},"excerpt":{"rendered":"<p>\u00d8 8 mm musta letku siirtyminen 1\/2 tuuman ns. letkuliitin, ruostumatonta ter\u00e4st\u00e4 T\u00e4ll\u00e4 liittimell\u00e4 voit liitt\u00e4\u00e4 j\u00e4rjestelm\u00e4n normaaliin puutarhaletkuun koti koti alkaa tarvikkeet kastelu iso Blumat &nbsp; &nbsp;<\/p>\n","protected":false},"featured_media":48380,"template":"","meta":{"_acf_changed":false},"product_brand":[],"product_cat":[1996,1984,1987,1869],"product_tag":[],"class_list":{"0":"post-53056","1":"product","2":"type-product","3":"status-publish","4":"has-post-thumbnail","6":"product_cat-blumat-liittimet-ja-adapterit","7":"product_cat-kastijarjestelmat","8":"product_cat-kasvihuoneen-kastelu","9":"product_cat-kasvihuoneen-tarvikkeet","10":"product_shipping_class-toimitus-1-3-tyopaivan-kuluessa","11":"pa_variatsioon-anturin-letkuliitannat-3-kolmikkoa-3-3-3-mm-3-3-3-mm","13":"first","14":"outofstock","15":"taxable","16":"shipping-taxable","17":"purchasable","18":"product-type-simple"},"acf":[],"yoast_head":"<!-- This site is optimized with the Yoast SEO Premium plugin v27.3 (Yoast SEO v27.3) - https:\/\/yoast.com\/product\/yoast-seo-premium-wordpress\/ -->\n<title>Muuntaminen 8 mm:n letkusta 1\/2 tuuman + \u00f8 letkuksi - Rodoaed<\/title>\n<meta name=\"robots\" content=\"index, follow, max-snippet:-1, max-image-preview:large, max-video-preview:-1\" \/>\n<link rel=\"canonical\" href=\"https:\/\/rodoaed.ee\/fi\/tuote\/muuntaminen-8-mmn-letkusta-1-2-tuuman-o-letkuksi\/\" \/>\n<meta property=\"og:locale\" content=\"fi_FI\" \/>\n<meta property=\"og:type\" content=\"article\" \/>\n<meta property=\"og:title\" content=\"Muuntaminen 8 mm:n letkusta 1\/2 tuuman + \u00f8 letkuksi\" \/>\n<meta property=\"og:description\" content=\"\u00d8 8 mm musta letku siirtyminen 1\/2 tuuman ns. letkuliitin, ruostumatonta ter\u00e4st\u00e4 T\u00e4ll\u00e4 liittimell\u00e4 voit liitt\u00e4\u00e4 j\u00e4rjestelm\u00e4n normaaliin puutarhaletkuun\" \/>\n<meta property=\"og:url\" content=\"https:\/\/rodoaed.ee\/fi\/tuote\/muuntaminen-8-mmn-letkusta-1-2-tuuman-o-letkuksi\/\" \/>\n<meta property=\"og:site_name\" content=\"Rodoaed\" \/>\n<meta property=\"article:publisher\" content=\"https:\/\/www.facebook.com\/kasvuhooned\/\" \/>\n<meta property=\"article:modified_time\" content=\"2026-04-17T07:16:29+00:00\" \/>\n<meta property=\"og:image\" content=\"https:\/\/rodoaed.ee\/wp-content\/uploads\/2024\/06\/uleminek-1-2-auf-8-mm.jpg\" \/>\n\t<meta property=\"og:image:width\" content=\"1200\" \/>\n\t<meta property=\"og:image:height\" content=\"984\" \/>\n\t<meta property=\"og:image:type\" content=\"image\/jpeg\" \/>\n<meta name=\"twitter:card\" content=\"summary_large_image\" \/>\n<script type=\"application\/ld+json\" class=\"yoast-schema-graph\">{\"@context\":\"https:\\\/\\\/schema.org\",\"@graph\":[{\"@type\":\"WebPage\",\"@id\":\"https:\\\/\\\/rodoaed.ee\\\/fi\\\/tuote\\\/muuntaminen-8-mmn-letkusta-1-2-tuuman-o-letkuksi\\\/\",\"url\":\"https:\\\/\\\/rodoaed.ee\\\/fi\\\/tuote\\\/muuntaminen-8-mmn-letkusta-1-2-tuuman-o-letkuksi\\\/\",\"name\":\"Muuntaminen 8 mm:n letkusta 1\\\/2 tuuman + \u00f8 letkuksi - Rodoaed\",\"isPartOf\":{\"@id\":\"https:\\\/\\\/rodoaed.ee\\\/#website\"},\"primaryImageOfPage\":{\"@id\":\"https:\\\/\\\/rodoaed.ee\\\/fi\\\/tuote\\\/muuntaminen-8-mmn-letkusta-1-2-tuuman-o-letkuksi\\\/#primaryimage\"},\"image\":{\"@id\":\"https:\\\/\\\/rodoaed.ee\\\/fi\\\/tuote\\\/muuntaminen-8-mmn-letkusta-1-2-tuuman-o-letkuksi\\\/#primaryimage\"},\"thumbnailUrl\":\"https:\\\/\\\/rodoaed.ee\\\/wp-content\\\/uploads\\\/2024\\\/06\\\/uleminek-1-2-auf-8-mm.jpg\",\"datePublished\":\"2024-06-11T07:12:56+00:00\",\"dateModified\":\"2026-04-17T07:16:29+00:00\",\"breadcrumb\":{\"@id\":\"https:\\\/\\\/rodoaed.ee\\\/fi\\\/tuote\\\/muuntaminen-8-mmn-letkusta-1-2-tuuman-o-letkuksi\\\/#breadcrumb\"},\"inLanguage\":\"fi\",\"potentialAction\":[{\"@type\":\"ReadAction\",\"target\":[\"https:\\\/\\\/rodoaed.ee\\\/fi\\\/tuote\\\/muuntaminen-8-mmn-letkusta-1-2-tuuman-o-letkuksi\\\/\"]}]},{\"@type\":\"ImageObject\",\"inLanguage\":\"fi\",\"@id\":\"https:\\\/\\\/rodoaed.ee\\\/fi\\\/tuote\\\/muuntaminen-8-mmn-letkusta-1-2-tuuman-o-letkuksi\\\/#primaryimage\",\"url\":\"https:\\\/\\\/rodoaed.ee\\\/wp-content\\\/uploads\\\/2024\\\/06\\\/uleminek-1-2-auf-8-mm.jpg\",\"contentUrl\":\"https:\\\/\\\/rodoaed.ee\\\/wp-content\\\/uploads\\\/2024\\\/06\\\/uleminek-1-2-auf-8-mm.jpg\",\"width\":1200,\"height\":984},{\"@type\":\"BreadcrumbList\",\"@id\":\"https:\\\/\\\/rodoaed.ee\\\/fi\\\/tuote\\\/muuntaminen-8-mmn-letkusta-1-2-tuuman-o-letkuksi\\\/#breadcrumb\",\"itemListElement\":[{\"@type\":\"ListItem\",\"position\":1,\"name\":\"Home\",\"item\":\"https:\\\/\\\/rodoaed.ee\\\/fi\\\/\"},{\"@type\":\"ListItem\",\"position\":2,\"name\":\"Osta osoitteessa\",\"item\":\"https:\\\/\\\/rodoaed.ee\\\/osta-osoitteessa\\\/\"},{\"@type\":\"ListItem\",\"position\":3,\"name\":\"Muuntaminen 8 mm:n letkusta 1\\\/2 tuuman + \u00f8 letkuksi\"}]},{\"@type\":\"WebSite\",\"@id\":\"https:\\\/\\\/rodoaed.ee\\\/#website\",\"url\":\"https:\\\/\\\/rodoaed.ee\\\/\",\"name\":\"Rodoaed\",\"description\":\"\",\"publisher\":{\"@id\":\"https:\\\/\\\/rodoaed.ee\\\/#organization\"},\"potentialAction\":[{\"@type\":\"SearchAction\",\"target\":{\"@type\":\"EntryPoint\",\"urlTemplate\":\"https:\\\/\\\/rodoaed.ee\\\/?s={search_term_string}\"},\"query-input\":{\"@type\":\"PropertyValueSpecification\",\"valueRequired\":true,\"valueName\":\"search_term_string\"}}],\"inLanguage\":\"fi\"},{\"@type\":\"Organization\",\"@id\":\"https:\\\/\\\/rodoaed.ee\\\/#organization\",\"name\":\"Rodoaed\",\"url\":\"https:\\\/\\\/rodoaed.ee\\\/\",\"logo\":{\"@type\":\"ImageObject\",\"inLanguage\":\"fi\",\"@id\":\"https:\\\/\\\/rodoaed.ee\\\/#\\\/schema\\\/logo\\\/image\\\/\",\"url\":\"https:\\\/\\\/rodoaed.ee\\\/wp-content\\\/uploads\\\/2019\\\/11\\\/rodoaed-logo-ilma-taustata.jpg\",\"contentUrl\":\"https:\\\/\\\/rodoaed.ee\\\/wp-content\\\/uploads\\\/2019\\\/11\\\/rodoaed-logo-ilma-taustata.jpg\",\"width\":769,\"height\":268,\"caption\":\"Rodoaed\"},\"image\":{\"@id\":\"https:\\\/\\\/rodoaed.ee\\\/#\\\/schema\\\/logo\\\/image\\\/\"},\"sameAs\":[\"https:\\\/\\\/www.facebook.com\\\/kasvuhooned\\\/\",\"https:\\\/\\\/rodoaed.ee\"]}]}<\/script>\n<!-- \/ Yoast SEO Premium plugin. -->","yoast_head_json":{"title":"Muuntaminen 8 mm:n letkusta 1\/2 tuuman + \u00f8 letkuksi - Rodoaed","robots":{"index":"index","follow":"follow","max-snippet":"max-snippet:-1","max-image-preview":"max-image-preview:large","max-video-preview":"max-video-preview:-1"},"canonical":"https:\/\/rodoaed.ee\/fi\/tuote\/muuntaminen-8-mmn-letkusta-1-2-tuuman-o-letkuksi\/","og_locale":"fi_FI","og_type":"article","og_title":"Muuntaminen 8 mm:n letkusta 1\/2 tuuman + \u00f8 letkuksi","og_description":"\u00d8 8 mm musta letku siirtyminen 1\/2 tuuman ns. letkuliitin, ruostumatonta ter\u00e4st\u00e4 T\u00e4ll\u00e4 liittimell\u00e4 voit liitt\u00e4\u00e4 j\u00e4rjestelm\u00e4n normaaliin puutarhaletkuun","og_url":"https:\/\/rodoaed.ee\/fi\/tuote\/muuntaminen-8-mmn-letkusta-1-2-tuuman-o-letkuksi\/","og_site_name":"Rodoaed","article_publisher":"https:\/\/www.facebook.com\/kasvuhooned\/","article_modified_time":"2026-04-17T07:16:29+00:00","og_image":[{"width":1200,"height":984,"url":"https:\/\/rodoaed.ee\/wp-content\/uploads\/2024\/06\/uleminek-1-2-auf-8-mm.jpg","type":"image\/jpeg"}],"twitter_card":"summary_large_image","schema":{"@context":"https:\/\/schema.org","@graph":[{"@type":"WebPage","@id":"https:\/\/rodoaed.ee\/fi\/tuote\/muuntaminen-8-mmn-letkusta-1-2-tuuman-o-letkuksi\/","url":"https:\/\/rodoaed.ee\/fi\/tuote\/muuntaminen-8-mmn-letkusta-1-2-tuuman-o-letkuksi\/","name":"Muuntaminen 8 mm:n letkusta 1\/2 tuuman + \u00f8 letkuksi - Rodoaed","isPartOf":{"@id":"https:\/\/rodoaed.ee\/#website"},"primaryImageOfPage":{"@id":"https:\/\/rodoaed.ee\/fi\/tuote\/muuntaminen-8-mmn-letkusta-1-2-tuuman-o-letkuksi\/#primaryimage"},"image":{"@id":"https:\/\/rodoaed.ee\/fi\/tuote\/muuntaminen-8-mmn-letkusta-1-2-tuuman-o-letkuksi\/#primaryimage"},"thumbnailUrl":"https:\/\/rodoaed.ee\/wp-content\/uploads\/2024\/06\/uleminek-1-2-auf-8-mm.jpg","datePublished":"2024-06-11T07:12:56+00:00","dateModified":"2026-04-17T07:16:29+00:00","breadcrumb":{"@id":"https:\/\/rodoaed.ee\/fi\/tuote\/muuntaminen-8-mmn-letkusta-1-2-tuuman-o-letkuksi\/#breadcrumb"},"inLanguage":"fi","potentialAction":[{"@type":"ReadAction","target":["https:\/\/rodoaed.ee\/fi\/tuote\/muuntaminen-8-mmn-letkusta-1-2-tuuman-o-letkuksi\/"]}]},{"@type":"ImageObject","inLanguage":"fi","@id":"https:\/\/rodoaed.ee\/fi\/tuote\/muuntaminen-8-mmn-letkusta-1-2-tuuman-o-letkuksi\/#primaryimage","url":"https:\/\/rodoaed.ee\/wp-content\/uploads\/2024\/06\/uleminek-1-2-auf-8-mm.jpg","contentUrl":"https:\/\/rodoaed.ee\/wp-content\/uploads\/2024\/06\/uleminek-1-2-auf-8-mm.jpg","width":1200,"height":984},{"@type":"BreadcrumbList","@id":"https:\/\/rodoaed.ee\/fi\/tuote\/muuntaminen-8-mmn-letkusta-1-2-tuuman-o-letkuksi\/#breadcrumb","itemListElement":[{"@type":"ListItem","position":1,"name":"Home","item":"https:\/\/rodoaed.ee\/fi\/"},{"@type":"ListItem","position":2,"name":"Osta osoitteessa","item":"https:\/\/rodoaed.ee\/osta-osoitteessa\/"},{"@type":"ListItem","position":3,"name":"Muuntaminen 8 mm:n letkusta 1\/2 tuuman + \u00f8 letkuksi"}]},{"@type":"WebSite","@id":"https:\/\/rodoaed.ee\/#website","url":"https:\/\/rodoaed.ee\/","name":"Rodoaed","description":"","publisher":{"@id":"https:\/\/rodoaed.ee\/#organization"},"potentialAction":[{"@type":"SearchAction","target":{"@type":"EntryPoint","urlTemplate":"https:\/\/rodoaed.ee\/?s={search_term_string}"},"query-input":{"@type":"PropertyValueSpecification","valueRequired":true,"valueName":"search_term_string"}}],"inLanguage":"fi"},{"@type":"Organization","@id":"https:\/\/rodoaed.ee\/#organization","name":"Rodoaed","url":"https:\/\/rodoaed.ee\/","logo":{"@type":"ImageObject","inLanguage":"fi","@id":"https:\/\/rodoaed.ee\/#\/schema\/logo\/image\/","url":"https:\/\/rodoaed.ee\/wp-content\/uploads\/2019\/11\/rodoaed-logo-ilma-taustata.jpg","contentUrl":"https:\/\/rodoaed.ee\/wp-content\/uploads\/2019\/11\/rodoaed-logo-ilma-taustata.jpg","width":769,"height":268,"caption":"Rodoaed"},"image":{"@id":"https:\/\/rodoaed.ee\/#\/schema\/logo\/image\/"},"sameAs":["https:\/\/www.facebook.com\/kasvuhooned\/","https:\/\/rodoaed.ee"]}]}},"_links":{"self":[{"href":"https:\/\/rodoaed.ee\/fi\/wp-json\/wp\/v2\/product\/53056","targetHints":{"allow":["GET"]}}],"collection":[{"href":"https:\/\/rodoaed.ee\/fi\/wp-json\/wp\/v2\/product"}],"about":[{"href":"https:\/\/rodoaed.ee\/fi\/wp-json\/wp\/v2\/types\/product"}],"wp:featuredmedia":[{"embeddable":true,"href":"https:\/\/rodoaed.ee\/fi\/wp-json\/wp\/v2\/media\/48380"}],"wp:attachment":[{"href":"https:\/\/rodoaed.ee\/fi\/wp-json\/wp\/v2\/media?parent=53056"}],"wp:term":[{"taxonomy":"product_brand","embeddable":true,"href":"https:\/\/rodoaed.ee\/fi\/wp-json\/wp\/v2\/product_brand?post=53056"},{"taxonomy":"product_cat","embeddable":true,"href":"https:\/\/rodoaed.ee\/fi\/wp-json\/wp\/v2\/product_cat?post=53056"},{"taxonomy":"product_tag","embeddable":true,"href":"https:\/\/rodoaed.ee\/fi\/wp-json\/wp\/v2\/product_tag?post=53056"}],"curies":[{"name":"wp","href":"https:\/\/api.w.org\/{rel}","templated":true}]}}