{"id":53063,"date":"2024-06-11T10:01:49","date_gmt":"2024-06-11T07:01:49","guid":{"rendered":"https:\/\/rodoaed.ee\/toode\/suojakorkki-keraamiselle-anturille-5kpl\/"},"modified":"2026-04-17T10:14:01","modified_gmt":"2026-04-17T07:14:01","slug":"suojakorkki-keraamiselle-anturille-5kpl","status":"publish","type":"product","link":"https:\/\/rodoaed.ee\/fi\/tuote\/suojakorkki-keraamiselle-anturille-5kpl\/","title":{"rendered":"Suojakorkki keraamiselle anturille &#8211; 5kpl"},"content":{"rendered":"<p><strong>Suojakorkki tulee anturin s\u00e4\u00e4dett\u00e4v\u00e4n korkin p\u00e4\u00e4lle. T\u00e4m\u00e4 est\u00e4\u00e4 nupin tahattoman k\u00e4\u00e4nt\u00e4misen. <\/strong><\/p>\n<p>Jos talossa on lapsia, tai jotta et vahingossa v\u00e4\u00e4nn\u00e4 sit\u00e4 itse pois paikaltaan, koska silloin joudut s\u00e4\u00e4t\u00e4m\u00e4\u00e4n sen uudelleen, kuten silloin, kun asensit sen ensimm\u00e4isen kerran.<\/p>\n<p><a href=\"https:\/\/rodoaed.ee\/fi\/\">koti koti<\/a> <a href=\"https:\/\/rodoaed.ee\/tootekategooria\/kasvuhooned-ja-talveaiad\/\">aloitus<\/a> <a href=\"https:\/\/rodoaed.ee\/tootekategooria\/kasvuhooned-ja-talveaiad\/kasvuhoone-lisavarustus\/\">tarvikkeet<\/a> <a href=\"https:\/\/rodoaed.ee\/tootekategooria\/kasvuhooned-ja-talveaiad\/kasvuhoone-lisavarustus\/kasvuhoone-kastmine\/\">kastelu<\/a><\/p>\n<p>&nbsp;<\/p>\n","protected":false},"excerpt":{"rendered":"<p>Suojakorkki tulee anturin s\u00e4\u00e4dett\u00e4v\u00e4n korkin p\u00e4\u00e4lle. T\u00e4m\u00e4 est\u00e4\u00e4 nupin tahattoman k\u00e4\u00e4nt\u00e4misen. Jos talossa on lapsia, tai jotta et vahingossa v\u00e4\u00e4nn\u00e4 sit\u00e4 itse pois paikaltaan, koska silloin joudut s\u00e4\u00e4t\u00e4m\u00e4\u00e4n sen uudelleen, kuten silloin, kun asensit sen ensimm\u00e4isen kerran. koti koti aloitus tarvikkeet kastelu &nbsp;<\/p>\n","protected":false},"featured_media":48372,"template":"","meta":{"_acf_changed":false},"product_brand":[],"product_cat":[1989,1984,1987,1869],"product_tag":[],"class_list":{"0":"post-53063","1":"product","2":"type-product","3":"status-publish","4":"has-post-thumbnail","6":"product_cat-automaattiset-kastelujarjestelmat-joissa-on-keraamiset-anturit","7":"product_cat-kastijarjestelmat","8":"product_cat-kasvihuoneen-kastelu","9":"product_cat-kasvihuoneen-tarvikkeet","10":"product_shipping_class-toimitus-1-3-tyopaivan-kuluessa","11":"pa_variatsioon-suuri-blumatin-automaattinen-kastelujarjestelma-jossa-on-40-anturia-ja-vesihanaliitanta","13":"first","14":"outofstock","15":"taxable","16":"shipping-taxable","17":"purchasable","18":"product-type-simple"},"acf":[],"yoast_head":"<!-- This site is optimized with the Yoast SEO Premium plugin v27.3 (Yoast SEO v27.3) - https:\/\/yoast.com\/product\/yoast-seo-premium-wordpress\/ -->\n<title>Suojakorkki keraamiselle anturille - 5kpl - Rodoaed<\/title>\n<meta name=\"description\" content=\"Upea uusi tapa suodattaa kaikki kiintoaineet vesis\u00e4ili\u00f6st\u00e4 ennen kuin ne p\u00e4\u00e4sev\u00e4t kasteluj\u00e4rjestelm\u00e4\u00e4n.\" \/>\n<meta name=\"robots\" content=\"index, follow, max-snippet:-1, max-image-preview:large, max-video-preview:-1\" \/>\n<link rel=\"canonical\" href=\"https:\/\/rodoaed.ee\/fi\/tuote\/suojakorkki-keraamiselle-anturille-5kpl\/\" \/>\n<meta property=\"og:locale\" content=\"fi_FI\" \/>\n<meta property=\"og:type\" content=\"article\" \/>\n<meta property=\"og:title\" content=\"Suojakorkki keraamiselle anturille - 5kpl\" \/>\n<meta property=\"og:description\" content=\"Suojakorkki tulee anturin s\u00e4\u00e4dett\u00e4v\u00e4n korkin p\u00e4\u00e4lle. T\u00e4m\u00e4 est\u00e4\u00e4 nupin tahattoman k\u00e4\u00e4nt\u00e4misen. Jos talossa on lapsia, tai jotta et vahingossa v\u00e4\u00e4nn\u00e4 sit\u00e4\" \/>\n<meta property=\"og:url\" content=\"https:\/\/rodoaed.ee\/fi\/tuote\/suojakorkki-keraamiselle-anturille-5kpl\/\" \/>\n<meta property=\"og:site_name\" content=\"Rodoaed\" \/>\n<meta property=\"article:publisher\" content=\"https:\/\/www.facebook.com\/kasvuhooned\/\" \/>\n<meta property=\"article:modified_time\" content=\"2026-04-17T07:14:01+00:00\" \/>\n<meta property=\"og:image\" content=\"https:\/\/rodoaed.ee\/wp-content\/uploads\/2024\/06\/anduri-kaitsekork_3411.jpg\" \/>\n\t<meta property=\"og:image:width\" content=\"1200\" \/>\n\t<meta property=\"og:image:height\" content=\"1200\" \/>\n\t<meta property=\"og:image:type\" content=\"image\/jpeg\" \/>\n<meta name=\"twitter:card\" content=\"summary_large_image\" \/>\n<script type=\"application\/ld+json\" class=\"yoast-schema-graph\">{\"@context\":\"https:\\\/\\\/schema.org\",\"@graph\":[{\"@type\":\"WebPage\",\"@id\":\"https:\\\/\\\/rodoaed.ee\\\/fi\\\/tuote\\\/suojakorkki-keraamiselle-anturille-5kpl\\\/\",\"url\":\"https:\\\/\\\/rodoaed.ee\\\/fi\\\/tuote\\\/suojakorkki-keraamiselle-anturille-5kpl\\\/\",\"name\":\"Suojakorkki keraamiselle anturille - 5kpl - Rodoaed\",\"isPartOf\":{\"@id\":\"https:\\\/\\\/rodoaed.ee\\\/#website\"},\"primaryImageOfPage\":{\"@id\":\"https:\\\/\\\/rodoaed.ee\\\/fi\\\/tuote\\\/suojakorkki-keraamiselle-anturille-5kpl\\\/#primaryimage\"},\"image\":{\"@id\":\"https:\\\/\\\/rodoaed.ee\\\/fi\\\/tuote\\\/suojakorkki-keraamiselle-anturille-5kpl\\\/#primaryimage\"},\"thumbnailUrl\":\"https:\\\/\\\/rodoaed.ee\\\/wp-content\\\/uploads\\\/2024\\\/06\\\/anduri-kaitsekork_3411.jpg\",\"datePublished\":\"2024-06-11T07:01:49+00:00\",\"dateModified\":\"2026-04-17T07:14:01+00:00\",\"description\":\"Upea uusi tapa suodattaa kaikki kiintoaineet vesis\u00e4ili\u00f6st\u00e4 ennen kuin ne p\u00e4\u00e4sev\u00e4t kasteluj\u00e4rjestelm\u00e4\u00e4n.\",\"breadcrumb\":{\"@id\":\"https:\\\/\\\/rodoaed.ee\\\/fi\\\/tuote\\\/suojakorkki-keraamiselle-anturille-5kpl\\\/#breadcrumb\"},\"inLanguage\":\"fi\",\"potentialAction\":[{\"@type\":\"ReadAction\",\"target\":[\"https:\\\/\\\/rodoaed.ee\\\/fi\\\/tuote\\\/suojakorkki-keraamiselle-anturille-5kpl\\\/\"]}]},{\"@type\":\"ImageObject\",\"inLanguage\":\"fi\",\"@id\":\"https:\\\/\\\/rodoaed.ee\\\/fi\\\/tuote\\\/suojakorkki-keraamiselle-anturille-5kpl\\\/#primaryimage\",\"url\":\"https:\\\/\\\/rodoaed.ee\\\/wp-content\\\/uploads\\\/2024\\\/06\\\/anduri-kaitsekork_3411.jpg\",\"contentUrl\":\"https:\\\/\\\/rodoaed.ee\\\/wp-content\\\/uploads\\\/2024\\\/06\\\/anduri-kaitsekork_3411.jpg\",\"width\":1200,\"height\":1200},{\"@type\":\"BreadcrumbList\",\"@id\":\"https:\\\/\\\/rodoaed.ee\\\/fi\\\/tuote\\\/suojakorkki-keraamiselle-anturille-5kpl\\\/#breadcrumb\",\"itemListElement\":[{\"@type\":\"ListItem\",\"position\":1,\"name\":\"Home\",\"item\":\"https:\\\/\\\/rodoaed.ee\\\/fi\\\/\"},{\"@type\":\"ListItem\",\"position\":2,\"name\":\"Osta osoitteessa\",\"item\":\"https:\\\/\\\/rodoaed.ee\\\/osta-osoitteessa\\\/\"},{\"@type\":\"ListItem\",\"position\":3,\"name\":\"Suojakorkki keraamiselle anturille &#8211; 5kpl\"}]},{\"@type\":\"WebSite\",\"@id\":\"https:\\\/\\\/rodoaed.ee\\\/#website\",\"url\":\"https:\\\/\\\/rodoaed.ee\\\/\",\"name\":\"Rodoaed\",\"description\":\"\",\"publisher\":{\"@id\":\"https:\\\/\\\/rodoaed.ee\\\/#organization\"},\"potentialAction\":[{\"@type\":\"SearchAction\",\"target\":{\"@type\":\"EntryPoint\",\"urlTemplate\":\"https:\\\/\\\/rodoaed.ee\\\/?s={search_term_string}\"},\"query-input\":{\"@type\":\"PropertyValueSpecification\",\"valueRequired\":true,\"valueName\":\"search_term_string\"}}],\"inLanguage\":\"fi\"},{\"@type\":\"Organization\",\"@id\":\"https:\\\/\\\/rodoaed.ee\\\/#organization\",\"name\":\"Rodoaed\",\"url\":\"https:\\\/\\\/rodoaed.ee\\\/\",\"logo\":{\"@type\":\"ImageObject\",\"inLanguage\":\"fi\",\"@id\":\"https:\\\/\\\/rodoaed.ee\\\/#\\\/schema\\\/logo\\\/image\\\/\",\"url\":\"https:\\\/\\\/rodoaed.ee\\\/wp-content\\\/uploads\\\/2019\\\/11\\\/rodoaed-logo-ilma-taustata.jpg\",\"contentUrl\":\"https:\\\/\\\/rodoaed.ee\\\/wp-content\\\/uploads\\\/2019\\\/11\\\/rodoaed-logo-ilma-taustata.jpg\",\"width\":769,\"height\":268,\"caption\":\"Rodoaed\"},\"image\":{\"@id\":\"https:\\\/\\\/rodoaed.ee\\\/#\\\/schema\\\/logo\\\/image\\\/\"},\"sameAs\":[\"https:\\\/\\\/www.facebook.com\\\/kasvuhooned\\\/\",\"https:\\\/\\\/rodoaed.ee\"]}]}<\/script>\n<!-- \/ Yoast SEO Premium plugin. -->","yoast_head_json":{"title":"Suojakorkki keraamiselle anturille - 5kpl - Rodoaed","description":"Upea uusi tapa suodattaa kaikki kiintoaineet vesis\u00e4ili\u00f6st\u00e4 ennen kuin ne p\u00e4\u00e4sev\u00e4t kasteluj\u00e4rjestelm\u00e4\u00e4n.","robots":{"index":"index","follow":"follow","max-snippet":"max-snippet:-1","max-image-preview":"max-image-preview:large","max-video-preview":"max-video-preview:-1"},"canonical":"https:\/\/rodoaed.ee\/fi\/tuote\/suojakorkki-keraamiselle-anturille-5kpl\/","og_locale":"fi_FI","og_type":"article","og_title":"Suojakorkki keraamiselle anturille - 5kpl","og_description":"Suojakorkki tulee anturin s\u00e4\u00e4dett\u00e4v\u00e4n korkin p\u00e4\u00e4lle. T\u00e4m\u00e4 est\u00e4\u00e4 nupin tahattoman k\u00e4\u00e4nt\u00e4misen. Jos talossa on lapsia, tai jotta et vahingossa v\u00e4\u00e4nn\u00e4 sit\u00e4","og_url":"https:\/\/rodoaed.ee\/fi\/tuote\/suojakorkki-keraamiselle-anturille-5kpl\/","og_site_name":"Rodoaed","article_publisher":"https:\/\/www.facebook.com\/kasvuhooned\/","article_modified_time":"2026-04-17T07:14:01+00:00","og_image":[{"width":1200,"height":1200,"url":"https:\/\/rodoaed.ee\/wp-content\/uploads\/2024\/06\/anduri-kaitsekork_3411.jpg","type":"image\/jpeg"}],"twitter_card":"summary_large_image","schema":{"@context":"https:\/\/schema.org","@graph":[{"@type":"WebPage","@id":"https:\/\/rodoaed.ee\/fi\/tuote\/suojakorkki-keraamiselle-anturille-5kpl\/","url":"https:\/\/rodoaed.ee\/fi\/tuote\/suojakorkki-keraamiselle-anturille-5kpl\/","name":"Suojakorkki keraamiselle anturille - 5kpl - Rodoaed","isPartOf":{"@id":"https:\/\/rodoaed.ee\/#website"},"primaryImageOfPage":{"@id":"https:\/\/rodoaed.ee\/fi\/tuote\/suojakorkki-keraamiselle-anturille-5kpl\/#primaryimage"},"image":{"@id":"https:\/\/rodoaed.ee\/fi\/tuote\/suojakorkki-keraamiselle-anturille-5kpl\/#primaryimage"},"thumbnailUrl":"https:\/\/rodoaed.ee\/wp-content\/uploads\/2024\/06\/anduri-kaitsekork_3411.jpg","datePublished":"2024-06-11T07:01:49+00:00","dateModified":"2026-04-17T07:14:01+00:00","description":"Upea uusi tapa suodattaa kaikki kiintoaineet vesis\u00e4ili\u00f6st\u00e4 ennen kuin ne p\u00e4\u00e4sev\u00e4t kasteluj\u00e4rjestelm\u00e4\u00e4n.","breadcrumb":{"@id":"https:\/\/rodoaed.ee\/fi\/tuote\/suojakorkki-keraamiselle-anturille-5kpl\/#breadcrumb"},"inLanguage":"fi","potentialAction":[{"@type":"ReadAction","target":["https:\/\/rodoaed.ee\/fi\/tuote\/suojakorkki-keraamiselle-anturille-5kpl\/"]}]},{"@type":"ImageObject","inLanguage":"fi","@id":"https:\/\/rodoaed.ee\/fi\/tuote\/suojakorkki-keraamiselle-anturille-5kpl\/#primaryimage","url":"https:\/\/rodoaed.ee\/wp-content\/uploads\/2024\/06\/anduri-kaitsekork_3411.jpg","contentUrl":"https:\/\/rodoaed.ee\/wp-content\/uploads\/2024\/06\/anduri-kaitsekork_3411.jpg","width":1200,"height":1200},{"@type":"BreadcrumbList","@id":"https:\/\/rodoaed.ee\/fi\/tuote\/suojakorkki-keraamiselle-anturille-5kpl\/#breadcrumb","itemListElement":[{"@type":"ListItem","position":1,"name":"Home","item":"https:\/\/rodoaed.ee\/fi\/"},{"@type":"ListItem","position":2,"name":"Osta osoitteessa","item":"https:\/\/rodoaed.ee\/osta-osoitteessa\/"},{"@type":"ListItem","position":3,"name":"Suojakorkki keraamiselle anturille &#8211; 5kpl"}]},{"@type":"WebSite","@id":"https:\/\/rodoaed.ee\/#website","url":"https:\/\/rodoaed.ee\/","name":"Rodoaed","description":"","publisher":{"@id":"https:\/\/rodoaed.ee\/#organization"},"potentialAction":[{"@type":"SearchAction","target":{"@type":"EntryPoint","urlTemplate":"https:\/\/rodoaed.ee\/?s={search_term_string}"},"query-input":{"@type":"PropertyValueSpecification","valueRequired":true,"valueName":"search_term_string"}}],"inLanguage":"fi"},{"@type":"Organization","@id":"https:\/\/rodoaed.ee\/#organization","name":"Rodoaed","url":"https:\/\/rodoaed.ee\/","logo":{"@type":"ImageObject","inLanguage":"fi","@id":"https:\/\/rodoaed.ee\/#\/schema\/logo\/image\/","url":"https:\/\/rodoaed.ee\/wp-content\/uploads\/2019\/11\/rodoaed-logo-ilma-taustata.jpg","contentUrl":"https:\/\/rodoaed.ee\/wp-content\/uploads\/2019\/11\/rodoaed-logo-ilma-taustata.jpg","width":769,"height":268,"caption":"Rodoaed"},"image":{"@id":"https:\/\/rodoaed.ee\/#\/schema\/logo\/image\/"},"sameAs":["https:\/\/www.facebook.com\/kasvuhooned\/","https:\/\/rodoaed.ee"]}]}},"_links":{"self":[{"href":"https:\/\/rodoaed.ee\/fi\/wp-json\/wp\/v2\/product\/53063","targetHints":{"allow":["GET"]}}],"collection":[{"href":"https:\/\/rodoaed.ee\/fi\/wp-json\/wp\/v2\/product"}],"about":[{"href":"https:\/\/rodoaed.ee\/fi\/wp-json\/wp\/v2\/types\/product"}],"wp:featuredmedia":[{"embeddable":true,"href":"https:\/\/rodoaed.ee\/fi\/wp-json\/wp\/v2\/media\/48372"}],"wp:attachment":[{"href":"https:\/\/rodoaed.ee\/fi\/wp-json\/wp\/v2\/media?parent=53063"}],"wp:term":[{"taxonomy":"product_brand","embeddable":true,"href":"https:\/\/rodoaed.ee\/fi\/wp-json\/wp\/v2\/product_brand?post=53063"},{"taxonomy":"product_cat","embeddable":true,"href":"https:\/\/rodoaed.ee\/fi\/wp-json\/wp\/v2\/product_cat?post=53063"},{"taxonomy":"product_tag","embeddable":true,"href":"https:\/\/rodoaed.ee\/fi\/wp-json\/wp\/v2\/product_tag?post=53063"}],"curies":[{"name":"wp","href":"https:\/\/api.w.org\/{rel}","templated":true}]}}