{"id":53064,"date":"2024-07-01T15:10:45","date_gmt":"2024-07-01T12:10:45","guid":{"rendered":"https:\/\/rodoaed.ee\/toode\/pesakotelo-kapylle-naamiointivarissa-1za\/"},"modified":"2026-04-17T10:18:26","modified_gmt":"2026-04-17T07:18:26","slug":"pesakotelo-kapylle-naamiointivarissa-1za","status":"publish","type":"product","link":"https:\/\/rodoaed.ee\/fi\/tuote\/pesakotelo-kapylle-naamiointivarissa-1za\/","title":{"rendered":"Pes\u00e4kotelo k\u00e4pylle naamiointiv\u00e4riss\u00e4 1ZA"},"content":{"rendered":"<p><strong>Patentoitu ja testattu muotoiltu k\u00e4pykuoriaisten pes\u00e4kotelo on osoittautunut suureksi menestykseksi k\u00e4pykuoriaisten keskuudessa. Toukka on hyvin vaativa eik\u00e4 yleens\u00e4 k\u00e4yt\u00e4 keinotekoisia pesi\u00e4, mutta t\u00e4m\u00e4 malli on otettu helposti k\u00e4ytt\u00f6\u00f6n. <\/strong><\/p>\n<p>Erikoisk\u00e4ytt\u00f6\u00f6n tarkoitettu py\u00f6re\u00e4kartioinen pes\u00e4laatikko on ihanteellinen suojapaikka linnuille, joissa ne voivat kasvattaa j\u00e4lkel\u00e4isi\u00e4\u00e4n turvallisesti. Koska meill\u00e4 on tapana pit\u00e4\u00e4 puutarhamme liian puhtaina, linnuille, erityisesti k\u00e4kik\u00f6lle, ei ole sopivia suojapaikkoja. Pitk\u00e4aikaiset tutkimukset ovat osoittaneet, ett\u00e4 k\u00e4ki suosii t\u00e4m\u00e4n kokoisia ja muotoisia suljettuja py\u00f6reit\u00e4 pes\u00e4koteloita. Ne vuorailevat jo itse pes\u00e4koteloita sammalilla, karvoilla ja h\u00f6yhenill\u00e4. Koska pes\u00e4laatikko on valmistettu vahvasta puu- ja betoniseoksesta, se suojaa my\u00f6s petoel\u00e4imilt\u00e4.    <\/p>\n<p>T\u00e4m\u00e4 pes\u00e4kotelo ei ole vain pes\u00e4paikka linnuille, vaan my\u00f6s turvallinen paikka, jossa ne voivat lev\u00e4t\u00e4 talvella.<\/p>\n<p><strong>Pes\u00e4laatikon asennuspaikka:<\/strong><\/p>\n<p>Kuoriaiset pesiv\u00e4t mielell\u00e4\u00e4n pensaiden alla ja l\u00e4hell\u00e4 maata. Ne eiv\u00e4t ole kovin hyvi\u00e4 lent\u00e4ji\u00e4, vaan liikkuvat mieluummin hyppim\u00e4ll\u00e4. Ripustuslenkki on valmistettu sinkityst\u00e4 ter\u00e4ksest\u00e4, ja se on eritt\u00e4in k\u00e4tev\u00e4 kiinnitt\u00e4\u00e4 esimerkiksi sahattuihin oksiin.  <\/p>\n<p>Ripusta pes\u00e4laatikko varjoisaan paikkaan aluskasvillisuuteen. Sen voi ripustaa my\u00f6s k\u00e4ytt\u00e4m\u00e4tt\u00f6mien puulautojen kasan p\u00e4\u00e4lle, harjukasan reunalle jne. Jos se ripustetaan todella avoimeen paikkaan puutarhassa, se houkuttelee paikalle my\u00f6s muita pesim\u00e4lintuja, kuten sinitiaisia, mustarastasoita, harmaasieppoja ja varpusia.  <\/p>\n<p><strong>Puhdistus ja tarkastus:<\/strong><\/p>\n<p>Helppo puhdistaa ja tarkastaa irrotettavan yl\u00e4paneelin ansiosta.<\/p>\n<p>Suosittelemme kuitenkin, ettet koske pes\u00e4\u00e4n tai h\u00e4iritse lintuja huhtikuun ja kes\u00e4kuun lopun v\u00e4lisen\u00e4 aikana. Syksyll\u00e4 pes\u00e4kotelo on helppo purkaa ja puhdistaa. <\/p>\n<p><strong>Materiaali:<\/strong><\/p>\n<p>SCHWEGLER ilmaa l\u00e4p\u00e4isev\u00e4 ja pitk\u00e4ik\u00e4inen puubetoni<\/p>\n<p><strong>Setti sis\u00e4lt\u00e4\u00e4:<\/strong><\/p>\n<ul>\n<li>Pes\u00e4laatikko, jossa on irrotettava yl\u00e4paneeli<\/li>\n<li>Ripustuskannatin sinkitty\u00e4 ter\u00e4st\u00e4 oksalle tai pensaaseen kiinnitt\u00e4mist\u00e4 varten.<\/li>\n<li>Pes\u00e4laatikko toimitetaan kauniissa lahjapakkauksessa<\/li>\n<\/ul>\n<p><strong>Pes\u00e4kotelon koko:<\/strong><\/p>\n<p>Pallon halkaisija on noin 18,5 cm ja ripustuskaapelin pituus on 20 cm.<\/p>\n<p><strong>Lentoreitin koko:<\/strong><\/p>\n<p>&#8211; 30 x 27 mm aukko<\/p>\n<p><strong>Kuka t\u00e4ytt\u00e4\u00e4 pes\u00e4kotelon:<\/strong><\/p>\n<p><em><em>Kehto<\/em><\/em><\/p>\n<p><strong>Pes\u00e4kotelon paino:<\/strong> 2 kg<\/p>\n<p><em>       <\/em><\/p>\n<p>&nbsp;<\/p>\n<p>&nbsp;<\/p>\n","protected":false},"excerpt":{"rendered":"<p>Patentoitu ja testattu muotoiltu k\u00e4pykuoriaisten pes\u00e4kotelo on osoittautunut suureksi menestykseksi k\u00e4pykuoriaisten keskuudessa. Toukka on hyvin vaativa eik\u00e4 yleens\u00e4 k\u00e4yt\u00e4 keinotekoisia pesi\u00e4, mutta t\u00e4m\u00e4 malli on otettu helposti k\u00e4ytt\u00f6\u00f6n. Erikoisk\u00e4ytt\u00f6\u00f6n tarkoitettu py\u00f6re\u00e4kartioinen pes\u00e4laatikko on ihanteellinen suojapaikka linnuille, joissa ne voivat kasvattaa j\u00e4lkel\u00e4isi\u00e4\u00e4n turvallisesti. Koska meill\u00e4 on tapana pit\u00e4\u00e4 puutarhamme liian puhtaina, linnuille, erityisesti k\u00e4kik\u00f6lle, ei ole sopivia suojapaikkoja. Pitk\u00e4aikaiset tutkimukset ovat osoittaneet, ett\u00e4 k\u00e4ki suosii t\u00e4m\u00e4n&#8230;<\/p>\n","protected":false},"featured_media":18248,"template":"","meta":{"_acf_changed":false},"product_brand":[],"product_cat":[1986,1953,1851],"product_tag":[],"class_list":{"0":"post-53064","1":"product","2":"type-product","3":"status-publish","4":"has-post-thumbnail","6":"product_cat-kovakuoriaisen-pesakotelo","7":"product_cat-lintujen-pesakotelot","8":"product_cat-pesakotelot","9":"product_shipping_class-toimitus-1-3-tyopaivan-kuluessa","10":"pa_variatsioon-pesalaatikko-kartiokukalle-on-now","12":"first","13":"outofstock","14":"sale","15":"taxable","16":"shipping-taxable","17":"purchasable","18":"product-type-simple"},"acf":[],"yoast_head":"<!-- This site is optimized with the Yoast SEO Premium plugin v27.3 (Yoast SEO v27.3) - https:\/\/yoast.com\/product\/yoast-seo-premium-wordpress\/ -->\n<title>Pes\u00e4kotelo k\u00e4pylle naamiointiv\u00e4riss\u00e4 1ZA - Rodoaed<\/title>\n<meta name=\"robots\" content=\"index, follow, max-snippet:-1, max-image-preview:large, max-video-preview:-1\" \/>\n<link rel=\"canonical\" href=\"https:\/\/rodoaed.ee\/fi\/tuote\/pesakotelo-kapylle-naamiointivarissa-1za\/\" \/>\n<meta property=\"og:locale\" content=\"fi_FI\" \/>\n<meta property=\"og:type\" content=\"article\" \/>\n<meta property=\"og:title\" content=\"Pes\u00e4kotelo k\u00e4pylle naamiointiv\u00e4riss\u00e4 1ZA\" \/>\n<meta property=\"og:description\" content=\"Patentoitu ja testattu muotoiltu k\u00e4pykuoriaisten pes\u00e4kotelo on osoittautunut suureksi menestykseksi k\u00e4pykuoriaisten keskuudessa. Toukka on hyvin vaativa\" \/>\n<meta property=\"og:url\" content=\"https:\/\/rodoaed.ee\/fi\/tuote\/pesakotelo-kapylle-naamiointivarissa-1za\/\" \/>\n<meta property=\"og:site_name\" content=\"Rodoaed\" \/>\n<meta property=\"article:publisher\" content=\"https:\/\/www.facebook.com\/kasvuhooned\/\" \/>\n<meta property=\"article:modified_time\" content=\"2026-04-17T07:18:26+00:00\" \/>\n<meta property=\"og:image\" content=\"https:\/\/rodoaed.ee\/wp-content\/uploads\/2019\/07\/Pesakast-1ZA_k\u00e4blikule_punane.jpg\" \/>\n\t<meta property=\"og:image:width\" content=\"300\" \/>\n\t<meta property=\"og:image:height\" content=\"400\" \/>\n\t<meta property=\"og:image:type\" content=\"image\/jpeg\" \/>\n<meta name=\"twitter:card\" content=\"summary_large_image\" \/>\n<meta name=\"twitter:label1\" content=\"Arvioitu lukuaika\" \/>\n\t<meta name=\"twitter:data1\" content=\"2 minuuttia\" \/>\n<script type=\"application\/ld+json\" class=\"yoast-schema-graph\">{\"@context\":\"https:\\\/\\\/schema.org\",\"@graph\":[{\"@type\":\"WebPage\",\"@id\":\"https:\\\/\\\/rodoaed.ee\\\/fi\\\/tuote\\\/pesakotelo-kapylle-naamiointivarissa-1za\\\/\",\"url\":\"https:\\\/\\\/rodoaed.ee\\\/fi\\\/tuote\\\/pesakotelo-kapylle-naamiointivarissa-1za\\\/\",\"name\":\"Pes\u00e4kotelo k\u00e4pylle naamiointiv\u00e4riss\u00e4 1ZA - Rodoaed\",\"isPartOf\":{\"@id\":\"https:\\\/\\\/rodoaed.ee\\\/#website\"},\"primaryImageOfPage\":{\"@id\":\"https:\\\/\\\/rodoaed.ee\\\/fi\\\/tuote\\\/pesakotelo-kapylle-naamiointivarissa-1za\\\/#primaryimage\"},\"image\":{\"@id\":\"https:\\\/\\\/rodoaed.ee\\\/fi\\\/tuote\\\/pesakotelo-kapylle-naamiointivarissa-1za\\\/#primaryimage\"},\"thumbnailUrl\":\"https:\\\/\\\/rodoaed.ee\\\/wp-content\\\/uploads\\\/2019\\\/07\\\/Pesakast-1ZA_k\u00e4blikule_punane.jpg\",\"datePublished\":\"2024-07-01T12:10:45+00:00\",\"dateModified\":\"2026-04-17T07:18:26+00:00\",\"breadcrumb\":{\"@id\":\"https:\\\/\\\/rodoaed.ee\\\/fi\\\/tuote\\\/pesakotelo-kapylle-naamiointivarissa-1za\\\/#breadcrumb\"},\"inLanguage\":\"fi\",\"potentialAction\":[{\"@type\":\"ReadAction\",\"target\":[\"https:\\\/\\\/rodoaed.ee\\\/fi\\\/tuote\\\/pesakotelo-kapylle-naamiointivarissa-1za\\\/\"]}]},{\"@type\":\"ImageObject\",\"inLanguage\":\"fi\",\"@id\":\"https:\\\/\\\/rodoaed.ee\\\/fi\\\/tuote\\\/pesakotelo-kapylle-naamiointivarissa-1za\\\/#primaryimage\",\"url\":\"https:\\\/\\\/rodoaed.ee\\\/wp-content\\\/uploads\\\/2019\\\/07\\\/Pesakast-1ZA_k\u00e4blikule_punane.jpg\",\"contentUrl\":\"https:\\\/\\\/rodoaed.ee\\\/wp-content\\\/uploads\\\/2019\\\/07\\\/Pesakast-1ZA_k\u00e4blikule_punane.jpg\",\"width\":300,\"height\":400},{\"@type\":\"BreadcrumbList\",\"@id\":\"https:\\\/\\\/rodoaed.ee\\\/fi\\\/tuote\\\/pesakotelo-kapylle-naamiointivarissa-1za\\\/#breadcrumb\",\"itemListElement\":[{\"@type\":\"ListItem\",\"position\":1,\"name\":\"Home\",\"item\":\"https:\\\/\\\/rodoaed.ee\\\/fi\\\/\"},{\"@type\":\"ListItem\",\"position\":2,\"name\":\"Osta osoitteessa\",\"item\":\"https:\\\/\\\/rodoaed.ee\\\/osta-osoitteessa\\\/\"},{\"@type\":\"ListItem\",\"position\":3,\"name\":\"Pes\u00e4kotelo k\u00e4pylle naamiointiv\u00e4riss\u00e4 1ZA\"}]},{\"@type\":\"WebSite\",\"@id\":\"https:\\\/\\\/rodoaed.ee\\\/#website\",\"url\":\"https:\\\/\\\/rodoaed.ee\\\/\",\"name\":\"Rodoaed\",\"description\":\"\",\"publisher\":{\"@id\":\"https:\\\/\\\/rodoaed.ee\\\/#organization\"},\"potentialAction\":[{\"@type\":\"SearchAction\",\"target\":{\"@type\":\"EntryPoint\",\"urlTemplate\":\"https:\\\/\\\/rodoaed.ee\\\/?s={search_term_string}\"},\"query-input\":{\"@type\":\"PropertyValueSpecification\",\"valueRequired\":true,\"valueName\":\"search_term_string\"}}],\"inLanguage\":\"fi\"},{\"@type\":\"Organization\",\"@id\":\"https:\\\/\\\/rodoaed.ee\\\/#organization\",\"name\":\"Rodoaed\",\"url\":\"https:\\\/\\\/rodoaed.ee\\\/\",\"logo\":{\"@type\":\"ImageObject\",\"inLanguage\":\"fi\",\"@id\":\"https:\\\/\\\/rodoaed.ee\\\/#\\\/schema\\\/logo\\\/image\\\/\",\"url\":\"https:\\\/\\\/rodoaed.ee\\\/wp-content\\\/uploads\\\/2019\\\/11\\\/rodoaed-logo-ilma-taustata.jpg\",\"contentUrl\":\"https:\\\/\\\/rodoaed.ee\\\/wp-content\\\/uploads\\\/2019\\\/11\\\/rodoaed-logo-ilma-taustata.jpg\",\"width\":769,\"height\":268,\"caption\":\"Rodoaed\"},\"image\":{\"@id\":\"https:\\\/\\\/rodoaed.ee\\\/#\\\/schema\\\/logo\\\/image\\\/\"},\"sameAs\":[\"https:\\\/\\\/www.facebook.com\\\/kasvuhooned\\\/\",\"https:\\\/\\\/rodoaed.ee\"]}]}<\/script>\n<!-- \/ Yoast SEO Premium plugin. -->","yoast_head_json":{"title":"Pes\u00e4kotelo k\u00e4pylle naamiointiv\u00e4riss\u00e4 1ZA - Rodoaed","robots":{"index":"index","follow":"follow","max-snippet":"max-snippet:-1","max-image-preview":"max-image-preview:large","max-video-preview":"max-video-preview:-1"},"canonical":"https:\/\/rodoaed.ee\/fi\/tuote\/pesakotelo-kapylle-naamiointivarissa-1za\/","og_locale":"fi_FI","og_type":"article","og_title":"Pes\u00e4kotelo k\u00e4pylle naamiointiv\u00e4riss\u00e4 1ZA","og_description":"Patentoitu ja testattu muotoiltu k\u00e4pykuoriaisten pes\u00e4kotelo on osoittautunut suureksi menestykseksi k\u00e4pykuoriaisten keskuudessa. Toukka on hyvin vaativa","og_url":"https:\/\/rodoaed.ee\/fi\/tuote\/pesakotelo-kapylle-naamiointivarissa-1za\/","og_site_name":"Rodoaed","article_publisher":"https:\/\/www.facebook.com\/kasvuhooned\/","article_modified_time":"2026-04-17T07:18:26+00:00","og_image":[{"width":300,"height":400,"url":"https:\/\/rodoaed.ee\/wp-content\/uploads\/2019\/07\/Pesakast-1ZA_k\u00e4blikule_punane.jpg","type":"image\/jpeg"}],"twitter_card":"summary_large_image","twitter_misc":{"Arvioitu lukuaika":"2 minuuttia"},"schema":{"@context":"https:\/\/schema.org","@graph":[{"@type":"WebPage","@id":"https:\/\/rodoaed.ee\/fi\/tuote\/pesakotelo-kapylle-naamiointivarissa-1za\/","url":"https:\/\/rodoaed.ee\/fi\/tuote\/pesakotelo-kapylle-naamiointivarissa-1za\/","name":"Pes\u00e4kotelo k\u00e4pylle naamiointiv\u00e4riss\u00e4 1ZA - Rodoaed","isPartOf":{"@id":"https:\/\/rodoaed.ee\/#website"},"primaryImageOfPage":{"@id":"https:\/\/rodoaed.ee\/fi\/tuote\/pesakotelo-kapylle-naamiointivarissa-1za\/#primaryimage"},"image":{"@id":"https:\/\/rodoaed.ee\/fi\/tuote\/pesakotelo-kapylle-naamiointivarissa-1za\/#primaryimage"},"thumbnailUrl":"https:\/\/rodoaed.ee\/wp-content\/uploads\/2019\/07\/Pesakast-1ZA_k\u00e4blikule_punane.jpg","datePublished":"2024-07-01T12:10:45+00:00","dateModified":"2026-04-17T07:18:26+00:00","breadcrumb":{"@id":"https:\/\/rodoaed.ee\/fi\/tuote\/pesakotelo-kapylle-naamiointivarissa-1za\/#breadcrumb"},"inLanguage":"fi","potentialAction":[{"@type":"ReadAction","target":["https:\/\/rodoaed.ee\/fi\/tuote\/pesakotelo-kapylle-naamiointivarissa-1za\/"]}]},{"@type":"ImageObject","inLanguage":"fi","@id":"https:\/\/rodoaed.ee\/fi\/tuote\/pesakotelo-kapylle-naamiointivarissa-1za\/#primaryimage","url":"https:\/\/rodoaed.ee\/wp-content\/uploads\/2019\/07\/Pesakast-1ZA_k\u00e4blikule_punane.jpg","contentUrl":"https:\/\/rodoaed.ee\/wp-content\/uploads\/2019\/07\/Pesakast-1ZA_k\u00e4blikule_punane.jpg","width":300,"height":400},{"@type":"BreadcrumbList","@id":"https:\/\/rodoaed.ee\/fi\/tuote\/pesakotelo-kapylle-naamiointivarissa-1za\/#breadcrumb","itemListElement":[{"@type":"ListItem","position":1,"name":"Home","item":"https:\/\/rodoaed.ee\/fi\/"},{"@type":"ListItem","position":2,"name":"Osta osoitteessa","item":"https:\/\/rodoaed.ee\/osta-osoitteessa\/"},{"@type":"ListItem","position":3,"name":"Pes\u00e4kotelo k\u00e4pylle naamiointiv\u00e4riss\u00e4 1ZA"}]},{"@type":"WebSite","@id":"https:\/\/rodoaed.ee\/#website","url":"https:\/\/rodoaed.ee\/","name":"Rodoaed","description":"","publisher":{"@id":"https:\/\/rodoaed.ee\/#organization"},"potentialAction":[{"@type":"SearchAction","target":{"@type":"EntryPoint","urlTemplate":"https:\/\/rodoaed.ee\/?s={search_term_string}"},"query-input":{"@type":"PropertyValueSpecification","valueRequired":true,"valueName":"search_term_string"}}],"inLanguage":"fi"},{"@type":"Organization","@id":"https:\/\/rodoaed.ee\/#organization","name":"Rodoaed","url":"https:\/\/rodoaed.ee\/","logo":{"@type":"ImageObject","inLanguage":"fi","@id":"https:\/\/rodoaed.ee\/#\/schema\/logo\/image\/","url":"https:\/\/rodoaed.ee\/wp-content\/uploads\/2019\/11\/rodoaed-logo-ilma-taustata.jpg","contentUrl":"https:\/\/rodoaed.ee\/wp-content\/uploads\/2019\/11\/rodoaed-logo-ilma-taustata.jpg","width":769,"height":268,"caption":"Rodoaed"},"image":{"@id":"https:\/\/rodoaed.ee\/#\/schema\/logo\/image\/"},"sameAs":["https:\/\/www.facebook.com\/kasvuhooned\/","https:\/\/rodoaed.ee"]}]}},"_links":{"self":[{"href":"https:\/\/rodoaed.ee\/fi\/wp-json\/wp\/v2\/product\/53064","targetHints":{"allow":["GET"]}}],"collection":[{"href":"https:\/\/rodoaed.ee\/fi\/wp-json\/wp\/v2\/product"}],"about":[{"href":"https:\/\/rodoaed.ee\/fi\/wp-json\/wp\/v2\/types\/product"}],"wp:featuredmedia":[{"embeddable":true,"href":"https:\/\/rodoaed.ee\/fi\/wp-json\/wp\/v2\/media\/18248"}],"wp:attachment":[{"href":"https:\/\/rodoaed.ee\/fi\/wp-json\/wp\/v2\/media?parent=53064"}],"wp:term":[{"taxonomy":"product_brand","embeddable":true,"href":"https:\/\/rodoaed.ee\/fi\/wp-json\/wp\/v2\/product_brand?post=53064"},{"taxonomy":"product_cat","embeddable":true,"href":"https:\/\/rodoaed.ee\/fi\/wp-json\/wp\/v2\/product_cat?post=53064"},{"taxonomy":"product_tag","embeddable":true,"href":"https:\/\/rodoaed.ee\/fi\/wp-json\/wp\/v2\/product_tag?post=53064"}],"curies":[{"name":"wp","href":"https:\/\/api.w.org\/{rel}","templated":true}]}}