{"id":53066,"date":"2024-11-27T22:49:35","date_gmt":"2024-11-27T20:49:35","guid":{"rendered":"https:\/\/rodoaed.ee\/toode\/kasvilamppu-led-20w-meine-orangerie-sitrushedelmien-talvehtimisvalaisin-uutuus-esittelyhinta\/"},"modified":"2026-04-17T10:18:12","modified_gmt":"2026-04-17T07:18:12","slug":"kasvilamppu-led-20w-meine-orangerie-sitrushedelmien-talvehtimisvalaisin-uutuus-esittelyhinta","status":"publish","type":"product","link":"https:\/\/rodoaed.ee\/fi\/tuote\/kasvilamppu-led-20w-meine-orangerie-sitrushedelmien-talvehtimisvalaisin-uutuus-esittelyhinta\/","title":{"rendered":"Kasvilamppu LED 20W Meine Orangerie &#8211; Sitrushedelmien talvehtimisvalaisin- UUTUUS &#8211; esittelyhinta!"},"content":{"rendered":"<p><strong>T\u00e4yden spektrin kasvilamppu. Suunniteltu erityisesti sitrushedelmien talvehtimiseen, mutta sopii tietysti kaikille huonekasveille. Antaa huonekasveille talvella tarvittavaa lis\u00e4valoa.  <\/strong><\/p>\n<p>T\u00e4m\u00e4n valaisimen valospektri on viritetty eritt\u00e4in huolellisesti, jotta vaativimmatkin sitruspuut, kuten sitruunat, appelsiinit ja greippi, voivat nauttia siit\u00e4. Harva lamppu voi v\u00e4itt\u00e4\u00e4 pystyv\u00e4ns\u00e4 t\u00e4h\u00e4n. Muut huonekasvit ovat yleens\u00e4 v\u00e4hemm\u00e4n vaativia.  <\/p>\n<h4>T\u00e4rkeimm\u00e4t ominaisuudet<\/h4>\n<ul class=\"list-with-checkmarks\">\n<li>t\u00e4yden spektrin LED-valaisin<\/li>\n<li>teho 20W<\/li>\n<li>sein\u00e4- tai jalustakiinnike tai ripustusteline<\/li>\n<li>120 asteen s\u00e4dekulma<\/li>\n<li>mitat 3,7 x 11 x 15 cm<\/li>\n<li>paino 380 g<\/li>\n<li>vankka metallikotelo<\/li>\n<\/ul>\n<p>&nbsp;<\/p>\n<div><a href=\"https:\/\/rodoaed.ee\/fi\/\">kotisivu<\/a> <a href=\"https:\/\/rodoaed.ee\/tootekategooria\/kasvuhooned-ja-talveaiad\/\">k\u00e4ynnist\u00e4<\/a> <a href=\"https:\/\/rodoaed.ee\/tootekategooria\/kasvuhooned-ja-talveaiad\/kasvuhoone-lisavarustus\/\">tarvikkeet<\/a> <a href=\"https:\/\/rodoaed.ee\/tootekategooria\/kasvuhooned-ja-talveaiad\/kasvuhoone-lisavarustus\/kasvuhoone-valgustus\/\">valaistus<\/a><\/div>\n<div>\n<div><\/div>\n<\/div>\n","protected":false},"excerpt":{"rendered":"<p>T\u00e4yden spektrin kasvilamppu. Suunniteltu erityisesti sitrushedelmien talvehtimiseen, mutta sopii tietysti kaikille huonekasveille. Antaa huonekasveille talvella tarvittavaa lis\u00e4valoa. T\u00e4m\u00e4n valaisimen valospektri on viritetty eritt\u00e4in huolellisesti, jotta vaativimmatkin sitruspuut, kuten sitruunat, appelsiinit ja greippi, voivat nauttia siit\u00e4. Harva lamppu voi v\u00e4itt\u00e4\u00e4 pystyv\u00e4ns\u00e4 t\u00e4h\u00e4n. Muut huonekasvit ovat yleens\u00e4 v\u00e4hemm\u00e4n vaativia. T\u00e4rkeimm\u00e4t ominaisuudet t\u00e4yden spektrin LED-valaisin teho 20W sein\u00e4- tai jalustakiinnike tai ripustusteline 120 asteen s\u00e4dekulma mitat 3,7 x&#8230;<\/p>\n","protected":false},"featured_media":49290,"template":"","meta":{"_acf_changed":false},"product_brand":[],"product_cat":[1811,1869,1870,1871],"product_tag":[],"class_list":{"0":"post-53066","1":"product","2":"type-product","3":"status-publish","4":"has-post-thumbnail","6":"product_cat-kasvien-kasvattaminen","7":"product_cat-kasvihuoneen-tarvikkeet","8":"product_cat-kasvihuoneen-valaistus","9":"product_cat-kasvisipulit","10":"product_shipping_class-toimitus-1-3-tyopaivan-kuluessa","11":"pa_variatsioon-energiaa-saastava-kasvilamppu-l15","13":"first","14":"instock","15":"sale","16":"taxable","17":"shipping-taxable","18":"purchasable","19":"product-type-simple"},"acf":[],"yoast_head":"<!-- This site is optimized with the Yoast SEO Premium plugin v27.3 (Yoast SEO v27.3) - https:\/\/yoast.com\/product\/yoast-seo-premium-wordpress\/ -->\n<title>Kasvilamppu LED 20W Meine Orangerie - Sitrushedelmien talvehtimisvalaisin- UUTUUS - esittelyhinta! - Rodoaed<\/title>\n<meta name=\"description\" content=\"Anna kasveillesi parhaat mahdolliset kasvuolosuhteet ymp\u00e4ri vuoden antamalla niille t\u00e4yden spektrin valoa my\u00f6s vuoden pimeimpin\u00e4 kuukausina.\" \/>\n<meta name=\"robots\" content=\"index, follow, max-snippet:-1, max-image-preview:large, max-video-preview:-1\" \/>\n<link rel=\"canonical\" href=\"https:\/\/rodoaed.ee\/fi\/tuote\/kasvilamppu-led-20w-meine-orangerie-sitrushedelmien-talvehtimisvalaisin-uutuus-esittelyhinta\/\" \/>\n<meta property=\"og:locale\" content=\"fi_FI\" \/>\n<meta property=\"og:type\" content=\"article\" \/>\n<meta property=\"og:title\" content=\"Kasvilamppu LED 20W Meine Orangerie - Sitrushedelmien talvehtimisvalaisin- UUTUUS - esittelyhinta!\" \/>\n<meta property=\"og:description\" content=\"T\u00e4yden spektrin kasvilamppu. Suunniteltu erityisesti sitrushedelmien talvehtimiseen, mutta sopii tietysti kaikille huonekasveille. Antaa huonekasveille\" \/>\n<meta property=\"og:url\" content=\"https:\/\/rodoaed.ee\/fi\/tuote\/kasvilamppu-led-20w-meine-orangerie-sitrushedelmien-talvehtimisvalaisin-uutuus-esittelyhinta\/\" \/>\n<meta property=\"og:site_name\" content=\"Rodoaed\" \/>\n<meta property=\"article:publisher\" content=\"https:\/\/www.facebook.com\/kasvuhooned\/\" \/>\n<meta property=\"article:modified_time\" content=\"2026-04-17T07:18:12+00:00\" \/>\n<meta property=\"og:image\" content=\"https:\/\/rodoaed.ee\/wp-content\/uploads\/2024\/11\/Tsitruseliste-taimelamp_20W_1.jpg\" \/>\n\t<meta property=\"og:image:width\" content=\"1500\" \/>\n\t<meta property=\"og:image:height\" content=\"1498\" \/>\n\t<meta property=\"og:image:type\" content=\"image\/jpeg\" \/>\n<meta name=\"twitter:card\" content=\"summary_large_image\" \/>\n<script type=\"application\/ld+json\" class=\"yoast-schema-graph\">{\"@context\":\"https:\\\/\\\/schema.org\",\"@graph\":[{\"@type\":\"WebPage\",\"@id\":\"https:\\\/\\\/rodoaed.ee\\\/fi\\\/tuote\\\/kasvilamppu-led-20w-meine-orangerie-sitrushedelmien-talvehtimisvalaisin-uutuus-esittelyhinta\\\/\",\"url\":\"https:\\\/\\\/rodoaed.ee\\\/fi\\\/tuote\\\/kasvilamppu-led-20w-meine-orangerie-sitrushedelmien-talvehtimisvalaisin-uutuus-esittelyhinta\\\/\",\"name\":\"Kasvilamppu LED 20W Meine Orangerie - Sitrushedelmien talvehtimisvalaisin- UUTUUS - esittelyhinta! - Rodoaed\",\"isPartOf\":{\"@id\":\"https:\\\/\\\/rodoaed.ee\\\/#website\"},\"primaryImageOfPage\":{\"@id\":\"https:\\\/\\\/rodoaed.ee\\\/fi\\\/tuote\\\/kasvilamppu-led-20w-meine-orangerie-sitrushedelmien-talvehtimisvalaisin-uutuus-esittelyhinta\\\/#primaryimage\"},\"image\":{\"@id\":\"https:\\\/\\\/rodoaed.ee\\\/fi\\\/tuote\\\/kasvilamppu-led-20w-meine-orangerie-sitrushedelmien-talvehtimisvalaisin-uutuus-esittelyhinta\\\/#primaryimage\"},\"thumbnailUrl\":\"https:\\\/\\\/rodoaed.ee\\\/wp-content\\\/uploads\\\/2024\\\/11\\\/Tsitruseliste-taimelamp_20W_1.jpg\",\"datePublished\":\"2024-11-27T20:49:35+00:00\",\"dateModified\":\"2026-04-17T07:18:12+00:00\",\"description\":\"Anna kasveillesi parhaat mahdolliset kasvuolosuhteet ymp\u00e4ri vuoden antamalla niille t\u00e4yden spektrin valoa my\u00f6s vuoden pimeimpin\u00e4 kuukausina.\",\"breadcrumb\":{\"@id\":\"https:\\\/\\\/rodoaed.ee\\\/fi\\\/tuote\\\/kasvilamppu-led-20w-meine-orangerie-sitrushedelmien-talvehtimisvalaisin-uutuus-esittelyhinta\\\/#breadcrumb\"},\"inLanguage\":\"fi\",\"potentialAction\":[{\"@type\":\"ReadAction\",\"target\":[\"https:\\\/\\\/rodoaed.ee\\\/fi\\\/tuote\\\/kasvilamppu-led-20w-meine-orangerie-sitrushedelmien-talvehtimisvalaisin-uutuus-esittelyhinta\\\/\"]}]},{\"@type\":\"ImageObject\",\"inLanguage\":\"fi\",\"@id\":\"https:\\\/\\\/rodoaed.ee\\\/fi\\\/tuote\\\/kasvilamppu-led-20w-meine-orangerie-sitrushedelmien-talvehtimisvalaisin-uutuus-esittelyhinta\\\/#primaryimage\",\"url\":\"https:\\\/\\\/rodoaed.ee\\\/wp-content\\\/uploads\\\/2024\\\/11\\\/Tsitruseliste-taimelamp_20W_1.jpg\",\"contentUrl\":\"https:\\\/\\\/rodoaed.ee\\\/wp-content\\\/uploads\\\/2024\\\/11\\\/Tsitruseliste-taimelamp_20W_1.jpg\",\"width\":1500,\"height\":1498},{\"@type\":\"BreadcrumbList\",\"@id\":\"https:\\\/\\\/rodoaed.ee\\\/fi\\\/tuote\\\/kasvilamppu-led-20w-meine-orangerie-sitrushedelmien-talvehtimisvalaisin-uutuus-esittelyhinta\\\/#breadcrumb\",\"itemListElement\":[{\"@type\":\"ListItem\",\"position\":1,\"name\":\"Home\",\"item\":\"https:\\\/\\\/rodoaed.ee\\\/fi\\\/\"},{\"@type\":\"ListItem\",\"position\":2,\"name\":\"Osta osoitteessa\",\"item\":\"https:\\\/\\\/rodoaed.ee\\\/osta-osoitteessa\\\/\"},{\"@type\":\"ListItem\",\"position\":3,\"name\":\"Kasvilamppu LED 20W Meine Orangerie &#8211; Sitrushedelmien talvehtimisvalaisin- UUTUUS &#8211; esittelyhinta!\"}]},{\"@type\":\"WebSite\",\"@id\":\"https:\\\/\\\/rodoaed.ee\\\/#website\",\"url\":\"https:\\\/\\\/rodoaed.ee\\\/\",\"name\":\"Rodoaed\",\"description\":\"\",\"publisher\":{\"@id\":\"https:\\\/\\\/rodoaed.ee\\\/#organization\"},\"potentialAction\":[{\"@type\":\"SearchAction\",\"target\":{\"@type\":\"EntryPoint\",\"urlTemplate\":\"https:\\\/\\\/rodoaed.ee\\\/?s={search_term_string}\"},\"query-input\":{\"@type\":\"PropertyValueSpecification\",\"valueRequired\":true,\"valueName\":\"search_term_string\"}}],\"inLanguage\":\"fi\"},{\"@type\":\"Organization\",\"@id\":\"https:\\\/\\\/rodoaed.ee\\\/#organization\",\"name\":\"Rodoaed\",\"url\":\"https:\\\/\\\/rodoaed.ee\\\/\",\"logo\":{\"@type\":\"ImageObject\",\"inLanguage\":\"fi\",\"@id\":\"https:\\\/\\\/rodoaed.ee\\\/#\\\/schema\\\/logo\\\/image\\\/\",\"url\":\"https:\\\/\\\/rodoaed.ee\\\/wp-content\\\/uploads\\\/2019\\\/11\\\/rodoaed-logo-ilma-taustata.jpg\",\"contentUrl\":\"https:\\\/\\\/rodoaed.ee\\\/wp-content\\\/uploads\\\/2019\\\/11\\\/rodoaed-logo-ilma-taustata.jpg\",\"width\":769,\"height\":268,\"caption\":\"Rodoaed\"},\"image\":{\"@id\":\"https:\\\/\\\/rodoaed.ee\\\/#\\\/schema\\\/logo\\\/image\\\/\"},\"sameAs\":[\"https:\\\/\\\/www.facebook.com\\\/kasvuhooned\\\/\",\"https:\\\/\\\/rodoaed.ee\"]}]}<\/script>\n<!-- \/ Yoast SEO Premium plugin. -->","yoast_head_json":{"title":"Kasvilamppu LED 20W Meine Orangerie - Sitrushedelmien talvehtimisvalaisin- UUTUUS - esittelyhinta! - Rodoaed","description":"Anna kasveillesi parhaat mahdolliset kasvuolosuhteet ymp\u00e4ri vuoden antamalla niille t\u00e4yden spektrin valoa my\u00f6s vuoden pimeimpin\u00e4 kuukausina.","robots":{"index":"index","follow":"follow","max-snippet":"max-snippet:-1","max-image-preview":"max-image-preview:large","max-video-preview":"max-video-preview:-1"},"canonical":"https:\/\/rodoaed.ee\/fi\/tuote\/kasvilamppu-led-20w-meine-orangerie-sitrushedelmien-talvehtimisvalaisin-uutuus-esittelyhinta\/","og_locale":"fi_FI","og_type":"article","og_title":"Kasvilamppu LED 20W Meine Orangerie - Sitrushedelmien talvehtimisvalaisin- UUTUUS - esittelyhinta!","og_description":"T\u00e4yden spektrin kasvilamppu. Suunniteltu erityisesti sitrushedelmien talvehtimiseen, mutta sopii tietysti kaikille huonekasveille. Antaa huonekasveille","og_url":"https:\/\/rodoaed.ee\/fi\/tuote\/kasvilamppu-led-20w-meine-orangerie-sitrushedelmien-talvehtimisvalaisin-uutuus-esittelyhinta\/","og_site_name":"Rodoaed","article_publisher":"https:\/\/www.facebook.com\/kasvuhooned\/","article_modified_time":"2026-04-17T07:18:12+00:00","og_image":[{"width":1500,"height":1498,"url":"https:\/\/rodoaed.ee\/wp-content\/uploads\/2024\/11\/Tsitruseliste-taimelamp_20W_1.jpg","type":"image\/jpeg"}],"twitter_card":"summary_large_image","schema":{"@context":"https:\/\/schema.org","@graph":[{"@type":"WebPage","@id":"https:\/\/rodoaed.ee\/fi\/tuote\/kasvilamppu-led-20w-meine-orangerie-sitrushedelmien-talvehtimisvalaisin-uutuus-esittelyhinta\/","url":"https:\/\/rodoaed.ee\/fi\/tuote\/kasvilamppu-led-20w-meine-orangerie-sitrushedelmien-talvehtimisvalaisin-uutuus-esittelyhinta\/","name":"Kasvilamppu LED 20W Meine Orangerie - Sitrushedelmien talvehtimisvalaisin- UUTUUS - esittelyhinta! - Rodoaed","isPartOf":{"@id":"https:\/\/rodoaed.ee\/#website"},"primaryImageOfPage":{"@id":"https:\/\/rodoaed.ee\/fi\/tuote\/kasvilamppu-led-20w-meine-orangerie-sitrushedelmien-talvehtimisvalaisin-uutuus-esittelyhinta\/#primaryimage"},"image":{"@id":"https:\/\/rodoaed.ee\/fi\/tuote\/kasvilamppu-led-20w-meine-orangerie-sitrushedelmien-talvehtimisvalaisin-uutuus-esittelyhinta\/#primaryimage"},"thumbnailUrl":"https:\/\/rodoaed.ee\/wp-content\/uploads\/2024\/11\/Tsitruseliste-taimelamp_20W_1.jpg","datePublished":"2024-11-27T20:49:35+00:00","dateModified":"2026-04-17T07:18:12+00:00","description":"Anna kasveillesi parhaat mahdolliset kasvuolosuhteet ymp\u00e4ri vuoden antamalla niille t\u00e4yden spektrin valoa my\u00f6s vuoden pimeimpin\u00e4 kuukausina.","breadcrumb":{"@id":"https:\/\/rodoaed.ee\/fi\/tuote\/kasvilamppu-led-20w-meine-orangerie-sitrushedelmien-talvehtimisvalaisin-uutuus-esittelyhinta\/#breadcrumb"},"inLanguage":"fi","potentialAction":[{"@type":"ReadAction","target":["https:\/\/rodoaed.ee\/fi\/tuote\/kasvilamppu-led-20w-meine-orangerie-sitrushedelmien-talvehtimisvalaisin-uutuus-esittelyhinta\/"]}]},{"@type":"ImageObject","inLanguage":"fi","@id":"https:\/\/rodoaed.ee\/fi\/tuote\/kasvilamppu-led-20w-meine-orangerie-sitrushedelmien-talvehtimisvalaisin-uutuus-esittelyhinta\/#primaryimage","url":"https:\/\/rodoaed.ee\/wp-content\/uploads\/2024\/11\/Tsitruseliste-taimelamp_20W_1.jpg","contentUrl":"https:\/\/rodoaed.ee\/wp-content\/uploads\/2024\/11\/Tsitruseliste-taimelamp_20W_1.jpg","width":1500,"height":1498},{"@type":"BreadcrumbList","@id":"https:\/\/rodoaed.ee\/fi\/tuote\/kasvilamppu-led-20w-meine-orangerie-sitrushedelmien-talvehtimisvalaisin-uutuus-esittelyhinta\/#breadcrumb","itemListElement":[{"@type":"ListItem","position":1,"name":"Home","item":"https:\/\/rodoaed.ee\/fi\/"},{"@type":"ListItem","position":2,"name":"Osta osoitteessa","item":"https:\/\/rodoaed.ee\/osta-osoitteessa\/"},{"@type":"ListItem","position":3,"name":"Kasvilamppu LED 20W Meine Orangerie &#8211; Sitrushedelmien talvehtimisvalaisin- UUTUUS &#8211; esittelyhinta!"}]},{"@type":"WebSite","@id":"https:\/\/rodoaed.ee\/#website","url":"https:\/\/rodoaed.ee\/","name":"Rodoaed","description":"","publisher":{"@id":"https:\/\/rodoaed.ee\/#organization"},"potentialAction":[{"@type":"SearchAction","target":{"@type":"EntryPoint","urlTemplate":"https:\/\/rodoaed.ee\/?s={search_term_string}"},"query-input":{"@type":"PropertyValueSpecification","valueRequired":true,"valueName":"search_term_string"}}],"inLanguage":"fi"},{"@type":"Organization","@id":"https:\/\/rodoaed.ee\/#organization","name":"Rodoaed","url":"https:\/\/rodoaed.ee\/","logo":{"@type":"ImageObject","inLanguage":"fi","@id":"https:\/\/rodoaed.ee\/#\/schema\/logo\/image\/","url":"https:\/\/rodoaed.ee\/wp-content\/uploads\/2019\/11\/rodoaed-logo-ilma-taustata.jpg","contentUrl":"https:\/\/rodoaed.ee\/wp-content\/uploads\/2019\/11\/rodoaed-logo-ilma-taustata.jpg","width":769,"height":268,"caption":"Rodoaed"},"image":{"@id":"https:\/\/rodoaed.ee\/#\/schema\/logo\/image\/"},"sameAs":["https:\/\/www.facebook.com\/kasvuhooned\/","https:\/\/rodoaed.ee"]}]}},"_links":{"self":[{"href":"https:\/\/rodoaed.ee\/fi\/wp-json\/wp\/v2\/product\/53066","targetHints":{"allow":["GET"]}}],"collection":[{"href":"https:\/\/rodoaed.ee\/fi\/wp-json\/wp\/v2\/product"}],"about":[{"href":"https:\/\/rodoaed.ee\/fi\/wp-json\/wp\/v2\/types\/product"}],"wp:featuredmedia":[{"embeddable":true,"href":"https:\/\/rodoaed.ee\/fi\/wp-json\/wp\/v2\/media\/49290"}],"wp:attachment":[{"href":"https:\/\/rodoaed.ee\/fi\/wp-json\/wp\/v2\/media?parent=53066"}],"wp:term":[{"taxonomy":"product_brand","embeddable":true,"href":"https:\/\/rodoaed.ee\/fi\/wp-json\/wp\/v2\/product_brand?post=53066"},{"taxonomy":"product_cat","embeddable":true,"href":"https:\/\/rodoaed.ee\/fi\/wp-json\/wp\/v2\/product_cat?post=53066"},{"taxonomy":"product_tag","embeddable":true,"href":"https:\/\/rodoaed.ee\/fi\/wp-json\/wp\/v2\/product_tag?post=53066"}],"curies":[{"name":"wp","href":"https:\/\/api.w.org\/{rel}","templated":true}]}}